{"id":2849,"date":"2018-03-14T15:19:36","date_gmt":"2018-03-14T14:19:36","guid":{"rendered":"http:\/\/www.etto.cz\/heizpatronen\/"},"modified":"2024-09-30T07:50:56","modified_gmt":"2024-09-30T06:50:56","slug":"heizpatronen","status":"publish","type":"page","link":"https:\/\/www.etto.cz\/de\/produkte\/heizpatronen\/","title":{"rendered":"Heizpatronen"},"content":{"rendered":"<p style=\"text-align: justify;\">Elektrische Heizpatronen werden je nach Konstruktion in drei Grundkategorien geteilt.<\/span><\/p>\n<ul>\n<li>\u00a0Hochleistungspatronen \u00a0 \u00a0<\/span><\/li>\n<li>\u00a0Mittelleistungspatronen<\/span><\/li>\n<li>\u00a0Niederleistungspatronen \u00a0 \u00a0\u00a0<\/span><\/li>\n<\/ul>\n<div class=\"sub-menu\">            <a href=\"https:\/\/www.etto.cz\/de\/produkte\/heizpatronen\/hochbelastete-heizpatronen\/\" class=\"subitem\">\n                <span class=\"img\">\n                    <img decoding=\"async\" src=\"https:\/\/www.etto.cz\/wp-content\/uploads\/2016\/12\/vysocezatizena_patr-153x153.jpg\" alt=\"Hochleistungspatronen\" loading=\"lazy\" \/>\n                    <span><em>Hochleistungspatronen<\/em><\/span>\n                <\/span>\n                <strong>Hochleistungspatronen<\/strong>\n            <\/a>\n                        <a href=\"https:\/\/www.etto.cz\/de\/produkte\/heizpatronen\/hochbelastete-heizpatronen-mit-thermoelement\/\" class=\"subitem\">\n                <span class=\"img\">\n                    <img decoding=\"async\" src=\"https:\/\/www.etto.cz\/wp-content\/uploads\/2015\/05\/vysokozatizene-patrony-s-termoclankem-125x153.jpg\" alt=\"Hochleistungspatronen mit Thermoelement und PT100\" loading=\"lazy\" \/>\n                    <span><em>Hochleistungspatronen mit Thermoelement und PT100<\/em><\/span>\n                <\/span>\n                <strong>Hochleistungspatronen mit Thermoelement und PT100<\/strong>\n            <\/a>\n                        <a href=\"https:\/\/www.etto.cz\/de\/produkte\/heizpatronen\/mittelbelastete-heizpatronen\/\" class=\"subitem\">\n                <span class=\"img\">\n                    <img decoding=\"async\" src=\"https:\/\/www.etto.cz\/wp-content\/uploads\/2016\/12\/strednezatizena_patr-153x153.jpg\" alt=\"Mittelleistungspatronen\" loading=\"lazy\" \/>\n                    <span><em>Mittelleistungspatronen<\/em><\/span>\n                <\/span>\n                <strong>Mittelleistungspatronen<\/strong>\n            <\/a>\n                        <a href=\"https:\/\/www.etto.cz\/de\/produkte\/heizpatronen\/niedrigbelastete-heizpatronen\/\" class=\"subitem\">\n                <span class=\"img\">\n                    <img decoding=\"async\" src=\"https:\/\/www.etto.cz\/wp-content\/uploads\/2016\/12\/strednezatizena_patr-153x153.jpg\" alt=\"Niederleistungspatronen\" loading=\"lazy\" \/>\n                    <span><em>Niederleistungspatronen<\/em><\/span>\n                <\/span>\n                <strong>Niederleistungspatronen<\/strong>\n            <\/a>\n                        <a href=\"https:\/\/www.etto.cz\/de\/produkte\/heizpatronen\/heizpatronen-mit-doppelisolierung-mit-niedrigen-fehlerstromen\/\" class=\"subitem\">\n                <span class=\"img\">\n                    <img decoding=\"async\" src=\"https:\/\/www.etto.cz\/wp-content\/uploads\/2016\/12\/vysocezatizena_patr-153x153.jpg\" alt=\"Heizpatronen mit Doppelisolierung (mit niedrigen Fehlerstr\u00f6men)\" loading=\"lazy\" \/>\n                    <span><em>Heizpatronen mit Doppelisolierung (mit niedrigen Fehlerstr\u00f6men)<\/em><\/span>\n                <\/span>\n                <strong>Heizpatronen mit Doppelisolierung (mit niedrigen Fehlerstr\u00f6men)<\/strong>\n            <\/a>\n                        <a href=\"https:\/\/www.etto.cz\/de\/produkte\/heizpatronen\/heizpatronen-mit-spezifizierten-heizzonen\/\" class=\"subitem\">\n                <span class=\"img\">\n                    <img decoding=\"async\" src=\"https:\/\/www.etto.cz\/wp-content\/uploads\/2016\/12\/patrona_zony-153x147.jpg\" alt=\"Heizpatronen mit Leistungsverteilung\" loading=\"lazy\" \/>\n                    <span><em>Heizpatronen mit Leistungsverteilung<\/em><\/span>\n                <\/span>\n                <strong>Heizpatronen mit Leistungsverteilung<\/strong>\n            <\/a>\n            <\/div>\n","protected":false},"excerpt":{"rendered":"<p>Elektrische Heizpatronen werden je nach Konstruktion in drei Grundkategorien geteilt. \u00a0Hochleistungspatronen \u00a0 \u00a0 \u00a0Mittelleistungspatronen \u00a0Niederleistungspatronen \u00a0 \u00a0\u00a0<\/p>\n","protected":false},"author":1,"featured_media":2254,"parent":2883,"menu_order":0,"comment_status":"open","ping_status":"closed","template":"_page-menu.php","meta":{"_acf_changed":false,"ngg_post_thumbnail":0,"footnotes":"","_links_to":"","_links_to_target":""},"class_list":["post-2849","page","type-page","status-publish","has-post-thumbnail","hentry"],"acf":[],"yoast_head":"<!-- This site is optimized with the Yoast SEO plugin v27.3 - https:\/\/yoast.com\/product\/yoast-seo-wordpress\/ -->\n<title>Heizpatronen - Individuelle Fertigung | ELEKTRON-ETTO<\/title>\n<meta name=\"description\" content=\"Hochwertige Heizpatronen nach Ma\u00df vom europ\u00e4ischen Hersteller. Standard- und Sonderma\u00dfe, verschiedene Leistungen und Spannungen von ELEKTRON-ETTO.\" \/>\n<meta name=\"robots\" content=\"index, follow, max-snippet:-1, max-image-preview:large, max-video-preview:-1\" \/>\n<link rel=\"canonical\" href=\"https:\/\/www.etto.cz\/de\/produkte\/heizpatronen\/heizpatronen-mit-spezifizierten-heizzonen\/\" \/>\n<meta property=\"og:locale\" content=\"de_DE\" \/>\n<meta property=\"og:type\" content=\"article\" \/>\n<meta property=\"og:title\" content=\"Heizpatronen - Individuelle Fertigung | ELEKTRON-ETTO\" \/>\n<meta property=\"og:description\" content=\"Hochwertige Heizpatronen nach Ma\u00df vom europ\u00e4ischen Hersteller. Standard- und Sonderma\u00dfe, verschiedene Leistungen und Spannungen von ELEKTRON-ETTO.\" \/>\n<meta property=\"og:url\" content=\"https:\/\/www.etto.cz\/de\/produkte\/heizpatronen\/heizpatronen-mit-spezifizierten-heizzonen\/\" \/>\n<meta property=\"og:site_name\" content=\"ETTO\" \/>\n<meta property=\"article:modified_time\" content=\"2024-09-30T06:50:56+00:00\" \/>\n<meta property=\"og:image\" content=\"https:\/\/www.etto.cz\/wp-content\/uploads\/2015\/05\/topne-patrony.jpg\" \/>\n\t<meta property=\"og:image:width\" content=\"400\" \/>\n\t<meta property=\"og:image:height\" content=\"400\" \/>\n\t<meta property=\"og:image:type\" content=\"image\/jpeg\" \/>\n<meta name=\"twitter:card\" content=\"summary_large_image\" \/>\n<meta name=\"twitter:label1\" content=\"Gesch\u00e4tzte Lesezeit\" \/>\n\t<meta name=\"twitter:data1\" content=\"1\u00a0Minute\" \/>\n<script type=\"application\/ld+json\" class=\"yoast-schema-graph\">{\"@context\":\"https:\\\/\\\/schema.org\",\"@graph\":[{\"@type\":\"WebPage\",\"@id\":\"https:\\\/\\\/www.etto.cz\\\/elektricka-topna-telesa\\\/topne-patrony\\\/\",\"url\":\"https:\\\/\\\/www.etto.cz\\\/elektricka-topna-telesa\\\/topne-patrony\\\/\",\"name\":\"Heizpatronen - Individuelle Fertigung | ELEKTRON-ETTO\",\"isPartOf\":{\"@id\":\"https:\\\/\\\/www.etto.cz\\\/#website\"},\"primaryImageOfPage\":{\"@id\":\"https:\\\/\\\/www.etto.cz\\\/elektricka-topna-telesa\\\/topne-patrony\\\/#primaryimage\"},\"image\":{\"@id\":\"https:\\\/\\\/www.etto.cz\\\/elektricka-topna-telesa\\\/topne-patrony\\\/#primaryimage\"},\"thumbnailUrl\":\"https:\\\/\\\/www.etto.cz\\\/wp-content\\\/uploads\\\/2015\\\/05\\\/topne-patrony.jpg\",\"datePublished\":\"2018-03-14T14:19:36+00:00\",\"dateModified\":\"2024-09-30T06:50:56+00:00\",\"description\":\"Hochwertige Heizpatronen nach Ma\u00df vom europ\u00e4ischen Hersteller. Standard- und Sonderma\u00dfe, verschiedene Leistungen und Spannungen von ELEKTRON-ETTO.\",\"breadcrumb\":{\"@id\":\"https:\\\/\\\/www.etto.cz\\\/elektricka-topna-telesa\\\/topne-patrony\\\/#breadcrumb\"},\"inLanguage\":\"de\",\"potentialAction\":[{\"@type\":\"ReadAction\",\"target\":[\"https:\\\/\\\/www.etto.cz\\\/elektricka-topna-telesa\\\/topne-patrony\\\/\"]}]},{\"@type\":\"ImageObject\",\"inLanguage\":\"de\",\"@id\":\"https:\\\/\\\/www.etto.cz\\\/elektricka-topna-telesa\\\/topne-patrony\\\/#primaryimage\",\"url\":\"https:\\\/\\\/www.etto.cz\\\/wp-content\\\/uploads\\\/2015\\\/05\\\/topne-patrony.jpg\",\"contentUrl\":\"https:\\\/\\\/www.etto.cz\\\/wp-content\\\/uploads\\\/2015\\\/05\\\/topne-patrony.jpg\",\"width\":400,\"height\":400},{\"@type\":\"BreadcrumbList\",\"@id\":\"https:\\\/\\\/www.etto.cz\\\/elektricka-topna-telesa\\\/topne-patrony\\\/#breadcrumb\",\"itemListElement\":[{\"@type\":\"ListItem\",\"position\":1,\"name\":\"Dom\u016f\",\"item\":\"https:\\\/\\\/www.etto.cz\\\/\"},{\"@type\":\"ListItem\",\"position\":2,\"name\":\"Produkte\",\"item\":\"https:\\\/\\\/www.etto.cz\\\/elektricka-topna-telesa\\\/\"},{\"@type\":\"ListItem\",\"position\":3,\"name\":\"Heizpatronen\"}]},{\"@type\":\"WebSite\",\"@id\":\"https:\\\/\\\/www.etto.cz\\\/#website\",\"url\":\"https:\\\/\\\/www.etto.cz\\\/\",\"name\":\"ETTO\",\"description\":\"V\u00fdroba elektrick\u00fdch topn\u00fdch t\u011bles\",\"potentialAction\":[{\"@type\":\"SearchAction\",\"target\":{\"@type\":\"EntryPoint\",\"urlTemplate\":\"https:\\\/\\\/www.etto.cz\\\/?s={search_term_string}\"},\"query-input\":{\"@type\":\"PropertyValueSpecification\",\"valueRequired\":true,\"valueName\":\"search_term_string\"}}],\"inLanguage\":\"de\"}]}<\/script>\n<!-- \/ Yoast SEO plugin. -->","yoast_head_json":{"title":"Heizpatronen - Individuelle Fertigung | ELEKTRON-ETTO","description":"Hochwertige Heizpatronen nach Ma\u00df vom europ\u00e4ischen Hersteller. Standard- und Sonderma\u00dfe, verschiedene Leistungen und Spannungen von ELEKTRON-ETTO.","robots":{"index":"index","follow":"follow","max-snippet":"max-snippet:-1","max-image-preview":"max-image-preview:large","max-video-preview":"max-video-preview:-1"},"canonical":"https:\/\/www.etto.cz\/de\/produkte\/heizpatronen\/heizpatronen-mit-spezifizierten-heizzonen\/","og_locale":"de_DE","og_type":"article","og_title":"Heizpatronen - Individuelle Fertigung | ELEKTRON-ETTO","og_description":"Hochwertige Heizpatronen nach Ma\u00df vom europ\u00e4ischen Hersteller. Standard- und Sonderma\u00dfe, verschiedene Leistungen und Spannungen von ELEKTRON-ETTO.","og_url":"https:\/\/www.etto.cz\/de\/produkte\/heizpatronen\/heizpatronen-mit-spezifizierten-heizzonen\/","og_site_name":"ETTO","article_modified_time":"2024-09-30T06:50:56+00:00","og_image":[{"width":400,"height":400,"url":"https:\/\/www.etto.cz\/wp-content\/uploads\/2015\/05\/topne-patrony.jpg","type":"image\/jpeg"}],"twitter_card":"summary_large_image","twitter_misc":{"Gesch\u00e4tzte Lesezeit":"1\u00a0Minute"},"schema":{"@context":"https:\/\/schema.org","@graph":[{"@type":"WebPage","@id":"https:\/\/www.etto.cz\/elektricka-topna-telesa\/topne-patrony\/","url":"https:\/\/www.etto.cz\/elektricka-topna-telesa\/topne-patrony\/","name":"Heizpatronen - Individuelle Fertigung | ELEKTRON-ETTO","isPartOf":{"@id":"https:\/\/www.etto.cz\/#website"},"primaryImageOfPage":{"@id":"https:\/\/www.etto.cz\/elektricka-topna-telesa\/topne-patrony\/#primaryimage"},"image":{"@id":"https:\/\/www.etto.cz\/elektricka-topna-telesa\/topne-patrony\/#primaryimage"},"thumbnailUrl":"https:\/\/www.etto.cz\/wp-content\/uploads\/2015\/05\/topne-patrony.jpg","datePublished":"2018-03-14T14:19:36+00:00","dateModified":"2024-09-30T06:50:56+00:00","description":"Hochwertige Heizpatronen nach Ma\u00df vom europ\u00e4ischen Hersteller. Standard- und Sonderma\u00dfe, verschiedene Leistungen und Spannungen von ELEKTRON-ETTO.","breadcrumb":{"@id":"https:\/\/www.etto.cz\/elektricka-topna-telesa\/topne-patrony\/#breadcrumb"},"inLanguage":"de","potentialAction":[{"@type":"ReadAction","target":["https:\/\/www.etto.cz\/elektricka-topna-telesa\/topne-patrony\/"]}]},{"@type":"ImageObject","inLanguage":"de","@id":"https:\/\/www.etto.cz\/elektricka-topna-telesa\/topne-patrony\/#primaryimage","url":"https:\/\/www.etto.cz\/wp-content\/uploads\/2015\/05\/topne-patrony.jpg","contentUrl":"https:\/\/www.etto.cz\/wp-content\/uploads\/2015\/05\/topne-patrony.jpg","width":400,"height":400},{"@type":"BreadcrumbList","@id":"https:\/\/www.etto.cz\/elektricka-topna-telesa\/topne-patrony\/#breadcrumb","itemListElement":[{"@type":"ListItem","position":1,"name":"Dom\u016f","item":"https:\/\/www.etto.cz\/"},{"@type":"ListItem","position":2,"name":"Produkte","item":"https:\/\/www.etto.cz\/elektricka-topna-telesa\/"},{"@type":"ListItem","position":3,"name":"Heizpatronen"}]},{"@type":"WebSite","@id":"https:\/\/www.etto.cz\/#website","url":"https:\/\/www.etto.cz\/","name":"ETTO","description":"V\u00fdroba elektrick\u00fdch topn\u00fdch t\u011bles","potentialAction":[{"@type":"SearchAction","target":{"@type":"EntryPoint","urlTemplate":"https:\/\/www.etto.cz\/?s={search_term_string}"},"query-input":{"@type":"PropertyValueSpecification","valueRequired":true,"valueName":"search_term_string"}}],"inLanguage":"de"}]}},"_links":{"self":[{"href":"https:\/\/www.etto.cz\/de\/wp-json\/wp\/v2\/pages\/2849","targetHints":{"allow":["GET"]}}],"collection":[{"href":"https:\/\/www.etto.cz\/de\/wp-json\/wp\/v2\/pages"}],"about":[{"href":"https:\/\/www.etto.cz\/de\/wp-json\/wp\/v2\/types\/page"}],"author":[{"embeddable":true,"href":"https:\/\/www.etto.cz\/de\/wp-json\/wp\/v2\/users\/1"}],"replies":[{"embeddable":true,"href":"https:\/\/www.etto.cz\/de\/wp-json\/wp\/v2\/comments?post=2849"}],"version-history":[{"count":2,"href":"https:\/\/www.etto.cz\/de\/wp-json\/wp\/v2\/pages\/2849\/revisions"}],"predecessor-version":[{"id":5275,"href":"https:\/\/www.etto.cz\/de\/wp-json\/wp\/v2\/pages\/2849\/revisions\/5275"}],"up":[{"embeddable":true,"href":"https:\/\/www.etto.cz\/de\/wp-json\/wp\/v2\/pages\/2883"}],"wp:featuredmedia":[{"embeddable":true,"href":"https:\/\/www.etto.cz\/de\/wp-json\/wp\/v2\/media\/2254"}],"wp:attachment":[{"href":"https:\/\/www.etto.cz\/de\/wp-json\/wp\/v2\/media?parent=2849"}],"curies":[{"name":"wp","href":"https:\/\/api.w.org\/{rel}","templated":true}]}}