{"id":2851,"date":"2018-03-14T15:20:05","date_gmt":"2018-03-14T14:20:05","guid":{"rendered":"http:\/\/www.etto.cz\/heizpatronen\/mittelbelastete-heizpatronen\/"},"modified":"2024-11-25T08:16:29","modified_gmt":"2024-11-25T07:16:29","slug":"mittelbelastete-heizpatronen","status":"publish","type":"page","link":"https:\/\/www.etto.cz\/de\/produkte\/heizpatronen\/mittelbelastete-heizpatronen\/","title":{"rendered":"Mittelleistungspatronen"},"content":{"rendered":"<p style=\"text-align: justify;\">Die Konstruktionsl\u00f6sung von Mittelleistungspatronen bestimmt die Nutzung dieser Heizpatronen unter weniger extremen Bedingungen im Vergleich zu Hochleistungspatronen voraus. Die maximale empfohlene Belastung betr\u00e4gt 12 W\/cm2.<\/p>\n<p style=\"text-align: justify;\">Der Vorteil gegen\u00fcber Hochleistungspatronen liegt in der M\u00f6glichkeit Heizpatronen mit gr\u00f6\u00dferen Abmessungen und h\u00f6heren Ampere-Werten herzustellen. Weitere Informationen gegen Anforderung.<\/p>\n<p>Die empfohlene maximale Betriebstemperatur an der Oberfl\u00e4che der Mittelleistungspatrone betr\u00e4gt 650\u00b0C.<\/p>\n","protected":false},"excerpt":{"rendered":"<p>Die Konstruktionsl\u00f6sung von Mittelleistungspatronen bestimmt die Nutzung dieser Heizpatronen unter weniger extremen Bedingungen im Vergleich zu Hochleistungspatronen voraus. Die maximale empfohlene Belastung betr\u00e4gt 12 W\/cm2. &#8230;<\/p>\n","protected":false},"author":1,"featured_media":2635,"parent":2849,"menu_order":0,"comment_status":"open","ping_status":"open","template":"_page-menu.php","meta":{"_acf_changed":false,"ngg_post_thumbnail":0,"footnotes":"","_links_to":"","_links_to_target":""},"class_list":["post-2851","page","type-page","status-publish","has-post-thumbnail","hentry"],"acf":[],"yoast_head":"<!-- This site is optimized with the Yoast SEO plugin v27.3 - https:\/\/yoast.com\/product\/yoast-seo-wordpress\/ -->\n<title>Mittelleistungspatronen | ELEKTRON-ETTO<\/title>\n<meta name=\"description\" content=\"Heizpatronen mittlerer Leistungsdichte f\u00fcr Standard-Industrieheizung. Vielseitig und wirtschaftlich vom europ\u00e4ischen Hersteller ELEKTRON-ETTO.\" \/>\n<meta name=\"robots\" content=\"index, follow, max-snippet:-1, max-image-preview:large, max-video-preview:-1\" \/>\n<link rel=\"canonical\" href=\"https:\/\/www.etto.cz\/de\/produkte\/heizpatronen\/mittelbelastete-heizpatronen\/\" \/>\n<meta property=\"og:locale\" content=\"de_DE\" \/>\n<meta property=\"og:type\" content=\"article\" \/>\n<meta property=\"og:title\" content=\"Mittelleistungspatronen | ELEKTRON-ETTO\" \/>\n<meta property=\"og:description\" content=\"Heizpatronen mittlerer Leistungsdichte f\u00fcr Standard-Industrieheizung. Vielseitig und wirtschaftlich vom europ\u00e4ischen Hersteller ELEKTRON-ETTO.\" \/>\n<meta property=\"og:url\" content=\"https:\/\/www.etto.cz\/de\/produkte\/heizpatronen\/mittelbelastete-heizpatronen\/\" \/>\n<meta property=\"og:site_name\" content=\"ETTO\" \/>\n<meta property=\"article:modified_time\" content=\"2024-11-25T07:16:29+00:00\" \/>\n<meta property=\"og:image\" content=\"https:\/\/www.etto.cz\/wp-content\/uploads\/2016\/12\/strednezatizena_patr.jpg\" \/>\n\t<meta property=\"og:image:width\" content=\"800\" \/>\n\t<meta property=\"og:image:height\" content=\"800\" \/>\n\t<meta property=\"og:image:type\" content=\"image\/jpeg\" \/>\n<meta name=\"twitter:card\" content=\"summary_large_image\" \/>\n<script type=\"application\/ld+json\" class=\"yoast-schema-graph\">{\"@context\":\"https:\\\/\\\/schema.org\",\"@graph\":[{\"@type\":\"WebPage\",\"@id\":\"https:\\\/\\\/www.etto.cz\\\/elektricka-topna-telesa\\\/topne-patrony\\\/strednezatizene-topne-patrony\\\/\",\"url\":\"https:\\\/\\\/www.etto.cz\\\/elektricka-topna-telesa\\\/topne-patrony\\\/strednezatizene-topne-patrony\\\/\",\"name\":\"Mittelleistungspatronen | ELEKTRON-ETTO\",\"isPartOf\":{\"@id\":\"https:\\\/\\\/www.etto.cz\\\/#website\"},\"primaryImageOfPage\":{\"@id\":\"https:\\\/\\\/www.etto.cz\\\/elektricka-topna-telesa\\\/topne-patrony\\\/strednezatizene-topne-patrony\\\/#primaryimage\"},\"image\":{\"@id\":\"https:\\\/\\\/www.etto.cz\\\/elektricka-topna-telesa\\\/topne-patrony\\\/strednezatizene-topne-patrony\\\/#primaryimage\"},\"thumbnailUrl\":\"https:\\\/\\\/www.etto.cz\\\/wp-content\\\/uploads\\\/2016\\\/12\\\/strednezatizena_patr.jpg\",\"datePublished\":\"2018-03-14T14:20:05+00:00\",\"dateModified\":\"2024-11-25T07:16:29+00:00\",\"description\":\"Heizpatronen mittlerer Leistungsdichte f\u00fcr Standard-Industrieheizung. Vielseitig und wirtschaftlich vom europ\u00e4ischen Hersteller ELEKTRON-ETTO.\",\"breadcrumb\":{\"@id\":\"https:\\\/\\\/www.etto.cz\\\/elektricka-topna-telesa\\\/topne-patrony\\\/strednezatizene-topne-patrony\\\/#breadcrumb\"},\"inLanguage\":\"de\",\"potentialAction\":[{\"@type\":\"ReadAction\",\"target\":[\"https:\\\/\\\/www.etto.cz\\\/elektricka-topna-telesa\\\/topne-patrony\\\/strednezatizene-topne-patrony\\\/\"]}]},{\"@type\":\"ImageObject\",\"inLanguage\":\"de\",\"@id\":\"https:\\\/\\\/www.etto.cz\\\/elektricka-topna-telesa\\\/topne-patrony\\\/strednezatizene-topne-patrony\\\/#primaryimage\",\"url\":\"https:\\\/\\\/www.etto.cz\\\/wp-content\\\/uploads\\\/2016\\\/12\\\/strednezatizena_patr.jpg\",\"contentUrl\":\"https:\\\/\\\/www.etto.cz\\\/wp-content\\\/uploads\\\/2016\\\/12\\\/strednezatizena_patr.jpg\",\"width\":800,\"height\":800},{\"@type\":\"BreadcrumbList\",\"@id\":\"https:\\\/\\\/www.etto.cz\\\/elektricka-topna-telesa\\\/topne-patrony\\\/strednezatizene-topne-patrony\\\/#breadcrumb\",\"itemListElement\":[{\"@type\":\"ListItem\",\"position\":1,\"name\":\"Dom\u016f\",\"item\":\"https:\\\/\\\/www.etto.cz\\\/\"},{\"@type\":\"ListItem\",\"position\":2,\"name\":\"Produkte\",\"item\":\"https:\\\/\\\/www.etto.cz\\\/elektricka-topna-telesa\\\/\"},{\"@type\":\"ListItem\",\"position\":3,\"name\":\"Heizpatronen\",\"item\":\"https:\\\/\\\/www.etto.cz\\\/elektricka-topna-telesa\\\/topne-patrony\\\/\"},{\"@type\":\"ListItem\",\"position\":4,\"name\":\"Mittelleistungspatronen\"}]},{\"@type\":\"WebSite\",\"@id\":\"https:\\\/\\\/www.etto.cz\\\/#website\",\"url\":\"https:\\\/\\\/www.etto.cz\\\/\",\"name\":\"ETTO\",\"description\":\"V\u00fdroba elektrick\u00fdch topn\u00fdch t\u011bles\",\"potentialAction\":[{\"@type\":\"SearchAction\",\"target\":{\"@type\":\"EntryPoint\",\"urlTemplate\":\"https:\\\/\\\/www.etto.cz\\\/?s={search_term_string}\"},\"query-input\":{\"@type\":\"PropertyValueSpecification\",\"valueRequired\":true,\"valueName\":\"search_term_string\"}}],\"inLanguage\":\"de\"}]}<\/script>\n<!-- \/ Yoast SEO plugin. -->","yoast_head_json":{"title":"Mittelleistungspatronen | ELEKTRON-ETTO","description":"Heizpatronen mittlerer Leistungsdichte f\u00fcr Standard-Industrieheizung. Vielseitig und wirtschaftlich vom europ\u00e4ischen Hersteller ELEKTRON-ETTO.","robots":{"index":"index","follow":"follow","max-snippet":"max-snippet:-1","max-image-preview":"max-image-preview:large","max-video-preview":"max-video-preview:-1"},"canonical":"https:\/\/www.etto.cz\/de\/produkte\/heizpatronen\/mittelbelastete-heizpatronen\/","og_locale":"de_DE","og_type":"article","og_title":"Mittelleistungspatronen | ELEKTRON-ETTO","og_description":"Heizpatronen mittlerer Leistungsdichte f\u00fcr Standard-Industrieheizung. Vielseitig und wirtschaftlich vom europ\u00e4ischen Hersteller ELEKTRON-ETTO.","og_url":"https:\/\/www.etto.cz\/de\/produkte\/heizpatronen\/mittelbelastete-heizpatronen\/","og_site_name":"ETTO","article_modified_time":"2024-11-25T07:16:29+00:00","og_image":[{"width":800,"height":800,"url":"https:\/\/www.etto.cz\/wp-content\/uploads\/2016\/12\/strednezatizena_patr.jpg","type":"image\/jpeg"}],"twitter_card":"summary_large_image","schema":{"@context":"https:\/\/schema.org","@graph":[{"@type":"WebPage","@id":"https:\/\/www.etto.cz\/elektricka-topna-telesa\/topne-patrony\/strednezatizene-topne-patrony\/","url":"https:\/\/www.etto.cz\/elektricka-topna-telesa\/topne-patrony\/strednezatizene-topne-patrony\/","name":"Mittelleistungspatronen | ELEKTRON-ETTO","isPartOf":{"@id":"https:\/\/www.etto.cz\/#website"},"primaryImageOfPage":{"@id":"https:\/\/www.etto.cz\/elektricka-topna-telesa\/topne-patrony\/strednezatizene-topne-patrony\/#primaryimage"},"image":{"@id":"https:\/\/www.etto.cz\/elektricka-topna-telesa\/topne-patrony\/strednezatizene-topne-patrony\/#primaryimage"},"thumbnailUrl":"https:\/\/www.etto.cz\/wp-content\/uploads\/2016\/12\/strednezatizena_patr.jpg","datePublished":"2018-03-14T14:20:05+00:00","dateModified":"2024-11-25T07:16:29+00:00","description":"Heizpatronen mittlerer Leistungsdichte f\u00fcr Standard-Industrieheizung. Vielseitig und wirtschaftlich vom europ\u00e4ischen Hersteller ELEKTRON-ETTO.","breadcrumb":{"@id":"https:\/\/www.etto.cz\/elektricka-topna-telesa\/topne-patrony\/strednezatizene-topne-patrony\/#breadcrumb"},"inLanguage":"de","potentialAction":[{"@type":"ReadAction","target":["https:\/\/www.etto.cz\/elektricka-topna-telesa\/topne-patrony\/strednezatizene-topne-patrony\/"]}]},{"@type":"ImageObject","inLanguage":"de","@id":"https:\/\/www.etto.cz\/elektricka-topna-telesa\/topne-patrony\/strednezatizene-topne-patrony\/#primaryimage","url":"https:\/\/www.etto.cz\/wp-content\/uploads\/2016\/12\/strednezatizena_patr.jpg","contentUrl":"https:\/\/www.etto.cz\/wp-content\/uploads\/2016\/12\/strednezatizena_patr.jpg","width":800,"height":800},{"@type":"BreadcrumbList","@id":"https:\/\/www.etto.cz\/elektricka-topna-telesa\/topne-patrony\/strednezatizene-topne-patrony\/#breadcrumb","itemListElement":[{"@type":"ListItem","position":1,"name":"Dom\u016f","item":"https:\/\/www.etto.cz\/"},{"@type":"ListItem","position":2,"name":"Produkte","item":"https:\/\/www.etto.cz\/elektricka-topna-telesa\/"},{"@type":"ListItem","position":3,"name":"Heizpatronen","item":"https:\/\/www.etto.cz\/elektricka-topna-telesa\/topne-patrony\/"},{"@type":"ListItem","position":4,"name":"Mittelleistungspatronen"}]},{"@type":"WebSite","@id":"https:\/\/www.etto.cz\/#website","url":"https:\/\/www.etto.cz\/","name":"ETTO","description":"V\u00fdroba elektrick\u00fdch topn\u00fdch t\u011bles","potentialAction":[{"@type":"SearchAction","target":{"@type":"EntryPoint","urlTemplate":"https:\/\/www.etto.cz\/?s={search_term_string}"},"query-input":{"@type":"PropertyValueSpecification","valueRequired":true,"valueName":"search_term_string"}}],"inLanguage":"de"}]}},"_links":{"self":[{"href":"https:\/\/www.etto.cz\/de\/wp-json\/wp\/v2\/pages\/2851","targetHints":{"allow":["GET"]}}],"collection":[{"href":"https:\/\/www.etto.cz\/de\/wp-json\/wp\/v2\/pages"}],"about":[{"href":"https:\/\/www.etto.cz\/de\/wp-json\/wp\/v2\/types\/page"}],"author":[{"embeddable":true,"href":"https:\/\/www.etto.cz\/de\/wp-json\/wp\/v2\/users\/1"}],"replies":[{"embeddable":true,"href":"https:\/\/www.etto.cz\/de\/wp-json\/wp\/v2\/comments?post=2851"}],"version-history":[{"count":3,"href":"https:\/\/www.etto.cz\/de\/wp-json\/wp\/v2\/pages\/2851\/revisions"}],"predecessor-version":[{"id":5308,"href":"https:\/\/www.etto.cz\/de\/wp-json\/wp\/v2\/pages\/2851\/revisions\/5308"}],"up":[{"embeddable":true,"href":"https:\/\/www.etto.cz\/de\/wp-json\/wp\/v2\/pages\/2849"}],"wp:featuredmedia":[{"embeddable":true,"href":"https:\/\/www.etto.cz\/de\/wp-json\/wp\/v2\/media\/2635"}],"wp:attachment":[{"href":"https:\/\/www.etto.cz\/de\/wp-json\/wp\/v2\/media?parent=2851"}],"curies":[{"name":"wp","href":"https:\/\/api.w.org\/{rel}","templated":true}]}}