{"id":2853,"date":"2018-03-14T15:20:45","date_gmt":"2018-03-14T14:20:45","guid":{"rendered":"http:\/\/www.etto.cz\/heizpatronen\/heizpatronen-mit-spezifizierten-heizzonen\/"},"modified":"2025-02-04T13:23:02","modified_gmt":"2025-02-04T12:23:02","slug":"heizpatronen-mit-spezifizierten-heizzonen","status":"publish","type":"page","link":"https:\/\/www.etto.cz\/de\/produkte\/heizpatronen\/heizpatronen-mit-spezifizierten-heizzonen\/","title":{"rendered":"Heizpatronen mit Leistungsverteilung"},"content":{"rendered":"<p style=\"text-align: justify;\">Es handelt sich um Heizpatronen mit einer unterschiedlichen Oberfl\u00e4chenbelastung (W\/cm2) in definierten Heizpatronenteilen. Bei Bestellung ist es n\u00f6tig, die Leistung und L\u00e4nge von Heizzonen zu spezifizieren (z.B. Heizpatronenende: 30mm + 10% Leistung).<\/p>\n<p style=\"text-align: justify;\">Eine weitere M\u00f6glichkeit sind <strong>Heizpatronen, bei welchen zwei Heizzonen individuell gesteuert werden. <\/strong>Diese Variante ist bei Heizpatronen mit Durchmesser von 16mm und 20mm m\u00f6glich. Vor der Bestellung ist eine Beratung n\u00f6tig.<\/p>\n","protected":false},"excerpt":{"rendered":"<p>Es handelt sich um Heizpatronen mit einer unterschiedlichen Oberfl\u00e4chenbelastung (W\/cm2) in definierten Heizpatronenteilen. Bei Bestellung ist es n\u00f6tig, die Leistung und L\u00e4nge von Heizzonen zu &#8230;<\/p>\n","protected":false},"author":1,"featured_media":2659,"parent":2849,"menu_order":0,"comment_status":"open","ping_status":"open","template":"_page-menu.php","meta":{"_acf_changed":false,"ngg_post_thumbnail":0,"footnotes":"","_links_to":"","_links_to_target":""},"class_list":["post-2853","page","type-page","status-publish","has-post-thumbnail","hentry"],"acf":[],"yoast_head":"<!-- This site is optimized with the Yoast SEO plugin v27.5 - https:\/\/yoast.com\/product\/yoast-seo-wordpress\/ -->\n<title>Heizpatronen mit Leistungsverteilung | ELEKTRON-ETTO<\/title>\n<meta name=\"description\" content=\"Heizpatronen mit zonierter Leistungsverteilung f\u00fcr gleichm\u00e4\u00dfige Temperaturprofile. Pr\u00e4zisionsfertigung von ELEKTRON-ETTO f\u00fcr anspruchsvolle Anwendungen.\" \/>\n<meta name=\"robots\" content=\"index, follow, max-snippet:-1, max-image-preview:large, max-video-preview:-1\" \/>\n<link rel=\"canonical\" href=\"https:\/\/www.etto.cz\/de\/produkte\/heizpatronen\/heizpatronen-mit-spezifizierten-heizzonen\/\" \/>\n<meta property=\"og:locale\" content=\"de_DE\" \/>\n<meta property=\"og:type\" content=\"article\" \/>\n<meta property=\"og:title\" content=\"Heizpatronen mit Leistungsverteilung | ELEKTRON-ETTO\" \/>\n<meta property=\"og:description\" content=\"Heizpatronen mit zonierter Leistungsverteilung f\u00fcr gleichm\u00e4\u00dfige Temperaturprofile. Pr\u00e4zisionsfertigung von ELEKTRON-ETTO f\u00fcr anspruchsvolle Anwendungen.\" \/>\n<meta property=\"og:url\" content=\"https:\/\/www.etto.cz\/de\/produkte\/heizpatronen\/heizpatronen-mit-spezifizierten-heizzonen\/\" \/>\n<meta property=\"og:site_name\" content=\"ETTO\" \/>\n<meta property=\"article:modified_time\" content=\"2025-02-04T12:23:02+00:00\" \/>\n<meta property=\"og:image\" content=\"https:\/\/www.etto.cz\/wp-content\/uploads\/2016\/12\/patrona_zony.jpg\" \/>\n\t<meta property=\"og:image:width\" content=\"783\" \/>\n\t<meta property=\"og:image:height\" content=\"753\" \/>\n\t<meta property=\"og:image:type\" content=\"image\/jpeg\" \/>\n<meta name=\"twitter:card\" content=\"summary_large_image\" \/>\n<script type=\"application\/ld+json\" class=\"yoast-schema-graph\">{\"@context\":\"https:\\\/\\\/schema.org\",\"@graph\":[{\"@type\":\"WebPage\",\"@id\":\"https:\\\/\\\/www.etto.cz\\\/elektricka-topna-telesa\\\/topne-patrony\\\/topne-patrony-se-specifikovanymi-topnymi-zonami\\\/\",\"url\":\"https:\\\/\\\/www.etto.cz\\\/elektricka-topna-telesa\\\/topne-patrony\\\/topne-patrony-se-specifikovanymi-topnymi-zonami\\\/\",\"name\":\"Heizpatronen mit Leistungsverteilung | ELEKTRON-ETTO\",\"isPartOf\":{\"@id\":\"https:\\\/\\\/www.etto.cz\\\/#website\"},\"primaryImageOfPage\":{\"@id\":\"https:\\\/\\\/www.etto.cz\\\/elektricka-topna-telesa\\\/topne-patrony\\\/topne-patrony-se-specifikovanymi-topnymi-zonami\\\/#primaryimage\"},\"image\":{\"@id\":\"https:\\\/\\\/www.etto.cz\\\/elektricka-topna-telesa\\\/topne-patrony\\\/topne-patrony-se-specifikovanymi-topnymi-zonami\\\/#primaryimage\"},\"thumbnailUrl\":\"https:\\\/\\\/www.etto.cz\\\/wp-content\\\/uploads\\\/2016\\\/12\\\/patrona_zony.jpg\",\"datePublished\":\"2018-03-14T14:20:45+00:00\",\"dateModified\":\"2025-02-04T12:23:02+00:00\",\"description\":\"Heizpatronen mit zonierter Leistungsverteilung f\u00fcr gleichm\u00e4\u00dfige Temperaturprofile. Pr\u00e4zisionsfertigung von ELEKTRON-ETTO f\u00fcr anspruchsvolle Anwendungen.\",\"breadcrumb\":{\"@id\":\"https:\\\/\\\/www.etto.cz\\\/elektricka-topna-telesa\\\/topne-patrony\\\/topne-patrony-se-specifikovanymi-topnymi-zonami\\\/#breadcrumb\"},\"inLanguage\":\"de\",\"potentialAction\":[{\"@type\":\"ReadAction\",\"target\":[\"https:\\\/\\\/www.etto.cz\\\/elektricka-topna-telesa\\\/topne-patrony\\\/topne-patrony-se-specifikovanymi-topnymi-zonami\\\/\"]}]},{\"@type\":\"ImageObject\",\"inLanguage\":\"de\",\"@id\":\"https:\\\/\\\/www.etto.cz\\\/elektricka-topna-telesa\\\/topne-patrony\\\/topne-patrony-se-specifikovanymi-topnymi-zonami\\\/#primaryimage\",\"url\":\"https:\\\/\\\/www.etto.cz\\\/wp-content\\\/uploads\\\/2016\\\/12\\\/patrona_zony.jpg\",\"contentUrl\":\"https:\\\/\\\/www.etto.cz\\\/wp-content\\\/uploads\\\/2016\\\/12\\\/patrona_zony.jpg\",\"width\":783,\"height\":753},{\"@type\":\"BreadcrumbList\",\"@id\":\"https:\\\/\\\/www.etto.cz\\\/elektricka-topna-telesa\\\/topne-patrony\\\/topne-patrony-se-specifikovanymi-topnymi-zonami\\\/#breadcrumb\",\"itemListElement\":[{\"@type\":\"ListItem\",\"position\":1,\"name\":\"Dom\u016f\",\"item\":\"https:\\\/\\\/www.etto.cz\\\/\"},{\"@type\":\"ListItem\",\"position\":2,\"name\":\"Produkte\",\"item\":\"https:\\\/\\\/www.etto.cz\\\/elektricka-topna-telesa\\\/\"},{\"@type\":\"ListItem\",\"position\":3,\"name\":\"Heizpatronen\",\"item\":\"https:\\\/\\\/www.etto.cz\\\/elektricka-topna-telesa\\\/topne-patrony\\\/\"},{\"@type\":\"ListItem\",\"position\":4,\"name\":\"Heizpatronen mit Leistungsverteilung\"}]},{\"@type\":\"WebSite\",\"@id\":\"https:\\\/\\\/www.etto.cz\\\/#website\",\"url\":\"https:\\\/\\\/www.etto.cz\\\/\",\"name\":\"ETTO\",\"description\":\"V\u00fdroba elektrick\u00fdch topn\u00fdch t\u011bles\",\"potentialAction\":[{\"@type\":\"SearchAction\",\"target\":{\"@type\":\"EntryPoint\",\"urlTemplate\":\"https:\\\/\\\/www.etto.cz\\\/?s={search_term_string}\"},\"query-input\":{\"@type\":\"PropertyValueSpecification\",\"valueRequired\":true,\"valueName\":\"search_term_string\"}}],\"inLanguage\":\"de\"}]}<\/script>\n<!-- \/ Yoast SEO plugin. -->","yoast_head_json":{"title":"Heizpatronen mit Leistungsverteilung | ELEKTRON-ETTO","description":"Heizpatronen mit zonierter Leistungsverteilung f\u00fcr gleichm\u00e4\u00dfige Temperaturprofile. Pr\u00e4zisionsfertigung von ELEKTRON-ETTO f\u00fcr anspruchsvolle Anwendungen.","robots":{"index":"index","follow":"follow","max-snippet":"max-snippet:-1","max-image-preview":"max-image-preview:large","max-video-preview":"max-video-preview:-1"},"canonical":"https:\/\/www.etto.cz\/de\/produkte\/heizpatronen\/heizpatronen-mit-spezifizierten-heizzonen\/","og_locale":"de_DE","og_type":"article","og_title":"Heizpatronen mit Leistungsverteilung | ELEKTRON-ETTO","og_description":"Heizpatronen mit zonierter Leistungsverteilung f\u00fcr gleichm\u00e4\u00dfige Temperaturprofile. Pr\u00e4zisionsfertigung von ELEKTRON-ETTO f\u00fcr anspruchsvolle Anwendungen.","og_url":"https:\/\/www.etto.cz\/de\/produkte\/heizpatronen\/heizpatronen-mit-spezifizierten-heizzonen\/","og_site_name":"ETTO","article_modified_time":"2025-02-04T12:23:02+00:00","og_image":[{"width":783,"height":753,"url":"https:\/\/www.etto.cz\/wp-content\/uploads\/2016\/12\/patrona_zony.jpg","type":"image\/jpeg"}],"twitter_card":"summary_large_image","schema":{"@context":"https:\/\/schema.org","@graph":[{"@type":"WebPage","@id":"https:\/\/www.etto.cz\/elektricka-topna-telesa\/topne-patrony\/topne-patrony-se-specifikovanymi-topnymi-zonami\/","url":"https:\/\/www.etto.cz\/elektricka-topna-telesa\/topne-patrony\/topne-patrony-se-specifikovanymi-topnymi-zonami\/","name":"Heizpatronen mit Leistungsverteilung | ELEKTRON-ETTO","isPartOf":{"@id":"https:\/\/www.etto.cz\/#website"},"primaryImageOfPage":{"@id":"https:\/\/www.etto.cz\/elektricka-topna-telesa\/topne-patrony\/topne-patrony-se-specifikovanymi-topnymi-zonami\/#primaryimage"},"image":{"@id":"https:\/\/www.etto.cz\/elektricka-topna-telesa\/topne-patrony\/topne-patrony-se-specifikovanymi-topnymi-zonami\/#primaryimage"},"thumbnailUrl":"https:\/\/www.etto.cz\/wp-content\/uploads\/2016\/12\/patrona_zony.jpg","datePublished":"2018-03-14T14:20:45+00:00","dateModified":"2025-02-04T12:23:02+00:00","description":"Heizpatronen mit zonierter Leistungsverteilung f\u00fcr gleichm\u00e4\u00dfige Temperaturprofile. Pr\u00e4zisionsfertigung von ELEKTRON-ETTO f\u00fcr anspruchsvolle Anwendungen.","breadcrumb":{"@id":"https:\/\/www.etto.cz\/elektricka-topna-telesa\/topne-patrony\/topne-patrony-se-specifikovanymi-topnymi-zonami\/#breadcrumb"},"inLanguage":"de","potentialAction":[{"@type":"ReadAction","target":["https:\/\/www.etto.cz\/elektricka-topna-telesa\/topne-patrony\/topne-patrony-se-specifikovanymi-topnymi-zonami\/"]}]},{"@type":"ImageObject","inLanguage":"de","@id":"https:\/\/www.etto.cz\/elektricka-topna-telesa\/topne-patrony\/topne-patrony-se-specifikovanymi-topnymi-zonami\/#primaryimage","url":"https:\/\/www.etto.cz\/wp-content\/uploads\/2016\/12\/patrona_zony.jpg","contentUrl":"https:\/\/www.etto.cz\/wp-content\/uploads\/2016\/12\/patrona_zony.jpg","width":783,"height":753},{"@type":"BreadcrumbList","@id":"https:\/\/www.etto.cz\/elektricka-topna-telesa\/topne-patrony\/topne-patrony-se-specifikovanymi-topnymi-zonami\/#breadcrumb","itemListElement":[{"@type":"ListItem","position":1,"name":"Dom\u016f","item":"https:\/\/www.etto.cz\/"},{"@type":"ListItem","position":2,"name":"Produkte","item":"https:\/\/www.etto.cz\/elektricka-topna-telesa\/"},{"@type":"ListItem","position":3,"name":"Heizpatronen","item":"https:\/\/www.etto.cz\/elektricka-topna-telesa\/topne-patrony\/"},{"@type":"ListItem","position":4,"name":"Heizpatronen mit Leistungsverteilung"}]},{"@type":"WebSite","@id":"https:\/\/www.etto.cz\/#website","url":"https:\/\/www.etto.cz\/","name":"ETTO","description":"V\u00fdroba elektrick\u00fdch topn\u00fdch t\u011bles","potentialAction":[{"@type":"SearchAction","target":{"@type":"EntryPoint","urlTemplate":"https:\/\/www.etto.cz\/?s={search_term_string}"},"query-input":{"@type":"PropertyValueSpecification","valueRequired":true,"valueName":"search_term_string"}}],"inLanguage":"de"}]}},"_links":{"self":[{"href":"https:\/\/www.etto.cz\/de\/wp-json\/wp\/v2\/pages\/2853","targetHints":{"allow":["GET"]}}],"collection":[{"href":"https:\/\/www.etto.cz\/de\/wp-json\/wp\/v2\/pages"}],"about":[{"href":"https:\/\/www.etto.cz\/de\/wp-json\/wp\/v2\/types\/page"}],"author":[{"embeddable":true,"href":"https:\/\/www.etto.cz\/de\/wp-json\/wp\/v2\/users\/1"}],"replies":[{"embeddable":true,"href":"https:\/\/www.etto.cz\/de\/wp-json\/wp\/v2\/comments?post=2853"}],"version-history":[{"count":1,"href":"https:\/\/www.etto.cz\/de\/wp-json\/wp\/v2\/pages\/2853\/revisions"}],"predecessor-version":[{"id":5354,"href":"https:\/\/www.etto.cz\/de\/wp-json\/wp\/v2\/pages\/2853\/revisions\/5354"}],"up":[{"embeddable":true,"href":"https:\/\/www.etto.cz\/de\/wp-json\/wp\/v2\/pages\/2849"}],"wp:featuredmedia":[{"embeddable":true,"href":"https:\/\/www.etto.cz\/de\/wp-json\/wp\/v2\/media\/2659"}],"wp:attachment":[{"href":"https:\/\/www.etto.cz\/de\/wp-json\/wp\/v2\/media?parent=2853"}],"curies":[{"name":"wp","href":"https:\/\/api.w.org\/{rel}","templated":true}]}}