{"id":2855,"date":"2018-03-14T15:21:07","date_gmt":"2018-03-14T14:21:07","guid":{"rendered":"http:\/\/www.etto.cz\/heizpatronen\/heizpatronen-mit-doppelisolierung-mit-niedrigen-fehlerstromen\/"},"modified":"2018-08-24T09:18:22","modified_gmt":"2018-08-24T08:18:22","slug":"heizpatronen-mit-doppelisolierung-mit-niedrigen-fehlerstromen","status":"publish","type":"page","link":"https:\/\/www.etto.cz\/de\/produkte\/heizpatronen\/heizpatronen-mit-doppelisolierung-mit-niedrigen-fehlerstromen\/","title":{"rendered":"Heizpatronen mit Doppelisolierung (mit niedrigen Fehlerstr\u00f6men)"},"content":{"rendered":"<p style=\"text-align: justify;\">Bei Heizpatronen mit Doppelisolierung handelt es sich um eine spezifische Konstruktion der Heizpatronen. Diese Konstruktion wird bei Applikationen mit Anforderung an eine Doppelisolierung (Sicherheit) oder an niedrige Fehlerstr\u00f6me verwendet. M\u00f6glich bei Heizpatronen mit Durchmesser von 10mm, 12,5mm,14mm, 16mm, 20mm.<\/p>\n","protected":false},"excerpt":{"rendered":"<p>Bei Heizpatronen mit Doppelisolierung handelt es sich um eine spezifische Konstruktion der Heizpatronen. Diese Konstruktion wird bei Applikationen mit Anforderung an eine Doppelisolierung (Sicherheit) oder &#8230;<\/p>\n","protected":false},"author":1,"featured_media":2638,"parent":2849,"menu_order":0,"comment_status":"open","ping_status":"open","template":"_page-menu.php","meta":{"_acf_changed":false,"ngg_post_thumbnail":0,"footnotes":"","_links_to":"","_links_to_target":""},"class_list":["post-2855","page","type-page","status-publish","has-post-thumbnail","hentry"],"acf":[],"yoast_head":"<!-- This site is optimized with the Yoast SEO plugin v27.3 - https:\/\/yoast.com\/product\/yoast-seo-wordpress\/ -->\n<title>Heizpatronen mit Doppelisolierung | ELEKTRON-ETTO<\/title>\n<meta name=\"description\" content=\"Heizpatronen mit Doppelisolierung f\u00fcr niedrige Fehlerstr\u00f6me. Ideal f\u00fcr sensible Anwendungen mit hohem Isolationswiderstand von ELEKTRON-ETTO.\" \/>\n<meta name=\"robots\" content=\"index, follow, max-snippet:-1, max-image-preview:large, max-video-preview:-1\" \/>\n<link rel=\"canonical\" href=\"https:\/\/www.etto.cz\/de\/produkte\/heizpatronen\/heizpatronen-mit-doppelisolierung-mit-niedrigen-fehlerstromen\/\" \/>\n<meta property=\"og:locale\" content=\"de_DE\" \/>\n<meta property=\"og:type\" content=\"article\" \/>\n<meta property=\"og:title\" content=\"Heizpatronen mit Doppelisolierung | ELEKTRON-ETTO\" \/>\n<meta property=\"og:description\" content=\"Heizpatronen mit Doppelisolierung f\u00fcr niedrige Fehlerstr\u00f6me. Ideal f\u00fcr sensible Anwendungen mit hohem Isolationswiderstand von ELEKTRON-ETTO.\" \/>\n<meta property=\"og:url\" content=\"https:\/\/www.etto.cz\/de\/produkte\/heizpatronen\/heizpatronen-mit-doppelisolierung-mit-niedrigen-fehlerstromen\/\" \/>\n<meta property=\"og:site_name\" content=\"ETTO\" \/>\n<meta property=\"article:modified_time\" content=\"2018-08-24T08:18:22+00:00\" \/>\n<meta property=\"og:image\" content=\"https:\/\/www.etto.cz\/wp-content\/uploads\/2016\/12\/vysocezatizena_patr.jpg\" \/>\n\t<meta property=\"og:image:width\" content=\"800\" \/>\n\t<meta property=\"og:image:height\" content=\"800\" \/>\n\t<meta property=\"og:image:type\" content=\"image\/jpeg\" \/>\n<meta name=\"twitter:card\" content=\"summary_large_image\" \/>\n<script type=\"application\/ld+json\" class=\"yoast-schema-graph\">{\"@context\":\"https:\\\/\\\/schema.org\",\"@graph\":[{\"@type\":\"WebPage\",\"@id\":\"https:\\\/\\\/www.etto.cz\\\/elektricka-topna-telesa\\\/topne-patrony\\\/patrony-s-dvojitou-izolaci-s-nizkymi-unikovymi-proudy\\\/\",\"url\":\"https:\\\/\\\/www.etto.cz\\\/elektricka-topna-telesa\\\/topne-patrony\\\/patrony-s-dvojitou-izolaci-s-nizkymi-unikovymi-proudy\\\/\",\"name\":\"Heizpatronen mit Doppelisolierung | ELEKTRON-ETTO\",\"isPartOf\":{\"@id\":\"https:\\\/\\\/www.etto.cz\\\/#website\"},\"primaryImageOfPage\":{\"@id\":\"https:\\\/\\\/www.etto.cz\\\/elektricka-topna-telesa\\\/topne-patrony\\\/patrony-s-dvojitou-izolaci-s-nizkymi-unikovymi-proudy\\\/#primaryimage\"},\"image\":{\"@id\":\"https:\\\/\\\/www.etto.cz\\\/elektricka-topna-telesa\\\/topne-patrony\\\/patrony-s-dvojitou-izolaci-s-nizkymi-unikovymi-proudy\\\/#primaryimage\"},\"thumbnailUrl\":\"https:\\\/\\\/www.etto.cz\\\/wp-content\\\/uploads\\\/2016\\\/12\\\/vysocezatizena_patr.jpg\",\"datePublished\":\"2018-03-14T14:21:07+00:00\",\"dateModified\":\"2018-08-24T08:18:22+00:00\",\"description\":\"Heizpatronen mit Doppelisolierung f\u00fcr niedrige Fehlerstr\u00f6me. Ideal f\u00fcr sensible Anwendungen mit hohem Isolationswiderstand von ELEKTRON-ETTO.\",\"breadcrumb\":{\"@id\":\"https:\\\/\\\/www.etto.cz\\\/elektricka-topna-telesa\\\/topne-patrony\\\/patrony-s-dvojitou-izolaci-s-nizkymi-unikovymi-proudy\\\/#breadcrumb\"},\"inLanguage\":\"de\",\"potentialAction\":[{\"@type\":\"ReadAction\",\"target\":[\"https:\\\/\\\/www.etto.cz\\\/elektricka-topna-telesa\\\/topne-patrony\\\/patrony-s-dvojitou-izolaci-s-nizkymi-unikovymi-proudy\\\/\"]}]},{\"@type\":\"ImageObject\",\"inLanguage\":\"de\",\"@id\":\"https:\\\/\\\/www.etto.cz\\\/elektricka-topna-telesa\\\/topne-patrony\\\/patrony-s-dvojitou-izolaci-s-nizkymi-unikovymi-proudy\\\/#primaryimage\",\"url\":\"https:\\\/\\\/www.etto.cz\\\/wp-content\\\/uploads\\\/2016\\\/12\\\/vysocezatizena_patr.jpg\",\"contentUrl\":\"https:\\\/\\\/www.etto.cz\\\/wp-content\\\/uploads\\\/2016\\\/12\\\/vysocezatizena_patr.jpg\",\"width\":800,\"height\":800},{\"@type\":\"BreadcrumbList\",\"@id\":\"https:\\\/\\\/www.etto.cz\\\/elektricka-topna-telesa\\\/topne-patrony\\\/patrony-s-dvojitou-izolaci-s-nizkymi-unikovymi-proudy\\\/#breadcrumb\",\"itemListElement\":[{\"@type\":\"ListItem\",\"position\":1,\"name\":\"Dom\u016f\",\"item\":\"https:\\\/\\\/www.etto.cz\\\/\"},{\"@type\":\"ListItem\",\"position\":2,\"name\":\"Produkte\",\"item\":\"https:\\\/\\\/www.etto.cz\\\/elektricka-topna-telesa\\\/\"},{\"@type\":\"ListItem\",\"position\":3,\"name\":\"Heizpatronen\",\"item\":\"https:\\\/\\\/www.etto.cz\\\/elektricka-topna-telesa\\\/topne-patrony\\\/\"},{\"@type\":\"ListItem\",\"position\":4,\"name\":\"Heizpatronen mit Doppelisolierung (mit niedrigen Fehlerstr\u00f6men)\"}]},{\"@type\":\"WebSite\",\"@id\":\"https:\\\/\\\/www.etto.cz\\\/#website\",\"url\":\"https:\\\/\\\/www.etto.cz\\\/\",\"name\":\"ETTO\",\"description\":\"V\u00fdroba elektrick\u00fdch topn\u00fdch t\u011bles\",\"potentialAction\":[{\"@type\":\"SearchAction\",\"target\":{\"@type\":\"EntryPoint\",\"urlTemplate\":\"https:\\\/\\\/www.etto.cz\\\/?s={search_term_string}\"},\"query-input\":{\"@type\":\"PropertyValueSpecification\",\"valueRequired\":true,\"valueName\":\"search_term_string\"}}],\"inLanguage\":\"de\"}]}<\/script>\n<!-- \/ Yoast SEO plugin. -->","yoast_head_json":{"title":"Heizpatronen mit Doppelisolierung | ELEKTRON-ETTO","description":"Heizpatronen mit Doppelisolierung f\u00fcr niedrige Fehlerstr\u00f6me. Ideal f\u00fcr sensible Anwendungen mit hohem Isolationswiderstand von ELEKTRON-ETTO.","robots":{"index":"index","follow":"follow","max-snippet":"max-snippet:-1","max-image-preview":"max-image-preview:large","max-video-preview":"max-video-preview:-1"},"canonical":"https:\/\/www.etto.cz\/de\/produkte\/heizpatronen\/heizpatronen-mit-doppelisolierung-mit-niedrigen-fehlerstromen\/","og_locale":"de_DE","og_type":"article","og_title":"Heizpatronen mit Doppelisolierung | ELEKTRON-ETTO","og_description":"Heizpatronen mit Doppelisolierung f\u00fcr niedrige Fehlerstr\u00f6me. Ideal f\u00fcr sensible Anwendungen mit hohem Isolationswiderstand von ELEKTRON-ETTO.","og_url":"https:\/\/www.etto.cz\/de\/produkte\/heizpatronen\/heizpatronen-mit-doppelisolierung-mit-niedrigen-fehlerstromen\/","og_site_name":"ETTO","article_modified_time":"2018-08-24T08:18:22+00:00","og_image":[{"width":800,"height":800,"url":"https:\/\/www.etto.cz\/wp-content\/uploads\/2016\/12\/vysocezatizena_patr.jpg","type":"image\/jpeg"}],"twitter_card":"summary_large_image","schema":{"@context":"https:\/\/schema.org","@graph":[{"@type":"WebPage","@id":"https:\/\/www.etto.cz\/elektricka-topna-telesa\/topne-patrony\/patrony-s-dvojitou-izolaci-s-nizkymi-unikovymi-proudy\/","url":"https:\/\/www.etto.cz\/elektricka-topna-telesa\/topne-patrony\/patrony-s-dvojitou-izolaci-s-nizkymi-unikovymi-proudy\/","name":"Heizpatronen mit Doppelisolierung | ELEKTRON-ETTO","isPartOf":{"@id":"https:\/\/www.etto.cz\/#website"},"primaryImageOfPage":{"@id":"https:\/\/www.etto.cz\/elektricka-topna-telesa\/topne-patrony\/patrony-s-dvojitou-izolaci-s-nizkymi-unikovymi-proudy\/#primaryimage"},"image":{"@id":"https:\/\/www.etto.cz\/elektricka-topna-telesa\/topne-patrony\/patrony-s-dvojitou-izolaci-s-nizkymi-unikovymi-proudy\/#primaryimage"},"thumbnailUrl":"https:\/\/www.etto.cz\/wp-content\/uploads\/2016\/12\/vysocezatizena_patr.jpg","datePublished":"2018-03-14T14:21:07+00:00","dateModified":"2018-08-24T08:18:22+00:00","description":"Heizpatronen mit Doppelisolierung f\u00fcr niedrige Fehlerstr\u00f6me. Ideal f\u00fcr sensible Anwendungen mit hohem Isolationswiderstand von ELEKTRON-ETTO.","breadcrumb":{"@id":"https:\/\/www.etto.cz\/elektricka-topna-telesa\/topne-patrony\/patrony-s-dvojitou-izolaci-s-nizkymi-unikovymi-proudy\/#breadcrumb"},"inLanguage":"de","potentialAction":[{"@type":"ReadAction","target":["https:\/\/www.etto.cz\/elektricka-topna-telesa\/topne-patrony\/patrony-s-dvojitou-izolaci-s-nizkymi-unikovymi-proudy\/"]}]},{"@type":"ImageObject","inLanguage":"de","@id":"https:\/\/www.etto.cz\/elektricka-topna-telesa\/topne-patrony\/patrony-s-dvojitou-izolaci-s-nizkymi-unikovymi-proudy\/#primaryimage","url":"https:\/\/www.etto.cz\/wp-content\/uploads\/2016\/12\/vysocezatizena_patr.jpg","contentUrl":"https:\/\/www.etto.cz\/wp-content\/uploads\/2016\/12\/vysocezatizena_patr.jpg","width":800,"height":800},{"@type":"BreadcrumbList","@id":"https:\/\/www.etto.cz\/elektricka-topna-telesa\/topne-patrony\/patrony-s-dvojitou-izolaci-s-nizkymi-unikovymi-proudy\/#breadcrumb","itemListElement":[{"@type":"ListItem","position":1,"name":"Dom\u016f","item":"https:\/\/www.etto.cz\/"},{"@type":"ListItem","position":2,"name":"Produkte","item":"https:\/\/www.etto.cz\/elektricka-topna-telesa\/"},{"@type":"ListItem","position":3,"name":"Heizpatronen","item":"https:\/\/www.etto.cz\/elektricka-topna-telesa\/topne-patrony\/"},{"@type":"ListItem","position":4,"name":"Heizpatronen mit Doppelisolierung (mit niedrigen Fehlerstr\u00f6men)"}]},{"@type":"WebSite","@id":"https:\/\/www.etto.cz\/#website","url":"https:\/\/www.etto.cz\/","name":"ETTO","description":"V\u00fdroba elektrick\u00fdch topn\u00fdch t\u011bles","potentialAction":[{"@type":"SearchAction","target":{"@type":"EntryPoint","urlTemplate":"https:\/\/www.etto.cz\/?s={search_term_string}"},"query-input":{"@type":"PropertyValueSpecification","valueRequired":true,"valueName":"search_term_string"}}],"inLanguage":"de"}]}},"_links":{"self":[{"href":"https:\/\/www.etto.cz\/de\/wp-json\/wp\/v2\/pages\/2855","targetHints":{"allow":["GET"]}}],"collection":[{"href":"https:\/\/www.etto.cz\/de\/wp-json\/wp\/v2\/pages"}],"about":[{"href":"https:\/\/www.etto.cz\/de\/wp-json\/wp\/v2\/types\/page"}],"author":[{"embeddable":true,"href":"https:\/\/www.etto.cz\/de\/wp-json\/wp\/v2\/users\/1"}],"replies":[{"embeddable":true,"href":"https:\/\/www.etto.cz\/de\/wp-json\/wp\/v2\/comments?post=2855"}],"version-history":[{"count":0,"href":"https:\/\/www.etto.cz\/de\/wp-json\/wp\/v2\/pages\/2855\/revisions"}],"up":[{"embeddable":true,"href":"https:\/\/www.etto.cz\/de\/wp-json\/wp\/v2\/pages\/2849"}],"wp:featuredmedia":[{"embeddable":true,"href":"https:\/\/www.etto.cz\/de\/wp-json\/wp\/v2\/media\/2638"}],"wp:attachment":[{"href":"https:\/\/www.etto.cz\/de\/wp-json\/wp\/v2\/media?parent=2855"}],"curies":[{"name":"wp","href":"https:\/\/api.w.org\/{rel}","templated":true}]}}