{"id":2857,"date":"2018-03-14T15:21:27","date_gmt":"2018-03-14T14:21:27","guid":{"rendered":"http:\/\/www.etto.cz\/heizkorper\/"},"modified":"2025-02-04T13:25:01","modified_gmt":"2025-02-04T12:25:01","slug":"heizkorper","status":"publish","type":"page","link":"https:\/\/www.etto.cz\/de\/heizkorper\/","title":{"rendered":"Heizk\u00f6rper"},"content":{"rendered":"<h2>Heizpatronen<\/h2>\n<div class=\"sub-menu\">            <a href=\"https:\/\/www.etto.cz\/de\/produkte\/heizpatronen\/hochbelastete-heizpatronen\/\" class=\"subitem\">\n                <span class=\"img\">\n                    <img decoding=\"async\" src=\"https:\/\/www.etto.cz\/wp-content\/uploads\/2016\/12\/vysocezatizena_patr-153x153.jpg\" alt=\"Hochleistungspatronen\" loading=\"lazy\" \/>\n                    <span><em>Hochleistungspatronen<\/em><\/span>\n                <\/span>\n                <strong>Hochleistungspatronen<\/strong>\n            <\/a>\n                        <a href=\"https:\/\/www.etto.cz\/de\/produkte\/heizpatronen\/hochbelastete-heizpatronen-mit-thermoelement\/\" class=\"subitem\">\n                <span class=\"img\">\n                    <img decoding=\"async\" src=\"https:\/\/www.etto.cz\/wp-content\/uploads\/2015\/05\/vysokozatizene-patrony-s-termoclankem-125x153.jpg\" alt=\"Hochleistungspatronen mit Thermoelement und PT100\" loading=\"lazy\" \/>\n                    <span><em>Hochleistungspatronen mit Thermoelement und PT100<\/em><\/span>\n                <\/span>\n                <strong>Hochleistungspatronen mit Thermoelement und PT100<\/strong>\n            <\/a>\n                        <a href=\"https:\/\/www.etto.cz\/de\/produkte\/heizpatronen\/mittelbelastete-heizpatronen\/\" class=\"subitem\">\n                <span class=\"img\">\n                    <img decoding=\"async\" src=\"https:\/\/www.etto.cz\/wp-content\/uploads\/2016\/12\/strednezatizena_patr-153x153.jpg\" alt=\"Mittelleistungspatronen\" loading=\"lazy\" \/>\n                    <span><em>Mittelleistungspatronen<\/em><\/span>\n                <\/span>\n                <strong>Mittelleistungspatronen<\/strong>\n            <\/a>\n                        <a href=\"https:\/\/www.etto.cz\/de\/produkte\/heizpatronen\/niedrigbelastete-heizpatronen\/\" class=\"subitem\">\n                <span class=\"img\">\n                    <img decoding=\"async\" src=\"https:\/\/www.etto.cz\/wp-content\/uploads\/2016\/12\/strednezatizena_patr-153x153.jpg\" alt=\"Niederleistungspatronen\" loading=\"lazy\" \/>\n                    <span><em>Niederleistungspatronen<\/em><\/span>\n                <\/span>\n                <strong>Niederleistungspatronen<\/strong>\n            <\/a>\n                        <a href=\"https:\/\/www.etto.cz\/de\/produkte\/heizpatronen\/heizpatronen-mit-spezifizierten-heizzonen\/\" class=\"subitem\">\n                <span class=\"img\">\n                    <img decoding=\"async\" src=\"https:\/\/www.etto.cz\/wp-content\/uploads\/2016\/12\/patrona_zony-153x147.jpg\" alt=\"Heizpatronen mit Leistungsverteilung\" loading=\"lazy\" \/>\n                    <span><em>Heizpatronen mit Leistungsverteilung<\/em><\/span>\n                <\/span>\n                <strong>Heizpatronen mit Leistungsverteilung<\/strong>\n            <\/a>\n            <\/div>\n<h2 style=\"clear: both;\">Heizb\u00e4nder<\/h2>\n<div class=\"sub-menu\">            <a href=\"https:\/\/www.etto.cz\/de\/produkte\/heizbander-hulsen\/heizbander-mit-glimmerisolation\/\" class=\"subitem\">\n                <span class=\"img\">\n                    <img decoding=\"async\" src=\"https:\/\/www.etto.cz\/wp-content\/uploads\/2016\/12\/topny_pas_2-153x153.jpg\" alt=\"Heizb\u00e4nder mit Glimmerisolation\" loading=\"lazy\" \/>\n                    <span><em>Heizb\u00e4nder mit Glimmerisolation<\/em><\/span>\n                <\/span>\n                <strong>Heizb\u00e4nder mit Glimmerisolation<\/strong>\n            <\/a>\n                        <a href=\"https:\/\/www.etto.cz\/de\/produkte\/heizbander-hulsen\/keramische-heizbander\/\" class=\"subitem\">\n                <span class=\"img\">\n                    <img decoding=\"async\" src=\"https:\/\/www.etto.cz\/wp-content\/uploads\/2016\/12\/keramicky_pas-153x121.jpg\" alt=\"Keramische Heizb\u00e4nder\" loading=\"lazy\" \/>\n                    <span><em>Keramische Heizb\u00e4nder<\/em><\/span>\n                <\/span>\n                <strong>Keramische Heizb\u00e4nder<\/strong>\n            <\/a>\n                        <a href=\"https:\/\/www.etto.cz\/de\/produkte\/heizbander-hulsen\/heizhalsband-aus-stab-profil-9-x-4\/\" class=\"subitem\">\n                <span class=\"img\">\n                    <img decoding=\"async\" src=\"https:\/\/www.etto.cz\/wp-content\/uploads\/2015\/05\/topne-pasy-153x153.jpg\" alt=\"Heizhohlpatrone aus Stab, Profil 7.2\u00d72.7\" loading=\"lazy\" \/>\n                    <span><em>Heizhohlpatrone aus Stab, Profil 7.2\u00d72.7<\/em><\/span>\n                <\/span>\n                <strong>Heizhohlpatrone aus Stab, Profil 7.2\u00d72.7<\/strong>\n            <\/a>\n            <\/div>\n<h2 style=\"clear: both;\">Weitere Heizk\u00f6rper<\/h2>\n<div class=\"sub-menu\">            <a href=\"https:\/\/www.etto.cz\/de\/produkte\/rohrheizkorper\/\" class=\"subitem\">\n                <span class=\"img\">\n                    <img decoding=\"async\" src=\"https:\/\/www.etto.cz\/wp-content\/uploads\/2015\/05\/trubkova-topna-telesa-153x153.jpg\" alt=\"Rohrheizk\u00f6rper\" loading=\"lazy\" \/>\n                    <span><em>Rohrheizk\u00f6rper<\/em><\/span>\n                <\/span>\n                <strong>Rohrheizk\u00f6rper<\/strong>\n            <\/a>\n                        <a href=\"https:\/\/www.etto.cz\/de\/produkte\/flach-rohrheizkorper\/\" class=\"subitem\">\n                <span class=\"img\">\n                    <img decoding=\"async\" src=\"https:\/\/www.etto.cz\/wp-content\/uploads\/2016\/12\/maximka_b2-153x153.jpg\" alt=\"Flachrohrheizk\u00f6rper\" loading=\"lazy\" \/>\n                    <span><em>Flachrohrheizk\u00f6rper<\/em><\/span>\n                <\/span>\n                <strong>Flachrohrheizk\u00f6rper<\/strong>\n            <\/a>\n                        <a href=\"https:\/\/www.etto.cz\/de\/produkte\/flache-heizkorper-mit-glimmerisolierung\/\" class=\"subitem\">\n                <span class=\"img\">\n                    <img decoding=\"async\" src=\"https:\/\/www.etto.cz\/wp-content\/uploads\/2015\/05\/topna-telesa-se-slidovou-izolaci-153x153.jpg\" alt=\"Flachheizk\u00f6rper mit Glimmerisolierung\" loading=\"lazy\" \/>\n                    <span><em>Flachheizk\u00f6rper mit Glimmerisolierung<\/em><\/span>\n                <\/span>\n                <strong>Flachheizk\u00f6rper mit Glimmerisolierung<\/strong>\n            <\/a>\n                        <a href=\"https:\/\/www.etto.cz\/de\/produkte\/heizkorper-mit-geoffnetem-draht-keramische-heizkorper-glimmerheizkorper\/\" class=\"subitem\">\n                <span class=\"img\">\n                    <img decoding=\"async\" src=\"https:\/\/www.etto.cz\/wp-content\/uploads\/2016\/12\/spirala-3-153x124.jpg\" alt=\"Heizk\u00f6rper mit offenstehendem Draht (Keramikheizk\u00f6rper, Glimmerheizk\u00f6rper)\" loading=\"lazy\" \/>\n                    <span><em>Heizk\u00f6rper mit offenstehendem Draht (Keramikheizk\u00f6rper, Glimmerheizk\u00f6rper)<\/em><\/span>\n                <\/span>\n                <strong>Heizk\u00f6rper mit offenstehendem Draht (Keramikheizk\u00f6rper, Glimmerheizk\u00f6rper)<\/strong>\n            <\/a>\n            <\/div>\n","protected":false},"excerpt":{"rendered":"<p>Heizpatronen Heizb\u00e4nder Weitere Heizk\u00f6rper<\/p>\n","protected":false},"author":1,"featured_media":0,"parent":0,"menu_order":0,"comment_status":"open","ping_status":"closed","template":"_page-menu.php","meta":{"_acf_changed":false,"ngg_post_thumbnail":0,"footnotes":"","_links_to":"","_links_to_target":""},"class_list":["post-2857","page","type-page","status-publish","hentry"],"acf":[],"yoast_head":"<!-- This site is optimized with the Yoast SEO plugin v27.3 - https:\/\/yoast.com\/product\/yoast-seo-wordpress\/ -->\n<title>Heizk\u00f6rper - Produkt\u00fcbersicht | ELEKTRON-ETTO<\/title>\n<meta name=\"description\" content=\"Komplettes Sortiment industrieller Heizelemente von ELEKTRON-ETTO. Heizpatronen, Rohrheizelemente, Heizb\u00e4nder, Keramik-Heizelemente und Sonderl\u00f6sungen.\" \/>\n<meta name=\"robots\" content=\"index, follow, max-snippet:-1, max-image-preview:large, max-video-preview:-1\" \/>\n<link rel=\"canonical\" href=\"https:\/\/www.etto.cz\/de\/produkte\/heizkorper-mit-geoffnetem-draht-keramische-heizkorper-glimmerheizkorper\/\" \/>\n<meta property=\"og:locale\" content=\"de_DE\" \/>\n<meta property=\"og:type\" content=\"article\" \/>\n<meta property=\"og:title\" content=\"Heizk\u00f6rper - Produkt\u00fcbersicht | ELEKTRON-ETTO\" \/>\n<meta property=\"og:description\" content=\"Komplettes Sortiment industrieller Heizelemente von ELEKTRON-ETTO. Heizpatronen, Rohrheizelemente, Heizb\u00e4nder, Keramik-Heizelemente und Sonderl\u00f6sungen.\" \/>\n<meta property=\"og:url\" content=\"https:\/\/www.etto.cz\/de\/produkte\/heizkorper-mit-geoffnetem-draht-keramische-heizkorper-glimmerheizkorper\/\" \/>\n<meta property=\"og:site_name\" content=\"ETTO\" \/>\n<meta property=\"article:modified_time\" content=\"2025-02-04T12:25:01+00:00\" \/>\n<meta property=\"og:image\" content=\"https:\/\/www.etto.cz\/de\/wp-content\/gallery\/prumyslova-telesa\/teleso-kotel.jpg\" \/>\n<meta name=\"twitter:card\" content=\"summary_large_image\" \/>\n<script type=\"application\/ld+json\" class=\"yoast-schema-graph\">{\"@context\":\"https:\\\/\\\/schema.org\",\"@graph\":[{\"@type\":\"WebPage\",\"@id\":\"https:\\\/\\\/www.etto.cz\\\/topna-telesa\\\/\",\"url\":\"https:\\\/\\\/www.etto.cz\\\/topna-telesa\\\/\",\"name\":\"Heizk\u00f6rper - Produkt\u00fcbersicht | ELEKTRON-ETTO\",\"isPartOf\":{\"@id\":\"https:\\\/\\\/www.etto.cz\\\/#website\"},\"datePublished\":\"2018-03-14T14:21:27+00:00\",\"dateModified\":\"2025-02-04T12:25:01+00:00\",\"description\":\"Komplettes Sortiment industrieller Heizelemente von ELEKTRON-ETTO. Heizpatronen, Rohrheizelemente, Heizb\u00e4nder, Keramik-Heizelemente und Sonderl\u00f6sungen.\",\"breadcrumb\":{\"@id\":\"https:\\\/\\\/www.etto.cz\\\/topna-telesa\\\/#breadcrumb\"},\"inLanguage\":\"de\",\"potentialAction\":[{\"@type\":\"ReadAction\",\"target\":[\"https:\\\/\\\/www.etto.cz\\\/topna-telesa\\\/\"]}]},{\"@type\":\"BreadcrumbList\",\"@id\":\"https:\\\/\\\/www.etto.cz\\\/topna-telesa\\\/#breadcrumb\",\"itemListElement\":[{\"@type\":\"ListItem\",\"position\":1,\"name\":\"Dom\u016f\",\"item\":\"https:\\\/\\\/www.etto.cz\\\/\"},{\"@type\":\"ListItem\",\"position\":2,\"name\":\"Heizk\u00f6rper\"}]},{\"@type\":\"WebSite\",\"@id\":\"https:\\\/\\\/www.etto.cz\\\/#website\",\"url\":\"https:\\\/\\\/www.etto.cz\\\/\",\"name\":\"ETTO\",\"description\":\"V\u00fdroba elektrick\u00fdch topn\u00fdch t\u011bles\",\"potentialAction\":[{\"@type\":\"SearchAction\",\"target\":{\"@type\":\"EntryPoint\",\"urlTemplate\":\"https:\\\/\\\/www.etto.cz\\\/?s={search_term_string}\"},\"query-input\":{\"@type\":\"PropertyValueSpecification\",\"valueRequired\":true,\"valueName\":\"search_term_string\"}}],\"inLanguage\":\"de\"}]}<\/script>\n<!-- \/ Yoast SEO plugin. -->","yoast_head_json":{"title":"Heizk\u00f6rper - Produkt\u00fcbersicht | ELEKTRON-ETTO","description":"Komplettes Sortiment industrieller Heizelemente von ELEKTRON-ETTO. Heizpatronen, Rohrheizelemente, Heizb\u00e4nder, Keramik-Heizelemente und Sonderl\u00f6sungen.","robots":{"index":"index","follow":"follow","max-snippet":"max-snippet:-1","max-image-preview":"max-image-preview:large","max-video-preview":"max-video-preview:-1"},"canonical":"https:\/\/www.etto.cz\/de\/produkte\/heizkorper-mit-geoffnetem-draht-keramische-heizkorper-glimmerheizkorper\/","og_locale":"de_DE","og_type":"article","og_title":"Heizk\u00f6rper - Produkt\u00fcbersicht | ELEKTRON-ETTO","og_description":"Komplettes Sortiment industrieller Heizelemente von ELEKTRON-ETTO. Heizpatronen, Rohrheizelemente, Heizb\u00e4nder, Keramik-Heizelemente und Sonderl\u00f6sungen.","og_url":"https:\/\/www.etto.cz\/de\/produkte\/heizkorper-mit-geoffnetem-draht-keramische-heizkorper-glimmerheizkorper\/","og_site_name":"ETTO","article_modified_time":"2025-02-04T12:25:01+00:00","og_image":[{"url":"https:\/\/www.etto.cz\/de\/wp-content\/gallery\/prumyslova-telesa\/teleso-kotel.jpg","type":"","width":"","height":""}],"twitter_card":"summary_large_image","schema":{"@context":"https:\/\/schema.org","@graph":[{"@type":"WebPage","@id":"https:\/\/www.etto.cz\/topna-telesa\/","url":"https:\/\/www.etto.cz\/topna-telesa\/","name":"Heizk\u00f6rper - Produkt\u00fcbersicht | ELEKTRON-ETTO","isPartOf":{"@id":"https:\/\/www.etto.cz\/#website"},"datePublished":"2018-03-14T14:21:27+00:00","dateModified":"2025-02-04T12:25:01+00:00","description":"Komplettes Sortiment industrieller Heizelemente von ELEKTRON-ETTO. Heizpatronen, Rohrheizelemente, Heizb\u00e4nder, Keramik-Heizelemente und Sonderl\u00f6sungen.","breadcrumb":{"@id":"https:\/\/www.etto.cz\/topna-telesa\/#breadcrumb"},"inLanguage":"de","potentialAction":[{"@type":"ReadAction","target":["https:\/\/www.etto.cz\/topna-telesa\/"]}]},{"@type":"BreadcrumbList","@id":"https:\/\/www.etto.cz\/topna-telesa\/#breadcrumb","itemListElement":[{"@type":"ListItem","position":1,"name":"Dom\u016f","item":"https:\/\/www.etto.cz\/"},{"@type":"ListItem","position":2,"name":"Heizk\u00f6rper"}]},{"@type":"WebSite","@id":"https:\/\/www.etto.cz\/#website","url":"https:\/\/www.etto.cz\/","name":"ETTO","description":"V\u00fdroba elektrick\u00fdch topn\u00fdch t\u011bles","potentialAction":[{"@type":"SearchAction","target":{"@type":"EntryPoint","urlTemplate":"https:\/\/www.etto.cz\/?s={search_term_string}"},"query-input":{"@type":"PropertyValueSpecification","valueRequired":true,"valueName":"search_term_string"}}],"inLanguage":"de"}]}},"_links":{"self":[{"href":"https:\/\/www.etto.cz\/de\/wp-json\/wp\/v2\/pages\/2857","targetHints":{"allow":["GET"]}}],"collection":[{"href":"https:\/\/www.etto.cz\/de\/wp-json\/wp\/v2\/pages"}],"about":[{"href":"https:\/\/www.etto.cz\/de\/wp-json\/wp\/v2\/types\/page"}],"author":[{"embeddable":true,"href":"https:\/\/www.etto.cz\/de\/wp-json\/wp\/v2\/users\/1"}],"replies":[{"embeddable":true,"href":"https:\/\/www.etto.cz\/de\/wp-json\/wp\/v2\/comments?post=2857"}],"version-history":[{"count":1,"href":"https:\/\/www.etto.cz\/de\/wp-json\/wp\/v2\/pages\/2857\/revisions"}],"predecessor-version":[{"id":5373,"href":"https:\/\/www.etto.cz\/de\/wp-json\/wp\/v2\/pages\/2857\/revisions\/5373"}],"wp:attachment":[{"href":"https:\/\/www.etto.cz\/de\/wp-json\/wp\/v2\/media?parent=2857"}],"curies":[{"name":"wp","href":"https:\/\/api.w.org\/{rel}","templated":true}]}}