{"id":2860,"date":"2018-03-14T15:21:59","date_gmt":"2018-03-14T14:21:59","guid":{"rendered":"http:\/\/www.etto.cz\/heizkorper\/heizbander-hulsen\/heizbander-mit-glimmerisolation\/"},"modified":"2024-11-25T10:07:04","modified_gmt":"2024-11-25T09:07:04","slug":"heizbander-mit-glimmerisolation","status":"publish","type":"page","link":"https:\/\/www.etto.cz\/de\/produkte\/heizbander-hulsen\/heizbander-mit-glimmerisolation\/","title":{"rendered":"Heizb\u00e4nder mit Glimmerisolation"},"content":{"rendered":"<p style=\"text-align: justify;\">Wir produzieren Glimmerb\u00e4nder f\u00fcr Erw\u00e4rmung von Zylinderfl\u00e4chen, Fl\u00e4chen mit Ausnahme von Kreisprofilen, gem. Anforderungen des Kunden.&nbsp; Geeignet f\u00fcr die Erw\u00e4rmung von Fl\u00e4chen mit kleineren Abmessungen, oder im Gegenteil mit gro\u00dfen Abmessungen bei einer Kombination der Parameter zugef\u00fchrte Leistung vs. Spannung, wenn aus technologischen Gr\u00fcnden keramische Heizb\u00e4nder nicht geeignet sind. Je nach Gr\u00f6\u00dfe der geheizten Fl\u00e4che k\u00f6nnen sie einteilig oder zweiteilig sein. Die Heizb\u00e4nder werden gem\u00e4\u00df Art der Applikation mit einer Innenheizfl\u00e4che (zusammenziehend), oder mit einer Au\u00dfenheizfl\u00e4che (dehnbar).<\/p>\n","protected":false},"excerpt":{"rendered":"<p>Wir produzieren Glimmerb\u00e4nder f\u00fcr Erw\u00e4rmung von Zylinderfl\u00e4chen, Fl\u00e4chen mit Ausnahme von Kreisprofilen, gem. Anforderungen des Kunden.&nbsp; Geeignet f\u00fcr die Erw\u00e4rmung von Fl\u00e4chen mit kleineren Abmessungen, &#8230;<\/p>\n","protected":false},"author":1,"featured_media":2605,"parent":2859,"menu_order":0,"comment_status":"open","ping_status":"open","template":"_page-menu.php","meta":{"_acf_changed":false,"ngg_post_thumbnail":0,"footnotes":"","_links_to":"","_links_to_target":""},"class_list":["post-2860","page","type-page","status-publish","has-post-thumbnail","hentry"],"acf":[],"yoast_head":"<!-- This site is optimized with the Yoast SEO plugin v27.4 - https:\/\/yoast.com\/product\/yoast-seo-wordpress\/ -->\n<title>Heizb\u00e4nder mit Glimmerisolation | ELEKTRON-ETTO<\/title>\n<meta name=\"description\" content=\"Glimmerisolierte Heizb\u00e4nder und Heizmanschetten f\u00fcr Spritzguss und Extrusion. Individuelle Fertigung durch ELEKTRON-ETTO.\" \/>\n<meta name=\"robots\" content=\"index, follow, max-snippet:-1, max-image-preview:large, max-video-preview:-1\" \/>\n<link rel=\"canonical\" href=\"https:\/\/www.etto.cz\/de\/produkte\/heizbander-hulsen\/heizbander-mit-glimmerisolation\/\" \/>\n<meta property=\"og:locale\" content=\"de_DE\" \/>\n<meta property=\"og:type\" content=\"article\" \/>\n<meta property=\"og:title\" content=\"Heizb\u00e4nder mit Glimmerisolation | ELEKTRON-ETTO\" \/>\n<meta property=\"og:description\" content=\"Glimmerisolierte Heizb\u00e4nder und Heizmanschetten f\u00fcr Spritzguss und Extrusion. Individuelle Fertigung durch ELEKTRON-ETTO.\" \/>\n<meta property=\"og:url\" content=\"https:\/\/www.etto.cz\/de\/produkte\/heizbander-hulsen\/heizbander-mit-glimmerisolation\/\" \/>\n<meta property=\"og:site_name\" content=\"ETTO\" \/>\n<meta property=\"article:modified_time\" content=\"2024-11-25T09:07:04+00:00\" \/>\n<meta property=\"og:image\" content=\"https:\/\/www.etto.cz\/wp-content\/uploads\/2016\/12\/topny_pas_2.jpg\" \/>\n\t<meta property=\"og:image:width\" content=\"806\" \/>\n\t<meta property=\"og:image:height\" content=\"806\" \/>\n\t<meta property=\"og:image:type\" content=\"image\/jpeg\" \/>\n<meta name=\"twitter:card\" content=\"summary_large_image\" \/>\n<script type=\"application\/ld+json\" class=\"yoast-schema-graph\">{\"@context\":\"https:\\\/\\\/schema.org\",\"@graph\":[{\"@type\":\"WebPage\",\"@id\":\"https:\\\/\\\/www.etto.cz\\\/elektricka-topna-telesa\\\/topne-pasy\\\/topne-pasy-se-slidovou-izolaci\\\/\",\"url\":\"https:\\\/\\\/www.etto.cz\\\/elektricka-topna-telesa\\\/topne-pasy\\\/topne-pasy-se-slidovou-izolaci\\\/\",\"name\":\"Heizb\u00e4nder mit Glimmerisolation | ELEKTRON-ETTO\",\"isPartOf\":{\"@id\":\"https:\\\/\\\/www.etto.cz\\\/#website\"},\"primaryImageOfPage\":{\"@id\":\"https:\\\/\\\/www.etto.cz\\\/elektricka-topna-telesa\\\/topne-pasy\\\/topne-pasy-se-slidovou-izolaci\\\/#primaryimage\"},\"image\":{\"@id\":\"https:\\\/\\\/www.etto.cz\\\/elektricka-topna-telesa\\\/topne-pasy\\\/topne-pasy-se-slidovou-izolaci\\\/#primaryimage\"},\"thumbnailUrl\":\"https:\\\/\\\/www.etto.cz\\\/wp-content\\\/uploads\\\/2016\\\/12\\\/topny_pas_2.jpg\",\"datePublished\":\"2018-03-14T14:21:59+00:00\",\"dateModified\":\"2024-11-25T09:07:04+00:00\",\"description\":\"Glimmerisolierte Heizb\u00e4nder und Heizmanschetten f\u00fcr Spritzguss und Extrusion. Individuelle Fertigung durch ELEKTRON-ETTO.\",\"breadcrumb\":{\"@id\":\"https:\\\/\\\/www.etto.cz\\\/elektricka-topna-telesa\\\/topne-pasy\\\/topne-pasy-se-slidovou-izolaci\\\/#breadcrumb\"},\"inLanguage\":\"de\",\"potentialAction\":[{\"@type\":\"ReadAction\",\"target\":[\"https:\\\/\\\/www.etto.cz\\\/elektricka-topna-telesa\\\/topne-pasy\\\/topne-pasy-se-slidovou-izolaci\\\/\"]}]},{\"@type\":\"ImageObject\",\"inLanguage\":\"de\",\"@id\":\"https:\\\/\\\/www.etto.cz\\\/elektricka-topna-telesa\\\/topne-pasy\\\/topne-pasy-se-slidovou-izolaci\\\/#primaryimage\",\"url\":\"https:\\\/\\\/www.etto.cz\\\/wp-content\\\/uploads\\\/2016\\\/12\\\/topny_pas_2.jpg\",\"contentUrl\":\"https:\\\/\\\/www.etto.cz\\\/wp-content\\\/uploads\\\/2016\\\/12\\\/topny_pas_2.jpg\",\"width\":806,\"height\":806},{\"@type\":\"BreadcrumbList\",\"@id\":\"https:\\\/\\\/www.etto.cz\\\/elektricka-topna-telesa\\\/topne-pasy\\\/topne-pasy-se-slidovou-izolaci\\\/#breadcrumb\",\"itemListElement\":[{\"@type\":\"ListItem\",\"position\":1,\"name\":\"Dom\u016f\",\"item\":\"https:\\\/\\\/www.etto.cz\\\/\"},{\"@type\":\"ListItem\",\"position\":2,\"name\":\"Produkte\",\"item\":\"https:\\\/\\\/www.etto.cz\\\/elektricka-topna-telesa\\\/\"},{\"@type\":\"ListItem\",\"position\":3,\"name\":\"Heizb\u00e4nder (Hohlpatronen)\",\"item\":\"https:\\\/\\\/www.etto.cz\\\/elektricka-topna-telesa\\\/topne-pasy\\\/\"},{\"@type\":\"ListItem\",\"position\":4,\"name\":\"Heizb\u00e4nder mit Glimmerisolation\"}]},{\"@type\":\"WebSite\",\"@id\":\"https:\\\/\\\/www.etto.cz\\\/#website\",\"url\":\"https:\\\/\\\/www.etto.cz\\\/\",\"name\":\"ETTO\",\"description\":\"V\u00fdroba elektrick\u00fdch topn\u00fdch t\u011bles\",\"potentialAction\":[{\"@type\":\"SearchAction\",\"target\":{\"@type\":\"EntryPoint\",\"urlTemplate\":\"https:\\\/\\\/www.etto.cz\\\/?s={search_term_string}\"},\"query-input\":{\"@type\":\"PropertyValueSpecification\",\"valueRequired\":true,\"valueName\":\"search_term_string\"}}],\"inLanguage\":\"de\"}]}<\/script>\n<!-- \/ Yoast SEO plugin. -->","yoast_head_json":{"title":"Heizb\u00e4nder mit Glimmerisolation | ELEKTRON-ETTO","description":"Glimmerisolierte Heizb\u00e4nder und Heizmanschetten f\u00fcr Spritzguss und Extrusion. Individuelle Fertigung durch ELEKTRON-ETTO.","robots":{"index":"index","follow":"follow","max-snippet":"max-snippet:-1","max-image-preview":"max-image-preview:large","max-video-preview":"max-video-preview:-1"},"canonical":"https:\/\/www.etto.cz\/de\/produkte\/heizbander-hulsen\/heizbander-mit-glimmerisolation\/","og_locale":"de_DE","og_type":"article","og_title":"Heizb\u00e4nder mit Glimmerisolation | ELEKTRON-ETTO","og_description":"Glimmerisolierte Heizb\u00e4nder und Heizmanschetten f\u00fcr Spritzguss und Extrusion. Individuelle Fertigung durch ELEKTRON-ETTO.","og_url":"https:\/\/www.etto.cz\/de\/produkte\/heizbander-hulsen\/heizbander-mit-glimmerisolation\/","og_site_name":"ETTO","article_modified_time":"2024-11-25T09:07:04+00:00","og_image":[{"width":806,"height":806,"url":"https:\/\/www.etto.cz\/wp-content\/uploads\/2016\/12\/topny_pas_2.jpg","type":"image\/jpeg"}],"twitter_card":"summary_large_image","schema":{"@context":"https:\/\/schema.org","@graph":[{"@type":"WebPage","@id":"https:\/\/www.etto.cz\/elektricka-topna-telesa\/topne-pasy\/topne-pasy-se-slidovou-izolaci\/","url":"https:\/\/www.etto.cz\/elektricka-topna-telesa\/topne-pasy\/topne-pasy-se-slidovou-izolaci\/","name":"Heizb\u00e4nder mit Glimmerisolation | ELEKTRON-ETTO","isPartOf":{"@id":"https:\/\/www.etto.cz\/#website"},"primaryImageOfPage":{"@id":"https:\/\/www.etto.cz\/elektricka-topna-telesa\/topne-pasy\/topne-pasy-se-slidovou-izolaci\/#primaryimage"},"image":{"@id":"https:\/\/www.etto.cz\/elektricka-topna-telesa\/topne-pasy\/topne-pasy-se-slidovou-izolaci\/#primaryimage"},"thumbnailUrl":"https:\/\/www.etto.cz\/wp-content\/uploads\/2016\/12\/topny_pas_2.jpg","datePublished":"2018-03-14T14:21:59+00:00","dateModified":"2024-11-25T09:07:04+00:00","description":"Glimmerisolierte Heizb\u00e4nder und Heizmanschetten f\u00fcr Spritzguss und Extrusion. Individuelle Fertigung durch ELEKTRON-ETTO.","breadcrumb":{"@id":"https:\/\/www.etto.cz\/elektricka-topna-telesa\/topne-pasy\/topne-pasy-se-slidovou-izolaci\/#breadcrumb"},"inLanguage":"de","potentialAction":[{"@type":"ReadAction","target":["https:\/\/www.etto.cz\/elektricka-topna-telesa\/topne-pasy\/topne-pasy-se-slidovou-izolaci\/"]}]},{"@type":"ImageObject","inLanguage":"de","@id":"https:\/\/www.etto.cz\/elektricka-topna-telesa\/topne-pasy\/topne-pasy-se-slidovou-izolaci\/#primaryimage","url":"https:\/\/www.etto.cz\/wp-content\/uploads\/2016\/12\/topny_pas_2.jpg","contentUrl":"https:\/\/www.etto.cz\/wp-content\/uploads\/2016\/12\/topny_pas_2.jpg","width":806,"height":806},{"@type":"BreadcrumbList","@id":"https:\/\/www.etto.cz\/elektricka-topna-telesa\/topne-pasy\/topne-pasy-se-slidovou-izolaci\/#breadcrumb","itemListElement":[{"@type":"ListItem","position":1,"name":"Dom\u016f","item":"https:\/\/www.etto.cz\/"},{"@type":"ListItem","position":2,"name":"Produkte","item":"https:\/\/www.etto.cz\/elektricka-topna-telesa\/"},{"@type":"ListItem","position":3,"name":"Heizb\u00e4nder (Hohlpatronen)","item":"https:\/\/www.etto.cz\/elektricka-topna-telesa\/topne-pasy\/"},{"@type":"ListItem","position":4,"name":"Heizb\u00e4nder mit Glimmerisolation"}]},{"@type":"WebSite","@id":"https:\/\/www.etto.cz\/#website","url":"https:\/\/www.etto.cz\/","name":"ETTO","description":"V\u00fdroba elektrick\u00fdch topn\u00fdch t\u011bles","potentialAction":[{"@type":"SearchAction","target":{"@type":"EntryPoint","urlTemplate":"https:\/\/www.etto.cz\/?s={search_term_string}"},"query-input":{"@type":"PropertyValueSpecification","valueRequired":true,"valueName":"search_term_string"}}],"inLanguage":"de"}]}},"_links":{"self":[{"href":"https:\/\/www.etto.cz\/de\/wp-json\/wp\/v2\/pages\/2860","targetHints":{"allow":["GET"]}}],"collection":[{"href":"https:\/\/www.etto.cz\/de\/wp-json\/wp\/v2\/pages"}],"about":[{"href":"https:\/\/www.etto.cz\/de\/wp-json\/wp\/v2\/types\/page"}],"author":[{"embeddable":true,"href":"https:\/\/www.etto.cz\/de\/wp-json\/wp\/v2\/users\/1"}],"replies":[{"embeddable":true,"href":"https:\/\/www.etto.cz\/de\/wp-json\/wp\/v2\/comments?post=2860"}],"version-history":[{"count":6,"href":"https:\/\/www.etto.cz\/de\/wp-json\/wp\/v2\/pages\/2860\/revisions"}],"predecessor-version":[{"id":5321,"href":"https:\/\/www.etto.cz\/de\/wp-json\/wp\/v2\/pages\/2860\/revisions\/5321"}],"up":[{"embeddable":true,"href":"https:\/\/www.etto.cz\/de\/wp-json\/wp\/v2\/pages\/2859"}],"wp:featuredmedia":[{"embeddable":true,"href":"https:\/\/www.etto.cz\/de\/wp-json\/wp\/v2\/media\/2605"}],"wp:attachment":[{"href":"https:\/\/www.etto.cz\/de\/wp-json\/wp\/v2\/media?parent=2860"}],"curies":[{"name":"wp","href":"https:\/\/api.w.org\/{rel}","templated":true}]}}