{"id":2861,"date":"2018-03-14T15:22:10","date_gmt":"2018-03-14T14:22:10","guid":{"rendered":"http:\/\/www.etto.cz\/heizkorper\/heizbander-hulsen\/keramische-heizbander\/"},"modified":"2020-02-18T08:41:23","modified_gmt":"2020-02-18T07:41:23","slug":"keramische-heizbander","status":"publish","type":"page","link":"https:\/\/www.etto.cz\/de\/produkte\/heizbander-hulsen\/keramische-heizbander\/","title":{"rendered":"Keramische Heizb\u00e4nder"},"content":{"rendered":"<p style=\"text-align: justify;\">Wir produzieren keramische Heizb\u00e4nder f\u00fcr die Erw\u00e4rmung von Zylinderfl\u00e4chen, Fl\u00e4chen mit Ausnahme von Kreisprofilen, gem. Anforderungen des Kunden.<\/p>\n<p style=\"text-align: justify;\">Falls es im Hinblick auf Abmessungen oder der Spannung und Leistung herstellbar ist, ist diese Technologie bei h\u00f6heren Arbeitstemperaturen und bei leichter Oberfl\u00e4chenbelastung im Gegensatz zu den Glimmerheizb\u00e4ndern verwendbar. Der Wirkungsgrad des Bandes wird ca. um 15 \u2013 20% durch Einlage von einer mineralischen Isolierungsschicht zwischen Metallummantelung und keramischer Heizeinlage erh\u00f6ht.&nbsp; Je nach Gr\u00f6\u00dfe der Zylinderfl\u00e4che k\u00f6nnen sie einteilig oder zweiteilig sein.<\/p>\nngg_shortcode_0_placeholder\n","protected":false},"excerpt":{"rendered":"<p>Wir produzieren keramische Heizb\u00e4nder f\u00fcr die Erw\u00e4rmung von Zylinderfl\u00e4chen, Fl\u00e4chen mit Ausnahme von Kreisprofilen, gem. Anforderungen des Kunden. Falls es im Hinblick auf Abmessungen oder &#8230;<\/p>\n","protected":false},"author":1,"featured_media":2608,"parent":2859,"menu_order":0,"comment_status":"open","ping_status":"open","template":"_page-menu.php","meta":{"_acf_changed":false,"ngg_post_thumbnail":0,"footnotes":"","_links_to":"","_links_to_target":""},"class_list":["post-2861","page","type-page","status-publish","has-post-thumbnail","hentry"],"acf":[],"yoast_head":"<!-- This site is optimized with the Yoast SEO plugin v27.3 - https:\/\/yoast.com\/product\/yoast-seo-wordpress\/ -->\n<title>Keramische Heizb\u00e4nder | ELEKTRON-ETTO<\/title>\n<meta name=\"description\" content=\"Keramische Heizb\u00e4nder f\u00fcr Hochtemperaturanwendungen in Extrusion und Spritzguss. Individuelle Gr\u00f6\u00dfen und Leistungen von ELEKTRON-ETTO.\" \/>\n<meta name=\"robots\" content=\"index, follow, max-snippet:-1, max-image-preview:large, max-video-preview:-1\" \/>\n<link rel=\"canonical\" href=\"https:\/\/www.etto.cz\/de\/produkte\/heizbander-hulsen\/keramische-heizbander\/\" \/>\n<meta property=\"og:locale\" content=\"de_DE\" \/>\n<meta property=\"og:type\" content=\"article\" \/>\n<meta property=\"og:title\" content=\"Keramische Heizb\u00e4nder | ELEKTRON-ETTO\" \/>\n<meta property=\"og:description\" content=\"Keramische Heizb\u00e4nder f\u00fcr Hochtemperaturanwendungen in Extrusion und Spritzguss. Individuelle Gr\u00f6\u00dfen und Leistungen von ELEKTRON-ETTO.\" \/>\n<meta property=\"og:url\" content=\"https:\/\/www.etto.cz\/de\/produkte\/heizbander-hulsen\/keramische-heizbander\/\" \/>\n<meta property=\"og:site_name\" content=\"ETTO\" \/>\n<meta property=\"article:modified_time\" content=\"2020-02-18T07:41:23+00:00\" \/>\n<meta property=\"og:image\" content=\"https:\/\/www.etto.cz\/wp-content\/uploads\/2016\/12\/keramicky_pas.jpg\" \/>\n\t<meta property=\"og:image:width\" content=\"1024\" \/>\n\t<meta property=\"og:image:height\" content=\"811\" \/>\n\t<meta property=\"og:image:type\" content=\"image\/jpeg\" \/>\n<meta name=\"twitter:card\" content=\"summary_large_image\" \/>\n<meta name=\"twitter:label1\" content=\"Gesch\u00e4tzte Lesezeit\" \/>\n\t<meta name=\"twitter:data1\" content=\"1\u00a0Minute\" \/>\n<script type=\"application\/ld+json\" class=\"yoast-schema-graph\">{\"@context\":\"https:\\\/\\\/schema.org\",\"@graph\":[{\"@type\":\"WebPage\",\"@id\":\"https:\\\/\\\/www.etto.cz\\\/elektricka-topna-telesa\\\/topne-pasy\\\/topne-pasy-keramicke\\\/\",\"url\":\"https:\\\/\\\/www.etto.cz\\\/elektricka-topna-telesa\\\/topne-pasy\\\/topne-pasy-keramicke\\\/\",\"name\":\"Keramische Heizb\u00e4nder | ELEKTRON-ETTO\",\"isPartOf\":{\"@id\":\"https:\\\/\\\/www.etto.cz\\\/#website\"},\"primaryImageOfPage\":{\"@id\":\"https:\\\/\\\/www.etto.cz\\\/elektricka-topna-telesa\\\/topne-pasy\\\/topne-pasy-keramicke\\\/#primaryimage\"},\"image\":{\"@id\":\"https:\\\/\\\/www.etto.cz\\\/elektricka-topna-telesa\\\/topne-pasy\\\/topne-pasy-keramicke\\\/#primaryimage\"},\"thumbnailUrl\":\"https:\\\/\\\/www.etto.cz\\\/wp-content\\\/uploads\\\/2016\\\/12\\\/keramicky_pas.jpg\",\"datePublished\":\"2018-03-14T14:22:10+00:00\",\"dateModified\":\"2020-02-18T07:41:23+00:00\",\"description\":\"Keramische Heizb\u00e4nder f\u00fcr Hochtemperaturanwendungen in Extrusion und Spritzguss. Individuelle Gr\u00f6\u00dfen und Leistungen von ELEKTRON-ETTO.\",\"breadcrumb\":{\"@id\":\"https:\\\/\\\/www.etto.cz\\\/elektricka-topna-telesa\\\/topne-pasy\\\/topne-pasy-keramicke\\\/#breadcrumb\"},\"inLanguage\":\"de\",\"potentialAction\":[{\"@type\":\"ReadAction\",\"target\":[\"https:\\\/\\\/www.etto.cz\\\/elektricka-topna-telesa\\\/topne-pasy\\\/topne-pasy-keramicke\\\/\"]}]},{\"@type\":\"ImageObject\",\"inLanguage\":\"de\",\"@id\":\"https:\\\/\\\/www.etto.cz\\\/elektricka-topna-telesa\\\/topne-pasy\\\/topne-pasy-keramicke\\\/#primaryimage\",\"url\":\"https:\\\/\\\/www.etto.cz\\\/wp-content\\\/uploads\\\/2016\\\/12\\\/keramicky_pas.jpg\",\"contentUrl\":\"https:\\\/\\\/www.etto.cz\\\/wp-content\\\/uploads\\\/2016\\\/12\\\/keramicky_pas.jpg\",\"width\":1024,\"height\":811},{\"@type\":\"BreadcrumbList\",\"@id\":\"https:\\\/\\\/www.etto.cz\\\/elektricka-topna-telesa\\\/topne-pasy\\\/topne-pasy-keramicke\\\/#breadcrumb\",\"itemListElement\":[{\"@type\":\"ListItem\",\"position\":1,\"name\":\"Dom\u016f\",\"item\":\"https:\\\/\\\/www.etto.cz\\\/\"},{\"@type\":\"ListItem\",\"position\":2,\"name\":\"Produkte\",\"item\":\"https:\\\/\\\/www.etto.cz\\\/elektricka-topna-telesa\\\/\"},{\"@type\":\"ListItem\",\"position\":3,\"name\":\"Heizb\u00e4nder (Hohlpatronen)\",\"item\":\"https:\\\/\\\/www.etto.cz\\\/elektricka-topna-telesa\\\/topne-pasy\\\/\"},{\"@type\":\"ListItem\",\"position\":4,\"name\":\"Keramische Heizb\u00e4nder\"}]},{\"@type\":\"WebSite\",\"@id\":\"https:\\\/\\\/www.etto.cz\\\/#website\",\"url\":\"https:\\\/\\\/www.etto.cz\\\/\",\"name\":\"ETTO\",\"description\":\"V\u00fdroba elektrick\u00fdch topn\u00fdch t\u011bles\",\"potentialAction\":[{\"@type\":\"SearchAction\",\"target\":{\"@type\":\"EntryPoint\",\"urlTemplate\":\"https:\\\/\\\/www.etto.cz\\\/?s={search_term_string}\"},\"query-input\":{\"@type\":\"PropertyValueSpecification\",\"valueRequired\":true,\"valueName\":\"search_term_string\"}}],\"inLanguage\":\"de\"}]}<\/script>\n<!-- \/ Yoast SEO plugin. -->","yoast_head_json":{"title":"Keramische Heizb\u00e4nder | ELEKTRON-ETTO","description":"Keramische Heizb\u00e4nder f\u00fcr Hochtemperaturanwendungen in Extrusion und Spritzguss. Individuelle Gr\u00f6\u00dfen und Leistungen von ELEKTRON-ETTO.","robots":{"index":"index","follow":"follow","max-snippet":"max-snippet:-1","max-image-preview":"max-image-preview:large","max-video-preview":"max-video-preview:-1"},"canonical":"https:\/\/www.etto.cz\/de\/produkte\/heizbander-hulsen\/keramische-heizbander\/","og_locale":"de_DE","og_type":"article","og_title":"Keramische Heizb\u00e4nder | ELEKTRON-ETTO","og_description":"Keramische Heizb\u00e4nder f\u00fcr Hochtemperaturanwendungen in Extrusion und Spritzguss. Individuelle Gr\u00f6\u00dfen und Leistungen von ELEKTRON-ETTO.","og_url":"https:\/\/www.etto.cz\/de\/produkte\/heizbander-hulsen\/keramische-heizbander\/","og_site_name":"ETTO","article_modified_time":"2020-02-18T07:41:23+00:00","og_image":[{"width":1024,"height":811,"url":"https:\/\/www.etto.cz\/wp-content\/uploads\/2016\/12\/keramicky_pas.jpg","type":"image\/jpeg"}],"twitter_card":"summary_large_image","twitter_misc":{"Gesch\u00e4tzte Lesezeit":"1\u00a0Minute"},"schema":{"@context":"https:\/\/schema.org","@graph":[{"@type":"WebPage","@id":"https:\/\/www.etto.cz\/elektricka-topna-telesa\/topne-pasy\/topne-pasy-keramicke\/","url":"https:\/\/www.etto.cz\/elektricka-topna-telesa\/topne-pasy\/topne-pasy-keramicke\/","name":"Keramische Heizb\u00e4nder | ELEKTRON-ETTO","isPartOf":{"@id":"https:\/\/www.etto.cz\/#website"},"primaryImageOfPage":{"@id":"https:\/\/www.etto.cz\/elektricka-topna-telesa\/topne-pasy\/topne-pasy-keramicke\/#primaryimage"},"image":{"@id":"https:\/\/www.etto.cz\/elektricka-topna-telesa\/topne-pasy\/topne-pasy-keramicke\/#primaryimage"},"thumbnailUrl":"https:\/\/www.etto.cz\/wp-content\/uploads\/2016\/12\/keramicky_pas.jpg","datePublished":"2018-03-14T14:22:10+00:00","dateModified":"2020-02-18T07:41:23+00:00","description":"Keramische Heizb\u00e4nder f\u00fcr Hochtemperaturanwendungen in Extrusion und Spritzguss. Individuelle Gr\u00f6\u00dfen und Leistungen von ELEKTRON-ETTO.","breadcrumb":{"@id":"https:\/\/www.etto.cz\/elektricka-topna-telesa\/topne-pasy\/topne-pasy-keramicke\/#breadcrumb"},"inLanguage":"de","potentialAction":[{"@type":"ReadAction","target":["https:\/\/www.etto.cz\/elektricka-topna-telesa\/topne-pasy\/topne-pasy-keramicke\/"]}]},{"@type":"ImageObject","inLanguage":"de","@id":"https:\/\/www.etto.cz\/elektricka-topna-telesa\/topne-pasy\/topne-pasy-keramicke\/#primaryimage","url":"https:\/\/www.etto.cz\/wp-content\/uploads\/2016\/12\/keramicky_pas.jpg","contentUrl":"https:\/\/www.etto.cz\/wp-content\/uploads\/2016\/12\/keramicky_pas.jpg","width":1024,"height":811},{"@type":"BreadcrumbList","@id":"https:\/\/www.etto.cz\/elektricka-topna-telesa\/topne-pasy\/topne-pasy-keramicke\/#breadcrumb","itemListElement":[{"@type":"ListItem","position":1,"name":"Dom\u016f","item":"https:\/\/www.etto.cz\/"},{"@type":"ListItem","position":2,"name":"Produkte","item":"https:\/\/www.etto.cz\/elektricka-topna-telesa\/"},{"@type":"ListItem","position":3,"name":"Heizb\u00e4nder (Hohlpatronen)","item":"https:\/\/www.etto.cz\/elektricka-topna-telesa\/topne-pasy\/"},{"@type":"ListItem","position":4,"name":"Keramische Heizb\u00e4nder"}]},{"@type":"WebSite","@id":"https:\/\/www.etto.cz\/#website","url":"https:\/\/www.etto.cz\/","name":"ETTO","description":"V\u00fdroba elektrick\u00fdch topn\u00fdch t\u011bles","potentialAction":[{"@type":"SearchAction","target":{"@type":"EntryPoint","urlTemplate":"https:\/\/www.etto.cz\/?s={search_term_string}"},"query-input":{"@type":"PropertyValueSpecification","valueRequired":true,"valueName":"search_term_string"}}],"inLanguage":"de"}]}},"_links":{"self":[{"href":"https:\/\/www.etto.cz\/de\/wp-json\/wp\/v2\/pages\/2861","targetHints":{"allow":["GET"]}}],"collection":[{"href":"https:\/\/www.etto.cz\/de\/wp-json\/wp\/v2\/pages"}],"about":[{"href":"https:\/\/www.etto.cz\/de\/wp-json\/wp\/v2\/types\/page"}],"author":[{"embeddable":true,"href":"https:\/\/www.etto.cz\/de\/wp-json\/wp\/v2\/users\/1"}],"replies":[{"embeddable":true,"href":"https:\/\/www.etto.cz\/de\/wp-json\/wp\/v2\/comments?post=2861"}],"version-history":[{"count":3,"href":"https:\/\/www.etto.cz\/de\/wp-json\/wp\/v2\/pages\/2861\/revisions"}],"predecessor-version":[{"id":4726,"href":"https:\/\/www.etto.cz\/de\/wp-json\/wp\/v2\/pages\/2861\/revisions\/4726"}],"up":[{"embeddable":true,"href":"https:\/\/www.etto.cz\/de\/wp-json\/wp\/v2\/pages\/2859"}],"wp:featuredmedia":[{"embeddable":true,"href":"https:\/\/www.etto.cz\/de\/wp-json\/wp\/v2\/media\/2608"}],"wp:attachment":[{"href":"https:\/\/www.etto.cz\/de\/wp-json\/wp\/v2\/media?parent=2861"}],"curies":[{"name":"wp","href":"https:\/\/api.w.org\/{rel}","templated":true}]}}