{"id":2862,"date":"2018-03-14T15:22:31","date_gmt":"2018-03-14T14:22:31","guid":{"rendered":"http:\/\/www.etto.cz\/heizkorper\/heizbander-hulsen\/heizhalsband-aus-stab-profil-9-x-4\/"},"modified":"2023-11-13T14:12:43","modified_gmt":"2023-11-13T13:12:43","slug":"heizhalsband-aus-stab-profil-9-x-4","status":"publish","type":"page","link":"https:\/\/www.etto.cz\/de\/produkte\/heizbander-hulsen\/heizhalsband-aus-stab-profil-9-x-4\/","title":{"rendered":"Heizhohlpatrone aus Stab, Profil 7.2\u00d72.7"},"content":{"rendered":"<p style=\"text-align: justify;\">Die Konstruktion dieser Hohlpatrone sichert eine Widerstandsf\u00e4higkeit gegen mechanische Einfl\u00fcsse, St\u00f6\u00dfe, einschlie\u00dflich Abwertung der Isolierung durch Feuchtigkeit, zuf\u00e4lliges Eintauchen usw.<\/p>\n<p style=\"text-align: justify;\">\n<a class=\"fancybox left\" href=\"http:\/\/www.etto.cz\/wp-content\/uploads\/2017\/01\/topny_obojek_20x25.jpg\"><img loading=\"lazy\" decoding=\"async\" class=\"alignnone wp-image-1372\" src=\"https:\/\/www.etto.cz\/wp-content\/uploads\/2017\/01\/topny_obojek_20x25-300x300.jpg\" alt=\"Heiz_Hohlpatrone_20x25\" width=\"150\" height=\"150\"><\/a><\/p>\n","protected":false},"excerpt":{"rendered":"<p>Die Konstruktion dieser Hohlpatrone sichert eine Widerstandsf\u00e4higkeit gegen mechanische Einfl\u00fcsse, St\u00f6\u00dfe, einschlie\u00dflich Abwertung der Isolierung durch Feuchtigkeit, zuf\u00e4lliges Eintauchen usw.<\/p>\n","protected":false},"author":1,"featured_media":2248,"parent":2859,"menu_order":0,"comment_status":"open","ping_status":"open","template":"_page-menu.php","meta":{"_acf_changed":false,"ngg_post_thumbnail":0,"footnotes":"","_links_to":"","_links_to_target":""},"class_list":["post-2862","page","type-page","status-publish","has-post-thumbnail","hentry"],"acf":[],"yoast_head":"<!-- This site is optimized with the Yoast SEO plugin v27.4 - https:\/\/yoast.com\/product\/yoast-seo-wordpress\/ -->\n<title>Heizhohlpatrone aus Stab, Profil 7.2x2.7 | ELEKTRON-ETTO<\/title>\n<meta name=\"description\" content=\"Pr\u00e4zisions-Heizhohlpatronen aus Stab mit 7,2x2,7mm Profil. D\u00fcsenheizungen f\u00fcr Kunststoffverarbeitung von ELEKTRON-ETTO.\" \/>\n<meta name=\"robots\" content=\"index, follow, max-snippet:-1, max-image-preview:large, max-video-preview:-1\" \/>\n<link rel=\"canonical\" href=\"https:\/\/www.etto.cz\/de\/produkte\/heizbander-hulsen\/heizhalsband-aus-stab-profil-9-x-4\/\" \/>\n<meta property=\"og:locale\" content=\"de_DE\" \/>\n<meta property=\"og:type\" content=\"article\" \/>\n<meta property=\"og:title\" content=\"Heizhohlpatrone aus Stab, Profil 7.2x2.7 | ELEKTRON-ETTO\" \/>\n<meta property=\"og:description\" content=\"Pr\u00e4zisions-Heizhohlpatronen aus Stab mit 7,2x2,7mm Profil. D\u00fcsenheizungen f\u00fcr Kunststoffverarbeitung von ELEKTRON-ETTO.\" \/>\n<meta property=\"og:url\" content=\"https:\/\/www.etto.cz\/de\/produkte\/heizbander-hulsen\/heizhalsband-aus-stab-profil-9-x-4\/\" \/>\n<meta property=\"og:site_name\" content=\"ETTO\" \/>\n<meta property=\"article:modified_time\" content=\"2023-11-13T13:12:43+00:00\" \/>\n<meta property=\"og:image\" content=\"https:\/\/www.etto.cz\/wp-content\/uploads\/2015\/05\/topne-pasy.jpg\" \/>\n\t<meta property=\"og:image:width\" content=\"400\" \/>\n\t<meta property=\"og:image:height\" content=\"400\" \/>\n\t<meta property=\"og:image:type\" content=\"image\/jpeg\" \/>\n<meta name=\"twitter:card\" content=\"summary_large_image\" \/>\n<meta name=\"twitter:label1\" content=\"Gesch\u00e4tzte Lesezeit\" \/>\n\t<meta name=\"twitter:data1\" content=\"1\u00a0Minute\" \/>\n<script type=\"application\/ld+json\" class=\"yoast-schema-graph\">{\"@context\":\"https:\\\/\\\/schema.org\",\"@graph\":[{\"@type\":\"WebPage\",\"@id\":\"https:\\\/\\\/www.etto.cz\\\/elektricka-topna-telesa\\\/topne-pasy\\\/topny-obojek-z-tyce-profilu-9-x-4\\\/\",\"url\":\"https:\\\/\\\/www.etto.cz\\\/elektricka-topna-telesa\\\/topne-pasy\\\/topny-obojek-z-tyce-profilu-9-x-4\\\/\",\"name\":\"Heizhohlpatrone aus Stab, Profil 7.2x2.7 | ELEKTRON-ETTO\",\"isPartOf\":{\"@id\":\"https:\\\/\\\/www.etto.cz\\\/#website\"},\"primaryImageOfPage\":{\"@id\":\"https:\\\/\\\/www.etto.cz\\\/elektricka-topna-telesa\\\/topne-pasy\\\/topny-obojek-z-tyce-profilu-9-x-4\\\/#primaryimage\"},\"image\":{\"@id\":\"https:\\\/\\\/www.etto.cz\\\/elektricka-topna-telesa\\\/topne-pasy\\\/topny-obojek-z-tyce-profilu-9-x-4\\\/#primaryimage\"},\"thumbnailUrl\":\"https:\\\/\\\/www.etto.cz\\\/wp-content\\\/uploads\\\/2015\\\/05\\\/topne-pasy.jpg\",\"datePublished\":\"2018-03-14T14:22:31+00:00\",\"dateModified\":\"2023-11-13T13:12:43+00:00\",\"description\":\"Pr\u00e4zisions-Heizhohlpatronen aus Stab mit 7,2x2,7mm Profil. D\u00fcsenheizungen f\u00fcr Kunststoffverarbeitung von ELEKTRON-ETTO.\",\"breadcrumb\":{\"@id\":\"https:\\\/\\\/www.etto.cz\\\/elektricka-topna-telesa\\\/topne-pasy\\\/topny-obojek-z-tyce-profilu-9-x-4\\\/#breadcrumb\"},\"inLanguage\":\"de\",\"potentialAction\":[{\"@type\":\"ReadAction\",\"target\":[\"https:\\\/\\\/www.etto.cz\\\/elektricka-topna-telesa\\\/topne-pasy\\\/topny-obojek-z-tyce-profilu-9-x-4\\\/\"]}]},{\"@type\":\"ImageObject\",\"inLanguage\":\"de\",\"@id\":\"https:\\\/\\\/www.etto.cz\\\/elektricka-topna-telesa\\\/topne-pasy\\\/topny-obojek-z-tyce-profilu-9-x-4\\\/#primaryimage\",\"url\":\"https:\\\/\\\/www.etto.cz\\\/wp-content\\\/uploads\\\/2015\\\/05\\\/topne-pasy.jpg\",\"contentUrl\":\"https:\\\/\\\/www.etto.cz\\\/wp-content\\\/uploads\\\/2015\\\/05\\\/topne-pasy.jpg\",\"width\":400,\"height\":400},{\"@type\":\"BreadcrumbList\",\"@id\":\"https:\\\/\\\/www.etto.cz\\\/elektricka-topna-telesa\\\/topne-pasy\\\/topny-obojek-z-tyce-profilu-9-x-4\\\/#breadcrumb\",\"itemListElement\":[{\"@type\":\"ListItem\",\"position\":1,\"name\":\"Dom\u016f\",\"item\":\"https:\\\/\\\/www.etto.cz\\\/\"},{\"@type\":\"ListItem\",\"position\":2,\"name\":\"Produkte\",\"item\":\"https:\\\/\\\/www.etto.cz\\\/elektricka-topna-telesa\\\/\"},{\"@type\":\"ListItem\",\"position\":3,\"name\":\"Heizb\u00e4nder (Hohlpatronen)\",\"item\":\"https:\\\/\\\/www.etto.cz\\\/elektricka-topna-telesa\\\/topne-pasy\\\/\"},{\"@type\":\"ListItem\",\"position\":4,\"name\":\"Heizhohlpatrone aus Stab, Profil 7.2\u00d72.7\"}]},{\"@type\":\"WebSite\",\"@id\":\"https:\\\/\\\/www.etto.cz\\\/#website\",\"url\":\"https:\\\/\\\/www.etto.cz\\\/\",\"name\":\"ETTO\",\"description\":\"V\u00fdroba elektrick\u00fdch topn\u00fdch t\u011bles\",\"potentialAction\":[{\"@type\":\"SearchAction\",\"target\":{\"@type\":\"EntryPoint\",\"urlTemplate\":\"https:\\\/\\\/www.etto.cz\\\/?s={search_term_string}\"},\"query-input\":{\"@type\":\"PropertyValueSpecification\",\"valueRequired\":true,\"valueName\":\"search_term_string\"}}],\"inLanguage\":\"de\"}]}<\/script>\n<!-- \/ Yoast SEO plugin. -->","yoast_head_json":{"title":"Heizhohlpatrone aus Stab, Profil 7.2x2.7 | ELEKTRON-ETTO","description":"Pr\u00e4zisions-Heizhohlpatronen aus Stab mit 7,2x2,7mm Profil. D\u00fcsenheizungen f\u00fcr Kunststoffverarbeitung von ELEKTRON-ETTO.","robots":{"index":"index","follow":"follow","max-snippet":"max-snippet:-1","max-image-preview":"max-image-preview:large","max-video-preview":"max-video-preview:-1"},"canonical":"https:\/\/www.etto.cz\/de\/produkte\/heizbander-hulsen\/heizhalsband-aus-stab-profil-9-x-4\/","og_locale":"de_DE","og_type":"article","og_title":"Heizhohlpatrone aus Stab, Profil 7.2x2.7 | ELEKTRON-ETTO","og_description":"Pr\u00e4zisions-Heizhohlpatronen aus Stab mit 7,2x2,7mm Profil. D\u00fcsenheizungen f\u00fcr Kunststoffverarbeitung von ELEKTRON-ETTO.","og_url":"https:\/\/www.etto.cz\/de\/produkte\/heizbander-hulsen\/heizhalsband-aus-stab-profil-9-x-4\/","og_site_name":"ETTO","article_modified_time":"2023-11-13T13:12:43+00:00","og_image":[{"width":400,"height":400,"url":"https:\/\/www.etto.cz\/wp-content\/uploads\/2015\/05\/topne-pasy.jpg","type":"image\/jpeg"}],"twitter_card":"summary_large_image","twitter_misc":{"Gesch\u00e4tzte Lesezeit":"1\u00a0Minute"},"schema":{"@context":"https:\/\/schema.org","@graph":[{"@type":"WebPage","@id":"https:\/\/www.etto.cz\/elektricka-topna-telesa\/topne-pasy\/topny-obojek-z-tyce-profilu-9-x-4\/","url":"https:\/\/www.etto.cz\/elektricka-topna-telesa\/topne-pasy\/topny-obojek-z-tyce-profilu-9-x-4\/","name":"Heizhohlpatrone aus Stab, Profil 7.2x2.7 | ELEKTRON-ETTO","isPartOf":{"@id":"https:\/\/www.etto.cz\/#website"},"primaryImageOfPage":{"@id":"https:\/\/www.etto.cz\/elektricka-topna-telesa\/topne-pasy\/topny-obojek-z-tyce-profilu-9-x-4\/#primaryimage"},"image":{"@id":"https:\/\/www.etto.cz\/elektricka-topna-telesa\/topne-pasy\/topny-obojek-z-tyce-profilu-9-x-4\/#primaryimage"},"thumbnailUrl":"https:\/\/www.etto.cz\/wp-content\/uploads\/2015\/05\/topne-pasy.jpg","datePublished":"2018-03-14T14:22:31+00:00","dateModified":"2023-11-13T13:12:43+00:00","description":"Pr\u00e4zisions-Heizhohlpatronen aus Stab mit 7,2x2,7mm Profil. D\u00fcsenheizungen f\u00fcr Kunststoffverarbeitung von ELEKTRON-ETTO.","breadcrumb":{"@id":"https:\/\/www.etto.cz\/elektricka-topna-telesa\/topne-pasy\/topny-obojek-z-tyce-profilu-9-x-4\/#breadcrumb"},"inLanguage":"de","potentialAction":[{"@type":"ReadAction","target":["https:\/\/www.etto.cz\/elektricka-topna-telesa\/topne-pasy\/topny-obojek-z-tyce-profilu-9-x-4\/"]}]},{"@type":"ImageObject","inLanguage":"de","@id":"https:\/\/www.etto.cz\/elektricka-topna-telesa\/topne-pasy\/topny-obojek-z-tyce-profilu-9-x-4\/#primaryimage","url":"https:\/\/www.etto.cz\/wp-content\/uploads\/2015\/05\/topne-pasy.jpg","contentUrl":"https:\/\/www.etto.cz\/wp-content\/uploads\/2015\/05\/topne-pasy.jpg","width":400,"height":400},{"@type":"BreadcrumbList","@id":"https:\/\/www.etto.cz\/elektricka-topna-telesa\/topne-pasy\/topny-obojek-z-tyce-profilu-9-x-4\/#breadcrumb","itemListElement":[{"@type":"ListItem","position":1,"name":"Dom\u016f","item":"https:\/\/www.etto.cz\/"},{"@type":"ListItem","position":2,"name":"Produkte","item":"https:\/\/www.etto.cz\/elektricka-topna-telesa\/"},{"@type":"ListItem","position":3,"name":"Heizb\u00e4nder (Hohlpatronen)","item":"https:\/\/www.etto.cz\/elektricka-topna-telesa\/topne-pasy\/"},{"@type":"ListItem","position":4,"name":"Heizhohlpatrone aus Stab, Profil 7.2\u00d72.7"}]},{"@type":"WebSite","@id":"https:\/\/www.etto.cz\/#website","url":"https:\/\/www.etto.cz\/","name":"ETTO","description":"V\u00fdroba elektrick\u00fdch topn\u00fdch t\u011bles","potentialAction":[{"@type":"SearchAction","target":{"@type":"EntryPoint","urlTemplate":"https:\/\/www.etto.cz\/?s={search_term_string}"},"query-input":{"@type":"PropertyValueSpecification","valueRequired":true,"valueName":"search_term_string"}}],"inLanguage":"de"}]}},"_links":{"self":[{"href":"https:\/\/www.etto.cz\/de\/wp-json\/wp\/v2\/pages\/2862","targetHints":{"allow":["GET"]}}],"collection":[{"href":"https:\/\/www.etto.cz\/de\/wp-json\/wp\/v2\/pages"}],"about":[{"href":"https:\/\/www.etto.cz\/de\/wp-json\/wp\/v2\/types\/page"}],"author":[{"embeddable":true,"href":"https:\/\/www.etto.cz\/de\/wp-json\/wp\/v2\/users\/1"}],"replies":[{"embeddable":true,"href":"https:\/\/www.etto.cz\/de\/wp-json\/wp\/v2\/comments?post=2862"}],"version-history":[{"count":1,"href":"https:\/\/www.etto.cz\/de\/wp-json\/wp\/v2\/pages\/2862\/revisions"}],"predecessor-version":[{"id":5194,"href":"https:\/\/www.etto.cz\/de\/wp-json\/wp\/v2\/pages\/2862\/revisions\/5194"}],"up":[{"embeddable":true,"href":"https:\/\/www.etto.cz\/de\/wp-json\/wp\/v2\/pages\/2859"}],"wp:featuredmedia":[{"embeddable":true,"href":"https:\/\/www.etto.cz\/de\/wp-json\/wp\/v2\/media\/2248"}],"wp:attachment":[{"href":"https:\/\/www.etto.cz\/de\/wp-json\/wp\/v2\/media?parent=2862"}],"curies":[{"name":"wp","href":"https:\/\/api.w.org\/{rel}","templated":true}]}}