{"id":2863,"date":"2018-03-14T15:22:40","date_gmt":"2018-03-14T14:22:40","guid":{"rendered":"http:\/\/www.etto.cz\/heizkorper\/flache-heizkorper-mit-glimmerisolierung\/"},"modified":"2024-11-25T10:06:59","modified_gmt":"2024-11-25T09:06:59","slug":"flache-heizkorper-mit-glimmerisolierung","status":"publish","type":"page","link":"https:\/\/www.etto.cz\/de\/produkte\/flache-heizkorper-mit-glimmerisolierung\/","title":{"rendered":"Flachheizk\u00f6rper mit Glimmerisolierung"},"content":{"rendered":"<p>Wir produzieren flache Glimmerheizk\u00f6rper nach Kundenanforderungen.<\/p>\n","protected":false},"excerpt":{"rendered":"<p>Wir produzieren flache Glimmerheizk\u00f6rper nach Kundenanforderungen.<\/p>\n","protected":false},"author":1,"featured_media":2260,"parent":2883,"menu_order":0,"comment_status":"open","ping_status":"open","template":"_page-menu.php","meta":{"_acf_changed":false,"ngg_post_thumbnail":0,"footnotes":"","_links_to":"","_links_to_target":""},"class_list":["post-2863","page","type-page","status-publish","has-post-thumbnail","hentry"],"acf":[],"yoast_head":"<!-- This site is optimized with the Yoast SEO plugin v27.4 - https:\/\/yoast.com\/product\/yoast-seo-wordpress\/ -->\n<title>Flachheizk\u00f6rper mit Glimmerisolierung | ELEKTRON-ETTO<\/title>\n<meta name=\"description\" content=\"Flache Glimmer-Heizelemente f\u00fcr Oberfl\u00e4chenbeheizung. Individuelle Formen und Leistungen vom europ\u00e4ischen Hersteller ELEKTRON-ETTO.\" \/>\n<meta name=\"robots\" content=\"index, follow, max-snippet:-1, max-image-preview:large, max-video-preview:-1\" \/>\n<link rel=\"canonical\" href=\"https:\/\/www.etto.cz\/de\/produkte\/flache-heizkorper-mit-glimmerisolierung\/\" \/>\n<meta property=\"og:locale\" content=\"de_DE\" \/>\n<meta property=\"og:type\" content=\"article\" \/>\n<meta property=\"og:title\" content=\"Flachheizk\u00f6rper mit Glimmerisolierung | ELEKTRON-ETTO\" \/>\n<meta property=\"og:description\" content=\"Flache Glimmer-Heizelemente f\u00fcr Oberfl\u00e4chenbeheizung. Individuelle Formen und Leistungen vom europ\u00e4ischen Hersteller ELEKTRON-ETTO.\" \/>\n<meta property=\"og:url\" content=\"https:\/\/www.etto.cz\/de\/produkte\/flache-heizkorper-mit-glimmerisolierung\/\" \/>\n<meta property=\"og:site_name\" content=\"ETTO\" \/>\n<meta property=\"article:modified_time\" content=\"2024-11-25T09:06:59+00:00\" \/>\n<meta property=\"og:image\" content=\"https:\/\/www.etto.cz\/wp-content\/uploads\/2015\/05\/topna-telesa-se-slidovou-izolaci.jpg\" \/>\n\t<meta property=\"og:image:width\" content=\"400\" \/>\n\t<meta property=\"og:image:height\" content=\"400\" \/>\n\t<meta property=\"og:image:type\" content=\"image\/jpeg\" \/>\n<meta name=\"twitter:card\" content=\"summary_large_image\" \/>\n<script type=\"application\/ld+json\" class=\"yoast-schema-graph\">{\"@context\":\"https:\\\/\\\/schema.org\",\"@graph\":[{\"@type\":\"WebPage\",\"@id\":\"https:\\\/\\\/www.etto.cz\\\/elektricka-topna-telesa\\\/plocha-topna-telesa-se-slidovou-izolaci\\\/\",\"url\":\"https:\\\/\\\/www.etto.cz\\\/elektricka-topna-telesa\\\/plocha-topna-telesa-se-slidovou-izolaci\\\/\",\"name\":\"Flachheizk\u00f6rper mit Glimmerisolierung | ELEKTRON-ETTO\",\"isPartOf\":{\"@id\":\"https:\\\/\\\/www.etto.cz\\\/#website\"},\"primaryImageOfPage\":{\"@id\":\"https:\\\/\\\/www.etto.cz\\\/elektricka-topna-telesa\\\/plocha-topna-telesa-se-slidovou-izolaci\\\/#primaryimage\"},\"image\":{\"@id\":\"https:\\\/\\\/www.etto.cz\\\/elektricka-topna-telesa\\\/plocha-topna-telesa-se-slidovou-izolaci\\\/#primaryimage\"},\"thumbnailUrl\":\"https:\\\/\\\/www.etto.cz\\\/wp-content\\\/uploads\\\/2015\\\/05\\\/topna-telesa-se-slidovou-izolaci.jpg\",\"datePublished\":\"2018-03-14T14:22:40+00:00\",\"dateModified\":\"2024-11-25T09:06:59+00:00\",\"description\":\"Flache Glimmer-Heizelemente f\u00fcr Oberfl\u00e4chenbeheizung. Individuelle Formen und Leistungen vom europ\u00e4ischen Hersteller ELEKTRON-ETTO.\",\"breadcrumb\":{\"@id\":\"https:\\\/\\\/www.etto.cz\\\/elektricka-topna-telesa\\\/plocha-topna-telesa-se-slidovou-izolaci\\\/#breadcrumb\"},\"inLanguage\":\"de\",\"potentialAction\":[{\"@type\":\"ReadAction\",\"target\":[\"https:\\\/\\\/www.etto.cz\\\/elektricka-topna-telesa\\\/plocha-topna-telesa-se-slidovou-izolaci\\\/\"]}]},{\"@type\":\"ImageObject\",\"inLanguage\":\"de\",\"@id\":\"https:\\\/\\\/www.etto.cz\\\/elektricka-topna-telesa\\\/plocha-topna-telesa-se-slidovou-izolaci\\\/#primaryimage\",\"url\":\"https:\\\/\\\/www.etto.cz\\\/wp-content\\\/uploads\\\/2015\\\/05\\\/topna-telesa-se-slidovou-izolaci.jpg\",\"contentUrl\":\"https:\\\/\\\/www.etto.cz\\\/wp-content\\\/uploads\\\/2015\\\/05\\\/topna-telesa-se-slidovou-izolaci.jpg\",\"width\":400,\"height\":400},{\"@type\":\"BreadcrumbList\",\"@id\":\"https:\\\/\\\/www.etto.cz\\\/elektricka-topna-telesa\\\/plocha-topna-telesa-se-slidovou-izolaci\\\/#breadcrumb\",\"itemListElement\":[{\"@type\":\"ListItem\",\"position\":1,\"name\":\"Dom\u016f\",\"item\":\"https:\\\/\\\/www.etto.cz\\\/\"},{\"@type\":\"ListItem\",\"position\":2,\"name\":\"Produkte\",\"item\":\"https:\\\/\\\/www.etto.cz\\\/elektricka-topna-telesa\\\/\"},{\"@type\":\"ListItem\",\"position\":3,\"name\":\"Flachheizk\u00f6rper mit Glimmerisolierung\"}]},{\"@type\":\"WebSite\",\"@id\":\"https:\\\/\\\/www.etto.cz\\\/#website\",\"url\":\"https:\\\/\\\/www.etto.cz\\\/\",\"name\":\"ETTO\",\"description\":\"V\u00fdroba elektrick\u00fdch topn\u00fdch t\u011bles\",\"potentialAction\":[{\"@type\":\"SearchAction\",\"target\":{\"@type\":\"EntryPoint\",\"urlTemplate\":\"https:\\\/\\\/www.etto.cz\\\/?s={search_term_string}\"},\"query-input\":{\"@type\":\"PropertyValueSpecification\",\"valueRequired\":true,\"valueName\":\"search_term_string\"}}],\"inLanguage\":\"de\"}]}<\/script>\n<!-- \/ Yoast SEO plugin. -->","yoast_head_json":{"title":"Flachheizk\u00f6rper mit Glimmerisolierung | ELEKTRON-ETTO","description":"Flache Glimmer-Heizelemente f\u00fcr Oberfl\u00e4chenbeheizung. Individuelle Formen und Leistungen vom europ\u00e4ischen Hersteller ELEKTRON-ETTO.","robots":{"index":"index","follow":"follow","max-snippet":"max-snippet:-1","max-image-preview":"max-image-preview:large","max-video-preview":"max-video-preview:-1"},"canonical":"https:\/\/www.etto.cz\/de\/produkte\/flache-heizkorper-mit-glimmerisolierung\/","og_locale":"de_DE","og_type":"article","og_title":"Flachheizk\u00f6rper mit Glimmerisolierung | ELEKTRON-ETTO","og_description":"Flache Glimmer-Heizelemente f\u00fcr Oberfl\u00e4chenbeheizung. Individuelle Formen und Leistungen vom europ\u00e4ischen Hersteller ELEKTRON-ETTO.","og_url":"https:\/\/www.etto.cz\/de\/produkte\/flache-heizkorper-mit-glimmerisolierung\/","og_site_name":"ETTO","article_modified_time":"2024-11-25T09:06:59+00:00","og_image":[{"width":400,"height":400,"url":"https:\/\/www.etto.cz\/wp-content\/uploads\/2015\/05\/topna-telesa-se-slidovou-izolaci.jpg","type":"image\/jpeg"}],"twitter_card":"summary_large_image","schema":{"@context":"https:\/\/schema.org","@graph":[{"@type":"WebPage","@id":"https:\/\/www.etto.cz\/elektricka-topna-telesa\/plocha-topna-telesa-se-slidovou-izolaci\/","url":"https:\/\/www.etto.cz\/elektricka-topna-telesa\/plocha-topna-telesa-se-slidovou-izolaci\/","name":"Flachheizk\u00f6rper mit Glimmerisolierung | ELEKTRON-ETTO","isPartOf":{"@id":"https:\/\/www.etto.cz\/#website"},"primaryImageOfPage":{"@id":"https:\/\/www.etto.cz\/elektricka-topna-telesa\/plocha-topna-telesa-se-slidovou-izolaci\/#primaryimage"},"image":{"@id":"https:\/\/www.etto.cz\/elektricka-topna-telesa\/plocha-topna-telesa-se-slidovou-izolaci\/#primaryimage"},"thumbnailUrl":"https:\/\/www.etto.cz\/wp-content\/uploads\/2015\/05\/topna-telesa-se-slidovou-izolaci.jpg","datePublished":"2018-03-14T14:22:40+00:00","dateModified":"2024-11-25T09:06:59+00:00","description":"Flache Glimmer-Heizelemente f\u00fcr Oberfl\u00e4chenbeheizung. Individuelle Formen und Leistungen vom europ\u00e4ischen Hersteller ELEKTRON-ETTO.","breadcrumb":{"@id":"https:\/\/www.etto.cz\/elektricka-topna-telesa\/plocha-topna-telesa-se-slidovou-izolaci\/#breadcrumb"},"inLanguage":"de","potentialAction":[{"@type":"ReadAction","target":["https:\/\/www.etto.cz\/elektricka-topna-telesa\/plocha-topna-telesa-se-slidovou-izolaci\/"]}]},{"@type":"ImageObject","inLanguage":"de","@id":"https:\/\/www.etto.cz\/elektricka-topna-telesa\/plocha-topna-telesa-se-slidovou-izolaci\/#primaryimage","url":"https:\/\/www.etto.cz\/wp-content\/uploads\/2015\/05\/topna-telesa-se-slidovou-izolaci.jpg","contentUrl":"https:\/\/www.etto.cz\/wp-content\/uploads\/2015\/05\/topna-telesa-se-slidovou-izolaci.jpg","width":400,"height":400},{"@type":"BreadcrumbList","@id":"https:\/\/www.etto.cz\/elektricka-topna-telesa\/plocha-topna-telesa-se-slidovou-izolaci\/#breadcrumb","itemListElement":[{"@type":"ListItem","position":1,"name":"Dom\u016f","item":"https:\/\/www.etto.cz\/"},{"@type":"ListItem","position":2,"name":"Produkte","item":"https:\/\/www.etto.cz\/elektricka-topna-telesa\/"},{"@type":"ListItem","position":3,"name":"Flachheizk\u00f6rper mit Glimmerisolierung"}]},{"@type":"WebSite","@id":"https:\/\/www.etto.cz\/#website","url":"https:\/\/www.etto.cz\/","name":"ETTO","description":"V\u00fdroba elektrick\u00fdch topn\u00fdch t\u011bles","potentialAction":[{"@type":"SearchAction","target":{"@type":"EntryPoint","urlTemplate":"https:\/\/www.etto.cz\/?s={search_term_string}"},"query-input":{"@type":"PropertyValueSpecification","valueRequired":true,"valueName":"search_term_string"}}],"inLanguage":"de"}]}},"_links":{"self":[{"href":"https:\/\/www.etto.cz\/de\/wp-json\/wp\/v2\/pages\/2863","targetHints":{"allow":["GET"]}}],"collection":[{"href":"https:\/\/www.etto.cz\/de\/wp-json\/wp\/v2\/pages"}],"about":[{"href":"https:\/\/www.etto.cz\/de\/wp-json\/wp\/v2\/types\/page"}],"author":[{"embeddable":true,"href":"https:\/\/www.etto.cz\/de\/wp-json\/wp\/v2\/users\/1"}],"replies":[{"embeddable":true,"href":"https:\/\/www.etto.cz\/de\/wp-json\/wp\/v2\/comments?post=2863"}],"version-history":[{"count":1,"href":"https:\/\/www.etto.cz\/de\/wp-json\/wp\/v2\/pages\/2863\/revisions"}],"predecessor-version":[{"id":5325,"href":"https:\/\/www.etto.cz\/de\/wp-json\/wp\/v2\/pages\/2863\/revisions\/5325"}],"up":[{"embeddable":true,"href":"https:\/\/www.etto.cz\/de\/wp-json\/wp\/v2\/pages\/2883"}],"wp:featuredmedia":[{"embeddable":true,"href":"https:\/\/www.etto.cz\/de\/wp-json\/wp\/v2\/media\/2260"}],"wp:attachment":[{"href":"https:\/\/www.etto.cz\/de\/wp-json\/wp\/v2\/media?parent=2863"}],"curies":[{"name":"wp","href":"https:\/\/api.w.org\/{rel}","templated":true}]}}