{"id":2866,"date":"2018-03-14T15:23:08","date_gmt":"2018-03-14T14:23:08","guid":{"rendered":"http:\/\/www.etto.cz\/stofferwarmung\/erwarmung-von-gasen\/"},"modified":"2024-11-21T08:41:59","modified_gmt":"2024-11-21T07:41:59","slug":"erwarmung-von-gasen","status":"publish","type":"page","link":"https:\/\/www.etto.cz\/de\/stofferwarmung\/erwarmung-von-gasen\/","title":{"rendered":"Erw\u00e4rmung von Gasen"},"content":{"rendered":"<p style=\"text-align: justify;\">In der Praxis handelt es sich am meisten um Lufterw\u00e4rmung.<\/p>\n<p style=\"text-align: justify;\"><strong>Informationen, welche f\u00fcr die Bestimmung der zugef\u00fchrten Leistung der Heizk\u00f6rper n\u00f6tig sind, welche zur Erw\u00e4rmung von Gasstoffen dienen:<\/strong><\/p>\n<ul style=\"text-align: justify;\">\n<li>Gasspezifikationen.<\/li>\n<li>Str\u00f6mungsgeschwindigkeit (m\/s).<\/li>\n<li>Gasdichte (kg\/m<sup>3<\/sup>) (falls es sich um Druckgas handelt).<\/li>\n<li>Eingangs- und Zieltemperatur des Gases.<\/li>\n<li>Informationen in Bezug auf Umgebung (Parameter der Rohrleitung, Isolierung, usw.).<\/li>\n<\/ul>\n<p style=\"text-align: justify;\"><strong>F\u00fcr<\/strong> den Entwurf einer konkreten K\u00f6rperform werden folgende Informationen ben\u00f6tigt:<\/p>\n<ul style=\"text-align: justify;\">\n<li>Abmessungen des Heizraums, L\u00e4nge der nicht heizenden Teile der St\u00e4be, Platz f\u00fcr Befestigung der St\u00e4be und Raum f\u00fcr Klemmleiste usw.<\/li>\n<li>Umgebung und einschr\u00e4nkende Faktoren an der elektrischen Abschlussstelle (z. B. Vibration, Bewegung der Teile, Feuchtigkeit, Biegestellen am Austrittsort aus dem Teil, Gefahr von mechanischen Besch\u00e4digungen, Kontaminationsgefahr durch \u00d6l oder andere Fl\u00fcssigkeiten, Explosionsf\u00e4higkeit der Umgebung usw.)<\/li>\n<li>Vorgesehene Art der Temperaturregulation.<\/li>\n<li>Die Oberfl\u00e4chenbelastung der St\u00e4be wird aufgrund der Temperatur und Schnelligkeit der Gasstr\u00f6mung bestimmt.<\/li>\n<\/ul>\n<p>F\u00fcr weitere Informationen oder Hilfe bei der L\u00f6sung von konkreten Heizsituationen k\u00f6nnen Sie uns gerne kontaktieren.<\/p>\n<p>Die am meisten verwendeten K\u00f6rper f\u00fcr Gaserw\u00e4rmung k\u00f6nnen Sie in unserem Katalog sehen:<\/p>\n<p><a href=\"http:\/\/www.etto.cz\/wp-content\/uploads\/2017\/06\/katalog_ohrev_plynu.pdf\" target=\"_blank\" rel=\"noopener\"><img loading=\"lazy\" decoding=\"async\" class=\"alignnone wp-image-3254 size-full\" src=\"http:\/\/www.etto.cz\/wp-content\/uploads\/2018\/05\/pdf-e1527166728716.png\" alt=\"\" width=\"24\" height=\"24\"><\/a> <a href=\"https:\/\/www.etto.cz\/wp-content\/uploads\/2023\/11\/katalog_ohrev_plynu.pdf\" target=\"_blank\" rel=\"noopener\">Katalog der K\u00f6rper f\u00fcr Erw\u00e4rmung von Gasen<\/a><\/p>\n","protected":false},"excerpt":{"rendered":"<p>In der Praxis handelt es sich am meisten um Lufterw\u00e4rmung. Informationen, welche f\u00fcr die Bestimmung der zugef\u00fchrten Leistung der Heizk\u00f6rper n\u00f6tig sind, welche zur Erw\u00e4rmung &#8230;<\/p>\n","protected":false},"author":1,"featured_media":0,"parent":2865,"menu_order":0,"comment_status":"open","ping_status":"open","template":"_page-menu.php","meta":{"_acf_changed":false,"ngg_post_thumbnail":0,"footnotes":"","_links_to":"","_links_to_target":""},"class_list":["post-2866","page","type-page","status-publish","hentry"],"acf":[],"yoast_head":"<!-- This site is optimized with the Yoast SEO plugin v27.5 - https:\/\/yoast.com\/product\/yoast-seo-wordpress\/ -->\n<title>Heizelemente f\u00fcr Gaserw\u00e4rmung | ELEKTRON-ETTO<\/title>\n<meta name=\"description\" content=\"Industrielle Heizelemente f\u00fcr Luft- und Gaserw\u00e4rmung. Rohrheizelemente und Rippenrohrheizk\u00f6rper vom europ\u00e4ischen Hersteller ELEKTRON-ETTO.\" \/>\n<meta name=\"robots\" content=\"index, follow, max-snippet:-1, max-image-preview:large, max-video-preview:-1\" \/>\n<link rel=\"canonical\" href=\"https:\/\/www.etto.cz\/de\/stofferwarmung\/erwarmung-von-gasen\/\" \/>\n<meta property=\"og:locale\" content=\"de_DE\" \/>\n<meta property=\"og:type\" content=\"article\" \/>\n<meta property=\"og:title\" content=\"Heizelemente f\u00fcr Gaserw\u00e4rmung | ELEKTRON-ETTO\" \/>\n<meta property=\"og:description\" content=\"Industrielle Heizelemente f\u00fcr Luft- und Gaserw\u00e4rmung. Rohrheizelemente und Rippenrohrheizk\u00f6rper vom europ\u00e4ischen Hersteller ELEKTRON-ETTO.\" \/>\n<meta property=\"og:url\" content=\"https:\/\/www.etto.cz\/de\/stofferwarmung\/erwarmung-von-gasen\/\" \/>\n<meta property=\"og:site_name\" content=\"ETTO\" \/>\n<meta property=\"article:modified_time\" content=\"2024-11-21T07:41:59+00:00\" \/>\n<meta property=\"og:image\" content=\"https:\/\/www.etto.cz\/wp-content\/uploads\/2018\/05\/pdf-e1527166728716.png\" \/>\n\t<meta property=\"og:image:width\" content=\"24\" \/>\n\t<meta property=\"og:image:height\" content=\"24\" \/>\n\t<meta property=\"og:image:type\" content=\"image\/png\" \/>\n<meta name=\"twitter:card\" content=\"summary_large_image\" \/>\n<meta name=\"twitter:label1\" content=\"Gesch\u00e4tzte Lesezeit\" \/>\n\t<meta name=\"twitter:data1\" content=\"2\u00a0Minuten\" \/>\n<script type=\"application\/ld+json\" class=\"yoast-schema-graph\">{\"@context\":\"https:\\\/\\\/schema.org\",\"@graph\":[{\"@type\":\"WebPage\",\"@id\":\"https:\\\/\\\/www.etto.cz\\\/ohrev-latek\\\/ohrev-plynu\\\/\",\"url\":\"https:\\\/\\\/www.etto.cz\\\/ohrev-latek\\\/ohrev-plynu\\\/\",\"name\":\"Heizelemente f\u00fcr Gaserw\u00e4rmung | ELEKTRON-ETTO\",\"isPartOf\":{\"@id\":\"https:\\\/\\\/www.etto.cz\\\/#website\"},\"primaryImageOfPage\":{\"@id\":\"https:\\\/\\\/www.etto.cz\\\/ohrev-latek\\\/ohrev-plynu\\\/#primaryimage\"},\"image\":{\"@id\":\"https:\\\/\\\/www.etto.cz\\\/ohrev-latek\\\/ohrev-plynu\\\/#primaryimage\"},\"thumbnailUrl\":\"http:\\\/\\\/www.etto.cz\\\/wp-content\\\/uploads\\\/2018\\\/05\\\/pdf-e1527166728716.png\",\"datePublished\":\"2018-03-14T14:23:08+00:00\",\"dateModified\":\"2024-11-21T07:41:59+00:00\",\"description\":\"Industrielle Heizelemente f\u00fcr Luft- und Gaserw\u00e4rmung. Rohrheizelemente und Rippenrohrheizk\u00f6rper vom europ\u00e4ischen Hersteller ELEKTRON-ETTO.\",\"breadcrumb\":{\"@id\":\"https:\\\/\\\/www.etto.cz\\\/ohrev-latek\\\/ohrev-plynu\\\/#breadcrumb\"},\"inLanguage\":\"de\",\"potentialAction\":[{\"@type\":\"ReadAction\",\"target\":[\"https:\\\/\\\/www.etto.cz\\\/ohrev-latek\\\/ohrev-plynu\\\/\"]}]},{\"@type\":\"ImageObject\",\"inLanguage\":\"de\",\"@id\":\"https:\\\/\\\/www.etto.cz\\\/ohrev-latek\\\/ohrev-plynu\\\/#primaryimage\",\"url\":\"http:\\\/\\\/www.etto.cz\\\/wp-content\\\/uploads\\\/2018\\\/05\\\/pdf-e1527166728716.png\",\"contentUrl\":\"http:\\\/\\\/www.etto.cz\\\/wp-content\\\/uploads\\\/2018\\\/05\\\/pdf-e1527166728716.png\"},{\"@type\":\"BreadcrumbList\",\"@id\":\"https:\\\/\\\/www.etto.cz\\\/ohrev-latek\\\/ohrev-plynu\\\/#breadcrumb\",\"itemListElement\":[{\"@type\":\"ListItem\",\"position\":1,\"name\":\"Dom\u016f\",\"item\":\"https:\\\/\\\/www.etto.cz\\\/\"},{\"@type\":\"ListItem\",\"position\":2,\"name\":\"Stofferw\u00e4rmung\",\"item\":\"https:\\\/\\\/www.etto.cz\\\/ohrev-latek\\\/\"},{\"@type\":\"ListItem\",\"position\":3,\"name\":\"Erw\u00e4rmung von Gasen\"}]},{\"@type\":\"WebSite\",\"@id\":\"https:\\\/\\\/www.etto.cz\\\/#website\",\"url\":\"https:\\\/\\\/www.etto.cz\\\/\",\"name\":\"ETTO\",\"description\":\"V\u00fdroba elektrick\u00fdch topn\u00fdch t\u011bles\",\"potentialAction\":[{\"@type\":\"SearchAction\",\"target\":{\"@type\":\"EntryPoint\",\"urlTemplate\":\"https:\\\/\\\/www.etto.cz\\\/?s={search_term_string}\"},\"query-input\":{\"@type\":\"PropertyValueSpecification\",\"valueRequired\":true,\"valueName\":\"search_term_string\"}}],\"inLanguage\":\"de\"}]}<\/script>\n<!-- \/ Yoast SEO plugin. -->","yoast_head_json":{"title":"Heizelemente f\u00fcr Gaserw\u00e4rmung | ELEKTRON-ETTO","description":"Industrielle Heizelemente f\u00fcr Luft- und Gaserw\u00e4rmung. Rohrheizelemente und Rippenrohrheizk\u00f6rper vom europ\u00e4ischen Hersteller ELEKTRON-ETTO.","robots":{"index":"index","follow":"follow","max-snippet":"max-snippet:-1","max-image-preview":"max-image-preview:large","max-video-preview":"max-video-preview:-1"},"canonical":"https:\/\/www.etto.cz\/de\/stofferwarmung\/erwarmung-von-gasen\/","og_locale":"de_DE","og_type":"article","og_title":"Heizelemente f\u00fcr Gaserw\u00e4rmung | ELEKTRON-ETTO","og_description":"Industrielle Heizelemente f\u00fcr Luft- und Gaserw\u00e4rmung. Rohrheizelemente und Rippenrohrheizk\u00f6rper vom europ\u00e4ischen Hersteller ELEKTRON-ETTO.","og_url":"https:\/\/www.etto.cz\/de\/stofferwarmung\/erwarmung-von-gasen\/","og_site_name":"ETTO","article_modified_time":"2024-11-21T07:41:59+00:00","og_image":[{"width":24,"height":24,"url":"https:\/\/www.etto.cz\/wp-content\/uploads\/2018\/05\/pdf-e1527166728716.png","type":"image\/png"}],"twitter_card":"summary_large_image","twitter_misc":{"Gesch\u00e4tzte Lesezeit":"2\u00a0Minuten"},"schema":{"@context":"https:\/\/schema.org","@graph":[{"@type":"WebPage","@id":"https:\/\/www.etto.cz\/ohrev-latek\/ohrev-plynu\/","url":"https:\/\/www.etto.cz\/ohrev-latek\/ohrev-plynu\/","name":"Heizelemente f\u00fcr Gaserw\u00e4rmung | ELEKTRON-ETTO","isPartOf":{"@id":"https:\/\/www.etto.cz\/#website"},"primaryImageOfPage":{"@id":"https:\/\/www.etto.cz\/ohrev-latek\/ohrev-plynu\/#primaryimage"},"image":{"@id":"https:\/\/www.etto.cz\/ohrev-latek\/ohrev-plynu\/#primaryimage"},"thumbnailUrl":"http:\/\/www.etto.cz\/wp-content\/uploads\/2018\/05\/pdf-e1527166728716.png","datePublished":"2018-03-14T14:23:08+00:00","dateModified":"2024-11-21T07:41:59+00:00","description":"Industrielle Heizelemente f\u00fcr Luft- und Gaserw\u00e4rmung. Rohrheizelemente und Rippenrohrheizk\u00f6rper vom europ\u00e4ischen Hersteller ELEKTRON-ETTO.","breadcrumb":{"@id":"https:\/\/www.etto.cz\/ohrev-latek\/ohrev-plynu\/#breadcrumb"},"inLanguage":"de","potentialAction":[{"@type":"ReadAction","target":["https:\/\/www.etto.cz\/ohrev-latek\/ohrev-plynu\/"]}]},{"@type":"ImageObject","inLanguage":"de","@id":"https:\/\/www.etto.cz\/ohrev-latek\/ohrev-plynu\/#primaryimage","url":"http:\/\/www.etto.cz\/wp-content\/uploads\/2018\/05\/pdf-e1527166728716.png","contentUrl":"http:\/\/www.etto.cz\/wp-content\/uploads\/2018\/05\/pdf-e1527166728716.png"},{"@type":"BreadcrumbList","@id":"https:\/\/www.etto.cz\/ohrev-latek\/ohrev-plynu\/#breadcrumb","itemListElement":[{"@type":"ListItem","position":1,"name":"Dom\u016f","item":"https:\/\/www.etto.cz\/"},{"@type":"ListItem","position":2,"name":"Stofferw\u00e4rmung","item":"https:\/\/www.etto.cz\/ohrev-latek\/"},{"@type":"ListItem","position":3,"name":"Erw\u00e4rmung von Gasen"}]},{"@type":"WebSite","@id":"https:\/\/www.etto.cz\/#website","url":"https:\/\/www.etto.cz\/","name":"ETTO","description":"V\u00fdroba elektrick\u00fdch topn\u00fdch t\u011bles","potentialAction":[{"@type":"SearchAction","target":{"@type":"EntryPoint","urlTemplate":"https:\/\/www.etto.cz\/?s={search_term_string}"},"query-input":{"@type":"PropertyValueSpecification","valueRequired":true,"valueName":"search_term_string"}}],"inLanguage":"de"}]}},"_links":{"self":[{"href":"https:\/\/www.etto.cz\/de\/wp-json\/wp\/v2\/pages\/2866","targetHints":{"allow":["GET"]}}],"collection":[{"href":"https:\/\/www.etto.cz\/de\/wp-json\/wp\/v2\/pages"}],"about":[{"href":"https:\/\/www.etto.cz\/de\/wp-json\/wp\/v2\/types\/page"}],"author":[{"embeddable":true,"href":"https:\/\/www.etto.cz\/de\/wp-json\/wp\/v2\/users\/1"}],"replies":[{"embeddable":true,"href":"https:\/\/www.etto.cz\/de\/wp-json\/wp\/v2\/comments?post=2866"}],"version-history":[{"count":2,"href":"https:\/\/www.etto.cz\/de\/wp-json\/wp\/v2\/pages\/2866\/revisions"}],"predecessor-version":[{"id":5293,"href":"https:\/\/www.etto.cz\/de\/wp-json\/wp\/v2\/pages\/2866\/revisions\/5293"}],"up":[{"embeddable":true,"href":"https:\/\/www.etto.cz\/de\/wp-json\/wp\/v2\/pages\/2865"}],"wp:attachment":[{"href":"https:\/\/www.etto.cz\/de\/wp-json\/wp\/v2\/media?parent=2866"}],"curies":[{"name":"wp","href":"https:\/\/api.w.org\/{rel}","templated":true}]}}