{"id":2868,"date":"2018-03-14T15:23:26","date_gmt":"2018-03-14T14:23:26","guid":{"rendered":"http:\/\/www.etto.cz\/stofferwarmung\/kontakterwarmung-von-festen-stoffen\/"},"modified":"2020-04-27T12:24:49","modified_gmt":"2020-04-27T11:24:49","slug":"kontakterwarmung-von-festen-stoffen","status":"publish","type":"page","link":"https:\/\/www.etto.cz\/de\/stofferwarmung\/kontakterwarmung-von-festen-stoffen\/","title":{"rendered":"Kontakterw\u00e4rmung von festen Stoffen"},"content":{"rendered":"<p><strong>Informationen, welche f\u00fcr die Bestimmung der zugef\u00fchrten Leistung der Heizk\u00f6rper n\u00f6tig sind, die zur Kontakterw\u00e4rmung von festen Stoffen dienen:<\/strong><\/p>\n<ul>\n<li style=\"text-align: justify;\">Spezifikation des geheizten Materials einschlie\u00dflich dessen Oberfl\u00e4che (gl\u00e4nzend, geschw\u00e4rzt, usw.).<\/li>\n<li style=\"text-align: justify;\">Gewicht, Form und Platzierung des Materials.<\/li>\n<li style=\"text-align: justify;\">Anfangs- und Zieltemperatur.<\/li>\n<li style=\"text-align: justify;\">Gew\u00fcnschte Erw\u00e4rmungszeit.<\/li>\n<li style=\"text-align: justify;\">Information \u00fcber die Umgebungstemperatur und eventuell \u00fcber die Art der Isolierung.<\/li>\n<\/ul>\n<p style=\"text-align: justify;\"><strong>F\u00fcr den Entwurf einer konkreten L\u00f6sung, d.h. f\u00fcr die Wahl des Typs vom Heizk\u00f6rper, Form und Abmessung ist es n\u00f6tig, folgendes zu definieren:<\/strong><\/p>\n<ul>\n<li style=\"text-align: justify;\">Abmessungen und Form des geheizten Teiles, Platz und Raum, welcher f\u00fcr den elektrischen Abschluss (Ausg\u00e4nge) bestimmt ist.<\/li>\n<li style=\"text-align: justify;\">Umgebung und einschr\u00e4nkende Faktoren an der elektrischen Abschlussstelle (z. B. Vibration, Bewegung der Teile, Feuchtigkeit, Biegestellen am Austrittsort aus dem Teil, Gefahr von mechanischen Besch\u00e4digungen, Kontaminationsgefahr durch \u00d6l oder andere Fl\u00fcssigkeiten, Explosionsf\u00e4higkeit der Umgebung usw.)<\/li>\n<li style=\"text-align: justify;\">Vorgesehene Art der Temperaturregulation.<\/li>\n<\/ul>\n<p>F\u00fcr weitere Informationen oder Hilfe bei der L\u00f6sung von konkreten Heizsituationen k\u00f6nnen Sie uns gerne kontaktieren.<\/p>\n","protected":false},"excerpt":{"rendered":"<p>Informationen, welche f\u00fcr die Bestimmung der zugef\u00fchrten Leistung der Heizk\u00f6rper n\u00f6tig sind, die zur Kontakterw\u00e4rmung von festen Stoffen dienen: Spezifikation des geheizten Materials einschlie\u00dflich dessen &#8230;<\/p>\n","protected":false},"author":1,"featured_media":0,"parent":2865,"menu_order":0,"comment_status":"open","ping_status":"open","template":"_page-menu.php","meta":{"_acf_changed":false,"ngg_post_thumbnail":0,"footnotes":"","_links_to":"","_links_to_target":""},"class_list":["post-2868","page","type-page","status-publish","hentry"],"acf":[],"yoast_head":"<!-- This site is optimized with the Yoast SEO plugin v27.3 - https:\/\/yoast.com\/product\/yoast-seo-wordpress\/ -->\n<title>Kontakterw\u00e4rmung von Feststoffen | ELEKTRON-ETTO<\/title>\n<meta name=\"description\" content=\"Kontaktheizelemente f\u00fcr Feststoffe. Heizpatronen und Flachheizk\u00f6rper f\u00fcr Werkzeuge, Formen und Platten vom Hersteller ELEKTRON-ETTO.\" \/>\n<meta name=\"robots\" content=\"index, follow, max-snippet:-1, max-image-preview:large, max-video-preview:-1\" \/>\n<link rel=\"canonical\" href=\"https:\/\/www.etto.cz\/de\/stofferwarmung\/kontakterwarmung-von-festen-stoffen\/\" \/>\n<meta property=\"og:locale\" content=\"de_DE\" \/>\n<meta property=\"og:type\" content=\"article\" \/>\n<meta property=\"og:title\" content=\"Kontakterw\u00e4rmung von Feststoffen | ELEKTRON-ETTO\" \/>\n<meta property=\"og:description\" content=\"Kontaktheizelemente f\u00fcr Feststoffe. Heizpatronen und Flachheizk\u00f6rper f\u00fcr Werkzeuge, Formen und Platten vom Hersteller ELEKTRON-ETTO.\" \/>\n<meta property=\"og:url\" content=\"https:\/\/www.etto.cz\/de\/stofferwarmung\/kontakterwarmung-von-festen-stoffen\/\" \/>\n<meta property=\"og:site_name\" content=\"ETTO\" \/>\n<meta property=\"article:modified_time\" content=\"2020-04-27T11:24:49+00:00\" \/>\n<meta property=\"og:image\" content=\"https:\/\/www.etto.cz\/de\/wp-content\/gallery\/prumyslova-telesa\/teleso-kotel.jpg\" \/>\n<meta name=\"twitter:card\" content=\"summary_large_image\" \/>\n<meta name=\"twitter:label1\" content=\"Gesch\u00e4tzte Lesezeit\" \/>\n\t<meta name=\"twitter:data1\" content=\"1\u00a0Minute\" \/>\n<script type=\"application\/ld+json\" class=\"yoast-schema-graph\">{\"@context\":\"https:\\\/\\\/schema.org\",\"@graph\":[{\"@type\":\"WebPage\",\"@id\":\"https:\\\/\\\/www.etto.cz\\\/ohrev-latek\\\/kontaktni-ohrev-pevnych-latek\\\/\",\"url\":\"https:\\\/\\\/www.etto.cz\\\/ohrev-latek\\\/kontaktni-ohrev-pevnych-latek\\\/\",\"name\":\"Kontakterw\u00e4rmung von Feststoffen | ELEKTRON-ETTO\",\"isPartOf\":{\"@id\":\"https:\\\/\\\/www.etto.cz\\\/#website\"},\"datePublished\":\"2018-03-14T14:23:26+00:00\",\"dateModified\":\"2020-04-27T11:24:49+00:00\",\"description\":\"Kontaktheizelemente f\u00fcr Feststoffe. Heizpatronen und Flachheizk\u00f6rper f\u00fcr Werkzeuge, Formen und Platten vom Hersteller ELEKTRON-ETTO.\",\"breadcrumb\":{\"@id\":\"https:\\\/\\\/www.etto.cz\\\/ohrev-latek\\\/kontaktni-ohrev-pevnych-latek\\\/#breadcrumb\"},\"inLanguage\":\"de\",\"potentialAction\":[{\"@type\":\"ReadAction\",\"target\":[\"https:\\\/\\\/www.etto.cz\\\/ohrev-latek\\\/kontaktni-ohrev-pevnych-latek\\\/\"]}]},{\"@type\":\"BreadcrumbList\",\"@id\":\"https:\\\/\\\/www.etto.cz\\\/ohrev-latek\\\/kontaktni-ohrev-pevnych-latek\\\/#breadcrumb\",\"itemListElement\":[{\"@type\":\"ListItem\",\"position\":1,\"name\":\"Dom\u016f\",\"item\":\"https:\\\/\\\/www.etto.cz\\\/\"},{\"@type\":\"ListItem\",\"position\":2,\"name\":\"Stofferw\u00e4rmung\",\"item\":\"https:\\\/\\\/www.etto.cz\\\/ohrev-latek\\\/\"},{\"@type\":\"ListItem\",\"position\":3,\"name\":\"Kontakterw\u00e4rmung von festen Stoffen\"}]},{\"@type\":\"WebSite\",\"@id\":\"https:\\\/\\\/www.etto.cz\\\/#website\",\"url\":\"https:\\\/\\\/www.etto.cz\\\/\",\"name\":\"ETTO\",\"description\":\"V\u00fdroba elektrick\u00fdch topn\u00fdch t\u011bles\",\"potentialAction\":[{\"@type\":\"SearchAction\",\"target\":{\"@type\":\"EntryPoint\",\"urlTemplate\":\"https:\\\/\\\/www.etto.cz\\\/?s={search_term_string}\"},\"query-input\":{\"@type\":\"PropertyValueSpecification\",\"valueRequired\":true,\"valueName\":\"search_term_string\"}}],\"inLanguage\":\"de\"}]}<\/script>\n<!-- \/ Yoast SEO plugin. -->","yoast_head_json":{"title":"Kontakterw\u00e4rmung von Feststoffen | ELEKTRON-ETTO","description":"Kontaktheizelemente f\u00fcr Feststoffe. Heizpatronen und Flachheizk\u00f6rper f\u00fcr Werkzeuge, Formen und Platten vom Hersteller ELEKTRON-ETTO.","robots":{"index":"index","follow":"follow","max-snippet":"max-snippet:-1","max-image-preview":"max-image-preview:large","max-video-preview":"max-video-preview:-1"},"canonical":"https:\/\/www.etto.cz\/de\/stofferwarmung\/kontakterwarmung-von-festen-stoffen\/","og_locale":"de_DE","og_type":"article","og_title":"Kontakterw\u00e4rmung von Feststoffen | ELEKTRON-ETTO","og_description":"Kontaktheizelemente f\u00fcr Feststoffe. Heizpatronen und Flachheizk\u00f6rper f\u00fcr Werkzeuge, Formen und Platten vom Hersteller ELEKTRON-ETTO.","og_url":"https:\/\/www.etto.cz\/de\/stofferwarmung\/kontakterwarmung-von-festen-stoffen\/","og_site_name":"ETTO","article_modified_time":"2020-04-27T11:24:49+00:00","og_image":[{"url":"https:\/\/www.etto.cz\/de\/wp-content\/gallery\/prumyslova-telesa\/teleso-kotel.jpg","type":"","width":"","height":""}],"twitter_card":"summary_large_image","twitter_misc":{"Gesch\u00e4tzte Lesezeit":"1\u00a0Minute"},"schema":{"@context":"https:\/\/schema.org","@graph":[{"@type":"WebPage","@id":"https:\/\/www.etto.cz\/ohrev-latek\/kontaktni-ohrev-pevnych-latek\/","url":"https:\/\/www.etto.cz\/ohrev-latek\/kontaktni-ohrev-pevnych-latek\/","name":"Kontakterw\u00e4rmung von Feststoffen | ELEKTRON-ETTO","isPartOf":{"@id":"https:\/\/www.etto.cz\/#website"},"datePublished":"2018-03-14T14:23:26+00:00","dateModified":"2020-04-27T11:24:49+00:00","description":"Kontaktheizelemente f\u00fcr Feststoffe. Heizpatronen und Flachheizk\u00f6rper f\u00fcr Werkzeuge, Formen und Platten vom Hersteller ELEKTRON-ETTO.","breadcrumb":{"@id":"https:\/\/www.etto.cz\/ohrev-latek\/kontaktni-ohrev-pevnych-latek\/#breadcrumb"},"inLanguage":"de","potentialAction":[{"@type":"ReadAction","target":["https:\/\/www.etto.cz\/ohrev-latek\/kontaktni-ohrev-pevnych-latek\/"]}]},{"@type":"BreadcrumbList","@id":"https:\/\/www.etto.cz\/ohrev-latek\/kontaktni-ohrev-pevnych-latek\/#breadcrumb","itemListElement":[{"@type":"ListItem","position":1,"name":"Dom\u016f","item":"https:\/\/www.etto.cz\/"},{"@type":"ListItem","position":2,"name":"Stofferw\u00e4rmung","item":"https:\/\/www.etto.cz\/ohrev-latek\/"},{"@type":"ListItem","position":3,"name":"Kontakterw\u00e4rmung von festen Stoffen"}]},{"@type":"WebSite","@id":"https:\/\/www.etto.cz\/#website","url":"https:\/\/www.etto.cz\/","name":"ETTO","description":"V\u00fdroba elektrick\u00fdch topn\u00fdch t\u011bles","potentialAction":[{"@type":"SearchAction","target":{"@type":"EntryPoint","urlTemplate":"https:\/\/www.etto.cz\/?s={search_term_string}"},"query-input":{"@type":"PropertyValueSpecification","valueRequired":true,"valueName":"search_term_string"}}],"inLanguage":"de"}]}},"_links":{"self":[{"href":"https:\/\/www.etto.cz\/de\/wp-json\/wp\/v2\/pages\/2868","targetHints":{"allow":["GET"]}}],"collection":[{"href":"https:\/\/www.etto.cz\/de\/wp-json\/wp\/v2\/pages"}],"about":[{"href":"https:\/\/www.etto.cz\/de\/wp-json\/wp\/v2\/types\/page"}],"author":[{"embeddable":true,"href":"https:\/\/www.etto.cz\/de\/wp-json\/wp\/v2\/users\/1"}],"replies":[{"embeddable":true,"href":"https:\/\/www.etto.cz\/de\/wp-json\/wp\/v2\/comments?post=2868"}],"version-history":[{"count":5,"href":"https:\/\/www.etto.cz\/de\/wp-json\/wp\/v2\/pages\/2868\/revisions"}],"predecessor-version":[{"id":4864,"href":"https:\/\/www.etto.cz\/de\/wp-json\/wp\/v2\/pages\/2868\/revisions\/4864"}],"up":[{"embeddable":true,"href":"https:\/\/www.etto.cz\/de\/wp-json\/wp\/v2\/pages\/2865"}],"wp:attachment":[{"href":"https:\/\/www.etto.cz\/de\/wp-json\/wp\/v2\/media?parent=2868"}],"curies":[{"name":"wp","href":"https:\/\/api.w.org\/{rel}","templated":true}]}}