{"id":2870,"date":"2018-03-14T15:23:46","date_gmt":"2018-03-14T14:23:46","guid":{"rendered":"http:\/\/www.etto.cz\/erwarmung-von-galvanischen-badern\/"},"modified":"2025-04-10T08:25:44","modified_gmt":"2025-04-10T07:25:44","slug":"erwarmung-von-galvanischen-badern","status":"publish","type":"page","link":"https:\/\/www.etto.cz\/de\/korper-je-nach-zweck\/erwarmung-von-galvanischen-badern\/","title":{"rendered":"Erw\u00e4rmung von galvanischen B\u00e4dern"},"content":{"rendered":"<p>F\u00fcr Heizk\u00f6rper zur Erw\u00e4rmung von galvanischen B\u00e4dern gelten dieselben Informationen wie f\u00fcr die <a href=\"https:\/\/www.etto.cz\/de\/stofferwarmung\/erwarmung-von-flussigkeiten\/\">Erw\u00e4rmung von Fl\u00fcssigkeiten.<\/a> Falls standardm\u00e4\u00dfige K\u00f6rperkonstruktionen oder Materialien f\u00fcr die Erw\u00e4rmung von Fl\u00fcssigkeiten nicht geeignet sind, werden spezielle K\u00f6rpertypen verwendet.<\/p>\n","protected":false},"excerpt":{"rendered":"<p>F\u00fcr Heizk\u00f6rper zur Erw\u00e4rmung von galvanischen B\u00e4dern gelten dieselben Informationen wie f\u00fcr die Erw\u00e4rmung von Fl\u00fcssigkeiten. Falls standardm\u00e4\u00dfige K\u00f6rperkonstruktionen oder Materialien f\u00fcr die Erw\u00e4rmung von &#8230;<\/p>\n","protected":false},"author":1,"featured_media":5528,"parent":2871,"menu_order":0,"comment_status":"open","ping_status":"closed","template":"_page-menu.php","meta":{"_acf_changed":false,"ngg_post_thumbnail":0,"footnotes":"","_links_to":"","_links_to_target":""},"class_list":["post-2870","page","type-page","status-publish","has-post-thumbnail","hentry"],"acf":[],"yoast_head":"<!-- This site is optimized with the Yoast SEO plugin v27.3 - https:\/\/yoast.com\/product\/yoast-seo-wordpress\/ -->\n<title>Heizelemente f\u00fcr galvanische B\u00e4der | ELEKTRON-ETTO<\/title>\n<meta name=\"description\" content=\"Korrosionsbest\u00e4ndige Heizelemente f\u00fcr galvanische B\u00e4der und Galvanotechnik. Tauchsieder aus Speziallegierungen von ELEKTRON-ETTO.\" \/>\n<meta name=\"robots\" content=\"index, follow, max-snippet:-1, max-image-preview:large, max-video-preview:-1\" \/>\n<link rel=\"canonical\" href=\"https:\/\/www.etto.cz\/de\/korper-je-nach-zweck\/erwarmung-von-galvanischen-badern\/\" \/>\n<meta property=\"og:locale\" content=\"de_DE\" \/>\n<meta property=\"og:type\" content=\"article\" \/>\n<meta property=\"og:title\" content=\"Heizelemente f\u00fcr galvanische B\u00e4der | ELEKTRON-ETTO\" \/>\n<meta property=\"og:description\" content=\"Korrosionsbest\u00e4ndige Heizelemente f\u00fcr galvanische B\u00e4der und Galvanotechnik. Tauchsieder aus Speziallegierungen von ELEKTRON-ETTO.\" \/>\n<meta property=\"og:url\" content=\"https:\/\/www.etto.cz\/de\/korper-je-nach-zweck\/erwarmung-von-galvanischen-badern\/\" \/>\n<meta property=\"og:site_name\" content=\"ETTO\" \/>\n<meta property=\"article:modified_time\" content=\"2025-04-10T07:25:44+00:00\" \/>\n<meta property=\"og:image\" content=\"https:\/\/www.etto.cz\/wp-content\/uploads\/2025\/04\/popular_3kw.jpg\" \/>\n\t<meta property=\"og:image:width\" content=\"800\" \/>\n\t<meta property=\"og:image:height\" content=\"500\" \/>\n\t<meta property=\"og:image:type\" content=\"image\/jpeg\" \/>\n<meta name=\"twitter:card\" content=\"summary_large_image\" \/>\n<script type=\"application\/ld+json\" class=\"yoast-schema-graph\">{\"@context\":\"https:\\\/\\\/schema.org\",\"@graph\":[{\"@type\":\"WebPage\",\"@id\":\"https:\\\/\\\/www.etto.cz\\\/telesa-podle-ucelu\\\/ohrev-chemickych-roztoku\\\/\",\"url\":\"https:\\\/\\\/www.etto.cz\\\/telesa-podle-ucelu\\\/ohrev-chemickych-roztoku\\\/\",\"name\":\"Heizelemente f\u00fcr galvanische B\u00e4der | ELEKTRON-ETTO\",\"isPartOf\":{\"@id\":\"https:\\\/\\\/www.etto.cz\\\/#website\"},\"primaryImageOfPage\":{\"@id\":\"https:\\\/\\\/www.etto.cz\\\/telesa-podle-ucelu\\\/ohrev-chemickych-roztoku\\\/#primaryimage\"},\"image\":{\"@id\":\"https:\\\/\\\/www.etto.cz\\\/telesa-podle-ucelu\\\/ohrev-chemickych-roztoku\\\/#primaryimage\"},\"thumbnailUrl\":\"https:\\\/\\\/www.etto.cz\\\/wp-content\\\/uploads\\\/2025\\\/04\\\/popular_3kw.jpg\",\"datePublished\":\"2018-03-14T14:23:46+00:00\",\"dateModified\":\"2025-04-10T07:25:44+00:00\",\"description\":\"Korrosionsbest\u00e4ndige Heizelemente f\u00fcr galvanische B\u00e4der und Galvanotechnik. Tauchsieder aus Speziallegierungen von ELEKTRON-ETTO.\",\"breadcrumb\":{\"@id\":\"https:\\\/\\\/www.etto.cz\\\/telesa-podle-ucelu\\\/ohrev-chemickych-roztoku\\\/#breadcrumb\"},\"inLanguage\":\"de\",\"potentialAction\":[{\"@type\":\"ReadAction\",\"target\":[\"https:\\\/\\\/www.etto.cz\\\/telesa-podle-ucelu\\\/ohrev-chemickych-roztoku\\\/\"]}]},{\"@type\":\"ImageObject\",\"inLanguage\":\"de\",\"@id\":\"https:\\\/\\\/www.etto.cz\\\/telesa-podle-ucelu\\\/ohrev-chemickych-roztoku\\\/#primaryimage\",\"url\":\"https:\\\/\\\/www.etto.cz\\\/wp-content\\\/uploads\\\/2025\\\/04\\\/popular_3kw.jpg\",\"contentUrl\":\"https:\\\/\\\/www.etto.cz\\\/wp-content\\\/uploads\\\/2025\\\/04\\\/popular_3kw.jpg\",\"width\":800,\"height\":500},{\"@type\":\"BreadcrumbList\",\"@id\":\"https:\\\/\\\/www.etto.cz\\\/telesa-podle-ucelu\\\/ohrev-chemickych-roztoku\\\/#breadcrumb\",\"itemListElement\":[{\"@type\":\"ListItem\",\"position\":1,\"name\":\"Dom\u016f\",\"item\":\"https:\\\/\\\/www.etto.cz\\\/\"},{\"@type\":\"ListItem\",\"position\":2,\"name\":\"K\u00f6rper je nach Zweck\",\"item\":\"https:\\\/\\\/www.etto.cz\\\/telesa-podle-ucelu\\\/\"},{\"@type\":\"ListItem\",\"position\":3,\"name\":\"Erw\u00e4rmung von galvanischen B\u00e4dern\"}]},{\"@type\":\"WebSite\",\"@id\":\"https:\\\/\\\/www.etto.cz\\\/#website\",\"url\":\"https:\\\/\\\/www.etto.cz\\\/\",\"name\":\"ETTO\",\"description\":\"V\u00fdroba elektrick\u00fdch topn\u00fdch t\u011bles\",\"potentialAction\":[{\"@type\":\"SearchAction\",\"target\":{\"@type\":\"EntryPoint\",\"urlTemplate\":\"https:\\\/\\\/www.etto.cz\\\/?s={search_term_string}\"},\"query-input\":{\"@type\":\"PropertyValueSpecification\",\"valueRequired\":true,\"valueName\":\"search_term_string\"}}],\"inLanguage\":\"de\"}]}<\/script>\n<!-- \/ Yoast SEO plugin. -->","yoast_head_json":{"title":"Heizelemente f\u00fcr galvanische B\u00e4der | ELEKTRON-ETTO","description":"Korrosionsbest\u00e4ndige Heizelemente f\u00fcr galvanische B\u00e4der und Galvanotechnik. Tauchsieder aus Speziallegierungen von ELEKTRON-ETTO.","robots":{"index":"index","follow":"follow","max-snippet":"max-snippet:-1","max-image-preview":"max-image-preview:large","max-video-preview":"max-video-preview:-1"},"canonical":"https:\/\/www.etto.cz\/de\/korper-je-nach-zweck\/erwarmung-von-galvanischen-badern\/","og_locale":"de_DE","og_type":"article","og_title":"Heizelemente f\u00fcr galvanische B\u00e4der | ELEKTRON-ETTO","og_description":"Korrosionsbest\u00e4ndige Heizelemente f\u00fcr galvanische B\u00e4der und Galvanotechnik. Tauchsieder aus Speziallegierungen von ELEKTRON-ETTO.","og_url":"https:\/\/www.etto.cz\/de\/korper-je-nach-zweck\/erwarmung-von-galvanischen-badern\/","og_site_name":"ETTO","article_modified_time":"2025-04-10T07:25:44+00:00","og_image":[{"width":800,"height":500,"url":"https:\/\/www.etto.cz\/wp-content\/uploads\/2025\/04\/popular_3kw.jpg","type":"image\/jpeg"}],"twitter_card":"summary_large_image","schema":{"@context":"https:\/\/schema.org","@graph":[{"@type":"WebPage","@id":"https:\/\/www.etto.cz\/telesa-podle-ucelu\/ohrev-chemickych-roztoku\/","url":"https:\/\/www.etto.cz\/telesa-podle-ucelu\/ohrev-chemickych-roztoku\/","name":"Heizelemente f\u00fcr galvanische B\u00e4der | ELEKTRON-ETTO","isPartOf":{"@id":"https:\/\/www.etto.cz\/#website"},"primaryImageOfPage":{"@id":"https:\/\/www.etto.cz\/telesa-podle-ucelu\/ohrev-chemickych-roztoku\/#primaryimage"},"image":{"@id":"https:\/\/www.etto.cz\/telesa-podle-ucelu\/ohrev-chemickych-roztoku\/#primaryimage"},"thumbnailUrl":"https:\/\/www.etto.cz\/wp-content\/uploads\/2025\/04\/popular_3kw.jpg","datePublished":"2018-03-14T14:23:46+00:00","dateModified":"2025-04-10T07:25:44+00:00","description":"Korrosionsbest\u00e4ndige Heizelemente f\u00fcr galvanische B\u00e4der und Galvanotechnik. Tauchsieder aus Speziallegierungen von ELEKTRON-ETTO.","breadcrumb":{"@id":"https:\/\/www.etto.cz\/telesa-podle-ucelu\/ohrev-chemickych-roztoku\/#breadcrumb"},"inLanguage":"de","potentialAction":[{"@type":"ReadAction","target":["https:\/\/www.etto.cz\/telesa-podle-ucelu\/ohrev-chemickych-roztoku\/"]}]},{"@type":"ImageObject","inLanguage":"de","@id":"https:\/\/www.etto.cz\/telesa-podle-ucelu\/ohrev-chemickych-roztoku\/#primaryimage","url":"https:\/\/www.etto.cz\/wp-content\/uploads\/2025\/04\/popular_3kw.jpg","contentUrl":"https:\/\/www.etto.cz\/wp-content\/uploads\/2025\/04\/popular_3kw.jpg","width":800,"height":500},{"@type":"BreadcrumbList","@id":"https:\/\/www.etto.cz\/telesa-podle-ucelu\/ohrev-chemickych-roztoku\/#breadcrumb","itemListElement":[{"@type":"ListItem","position":1,"name":"Dom\u016f","item":"https:\/\/www.etto.cz\/"},{"@type":"ListItem","position":2,"name":"K\u00f6rper je nach Zweck","item":"https:\/\/www.etto.cz\/telesa-podle-ucelu\/"},{"@type":"ListItem","position":3,"name":"Erw\u00e4rmung von galvanischen B\u00e4dern"}]},{"@type":"WebSite","@id":"https:\/\/www.etto.cz\/#website","url":"https:\/\/www.etto.cz\/","name":"ETTO","description":"V\u00fdroba elektrick\u00fdch topn\u00fdch t\u011bles","potentialAction":[{"@type":"SearchAction","target":{"@type":"EntryPoint","urlTemplate":"https:\/\/www.etto.cz\/?s={search_term_string}"},"query-input":{"@type":"PropertyValueSpecification","valueRequired":true,"valueName":"search_term_string"}}],"inLanguage":"de"}]}},"_links":{"self":[{"href":"https:\/\/www.etto.cz\/de\/wp-json\/wp\/v2\/pages\/2870","targetHints":{"allow":["GET"]}}],"collection":[{"href":"https:\/\/www.etto.cz\/de\/wp-json\/wp\/v2\/pages"}],"about":[{"href":"https:\/\/www.etto.cz\/de\/wp-json\/wp\/v2\/types\/page"}],"author":[{"embeddable":true,"href":"https:\/\/www.etto.cz\/de\/wp-json\/wp\/v2\/users\/1"}],"replies":[{"embeddable":true,"href":"https:\/\/www.etto.cz\/de\/wp-json\/wp\/v2\/comments?post=2870"}],"version-history":[{"count":2,"href":"https:\/\/www.etto.cz\/de\/wp-json\/wp\/v2\/pages\/2870\/revisions"}],"predecessor-version":[{"id":5530,"href":"https:\/\/www.etto.cz\/de\/wp-json\/wp\/v2\/pages\/2870\/revisions\/5530"}],"up":[{"embeddable":true,"href":"https:\/\/www.etto.cz\/de\/wp-json\/wp\/v2\/pages\/2871"}],"wp:featuredmedia":[{"embeddable":true,"href":"https:\/\/www.etto.cz\/de\/wp-json\/wp\/v2\/media\/5528"}],"wp:attachment":[{"href":"https:\/\/www.etto.cz\/de\/wp-json\/wp\/v2\/media?parent=2870"}],"curies":[{"name":"wp","href":"https:\/\/api.w.org\/{rel}","templated":true}]}}