{"id":2871,"date":"2018-03-14T15:23:58","date_gmt":"2018-03-14T14:23:58","guid":{"rendered":"http:\/\/www.etto.cz\/korper-je-nach-zweck\/"},"modified":"2025-02-04T13:24:12","modified_gmt":"2025-02-04T12:24:12","slug":"korper-je-nach-zweck","status":"publish","type":"page","link":"https:\/\/www.etto.cz\/de\/korper-je-nach-zweck\/","title":{"rendered":"K\u00f6rper je nach Zweck"},"content":{"rendered":"<ul class=\"sub-menu\">\n<li><a href=\"https:\/\/www.etto.cz\/de\/korper-je-nach-zweck\/heizkorper-fur-industrieapplikationen\/\">Industrieheizk\u00f6rper<\/a><\/li>\n<li><a href=\"https:\/\/www.etto.cz\/de\/korper-je-nach-zweck\/heizkorper-fur-badeheizkorper\/\">Heizk\u00f6rper f\u00fcr Radiatoren<\/a><\/li>\n<li><a href=\"https:\/\/www.etto.cz\/de\/korper-je-nach-zweck\/heizkorper-und-komponenten-fur-die-eisenbahn\/\">Heizk\u00f6rper und Komponenten f\u00fcr die Eisenbahn<\/a><\/li>\n<li><a href=\"https:\/\/www.etto.cz\/de\/korper-je-nach-zweck\/heizkorper-fur-das-auftauen-von-honig\/\">K\u00f6rper f\u00fcr Auftauen von Honig<\/a><\/li>\n<li><a href=\"https:\/\/www.etto.cz\/de\/korper-je-nach-zweck\/heizkorper-mit-kabelanschluss-durch-vulkanisation\/\">Heizk\u00f6rper mit Kabelanschluss durch Vulkanisation<\/a><\/li>\n<li><a href=\"https:\/\/www.etto.cz\/de\/korper-je-nach-zweck\/erwarmung-von-galvanischen-badern\/\">Erw\u00e4rmung von galvanischen B\u00e4dern<\/a><\/li>\n<\/ul>\n","protected":false},"excerpt":{"rendered":"<p>Industrieheizk\u00f6rper Heizk\u00f6rper f\u00fcr Radiatoren Heizk\u00f6rper und Komponenten f\u00fcr die Eisenbahn K\u00f6rper f\u00fcr Auftauen von Honig Heizk\u00f6rper mit Kabelanschluss durch Vulkanisation Erw\u00e4rmung von galvanischen B\u00e4dern<\/p>\n","protected":false},"author":1,"featured_media":0,"parent":0,"menu_order":0,"comment_status":"open","ping_status":"open","template":"_page-menu.php","meta":{"_acf_changed":false,"ngg_post_thumbnail":0,"footnotes":"","_links_to":"","_links_to_target":""},"class_list":["post-2871","page","type-page","status-publish","hentry"],"acf":[],"yoast_head":"<!-- This site is optimized with the Yoast SEO plugin v27.4 - https:\/\/yoast.com\/product\/yoast-seo-wordpress\/ -->\n<title>Heizelemente nach Anwendungszweck | ELEKTRON-ETTO<\/title>\n<meta name=\"description\" content=\"Industrielle Heizelemente nach Anwendung. L\u00f6sungen f\u00fcr Fl\u00fcssigkeits-, Gas-, Kontakterw\u00e4rmung und mehr von ELEKTRON-ETTO.\" \/>\n<meta name=\"robots\" content=\"index, follow, max-snippet:-1, max-image-preview:large, max-video-preview:-1\" \/>\n<link rel=\"canonical\" href=\"https:\/\/www.etto.cz\/de\/korper-je-nach-zweck\/\" \/>\n<meta property=\"og:locale\" content=\"de_DE\" \/>\n<meta property=\"og:type\" content=\"article\" \/>\n<meta property=\"og:title\" content=\"Heizelemente nach Anwendungszweck | ELEKTRON-ETTO\" \/>\n<meta property=\"og:description\" content=\"Industrielle Heizelemente nach Anwendung. L\u00f6sungen f\u00fcr Fl\u00fcssigkeits-, Gas-, Kontakterw\u00e4rmung und mehr von ELEKTRON-ETTO.\" \/>\n<meta property=\"og:url\" content=\"https:\/\/www.etto.cz\/de\/korper-je-nach-zweck\/\" \/>\n<meta property=\"og:site_name\" content=\"ETTO\" \/>\n<meta property=\"article:modified_time\" content=\"2025-02-04T12:24:12+00:00\" \/>\n<meta property=\"og:image\" content=\"https:\/\/www.etto.cz\/de\/wp-content\/gallery\/prumyslova-telesa\/teleso-kotel.jpg\" \/>\n<meta name=\"twitter:card\" content=\"summary_large_image\" \/>\n<script type=\"application\/ld+json\" class=\"yoast-schema-graph\">{\"@context\":\"https:\\\/\\\/schema.org\",\"@graph\":[{\"@type\":\"WebPage\",\"@id\":\"https:\\\/\\\/www.etto.cz\\\/telesa-podle-ucelu\\\/\",\"url\":\"https:\\\/\\\/www.etto.cz\\\/telesa-podle-ucelu\\\/\",\"name\":\"Heizelemente nach Anwendungszweck | ELEKTRON-ETTO\",\"isPartOf\":{\"@id\":\"https:\\\/\\\/www.etto.cz\\\/#website\"},\"datePublished\":\"2018-03-14T14:23:58+00:00\",\"dateModified\":\"2025-02-04T12:24:12+00:00\",\"description\":\"Industrielle Heizelemente nach Anwendung. L\u00f6sungen f\u00fcr Fl\u00fcssigkeits-, Gas-, Kontakterw\u00e4rmung und mehr von ELEKTRON-ETTO.\",\"breadcrumb\":{\"@id\":\"https:\\\/\\\/www.etto.cz\\\/telesa-podle-ucelu\\\/#breadcrumb\"},\"inLanguage\":\"de\",\"potentialAction\":[{\"@type\":\"ReadAction\",\"target\":[\"https:\\\/\\\/www.etto.cz\\\/telesa-podle-ucelu\\\/\"]}]},{\"@type\":\"BreadcrumbList\",\"@id\":\"https:\\\/\\\/www.etto.cz\\\/telesa-podle-ucelu\\\/#breadcrumb\",\"itemListElement\":[{\"@type\":\"ListItem\",\"position\":1,\"name\":\"Dom\u016f\",\"item\":\"https:\\\/\\\/www.etto.cz\\\/\"},{\"@type\":\"ListItem\",\"position\":2,\"name\":\"K\u00f6rper je nach Zweck\"}]},{\"@type\":\"WebSite\",\"@id\":\"https:\\\/\\\/www.etto.cz\\\/#website\",\"url\":\"https:\\\/\\\/www.etto.cz\\\/\",\"name\":\"ETTO\",\"description\":\"V\u00fdroba elektrick\u00fdch topn\u00fdch t\u011bles\",\"potentialAction\":[{\"@type\":\"SearchAction\",\"target\":{\"@type\":\"EntryPoint\",\"urlTemplate\":\"https:\\\/\\\/www.etto.cz\\\/?s={search_term_string}\"},\"query-input\":{\"@type\":\"PropertyValueSpecification\",\"valueRequired\":true,\"valueName\":\"search_term_string\"}}],\"inLanguage\":\"de\"}]}<\/script>\n<!-- \/ Yoast SEO plugin. -->","yoast_head_json":{"title":"Heizelemente nach Anwendungszweck | ELEKTRON-ETTO","description":"Industrielle Heizelemente nach Anwendung. L\u00f6sungen f\u00fcr Fl\u00fcssigkeits-, Gas-, Kontakterw\u00e4rmung und mehr von ELEKTRON-ETTO.","robots":{"index":"index","follow":"follow","max-snippet":"max-snippet:-1","max-image-preview":"max-image-preview:large","max-video-preview":"max-video-preview:-1"},"canonical":"https:\/\/www.etto.cz\/de\/korper-je-nach-zweck\/","og_locale":"de_DE","og_type":"article","og_title":"Heizelemente nach Anwendungszweck | ELEKTRON-ETTO","og_description":"Industrielle Heizelemente nach Anwendung. L\u00f6sungen f\u00fcr Fl\u00fcssigkeits-, Gas-, Kontakterw\u00e4rmung und mehr von ELEKTRON-ETTO.","og_url":"https:\/\/www.etto.cz\/de\/korper-je-nach-zweck\/","og_site_name":"ETTO","article_modified_time":"2025-02-04T12:24:12+00:00","og_image":[{"url":"https:\/\/www.etto.cz\/de\/wp-content\/gallery\/prumyslova-telesa\/teleso-kotel.jpg","type":"","width":"","height":""}],"twitter_card":"summary_large_image","schema":{"@context":"https:\/\/schema.org","@graph":[{"@type":"WebPage","@id":"https:\/\/www.etto.cz\/telesa-podle-ucelu\/","url":"https:\/\/www.etto.cz\/telesa-podle-ucelu\/","name":"Heizelemente nach Anwendungszweck | ELEKTRON-ETTO","isPartOf":{"@id":"https:\/\/www.etto.cz\/#website"},"datePublished":"2018-03-14T14:23:58+00:00","dateModified":"2025-02-04T12:24:12+00:00","description":"Industrielle Heizelemente nach Anwendung. L\u00f6sungen f\u00fcr Fl\u00fcssigkeits-, Gas-, Kontakterw\u00e4rmung und mehr von ELEKTRON-ETTO.","breadcrumb":{"@id":"https:\/\/www.etto.cz\/telesa-podle-ucelu\/#breadcrumb"},"inLanguage":"de","potentialAction":[{"@type":"ReadAction","target":["https:\/\/www.etto.cz\/telesa-podle-ucelu\/"]}]},{"@type":"BreadcrumbList","@id":"https:\/\/www.etto.cz\/telesa-podle-ucelu\/#breadcrumb","itemListElement":[{"@type":"ListItem","position":1,"name":"Dom\u016f","item":"https:\/\/www.etto.cz\/"},{"@type":"ListItem","position":2,"name":"K\u00f6rper je nach Zweck"}]},{"@type":"WebSite","@id":"https:\/\/www.etto.cz\/#website","url":"https:\/\/www.etto.cz\/","name":"ETTO","description":"V\u00fdroba elektrick\u00fdch topn\u00fdch t\u011bles","potentialAction":[{"@type":"SearchAction","target":{"@type":"EntryPoint","urlTemplate":"https:\/\/www.etto.cz\/?s={search_term_string}"},"query-input":{"@type":"PropertyValueSpecification","valueRequired":true,"valueName":"search_term_string"}}],"inLanguage":"de"}]}},"_links":{"self":[{"href":"https:\/\/www.etto.cz\/de\/wp-json\/wp\/v2\/pages\/2871","targetHints":{"allow":["GET"]}}],"collection":[{"href":"https:\/\/www.etto.cz\/de\/wp-json\/wp\/v2\/pages"}],"about":[{"href":"https:\/\/www.etto.cz\/de\/wp-json\/wp\/v2\/types\/page"}],"author":[{"embeddable":true,"href":"https:\/\/www.etto.cz\/de\/wp-json\/wp\/v2\/users\/1"}],"replies":[{"embeddable":true,"href":"https:\/\/www.etto.cz\/de\/wp-json\/wp\/v2\/comments?post=2871"}],"version-history":[{"count":1,"href":"https:\/\/www.etto.cz\/de\/wp-json\/wp\/v2\/pages\/2871\/revisions"}],"predecessor-version":[{"id":5359,"href":"https:\/\/www.etto.cz\/de\/wp-json\/wp\/v2\/pages\/2871\/revisions\/5359"}],"wp:attachment":[{"href":"https:\/\/www.etto.cz\/de\/wp-json\/wp\/v2\/media?parent=2871"}],"curies":[{"name":"wp","href":"https:\/\/api.w.org\/{rel}","templated":true}]}}