{"id":2873,"date":"2018-03-14T15:24:29","date_gmt":"2018-03-14T14:24:29","guid":{"rendered":"http:\/\/www.etto.cz\/korper-je-nach-zweck\/heizkorper-fur-das-auftauen-von-honig\/"},"modified":"2025-12-17T11:03:21","modified_gmt":"2025-12-17T10:03:21","slug":"heizkorper-fur-das-auftauen-von-honig","status":"publish","type":"page","link":"https:\/\/www.etto.cz\/de\/korper-je-nach-zweck\/heizkorper-fur-das-auftauen-von-honig\/","title":{"rendered":"Heizk\u00f6rper f\u00fcr das Auftauen von Honig"},"content":{"rendered":"<p style=\"text-align: justify;\">Heizk\u00f6rper f\u00fcr die Erw\u00e4rmung von Honig, Sauerteig und \u00e4hnlichen Stoffen mit Anforderung an eine niedrige Betriebstemperatur auf der Oberfl\u00e4che des Heizstabes.<br \/>\n<a class=\"fancybox\" href=\"https:\/\/www.etto.cz\/wp-content\/uploads\/2015\/05\/16-rozpusteni-medu.png\"><img loading=\"lazy\" decoding=\"async\" width=\"80\" height=\"187\" class=\"wp-image-197 alignleft\" alt=\"16-Auftauen-von-Honig\" src=\"https:\/\/www.etto.cz\/wp-content\/uploads\/2015\/05\/16-rozpusteni-medu.png\" srcset=\"https:\/\/www.etto.cz\/wp-content\/uploads\/2015\/05\/16-rozpusteni-medu.png 345w, https:\/\/www.etto.cz\/wp-content\/uploads\/2015\/05\/16-rozpusteni-medu-128x300.png 128w, https:\/\/www.etto.cz\/wp-content\/uploads\/2015\/05\/16-rozpusteni-medu-65x153.png 65w, https:\/\/www.etto.cz\/wp-content\/uploads\/2015\/05\/16-rozpusteni-medu-108x253.png 108w\" sizes=\"auto, (max-width: 80px) 100vw, 80px\" \/><\/a><\/p>\n","protected":false},"excerpt":{"rendered":"<p>Heizk\u00f6rper f\u00fcr die Erw\u00e4rmung von Honig, Sauerteig und \u00e4hnlichen Stoffen mit Anforderung an eine niedrige Betriebstemperatur auf der Oberfl\u00e4che des Heizstabes.<\/p>\n","protected":false},"author":1,"featured_media":2581,"parent":2871,"menu_order":0,"comment_status":"open","ping_status":"closed","template":"_page-menu.php","meta":{"_acf_changed":false,"ngg_post_thumbnail":0,"footnotes":"","_links_to":"","_links_to_target":""},"class_list":["post-2873","page","type-page","status-publish","has-post-thumbnail","hentry"],"acf":[],"yoast_head":"<!-- This site is optimized with the Yoast SEO plugin v27.3 - https:\/\/yoast.com\/product\/yoast-seo-wordpress\/ -->\n<title>Heizk\u00f6rper f\u00fcr Honigverarbeitung | ELEKTRON-ETTO<\/title>\n<meta name=\"description\" content=\"Spezielle Heizelemente f\u00fcr Honigschmelzen und -verarbeitung. Schonende, kontrollierte Erw\u00e4rmung f\u00fcr die Imkerei von ELEKTRON-ETTO.\" \/>\n<meta name=\"robots\" content=\"index, follow, max-snippet:-1, max-image-preview:large, max-video-preview:-1\" \/>\n<link rel=\"canonical\" href=\"https:\/\/www.etto.cz\/de\/korper-je-nach-zweck\/heizkorper-fur-das-auftauen-von-honig\/\" \/>\n<meta property=\"og:locale\" content=\"de_DE\" \/>\n<meta property=\"og:type\" content=\"article\" \/>\n<meta property=\"og:title\" content=\"Heizk\u00f6rper f\u00fcr Honigverarbeitung | ELEKTRON-ETTO\" \/>\n<meta property=\"og:description\" content=\"Spezielle Heizelemente f\u00fcr Honigschmelzen und -verarbeitung. Schonende, kontrollierte Erw\u00e4rmung f\u00fcr die Imkerei von ELEKTRON-ETTO.\" \/>\n<meta property=\"og:url\" content=\"https:\/\/www.etto.cz\/de\/korper-je-nach-zweck\/heizkorper-fur-das-auftauen-von-honig\/\" \/>\n<meta property=\"og:site_name\" content=\"ETTO\" \/>\n<meta property=\"article:modified_time\" content=\"2025-12-17T10:03:21+00:00\" \/>\n<meta property=\"og:image\" content=\"https:\/\/www.etto.cz\/wp-content\/uploads\/2016\/12\/tm1.jpg\" \/>\n\t<meta property=\"og:image:width\" content=\"1370\" \/>\n\t<meta property=\"og:image:height\" content=\"1212\" \/>\n\t<meta property=\"og:image:type\" content=\"image\/jpeg\" \/>\n<meta name=\"twitter:card\" content=\"summary_large_image\" \/>\n<script type=\"application\/ld+json\" class=\"yoast-schema-graph\">{\"@context\":\"https:\\\/\\\/schema.org\",\"@graph\":[{\"@type\":\"WebPage\",\"@id\":\"https:\\\/\\\/www.etto.cz\\\/telesa-podle-ucelu\\\/rozpousteni-medu\\\/\",\"url\":\"https:\\\/\\\/www.etto.cz\\\/telesa-podle-ucelu\\\/rozpousteni-medu\\\/\",\"name\":\"Heizk\u00f6rper f\u00fcr Honigverarbeitung | ELEKTRON-ETTO\",\"isPartOf\":{\"@id\":\"https:\\\/\\\/www.etto.cz\\\/#website\"},\"primaryImageOfPage\":{\"@id\":\"https:\\\/\\\/www.etto.cz\\\/telesa-podle-ucelu\\\/rozpousteni-medu\\\/#primaryimage\"},\"image\":{\"@id\":\"https:\\\/\\\/www.etto.cz\\\/telesa-podle-ucelu\\\/rozpousteni-medu\\\/#primaryimage\"},\"thumbnailUrl\":\"https:\\\/\\\/www.etto.cz\\\/wp-content\\\/uploads\\\/2016\\\/12\\\/tm1.jpg\",\"datePublished\":\"2018-03-14T14:24:29+00:00\",\"dateModified\":\"2025-12-17T10:03:21+00:00\",\"description\":\"Spezielle Heizelemente f\u00fcr Honigschmelzen und -verarbeitung. Schonende, kontrollierte Erw\u00e4rmung f\u00fcr die Imkerei von ELEKTRON-ETTO.\",\"breadcrumb\":{\"@id\":\"https:\\\/\\\/www.etto.cz\\\/telesa-podle-ucelu\\\/rozpousteni-medu\\\/#breadcrumb\"},\"inLanguage\":\"de\",\"potentialAction\":[{\"@type\":\"ReadAction\",\"target\":[\"https:\\\/\\\/www.etto.cz\\\/telesa-podle-ucelu\\\/rozpousteni-medu\\\/\"]}]},{\"@type\":\"ImageObject\",\"inLanguage\":\"de\",\"@id\":\"https:\\\/\\\/www.etto.cz\\\/telesa-podle-ucelu\\\/rozpousteni-medu\\\/#primaryimage\",\"url\":\"https:\\\/\\\/www.etto.cz\\\/wp-content\\\/uploads\\\/2016\\\/12\\\/tm1.jpg\",\"contentUrl\":\"https:\\\/\\\/www.etto.cz\\\/wp-content\\\/uploads\\\/2016\\\/12\\\/tm1.jpg\",\"width\":1370,\"height\":1212},{\"@type\":\"BreadcrumbList\",\"@id\":\"https:\\\/\\\/www.etto.cz\\\/telesa-podle-ucelu\\\/rozpousteni-medu\\\/#breadcrumb\",\"itemListElement\":[{\"@type\":\"ListItem\",\"position\":1,\"name\":\"Dom\u016f\",\"item\":\"https:\\\/\\\/www.etto.cz\\\/\"},{\"@type\":\"ListItem\",\"position\":2,\"name\":\"K\u00f6rper je nach Zweck\",\"item\":\"https:\\\/\\\/www.etto.cz\\\/telesa-podle-ucelu\\\/\"},{\"@type\":\"ListItem\",\"position\":3,\"name\":\"Heizk\u00f6rper f\u00fcr das Auftauen von Honig\"}]},{\"@type\":\"WebSite\",\"@id\":\"https:\\\/\\\/www.etto.cz\\\/#website\",\"url\":\"https:\\\/\\\/www.etto.cz\\\/\",\"name\":\"ETTO\",\"description\":\"V\u00fdroba elektrick\u00fdch topn\u00fdch t\u011bles\",\"potentialAction\":[{\"@type\":\"SearchAction\",\"target\":{\"@type\":\"EntryPoint\",\"urlTemplate\":\"https:\\\/\\\/www.etto.cz\\\/?s={search_term_string}\"},\"query-input\":{\"@type\":\"PropertyValueSpecification\",\"valueRequired\":true,\"valueName\":\"search_term_string\"}}],\"inLanguage\":\"de\"}]}<\/script>\n<!-- \/ Yoast SEO plugin. -->","yoast_head_json":{"title":"Heizk\u00f6rper f\u00fcr Honigverarbeitung | ELEKTRON-ETTO","description":"Spezielle Heizelemente f\u00fcr Honigschmelzen und -verarbeitung. Schonende, kontrollierte Erw\u00e4rmung f\u00fcr die Imkerei von ELEKTRON-ETTO.","robots":{"index":"index","follow":"follow","max-snippet":"max-snippet:-1","max-image-preview":"max-image-preview:large","max-video-preview":"max-video-preview:-1"},"canonical":"https:\/\/www.etto.cz\/de\/korper-je-nach-zweck\/heizkorper-fur-das-auftauen-von-honig\/","og_locale":"de_DE","og_type":"article","og_title":"Heizk\u00f6rper f\u00fcr Honigverarbeitung | ELEKTRON-ETTO","og_description":"Spezielle Heizelemente f\u00fcr Honigschmelzen und -verarbeitung. Schonende, kontrollierte Erw\u00e4rmung f\u00fcr die Imkerei von ELEKTRON-ETTO.","og_url":"https:\/\/www.etto.cz\/de\/korper-je-nach-zweck\/heizkorper-fur-das-auftauen-von-honig\/","og_site_name":"ETTO","article_modified_time":"2025-12-17T10:03:21+00:00","og_image":[{"width":1370,"height":1212,"url":"https:\/\/www.etto.cz\/wp-content\/uploads\/2016\/12\/tm1.jpg","type":"image\/jpeg"}],"twitter_card":"summary_large_image","schema":{"@context":"https:\/\/schema.org","@graph":[{"@type":"WebPage","@id":"https:\/\/www.etto.cz\/telesa-podle-ucelu\/rozpousteni-medu\/","url":"https:\/\/www.etto.cz\/telesa-podle-ucelu\/rozpousteni-medu\/","name":"Heizk\u00f6rper f\u00fcr Honigverarbeitung | ELEKTRON-ETTO","isPartOf":{"@id":"https:\/\/www.etto.cz\/#website"},"primaryImageOfPage":{"@id":"https:\/\/www.etto.cz\/telesa-podle-ucelu\/rozpousteni-medu\/#primaryimage"},"image":{"@id":"https:\/\/www.etto.cz\/telesa-podle-ucelu\/rozpousteni-medu\/#primaryimage"},"thumbnailUrl":"https:\/\/www.etto.cz\/wp-content\/uploads\/2016\/12\/tm1.jpg","datePublished":"2018-03-14T14:24:29+00:00","dateModified":"2025-12-17T10:03:21+00:00","description":"Spezielle Heizelemente f\u00fcr Honigschmelzen und -verarbeitung. Schonende, kontrollierte Erw\u00e4rmung f\u00fcr die Imkerei von ELEKTRON-ETTO.","breadcrumb":{"@id":"https:\/\/www.etto.cz\/telesa-podle-ucelu\/rozpousteni-medu\/#breadcrumb"},"inLanguage":"de","potentialAction":[{"@type":"ReadAction","target":["https:\/\/www.etto.cz\/telesa-podle-ucelu\/rozpousteni-medu\/"]}]},{"@type":"ImageObject","inLanguage":"de","@id":"https:\/\/www.etto.cz\/telesa-podle-ucelu\/rozpousteni-medu\/#primaryimage","url":"https:\/\/www.etto.cz\/wp-content\/uploads\/2016\/12\/tm1.jpg","contentUrl":"https:\/\/www.etto.cz\/wp-content\/uploads\/2016\/12\/tm1.jpg","width":1370,"height":1212},{"@type":"BreadcrumbList","@id":"https:\/\/www.etto.cz\/telesa-podle-ucelu\/rozpousteni-medu\/#breadcrumb","itemListElement":[{"@type":"ListItem","position":1,"name":"Dom\u016f","item":"https:\/\/www.etto.cz\/"},{"@type":"ListItem","position":2,"name":"K\u00f6rper je nach Zweck","item":"https:\/\/www.etto.cz\/telesa-podle-ucelu\/"},{"@type":"ListItem","position":3,"name":"Heizk\u00f6rper f\u00fcr das Auftauen von Honig"}]},{"@type":"WebSite","@id":"https:\/\/www.etto.cz\/#website","url":"https:\/\/www.etto.cz\/","name":"ETTO","description":"V\u00fdroba elektrick\u00fdch topn\u00fdch t\u011bles","potentialAction":[{"@type":"SearchAction","target":{"@type":"EntryPoint","urlTemplate":"https:\/\/www.etto.cz\/?s={search_term_string}"},"query-input":{"@type":"PropertyValueSpecification","valueRequired":true,"valueName":"search_term_string"}}],"inLanguage":"de"}]}},"_links":{"self":[{"href":"https:\/\/www.etto.cz\/de\/wp-json\/wp\/v2\/pages\/2873","targetHints":{"allow":["GET"]}}],"collection":[{"href":"https:\/\/www.etto.cz\/de\/wp-json\/wp\/v2\/pages"}],"about":[{"href":"https:\/\/www.etto.cz\/de\/wp-json\/wp\/v2\/types\/page"}],"author":[{"embeddable":true,"href":"https:\/\/www.etto.cz\/de\/wp-json\/wp\/v2\/users\/1"}],"replies":[{"embeddable":true,"href":"https:\/\/www.etto.cz\/de\/wp-json\/wp\/v2\/comments?post=2873"}],"version-history":[{"count":3,"href":"https:\/\/www.etto.cz\/de\/wp-json\/wp\/v2\/pages\/2873\/revisions"}],"predecessor-version":[{"id":5719,"href":"https:\/\/www.etto.cz\/de\/wp-json\/wp\/v2\/pages\/2873\/revisions\/5719"}],"up":[{"embeddable":true,"href":"https:\/\/www.etto.cz\/de\/wp-json\/wp\/v2\/pages\/2871"}],"wp:featuredmedia":[{"embeddable":true,"href":"https:\/\/www.etto.cz\/de\/wp-json\/wp\/v2\/media\/2581"}],"wp:attachment":[{"href":"https:\/\/www.etto.cz\/de\/wp-json\/wp\/v2\/media?parent=2873"}],"curies":[{"name":"wp","href":"https:\/\/api.w.org\/{rel}","templated":true}]}}