{"id":2878,"date":"2018-03-14T15:25:19","date_gmt":"2018-03-14T14:25:19","guid":{"rendered":"http:\/\/www.etto.cz\/kontakt\/"},"modified":"2025-01-22T08:40:37","modified_gmt":"2025-01-22T07:40:37","slug":"kontakt","status":"publish","type":"page","link":"https:\/\/www.etto.cz\/de\/kontakt\/","title":{"rendered":"Kontakt"},"content":{"rendered":"<div class='content-column one_fourth'><h3>Sitz der Gesellschaft<\/h3>\n<p>\u0160koln\u00ed 185<br \/>\n753 66 Hustope\u010de nad Be\u010dvou<\/p>\n<p><strong>Telefon:<\/strong> +420 581 626 366<br \/>\n<strong>E-Mail<\/strong>: <a href=\"mailto:info@etto.cz\" target=\"_blank\" rel=\"noopener noreferrer\">info@etto.cz<\/a><\/p>\n<p><strong>ELEKTRON-ETTO, s.r.o.<\/strong><br \/>\nId.Nr.: 26906040<br \/>\nSteuer-Nr.: cz26906040<\/p>\n<h3>Karte<\/h3>\n<p><iframe loading=\"lazy\" style=\"border: none;\" src=\"https:\/\/frame.mapy.cz\/s\/puvefebade\" width=\"450\" height=\"280\" frameborder=\"0\"><\/iframe><\/p>\n<p><a href=\"https:\/\/mapy.cz\/zakladni?planovani-trasy&amp;x=17.8682389&amp;y=49.5307299&amp;z=18&amp;rc=9oqnPxU7ff&amp;rs=&amp;rs=addr&amp;ri=&amp;ri=10136216&amp;mrp=&amp;mrp=%7B%22c%22%3A1%2C%22tt%22%3A1%7D&amp;rt=&amp;rt=\" target=\"_blank\" rel=\"noopener noreferrer\">Hier k\u00f6nnen Sie Ihren Weg zu uns planen.<\/a><\/p><\/div>\n<div class='content-column one_fourth'><p>&nbsp;<\/p>\n<p>&nbsp;<\/p><\/div>\n<div class='content-column one_half'><h3>Kontaktformular<\/h3>\n\n<div class=\"wpcf7 no-js\" id=\"wpcf7-f5053-o1\" lang=\"\" dir=\"ltr\" data-wpcf7-id=\"5053\">\n<div class=\"screen-reader-response\"><p role=\"status\" aria-live=\"polite\" aria-atomic=\"true\"><\/p> <ul><\/ul><\/div>\n<form action=\"\/de\/wp-json\/wp\/v2\/pages\/2878#wpcf7-f5053-o1\" method=\"post\" class=\"wpcf7-form init\" aria-label=\"Kontaktformular\" novalidate=\"novalidate\" data-status=\"init\">\n<fieldset class=\"hidden-fields-container\"><input type=\"hidden\" name=\"_wpcf7\" value=\"5053\" \/><input type=\"hidden\" name=\"_wpcf7_version\" value=\"6.1.5\" \/><input type=\"hidden\" name=\"_wpcf7_locale\" value=\"\" \/><input type=\"hidden\" name=\"_wpcf7_unit_tag\" value=\"wpcf7-f5053-o1\" \/><input type=\"hidden\" name=\"_wpcf7_container_post\" value=\"0\" \/><input type=\"hidden\" name=\"_wpcf7_posted_data_hash\" value=\"\" \/><input type=\"hidden\" name=\"_wpcf7_recaptcha_response\" value=\"\" \/>\n<\/fieldset>\n<p><label> Ihr Name<br \/>\n<span class=\"wpcf7-form-control-wrap\" data-name=\"your-name\"><input size=\"40\" maxlength=\"400\" class=\"wpcf7-form-control wpcf7-text wpcf7-validates-as-required\" aria-required=\"true\" aria-invalid=\"false\" value=\"\" type=\"text\" name=\"your-name\" \/><\/span> <\/label>\n<\/p>\n<p><label> Ihre E-Mail<br \/>\n<span class=\"wpcf7-form-control-wrap\" data-name=\"your-email\"><input size=\"40\" maxlength=\"400\" class=\"wpcf7-form-control wpcf7-email wpcf7-validates-as-required wpcf7-text wpcf7-validates-as-email\" aria-required=\"true\" aria-invalid=\"false\" value=\"\" type=\"email\" name=\"your-email\" \/><\/span> <\/label>\n<\/p>\n<p><label> Telefonnummer<br \/>\n<span class=\"wpcf7-form-control-wrap\" data-name=\"tel-521\"><input size=\"40\" maxlength=\"400\" class=\"wpcf7-form-control wpcf7-tel wpcf7-validates-as-required wpcf7-text wpcf7-validates-as-tel\" aria-required=\"true\" aria-invalid=\"false\" value=\"\" type=\"tel\" name=\"tel-521\" \/><\/span> <\/label>\n<\/p>\n<p><label> Thema<br \/>\n<span class=\"wpcf7-form-control-wrap\" data-name=\"your-subject\"><input size=\"40\" maxlength=\"400\" class=\"wpcf7-form-control wpcf7-text wpcf7-validates-as-required\" aria-required=\"true\" aria-invalid=\"false\" value=\"\" type=\"text\" name=\"your-subject\" \/><\/span> <\/label>\n<\/p>\n<p><label> Ihre Nachricht<br \/>\n<span class=\"wpcf7-form-control-wrap\" data-name=\"your-message\"><textarea cols=\"40\" rows=\"10\" maxlength=\"2000\" class=\"wpcf7-form-control wpcf7-textarea\" aria-invalid=\"false\" name=\"your-message\"><\/textarea><\/span> <\/label>\n<\/p>\n<span class=\"wpcf7-form-control-wrap recaptcha\" data-name=\"recaptcha\"><span data-sitekey=\"6LclDDoeAAAAAJyoSQ1NWCMMgJXjoHqr3Vat8dqf\" class=\"wpcf7-form-control wpcf7-recaptcha g-recaptcha\"><\/span>\r\n<noscript>\r\n\t<div class=\"grecaptcha-noscript\">\r\n\t\t<iframe loading=\"lazy\" src=\"https:\/\/www.google.com\/recaptcha\/api\/fallback?k=6LclDDoeAAAAAJyoSQ1NWCMMgJXjoHqr3Vat8dqf\" frameborder=\"0\" scrolling=\"no\" width=\"310\" height=\"430\">\r\n\t\t<\/iframe>\r\n\t\t<textarea name=\"g-recaptcha-response\" rows=\"3\" cols=\"40\" placeholder=\"reCaptcha Response Here\">\r\n\t\t<\/textarea>\r\n\t<\/div>\r\n<\/noscript>\r\n<\/span>\n<p><input class=\"wpcf7-form-control wpcf7-submit has-spinner\" type=\"submit\" value=\"Odeslat\" \/>\n<\/p><div class=\"wpcf7-response-output\" aria-hidden=\"true\"><\/div>\n<\/form>\n<\/div>\n<\/div>\n","protected":false},"excerpt":{"rendered":"","protected":false},"author":1,"featured_media":0,"parent":0,"menu_order":0,"comment_status":"open","ping_status":"open","template":"_page-full.php","meta":{"_acf_changed":false,"ngg_post_thumbnail":0,"footnotes":"","_links_to":"","_links_to_target":""},"class_list":["post-2878","page","type-page","status-publish","hentry"],"acf":[],"yoast_head":"<!-- This site is optimized with the Yoast SEO plugin v27.3 - https:\/\/yoast.com\/product\/yoast-seo-wordpress\/ -->\n<title>Kontakt | ELEKTRON-ETTO<\/title>\n<meta name=\"description\" content=\"Kontaktieren Sie ELEKTRON-ETTO f\u00fcr individuelle Heizelemente. Europ\u00e4ischer Hersteller von Heizpatronen, Rohrheizk\u00f6rpern und industriellen Heizl\u00f6sungen.\" \/>\n<meta name=\"robots\" content=\"index, follow, max-snippet:-1, max-image-preview:large, max-video-preview:-1\" \/>\n<link rel=\"canonical\" href=\"https:\/\/www.etto.cz\/de\/kontakt\/\" \/>\n<meta property=\"og:locale\" content=\"de_DE\" \/>\n<meta property=\"og:type\" content=\"article\" \/>\n<meta property=\"og:title\" content=\"Kontakt | ELEKTRON-ETTO\" \/>\n<meta property=\"og:description\" content=\"Kontaktieren Sie ELEKTRON-ETTO f\u00fcr individuelle Heizelemente. Europ\u00e4ischer Hersteller von Heizpatronen, Rohrheizk\u00f6rpern und industriellen Heizl\u00f6sungen.\" \/>\n<meta property=\"og:url\" content=\"https:\/\/www.etto.cz\/de\/kontakt\/\" \/>\n<meta property=\"og:site_name\" content=\"ETTO\" \/>\n<meta property=\"article:modified_time\" content=\"2025-01-22T07:40:37+00:00\" \/>\n<meta property=\"og:image\" content=\"https:\/\/www.etto.cz\/de\/wp-content\/gallery\/prumyslova-telesa\/teleso-kotel.jpg\" \/>\n<meta name=\"twitter:card\" content=\"summary_large_image\" \/>\n<meta name=\"twitter:label1\" content=\"Gesch\u00e4tzte Lesezeit\" \/>\n\t<meta name=\"twitter:data1\" content=\"1\u00a0Minute\" \/>\n<script type=\"application\/ld+json\" class=\"yoast-schema-graph\">{\"@context\":\"https:\\\/\\\/schema.org\",\"@graph\":[{\"@type\":\"WebPage\",\"@id\":\"https:\\\/\\\/www.etto.cz\\\/kontakt\\\/\",\"url\":\"https:\\\/\\\/www.etto.cz\\\/kontakt\\\/\",\"name\":\"Kontakt | ELEKTRON-ETTO\",\"isPartOf\":{\"@id\":\"https:\\\/\\\/www.etto.cz\\\/#website\"},\"datePublished\":\"2018-03-14T14:25:19+00:00\",\"dateModified\":\"2025-01-22T07:40:37+00:00\",\"description\":\"Kontaktieren Sie ELEKTRON-ETTO f\u00fcr individuelle Heizelemente. Europ\u00e4ischer Hersteller von Heizpatronen, Rohrheizk\u00f6rpern und industriellen Heizl\u00f6sungen.\",\"breadcrumb\":{\"@id\":\"https:\\\/\\\/www.etto.cz\\\/kontakt\\\/#breadcrumb\"},\"inLanguage\":\"de\",\"potentialAction\":[{\"@type\":\"ReadAction\",\"target\":[\"https:\\\/\\\/www.etto.cz\\\/kontakt\\\/\"]}]},{\"@type\":\"BreadcrumbList\",\"@id\":\"https:\\\/\\\/www.etto.cz\\\/kontakt\\\/#breadcrumb\",\"itemListElement\":[{\"@type\":\"ListItem\",\"position\":1,\"name\":\"Dom\u016f\",\"item\":\"https:\\\/\\\/www.etto.cz\\\/\"},{\"@type\":\"ListItem\",\"position\":2,\"name\":\"Kontakt\"}]},{\"@type\":\"WebSite\",\"@id\":\"https:\\\/\\\/www.etto.cz\\\/#website\",\"url\":\"https:\\\/\\\/www.etto.cz\\\/\",\"name\":\"ETTO\",\"description\":\"V\u00fdroba elektrick\u00fdch topn\u00fdch t\u011bles\",\"potentialAction\":[{\"@type\":\"SearchAction\",\"target\":{\"@type\":\"EntryPoint\",\"urlTemplate\":\"https:\\\/\\\/www.etto.cz\\\/?s={search_term_string}\"},\"query-input\":{\"@type\":\"PropertyValueSpecification\",\"valueRequired\":true,\"valueName\":\"search_term_string\"}}],\"inLanguage\":\"de\"}]}<\/script>\n<!-- \/ Yoast SEO plugin. -->","yoast_head_json":{"title":"Kontakt | ELEKTRON-ETTO","description":"Kontaktieren Sie ELEKTRON-ETTO f\u00fcr individuelle Heizelemente. Europ\u00e4ischer Hersteller von Heizpatronen, Rohrheizk\u00f6rpern und industriellen Heizl\u00f6sungen.","robots":{"index":"index","follow":"follow","max-snippet":"max-snippet:-1","max-image-preview":"max-image-preview:large","max-video-preview":"max-video-preview:-1"},"canonical":"https:\/\/www.etto.cz\/de\/kontakt\/","og_locale":"de_DE","og_type":"article","og_title":"Kontakt | ELEKTRON-ETTO","og_description":"Kontaktieren Sie ELEKTRON-ETTO f\u00fcr individuelle Heizelemente. Europ\u00e4ischer Hersteller von Heizpatronen, Rohrheizk\u00f6rpern und industriellen Heizl\u00f6sungen.","og_url":"https:\/\/www.etto.cz\/de\/kontakt\/","og_site_name":"ETTO","article_modified_time":"2025-01-22T07:40:37+00:00","og_image":[{"url":"https:\/\/www.etto.cz\/de\/wp-content\/gallery\/prumyslova-telesa\/teleso-kotel.jpg","type":"","width":"","height":""}],"twitter_card":"summary_large_image","twitter_misc":{"Gesch\u00e4tzte Lesezeit":"1\u00a0Minute"},"schema":{"@context":"https:\/\/schema.org","@graph":[{"@type":"WebPage","@id":"https:\/\/www.etto.cz\/kontakt\/","url":"https:\/\/www.etto.cz\/kontakt\/","name":"Kontakt | ELEKTRON-ETTO","isPartOf":{"@id":"https:\/\/www.etto.cz\/#website"},"datePublished":"2018-03-14T14:25:19+00:00","dateModified":"2025-01-22T07:40:37+00:00","description":"Kontaktieren Sie ELEKTRON-ETTO f\u00fcr individuelle Heizelemente. Europ\u00e4ischer Hersteller von Heizpatronen, Rohrheizk\u00f6rpern und industriellen Heizl\u00f6sungen.","breadcrumb":{"@id":"https:\/\/www.etto.cz\/kontakt\/#breadcrumb"},"inLanguage":"de","potentialAction":[{"@type":"ReadAction","target":["https:\/\/www.etto.cz\/kontakt\/"]}]},{"@type":"BreadcrumbList","@id":"https:\/\/www.etto.cz\/kontakt\/#breadcrumb","itemListElement":[{"@type":"ListItem","position":1,"name":"Dom\u016f","item":"https:\/\/www.etto.cz\/"},{"@type":"ListItem","position":2,"name":"Kontakt"}]},{"@type":"WebSite","@id":"https:\/\/www.etto.cz\/#website","url":"https:\/\/www.etto.cz\/","name":"ETTO","description":"V\u00fdroba elektrick\u00fdch topn\u00fdch t\u011bles","potentialAction":[{"@type":"SearchAction","target":{"@type":"EntryPoint","urlTemplate":"https:\/\/www.etto.cz\/?s={search_term_string}"},"query-input":{"@type":"PropertyValueSpecification","valueRequired":true,"valueName":"search_term_string"}}],"inLanguage":"de"}]}},"_links":{"self":[{"href":"https:\/\/www.etto.cz\/de\/wp-json\/wp\/v2\/pages\/2878","targetHints":{"allow":["GET"]}}],"collection":[{"href":"https:\/\/www.etto.cz\/de\/wp-json\/wp\/v2\/pages"}],"about":[{"href":"https:\/\/www.etto.cz\/de\/wp-json\/wp\/v2\/types\/page"}],"author":[{"embeddable":true,"href":"https:\/\/www.etto.cz\/de\/wp-json\/wp\/v2\/users\/1"}],"replies":[{"embeddable":true,"href":"https:\/\/www.etto.cz\/de\/wp-json\/wp\/v2\/comments?post=2878"}],"version-history":[{"count":3,"href":"https:\/\/www.etto.cz\/de\/wp-json\/wp\/v2\/pages\/2878\/revisions"}],"predecessor-version":[{"id":5343,"href":"https:\/\/www.etto.cz\/de\/wp-json\/wp\/v2\/pages\/2878\/revisions\/5343"}],"wp:attachment":[{"href":"https:\/\/www.etto.cz\/de\/wp-json\/wp\/v2\/media?parent=2878"}],"curies":[{"name":"wp","href":"https:\/\/api.w.org\/{rel}","templated":true}]}}