{"id":2880,"date":"2018-03-14T15:25:35","date_gmt":"2018-03-14T14:25:35","guid":{"rendered":"http:\/\/www.etto.cz\/uber-die-gesellschaft\/"},"modified":"2019-01-25T12:55:59","modified_gmt":"2019-01-25T11:55:59","slug":"uber-die-gesellschaft","status":"publish","type":"page","link":"https:\/\/www.etto.cz\/de\/uber-die-gesellschaft\/","title":{"rendered":"\u00dcber uns"},"content":{"rendered":"<h2>Wir entwickeln und produzieren elektrische Heizelemente. Erstklassige Materialien, moderne Technologie, handwerkliches K&#246;nnen . . . Einfach, bew&#228;hrt, n&#252;tzlich . . . Das m&#246;gen wir!<\/h2>\n<p><img loading=\"lazy\" decoding=\"async\" width=\"840\" height=\"445\" class=\"alignnone wp-image-421 size-full\" alt=\"Untitled-2\" src=\"https:\/\/www.etto.cz\/wp-content\/uploads\/2015\/05\/untitled-2.jpg\" srcset=\"https:\/\/www.etto.cz\/wp-content\/uploads\/2015\/05\/untitled-2.jpg 840w, https:\/\/www.etto.cz\/wp-content\/uploads\/2015\/05\/untitled-2-300x159.jpg 300w, https:\/\/www.etto.cz\/wp-content\/uploads\/2015\/05\/untitled-2-153x81.jpg 153w, https:\/\/www.etto.cz\/wp-content\/uploads\/2015\/05\/untitled-2-253x134.jpg 253w\" sizes=\"auto, (max-width: 840px) 100vw, 840px\" \/><\/p>\n<p style=\"text-align: justify;\">Die Firma ELEKTRON-ETTO wurde im Jahr 1992 von Herr Ladislav Drda gegr\u00fcndet. Schon seit ihrer Entstehung besch\u00e4ftigt sie sich mit der Produktion von Widerstandsk\u00f6rpern. Herr Drda hat seine unternehmerische T\u00e4tigkeit in der Garage seines Familienhauses zuerst selbst und danach mit einem Mitarbeiter aufgenommen. Im Jahr 1996 hat er von der Gemeinde ein altes Kinos gekauft und f\u00fcr die Produktion von Widerstandsk\u00f6rpern angepasst. Im Jahr 2003 wurde die Firma in die Gesellschaft mit beschr\u00e4nkter Haftung mit dem Namen ELEKTRON-ETTO ,s.r.o. umgewandelt.&nbsp; Aufgrund der steigenden Produktion wurde 2005 &#8211; 2006 eine neue Produktionshalle zugebaut. In den Jahren 2009 &#8211; 2014 wurde der gesamte alte Teil der Produktion renoviert und mit einer neuen modernen Produktionstechnologie ausgestattet.<\/p>\n<p style=\"text-align: justify;\"><span style=\"text-decoration: underline;\">Unser Produktionsprogramm umfasst folgendes:<\/span><\/p>\n<div class='content-column one_half'><ul>\n<li style=\"list-style-type: none\">\n<ul>\n<li style=\"text-align: justify;\">Rohrheizk\u00f6rper f\u00fcr den industriellen Einsatz und f\u00fcr den Einsatz im Haushalt zur Erw\u00e4rmung von Fl\u00fcssigkeiten, Luft und Gasen, indirekte Erw\u00e4rmung von Fl\u00fcssigkeiten<\/li>\n<li>Keramische Heizk\u00f6rper f\u00fcr indirekte Erw\u00e4rmung und Infrarot-Erw\u00e4rmung<\/li>\n<li>Heizpatronen f\u00fcr die Kunststoff- und Chemieindustrie<\/li>\n<li>Heizb\u00e4nder und Hohlpatronen f\u00fcr die Kunststoff- und Chemieindustrie<\/li>\n<li>Keramische Heizb\u00e4nder f\u00fcr die Kunststoff- und Chemieindustrie<\/li>\n<\/ul>\n<\/li>\n<\/ul><\/div>\n<div class='content-column one_half last_column'><ul>\n<li style=\"list-style-type: none\">\n<ul>\n<li style=\"text-align: justify;\">Thermosensoren &#8211; Thermoelemente zur Temperaturregulierung<\/li>\n<li>Heizk\u00f6rper, Sicherungen und Komponenten f\u00fcr die Eisenbahn<\/li>\n<li>Trockenmaschinen f\u00fcr Arbeits- und Sportschuhe<\/li>\n<li>Entwurf und Ausf\u00fchrung der Widerstand-Industrieheizungen<\/li>\n<li>Technische Beratung im Bereich von fl\u00fcssigen, gasf\u00f6rmigen und festen Stoffen<\/li>\n<\/ul>\n<\/li>\n<\/ul><\/div><div class='clear_column'><\/div>\n<p style=\"text-align: justify;\">Im Bedarfsfall z\u00f6gern Sie nicht und rufen Sie uns an oder schreiben Sie uns, wir beraten Sie gerne und helfen Ihnen bei der L\u00f6sung im Bereich der Heizung aller Stoffarten.<\/p>\n<h2>Zertifikate<\/h2>\n<ul>\n<li><a href=\"\/wp-content\/uploads\/2015\/05\/certifikat-elektricke-topne-teleso.pdf\" target=\"_blank\" rel=\"noopener\">St\u00e1tn\u00ed zku\u0161ebna zem\u011bd\u011blsk\u00fdch, potravin\u00e1\u0159sk\u00fdch a lesnick\u00fdch stroj\u016fm, a.s. &#8211; Zertifikat f\u00fcr den elektrischen Heizk\u00f6rper Typ 1373\/xxx (100-1500w)<\/a><\/li>\n<li><a href=\"\/wp-content\/uploads\/2015\/05\/certifikat-elektricke-topne-teleso.pdf\" target=\"_blank\" rel=\"noopener\">St\u00e1tn\u00ed zku\u0161ebna zem\u011bd\u011blsk\u00fdch, potravin\u00e1\u0159sk\u00fdch a lesnick\u00fdch stroj\u016fm, a.s. &#8211;&nbsp;elektrischer Heizk\u00f6rper mit Thermostat Typ 2,4 &#8211; 12 kW<\/a><\/li>\n<li><a href=\"\/wp-content\/uploads\/2015\/05\/certifikat-elektricke-topne-teleso.pdf\" target=\"_blank\" rel=\"noopener\">Pr\u00fcfprotokoll Nr. 39-10015\/A\/IP<\/a><\/li>\n<li><a href=\"https:\/\/www.etto.cz\/wp-content\/uploads\/2015\/05\/iso-etto-9001.pdf\" target=\"_blank\" rel=\"noopener\">Zertifikat ISO 9001<\/a><\/li>\n<\/ul>\n","protected":false},"excerpt":{"rendered":"<p>Wir entwickeln und produzieren elektrische Heizelemente. Erstklassige Materialien, moderne Technologie, handwerkliches K&#246;nnen . . . Einfach, bew&#228;hrt, n&#252;tzlich . . . Das m&#246;gen wir! Die &#8230;<\/p>\n","protected":false},"author":1,"featured_media":0,"parent":0,"menu_order":0,"comment_status":"closed","ping_status":"open","template":"_page-full.php","meta":{"_acf_changed":false,"ngg_post_thumbnail":0,"footnotes":"","_links_to":"","_links_to_target":""},"class_list":["post-2880","page","type-page","status-publish","hentry"],"acf":[],"yoast_head":"<!-- This site is optimized with the Yoast SEO plugin v27.4 - https:\/\/yoast.com\/product\/yoast-seo-wordpress\/ -->\n<title>\u00dcber uns - Heizelemente Hersteller | ELEKTRON-ETTO<\/title>\n<meta name=\"description\" content=\"Erfahren Sie mehr \u00fcber ELEKTRON-ETTO, tschechischer Hersteller von Heizelementen. Jahrzehntelange Erfahrung in Entwicklung und Produktion f\u00fcr Europa.\" \/>\n<meta name=\"robots\" content=\"index, follow, max-snippet:-1, max-image-preview:large, max-video-preview:-1\" \/>\n<link rel=\"canonical\" href=\"https:\/\/www.etto.cz\/de\/uber-die-gesellschaft\/\" \/>\n<meta property=\"og:locale\" content=\"de_DE\" \/>\n<meta property=\"og:type\" content=\"article\" \/>\n<meta property=\"og:title\" content=\"\u00dcber uns - Heizelemente Hersteller | ELEKTRON-ETTO\" \/>\n<meta property=\"og:description\" content=\"Erfahren Sie mehr \u00fcber ELEKTRON-ETTO, tschechischer Hersteller von Heizelementen. Jahrzehntelange Erfahrung in Entwicklung und Produktion f\u00fcr Europa.\" \/>\n<meta property=\"og:url\" content=\"https:\/\/www.etto.cz\/de\/uber-die-gesellschaft\/\" \/>\n<meta property=\"og:site_name\" content=\"ETTO\" \/>\n<meta property=\"article:modified_time\" content=\"2019-01-25T11:55:59+00:00\" \/>\n<meta property=\"og:image\" content=\"https:\/\/www.etto.cz\/wp-content\/uploads\/2015\/05\/untitled-2.jpg\" \/>\n\t<meta property=\"og:image:width\" content=\"840\" \/>\n\t<meta property=\"og:image:height\" content=\"445\" \/>\n\t<meta property=\"og:image:type\" content=\"image\/jpeg\" \/>\n<meta name=\"twitter:card\" content=\"summary_large_image\" \/>\n<meta name=\"twitter:label1\" content=\"Gesch\u00e4tzte Lesezeit\" \/>\n\t<meta name=\"twitter:data1\" content=\"2\u00a0Minuten\" \/>\n<script type=\"application\/ld+json\" class=\"yoast-schema-graph\">{\"@context\":\"https:\\\/\\\/schema.org\",\"@graph\":[{\"@type\":\"WebPage\",\"@id\":\"https:\\\/\\\/www.etto.cz\\\/o-spolecnosti\\\/\",\"url\":\"https:\\\/\\\/www.etto.cz\\\/o-spolecnosti\\\/\",\"name\":\"\u00dcber uns - Heizelemente Hersteller | ELEKTRON-ETTO\",\"isPartOf\":{\"@id\":\"https:\\\/\\\/www.etto.cz\\\/#website\"},\"primaryImageOfPage\":{\"@id\":\"https:\\\/\\\/www.etto.cz\\\/o-spolecnosti\\\/#primaryimage\"},\"image\":{\"@id\":\"https:\\\/\\\/www.etto.cz\\\/o-spolecnosti\\\/#primaryimage\"},\"thumbnailUrl\":\"https:\\\/\\\/www.etto.cz\\\/wp-content\\\/uploads\\\/2015\\\/05\\\/untitled-2.jpg\",\"datePublished\":\"2018-03-14T14:25:35+00:00\",\"dateModified\":\"2019-01-25T11:55:59+00:00\",\"description\":\"Erfahren Sie mehr \u00fcber ELEKTRON-ETTO, tschechischer Hersteller von Heizelementen. Jahrzehntelange Erfahrung in Entwicklung und Produktion f\u00fcr Europa.\",\"breadcrumb\":{\"@id\":\"https:\\\/\\\/www.etto.cz\\\/o-spolecnosti\\\/#breadcrumb\"},\"inLanguage\":\"de\",\"potentialAction\":[{\"@type\":\"ReadAction\",\"target\":[\"https:\\\/\\\/www.etto.cz\\\/o-spolecnosti\\\/\"]}]},{\"@type\":\"ImageObject\",\"inLanguage\":\"de\",\"@id\":\"https:\\\/\\\/www.etto.cz\\\/o-spolecnosti\\\/#primaryimage\",\"url\":\"https:\\\/\\\/www.etto.cz\\\/wp-content\\\/uploads\\\/2015\\\/05\\\/untitled-2.jpg\",\"contentUrl\":\"https:\\\/\\\/www.etto.cz\\\/wp-content\\\/uploads\\\/2015\\\/05\\\/untitled-2.jpg\"},{\"@type\":\"BreadcrumbList\",\"@id\":\"https:\\\/\\\/www.etto.cz\\\/o-spolecnosti\\\/#breadcrumb\",\"itemListElement\":[{\"@type\":\"ListItem\",\"position\":1,\"name\":\"Dom\u016f\",\"item\":\"https:\\\/\\\/www.etto.cz\\\/\"},{\"@type\":\"ListItem\",\"position\":2,\"name\":\"\u00dcber uns\"}]},{\"@type\":\"WebSite\",\"@id\":\"https:\\\/\\\/www.etto.cz\\\/#website\",\"url\":\"https:\\\/\\\/www.etto.cz\\\/\",\"name\":\"ETTO\",\"description\":\"V\u00fdroba elektrick\u00fdch topn\u00fdch t\u011bles\",\"potentialAction\":[{\"@type\":\"SearchAction\",\"target\":{\"@type\":\"EntryPoint\",\"urlTemplate\":\"https:\\\/\\\/www.etto.cz\\\/?s={search_term_string}\"},\"query-input\":{\"@type\":\"PropertyValueSpecification\",\"valueRequired\":true,\"valueName\":\"search_term_string\"}}],\"inLanguage\":\"de\"}]}<\/script>\n<!-- \/ Yoast SEO plugin. -->","yoast_head_json":{"title":"\u00dcber uns - Heizelemente Hersteller | ELEKTRON-ETTO","description":"Erfahren Sie mehr \u00fcber ELEKTRON-ETTO, tschechischer Hersteller von Heizelementen. Jahrzehntelange Erfahrung in Entwicklung und Produktion f\u00fcr Europa.","robots":{"index":"index","follow":"follow","max-snippet":"max-snippet:-1","max-image-preview":"max-image-preview:large","max-video-preview":"max-video-preview:-1"},"canonical":"https:\/\/www.etto.cz\/de\/uber-die-gesellschaft\/","og_locale":"de_DE","og_type":"article","og_title":"\u00dcber uns - Heizelemente Hersteller | ELEKTRON-ETTO","og_description":"Erfahren Sie mehr \u00fcber ELEKTRON-ETTO, tschechischer Hersteller von Heizelementen. Jahrzehntelange Erfahrung in Entwicklung und Produktion f\u00fcr Europa.","og_url":"https:\/\/www.etto.cz\/de\/uber-die-gesellschaft\/","og_site_name":"ETTO","article_modified_time":"2019-01-25T11:55:59+00:00","og_image":[{"width":840,"height":445,"url":"https:\/\/www.etto.cz\/wp-content\/uploads\/2015\/05\/untitled-2.jpg","type":"image\/jpeg"}],"twitter_card":"summary_large_image","twitter_misc":{"Gesch\u00e4tzte Lesezeit":"2\u00a0Minuten"},"schema":{"@context":"https:\/\/schema.org","@graph":[{"@type":"WebPage","@id":"https:\/\/www.etto.cz\/o-spolecnosti\/","url":"https:\/\/www.etto.cz\/o-spolecnosti\/","name":"\u00dcber uns - Heizelemente Hersteller | ELEKTRON-ETTO","isPartOf":{"@id":"https:\/\/www.etto.cz\/#website"},"primaryImageOfPage":{"@id":"https:\/\/www.etto.cz\/o-spolecnosti\/#primaryimage"},"image":{"@id":"https:\/\/www.etto.cz\/o-spolecnosti\/#primaryimage"},"thumbnailUrl":"https:\/\/www.etto.cz\/wp-content\/uploads\/2015\/05\/untitled-2.jpg","datePublished":"2018-03-14T14:25:35+00:00","dateModified":"2019-01-25T11:55:59+00:00","description":"Erfahren Sie mehr \u00fcber ELEKTRON-ETTO, tschechischer Hersteller von Heizelementen. Jahrzehntelange Erfahrung in Entwicklung und Produktion f\u00fcr Europa.","breadcrumb":{"@id":"https:\/\/www.etto.cz\/o-spolecnosti\/#breadcrumb"},"inLanguage":"de","potentialAction":[{"@type":"ReadAction","target":["https:\/\/www.etto.cz\/o-spolecnosti\/"]}]},{"@type":"ImageObject","inLanguage":"de","@id":"https:\/\/www.etto.cz\/o-spolecnosti\/#primaryimage","url":"https:\/\/www.etto.cz\/wp-content\/uploads\/2015\/05\/untitled-2.jpg","contentUrl":"https:\/\/www.etto.cz\/wp-content\/uploads\/2015\/05\/untitled-2.jpg"},{"@type":"BreadcrumbList","@id":"https:\/\/www.etto.cz\/o-spolecnosti\/#breadcrumb","itemListElement":[{"@type":"ListItem","position":1,"name":"Dom\u016f","item":"https:\/\/www.etto.cz\/"},{"@type":"ListItem","position":2,"name":"\u00dcber uns"}]},{"@type":"WebSite","@id":"https:\/\/www.etto.cz\/#website","url":"https:\/\/www.etto.cz\/","name":"ETTO","description":"V\u00fdroba elektrick\u00fdch topn\u00fdch t\u011bles","potentialAction":[{"@type":"SearchAction","target":{"@type":"EntryPoint","urlTemplate":"https:\/\/www.etto.cz\/?s={search_term_string}"},"query-input":{"@type":"PropertyValueSpecification","valueRequired":true,"valueName":"search_term_string"}}],"inLanguage":"de"}]}},"_links":{"self":[{"href":"https:\/\/www.etto.cz\/de\/wp-json\/wp\/v2\/pages\/2880","targetHints":{"allow":["GET"]}}],"collection":[{"href":"https:\/\/www.etto.cz\/de\/wp-json\/wp\/v2\/pages"}],"about":[{"href":"https:\/\/www.etto.cz\/de\/wp-json\/wp\/v2\/types\/page"}],"author":[{"embeddable":true,"href":"https:\/\/www.etto.cz\/de\/wp-json\/wp\/v2\/users\/1"}],"replies":[{"embeddable":true,"href":"https:\/\/www.etto.cz\/de\/wp-json\/wp\/v2\/comments?post=2880"}],"version-history":[{"count":0,"href":"https:\/\/www.etto.cz\/de\/wp-json\/wp\/v2\/pages\/2880\/revisions"}],"wp:attachment":[{"href":"https:\/\/www.etto.cz\/de\/wp-json\/wp\/v2\/media?parent=2880"}],"curies":[{"name":"wp","href":"https:\/\/api.w.org\/{rel}","templated":true}]}}