{"id":2881,"date":"2018-03-14T15:25:43","date_gmt":"2018-03-14T14:25:43","guid":{"rendered":"http:\/\/www.etto.cz\/download\/"},"modified":"2024-09-30T07:38:55","modified_gmt":"2024-09-30T06:38:55","slug":"download","status":"publish","type":"page","link":"https:\/\/www.etto.cz\/de\/download\/","title":{"rendered":"Download"},"content":{"rendered":"<h2>Gesch\u00e4ftsbedingungen<\/h2>\n<p><a href=\"https:\/\/www.etto.cz\/wp-content\/uploads\/2018\/08\/allgemeine-geschaeftsbedingungen_01.06.2018.pdf\" target=\"_blank\" rel=\"noopener noreferrer\"><img loading=\"lazy\" decoding=\"async\" class=\"alignnone wp-image-3254 size-full\" src=\"http:\/\/www.etto.cz\/wp-content\/uploads\/2018\/05\/pdf-e1527166728716.png\" alt=\"\" width=\"24\" height=\"24\"><\/a> <a href=\"https:\/\/www.etto.cz\/wp-content\/uploads\/2018\/08\/allgemeine-geschaeftsbedingungen_01.06.2018.pdf\" target=\"_blank\" rel=\"noopener noreferrer\">Allgemeine Gesch\u00e4ftsbedingungen &#8211; 01.06.2018<\/a><\/p>\n<h2>Zertifikate<\/h2>\n<p><a href=\"https:\/\/www.etto.cz\/wp-content\/uploads\/2015\/10\/statni-zkusebna-zemedelskych-potravinarskych-a-lesnickych-strojum-a.s.-certifikat-na-elektricke-topne-teleso-typ-1373xxx-100-1500w.pdf\" target=\"_blank\" rel=\"noopener noreferrer\"><img loading=\"lazy\" decoding=\"async\" class=\"alignnone wp-image-3254 size-full\" src=\"http:\/\/www.etto.cz\/wp-content\/uploads\/2018\/05\/pdf-e1527166728716.png\" alt=\"\" width=\"24\" height=\"24\"><\/a> <a href=\"https:\/\/www.etto.cz\/wp-content\/uploads\/2015\/10\/statni-zkusebna-zemedelskych-potravinarskych-a-lesnickych-strojum-a.s.-certifikat-na-elektricke-topne-teleso-typ-1373xxx-100-1500w.pdf\" target=\"_blank\" rel=\"noopener noreferrer\">Zertifikat f\u00fcr den elektrischen Heizk\u00f6rper Typ 1373\/xxx (100-1500w)<\/a><br \/>\n<a href=\"https:\/\/www.etto.cz\/wp-content\/uploads\/2015\/10\/statni-zkusebna-zemedelskych-potravinarskych-a-lesnickych-strojum-a.s.-elektricke-topne-teleso-s-termostatem-typ-24-12-kw.pdf\" target=\"_blank\" rel=\"noopener noreferrer\"><img loading=\"lazy\" decoding=\"async\" class=\"alignnone wp-image-3254 size-full\" src=\"http:\/\/www.etto.cz\/wp-content\/uploads\/2018\/05\/pdf-e1527166728716.png\" alt=\"\" width=\"24\" height=\"24\"><\/a> <a href=\"https:\/\/www.etto.cz\/wp-content\/uploads\/2015\/10\/statni-zkusebna-zemedelskych-potravinarskych-a-lesnickych-strojum-a.s.-elektricke-topne-teleso-s-termostatem-typ-24-12-kw.pdf\" target=\"_blank\" rel=\"noopener noreferrer\">Elektrischer Heizk\u00f6rper mit Thermostat Typ 2,4 &#8211; 12 kW<\/a><br \/>\n<a href=\"https:\/\/www.etto.cz\/wp-content\/uploads\/2015\/10\/protokol-o-zkousce.pdf\" target=\"_blank\" rel=\"noopener noreferrer\"><img loading=\"lazy\" decoding=\"async\" class=\"alignnone wp-image-3254 size-full\" src=\"http:\/\/www.etto.cz\/wp-content\/uploads\/2018\/05\/pdf-e1527166728716.png\" alt=\"\" width=\"24\" height=\"24\"><\/a> <a href=\"https:\/\/www.etto.cz\/wp-content\/uploads\/2015\/10\/protokol-o-zkousce.pdf\" target=\"_blank\" rel=\"noopener noreferrer\">Pr\u00fcfprotokoll Nr. 39-10015\/A\/IP<\/a><br \/>\n<a href=\"http:\/\/www.etto.cz\/wp-content\/uploads\/2015\/05\/iso-etto-9001.pdf\" target=\"_blank\" rel=\"noopener noreferrer\"><img loading=\"lazy\" decoding=\"async\" class=\"alignnone wp-image-3254 size-full\" src=\"http:\/\/www.etto.cz\/wp-content\/uploads\/2018\/05\/pdf-e1527166728716.png\" alt=\"\" width=\"24\" height=\"24\"><\/a> <a href=\"https:\/\/www.etto.cz\/wp-content\/uploads\/2023\/11\/iso-9001_elektron-etto-s.r.o._2023_en.pdf\" target=\"_blank\" rel=\"noopener noreferrer\">Zertifikat ISO 9001<\/a><br \/>\n<a href=\"https:\/\/www.etto.cz\/wp-content\/uploads\/2017\/10\/kryt-ip-65-de.pdf\" target=\"_blank\" rel=\"noopener noreferrer\"><img loading=\"lazy\" decoding=\"async\" class=\"alignnone wp-image-3254 size-full\" src=\"http:\/\/www.etto.cz\/wp-content\/uploads\/2018\/05\/pdf-e1527166728716.png\" alt=\"\" width=\"24\" height=\"24\"><\/a> <a href=\"https:\/\/www.etto.cz\/wp-content\/uploads\/2017\/10\/kryt-ip-65-de.pdf\">Zertifikat der Schutzart IP 65 &#8211; DE<\/a><br \/>\n&nbsp;<\/p>\n<h2>Sonstiges<\/h2>\n<p><a href=\"https:\/\/www.etto.cz\/wp-content\/uploads\/2018\/09\/empfehlungen-fuer-den-einsatz-von-heizpatronen.pdf\" target=\"_blank\" rel=\"noopener noreferrer\"><img loading=\"lazy\" decoding=\"async\" class=\"alignnone wp-image-3254 size-full\" src=\"http:\/\/www.etto.cz\/wp-content\/uploads\/2018\/05\/pdf-e1527166728716.png\" alt=\"\" width=\"24\" height=\"24\"><\/a> <a href=\"https:\/\/www.etto.cz\/wp-content\/uploads\/2018\/09\/empfehlungen-fuer-den-einsatz-von-heizpatronen.pdf\" target=\"_blank\" rel=\"noopener noreferrer\">Empfehlungen f\u00fcr den Einsatz von Heizpatronen<\/a><br \/>\n<a href=\"http:\/\/www.etto.cz\/wp-content\/uploads\/2015\/05\/elektricke-ukonceni-trubkovych-topnych-tyci.pdf\" target=\"_blank\" rel=\"noopener noreferrer\"><img loading=\"lazy\" decoding=\"async\" class=\"alignnone wp-image-3254 size-full\" src=\"http:\/\/www.etto.cz\/wp-content\/uploads\/2018\/05\/pdf-e1527166728716.png\" alt=\"\" width=\"24\" height=\"24\"><\/a> <a href=\"https:\/\/www.etto.cz\/wp-content\/uploads\/2020\/01\/el.ukonceni_19.12.2019.pdf\" target=\"_blank\" rel=\"noopener noreferrer\">Elektrischer Abschluss von Rohrheizst\u00e4ben<\/a><br \/>\n<a href=\"https:\/\/www.etto.cz\/wp-content\/uploads\/2017\/06\/katalog_ohrev_plynu.pdf\" target=\"_blank\" rel=\"noopener noreferrer\"><img loading=\"lazy\" decoding=\"async\" class=\"alignnone wp-image-3254 size-full\" src=\"http:\/\/www.etto.cz\/wp-content\/uploads\/2018\/05\/pdf-e1527166728716.png\" alt=\"\" width=\"24\" height=\"24\"><\/a> <a href=\"https:\/\/www.etto.cz\/wp-content\/uploads\/2017\/06\/katalog_ohrev_plynu.pdf\" target=\"_blank\" rel=\"noopener noreferrer\">Katalog der K\u00f6rper f\u00fcr Erw\u00e4rmung von Gasen<\/a><br \/>\n<a href=\"http:\/\/www.etto.cz\/wp-content\/uploads\/2017\/06\/katalog_ohrev_kapalin.pdf\" target=\"_blank\" rel=\"noopener noreferrer\"><img loading=\"lazy\" decoding=\"async\" class=\"alignnone wp-image-3254 size-full\" src=\"http:\/\/www.etto.cz\/wp-content\/uploads\/2018\/05\/pdf-e1527166728716.png\" alt=\"\" width=\"24\" height=\"24\"><\/a> <a href=\"https:\/\/www.etto.cz\/wp-content\/uploads\/2018\/10\/katalog_ohrev_kapalin_17.10.2018.pdf\" target=\"_blank\" rel=\"noopener noreferrer\">Katalog der K\u00f6rper f\u00fcr Erw\u00e4rmung von Fl\u00fcssigkeiten<\/a><\/p>\n","protected":false},"excerpt":{"rendered":"<p>Gesch\u00e4ftsbedingungen Allgemeine Gesch\u00e4ftsbedingungen &#8211; 01.06.2018 Zertifikate Zertifikat f\u00fcr den elektrischen Heizk\u00f6rper Typ 1373\/xxx (100-1500w) Elektrischer Heizk\u00f6rper mit Thermostat Typ 2,4 &#8211; 12 kW Pr\u00fcfprotokoll Nr. &#8230;<\/p>\n","protected":false},"author":1,"featured_media":0,"parent":0,"menu_order":0,"comment_status":"open","ping_status":"open","template":"","meta":{"_acf_changed":false,"ngg_post_thumbnail":0,"footnotes":"","_links_to":"","_links_to_target":""},"class_list":["post-2881","page","type-page","status-publish","hentry"],"acf":[],"yoast_head":"<!-- This site is optimized with the Yoast SEO plugin v27.3 - https:\/\/yoast.com\/product\/yoast-seo-wordpress\/ -->\n<title>Downloads - Technische Dokumentation | ELEKTRON-ETTO<\/title>\n<meta name=\"description\" content=\"Technische Dokumentation, Kataloge und Datenbl\u00e4tter f\u00fcr ELEKTRON-ETTO Heizelemente. Spezifikationen f\u00fcr Heizpatronen, Rohrheizelemente und mehr.\" \/>\n<meta name=\"robots\" content=\"index, follow, max-snippet:-1, max-image-preview:large, max-video-preview:-1\" \/>\n<link rel=\"canonical\" href=\"https:\/\/www.etto.cz\/de\/download\/\" \/>\n<meta property=\"og:locale\" content=\"de_DE\" \/>\n<meta property=\"og:type\" content=\"article\" \/>\n<meta property=\"og:title\" content=\"Downloads - Technische Dokumentation | ELEKTRON-ETTO\" \/>\n<meta property=\"og:description\" content=\"Technische Dokumentation, Kataloge und Datenbl\u00e4tter f\u00fcr ELEKTRON-ETTO Heizelemente. Spezifikationen f\u00fcr Heizpatronen, Rohrheizelemente und mehr.\" \/>\n<meta property=\"og:url\" content=\"https:\/\/www.etto.cz\/de\/download\/\" \/>\n<meta property=\"og:site_name\" content=\"ETTO\" \/>\n<meta property=\"article:modified_time\" content=\"2024-09-30T06:38:55+00:00\" \/>\n<meta property=\"og:image\" content=\"https:\/\/www.etto.cz\/wp-content\/uploads\/2018\/05\/pdf-e1527166728716.png\" \/>\n\t<meta property=\"og:image:width\" content=\"24\" \/>\n\t<meta property=\"og:image:height\" content=\"24\" \/>\n\t<meta property=\"og:image:type\" content=\"image\/png\" \/>\n<meta name=\"twitter:card\" content=\"summary_large_image\" \/>\n<meta name=\"twitter:label1\" content=\"Gesch\u00e4tzte Lesezeit\" \/>\n\t<meta name=\"twitter:data1\" content=\"3\u00a0Minuten\" \/>\n<script type=\"application\/ld+json\" class=\"yoast-schema-graph\">{\"@context\":\"https:\\\/\\\/schema.org\",\"@graph\":[{\"@type\":\"WebPage\",\"@id\":\"https:\\\/\\\/www.etto.cz\\\/ke-stazeni\\\/\",\"url\":\"https:\\\/\\\/www.etto.cz\\\/ke-stazeni\\\/\",\"name\":\"Downloads - Technische Dokumentation | ELEKTRON-ETTO\",\"isPartOf\":{\"@id\":\"https:\\\/\\\/www.etto.cz\\\/#website\"},\"primaryImageOfPage\":{\"@id\":\"https:\\\/\\\/www.etto.cz\\\/ke-stazeni\\\/#primaryimage\"},\"image\":{\"@id\":\"https:\\\/\\\/www.etto.cz\\\/ke-stazeni\\\/#primaryimage\"},\"thumbnailUrl\":\"http:\\\/\\\/www.etto.cz\\\/wp-content\\\/uploads\\\/2018\\\/05\\\/pdf-e1527166728716.png\",\"datePublished\":\"2018-03-14T14:25:43+00:00\",\"dateModified\":\"2024-09-30T06:38:55+00:00\",\"description\":\"Technische Dokumentation, Kataloge und Datenbl\u00e4tter f\u00fcr ELEKTRON-ETTO Heizelemente. Spezifikationen f\u00fcr Heizpatronen, Rohrheizelemente und mehr.\",\"breadcrumb\":{\"@id\":\"https:\\\/\\\/www.etto.cz\\\/ke-stazeni\\\/#breadcrumb\"},\"inLanguage\":\"de\",\"potentialAction\":[{\"@type\":\"ReadAction\",\"target\":[\"https:\\\/\\\/www.etto.cz\\\/ke-stazeni\\\/\"]}]},{\"@type\":\"ImageObject\",\"inLanguage\":\"de\",\"@id\":\"https:\\\/\\\/www.etto.cz\\\/ke-stazeni\\\/#primaryimage\",\"url\":\"http:\\\/\\\/www.etto.cz\\\/wp-content\\\/uploads\\\/2018\\\/05\\\/pdf-e1527166728716.png\",\"contentUrl\":\"http:\\\/\\\/www.etto.cz\\\/wp-content\\\/uploads\\\/2018\\\/05\\\/pdf-e1527166728716.png\"},{\"@type\":\"BreadcrumbList\",\"@id\":\"https:\\\/\\\/www.etto.cz\\\/ke-stazeni\\\/#breadcrumb\",\"itemListElement\":[{\"@type\":\"ListItem\",\"position\":1,\"name\":\"Dom\u016f\",\"item\":\"https:\\\/\\\/www.etto.cz\\\/\"},{\"@type\":\"ListItem\",\"position\":2,\"name\":\"Download\"}]},{\"@type\":\"WebSite\",\"@id\":\"https:\\\/\\\/www.etto.cz\\\/#website\",\"url\":\"https:\\\/\\\/www.etto.cz\\\/\",\"name\":\"ETTO\",\"description\":\"V\u00fdroba elektrick\u00fdch topn\u00fdch t\u011bles\",\"potentialAction\":[{\"@type\":\"SearchAction\",\"target\":{\"@type\":\"EntryPoint\",\"urlTemplate\":\"https:\\\/\\\/www.etto.cz\\\/?s={search_term_string}\"},\"query-input\":{\"@type\":\"PropertyValueSpecification\",\"valueRequired\":true,\"valueName\":\"search_term_string\"}}],\"inLanguage\":\"de\"}]}<\/script>\n<!-- \/ Yoast SEO plugin. -->","yoast_head_json":{"title":"Downloads - Technische Dokumentation | ELEKTRON-ETTO","description":"Technische Dokumentation, Kataloge und Datenbl\u00e4tter f\u00fcr ELEKTRON-ETTO Heizelemente. Spezifikationen f\u00fcr Heizpatronen, Rohrheizelemente und mehr.","robots":{"index":"index","follow":"follow","max-snippet":"max-snippet:-1","max-image-preview":"max-image-preview:large","max-video-preview":"max-video-preview:-1"},"canonical":"https:\/\/www.etto.cz\/de\/download\/","og_locale":"de_DE","og_type":"article","og_title":"Downloads - Technische Dokumentation | ELEKTRON-ETTO","og_description":"Technische Dokumentation, Kataloge und Datenbl\u00e4tter f\u00fcr ELEKTRON-ETTO Heizelemente. Spezifikationen f\u00fcr Heizpatronen, Rohrheizelemente und mehr.","og_url":"https:\/\/www.etto.cz\/de\/download\/","og_site_name":"ETTO","article_modified_time":"2024-09-30T06:38:55+00:00","og_image":[{"width":24,"height":24,"url":"https:\/\/www.etto.cz\/wp-content\/uploads\/2018\/05\/pdf-e1527166728716.png","type":"image\/png"}],"twitter_card":"summary_large_image","twitter_misc":{"Gesch\u00e4tzte Lesezeit":"3\u00a0Minuten"},"schema":{"@context":"https:\/\/schema.org","@graph":[{"@type":"WebPage","@id":"https:\/\/www.etto.cz\/ke-stazeni\/","url":"https:\/\/www.etto.cz\/ke-stazeni\/","name":"Downloads - Technische Dokumentation | ELEKTRON-ETTO","isPartOf":{"@id":"https:\/\/www.etto.cz\/#website"},"primaryImageOfPage":{"@id":"https:\/\/www.etto.cz\/ke-stazeni\/#primaryimage"},"image":{"@id":"https:\/\/www.etto.cz\/ke-stazeni\/#primaryimage"},"thumbnailUrl":"http:\/\/www.etto.cz\/wp-content\/uploads\/2018\/05\/pdf-e1527166728716.png","datePublished":"2018-03-14T14:25:43+00:00","dateModified":"2024-09-30T06:38:55+00:00","description":"Technische Dokumentation, Kataloge und Datenbl\u00e4tter f\u00fcr ELEKTRON-ETTO Heizelemente. Spezifikationen f\u00fcr Heizpatronen, Rohrheizelemente und mehr.","breadcrumb":{"@id":"https:\/\/www.etto.cz\/ke-stazeni\/#breadcrumb"},"inLanguage":"de","potentialAction":[{"@type":"ReadAction","target":["https:\/\/www.etto.cz\/ke-stazeni\/"]}]},{"@type":"ImageObject","inLanguage":"de","@id":"https:\/\/www.etto.cz\/ke-stazeni\/#primaryimage","url":"http:\/\/www.etto.cz\/wp-content\/uploads\/2018\/05\/pdf-e1527166728716.png","contentUrl":"http:\/\/www.etto.cz\/wp-content\/uploads\/2018\/05\/pdf-e1527166728716.png"},{"@type":"BreadcrumbList","@id":"https:\/\/www.etto.cz\/ke-stazeni\/#breadcrumb","itemListElement":[{"@type":"ListItem","position":1,"name":"Dom\u016f","item":"https:\/\/www.etto.cz\/"},{"@type":"ListItem","position":2,"name":"Download"}]},{"@type":"WebSite","@id":"https:\/\/www.etto.cz\/#website","url":"https:\/\/www.etto.cz\/","name":"ETTO","description":"V\u00fdroba elektrick\u00fdch topn\u00fdch t\u011bles","potentialAction":[{"@type":"SearchAction","target":{"@type":"EntryPoint","urlTemplate":"https:\/\/www.etto.cz\/?s={search_term_string}"},"query-input":{"@type":"PropertyValueSpecification","valueRequired":true,"valueName":"search_term_string"}}],"inLanguage":"de"}]}},"_links":{"self":[{"href":"https:\/\/www.etto.cz\/de\/wp-json\/wp\/v2\/pages\/2881","targetHints":{"allow":["GET"]}}],"collection":[{"href":"https:\/\/www.etto.cz\/de\/wp-json\/wp\/v2\/pages"}],"about":[{"href":"https:\/\/www.etto.cz\/de\/wp-json\/wp\/v2\/types\/page"}],"author":[{"embeddable":true,"href":"https:\/\/www.etto.cz\/de\/wp-json\/wp\/v2\/users\/1"}],"replies":[{"embeddable":true,"href":"https:\/\/www.etto.cz\/de\/wp-json\/wp\/v2\/comments?post=2881"}],"version-history":[{"count":3,"href":"https:\/\/www.etto.cz\/de\/wp-json\/wp\/v2\/pages\/2881\/revisions"}],"predecessor-version":[{"id":5130,"href":"https:\/\/www.etto.cz\/de\/wp-json\/wp\/v2\/pages\/2881\/revisions\/5130"}],"wp:attachment":[{"href":"https:\/\/www.etto.cz\/de\/wp-json\/wp\/v2\/media?parent=2881"}],"curies":[{"name":"wp","href":"https:\/\/api.w.org\/{rel}","templated":true}]}}