{"id":2882,"date":"2018-03-14T15:25:51","date_gmt":"2018-03-14T14:25:51","guid":{"rendered":"http:\/\/www.etto.cz\/heizpatronen\/hochbelastete-heizpatronen-mit-thermoelement\/"},"modified":"2025-02-04T13:23:22","modified_gmt":"2025-02-04T12:23:22","slug":"hochbelastete-heizpatronen-mit-thermoelement","status":"publish","type":"page","link":"https:\/\/www.etto.cz\/de\/produkte\/heizpatronen\/hochbelastete-heizpatronen-mit-thermoelement\/","title":{"rendered":"Hochleistungspatronen mit Thermoelement und PT100"},"content":{"rendered":"<p style=\"text-align: justify;\">Falls das Thermoelement vom Mantel der Heizpatrone isoliert ist, muss die Heizpatrone auf der Seite der Regulation geerdet werden.&nbsp;Die Standardm\u00e4\u00dfige Aufstellung des Thermoelementes bei Hochleistungspatronen ist in der Abbildung zu sehen.&nbsp;<\/p>\n<p>Heizpatronen mit einem Durchmesser von <strong>10 mm oder mehr<\/strong> k\u00f6nnen mit einem <strong>PT100-Temperatursensor hergestellt werden, der am Anfang oder Ende der Patrone angebracht ist<\/strong>.<\/p>\n<p style=\"text-align: justify;\"><div class='content-column four_fifth'><p style=\"text-align: justify;\"><strong>Standardm\u00e4\u00dfige Typen der Thermoelemente:<\/strong><\/p>\n<table>\n<tbody>\n<tr>\n<td>J &#8211;<\/td>\n<td>-20 \u00b0C \u2013 750 \u00b0C<\/td>\n<td>Eisen &#8211; magnetisch \u2013 Pluspol.<br \/>\nKupfer\/Nickel &#8211; amagnetisch \u2013 Minuspol.<\/td>\n<\/tr>\n<tr>\n<td>K &#8211;<\/td>\n<td>-20 \u00b0C \u2013 1.250 \u00b0C<\/td>\n<td>Nickel\/Chrom&nbsp;&#8211; amagnetisch \u2013 Pluspol.<br \/>\nNickel\/Aluminium&nbsp;&#8211; magnetisch \u2013 Minuspol.<\/td>\n<\/tr>\n<\/tbody>\n<\/table><\/div><\/p>\n","protected":false},"excerpt":{"rendered":"<p>Falls das Thermoelement vom Mantel der Heizpatrone isoliert ist, muss die Heizpatrone auf der Seite der Regulation geerdet werden.&nbsp;Die Standardm\u00e4\u00dfige Aufstellung des Thermoelementes bei Hochleistungspatronen &#8230;<\/p>\n","protected":false},"author":1,"featured_media":2407,"parent":2849,"menu_order":0,"comment_status":"open","ping_status":"closed","template":"_page-menu.php","meta":{"_acf_changed":false,"ngg_post_thumbnail":0,"footnotes":"","_links_to":"","_links_to_target":""},"class_list":["post-2882","page","type-page","status-publish","has-post-thumbnail","hentry"],"acf":[],"yoast_head":"<!-- This site is optimized with the Yoast SEO plugin v27.3 - https:\/\/yoast.com\/product\/yoast-seo-wordpress\/ -->\n<title>Hochleistungspatronen mit Thermoelement und PT100 | ELEKTRON-ETTO<\/title>\n<meta name=\"description\" content=\"Hochleistungspatronen mit integriertem Thermoelement oder PT100-Sensor. Pr\u00e4zise Temperaturregelung vom europ\u00e4ischen Hersteller ELEKTRON-ETTO.\" \/>\n<meta name=\"robots\" content=\"index, follow, max-snippet:-1, max-image-preview:large, max-video-preview:-1\" \/>\n<link rel=\"canonical\" href=\"https:\/\/www.etto.cz\/de\/produkte\/heizpatronen\/hochbelastete-heizpatronen-mit-thermoelement\/\" \/>\n<meta property=\"og:locale\" content=\"de_DE\" \/>\n<meta property=\"og:type\" content=\"article\" \/>\n<meta property=\"og:title\" content=\"Hochleistungspatronen mit Thermoelement und PT100 | ELEKTRON-ETTO\" \/>\n<meta property=\"og:description\" content=\"Hochleistungspatronen mit integriertem Thermoelement oder PT100-Sensor. Pr\u00e4zise Temperaturregelung vom europ\u00e4ischen Hersteller ELEKTRON-ETTO.\" \/>\n<meta property=\"og:url\" content=\"https:\/\/www.etto.cz\/de\/produkte\/heizpatronen\/hochbelastete-heizpatronen-mit-thermoelement\/\" \/>\n<meta property=\"og:site_name\" content=\"ETTO\" \/>\n<meta property=\"article:modified_time\" content=\"2025-02-04T12:23:22+00:00\" \/>\n<meta property=\"og:image\" content=\"https:\/\/www.etto.cz\/wp-content\/uploads\/2015\/05\/vysokozatizene-patrony-s-termoclankem.jpg\" \/>\n\t<meta property=\"og:image:width\" content=\"794\" \/>\n\t<meta property=\"og:image:height\" content=\"973\" \/>\n\t<meta property=\"og:image:type\" content=\"image\/jpeg\" \/>\n<meta name=\"twitter:card\" content=\"summary_large_image\" \/>\n<meta name=\"twitter:label1\" content=\"Gesch\u00e4tzte Lesezeit\" \/>\n\t<meta name=\"twitter:data1\" content=\"1\u00a0Minute\" \/>\n<script type=\"application\/ld+json\" class=\"yoast-schema-graph\">{\"@context\":\"https:\\\/\\\/schema.org\",\"@graph\":[{\"@type\":\"WebPage\",\"@id\":\"https:\\\/\\\/www.etto.cz\\\/elektricka-topna-telesa\\\/topne-patrony\\\/vysocezatizene-topne-patrony-s-termoclankem\\\/\",\"url\":\"https:\\\/\\\/www.etto.cz\\\/elektricka-topna-telesa\\\/topne-patrony\\\/vysocezatizene-topne-patrony-s-termoclankem\\\/\",\"name\":\"Hochleistungspatronen mit Thermoelement und PT100 | ELEKTRON-ETTO\",\"isPartOf\":{\"@id\":\"https:\\\/\\\/www.etto.cz\\\/#website\"},\"primaryImageOfPage\":{\"@id\":\"https:\\\/\\\/www.etto.cz\\\/elektricka-topna-telesa\\\/topne-patrony\\\/vysocezatizene-topne-patrony-s-termoclankem\\\/#primaryimage\"},\"image\":{\"@id\":\"https:\\\/\\\/www.etto.cz\\\/elektricka-topna-telesa\\\/topne-patrony\\\/vysocezatizene-topne-patrony-s-termoclankem\\\/#primaryimage\"},\"thumbnailUrl\":\"https:\\\/\\\/www.etto.cz\\\/wp-content\\\/uploads\\\/2015\\\/05\\\/vysokozatizene-patrony-s-termoclankem.jpg\",\"datePublished\":\"2018-03-14T14:25:51+00:00\",\"dateModified\":\"2025-02-04T12:23:22+00:00\",\"description\":\"Hochleistungspatronen mit integriertem Thermoelement oder PT100-Sensor. Pr\u00e4zise Temperaturregelung vom europ\u00e4ischen Hersteller ELEKTRON-ETTO.\",\"breadcrumb\":{\"@id\":\"https:\\\/\\\/www.etto.cz\\\/elektricka-topna-telesa\\\/topne-patrony\\\/vysocezatizene-topne-patrony-s-termoclankem\\\/#breadcrumb\"},\"inLanguage\":\"de\",\"potentialAction\":[{\"@type\":\"ReadAction\",\"target\":[\"https:\\\/\\\/www.etto.cz\\\/elektricka-topna-telesa\\\/topne-patrony\\\/vysocezatizene-topne-patrony-s-termoclankem\\\/\"]}]},{\"@type\":\"ImageObject\",\"inLanguage\":\"de\",\"@id\":\"https:\\\/\\\/www.etto.cz\\\/elektricka-topna-telesa\\\/topne-patrony\\\/vysocezatizene-topne-patrony-s-termoclankem\\\/#primaryimage\",\"url\":\"https:\\\/\\\/www.etto.cz\\\/wp-content\\\/uploads\\\/2015\\\/05\\\/vysokozatizene-patrony-s-termoclankem.jpg\",\"contentUrl\":\"https:\\\/\\\/www.etto.cz\\\/wp-content\\\/uploads\\\/2015\\\/05\\\/vysokozatizene-patrony-s-termoclankem.jpg\",\"width\":794,\"height\":973},{\"@type\":\"BreadcrumbList\",\"@id\":\"https:\\\/\\\/www.etto.cz\\\/elektricka-topna-telesa\\\/topne-patrony\\\/vysocezatizene-topne-patrony-s-termoclankem\\\/#breadcrumb\",\"itemListElement\":[{\"@type\":\"ListItem\",\"position\":1,\"name\":\"Dom\u016f\",\"item\":\"https:\\\/\\\/www.etto.cz\\\/\"},{\"@type\":\"ListItem\",\"position\":2,\"name\":\"Produkte\",\"item\":\"https:\\\/\\\/www.etto.cz\\\/elektricka-topna-telesa\\\/\"},{\"@type\":\"ListItem\",\"position\":3,\"name\":\"Heizpatronen\",\"item\":\"https:\\\/\\\/www.etto.cz\\\/elektricka-topna-telesa\\\/topne-patrony\\\/\"},{\"@type\":\"ListItem\",\"position\":4,\"name\":\"Hochleistungspatronen mit Thermoelement und PT100\"}]},{\"@type\":\"WebSite\",\"@id\":\"https:\\\/\\\/www.etto.cz\\\/#website\",\"url\":\"https:\\\/\\\/www.etto.cz\\\/\",\"name\":\"ETTO\",\"description\":\"V\u00fdroba elektrick\u00fdch topn\u00fdch t\u011bles\",\"potentialAction\":[{\"@type\":\"SearchAction\",\"target\":{\"@type\":\"EntryPoint\",\"urlTemplate\":\"https:\\\/\\\/www.etto.cz\\\/?s={search_term_string}\"},\"query-input\":{\"@type\":\"PropertyValueSpecification\",\"valueRequired\":true,\"valueName\":\"search_term_string\"}}],\"inLanguage\":\"de\"}]}<\/script>\n<!-- \/ Yoast SEO plugin. -->","yoast_head_json":{"title":"Hochleistungspatronen mit Thermoelement und PT100 | ELEKTRON-ETTO","description":"Hochleistungspatronen mit integriertem Thermoelement oder PT100-Sensor. Pr\u00e4zise Temperaturregelung vom europ\u00e4ischen Hersteller ELEKTRON-ETTO.","robots":{"index":"index","follow":"follow","max-snippet":"max-snippet:-1","max-image-preview":"max-image-preview:large","max-video-preview":"max-video-preview:-1"},"canonical":"https:\/\/www.etto.cz\/de\/produkte\/heizpatronen\/hochbelastete-heizpatronen-mit-thermoelement\/","og_locale":"de_DE","og_type":"article","og_title":"Hochleistungspatronen mit Thermoelement und PT100 | ELEKTRON-ETTO","og_description":"Hochleistungspatronen mit integriertem Thermoelement oder PT100-Sensor. Pr\u00e4zise Temperaturregelung vom europ\u00e4ischen Hersteller ELEKTRON-ETTO.","og_url":"https:\/\/www.etto.cz\/de\/produkte\/heizpatronen\/hochbelastete-heizpatronen-mit-thermoelement\/","og_site_name":"ETTO","article_modified_time":"2025-02-04T12:23:22+00:00","og_image":[{"width":794,"height":973,"url":"https:\/\/www.etto.cz\/wp-content\/uploads\/2015\/05\/vysokozatizene-patrony-s-termoclankem.jpg","type":"image\/jpeg"}],"twitter_card":"summary_large_image","twitter_misc":{"Gesch\u00e4tzte Lesezeit":"1\u00a0Minute"},"schema":{"@context":"https:\/\/schema.org","@graph":[{"@type":"WebPage","@id":"https:\/\/www.etto.cz\/elektricka-topna-telesa\/topne-patrony\/vysocezatizene-topne-patrony-s-termoclankem\/","url":"https:\/\/www.etto.cz\/elektricka-topna-telesa\/topne-patrony\/vysocezatizene-topne-patrony-s-termoclankem\/","name":"Hochleistungspatronen mit Thermoelement und PT100 | ELEKTRON-ETTO","isPartOf":{"@id":"https:\/\/www.etto.cz\/#website"},"primaryImageOfPage":{"@id":"https:\/\/www.etto.cz\/elektricka-topna-telesa\/topne-patrony\/vysocezatizene-topne-patrony-s-termoclankem\/#primaryimage"},"image":{"@id":"https:\/\/www.etto.cz\/elektricka-topna-telesa\/topne-patrony\/vysocezatizene-topne-patrony-s-termoclankem\/#primaryimage"},"thumbnailUrl":"https:\/\/www.etto.cz\/wp-content\/uploads\/2015\/05\/vysokozatizene-patrony-s-termoclankem.jpg","datePublished":"2018-03-14T14:25:51+00:00","dateModified":"2025-02-04T12:23:22+00:00","description":"Hochleistungspatronen mit integriertem Thermoelement oder PT100-Sensor. Pr\u00e4zise Temperaturregelung vom europ\u00e4ischen Hersteller ELEKTRON-ETTO.","breadcrumb":{"@id":"https:\/\/www.etto.cz\/elektricka-topna-telesa\/topne-patrony\/vysocezatizene-topne-patrony-s-termoclankem\/#breadcrumb"},"inLanguage":"de","potentialAction":[{"@type":"ReadAction","target":["https:\/\/www.etto.cz\/elektricka-topna-telesa\/topne-patrony\/vysocezatizene-topne-patrony-s-termoclankem\/"]}]},{"@type":"ImageObject","inLanguage":"de","@id":"https:\/\/www.etto.cz\/elektricka-topna-telesa\/topne-patrony\/vysocezatizene-topne-patrony-s-termoclankem\/#primaryimage","url":"https:\/\/www.etto.cz\/wp-content\/uploads\/2015\/05\/vysokozatizene-patrony-s-termoclankem.jpg","contentUrl":"https:\/\/www.etto.cz\/wp-content\/uploads\/2015\/05\/vysokozatizene-patrony-s-termoclankem.jpg","width":794,"height":973},{"@type":"BreadcrumbList","@id":"https:\/\/www.etto.cz\/elektricka-topna-telesa\/topne-patrony\/vysocezatizene-topne-patrony-s-termoclankem\/#breadcrumb","itemListElement":[{"@type":"ListItem","position":1,"name":"Dom\u016f","item":"https:\/\/www.etto.cz\/"},{"@type":"ListItem","position":2,"name":"Produkte","item":"https:\/\/www.etto.cz\/elektricka-topna-telesa\/"},{"@type":"ListItem","position":3,"name":"Heizpatronen","item":"https:\/\/www.etto.cz\/elektricka-topna-telesa\/topne-patrony\/"},{"@type":"ListItem","position":4,"name":"Hochleistungspatronen mit Thermoelement und PT100"}]},{"@type":"WebSite","@id":"https:\/\/www.etto.cz\/#website","url":"https:\/\/www.etto.cz\/","name":"ETTO","description":"V\u00fdroba elektrick\u00fdch topn\u00fdch t\u011bles","potentialAction":[{"@type":"SearchAction","target":{"@type":"EntryPoint","urlTemplate":"https:\/\/www.etto.cz\/?s={search_term_string}"},"query-input":{"@type":"PropertyValueSpecification","valueRequired":true,"valueName":"search_term_string"}}],"inLanguage":"de"}]}},"_links":{"self":[{"href":"https:\/\/www.etto.cz\/de\/wp-json\/wp\/v2\/pages\/2882","targetHints":{"allow":["GET"]}}],"collection":[{"href":"https:\/\/www.etto.cz\/de\/wp-json\/wp\/v2\/pages"}],"about":[{"href":"https:\/\/www.etto.cz\/de\/wp-json\/wp\/v2\/types\/page"}],"author":[{"embeddable":true,"href":"https:\/\/www.etto.cz\/de\/wp-json\/wp\/v2\/users\/1"}],"replies":[{"embeddable":true,"href":"https:\/\/www.etto.cz\/de\/wp-json\/wp\/v2\/comments?post=2882"}],"version-history":[{"count":2,"href":"https:\/\/www.etto.cz\/de\/wp-json\/wp\/v2\/pages\/2882\/revisions"}],"predecessor-version":[{"id":5235,"href":"https:\/\/www.etto.cz\/de\/wp-json\/wp\/v2\/pages\/2882\/revisions\/5235"}],"up":[{"embeddable":true,"href":"https:\/\/www.etto.cz\/de\/wp-json\/wp\/v2\/pages\/2849"}],"wp:featuredmedia":[{"embeddable":true,"href":"https:\/\/www.etto.cz\/de\/wp-json\/wp\/v2\/media\/2407"}],"wp:attachment":[{"href":"https:\/\/www.etto.cz\/de\/wp-json\/wp\/v2\/media?parent=2882"}],"curies":[{"name":"wp","href":"https:\/\/api.w.org\/{rel}","templated":true}]}}