{"id":2884,"date":"2018-03-14T15:26:07","date_gmt":"2018-03-14T14:26:07","guid":{"rendered":"http:\/\/www.etto.cz\/heizpatronen\/tabelle-der-empfohlenen-parameter\/"},"modified":"2018-08-24T09:23:38","modified_gmt":"2018-08-24T08:23:38","slug":"tabelle-der-empfohlenen-parameter","status":"publish","type":"page","link":"https:\/\/www.etto.cz\/de\/produkte\/heizpatronen\/tabelle-der-empfohlenen-parameter\/","title":{"rendered":"Tabelle der empfohlenen Parameter"},"content":{"rendered":"<ul>\n<li><a href=\"\/wp-content\/uploads\/2015\/05\/doporuceni-pro-uzivani-topnych-patron.pdf\" target=\"_blank\" rel=\"noopener noreferrer\">Empfehlungen f\u00fcr den Einsatz von Heizpatronen<\/a><\/li>\n<li><a href=\"\/wp-content\/uploads\/2015\/05\/standardni-elektricke-pripojen-patron.pdf\" target=\"_blank\" rel=\"noopener noreferrer\">Standardm\u00e4\u00dfiger Elektroanschluss der Heizpatronen<\/a><\/li>\n<li><a href=\"\/wp-content\/uploads\/2015\/05\/standardni-zpusoby-uchynceni-patron-priruby.pdf\" target=\"_blank\" rel=\"noopener noreferrer\">Standardarten der Heizpatronenbefestigung (Flansche)<\/a><\/li>\n<\/ul>\n","protected":false},"excerpt":{"rendered":"<p>Empfehlungen f\u00fcr den Einsatz von Heizpatronen Standardm\u00e4\u00dfiger Elektroanschluss der Heizpatronen Standardarten der Heizpatronenbefestigung (Flansche)<\/p>\n","protected":false},"author":1,"featured_media":0,"parent":2849,"menu_order":0,"comment_status":"open","ping_status":"open","template":"_page-menu.php","meta":{"_acf_changed":false,"ngg_post_thumbnail":0,"footnotes":"","_links_to":"","_links_to_target":""},"class_list":["post-2884","page","type-page","status-publish","hentry"],"acf":[],"yoast_head":"<!-- This site is optimized with the Yoast SEO plugin v27.5 - https:\/\/yoast.com\/product\/yoast-seo-wordpress\/ -->\n<title>Tabelle empfohlener Parameter | ELEKTRON-ETTO<\/title>\n<meta name=\"description\" content=\"Technische Referenztabelle empfohlener Parameter f\u00fcr Heizpatronen und Heizelemente. Leistungsdichte und Passungsrichtlinien von ELEKTRON-ETTO.\" \/>\n<meta name=\"robots\" content=\"index, follow, max-snippet:-1, max-image-preview:large, max-video-preview:-1\" \/>\n<link rel=\"canonical\" href=\"https:\/\/www.etto.cz\/de\/produkte\/heizpatronen\/tabelle-der-empfohlenen-parameter\/\" \/>\n<meta property=\"og:locale\" content=\"de_DE\" \/>\n<meta property=\"og:type\" content=\"article\" \/>\n<meta property=\"og:title\" content=\"Tabelle empfohlener Parameter | ELEKTRON-ETTO\" \/>\n<meta property=\"og:description\" content=\"Technische Referenztabelle empfohlener Parameter f\u00fcr Heizpatronen und Heizelemente. Leistungsdichte und Passungsrichtlinien von ELEKTRON-ETTO.\" \/>\n<meta property=\"og:url\" content=\"https:\/\/www.etto.cz\/de\/produkte\/heizpatronen\/tabelle-der-empfohlenen-parameter\/\" \/>\n<meta property=\"og:site_name\" content=\"ETTO\" \/>\n<meta property=\"article:modified_time\" content=\"2018-08-24T08:23:38+00:00\" \/>\n<meta property=\"og:image\" content=\"https:\/\/www.etto.cz\/de\/wp-content\/gallery\/prumyslova-telesa\/teleso-kotel.jpg\" \/>\n<meta name=\"twitter:card\" content=\"summary_large_image\" \/>\n<script type=\"application\/ld+json\" class=\"yoast-schema-graph\">{\"@context\":\"https:\\\/\\\/schema.org\",\"@graph\":[{\"@type\":\"WebPage\",\"@id\":\"https:\\\/\\\/www.etto.cz\\\/elektricka-topna-telesa\\\/topne-patrony\\\/tabulka-doporucenych-parametru\\\/\",\"url\":\"https:\\\/\\\/www.etto.cz\\\/elektricka-topna-telesa\\\/topne-patrony\\\/tabulka-doporucenych-parametru\\\/\",\"name\":\"Tabelle empfohlener Parameter | ELEKTRON-ETTO\",\"isPartOf\":{\"@id\":\"https:\\\/\\\/www.etto.cz\\\/#website\"},\"datePublished\":\"2018-03-14T14:26:07+00:00\",\"dateModified\":\"2018-08-24T08:23:38+00:00\",\"description\":\"Technische Referenztabelle empfohlener Parameter f\u00fcr Heizpatronen und Heizelemente. Leistungsdichte und Passungsrichtlinien von ELEKTRON-ETTO.\",\"breadcrumb\":{\"@id\":\"https:\\\/\\\/www.etto.cz\\\/elektricka-topna-telesa\\\/topne-patrony\\\/tabulka-doporucenych-parametru\\\/#breadcrumb\"},\"inLanguage\":\"de\",\"potentialAction\":[{\"@type\":\"ReadAction\",\"target\":[\"https:\\\/\\\/www.etto.cz\\\/elektricka-topna-telesa\\\/topne-patrony\\\/tabulka-doporucenych-parametru\\\/\"]}]},{\"@type\":\"BreadcrumbList\",\"@id\":\"https:\\\/\\\/www.etto.cz\\\/elektricka-topna-telesa\\\/topne-patrony\\\/tabulka-doporucenych-parametru\\\/#breadcrumb\",\"itemListElement\":[{\"@type\":\"ListItem\",\"position\":1,\"name\":\"Dom\u016f\",\"item\":\"https:\\\/\\\/www.etto.cz\\\/\"},{\"@type\":\"ListItem\",\"position\":2,\"name\":\"Produkte\",\"item\":\"https:\\\/\\\/www.etto.cz\\\/elektricka-topna-telesa\\\/\"},{\"@type\":\"ListItem\",\"position\":3,\"name\":\"Heizpatronen\",\"item\":\"https:\\\/\\\/www.etto.cz\\\/elektricka-topna-telesa\\\/topne-patrony\\\/\"},{\"@type\":\"ListItem\",\"position\":4,\"name\":\"Tabelle der empfohlenen Parameter\"}]},{\"@type\":\"WebSite\",\"@id\":\"https:\\\/\\\/www.etto.cz\\\/#website\",\"url\":\"https:\\\/\\\/www.etto.cz\\\/\",\"name\":\"ETTO\",\"description\":\"V\u00fdroba elektrick\u00fdch topn\u00fdch t\u011bles\",\"potentialAction\":[{\"@type\":\"SearchAction\",\"target\":{\"@type\":\"EntryPoint\",\"urlTemplate\":\"https:\\\/\\\/www.etto.cz\\\/?s={search_term_string}\"},\"query-input\":{\"@type\":\"PropertyValueSpecification\",\"valueRequired\":true,\"valueName\":\"search_term_string\"}}],\"inLanguage\":\"de\"}]}<\/script>\n<!-- \/ Yoast SEO plugin. -->","yoast_head_json":{"title":"Tabelle empfohlener Parameter | ELEKTRON-ETTO","description":"Technische Referenztabelle empfohlener Parameter f\u00fcr Heizpatronen und Heizelemente. Leistungsdichte und Passungsrichtlinien von ELEKTRON-ETTO.","robots":{"index":"index","follow":"follow","max-snippet":"max-snippet:-1","max-image-preview":"max-image-preview:large","max-video-preview":"max-video-preview:-1"},"canonical":"https:\/\/www.etto.cz\/de\/produkte\/heizpatronen\/tabelle-der-empfohlenen-parameter\/","og_locale":"de_DE","og_type":"article","og_title":"Tabelle empfohlener Parameter | ELEKTRON-ETTO","og_description":"Technische Referenztabelle empfohlener Parameter f\u00fcr Heizpatronen und Heizelemente. Leistungsdichte und Passungsrichtlinien von ELEKTRON-ETTO.","og_url":"https:\/\/www.etto.cz\/de\/produkte\/heizpatronen\/tabelle-der-empfohlenen-parameter\/","og_site_name":"ETTO","article_modified_time":"2018-08-24T08:23:38+00:00","og_image":[{"url":"https:\/\/www.etto.cz\/de\/wp-content\/gallery\/prumyslova-telesa\/teleso-kotel.jpg","type":"","width":"","height":""}],"twitter_card":"summary_large_image","schema":{"@context":"https:\/\/schema.org","@graph":[{"@type":"WebPage","@id":"https:\/\/www.etto.cz\/elektricka-topna-telesa\/topne-patrony\/tabulka-doporucenych-parametru\/","url":"https:\/\/www.etto.cz\/elektricka-topna-telesa\/topne-patrony\/tabulka-doporucenych-parametru\/","name":"Tabelle empfohlener Parameter | ELEKTRON-ETTO","isPartOf":{"@id":"https:\/\/www.etto.cz\/#website"},"datePublished":"2018-03-14T14:26:07+00:00","dateModified":"2018-08-24T08:23:38+00:00","description":"Technische Referenztabelle empfohlener Parameter f\u00fcr Heizpatronen und Heizelemente. Leistungsdichte und Passungsrichtlinien von ELEKTRON-ETTO.","breadcrumb":{"@id":"https:\/\/www.etto.cz\/elektricka-topna-telesa\/topne-patrony\/tabulka-doporucenych-parametru\/#breadcrumb"},"inLanguage":"de","potentialAction":[{"@type":"ReadAction","target":["https:\/\/www.etto.cz\/elektricka-topna-telesa\/topne-patrony\/tabulka-doporucenych-parametru\/"]}]},{"@type":"BreadcrumbList","@id":"https:\/\/www.etto.cz\/elektricka-topna-telesa\/topne-patrony\/tabulka-doporucenych-parametru\/#breadcrumb","itemListElement":[{"@type":"ListItem","position":1,"name":"Dom\u016f","item":"https:\/\/www.etto.cz\/"},{"@type":"ListItem","position":2,"name":"Produkte","item":"https:\/\/www.etto.cz\/elektricka-topna-telesa\/"},{"@type":"ListItem","position":3,"name":"Heizpatronen","item":"https:\/\/www.etto.cz\/elektricka-topna-telesa\/topne-patrony\/"},{"@type":"ListItem","position":4,"name":"Tabelle der empfohlenen Parameter"}]},{"@type":"WebSite","@id":"https:\/\/www.etto.cz\/#website","url":"https:\/\/www.etto.cz\/","name":"ETTO","description":"V\u00fdroba elektrick\u00fdch topn\u00fdch t\u011bles","potentialAction":[{"@type":"SearchAction","target":{"@type":"EntryPoint","urlTemplate":"https:\/\/www.etto.cz\/?s={search_term_string}"},"query-input":{"@type":"PropertyValueSpecification","valueRequired":true,"valueName":"search_term_string"}}],"inLanguage":"de"}]}},"_links":{"self":[{"href":"https:\/\/www.etto.cz\/de\/wp-json\/wp\/v2\/pages\/2884","targetHints":{"allow":["GET"]}}],"collection":[{"href":"https:\/\/www.etto.cz\/de\/wp-json\/wp\/v2\/pages"}],"about":[{"href":"https:\/\/www.etto.cz\/de\/wp-json\/wp\/v2\/types\/page"}],"author":[{"embeddable":true,"href":"https:\/\/www.etto.cz\/de\/wp-json\/wp\/v2\/users\/1"}],"replies":[{"embeddable":true,"href":"https:\/\/www.etto.cz\/de\/wp-json\/wp\/v2\/comments?post=2884"}],"version-history":[{"count":0,"href":"https:\/\/www.etto.cz\/de\/wp-json\/wp\/v2\/pages\/2884\/revisions"}],"up":[{"embeddable":true,"href":"https:\/\/www.etto.cz\/de\/wp-json\/wp\/v2\/pages\/2849"}],"wp:attachment":[{"href":"https:\/\/www.etto.cz\/de\/wp-json\/wp\/v2\/media?parent=2884"}],"curies":[{"name":"wp","href":"https:\/\/api.w.org\/{rel}","templated":true}]}}