{"id":2885,"date":"2018-03-14T15:26:15","date_gmt":"2018-03-14T14:26:15","guid":{"rendered":"http:\/\/www.etto.cz\/heizpatronen\/empfehlungen-fur-den-einsatz-von-heizpatronen\/"},"modified":"2018-09-13T06:36:05","modified_gmt":"2018-09-13T05:36:05","slug":"empfehlungen-fur-den-einsatz-von-heizpatronen","status":"publish","type":"page","link":"https:\/\/www.etto.cz\/de\/produkte\/heizpatronen\/empfehlungen-fur-den-einsatz-von-heizpatronen\/","title":{"rendered":"Empfehlungen f\u00fcr den Einsatz von Heizpatronen"},"content":{"rendered":"<p style=\"text-align: justify;\">Ide\u00e1ln\u00ed zp\u016fsob zabudov\u00e1n\u00ed patron je sta\u017een\u00edm do d\u011blen\u00e9ho pouzdra.<\/p>\n<p style=\"text-align: justify;\">P\u0159i m\u011brn\u00e9m zat\u00ed\u017een\u00ed patrony do 20 W\/cm2 lze pou\u017e\u00edt v\u00e1lcov\u00fd otvor s p\u0159esnost\u00ed H7, s&nbsp;drsnost\u00ed povrchu max. Ra0,8. Otvor m\u00e1 b\u00fdt pokud mo\u017eno pr\u016fchoz\u00ed pro snadn\u011bj\u0161\u00ed pozd\u011bj\u0161\u00ed&nbsp;v\u00fdm\u011bnu patron.<\/p>\n<p style=\"text-align: justify;\">V\u00fdroba otvoru s p\u0159esnosti H7 se prov\u00e1d\u00ed v\u00fdstru\u017en\u00edkem. Pr\u016fm\u011br vrtan\u00e9ho otvoru p\u0159ed&nbsp;stru\u017een\u00edm by m\u011bl b\u00fdt vyrobena v toleranci -0,2mm\/-0,3mm u ocelov\u00fdch d\u00edlu a -0,3mm\/-&nbsp;0,4mm u &nbsp;osazn\u00fdch, bronzov\u00fdch nebo hlin\u00edkov\u00fdch d\u00edl\u016f. Je-li um\u00edst\u011bno v\u00edce patron v \u0159ad\u011b,&nbsp;pak ide\u00e1ln\u00ed vzd\u00e1lenost mezi nimi, z hlediska \u017eivotnosti patron a rovnom\u011brn\u00e9ho rozlo\u017een\u00ed&nbsp;teploty, by m\u011bla b\u00fdt rovna velikosti pr\u016fm\u011bru patron.<\/p>\n<p style=\"text-align: justify;\">Elektrick\u00e9 v\u00fdvody a m\u00edsto jejich vstupu do patrony nevystavovat vibrac\u00edm, pohybu,&nbsp;mechanick\u00e9mu nam\u00e1h\u00e1n\u00ed, kontaminaci kapalinami v\u0161eho druhu, mastnotou, neinertn\u00edm&nbsp;plyn\u016fm apod. Pokud tomuto nelze p\u0159edej\u00edt, je nutn\u00e9 volit adekv\u00e1tn\u00ed zp\u016fsob ukon\u010den\u00ed patron,&nbsp;viz. \u201eStandardn\u00ed zp\u016fsoby elektrick\u00e9ho p\u0159ipojen\u00ed patron\u201c.<\/p>\n<p style=\"text-align: justify;\">Pokud zakon\u010den\u00ed patrony nen\u00ed vodot\u011bsn\u00e9 (lze dos\u00e1hnout pouze u ni\u017e\u0161\u00edch pracovn\u00edch teplot,&nbsp;viz. \u201estandardn\u00ed elektrick\u00e9 ukon\u010den\u00ed patron\u201c) nebo pokud patrona nen\u00ed um\u00edst\u011bna&nbsp;v prostor\u00e1ch s max. vlhkost\u00ed vzduchu do 70%, je nutn\u00e9 p\u0159i prvn\u00edm pou\u017eit\u00ed a po ka\u017ed\u00e9 del\u0161\u00ed&nbsp;odst\u00e1vce p\u0159em\u011b\u0159it izola\u010dn\u00ed odpor. Je-li jeho hodnota ve studen\u00e9m stavu p\u0159i 500 V \u2013 DC men\u0161\u00ed&nbsp;ne\u017e 200 M\u03a9 je nutn\u00e9 patronu su\u0161it p\u0159i teplot\u011b 105 \u00b0C \u2013 200 \u00b0C (dle v\u00fdvod\u016f patrony) po 2-3 hod.Toto lze prov\u00e9st v peci nebo provozem patrony na 1\/3 jmenovit\u00e9ho p\u0159\u00edkonu.<\/p>\n<p style=\"text-align: justify;\">V\u00fdvody a ukon\u010den\u00ed patron nesm\u00ed b\u00fdt zapu\u0161t\u011bn\u00e9 do vyh\u0159\u00edvan\u00e9 desky.&nbsp;Je-li probl\u00e9m s \u017eivotnost\u00ed patron v \u010d\u00e1sti v\u00fdvod\u016f je pot\u0159eba prov\u011b\u0159it vlivy, kter\u00e9 mohou b\u00fdt&nbsp;p\u0159\u00ed\u010dinou (vibrace, chemik\u00e1lie, pohyb, teplota) a volit vhodn\u00fd zp\u016fsob elektrick\u00e9ho p\u0159ipojen\u00ed.<\/p>\n<p style=\"text-align: justify;\">Nejsou-li patrony vybaveny zemn\u00edc\u00edm vodi\u010dem, mus\u00ed b\u00fdt uzemn\u011bn oh\u0159\u00edvan\u00fd kovov\u00fd d\u00edl.<\/p>\n<p style=\"text-align: justify;\">Ur\u010duj\u00edc\u00ed a vz\u00e1jemn\u011b se ovliv\u0148uj\u00edc\u00ed faktory kontaktn\u00edho oh\u0159evu kovov\u00fdch d\u00edl\u016f topn\u00fdmi&nbsp;patronami jsou: pracovn\u00ed teplota, m\u011brn\u00e9 zat\u00ed\u017een\u00ed povrchu patron (W\/cm2&nbsp;kovu a maxim\u00e1ln\u00ed re\u00e1ln\u00e1 mezera mezi patronou a otvorem. P\u0159i vhodn\u011b zvolen\u00fdch ostatn\u00edch&nbsp;parametrech m\u016f\u017ee b\u00fdt pracovn\u00ed teplota a\u017e 750 \u00b0C.<\/p>\n<p style=\"text-align: justify;\">Pro v\u00edce informac\u00ed, pomoc p\u0159i \u0159e\u0161en\u00ed konkr\u00e9tn\u00edch topn\u00fdch situac\u00ed nebo p\u0159i jak\u00e9mkoliv nov\u00e9m,&nbsp;neodzkou\u0161en\u00e9m pou\u017eit\u00ed patron n\u00e1s kontaktujte.<\/p>\n","protected":false},"excerpt":{"rendered":"<p>Ide\u00e1ln\u00ed zp\u016fsob zabudov\u00e1n\u00ed patron je sta\u017een\u00edm do d\u011blen\u00e9ho pouzdra. P\u0159i m\u011brn\u00e9m zat\u00ed\u017een\u00ed patrony do 20 W\/cm2 lze pou\u017e\u00edt v\u00e1lcov\u00fd otvor s p\u0159esnost\u00ed H7, s&nbsp;drsnost\u00ed povrchu &#8230;<\/p>\n","protected":false},"author":1,"featured_media":0,"parent":2849,"menu_order":0,"comment_status":"open","ping_status":"open","template":"_page-menu.php","meta":{"_acf_changed":false,"ngg_post_thumbnail":0,"footnotes":"","_links_to":"","_links_to_target":""},"class_list":["post-2885","page","type-page","status-publish","hentry"],"acf":[],"yoast_head":"<!-- This site is optimized with the Yoast SEO plugin v27.3 - https:\/\/yoast.com\/product\/yoast-seo-wordpress\/ -->\n<title>Empfehlungen f\u00fcr den Einsatz von Heizpatronen | ELEKTRON-ETTO<\/title>\n<meta name=\"description\" content=\"Praxistipps f\u00fcr Heizpatronen: Einbau, Leistungsdichte, Passungstoleranzen und Lebensdauer. Expertenratgeber von ELEKTRON-ETTO.\" \/>\n<meta name=\"robots\" content=\"index, follow, max-snippet:-1, max-image-preview:large, max-video-preview:-1\" \/>\n<link rel=\"canonical\" href=\"https:\/\/www.etto.cz\/de\/produkte\/heizpatronen\/empfehlungen-fur-den-einsatz-von-heizpatronen\/\" \/>\n<meta property=\"og:locale\" content=\"de_DE\" \/>\n<meta property=\"og:type\" content=\"article\" \/>\n<meta property=\"og:title\" content=\"Empfehlungen f\u00fcr den Einsatz von Heizpatronen | ELEKTRON-ETTO\" \/>\n<meta property=\"og:description\" content=\"Praxistipps f\u00fcr Heizpatronen: Einbau, Leistungsdichte, Passungstoleranzen und Lebensdauer. Expertenratgeber von ELEKTRON-ETTO.\" \/>\n<meta property=\"og:url\" content=\"https:\/\/www.etto.cz\/de\/produkte\/heizpatronen\/empfehlungen-fur-den-einsatz-von-heizpatronen\/\" \/>\n<meta property=\"og:site_name\" content=\"ETTO\" \/>\n<meta property=\"article:modified_time\" content=\"2018-09-13T05:36:05+00:00\" \/>\n<meta property=\"og:image\" content=\"https:\/\/www.etto.cz\/de\/wp-content\/gallery\/prumyslova-telesa\/teleso-kotel.jpg\" \/>\n<meta name=\"twitter:card\" content=\"summary_large_image\" \/>\n<meta name=\"twitter:label1\" content=\"Gesch\u00e4tzte Lesezeit\" \/>\n\t<meta name=\"twitter:data1\" content=\"2\u00a0Minuten\" \/>\n<script type=\"application\/ld+json\" class=\"yoast-schema-graph\">{\"@context\":\"https:\\\/\\\/schema.org\",\"@graph\":[{\"@type\":\"WebPage\",\"@id\":\"https:\\\/\\\/www.etto.cz\\\/elektricka-topna-telesa\\\/topne-patrony\\\/doporuceni-pro-uzivani-topnych-patron\\\/\",\"url\":\"https:\\\/\\\/www.etto.cz\\\/elektricka-topna-telesa\\\/topne-patrony\\\/doporuceni-pro-uzivani-topnych-patron\\\/\",\"name\":\"Empfehlungen f\u00fcr den Einsatz von Heizpatronen | ELEKTRON-ETTO\",\"isPartOf\":{\"@id\":\"https:\\\/\\\/www.etto.cz\\\/#website\"},\"datePublished\":\"2018-03-14T14:26:15+00:00\",\"dateModified\":\"2018-09-13T05:36:05+00:00\",\"description\":\"Praxistipps f\u00fcr Heizpatronen: Einbau, Leistungsdichte, Passungstoleranzen und Lebensdauer. Expertenratgeber von ELEKTRON-ETTO.\",\"breadcrumb\":{\"@id\":\"https:\\\/\\\/www.etto.cz\\\/elektricka-topna-telesa\\\/topne-patrony\\\/doporuceni-pro-uzivani-topnych-patron\\\/#breadcrumb\"},\"inLanguage\":\"de\",\"potentialAction\":[{\"@type\":\"ReadAction\",\"target\":[\"https:\\\/\\\/www.etto.cz\\\/elektricka-topna-telesa\\\/topne-patrony\\\/doporuceni-pro-uzivani-topnych-patron\\\/\"]}]},{\"@type\":\"BreadcrumbList\",\"@id\":\"https:\\\/\\\/www.etto.cz\\\/elektricka-topna-telesa\\\/topne-patrony\\\/doporuceni-pro-uzivani-topnych-patron\\\/#breadcrumb\",\"itemListElement\":[{\"@type\":\"ListItem\",\"position\":1,\"name\":\"Dom\u016f\",\"item\":\"https:\\\/\\\/www.etto.cz\\\/\"},{\"@type\":\"ListItem\",\"position\":2,\"name\":\"Produkte\",\"item\":\"https:\\\/\\\/www.etto.cz\\\/elektricka-topna-telesa\\\/\"},{\"@type\":\"ListItem\",\"position\":3,\"name\":\"Heizpatronen\",\"item\":\"https:\\\/\\\/www.etto.cz\\\/elektricka-topna-telesa\\\/topne-patrony\\\/\"},{\"@type\":\"ListItem\",\"position\":4,\"name\":\"Empfehlungen f\u00fcr den Einsatz von Heizpatronen\"}]},{\"@type\":\"WebSite\",\"@id\":\"https:\\\/\\\/www.etto.cz\\\/#website\",\"url\":\"https:\\\/\\\/www.etto.cz\\\/\",\"name\":\"ETTO\",\"description\":\"V\u00fdroba elektrick\u00fdch topn\u00fdch t\u011bles\",\"potentialAction\":[{\"@type\":\"SearchAction\",\"target\":{\"@type\":\"EntryPoint\",\"urlTemplate\":\"https:\\\/\\\/www.etto.cz\\\/?s={search_term_string}\"},\"query-input\":{\"@type\":\"PropertyValueSpecification\",\"valueRequired\":true,\"valueName\":\"search_term_string\"}}],\"inLanguage\":\"de\"}]}<\/script>\n<!-- \/ Yoast SEO plugin. -->","yoast_head_json":{"title":"Empfehlungen f\u00fcr den Einsatz von Heizpatronen | ELEKTRON-ETTO","description":"Praxistipps f\u00fcr Heizpatronen: Einbau, Leistungsdichte, Passungstoleranzen und Lebensdauer. Expertenratgeber von ELEKTRON-ETTO.","robots":{"index":"index","follow":"follow","max-snippet":"max-snippet:-1","max-image-preview":"max-image-preview:large","max-video-preview":"max-video-preview:-1"},"canonical":"https:\/\/www.etto.cz\/de\/produkte\/heizpatronen\/empfehlungen-fur-den-einsatz-von-heizpatronen\/","og_locale":"de_DE","og_type":"article","og_title":"Empfehlungen f\u00fcr den Einsatz von Heizpatronen | ELEKTRON-ETTO","og_description":"Praxistipps f\u00fcr Heizpatronen: Einbau, Leistungsdichte, Passungstoleranzen und Lebensdauer. Expertenratgeber von ELEKTRON-ETTO.","og_url":"https:\/\/www.etto.cz\/de\/produkte\/heizpatronen\/empfehlungen-fur-den-einsatz-von-heizpatronen\/","og_site_name":"ETTO","article_modified_time":"2018-09-13T05:36:05+00:00","og_image":[{"url":"https:\/\/www.etto.cz\/de\/wp-content\/gallery\/prumyslova-telesa\/teleso-kotel.jpg","type":"","width":"","height":""}],"twitter_card":"summary_large_image","twitter_misc":{"Gesch\u00e4tzte Lesezeit":"2\u00a0Minuten"},"schema":{"@context":"https:\/\/schema.org","@graph":[{"@type":"WebPage","@id":"https:\/\/www.etto.cz\/elektricka-topna-telesa\/topne-patrony\/doporuceni-pro-uzivani-topnych-patron\/","url":"https:\/\/www.etto.cz\/elektricka-topna-telesa\/topne-patrony\/doporuceni-pro-uzivani-topnych-patron\/","name":"Empfehlungen f\u00fcr den Einsatz von Heizpatronen | ELEKTRON-ETTO","isPartOf":{"@id":"https:\/\/www.etto.cz\/#website"},"datePublished":"2018-03-14T14:26:15+00:00","dateModified":"2018-09-13T05:36:05+00:00","description":"Praxistipps f\u00fcr Heizpatronen: Einbau, Leistungsdichte, Passungstoleranzen und Lebensdauer. Expertenratgeber von ELEKTRON-ETTO.","breadcrumb":{"@id":"https:\/\/www.etto.cz\/elektricka-topna-telesa\/topne-patrony\/doporuceni-pro-uzivani-topnych-patron\/#breadcrumb"},"inLanguage":"de","potentialAction":[{"@type":"ReadAction","target":["https:\/\/www.etto.cz\/elektricka-topna-telesa\/topne-patrony\/doporuceni-pro-uzivani-topnych-patron\/"]}]},{"@type":"BreadcrumbList","@id":"https:\/\/www.etto.cz\/elektricka-topna-telesa\/topne-patrony\/doporuceni-pro-uzivani-topnych-patron\/#breadcrumb","itemListElement":[{"@type":"ListItem","position":1,"name":"Dom\u016f","item":"https:\/\/www.etto.cz\/"},{"@type":"ListItem","position":2,"name":"Produkte","item":"https:\/\/www.etto.cz\/elektricka-topna-telesa\/"},{"@type":"ListItem","position":3,"name":"Heizpatronen","item":"https:\/\/www.etto.cz\/elektricka-topna-telesa\/topne-patrony\/"},{"@type":"ListItem","position":4,"name":"Empfehlungen f\u00fcr den Einsatz von Heizpatronen"}]},{"@type":"WebSite","@id":"https:\/\/www.etto.cz\/#website","url":"https:\/\/www.etto.cz\/","name":"ETTO","description":"V\u00fdroba elektrick\u00fdch topn\u00fdch t\u011bles","potentialAction":[{"@type":"SearchAction","target":{"@type":"EntryPoint","urlTemplate":"https:\/\/www.etto.cz\/?s={search_term_string}"},"query-input":{"@type":"PropertyValueSpecification","valueRequired":true,"valueName":"search_term_string"}}],"inLanguage":"de"}]}},"_links":{"self":[{"href":"https:\/\/www.etto.cz\/de\/wp-json\/wp\/v2\/pages\/2885","targetHints":{"allow":["GET"]}}],"collection":[{"href":"https:\/\/www.etto.cz\/de\/wp-json\/wp\/v2\/pages"}],"about":[{"href":"https:\/\/www.etto.cz\/de\/wp-json\/wp\/v2\/types\/page"}],"author":[{"embeddable":true,"href":"https:\/\/www.etto.cz\/de\/wp-json\/wp\/v2\/users\/1"}],"replies":[{"embeddable":true,"href":"https:\/\/www.etto.cz\/de\/wp-json\/wp\/v2\/comments?post=2885"}],"version-history":[{"count":0,"href":"https:\/\/www.etto.cz\/de\/wp-json\/wp\/v2\/pages\/2885\/revisions"}],"up":[{"embeddable":true,"href":"https:\/\/www.etto.cz\/de\/wp-json\/wp\/v2\/pages\/2849"}],"wp:attachment":[{"href":"https:\/\/www.etto.cz\/de\/wp-json\/wp\/v2\/media?parent=2885"}],"curies":[{"name":"wp","href":"https:\/\/api.w.org\/{rel}","templated":true}]}}