{"id":2887,"date":"2018-03-14T15:26:34","date_gmt":"2018-03-14T14:26:34","guid":{"rendered":"http:\/\/www.etto.cz\/heizpatronen\/standardarten-der-patronenbefestigung-flansche\/"},"modified":"2018-08-28T07:18:38","modified_gmt":"2018-08-28T06:18:38","slug":"standardarten-der-patronenbefestigung-flansche","status":"publish","type":"page","link":"https:\/\/www.etto.cz\/de\/produkte\/heizpatronen\/standardarten-der-patronenbefestigung-flansche\/","title":{"rendered":"Standardarten der Heizpatronenbefestigung"},"content":{"rendered":"<p><strong><u>1) Ausf\u00fchrung: <\/u>Heizpatrone mit Einschraubnippel<br \/>\n<\/strong>Die Standardl\u00e4nge der nicht heizenden Zone auf der Seite der Ausg\u00e4nge betr\u00e4gt standardm\u00e4\u00dfig 15-21mm je nach Typ und Heizpatronendurchmesser.<\/p>\n<p><img loading=\"lazy\" decoding=\"async\" width=\"670\" height=\"376\" class=\"aligncenter wp-image-891\" alt=\"Standardarten-der-Heizpatronenbefestigung-des-Flansches-04\" src=\"http:\/\/www.etto.cz\/wp-content\/uploads\/2015\/10\/standardni-zpusoby-uchyceni-patron-priruby-04.jpg\" srcset=\"https:\/\/www.etto.cz\/wp-content\/uploads\/2015\/10\/standardni-zpusoby-uchyceni-patron-priruby-04.jpg 800w, https:\/\/www.etto.cz\/wp-content\/uploads\/2015\/10\/standardni-zpusoby-uchyceni-patron-priruby-04-300x168.jpg 300w, https:\/\/www.etto.cz\/wp-content\/uploads\/2015\/10\/standardni-zpusoby-uchyceni-patron-priruby-04-153x86.jpg 153w, https:\/\/www.etto.cz\/wp-content\/uploads\/2015\/10\/standardni-zpusoby-uchyceni-patron-priruby-04-253x142.jpg 253w\" sizes=\"auto, (max-width: 670px) 100vw, 670px\" \/><\/p>\n<p><strong><u>2) Ausf\u00fchrung: <\/u>Heizpatrone mit einem Kegelgewinde&nbsp;<b>Einschraubnippel<\/b><\/strong> (anstatt des BSP-Gewindes kann ein NPT-Gewinde benutzt werden).<br \/>\nDie L\u00e4nge der nicht heizenden Zone auf der Seite der Ausg\u00e4nge ist standardm\u00e4\u00dfig um 5mm l\u00e4nger als der Einschraubnippel.<\/p>\n<p><img loading=\"lazy\" decoding=\"async\" width=\"670\" height=\"386\" class=\"aligncenter wp-image-892\" alt=\"Standardarten-der-Heizpatronenbefestigung-des-Flansches-03\" src=\"http:\/\/www.etto.cz\/wp-content\/uploads\/2015\/10\/standardni-zpusoby-uchyceni-patron-priruby-03.jpg\" srcset=\"https:\/\/www.etto.cz\/wp-content\/uploads\/2015\/10\/standardni-zpusoby-uchyceni-patron-priruby-03.jpg 800w, https:\/\/www.etto.cz\/wp-content\/uploads\/2015\/10\/standardni-zpusoby-uchyceni-patron-priruby-03-300x173.jpg 300w, https:\/\/www.etto.cz\/wp-content\/uploads\/2015\/10\/standardni-zpusoby-uchyceni-patron-priruby-03-153x88.jpg 153w, https:\/\/www.etto.cz\/wp-content\/uploads\/2015\/10\/standardni-zpusoby-uchyceni-patron-priruby-03-253x146.jpg 253w\" sizes=\"auto, (max-width: 670px) 100vw, 670px\" \/><\/p>\n<p><strong><u>3) Ausf\u00fchrung: <\/u>Heizpatrone mit einem Befestigungsblech.<br \/>\n<\/strong>Der blech kann beliebig in der nicht heizenden Zone auf der Seite der Ausg\u00e4nge platziert werden. Bei der Bestellung muss es spezifiziert werden.<\/p>\n<p><img loading=\"lazy\" decoding=\"async\" width=\"670\" height=\"284\" class=\"aligncenter wp-image-893\" alt=\"Standardarten-der-Heizpatronenbefestigung-des-Flansches-01\" src=\"http:\/\/www.etto.cz\/wp-content\/uploads\/2015\/10\/standardni-zpusoby-uchyceni-patron-priruby-01.jpg\" srcset=\"https:\/\/www.etto.cz\/wp-content\/uploads\/2015\/10\/standardni-zpusoby-uchyceni-patron-priruby-01.jpg 800w, https:\/\/www.etto.cz\/wp-content\/uploads\/2015\/10\/standardni-zpusoby-uchyceni-patron-priruby-01-300x127.jpg 300w, https:\/\/www.etto.cz\/wp-content\/uploads\/2015\/10\/standardni-zpusoby-uchyceni-patron-priruby-01-153x65.jpg 153w, https:\/\/www.etto.cz\/wp-content\/uploads\/2015\/10\/standardni-zpusoby-uchyceni-patron-priruby-01-253x107.jpg 253w\" sizes=\"auto, (max-width: 670px) 100vw, 670px\" \/><\/p>\n<p><strong><u>4) Ausf\u00fchrung: <\/u>Heizpatrone mit einem Anschlag.<br \/>\n<\/strong>Anschlag&nbsp; kann beliebig in der nicht heizenden Zone auf der Seite der Ausg\u00e4nge platziert werden. Bei der Bestellung muss es spezifiziert werden.<\/p>\n<p><img loading=\"lazy\" decoding=\"async\" width=\"670\" height=\"225\" class=\"aligncenter wp-image-894\" alt=\"Standardarten-der-Heizpatronenbefestigung-des-Flansches-02\" src=\"http:\/\/www.etto.cz\/wp-content\/uploads\/2015\/10\/standardni-zpusoby-uchyceni-patron-priruby-02.jpg\" srcset=\"https:\/\/www.etto.cz\/wp-content\/uploads\/2015\/10\/standardni-zpusoby-uchyceni-patron-priruby-02.jpg 800w, https:\/\/www.etto.cz\/wp-content\/uploads\/2015\/10\/standardni-zpusoby-uchyceni-patron-priruby-02-300x101.jpg 300w, https:\/\/www.etto.cz\/wp-content\/uploads\/2015\/10\/standardni-zpusoby-uchyceni-patron-priruby-02-153x51.jpg 153w, https:\/\/www.etto.cz\/wp-content\/uploads\/2015\/10\/standardni-zpusoby-uchyceni-patron-priruby-02-253x85.jpg 253w\" sizes=\"auto, (max-width: 670px) 100vw, 670px\" \/><\/p>\n<p>&nbsp;<\/p>\n","protected":false},"excerpt":{"rendered":"<p>1) Ausf\u00fchrung: Heizpatrone mit Einschraubnippel Die Standardl\u00e4nge der nicht heizenden Zone auf der Seite der Ausg\u00e4nge betr\u00e4gt standardm\u00e4\u00dfig 15-21mm je nach Typ und Heizpatronendurchmesser. 2) &#8230;<\/p>\n","protected":false},"author":1,"featured_media":0,"parent":2849,"menu_order":0,"comment_status":"open","ping_status":"open","template":"_page-menu.php","meta":{"_acf_changed":false,"ngg_post_thumbnail":0,"footnotes":"","_links_to":"","_links_to_target":""},"class_list":["post-2887","page","type-page","status-publish","hentry"],"acf":[],"yoast_head":"<!-- This site is optimized with the Yoast SEO plugin v27.5 - https:\/\/yoast.com\/product\/yoast-seo-wordpress\/ -->\n<title>Standardbefestigungen f\u00fcr Heizpatronen | ELEKTRON-ETTO<\/title>\n<meta name=\"description\" content=\"Standard-Befestigungsarten und Flanschoptionen f\u00fcr Heizpatronen. Technischer Leitfaden f\u00fcr Montage vom europ\u00e4ischen Hersteller ELEKTRON-ETTO.\" \/>\n<meta name=\"robots\" content=\"index, follow, max-snippet:-1, max-image-preview:large, max-video-preview:-1\" \/>\n<link rel=\"canonical\" href=\"https:\/\/www.etto.cz\/de\/produkte\/heizpatronen\/standardarten-der-patronenbefestigung-flansche\/\" \/>\n<meta property=\"og:locale\" content=\"de_DE\" \/>\n<meta property=\"og:type\" content=\"article\" \/>\n<meta property=\"og:title\" content=\"Standardbefestigungen f\u00fcr Heizpatronen | ELEKTRON-ETTO\" \/>\n<meta property=\"og:description\" content=\"Standard-Befestigungsarten und Flanschoptionen f\u00fcr Heizpatronen. Technischer Leitfaden f\u00fcr Montage vom europ\u00e4ischen Hersteller ELEKTRON-ETTO.\" \/>\n<meta property=\"og:url\" content=\"https:\/\/www.etto.cz\/de\/produkte\/heizpatronen\/standardarten-der-patronenbefestigung-flansche\/\" \/>\n<meta property=\"og:site_name\" content=\"ETTO\" \/>\n<meta property=\"article:modified_time\" content=\"2018-08-28T06:18:38+00:00\" \/>\n<meta property=\"og:image\" content=\"https:\/\/www.etto.cz\/wp-content\/uploads\/2015\/10\/standardni-zpusoby-uchyceni-patron-priruby-04.jpg\" \/>\n\t<meta property=\"og:image:width\" content=\"800\" \/>\n\t<meta property=\"og:image:height\" content=\"449\" \/>\n\t<meta property=\"og:image:type\" content=\"image\/jpeg\" \/>\n<meta name=\"twitter:card\" content=\"summary_large_image\" \/>\n<meta name=\"twitter:label1\" content=\"Gesch\u00e4tzte Lesezeit\" \/>\n\t<meta name=\"twitter:data1\" content=\"1\u00a0Minute\" \/>\n<script type=\"application\/ld+json\" class=\"yoast-schema-graph\">{\"@context\":\"https:\\\/\\\/schema.org\",\"@graph\":[{\"@type\":\"WebPage\",\"@id\":\"https:\\\/\\\/www.etto.cz\\\/elektricka-topna-telesa\\\/topne-patrony\\\/standardni-zpusoby-uchyceni-patron-priruby\\\/\",\"url\":\"https:\\\/\\\/www.etto.cz\\\/elektricka-topna-telesa\\\/topne-patrony\\\/standardni-zpusoby-uchyceni-patron-priruby\\\/\",\"name\":\"Standardbefestigungen f\u00fcr Heizpatronen | ELEKTRON-ETTO\",\"isPartOf\":{\"@id\":\"https:\\\/\\\/www.etto.cz\\\/#website\"},\"primaryImageOfPage\":{\"@id\":\"https:\\\/\\\/www.etto.cz\\\/elektricka-topna-telesa\\\/topne-patrony\\\/standardni-zpusoby-uchyceni-patron-priruby\\\/#primaryimage\"},\"image\":{\"@id\":\"https:\\\/\\\/www.etto.cz\\\/elektricka-topna-telesa\\\/topne-patrony\\\/standardni-zpusoby-uchyceni-patron-priruby\\\/#primaryimage\"},\"thumbnailUrl\":\"http:\\\/\\\/www.etto.cz\\\/wp-content\\\/uploads\\\/2015\\\/10\\\/standardni-zpusoby-uchyceni-patron-priruby-04.jpg\",\"datePublished\":\"2018-03-14T14:26:34+00:00\",\"dateModified\":\"2018-08-28T06:18:38+00:00\",\"description\":\"Standard-Befestigungsarten und Flanschoptionen f\u00fcr Heizpatronen. Technischer Leitfaden f\u00fcr Montage vom europ\u00e4ischen Hersteller ELEKTRON-ETTO.\",\"breadcrumb\":{\"@id\":\"https:\\\/\\\/www.etto.cz\\\/elektricka-topna-telesa\\\/topne-patrony\\\/standardni-zpusoby-uchyceni-patron-priruby\\\/#breadcrumb\"},\"inLanguage\":\"de\",\"potentialAction\":[{\"@type\":\"ReadAction\",\"target\":[\"https:\\\/\\\/www.etto.cz\\\/elektricka-topna-telesa\\\/topne-patrony\\\/standardni-zpusoby-uchyceni-patron-priruby\\\/\"]}]},{\"@type\":\"ImageObject\",\"inLanguage\":\"de\",\"@id\":\"https:\\\/\\\/www.etto.cz\\\/elektricka-topna-telesa\\\/topne-patrony\\\/standardni-zpusoby-uchyceni-patron-priruby\\\/#primaryimage\",\"url\":\"http:\\\/\\\/www.etto.cz\\\/wp-content\\\/uploads\\\/2015\\\/10\\\/standardni-zpusoby-uchyceni-patron-priruby-04.jpg\",\"contentUrl\":\"http:\\\/\\\/www.etto.cz\\\/wp-content\\\/uploads\\\/2015\\\/10\\\/standardni-zpusoby-uchyceni-patron-priruby-04.jpg\"},{\"@type\":\"BreadcrumbList\",\"@id\":\"https:\\\/\\\/www.etto.cz\\\/elektricka-topna-telesa\\\/topne-patrony\\\/standardni-zpusoby-uchyceni-patron-priruby\\\/#breadcrumb\",\"itemListElement\":[{\"@type\":\"ListItem\",\"position\":1,\"name\":\"Dom\u016f\",\"item\":\"https:\\\/\\\/www.etto.cz\\\/\"},{\"@type\":\"ListItem\",\"position\":2,\"name\":\"Produkte\",\"item\":\"https:\\\/\\\/www.etto.cz\\\/elektricka-topna-telesa\\\/\"},{\"@type\":\"ListItem\",\"position\":3,\"name\":\"Heizpatronen\",\"item\":\"https:\\\/\\\/www.etto.cz\\\/elektricka-topna-telesa\\\/topne-patrony\\\/\"},{\"@type\":\"ListItem\",\"position\":4,\"name\":\"Standardarten der Heizpatronenbefestigung\"}]},{\"@type\":\"WebSite\",\"@id\":\"https:\\\/\\\/www.etto.cz\\\/#website\",\"url\":\"https:\\\/\\\/www.etto.cz\\\/\",\"name\":\"ETTO\",\"description\":\"V\u00fdroba elektrick\u00fdch topn\u00fdch t\u011bles\",\"potentialAction\":[{\"@type\":\"SearchAction\",\"target\":{\"@type\":\"EntryPoint\",\"urlTemplate\":\"https:\\\/\\\/www.etto.cz\\\/?s={search_term_string}\"},\"query-input\":{\"@type\":\"PropertyValueSpecification\",\"valueRequired\":true,\"valueName\":\"search_term_string\"}}],\"inLanguage\":\"de\"}]}<\/script>\n<!-- \/ Yoast SEO plugin. -->","yoast_head_json":{"title":"Standardbefestigungen f\u00fcr Heizpatronen | ELEKTRON-ETTO","description":"Standard-Befestigungsarten und Flanschoptionen f\u00fcr Heizpatronen. Technischer Leitfaden f\u00fcr Montage vom europ\u00e4ischen Hersteller ELEKTRON-ETTO.","robots":{"index":"index","follow":"follow","max-snippet":"max-snippet:-1","max-image-preview":"max-image-preview:large","max-video-preview":"max-video-preview:-1"},"canonical":"https:\/\/www.etto.cz\/de\/produkte\/heizpatronen\/standardarten-der-patronenbefestigung-flansche\/","og_locale":"de_DE","og_type":"article","og_title":"Standardbefestigungen f\u00fcr Heizpatronen | ELEKTRON-ETTO","og_description":"Standard-Befestigungsarten und Flanschoptionen f\u00fcr Heizpatronen. Technischer Leitfaden f\u00fcr Montage vom europ\u00e4ischen Hersteller ELEKTRON-ETTO.","og_url":"https:\/\/www.etto.cz\/de\/produkte\/heizpatronen\/standardarten-der-patronenbefestigung-flansche\/","og_site_name":"ETTO","article_modified_time":"2018-08-28T06:18:38+00:00","og_image":[{"width":800,"height":449,"url":"https:\/\/www.etto.cz\/wp-content\/uploads\/2015\/10\/standardni-zpusoby-uchyceni-patron-priruby-04.jpg","type":"image\/jpeg"}],"twitter_card":"summary_large_image","twitter_misc":{"Gesch\u00e4tzte Lesezeit":"1\u00a0Minute"},"schema":{"@context":"https:\/\/schema.org","@graph":[{"@type":"WebPage","@id":"https:\/\/www.etto.cz\/elektricka-topna-telesa\/topne-patrony\/standardni-zpusoby-uchyceni-patron-priruby\/","url":"https:\/\/www.etto.cz\/elektricka-topna-telesa\/topne-patrony\/standardni-zpusoby-uchyceni-patron-priruby\/","name":"Standardbefestigungen f\u00fcr Heizpatronen | ELEKTRON-ETTO","isPartOf":{"@id":"https:\/\/www.etto.cz\/#website"},"primaryImageOfPage":{"@id":"https:\/\/www.etto.cz\/elektricka-topna-telesa\/topne-patrony\/standardni-zpusoby-uchyceni-patron-priruby\/#primaryimage"},"image":{"@id":"https:\/\/www.etto.cz\/elektricka-topna-telesa\/topne-patrony\/standardni-zpusoby-uchyceni-patron-priruby\/#primaryimage"},"thumbnailUrl":"http:\/\/www.etto.cz\/wp-content\/uploads\/2015\/10\/standardni-zpusoby-uchyceni-patron-priruby-04.jpg","datePublished":"2018-03-14T14:26:34+00:00","dateModified":"2018-08-28T06:18:38+00:00","description":"Standard-Befestigungsarten und Flanschoptionen f\u00fcr Heizpatronen. Technischer Leitfaden f\u00fcr Montage vom europ\u00e4ischen Hersteller ELEKTRON-ETTO.","breadcrumb":{"@id":"https:\/\/www.etto.cz\/elektricka-topna-telesa\/topne-patrony\/standardni-zpusoby-uchyceni-patron-priruby\/#breadcrumb"},"inLanguage":"de","potentialAction":[{"@type":"ReadAction","target":["https:\/\/www.etto.cz\/elektricka-topna-telesa\/topne-patrony\/standardni-zpusoby-uchyceni-patron-priruby\/"]}]},{"@type":"ImageObject","inLanguage":"de","@id":"https:\/\/www.etto.cz\/elektricka-topna-telesa\/topne-patrony\/standardni-zpusoby-uchyceni-patron-priruby\/#primaryimage","url":"http:\/\/www.etto.cz\/wp-content\/uploads\/2015\/10\/standardni-zpusoby-uchyceni-patron-priruby-04.jpg","contentUrl":"http:\/\/www.etto.cz\/wp-content\/uploads\/2015\/10\/standardni-zpusoby-uchyceni-patron-priruby-04.jpg"},{"@type":"BreadcrumbList","@id":"https:\/\/www.etto.cz\/elektricka-topna-telesa\/topne-patrony\/standardni-zpusoby-uchyceni-patron-priruby\/#breadcrumb","itemListElement":[{"@type":"ListItem","position":1,"name":"Dom\u016f","item":"https:\/\/www.etto.cz\/"},{"@type":"ListItem","position":2,"name":"Produkte","item":"https:\/\/www.etto.cz\/elektricka-topna-telesa\/"},{"@type":"ListItem","position":3,"name":"Heizpatronen","item":"https:\/\/www.etto.cz\/elektricka-topna-telesa\/topne-patrony\/"},{"@type":"ListItem","position":4,"name":"Standardarten der Heizpatronenbefestigung"}]},{"@type":"WebSite","@id":"https:\/\/www.etto.cz\/#website","url":"https:\/\/www.etto.cz\/","name":"ETTO","description":"V\u00fdroba elektrick\u00fdch topn\u00fdch t\u011bles","potentialAction":[{"@type":"SearchAction","target":{"@type":"EntryPoint","urlTemplate":"https:\/\/www.etto.cz\/?s={search_term_string}"},"query-input":{"@type":"PropertyValueSpecification","valueRequired":true,"valueName":"search_term_string"}}],"inLanguage":"de"}]}},"_links":{"self":[{"href":"https:\/\/www.etto.cz\/de\/wp-json\/wp\/v2\/pages\/2887","targetHints":{"allow":["GET"]}}],"collection":[{"href":"https:\/\/www.etto.cz\/de\/wp-json\/wp\/v2\/pages"}],"about":[{"href":"https:\/\/www.etto.cz\/de\/wp-json\/wp\/v2\/types\/page"}],"author":[{"embeddable":true,"href":"https:\/\/www.etto.cz\/de\/wp-json\/wp\/v2\/users\/1"}],"replies":[{"embeddable":true,"href":"https:\/\/www.etto.cz\/de\/wp-json\/wp\/v2\/comments?post=2887"}],"version-history":[{"count":0,"href":"https:\/\/www.etto.cz\/de\/wp-json\/wp\/v2\/pages\/2887\/revisions"}],"up":[{"embeddable":true,"href":"https:\/\/www.etto.cz\/de\/wp-json\/wp\/v2\/pages\/2849"}],"wp:attachment":[{"href":"https:\/\/www.etto.cz\/de\/wp-json\/wp\/v2\/media?parent=2887"}],"curies":[{"name":"wp","href":"https:\/\/api.w.org\/{rel}","templated":true}]}}