{"id":2888,"date":"2018-03-14T15:26:43","date_gmt":"2018-03-14T14:26:43","guid":{"rendered":"http:\/\/www.etto.cz\/korper-je-nach-zweck\/trockner-fur-schuhe\/"},"modified":"2025-02-04T13:24:54","modified_gmt":"2025-02-04T12:24:54","slug":"trockner-fur-schuhe","status":"publish","type":"page","link":"https:\/\/www.etto.cz\/de\/korper-je-nach-zweck\/trockner-fur-schuhe\/","title":{"rendered":"Schuhtrockner"},"content":{"rendered":"<p>Es handelt sich um Heizk\u00f6rper f\u00fcr das Trocknen von Schuhen. Der gerippte Heizteil ist aus dem Abguss der Alulegierung gebildet.\u00a0 Oberfl\u00e4chenbehandlung: Komaxit, grau. <\/p>\n<p>\u00a0 <\/p>\n<p><a class=\"fancybox left\" href=\"https:\/\/www.etto.cz\/wp-content\/uploads\/2016\/12\/susic_2.jpg\"><img loading=\"lazy\" decoding=\"async\" width=\"172\" height=\"150\" class=\"alignleft wp-image-1146\" alt=\"trockner_2\" src=\"https:\/\/www.etto.cz\/wp-content\/uploads\/2016\/12\/susic_2.jpg\" srcset=\"https:\/\/www.etto.cz\/wp-content\/uploads\/2016\/12\/susic_2.jpg 675w, https:\/\/www.etto.cz\/wp-content\/uploads\/2016\/12\/susic_2-300x262.jpg 300w, https:\/\/www.etto.cz\/wp-content\/uploads\/2016\/12\/susic_2-153x134.jpg 153w, https:\/\/www.etto.cz\/wp-content\/uploads\/2016\/12\/susic_2-253x221.jpg 253w, https:\/\/www.etto.cz\/wp-content\/uploads\/2016\/12\/susic_2-600x524.jpg 600w\" sizes=\"auto, (max-width: 172px) 100vw, 172px\" \/><\/a><\/p>\n","protected":false},"excerpt":{"rendered":"<p>Es handelt sich um Heizk\u00f6rper f\u00fcr das Trocknen von Schuhen. Der gerippte Heizteil ist aus dem Abguss der Alulegierung gebildet.\u00a0 Oberfl\u00e4chenbehandlung: Komaxit, grau. \u00a0<\/p>\n","protected":false},"author":1,"featured_media":0,"parent":2871,"menu_order":0,"comment_status":"open","ping_status":"open","template":"_page-menu.php","meta":{"_acf_changed":false,"ngg_post_thumbnail":0,"footnotes":"","_links_to":"","_links_to_target":""},"class_list":["post-2888","page","type-page","status-publish","hentry"],"acf":[],"yoast_head":"<!-- This site is optimized with the Yoast SEO plugin v27.6 - https:\/\/yoast.com\/product\/yoast-seo-wordpress\/ -->\n<title>Elektrischer Schuhtrockner | ELEKTRON-ETTO<\/title>\n<meta name=\"description\" content=\"Elektrischer Schuhtrockner mit schonenden Heizelementen. Effiziente Schuhtrocknungsl\u00f6sung entwickelt und gefertigt von ELEKTRON-ETTO.\" \/>\n<meta name=\"robots\" content=\"index, follow, max-snippet:-1, max-image-preview:large, max-video-preview:-1\" \/>\n<link rel=\"canonical\" href=\"https:\/\/www.etto.cz\/de\/korper-je-nach-zweck\/trockner-fur-schuhe\/\" \/>\n<meta property=\"og:locale\" content=\"de_DE\" \/>\n<meta property=\"og:type\" content=\"article\" \/>\n<meta property=\"og:title\" content=\"Elektrischer Schuhtrockner | ELEKTRON-ETTO\" \/>\n<meta property=\"og:description\" content=\"Elektrischer Schuhtrockner mit schonenden Heizelementen. Effiziente Schuhtrocknungsl\u00f6sung entwickelt und gefertigt von ELEKTRON-ETTO.\" \/>\n<meta property=\"og:url\" content=\"https:\/\/www.etto.cz\/de\/korper-je-nach-zweck\/trockner-fur-schuhe\/\" \/>\n<meta property=\"og:site_name\" content=\"ETTO\" \/>\n<meta property=\"article:modified_time\" content=\"2025-02-04T12:24:54+00:00\" \/>\n<meta property=\"og:image\" content=\"https:\/\/www.etto.cz\/wp-content\/uploads\/2016\/12\/susic_2.jpg\" \/>\n\t<meta property=\"og:image:width\" content=\"675\" \/>\n\t<meta property=\"og:image:height\" content=\"590\" \/>\n\t<meta property=\"og:image:type\" content=\"image\/jpeg\" \/>\n<meta name=\"twitter:card\" content=\"summary_large_image\" \/>\n<script type=\"application\/ld+json\" class=\"yoast-schema-graph\">{\"@context\":\"https:\\\/\\\/schema.org\",\"@graph\":[{\"@type\":\"WebPage\",\"@id\":\"https:\\\/\\\/www.etto.cz\\\/telesa-podle-ucelu\\\/vysousece-bot\\\/\",\"url\":\"https:\\\/\\\/www.etto.cz\\\/telesa-podle-ucelu\\\/vysousece-bot\\\/\",\"name\":\"Elektrischer Schuhtrockner | ELEKTRON-ETTO\",\"isPartOf\":{\"@id\":\"https:\\\/\\\/www.etto.cz\\\/#website\"},\"primaryImageOfPage\":{\"@id\":\"https:\\\/\\\/www.etto.cz\\\/telesa-podle-ucelu\\\/vysousece-bot\\\/#primaryimage\"},\"image\":{\"@id\":\"https:\\\/\\\/www.etto.cz\\\/telesa-podle-ucelu\\\/vysousece-bot\\\/#primaryimage\"},\"thumbnailUrl\":\"https:\\\/\\\/www.etto.cz\\\/wp-content\\\/uploads\\\/2016\\\/12\\\/susic_2.jpg\",\"datePublished\":\"2018-03-14T14:26:43+00:00\",\"dateModified\":\"2025-02-04T12:24:54+00:00\",\"description\":\"Elektrischer Schuhtrockner mit schonenden Heizelementen. Effiziente Schuhtrocknungsl\u00f6sung entwickelt und gefertigt von ELEKTRON-ETTO.\",\"breadcrumb\":{\"@id\":\"https:\\\/\\\/www.etto.cz\\\/telesa-podle-ucelu\\\/vysousece-bot\\\/#breadcrumb\"},\"inLanguage\":\"de\",\"potentialAction\":[{\"@type\":\"ReadAction\",\"target\":[\"https:\\\/\\\/www.etto.cz\\\/telesa-podle-ucelu\\\/vysousece-bot\\\/\"]}]},{\"@type\":\"ImageObject\",\"inLanguage\":\"de\",\"@id\":\"https:\\\/\\\/www.etto.cz\\\/telesa-podle-ucelu\\\/vysousece-bot\\\/#primaryimage\",\"url\":\"https:\\\/\\\/www.etto.cz\\\/wp-content\\\/uploads\\\/2016\\\/12\\\/susic_2.jpg\",\"contentUrl\":\"https:\\\/\\\/www.etto.cz\\\/wp-content\\\/uploads\\\/2016\\\/12\\\/susic_2.jpg\"},{\"@type\":\"BreadcrumbList\",\"@id\":\"https:\\\/\\\/www.etto.cz\\\/telesa-podle-ucelu\\\/vysousece-bot\\\/#breadcrumb\",\"itemListElement\":[{\"@type\":\"ListItem\",\"position\":1,\"name\":\"Dom\u016f\",\"item\":\"https:\\\/\\\/www.etto.cz\\\/\"},{\"@type\":\"ListItem\",\"position\":2,\"name\":\"K\u00f6rper je nach Zweck\",\"item\":\"https:\\\/\\\/www.etto.cz\\\/telesa-podle-ucelu\\\/\"},{\"@type\":\"ListItem\",\"position\":3,\"name\":\"Schuhtrockner\"}]},{\"@type\":\"WebSite\",\"@id\":\"https:\\\/\\\/www.etto.cz\\\/#website\",\"url\":\"https:\\\/\\\/www.etto.cz\\\/\",\"name\":\"ETTO\",\"description\":\"V\u00fdroba elektrick\u00fdch topn\u00fdch t\u011bles\",\"potentialAction\":[{\"@type\":\"SearchAction\",\"target\":{\"@type\":\"EntryPoint\",\"urlTemplate\":\"https:\\\/\\\/www.etto.cz\\\/?s={search_term_string}\"},\"query-input\":{\"@type\":\"PropertyValueSpecification\",\"valueRequired\":true,\"valueName\":\"search_term_string\"}}],\"inLanguage\":\"de\"}]}<\/script>\n<!-- \/ Yoast SEO plugin. -->","yoast_head_json":{"title":"Elektrischer Schuhtrockner | ELEKTRON-ETTO","description":"Elektrischer Schuhtrockner mit schonenden Heizelementen. Effiziente Schuhtrocknungsl\u00f6sung entwickelt und gefertigt von ELEKTRON-ETTO.","robots":{"index":"index","follow":"follow","max-snippet":"max-snippet:-1","max-image-preview":"max-image-preview:large","max-video-preview":"max-video-preview:-1"},"canonical":"https:\/\/www.etto.cz\/de\/korper-je-nach-zweck\/trockner-fur-schuhe\/","og_locale":"de_DE","og_type":"article","og_title":"Elektrischer Schuhtrockner | ELEKTRON-ETTO","og_description":"Elektrischer Schuhtrockner mit schonenden Heizelementen. Effiziente Schuhtrocknungsl\u00f6sung entwickelt und gefertigt von ELEKTRON-ETTO.","og_url":"https:\/\/www.etto.cz\/de\/korper-je-nach-zweck\/trockner-fur-schuhe\/","og_site_name":"ETTO","article_modified_time":"2025-02-04T12:24:54+00:00","og_image":[{"width":675,"height":590,"url":"https:\/\/www.etto.cz\/wp-content\/uploads\/2016\/12\/susic_2.jpg","type":"image\/jpeg"}],"twitter_card":"summary_large_image","schema":{"@context":"https:\/\/schema.org","@graph":[{"@type":"WebPage","@id":"https:\/\/www.etto.cz\/telesa-podle-ucelu\/vysousece-bot\/","url":"https:\/\/www.etto.cz\/telesa-podle-ucelu\/vysousece-bot\/","name":"Elektrischer Schuhtrockner | ELEKTRON-ETTO","isPartOf":{"@id":"https:\/\/www.etto.cz\/#website"},"primaryImageOfPage":{"@id":"https:\/\/www.etto.cz\/telesa-podle-ucelu\/vysousece-bot\/#primaryimage"},"image":{"@id":"https:\/\/www.etto.cz\/telesa-podle-ucelu\/vysousece-bot\/#primaryimage"},"thumbnailUrl":"https:\/\/www.etto.cz\/wp-content\/uploads\/2016\/12\/susic_2.jpg","datePublished":"2018-03-14T14:26:43+00:00","dateModified":"2025-02-04T12:24:54+00:00","description":"Elektrischer Schuhtrockner mit schonenden Heizelementen. Effiziente Schuhtrocknungsl\u00f6sung entwickelt und gefertigt von ELEKTRON-ETTO.","breadcrumb":{"@id":"https:\/\/www.etto.cz\/telesa-podle-ucelu\/vysousece-bot\/#breadcrumb"},"inLanguage":"de","potentialAction":[{"@type":"ReadAction","target":["https:\/\/www.etto.cz\/telesa-podle-ucelu\/vysousece-bot\/"]}]},{"@type":"ImageObject","inLanguage":"de","@id":"https:\/\/www.etto.cz\/telesa-podle-ucelu\/vysousece-bot\/#primaryimage","url":"https:\/\/www.etto.cz\/wp-content\/uploads\/2016\/12\/susic_2.jpg","contentUrl":"https:\/\/www.etto.cz\/wp-content\/uploads\/2016\/12\/susic_2.jpg"},{"@type":"BreadcrumbList","@id":"https:\/\/www.etto.cz\/telesa-podle-ucelu\/vysousece-bot\/#breadcrumb","itemListElement":[{"@type":"ListItem","position":1,"name":"Dom\u016f","item":"https:\/\/www.etto.cz\/"},{"@type":"ListItem","position":2,"name":"K\u00f6rper je nach Zweck","item":"https:\/\/www.etto.cz\/telesa-podle-ucelu\/"},{"@type":"ListItem","position":3,"name":"Schuhtrockner"}]},{"@type":"WebSite","@id":"https:\/\/www.etto.cz\/#website","url":"https:\/\/www.etto.cz\/","name":"ETTO","description":"V\u00fdroba elektrick\u00fdch topn\u00fdch t\u011bles","potentialAction":[{"@type":"SearchAction","target":{"@type":"EntryPoint","urlTemplate":"https:\/\/www.etto.cz\/?s={search_term_string}"},"query-input":{"@type":"PropertyValueSpecification","valueRequired":true,"valueName":"search_term_string"}}],"inLanguage":"de"}]}},"_links":{"self":[{"href":"https:\/\/www.etto.cz\/de\/wp-json\/wp\/v2\/pages\/2888","targetHints":{"allow":["GET"]}}],"collection":[{"href":"https:\/\/www.etto.cz\/de\/wp-json\/wp\/v2\/pages"}],"about":[{"href":"https:\/\/www.etto.cz\/de\/wp-json\/wp\/v2\/types\/page"}],"author":[{"embeddable":true,"href":"https:\/\/www.etto.cz\/de\/wp-json\/wp\/v2\/users\/1"}],"replies":[{"embeddable":true,"href":"https:\/\/www.etto.cz\/de\/wp-json\/wp\/v2\/comments?post=2888"}],"version-history":[{"count":2,"href":"https:\/\/www.etto.cz\/de\/wp-json\/wp\/v2\/pages\/2888\/revisions"}],"predecessor-version":[{"id":5371,"href":"https:\/\/www.etto.cz\/de\/wp-json\/wp\/v2\/pages\/2888\/revisions\/5371"}],"up":[{"embeddable":true,"href":"https:\/\/www.etto.cz\/de\/wp-json\/wp\/v2\/pages\/2871"}],"wp:attachment":[{"href":"https:\/\/www.etto.cz\/de\/wp-json\/wp\/v2\/media?parent=2888"}],"curies":[{"name":"wp","href":"https:\/\/api.w.org\/{rel}","templated":true}]}}