{"id":2889,"date":"2018-03-14T15:26:50","date_gmt":"2018-03-14T14:26:50","guid":{"rendered":"http:\/\/www.etto.cz\/korper-je-nach-zweck\/heizkorper-fur-badeheizkorper\/"},"modified":"2020-04-27T12:53:39","modified_gmt":"2020-04-27T11:53:39","slug":"heizkorper-fur-badeheizkorper","status":"publish","type":"page","link":"https:\/\/www.etto.cz\/de\/korper-je-nach-zweck\/heizkorper-fur-badeheizkorper\/","title":{"rendered":"Heizk\u00f6rper f\u00fcr Radiatoren"},"content":{"rendered":"<p style=\"text-align: justify;\">Wir produzieren Heizger\u00e4te zur Erw\u00e4rmung von Wasser in Radiatoren. Innerhalb des Heizstabes befindet sich der eingebaute Heizbegrenzer und eine irreversible Sicherheitstemperatursicherung. Die Heizst\u00e4be in Radiatoren m\u00fcssen auf der unteren Seite des Radiators in einer horizontalen oder vertikalen Position platziert werden. Die empfohlene elektrische zugef\u00fchrte Leistung sollte 70% der Heizleistung des Heizk\u00f6rpers betragen.&nbsp; Zum K\u00f6rper kann eine Abzweigung (T-St\u00fcck) oder ein Raumthermostat bestellt werden (f\u00fcr Option ohne r\u00e4umliche Temperaturregulation).<\/p>\n","protected":false},"excerpt":{"rendered":"<p>Wir produzieren Heizger\u00e4te zur Erw\u00e4rmung von Wasser in Radiatoren. Innerhalb des Heizstabes befindet sich der eingebaute Heizbegrenzer und eine irreversible Sicherheitstemperatursicherung. Die Heizst\u00e4be in Radiatoren &#8230;<\/p>\n","protected":false},"author":3,"featured_media":2578,"parent":2871,"menu_order":0,"comment_status":"closed","ping_status":"closed","template":"_page-menu.php","meta":{"_acf_changed":false,"ngg_post_thumbnail":0,"footnotes":"","_links_to":"","_links_to_target":""},"class_list":["post-2889","page","type-page","status-publish","has-post-thumbnail","hentry"],"acf":[],"yoast_head":"<!-- This site is optimized with the Yoast SEO plugin v27.4 - https:\/\/yoast.com\/product\/yoast-seo-wordpress\/ -->\n<title>Heizk\u00f6rper f\u00fcr Radiatoren | ELEKTRON-ETTO<\/title>\n<meta name=\"description\" content=\"Elektrische Heizelemente f\u00fcr Radiatoren und Zentralheizungen. Rohrheizelemente nach Ma\u00df vom europ\u00e4ischen Hersteller ELEKTRON-ETTO.\" \/>\n<meta name=\"robots\" content=\"index, follow, max-snippet:-1, max-image-preview:large, max-video-preview:-1\" \/>\n<link rel=\"canonical\" href=\"https:\/\/www.etto.cz\/de\/korper-je-nach-zweck\/heizkorper-fur-badeheizkorper\/\" \/>\n<meta property=\"og:locale\" content=\"de_DE\" \/>\n<meta property=\"og:type\" content=\"article\" \/>\n<meta property=\"og:title\" content=\"Heizk\u00f6rper f\u00fcr Radiatoren | ELEKTRON-ETTO\" \/>\n<meta property=\"og:description\" content=\"Elektrische Heizelemente f\u00fcr Radiatoren und Zentralheizungen. Rohrheizelemente nach Ma\u00df vom europ\u00e4ischen Hersteller ELEKTRON-ETTO.\" \/>\n<meta property=\"og:url\" content=\"https:\/\/www.etto.cz\/de\/korper-je-nach-zweck\/heizkorper-fur-badeheizkorper\/\" \/>\n<meta property=\"og:site_name\" content=\"ETTO\" \/>\n<meta property=\"article:modified_time\" content=\"2020-04-27T11:53:39+00:00\" \/>\n<meta property=\"og:image\" content=\"https:\/\/www.etto.cz\/wp-content\/uploads\/2016\/12\/z1.png\" \/>\n\t<meta property=\"og:image:width\" content=\"640\" \/>\n\t<meta property=\"og:image:height\" content=\"640\" \/>\n\t<meta property=\"og:image:type\" content=\"image\/png\" \/>\n<meta name=\"twitter:card\" content=\"summary_large_image\" \/>\n<script type=\"application\/ld+json\" class=\"yoast-schema-graph\">{\"@context\":\"https:\\\/\\\/schema.org\",\"@graph\":[{\"@type\":\"WebPage\",\"@id\":\"https:\\\/\\\/www.etto.cz\\\/telesa-podle-ucelu\\\/topna-telesa-do-koupelnovych-radiatoru\\\/\",\"url\":\"https:\\\/\\\/www.etto.cz\\\/telesa-podle-ucelu\\\/topna-telesa-do-koupelnovych-radiatoru\\\/\",\"name\":\"Heizk\u00f6rper f\u00fcr Radiatoren | ELEKTRON-ETTO\",\"isPartOf\":{\"@id\":\"https:\\\/\\\/www.etto.cz\\\/#website\"},\"primaryImageOfPage\":{\"@id\":\"https:\\\/\\\/www.etto.cz\\\/telesa-podle-ucelu\\\/topna-telesa-do-koupelnovych-radiatoru\\\/#primaryimage\"},\"image\":{\"@id\":\"https:\\\/\\\/www.etto.cz\\\/telesa-podle-ucelu\\\/topna-telesa-do-koupelnovych-radiatoru\\\/#primaryimage\"},\"thumbnailUrl\":\"https:\\\/\\\/www.etto.cz\\\/wp-content\\\/uploads\\\/2016\\\/12\\\/z1.png\",\"datePublished\":\"2018-03-14T14:26:50+00:00\",\"dateModified\":\"2020-04-27T11:53:39+00:00\",\"description\":\"Elektrische Heizelemente f\u00fcr Radiatoren und Zentralheizungen. Rohrheizelemente nach Ma\u00df vom europ\u00e4ischen Hersteller ELEKTRON-ETTO.\",\"breadcrumb\":{\"@id\":\"https:\\\/\\\/www.etto.cz\\\/telesa-podle-ucelu\\\/topna-telesa-do-koupelnovych-radiatoru\\\/#breadcrumb\"},\"inLanguage\":\"de\",\"potentialAction\":[{\"@type\":\"ReadAction\",\"target\":[\"https:\\\/\\\/www.etto.cz\\\/telesa-podle-ucelu\\\/topna-telesa-do-koupelnovych-radiatoru\\\/\"]}]},{\"@type\":\"ImageObject\",\"inLanguage\":\"de\",\"@id\":\"https:\\\/\\\/www.etto.cz\\\/telesa-podle-ucelu\\\/topna-telesa-do-koupelnovych-radiatoru\\\/#primaryimage\",\"url\":\"https:\\\/\\\/www.etto.cz\\\/wp-content\\\/uploads\\\/2016\\\/12\\\/z1.png\",\"contentUrl\":\"https:\\\/\\\/www.etto.cz\\\/wp-content\\\/uploads\\\/2016\\\/12\\\/z1.png\",\"width\":640,\"height\":640},{\"@type\":\"BreadcrumbList\",\"@id\":\"https:\\\/\\\/www.etto.cz\\\/telesa-podle-ucelu\\\/topna-telesa-do-koupelnovych-radiatoru\\\/#breadcrumb\",\"itemListElement\":[{\"@type\":\"ListItem\",\"position\":1,\"name\":\"Dom\u016f\",\"item\":\"https:\\\/\\\/www.etto.cz\\\/\"},{\"@type\":\"ListItem\",\"position\":2,\"name\":\"K\u00f6rper je nach Zweck\",\"item\":\"https:\\\/\\\/www.etto.cz\\\/telesa-podle-ucelu\\\/\"},{\"@type\":\"ListItem\",\"position\":3,\"name\":\"Heizk\u00f6rper f\u00fcr Radiatoren\"}]},{\"@type\":\"WebSite\",\"@id\":\"https:\\\/\\\/www.etto.cz\\\/#website\",\"url\":\"https:\\\/\\\/www.etto.cz\\\/\",\"name\":\"ETTO\",\"description\":\"V\u00fdroba elektrick\u00fdch topn\u00fdch t\u011bles\",\"potentialAction\":[{\"@type\":\"SearchAction\",\"target\":{\"@type\":\"EntryPoint\",\"urlTemplate\":\"https:\\\/\\\/www.etto.cz\\\/?s={search_term_string}\"},\"query-input\":{\"@type\":\"PropertyValueSpecification\",\"valueRequired\":true,\"valueName\":\"search_term_string\"}}],\"inLanguage\":\"de\"}]}<\/script>\n<!-- \/ Yoast SEO plugin. -->","yoast_head_json":{"title":"Heizk\u00f6rper f\u00fcr Radiatoren | ELEKTRON-ETTO","description":"Elektrische Heizelemente f\u00fcr Radiatoren und Zentralheizungen. Rohrheizelemente nach Ma\u00df vom europ\u00e4ischen Hersteller ELEKTRON-ETTO.","robots":{"index":"index","follow":"follow","max-snippet":"max-snippet:-1","max-image-preview":"max-image-preview:large","max-video-preview":"max-video-preview:-1"},"canonical":"https:\/\/www.etto.cz\/de\/korper-je-nach-zweck\/heizkorper-fur-badeheizkorper\/","og_locale":"de_DE","og_type":"article","og_title":"Heizk\u00f6rper f\u00fcr Radiatoren | ELEKTRON-ETTO","og_description":"Elektrische Heizelemente f\u00fcr Radiatoren und Zentralheizungen. Rohrheizelemente nach Ma\u00df vom europ\u00e4ischen Hersteller ELEKTRON-ETTO.","og_url":"https:\/\/www.etto.cz\/de\/korper-je-nach-zweck\/heizkorper-fur-badeheizkorper\/","og_site_name":"ETTO","article_modified_time":"2020-04-27T11:53:39+00:00","og_image":[{"width":640,"height":640,"url":"https:\/\/www.etto.cz\/wp-content\/uploads\/2016\/12\/z1.png","type":"image\/png"}],"twitter_card":"summary_large_image","schema":{"@context":"https:\/\/schema.org","@graph":[{"@type":"WebPage","@id":"https:\/\/www.etto.cz\/telesa-podle-ucelu\/topna-telesa-do-koupelnovych-radiatoru\/","url":"https:\/\/www.etto.cz\/telesa-podle-ucelu\/topna-telesa-do-koupelnovych-radiatoru\/","name":"Heizk\u00f6rper f\u00fcr Radiatoren | ELEKTRON-ETTO","isPartOf":{"@id":"https:\/\/www.etto.cz\/#website"},"primaryImageOfPage":{"@id":"https:\/\/www.etto.cz\/telesa-podle-ucelu\/topna-telesa-do-koupelnovych-radiatoru\/#primaryimage"},"image":{"@id":"https:\/\/www.etto.cz\/telesa-podle-ucelu\/topna-telesa-do-koupelnovych-radiatoru\/#primaryimage"},"thumbnailUrl":"https:\/\/www.etto.cz\/wp-content\/uploads\/2016\/12\/z1.png","datePublished":"2018-03-14T14:26:50+00:00","dateModified":"2020-04-27T11:53:39+00:00","description":"Elektrische Heizelemente f\u00fcr Radiatoren und Zentralheizungen. Rohrheizelemente nach Ma\u00df vom europ\u00e4ischen Hersteller ELEKTRON-ETTO.","breadcrumb":{"@id":"https:\/\/www.etto.cz\/telesa-podle-ucelu\/topna-telesa-do-koupelnovych-radiatoru\/#breadcrumb"},"inLanguage":"de","potentialAction":[{"@type":"ReadAction","target":["https:\/\/www.etto.cz\/telesa-podle-ucelu\/topna-telesa-do-koupelnovych-radiatoru\/"]}]},{"@type":"ImageObject","inLanguage":"de","@id":"https:\/\/www.etto.cz\/telesa-podle-ucelu\/topna-telesa-do-koupelnovych-radiatoru\/#primaryimage","url":"https:\/\/www.etto.cz\/wp-content\/uploads\/2016\/12\/z1.png","contentUrl":"https:\/\/www.etto.cz\/wp-content\/uploads\/2016\/12\/z1.png","width":640,"height":640},{"@type":"BreadcrumbList","@id":"https:\/\/www.etto.cz\/telesa-podle-ucelu\/topna-telesa-do-koupelnovych-radiatoru\/#breadcrumb","itemListElement":[{"@type":"ListItem","position":1,"name":"Dom\u016f","item":"https:\/\/www.etto.cz\/"},{"@type":"ListItem","position":2,"name":"K\u00f6rper je nach Zweck","item":"https:\/\/www.etto.cz\/telesa-podle-ucelu\/"},{"@type":"ListItem","position":3,"name":"Heizk\u00f6rper f\u00fcr Radiatoren"}]},{"@type":"WebSite","@id":"https:\/\/www.etto.cz\/#website","url":"https:\/\/www.etto.cz\/","name":"ETTO","description":"V\u00fdroba elektrick\u00fdch topn\u00fdch t\u011bles","potentialAction":[{"@type":"SearchAction","target":{"@type":"EntryPoint","urlTemplate":"https:\/\/www.etto.cz\/?s={search_term_string}"},"query-input":{"@type":"PropertyValueSpecification","valueRequired":true,"valueName":"search_term_string"}}],"inLanguage":"de"}]}},"_links":{"self":[{"href":"https:\/\/www.etto.cz\/de\/wp-json\/wp\/v2\/pages\/2889","targetHints":{"allow":["GET"]}}],"collection":[{"href":"https:\/\/www.etto.cz\/de\/wp-json\/wp\/v2\/pages"}],"about":[{"href":"https:\/\/www.etto.cz\/de\/wp-json\/wp\/v2\/types\/page"}],"author":[{"embeddable":true,"href":"https:\/\/www.etto.cz\/de\/wp-json\/wp\/v2\/users\/3"}],"replies":[{"embeddable":true,"href":"https:\/\/www.etto.cz\/de\/wp-json\/wp\/v2\/comments?post=2889"}],"version-history":[{"count":2,"href":"https:\/\/www.etto.cz\/de\/wp-json\/wp\/v2\/pages\/2889\/revisions"}],"predecessor-version":[{"id":4879,"href":"https:\/\/www.etto.cz\/de\/wp-json\/wp\/v2\/pages\/2889\/revisions\/4879"}],"up":[{"embeddable":true,"href":"https:\/\/www.etto.cz\/de\/wp-json\/wp\/v2\/pages\/2871"}],"wp:featuredmedia":[{"embeddable":true,"href":"https:\/\/www.etto.cz\/de\/wp-json\/wp\/v2\/media\/2578"}],"wp:attachment":[{"href":"https:\/\/www.etto.cz\/de\/wp-json\/wp\/v2\/media?parent=2889"}],"curies":[{"name":"wp","href":"https:\/\/api.w.org\/{rel}","templated":true}]}}