{"id":2893,"date":"2018-03-14T15:27:26","date_gmt":"2018-03-14T14:27:26","guid":{"rendered":"http:\/\/www.etto.cz\/stofferwarmung\/erwarmung-von-gasen\/katalog-der-korper-fur-erwarmung-von-gasen\/"},"modified":"2023-11-13T08:05:53","modified_gmt":"2023-11-13T07:05:53","slug":"katalog-der-korper-fur-erwarmung-von-gasen","status":"publish","type":"page","link":"https:\/\/www.etto.cz\/de\/stofferwarmung\/erwarmung-von-gasen\/katalog-der-korper-fur-erwarmung-von-gasen\/","title":{"rendered":"Katalog der K\u00f6rper f\u00fcr Erw\u00e4rmung von Gasen"},"content":{"rendered":"<p><a href=\"http:\/\/www.etto.cz\/wp-content\/uploads\/2017\/06\/katalog_ohrev_plynu.pdf\" target=\"_blank\" rel=\"noopener\"><img loading=\"lazy\" decoding=\"async\" class=\"alignnone wp-image-3254 size-full\" src=\"http:\/\/www.etto.cz\/wp-content\/uploads\/2018\/05\/pdf-e1527166728716.png\" alt=\"\" width=\"24\" height=\"24\"><\/a> <a href=\"https:\/\/www.etto.cz\/wp-content\/uploads\/2023\/11\/katalog_ohrev_plynu.pdf\" target=\"_blank\" rel=\"noopener\">Katalog der K\u00f6rper f\u00fcr Erw\u00e4rmung von Gasen<\/a><\/p>\nngg_shortcode_0_placeholder\n","protected":false},"excerpt":{"rendered":"<p>Katalog der K\u00f6rper f\u00fcr Erw\u00e4rmung von Gasen &#8220; order_by=&#8220;sortorder&#8220; order_direction=&#8220;ASC&#8220; returns=&#8220;included&#8220; maximum_entity_count=&#8220;500&#8243;]<\/p>\n","protected":false},"author":3,"featured_media":0,"parent":2866,"menu_order":0,"comment_status":"closed","ping_status":"closed","template":"_page-menu.php","meta":{"_acf_changed":false,"ngg_post_thumbnail":0,"footnotes":"","_links_to":"","_links_to_target":""},"class_list":["post-2893","page","type-page","status-publish","hentry"],"acf":[],"yoast_head":"<!-- This site is optimized with the Yoast SEO plugin v27.3 - https:\/\/yoast.com\/product\/yoast-seo-wordpress\/ -->\n<title>Katalog - Heizelemente f\u00fcr Gaserw\u00e4rmung | ELEKTRON-ETTO<\/title>\n<meta name=\"description\" content=\"Katalog unserer Heizelemente f\u00fcr Gaserw\u00e4rmung. Industrielle Heizk\u00f6rper vom europ\u00e4ischen Hersteller ELEKTRON-ETTO.\" \/>\n<meta name=\"robots\" content=\"index, follow, max-snippet:-1, max-image-preview:large, max-video-preview:-1\" \/>\n<link rel=\"canonical\" href=\"https:\/\/www.etto.cz\/de\/stofferwarmung\/erwarmung-von-gasen\/katalog-der-korper-fur-erwarmung-von-gasen\/\" \/>\n<meta property=\"og:locale\" content=\"de_DE\" \/>\n<meta property=\"og:type\" content=\"article\" \/>\n<meta property=\"og:title\" content=\"Katalog - Heizelemente f\u00fcr Gaserw\u00e4rmung | ELEKTRON-ETTO\" \/>\n<meta property=\"og:description\" content=\"Katalog unserer Heizelemente f\u00fcr Gaserw\u00e4rmung. Industrielle Heizk\u00f6rper vom europ\u00e4ischen Hersteller ELEKTRON-ETTO.\" \/>\n<meta property=\"og:url\" content=\"https:\/\/www.etto.cz\/de\/stofferwarmung\/erwarmung-von-gasen\/katalog-der-korper-fur-erwarmung-von-gasen\/\" \/>\n<meta property=\"og:site_name\" content=\"ETTO\" \/>\n<meta property=\"article:modified_time\" content=\"2023-11-13T07:05:53+00:00\" \/>\n<meta property=\"og:image\" content=\"https:\/\/www.etto.cz\/wp-content\/uploads\/2018\/05\/pdf-e1527166728716.png\" \/>\n\t<meta property=\"og:image:width\" content=\"24\" \/>\n\t<meta property=\"og:image:height\" content=\"24\" \/>\n\t<meta property=\"og:image:type\" content=\"image\/png\" \/>\n<meta name=\"twitter:card\" content=\"summary_large_image\" \/>\n<meta name=\"twitter:label1\" content=\"Gesch\u00e4tzte Lesezeit\" \/>\n\t<meta name=\"twitter:data1\" content=\"1\u00a0Minute\" \/>\n<script type=\"application\/ld+json\" class=\"yoast-schema-graph\">{\"@context\":\"https:\\\/\\\/schema.org\",\"@graph\":[{\"@type\":\"WebPage\",\"@id\":\"https:\\\/\\\/www.etto.cz\\\/ohrev-latek\\\/ohrev-plynu\\\/katalog-teles-ohrev-vzduchu\\\/\",\"url\":\"https:\\\/\\\/www.etto.cz\\\/ohrev-latek\\\/ohrev-plynu\\\/katalog-teles-ohrev-vzduchu\\\/\",\"name\":\"Katalog - Heizelemente f\u00fcr Gaserw\u00e4rmung | ELEKTRON-ETTO\",\"isPartOf\":{\"@id\":\"https:\\\/\\\/www.etto.cz\\\/#website\"},\"primaryImageOfPage\":{\"@id\":\"https:\\\/\\\/www.etto.cz\\\/ohrev-latek\\\/ohrev-plynu\\\/katalog-teles-ohrev-vzduchu\\\/#primaryimage\"},\"image\":{\"@id\":\"https:\\\/\\\/www.etto.cz\\\/ohrev-latek\\\/ohrev-plynu\\\/katalog-teles-ohrev-vzduchu\\\/#primaryimage\"},\"thumbnailUrl\":\"http:\\\/\\\/www.etto.cz\\\/wp-content\\\/uploads\\\/2018\\\/05\\\/pdf-e1527166728716.png\",\"datePublished\":\"2018-03-14T14:27:26+00:00\",\"dateModified\":\"2023-11-13T07:05:53+00:00\",\"description\":\"Katalog unserer Heizelemente f\u00fcr Gaserw\u00e4rmung. Industrielle Heizk\u00f6rper vom europ\u00e4ischen Hersteller ELEKTRON-ETTO.\",\"breadcrumb\":{\"@id\":\"https:\\\/\\\/www.etto.cz\\\/ohrev-latek\\\/ohrev-plynu\\\/katalog-teles-ohrev-vzduchu\\\/#breadcrumb\"},\"inLanguage\":\"de\",\"potentialAction\":[{\"@type\":\"ReadAction\",\"target\":[\"https:\\\/\\\/www.etto.cz\\\/ohrev-latek\\\/ohrev-plynu\\\/katalog-teles-ohrev-vzduchu\\\/\"]}]},{\"@type\":\"ImageObject\",\"inLanguage\":\"de\",\"@id\":\"https:\\\/\\\/www.etto.cz\\\/ohrev-latek\\\/ohrev-plynu\\\/katalog-teles-ohrev-vzduchu\\\/#primaryimage\",\"url\":\"http:\\\/\\\/www.etto.cz\\\/wp-content\\\/uploads\\\/2018\\\/05\\\/pdf-e1527166728716.png\",\"contentUrl\":\"http:\\\/\\\/www.etto.cz\\\/wp-content\\\/uploads\\\/2018\\\/05\\\/pdf-e1527166728716.png\"},{\"@type\":\"BreadcrumbList\",\"@id\":\"https:\\\/\\\/www.etto.cz\\\/ohrev-latek\\\/ohrev-plynu\\\/katalog-teles-ohrev-vzduchu\\\/#breadcrumb\",\"itemListElement\":[{\"@type\":\"ListItem\",\"position\":1,\"name\":\"Dom\u016f\",\"item\":\"https:\\\/\\\/www.etto.cz\\\/\"},{\"@type\":\"ListItem\",\"position\":2,\"name\":\"Stofferw\u00e4rmung\",\"item\":\"https:\\\/\\\/www.etto.cz\\\/ohrev-latek\\\/\"},{\"@type\":\"ListItem\",\"position\":3,\"name\":\"Erw\u00e4rmung von Gasen\",\"item\":\"https:\\\/\\\/www.etto.cz\\\/ohrev-latek\\\/ohrev-plynu\\\/\"},{\"@type\":\"ListItem\",\"position\":4,\"name\":\"Katalog der K\u00f6rper f\u00fcr Erw\u00e4rmung von Gasen\"}]},{\"@type\":\"WebSite\",\"@id\":\"https:\\\/\\\/www.etto.cz\\\/#website\",\"url\":\"https:\\\/\\\/www.etto.cz\\\/\",\"name\":\"ETTO\",\"description\":\"V\u00fdroba elektrick\u00fdch topn\u00fdch t\u011bles\",\"potentialAction\":[{\"@type\":\"SearchAction\",\"target\":{\"@type\":\"EntryPoint\",\"urlTemplate\":\"https:\\\/\\\/www.etto.cz\\\/?s={search_term_string}\"},\"query-input\":{\"@type\":\"PropertyValueSpecification\",\"valueRequired\":true,\"valueName\":\"search_term_string\"}}],\"inLanguage\":\"de\"}]}<\/script>\n<!-- \/ Yoast SEO plugin. -->","yoast_head_json":{"title":"Katalog - Heizelemente f\u00fcr Gaserw\u00e4rmung | ELEKTRON-ETTO","description":"Katalog unserer Heizelemente f\u00fcr Gaserw\u00e4rmung. Industrielle Heizk\u00f6rper vom europ\u00e4ischen Hersteller ELEKTRON-ETTO.","robots":{"index":"index","follow":"follow","max-snippet":"max-snippet:-1","max-image-preview":"max-image-preview:large","max-video-preview":"max-video-preview:-1"},"canonical":"https:\/\/www.etto.cz\/de\/stofferwarmung\/erwarmung-von-gasen\/katalog-der-korper-fur-erwarmung-von-gasen\/","og_locale":"de_DE","og_type":"article","og_title":"Katalog - Heizelemente f\u00fcr Gaserw\u00e4rmung | ELEKTRON-ETTO","og_description":"Katalog unserer Heizelemente f\u00fcr Gaserw\u00e4rmung. Industrielle Heizk\u00f6rper vom europ\u00e4ischen Hersteller ELEKTRON-ETTO.","og_url":"https:\/\/www.etto.cz\/de\/stofferwarmung\/erwarmung-von-gasen\/katalog-der-korper-fur-erwarmung-von-gasen\/","og_site_name":"ETTO","article_modified_time":"2023-11-13T07:05:53+00:00","og_image":[{"width":24,"height":24,"url":"https:\/\/www.etto.cz\/wp-content\/uploads\/2018\/05\/pdf-e1527166728716.png","type":"image\/png"}],"twitter_card":"summary_large_image","twitter_misc":{"Gesch\u00e4tzte Lesezeit":"1\u00a0Minute"},"schema":{"@context":"https:\/\/schema.org","@graph":[{"@type":"WebPage","@id":"https:\/\/www.etto.cz\/ohrev-latek\/ohrev-plynu\/katalog-teles-ohrev-vzduchu\/","url":"https:\/\/www.etto.cz\/ohrev-latek\/ohrev-plynu\/katalog-teles-ohrev-vzduchu\/","name":"Katalog - Heizelemente f\u00fcr Gaserw\u00e4rmung | ELEKTRON-ETTO","isPartOf":{"@id":"https:\/\/www.etto.cz\/#website"},"primaryImageOfPage":{"@id":"https:\/\/www.etto.cz\/ohrev-latek\/ohrev-plynu\/katalog-teles-ohrev-vzduchu\/#primaryimage"},"image":{"@id":"https:\/\/www.etto.cz\/ohrev-latek\/ohrev-plynu\/katalog-teles-ohrev-vzduchu\/#primaryimage"},"thumbnailUrl":"http:\/\/www.etto.cz\/wp-content\/uploads\/2018\/05\/pdf-e1527166728716.png","datePublished":"2018-03-14T14:27:26+00:00","dateModified":"2023-11-13T07:05:53+00:00","description":"Katalog unserer Heizelemente f\u00fcr Gaserw\u00e4rmung. Industrielle Heizk\u00f6rper vom europ\u00e4ischen Hersteller ELEKTRON-ETTO.","breadcrumb":{"@id":"https:\/\/www.etto.cz\/ohrev-latek\/ohrev-plynu\/katalog-teles-ohrev-vzduchu\/#breadcrumb"},"inLanguage":"de","potentialAction":[{"@type":"ReadAction","target":["https:\/\/www.etto.cz\/ohrev-latek\/ohrev-plynu\/katalog-teles-ohrev-vzduchu\/"]}]},{"@type":"ImageObject","inLanguage":"de","@id":"https:\/\/www.etto.cz\/ohrev-latek\/ohrev-plynu\/katalog-teles-ohrev-vzduchu\/#primaryimage","url":"http:\/\/www.etto.cz\/wp-content\/uploads\/2018\/05\/pdf-e1527166728716.png","contentUrl":"http:\/\/www.etto.cz\/wp-content\/uploads\/2018\/05\/pdf-e1527166728716.png"},{"@type":"BreadcrumbList","@id":"https:\/\/www.etto.cz\/ohrev-latek\/ohrev-plynu\/katalog-teles-ohrev-vzduchu\/#breadcrumb","itemListElement":[{"@type":"ListItem","position":1,"name":"Dom\u016f","item":"https:\/\/www.etto.cz\/"},{"@type":"ListItem","position":2,"name":"Stofferw\u00e4rmung","item":"https:\/\/www.etto.cz\/ohrev-latek\/"},{"@type":"ListItem","position":3,"name":"Erw\u00e4rmung von Gasen","item":"https:\/\/www.etto.cz\/ohrev-latek\/ohrev-plynu\/"},{"@type":"ListItem","position":4,"name":"Katalog der K\u00f6rper f\u00fcr Erw\u00e4rmung von Gasen"}]},{"@type":"WebSite","@id":"https:\/\/www.etto.cz\/#website","url":"https:\/\/www.etto.cz\/","name":"ETTO","description":"V\u00fdroba elektrick\u00fdch topn\u00fdch t\u011bles","potentialAction":[{"@type":"SearchAction","target":{"@type":"EntryPoint","urlTemplate":"https:\/\/www.etto.cz\/?s={search_term_string}"},"query-input":{"@type":"PropertyValueSpecification","valueRequired":true,"valueName":"search_term_string"}}],"inLanguage":"de"}]}},"_links":{"self":[{"href":"https:\/\/www.etto.cz\/de\/wp-json\/wp\/v2\/pages\/2893","targetHints":{"allow":["GET"]}}],"collection":[{"href":"https:\/\/www.etto.cz\/de\/wp-json\/wp\/v2\/pages"}],"about":[{"href":"https:\/\/www.etto.cz\/de\/wp-json\/wp\/v2\/types\/page"}],"author":[{"embeddable":true,"href":"https:\/\/www.etto.cz\/de\/wp-json\/wp\/v2\/users\/3"}],"replies":[{"embeddable":true,"href":"https:\/\/www.etto.cz\/de\/wp-json\/wp\/v2\/comments?post=2893"}],"version-history":[{"count":1,"href":"https:\/\/www.etto.cz\/de\/wp-json\/wp\/v2\/pages\/2893\/revisions"}],"predecessor-version":[{"id":5188,"href":"https:\/\/www.etto.cz\/de\/wp-json\/wp\/v2\/pages\/2893\/revisions\/5188"}],"up":[{"embeddable":true,"href":"https:\/\/www.etto.cz\/de\/wp-json\/wp\/v2\/pages\/2866"}],"wp:attachment":[{"href":"https:\/\/www.etto.cz\/de\/wp-json\/wp\/v2\/media?parent=2893"}],"curies":[{"name":"wp","href":"https:\/\/api.w.org\/{rel}","templated":true}]}}