{"id":2800,"date":"2018-03-14T14:44:24","date_gmt":"2018-03-14T13:44:24","guid":{"rendered":"http:\/\/www.etto.cz\/heating-cartridges\/"},"modified":"2025-02-04T13:22:22","modified_gmt":"2025-02-04T12:22:22","slug":"heating-cartridges","status":"publish","type":"page","link":"https:\/\/www.etto.cz\/en\/products\/heating-cartridges\/","title":{"rendered":"Cartridge heaters"},"content":{"rendered":"<p style=\"text-align: justify;\">Electric cartridge heaters are divided according to the design into three basic categories.<\/p>\n<ul>\n<li>&nbsp;High-performance cartridge heaters &nbsp; &nbsp;<\/li>\n<li>&nbsp;Medium-performance cartridge heaters<\/li>\n<li>&nbsp;Low-performance cartridge heaters &nbsp; &nbsp;&nbsp;<\/li>\n<\/ul>\n<div class=\"sub-menu\">            <a href=\"https:\/\/www.etto.cz\/en\/products\/heating-cartridges\/high-loaded-heating-cartridges\/\" class=\"subitem\">\n                <span class=\"img\">\n                    <img decoding=\"async\" src=\"https:\/\/www.etto.cz\/wp-content\/uploads\/2016\/12\/vysocezatizena_patr-153x153.jpg\" alt=\"High-performance cartridge heaters\" loading=\"lazy\" \/>\n                    <span><em>High-performance cartridge heaters<\/em><\/span>\n                <\/span>\n                <strong>High-performance cartridge heaters<\/strong>\n            <\/a>\n                        <a href=\"https:\/\/www.etto.cz\/en\/products\/heating-cartridges\/high-loaded-heating-cartridges-with-thermocouple\/\" class=\"subitem\">\n                <span class=\"img\">\n                    <img decoding=\"async\" src=\"https:\/\/www.etto.cz\/wp-content\/uploads\/2015\/05\/vysokozatizene-patrony-s-termoclankem-125x153.jpg\" alt=\"High-performance cartridge with internal thermocouple and PT100\" loading=\"lazy\" \/>\n                    <span><em>High-performance cartridge with internal thermocouple and PT100<\/em><\/span>\n                <\/span>\n                <strong>High-performance cartridge with internal thermocouple and PT100<\/strong>\n            <\/a>\n                        <a href=\"https:\/\/www.etto.cz\/en\/products\/heating-cartridges\/medium-loaded-heating-cartridges\/\" class=\"subitem\">\n                <span class=\"img\">\n                    <img decoding=\"async\" src=\"https:\/\/www.etto.cz\/wp-content\/uploads\/2016\/12\/strednezatizena_patr-153x153.jpg\" alt=\"Medium-performance cartridge heaters\" loading=\"lazy\" \/>\n                    <span><em>Medium-performance cartridge heaters<\/em><\/span>\n                <\/span>\n                <strong>Medium-performance cartridge heaters<\/strong>\n            <\/a>\n                        <a href=\"https:\/\/www.etto.cz\/en\/products\/heating-cartridges\/low-loaded-heating-cartridges\/\" class=\"subitem\">\n                <span class=\"img\">\n                    <img decoding=\"async\" src=\"https:\/\/www.etto.cz\/wp-content\/uploads\/2016\/12\/strednezatizena_patr-153x153.jpg\" alt=\"Low-performance cartridge heaters\" loading=\"lazy\" \/>\n                    <span><em>Low-performance cartridge heaters<\/em><\/span>\n                <\/span>\n                <strong>Low-performance cartridge heaters<\/strong>\n            <\/a>\n                        <a href=\"https:\/\/www.etto.cz\/en\/products\/heating-cartridges\/heating-cartridges-with-double-insulation-with-low-leakage-current\/\" class=\"subitem\">\n                <span class=\"img\">\n                    <img decoding=\"async\" src=\"https:\/\/www.etto.cz\/wp-content\/uploads\/2016\/12\/vysocezatizena_patr-153x153.jpg\" alt=\"Cartridge heaters with double insulation (low elektrical leakage)\" loading=\"lazy\" \/>\n                    <span><em>Cartridge heaters with double insulation (low elektrical leakage)<\/em><\/span>\n                <\/span>\n                <strong>Cartridge heaters with double insulation (low elektrical leakage)<\/strong>\n            <\/a>\n                        <a href=\"https:\/\/www.etto.cz\/en\/products\/heating-cartridges\/heating-cartridges-with-specified-heating-zones\/\" class=\"subitem\">\n                <span class=\"img\">\n                    <img decoding=\"async\" src=\"https:\/\/www.etto.cz\/wp-content\/uploads\/2016\/12\/patrona_zony-153x147.jpg\" alt=\"Cartridge heaters with distributed wattage\" loading=\"lazy\" \/>\n                    <span><em>Cartridge heaters with distributed wattage<\/em><\/span>\n                <\/span>\n                <strong>Cartridge heaters with distributed wattage<\/strong>\n            <\/a>\n            <\/div>\n<p>&nbsp;<\/p>\n","protected":false},"excerpt":{"rendered":"<p>Electric cartridge heaters are divided according to the design into three basic categories. &nbsp;High-performance cartridge heaters &nbsp; &nbsp; &nbsp;Medium-performance cartridge heaters &nbsp;Low-performance cartridge heaters &nbsp; &#8230;<\/p>\n","protected":false},"author":1,"featured_media":2253,"parent":2836,"menu_order":0,"comment_status":"open","ping_status":"closed","template":"_page-menu.php","meta":{"_acf_changed":false,"ngg_post_thumbnail":0,"footnotes":"","_links_to":"","_links_to_target":""},"class_list":["post-2800","page","type-page","status-publish","has-post-thumbnail","hentry"],"acf":[],"yoast_head":"<!-- This site is optimized with the Yoast SEO plugin v27.6 - https:\/\/yoast.com\/product\/yoast-seo-wordpress\/ -->\n<title>Cartridge Heaters - Custom Manufactured | ELEKTRON-ETTO<\/title>\n<meta name=\"description\" content=\"High-quality custom cartridge heaters from a European manufacturer. Available in standard and custom dimensions, various wattages and voltage configurations.\" \/>\n<meta name=\"robots\" content=\"index, follow, max-snippet:-1, max-image-preview:large, max-video-preview:-1\" \/>\n<link rel=\"canonical\" href=\"https:\/\/www.etto.cz\/en\/products\/heating-cartridges\/heating-cartridges-with-specified-heating-zones\/\" \/>\n<meta property=\"og:locale\" content=\"en_GB\" \/>\n<meta property=\"og:type\" content=\"article\" \/>\n<meta property=\"og:title\" content=\"Cartridge Heaters - Custom Manufactured | ELEKTRON-ETTO\" \/>\n<meta property=\"og:description\" content=\"High-quality custom cartridge heaters from a European manufacturer. Available in standard and custom dimensions, various wattages and voltage configurations.\" \/>\n<meta property=\"og:url\" content=\"https:\/\/www.etto.cz\/en\/products\/heating-cartridges\/heating-cartridges-with-specified-heating-zones\/\" \/>\n<meta property=\"og:site_name\" content=\"ETTO\" \/>\n<meta property=\"article:modified_time\" content=\"2025-02-04T12:22:22+00:00\" \/>\n<meta property=\"og:image\" content=\"https:\/\/www.etto.cz\/wp-content\/uploads\/2015\/05\/topne-patrony.jpg\" \/>\n\t<meta property=\"og:image:width\" content=\"400\" \/>\n\t<meta property=\"og:image:height\" content=\"400\" \/>\n\t<meta property=\"og:image:type\" content=\"image\/jpeg\" \/>\n<meta name=\"twitter:card\" content=\"summary_large_image\" \/>\n<script type=\"application\/ld+json\" class=\"yoast-schema-graph\">{\"@context\":\"https:\\\/\\\/schema.org\",\"@graph\":[{\"@type\":\"WebPage\",\"@id\":\"https:\\\/\\\/www.etto.cz\\\/elektricka-topna-telesa\\\/topne-patrony\\\/\",\"url\":\"https:\\\/\\\/www.etto.cz\\\/elektricka-topna-telesa\\\/topne-patrony\\\/\",\"name\":\"Cartridge Heaters - Custom Manufactured | ELEKTRON-ETTO\",\"isPartOf\":{\"@id\":\"https:\\\/\\\/www.etto.cz\\\/#website\"},\"primaryImageOfPage\":{\"@id\":\"https:\\\/\\\/www.etto.cz\\\/elektricka-topna-telesa\\\/topne-patrony\\\/#primaryimage\"},\"image\":{\"@id\":\"https:\\\/\\\/www.etto.cz\\\/elektricka-topna-telesa\\\/topne-patrony\\\/#primaryimage\"},\"thumbnailUrl\":\"https:\\\/\\\/www.etto.cz\\\/wp-content\\\/uploads\\\/2015\\\/05\\\/topne-patrony.jpg\",\"datePublished\":\"2018-03-14T13:44:24+00:00\",\"dateModified\":\"2025-02-04T12:22:22+00:00\",\"description\":\"High-quality custom cartridge heaters from a European manufacturer. Available in standard and custom dimensions, various wattages and voltage configurations.\",\"breadcrumb\":{\"@id\":\"https:\\\/\\\/www.etto.cz\\\/elektricka-topna-telesa\\\/topne-patrony\\\/#breadcrumb\"},\"inLanguage\":\"en-GB\",\"potentialAction\":[{\"@type\":\"ReadAction\",\"target\":[\"https:\\\/\\\/www.etto.cz\\\/elektricka-topna-telesa\\\/topne-patrony\\\/\"]}]},{\"@type\":\"ImageObject\",\"inLanguage\":\"en-GB\",\"@id\":\"https:\\\/\\\/www.etto.cz\\\/elektricka-topna-telesa\\\/topne-patrony\\\/#primaryimage\",\"url\":\"https:\\\/\\\/www.etto.cz\\\/wp-content\\\/uploads\\\/2015\\\/05\\\/topne-patrony.jpg\",\"contentUrl\":\"https:\\\/\\\/www.etto.cz\\\/wp-content\\\/uploads\\\/2015\\\/05\\\/topne-patrony.jpg\",\"width\":400,\"height\":400},{\"@type\":\"BreadcrumbList\",\"@id\":\"https:\\\/\\\/www.etto.cz\\\/elektricka-topna-telesa\\\/topne-patrony\\\/#breadcrumb\",\"itemListElement\":[{\"@type\":\"ListItem\",\"position\":1,\"name\":\"Dom\u016f\",\"item\":\"https:\\\/\\\/www.etto.cz\\\/\"},{\"@type\":\"ListItem\",\"position\":2,\"name\":\"Electric heating elements -Products\",\"item\":\"https:\\\/\\\/www.etto.cz\\\/elektricka-topna-telesa\\\/\"},{\"@type\":\"ListItem\",\"position\":3,\"name\":\"Cartridge heaters\"}]},{\"@type\":\"WebSite\",\"@id\":\"https:\\\/\\\/www.etto.cz\\\/#website\",\"url\":\"https:\\\/\\\/www.etto.cz\\\/\",\"name\":\"ETTO\",\"description\":\"V\u00fdroba elektrick\u00fdch topn\u00fdch t\u011bles\",\"potentialAction\":[{\"@type\":\"SearchAction\",\"target\":{\"@type\":\"EntryPoint\",\"urlTemplate\":\"https:\\\/\\\/www.etto.cz\\\/?s={search_term_string}\"},\"query-input\":{\"@type\":\"PropertyValueSpecification\",\"valueRequired\":true,\"valueName\":\"search_term_string\"}}],\"inLanguage\":\"en-GB\"}]}<\/script>\n<!-- \/ Yoast SEO plugin. -->","yoast_head_json":{"title":"Cartridge Heaters - Custom Manufactured | ELEKTRON-ETTO","description":"High-quality custom cartridge heaters from a European manufacturer. Available in standard and custom dimensions, various wattages and voltage configurations.","robots":{"index":"index","follow":"follow","max-snippet":"max-snippet:-1","max-image-preview":"max-image-preview:large","max-video-preview":"max-video-preview:-1"},"canonical":"https:\/\/www.etto.cz\/en\/products\/heating-cartridges\/heating-cartridges-with-specified-heating-zones\/","og_locale":"en_GB","og_type":"article","og_title":"Cartridge Heaters - Custom Manufactured | ELEKTRON-ETTO","og_description":"High-quality custom cartridge heaters from a European manufacturer. Available in standard and custom dimensions, various wattages and voltage configurations.","og_url":"https:\/\/www.etto.cz\/en\/products\/heating-cartridges\/heating-cartridges-with-specified-heating-zones\/","og_site_name":"ETTO","article_modified_time":"2025-02-04T12:22:22+00:00","og_image":[{"width":400,"height":400,"url":"https:\/\/www.etto.cz\/wp-content\/uploads\/2015\/05\/topne-patrony.jpg","type":"image\/jpeg"}],"twitter_card":"summary_large_image","schema":{"@context":"https:\/\/schema.org","@graph":[{"@type":"WebPage","@id":"https:\/\/www.etto.cz\/elektricka-topna-telesa\/topne-patrony\/","url":"https:\/\/www.etto.cz\/elektricka-topna-telesa\/topne-patrony\/","name":"Cartridge Heaters - Custom Manufactured | ELEKTRON-ETTO","isPartOf":{"@id":"https:\/\/www.etto.cz\/#website"},"primaryImageOfPage":{"@id":"https:\/\/www.etto.cz\/elektricka-topna-telesa\/topne-patrony\/#primaryimage"},"image":{"@id":"https:\/\/www.etto.cz\/elektricka-topna-telesa\/topne-patrony\/#primaryimage"},"thumbnailUrl":"https:\/\/www.etto.cz\/wp-content\/uploads\/2015\/05\/topne-patrony.jpg","datePublished":"2018-03-14T13:44:24+00:00","dateModified":"2025-02-04T12:22:22+00:00","description":"High-quality custom cartridge heaters from a European manufacturer. Available in standard and custom dimensions, various wattages and voltage configurations.","breadcrumb":{"@id":"https:\/\/www.etto.cz\/elektricka-topna-telesa\/topne-patrony\/#breadcrumb"},"inLanguage":"en-GB","potentialAction":[{"@type":"ReadAction","target":["https:\/\/www.etto.cz\/elektricka-topna-telesa\/topne-patrony\/"]}]},{"@type":"ImageObject","inLanguage":"en-GB","@id":"https:\/\/www.etto.cz\/elektricka-topna-telesa\/topne-patrony\/#primaryimage","url":"https:\/\/www.etto.cz\/wp-content\/uploads\/2015\/05\/topne-patrony.jpg","contentUrl":"https:\/\/www.etto.cz\/wp-content\/uploads\/2015\/05\/topne-patrony.jpg","width":400,"height":400},{"@type":"BreadcrumbList","@id":"https:\/\/www.etto.cz\/elektricka-topna-telesa\/topne-patrony\/#breadcrumb","itemListElement":[{"@type":"ListItem","position":1,"name":"Dom\u016f","item":"https:\/\/www.etto.cz\/"},{"@type":"ListItem","position":2,"name":"Electric heating elements -Products","item":"https:\/\/www.etto.cz\/elektricka-topna-telesa\/"},{"@type":"ListItem","position":3,"name":"Cartridge heaters"}]},{"@type":"WebSite","@id":"https:\/\/www.etto.cz\/#website","url":"https:\/\/www.etto.cz\/","name":"ETTO","description":"V\u00fdroba elektrick\u00fdch topn\u00fdch t\u011bles","potentialAction":[{"@type":"SearchAction","target":{"@type":"EntryPoint","urlTemplate":"https:\/\/www.etto.cz\/?s={search_term_string}"},"query-input":{"@type":"PropertyValueSpecification","valueRequired":true,"valueName":"search_term_string"}}],"inLanguage":"en-GB"}]}},"_links":{"self":[{"href":"https:\/\/www.etto.cz\/en\/wp-json\/wp\/v2\/pages\/2800","targetHints":{"allow":["GET"]}}],"collection":[{"href":"https:\/\/www.etto.cz\/en\/wp-json\/wp\/v2\/pages"}],"about":[{"href":"https:\/\/www.etto.cz\/en\/wp-json\/wp\/v2\/types\/page"}],"author":[{"embeddable":true,"href":"https:\/\/www.etto.cz\/en\/wp-json\/wp\/v2\/users\/1"}],"replies":[{"embeddable":true,"href":"https:\/\/www.etto.cz\/en\/wp-json\/wp\/v2\/comments?post=2800"}],"version-history":[{"count":1,"href":"https:\/\/www.etto.cz\/en\/wp-json\/wp\/v2\/pages\/2800\/revisions"}],"predecessor-version":[{"id":5352,"href":"https:\/\/www.etto.cz\/en\/wp-json\/wp\/v2\/pages\/2800\/revisions\/5352"}],"up":[{"embeddable":true,"href":"https:\/\/www.etto.cz\/en\/wp-json\/wp\/v2\/pages\/2836"}],"wp:featuredmedia":[{"embeddable":true,"href":"https:\/\/www.etto.cz\/en\/wp-json\/wp\/v2\/media\/2253"}],"wp:attachment":[{"href":"https:\/\/www.etto.cz\/en\/wp-json\/wp\/v2\/media?parent=2800"}],"curies":[{"name":"wp","href":"https:\/\/api.w.org\/{rel}","templated":true}]}}