{"id":2805,"date":"2018-03-14T14:45:32","date_gmt":"2018-03-14T13:45:32","guid":{"rendered":"http:\/\/www.etto.cz\/heating-cartridges\/heating-cartridges-with-specified-heating-zones\/"},"modified":"2025-02-04T13:22:59","modified_gmt":"2025-02-04T12:22:59","slug":"heating-cartridges-with-specified-heating-zones","status":"publish","type":"page","link":"https:\/\/www.etto.cz\/en\/products\/heating-cartridges\/heating-cartridges-with-specified-heating-zones\/","title":{"rendered":"Cartridge heaters with distributed wattage"},"content":{"rendered":"<p style=\"text-align: justify;\">These are cartridge heaters with a different watt density (W\/cm2) in the defined parts of the cartridge heater. When ordering, the power and the length of heating zones (e.g. ends of the cartridge heater) must be specified: 30 mm + 10% of wattage).<\/p>\n<p style=\"text-align: justify;\">The other available options are <strong>cartridge heaters where the two heating zones are separately controlled. <\/strong>This version is available for cartridge heaters with diameters of 16 mm and 20 mm. Consultation before ordering is required.<\/p>\n","protected":false},"excerpt":{"rendered":"<p>These are cartridge heaters with a different watt density (W\/cm2) in the defined parts of the cartridge heater. When ordering, the power and the length &#8230;<\/p>\n","protected":false},"author":1,"featured_media":2658,"parent":2800,"menu_order":0,"comment_status":"open","ping_status":"open","template":"_page-menu.php","meta":{"_acf_changed":false,"ngg_post_thumbnail":0,"footnotes":"","_links_to":"","_links_to_target":""},"class_list":["post-2805","page","type-page","status-publish","has-post-thumbnail","hentry"],"acf":[],"yoast_head":"<!-- This site is optimized with the Yoast SEO plugin v27.6 - https:\/\/yoast.com\/product\/yoast-seo-wordpress\/ -->\n<title>Cartridge Heaters with Distributed Wattage | ELEKTRON-ETTO<\/title>\n<meta name=\"description\" content=\"Custom cartridge heaters with zoned wattage distribution for uniform heat profiles. Precision-engineered by ELEKTRON-ETTO for demanding thermal applications.\" \/>\n<meta name=\"robots\" content=\"index, follow, max-snippet:-1, max-image-preview:large, max-video-preview:-1\" \/>\n<link rel=\"canonical\" href=\"https:\/\/www.etto.cz\/en\/products\/heating-cartridges\/heating-cartridges-with-specified-heating-zones\/\" \/>\n<meta property=\"og:locale\" content=\"en_GB\" \/>\n<meta property=\"og:type\" content=\"article\" \/>\n<meta property=\"og:title\" content=\"Cartridge Heaters with Distributed Wattage | ELEKTRON-ETTO\" \/>\n<meta property=\"og:description\" content=\"Custom cartridge heaters with zoned wattage distribution for uniform heat profiles. Precision-engineered by ELEKTRON-ETTO for demanding thermal applications.\" \/>\n<meta property=\"og:url\" content=\"https:\/\/www.etto.cz\/en\/products\/heating-cartridges\/heating-cartridges-with-specified-heating-zones\/\" \/>\n<meta property=\"og:site_name\" content=\"ETTO\" \/>\n<meta property=\"article:modified_time\" content=\"2025-02-04T12:22:59+00:00\" \/>\n<meta property=\"og:image\" content=\"https:\/\/www.etto.cz\/wp-content\/uploads\/2016\/12\/patrona_zony.jpg\" \/>\n\t<meta property=\"og:image:width\" content=\"783\" \/>\n\t<meta property=\"og:image:height\" content=\"753\" \/>\n\t<meta property=\"og:image:type\" content=\"image\/jpeg\" \/>\n<meta name=\"twitter:card\" content=\"summary_large_image\" \/>\n<script type=\"application\/ld+json\" class=\"yoast-schema-graph\">{\"@context\":\"https:\\\/\\\/schema.org\",\"@graph\":[{\"@type\":\"WebPage\",\"@id\":\"https:\\\/\\\/www.etto.cz\\\/elektricka-topna-telesa\\\/topne-patrony\\\/topne-patrony-se-specifikovanymi-topnymi-zonami\\\/\",\"url\":\"https:\\\/\\\/www.etto.cz\\\/elektricka-topna-telesa\\\/topne-patrony\\\/topne-patrony-se-specifikovanymi-topnymi-zonami\\\/\",\"name\":\"Cartridge Heaters with Distributed Wattage | ELEKTRON-ETTO\",\"isPartOf\":{\"@id\":\"https:\\\/\\\/www.etto.cz\\\/#website\"},\"primaryImageOfPage\":{\"@id\":\"https:\\\/\\\/www.etto.cz\\\/elektricka-topna-telesa\\\/topne-patrony\\\/topne-patrony-se-specifikovanymi-topnymi-zonami\\\/#primaryimage\"},\"image\":{\"@id\":\"https:\\\/\\\/www.etto.cz\\\/elektricka-topna-telesa\\\/topne-patrony\\\/topne-patrony-se-specifikovanymi-topnymi-zonami\\\/#primaryimage\"},\"thumbnailUrl\":\"https:\\\/\\\/www.etto.cz\\\/wp-content\\\/uploads\\\/2016\\\/12\\\/patrona_zony.jpg\",\"datePublished\":\"2018-03-14T13:45:32+00:00\",\"dateModified\":\"2025-02-04T12:22:59+00:00\",\"description\":\"Custom cartridge heaters with zoned wattage distribution for uniform heat profiles. Precision-engineered by ELEKTRON-ETTO for demanding thermal applications.\",\"breadcrumb\":{\"@id\":\"https:\\\/\\\/www.etto.cz\\\/elektricka-topna-telesa\\\/topne-patrony\\\/topne-patrony-se-specifikovanymi-topnymi-zonami\\\/#breadcrumb\"},\"inLanguage\":\"en-GB\",\"potentialAction\":[{\"@type\":\"ReadAction\",\"target\":[\"https:\\\/\\\/www.etto.cz\\\/elektricka-topna-telesa\\\/topne-patrony\\\/topne-patrony-se-specifikovanymi-topnymi-zonami\\\/\"]}]},{\"@type\":\"ImageObject\",\"inLanguage\":\"en-GB\",\"@id\":\"https:\\\/\\\/www.etto.cz\\\/elektricka-topna-telesa\\\/topne-patrony\\\/topne-patrony-se-specifikovanymi-topnymi-zonami\\\/#primaryimage\",\"url\":\"https:\\\/\\\/www.etto.cz\\\/wp-content\\\/uploads\\\/2016\\\/12\\\/patrona_zony.jpg\",\"contentUrl\":\"https:\\\/\\\/www.etto.cz\\\/wp-content\\\/uploads\\\/2016\\\/12\\\/patrona_zony.jpg\",\"width\":783,\"height\":753},{\"@type\":\"BreadcrumbList\",\"@id\":\"https:\\\/\\\/www.etto.cz\\\/elektricka-topna-telesa\\\/topne-patrony\\\/topne-patrony-se-specifikovanymi-topnymi-zonami\\\/#breadcrumb\",\"itemListElement\":[{\"@type\":\"ListItem\",\"position\":1,\"name\":\"Dom\u016f\",\"item\":\"https:\\\/\\\/www.etto.cz\\\/\"},{\"@type\":\"ListItem\",\"position\":2,\"name\":\"Electric heating elements -Products\",\"item\":\"https:\\\/\\\/www.etto.cz\\\/elektricka-topna-telesa\\\/\"},{\"@type\":\"ListItem\",\"position\":3,\"name\":\"Cartridge heaters\",\"item\":\"https:\\\/\\\/www.etto.cz\\\/elektricka-topna-telesa\\\/topne-patrony\\\/\"},{\"@type\":\"ListItem\",\"position\":4,\"name\":\"Cartridge heaters with distributed wattage\"}]},{\"@type\":\"WebSite\",\"@id\":\"https:\\\/\\\/www.etto.cz\\\/#website\",\"url\":\"https:\\\/\\\/www.etto.cz\\\/\",\"name\":\"ETTO\",\"description\":\"V\u00fdroba elektrick\u00fdch topn\u00fdch t\u011bles\",\"potentialAction\":[{\"@type\":\"SearchAction\",\"target\":{\"@type\":\"EntryPoint\",\"urlTemplate\":\"https:\\\/\\\/www.etto.cz\\\/?s={search_term_string}\"},\"query-input\":{\"@type\":\"PropertyValueSpecification\",\"valueRequired\":true,\"valueName\":\"search_term_string\"}}],\"inLanguage\":\"en-GB\"}]}<\/script>\n<!-- \/ Yoast SEO plugin. -->","yoast_head_json":{"title":"Cartridge Heaters with Distributed Wattage | ELEKTRON-ETTO","description":"Custom cartridge heaters with zoned wattage distribution for uniform heat profiles. Precision-engineered by ELEKTRON-ETTO for demanding thermal applications.","robots":{"index":"index","follow":"follow","max-snippet":"max-snippet:-1","max-image-preview":"max-image-preview:large","max-video-preview":"max-video-preview:-1"},"canonical":"https:\/\/www.etto.cz\/en\/products\/heating-cartridges\/heating-cartridges-with-specified-heating-zones\/","og_locale":"en_GB","og_type":"article","og_title":"Cartridge Heaters with Distributed Wattage | ELEKTRON-ETTO","og_description":"Custom cartridge heaters with zoned wattage distribution for uniform heat profiles. Precision-engineered by ELEKTRON-ETTO for demanding thermal applications.","og_url":"https:\/\/www.etto.cz\/en\/products\/heating-cartridges\/heating-cartridges-with-specified-heating-zones\/","og_site_name":"ETTO","article_modified_time":"2025-02-04T12:22:59+00:00","og_image":[{"width":783,"height":753,"url":"https:\/\/www.etto.cz\/wp-content\/uploads\/2016\/12\/patrona_zony.jpg","type":"image\/jpeg"}],"twitter_card":"summary_large_image","schema":{"@context":"https:\/\/schema.org","@graph":[{"@type":"WebPage","@id":"https:\/\/www.etto.cz\/elektricka-topna-telesa\/topne-patrony\/topne-patrony-se-specifikovanymi-topnymi-zonami\/","url":"https:\/\/www.etto.cz\/elektricka-topna-telesa\/topne-patrony\/topne-patrony-se-specifikovanymi-topnymi-zonami\/","name":"Cartridge Heaters with Distributed Wattage | ELEKTRON-ETTO","isPartOf":{"@id":"https:\/\/www.etto.cz\/#website"},"primaryImageOfPage":{"@id":"https:\/\/www.etto.cz\/elektricka-topna-telesa\/topne-patrony\/topne-patrony-se-specifikovanymi-topnymi-zonami\/#primaryimage"},"image":{"@id":"https:\/\/www.etto.cz\/elektricka-topna-telesa\/topne-patrony\/topne-patrony-se-specifikovanymi-topnymi-zonami\/#primaryimage"},"thumbnailUrl":"https:\/\/www.etto.cz\/wp-content\/uploads\/2016\/12\/patrona_zony.jpg","datePublished":"2018-03-14T13:45:32+00:00","dateModified":"2025-02-04T12:22:59+00:00","description":"Custom cartridge heaters with zoned wattage distribution for uniform heat profiles. Precision-engineered by ELEKTRON-ETTO for demanding thermal applications.","breadcrumb":{"@id":"https:\/\/www.etto.cz\/elektricka-topna-telesa\/topne-patrony\/topne-patrony-se-specifikovanymi-topnymi-zonami\/#breadcrumb"},"inLanguage":"en-GB","potentialAction":[{"@type":"ReadAction","target":["https:\/\/www.etto.cz\/elektricka-topna-telesa\/topne-patrony\/topne-patrony-se-specifikovanymi-topnymi-zonami\/"]}]},{"@type":"ImageObject","inLanguage":"en-GB","@id":"https:\/\/www.etto.cz\/elektricka-topna-telesa\/topne-patrony\/topne-patrony-se-specifikovanymi-topnymi-zonami\/#primaryimage","url":"https:\/\/www.etto.cz\/wp-content\/uploads\/2016\/12\/patrona_zony.jpg","contentUrl":"https:\/\/www.etto.cz\/wp-content\/uploads\/2016\/12\/patrona_zony.jpg","width":783,"height":753},{"@type":"BreadcrumbList","@id":"https:\/\/www.etto.cz\/elektricka-topna-telesa\/topne-patrony\/topne-patrony-se-specifikovanymi-topnymi-zonami\/#breadcrumb","itemListElement":[{"@type":"ListItem","position":1,"name":"Dom\u016f","item":"https:\/\/www.etto.cz\/"},{"@type":"ListItem","position":2,"name":"Electric heating elements -Products","item":"https:\/\/www.etto.cz\/elektricka-topna-telesa\/"},{"@type":"ListItem","position":3,"name":"Cartridge heaters","item":"https:\/\/www.etto.cz\/elektricka-topna-telesa\/topne-patrony\/"},{"@type":"ListItem","position":4,"name":"Cartridge heaters with distributed wattage"}]},{"@type":"WebSite","@id":"https:\/\/www.etto.cz\/#website","url":"https:\/\/www.etto.cz\/","name":"ETTO","description":"V\u00fdroba elektrick\u00fdch topn\u00fdch t\u011bles","potentialAction":[{"@type":"SearchAction","target":{"@type":"EntryPoint","urlTemplate":"https:\/\/www.etto.cz\/?s={search_term_string}"},"query-input":{"@type":"PropertyValueSpecification","valueRequired":true,"valueName":"search_term_string"}}],"inLanguage":"en-GB"}]}},"_links":{"self":[{"href":"https:\/\/www.etto.cz\/en\/wp-json\/wp\/v2\/pages\/2805","targetHints":{"allow":["GET"]}}],"collection":[{"href":"https:\/\/www.etto.cz\/en\/wp-json\/wp\/v2\/pages"}],"about":[{"href":"https:\/\/www.etto.cz\/en\/wp-json\/wp\/v2\/types\/page"}],"author":[{"embeddable":true,"href":"https:\/\/www.etto.cz\/en\/wp-json\/wp\/v2\/users\/1"}],"replies":[{"embeddable":true,"href":"https:\/\/www.etto.cz\/en\/wp-json\/wp\/v2\/comments?post=2805"}],"version-history":[{"count":1,"href":"https:\/\/www.etto.cz\/en\/wp-json\/wp\/v2\/pages\/2805\/revisions"}],"predecessor-version":[{"id":5353,"href":"https:\/\/www.etto.cz\/en\/wp-json\/wp\/v2\/pages\/2805\/revisions\/5353"}],"up":[{"embeddable":true,"href":"https:\/\/www.etto.cz\/en\/wp-json\/wp\/v2\/pages\/2800"}],"wp:featuredmedia":[{"embeddable":true,"href":"https:\/\/www.etto.cz\/en\/wp-json\/wp\/v2\/media\/2658"}],"wp:attachment":[{"href":"https:\/\/www.etto.cz\/en\/wp-json\/wp\/v2\/media?parent=2805"}],"curies":[{"name":"wp","href":"https:\/\/api.w.org\/{rel}","templated":true}]}}