{"id":2807,"date":"2018-03-14T14:46:21","date_gmt":"2018-03-14T13:46:21","guid":{"rendered":"http:\/\/www.etto.cz\/heating-cartridges\/heating-cartridges-with-double-insulation-with-low-leakage-current\/"},"modified":"2018-06-06T07:15:37","modified_gmt":"2018-06-06T06:15:37","slug":"heating-cartridges-with-double-insulation-with-low-leakage-current","status":"publish","type":"page","link":"https:\/\/www.etto.cz\/en\/products\/heating-cartridges\/heating-cartridges-with-double-insulation-with-low-leakage-current\/","title":{"rendered":"Cartridge heaters with double insulation (low elektrical leakage)"},"content":{"rendered":"<p style=\"text-align: justify;\">Cartridge heaters with double insulation are a specific construction of cartridge heaters. They are used in applications that require double insulation (safety) or low elektrical leakage. Available for cartridge heaters with diameters of 10 mm, 12.5 mm,14 mm, 16 mm, 20 mm.<\/p>\n","protected":false},"excerpt":{"rendered":"<p>Cartridge heaters with double insulation are a specific construction of cartridge heaters. They are used in applications that require double insulation (safety) or low elektrical &#8230;<\/p>\n","protected":false},"author":1,"featured_media":2637,"parent":2800,"menu_order":0,"comment_status":"open","ping_status":"open","template":"_page-menu.php","meta":{"_acf_changed":false,"ngg_post_thumbnail":0,"footnotes":"","_links_to":"","_links_to_target":""},"class_list":["post-2807","page","type-page","status-publish","has-post-thumbnail","hentry"],"acf":[],"yoast_head":"<!-- This site is optimized with the Yoast SEO plugin v27.3 - https:\/\/yoast.com\/product\/yoast-seo-wordpress\/ -->\n<title>Double-Insulated Cartridge Heaters | ELEKTRON-ETTO<\/title>\n<meta name=\"description\" content=\"Cartridge heaters with double insulation for low electrical leakage. Ideal for sensitive applications requiring high insulation resistance. Made by ELEKTRON-ETTO.\" \/>\n<meta name=\"robots\" content=\"index, follow, max-snippet:-1, max-image-preview:large, max-video-preview:-1\" \/>\n<link rel=\"canonical\" href=\"https:\/\/www.etto.cz\/en\/products\/heating-cartridges\/heating-cartridges-with-double-insulation-with-low-leakage-current\/\" \/>\n<meta property=\"og:locale\" content=\"en_GB\" \/>\n<meta property=\"og:type\" content=\"article\" \/>\n<meta property=\"og:title\" content=\"Double-Insulated Cartridge Heaters | ELEKTRON-ETTO\" \/>\n<meta property=\"og:description\" content=\"Cartridge heaters with double insulation for low electrical leakage. Ideal for sensitive applications requiring high insulation resistance. Made by ELEKTRON-ETTO.\" \/>\n<meta property=\"og:url\" content=\"https:\/\/www.etto.cz\/en\/products\/heating-cartridges\/heating-cartridges-with-double-insulation-with-low-leakage-current\/\" \/>\n<meta property=\"og:site_name\" content=\"ETTO\" \/>\n<meta property=\"article:modified_time\" content=\"2018-06-06T06:15:37+00:00\" \/>\n<meta property=\"og:image\" content=\"https:\/\/www.etto.cz\/wp-content\/uploads\/2016\/12\/vysocezatizena_patr.jpg\" \/>\n\t<meta property=\"og:image:width\" content=\"800\" \/>\n\t<meta property=\"og:image:height\" content=\"800\" \/>\n\t<meta property=\"og:image:type\" content=\"image\/jpeg\" \/>\n<meta name=\"twitter:card\" content=\"summary_large_image\" \/>\n<script type=\"application\/ld+json\" class=\"yoast-schema-graph\">{\"@context\":\"https:\\\/\\\/schema.org\",\"@graph\":[{\"@type\":\"WebPage\",\"@id\":\"https:\\\/\\\/www.etto.cz\\\/elektricka-topna-telesa\\\/topne-patrony\\\/patrony-s-dvojitou-izolaci-s-nizkymi-unikovymi-proudy\\\/\",\"url\":\"https:\\\/\\\/www.etto.cz\\\/elektricka-topna-telesa\\\/topne-patrony\\\/patrony-s-dvojitou-izolaci-s-nizkymi-unikovymi-proudy\\\/\",\"name\":\"Double-Insulated Cartridge Heaters | ELEKTRON-ETTO\",\"isPartOf\":{\"@id\":\"https:\\\/\\\/www.etto.cz\\\/#website\"},\"primaryImageOfPage\":{\"@id\":\"https:\\\/\\\/www.etto.cz\\\/elektricka-topna-telesa\\\/topne-patrony\\\/patrony-s-dvojitou-izolaci-s-nizkymi-unikovymi-proudy\\\/#primaryimage\"},\"image\":{\"@id\":\"https:\\\/\\\/www.etto.cz\\\/elektricka-topna-telesa\\\/topne-patrony\\\/patrony-s-dvojitou-izolaci-s-nizkymi-unikovymi-proudy\\\/#primaryimage\"},\"thumbnailUrl\":\"https:\\\/\\\/www.etto.cz\\\/wp-content\\\/uploads\\\/2016\\\/12\\\/vysocezatizena_patr.jpg\",\"datePublished\":\"2018-03-14T13:46:21+00:00\",\"dateModified\":\"2018-06-06T06:15:37+00:00\",\"description\":\"Cartridge heaters with double insulation for low electrical leakage. Ideal for sensitive applications requiring high insulation resistance. Made by ELEKTRON-ETTO.\",\"breadcrumb\":{\"@id\":\"https:\\\/\\\/www.etto.cz\\\/elektricka-topna-telesa\\\/topne-patrony\\\/patrony-s-dvojitou-izolaci-s-nizkymi-unikovymi-proudy\\\/#breadcrumb\"},\"inLanguage\":\"en-GB\",\"potentialAction\":[{\"@type\":\"ReadAction\",\"target\":[\"https:\\\/\\\/www.etto.cz\\\/elektricka-topna-telesa\\\/topne-patrony\\\/patrony-s-dvojitou-izolaci-s-nizkymi-unikovymi-proudy\\\/\"]}]},{\"@type\":\"ImageObject\",\"inLanguage\":\"en-GB\",\"@id\":\"https:\\\/\\\/www.etto.cz\\\/elektricka-topna-telesa\\\/topne-patrony\\\/patrony-s-dvojitou-izolaci-s-nizkymi-unikovymi-proudy\\\/#primaryimage\",\"url\":\"https:\\\/\\\/www.etto.cz\\\/wp-content\\\/uploads\\\/2016\\\/12\\\/vysocezatizena_patr.jpg\",\"contentUrl\":\"https:\\\/\\\/www.etto.cz\\\/wp-content\\\/uploads\\\/2016\\\/12\\\/vysocezatizena_patr.jpg\",\"width\":800,\"height\":800},{\"@type\":\"BreadcrumbList\",\"@id\":\"https:\\\/\\\/www.etto.cz\\\/elektricka-topna-telesa\\\/topne-patrony\\\/patrony-s-dvojitou-izolaci-s-nizkymi-unikovymi-proudy\\\/#breadcrumb\",\"itemListElement\":[{\"@type\":\"ListItem\",\"position\":1,\"name\":\"Dom\u016f\",\"item\":\"https:\\\/\\\/www.etto.cz\\\/\"},{\"@type\":\"ListItem\",\"position\":2,\"name\":\"Electric heating elements -Products\",\"item\":\"https:\\\/\\\/www.etto.cz\\\/elektricka-topna-telesa\\\/\"},{\"@type\":\"ListItem\",\"position\":3,\"name\":\"Cartridge heaters\",\"item\":\"https:\\\/\\\/www.etto.cz\\\/elektricka-topna-telesa\\\/topne-patrony\\\/\"},{\"@type\":\"ListItem\",\"position\":4,\"name\":\"Cartridge heaters with double insulation (low elektrical leakage)\"}]},{\"@type\":\"WebSite\",\"@id\":\"https:\\\/\\\/www.etto.cz\\\/#website\",\"url\":\"https:\\\/\\\/www.etto.cz\\\/\",\"name\":\"ETTO\",\"description\":\"V\u00fdroba elektrick\u00fdch topn\u00fdch t\u011bles\",\"potentialAction\":[{\"@type\":\"SearchAction\",\"target\":{\"@type\":\"EntryPoint\",\"urlTemplate\":\"https:\\\/\\\/www.etto.cz\\\/?s={search_term_string}\"},\"query-input\":{\"@type\":\"PropertyValueSpecification\",\"valueRequired\":true,\"valueName\":\"search_term_string\"}}],\"inLanguage\":\"en-GB\"}]}<\/script>\n<!-- \/ Yoast SEO plugin. -->","yoast_head_json":{"title":"Double-Insulated Cartridge Heaters | ELEKTRON-ETTO","description":"Cartridge heaters with double insulation for low electrical leakage. Ideal for sensitive applications requiring high insulation resistance. Made by ELEKTRON-ETTO.","robots":{"index":"index","follow":"follow","max-snippet":"max-snippet:-1","max-image-preview":"max-image-preview:large","max-video-preview":"max-video-preview:-1"},"canonical":"https:\/\/www.etto.cz\/en\/products\/heating-cartridges\/heating-cartridges-with-double-insulation-with-low-leakage-current\/","og_locale":"en_GB","og_type":"article","og_title":"Double-Insulated Cartridge Heaters | ELEKTRON-ETTO","og_description":"Cartridge heaters with double insulation for low electrical leakage. Ideal for sensitive applications requiring high insulation resistance. Made by ELEKTRON-ETTO.","og_url":"https:\/\/www.etto.cz\/en\/products\/heating-cartridges\/heating-cartridges-with-double-insulation-with-low-leakage-current\/","og_site_name":"ETTO","article_modified_time":"2018-06-06T06:15:37+00:00","og_image":[{"width":800,"height":800,"url":"https:\/\/www.etto.cz\/wp-content\/uploads\/2016\/12\/vysocezatizena_patr.jpg","type":"image\/jpeg"}],"twitter_card":"summary_large_image","schema":{"@context":"https:\/\/schema.org","@graph":[{"@type":"WebPage","@id":"https:\/\/www.etto.cz\/elektricka-topna-telesa\/topne-patrony\/patrony-s-dvojitou-izolaci-s-nizkymi-unikovymi-proudy\/","url":"https:\/\/www.etto.cz\/elektricka-topna-telesa\/topne-patrony\/patrony-s-dvojitou-izolaci-s-nizkymi-unikovymi-proudy\/","name":"Double-Insulated Cartridge Heaters | ELEKTRON-ETTO","isPartOf":{"@id":"https:\/\/www.etto.cz\/#website"},"primaryImageOfPage":{"@id":"https:\/\/www.etto.cz\/elektricka-topna-telesa\/topne-patrony\/patrony-s-dvojitou-izolaci-s-nizkymi-unikovymi-proudy\/#primaryimage"},"image":{"@id":"https:\/\/www.etto.cz\/elektricka-topna-telesa\/topne-patrony\/patrony-s-dvojitou-izolaci-s-nizkymi-unikovymi-proudy\/#primaryimage"},"thumbnailUrl":"https:\/\/www.etto.cz\/wp-content\/uploads\/2016\/12\/vysocezatizena_patr.jpg","datePublished":"2018-03-14T13:46:21+00:00","dateModified":"2018-06-06T06:15:37+00:00","description":"Cartridge heaters with double insulation for low electrical leakage. Ideal for sensitive applications requiring high insulation resistance. Made by ELEKTRON-ETTO.","breadcrumb":{"@id":"https:\/\/www.etto.cz\/elektricka-topna-telesa\/topne-patrony\/patrony-s-dvojitou-izolaci-s-nizkymi-unikovymi-proudy\/#breadcrumb"},"inLanguage":"en-GB","potentialAction":[{"@type":"ReadAction","target":["https:\/\/www.etto.cz\/elektricka-topna-telesa\/topne-patrony\/patrony-s-dvojitou-izolaci-s-nizkymi-unikovymi-proudy\/"]}]},{"@type":"ImageObject","inLanguage":"en-GB","@id":"https:\/\/www.etto.cz\/elektricka-topna-telesa\/topne-patrony\/patrony-s-dvojitou-izolaci-s-nizkymi-unikovymi-proudy\/#primaryimage","url":"https:\/\/www.etto.cz\/wp-content\/uploads\/2016\/12\/vysocezatizena_patr.jpg","contentUrl":"https:\/\/www.etto.cz\/wp-content\/uploads\/2016\/12\/vysocezatizena_patr.jpg","width":800,"height":800},{"@type":"BreadcrumbList","@id":"https:\/\/www.etto.cz\/elektricka-topna-telesa\/topne-patrony\/patrony-s-dvojitou-izolaci-s-nizkymi-unikovymi-proudy\/#breadcrumb","itemListElement":[{"@type":"ListItem","position":1,"name":"Dom\u016f","item":"https:\/\/www.etto.cz\/"},{"@type":"ListItem","position":2,"name":"Electric heating elements -Products","item":"https:\/\/www.etto.cz\/elektricka-topna-telesa\/"},{"@type":"ListItem","position":3,"name":"Cartridge heaters","item":"https:\/\/www.etto.cz\/elektricka-topna-telesa\/topne-patrony\/"},{"@type":"ListItem","position":4,"name":"Cartridge heaters with double insulation (low elektrical leakage)"}]},{"@type":"WebSite","@id":"https:\/\/www.etto.cz\/#website","url":"https:\/\/www.etto.cz\/","name":"ETTO","description":"V\u00fdroba elektrick\u00fdch topn\u00fdch t\u011bles","potentialAction":[{"@type":"SearchAction","target":{"@type":"EntryPoint","urlTemplate":"https:\/\/www.etto.cz\/?s={search_term_string}"},"query-input":{"@type":"PropertyValueSpecification","valueRequired":true,"valueName":"search_term_string"}}],"inLanguage":"en-GB"}]}},"_links":{"self":[{"href":"https:\/\/www.etto.cz\/en\/wp-json\/wp\/v2\/pages\/2807","targetHints":{"allow":["GET"]}}],"collection":[{"href":"https:\/\/www.etto.cz\/en\/wp-json\/wp\/v2\/pages"}],"about":[{"href":"https:\/\/www.etto.cz\/en\/wp-json\/wp\/v2\/types\/page"}],"author":[{"embeddable":true,"href":"https:\/\/www.etto.cz\/en\/wp-json\/wp\/v2\/users\/1"}],"replies":[{"embeddable":true,"href":"https:\/\/www.etto.cz\/en\/wp-json\/wp\/v2\/comments?post=2807"}],"version-history":[{"count":0,"href":"https:\/\/www.etto.cz\/en\/wp-json\/wp\/v2\/pages\/2807\/revisions"}],"up":[{"embeddable":true,"href":"https:\/\/www.etto.cz\/en\/wp-json\/wp\/v2\/pages\/2800"}],"wp:featuredmedia":[{"embeddable":true,"href":"https:\/\/www.etto.cz\/en\/wp-json\/wp\/v2\/media\/2637"}],"wp:attachment":[{"href":"https:\/\/www.etto.cz\/en\/wp-json\/wp\/v2\/media?parent=2807"}],"curies":[{"name":"wp","href":"https:\/\/api.w.org\/{rel}","templated":true}]}}