{"id":2811,"date":"2018-03-14T14:47:21","date_gmt":"2018-03-14T13:47:21","guid":{"rendered":"http:\/\/www.etto.cz\/heating-bodies\/heating-strips-sleeves\/"},"modified":"2023-11-13T14:24:50","modified_gmt":"2023-11-13T13:24:50","slug":"heating-strips-sleeves","status":"publish","type":"page","link":"https:\/\/www.etto.cz\/en\/products\/heating-strips-sleeves\/","title":{"rendered":"Band heaters and nozzle heaters"},"content":{"rendered":"<p>Band heaters are divided according to their design into:<\/p>\n<ul>\n<li>&nbsp;Band heaters and nozzle heaters with mica insulation<\/li>\n<li>&nbsp;Ceramic band heaters and nozzle heaters<\/li>\n<li>&nbsp;Nozzle heaters from a rod with a 7.2&#215;2.7 mm profile<\/li>\n<\/ul>\n<div class=\"sub-menu\">            <a href=\"https:\/\/www.etto.cz\/en\/products\/heating-strips-sleeves\/heating-strips-with-mica-insulation\/\" class=\"subitem\">\n                <span class=\"img\">\n                    <img decoding=\"async\" src=\"https:\/\/www.etto.cz\/wp-content\/uploads\/2016\/12\/topny_pas_2-153x153.jpg\" alt=\"Band and nozzle heaters with mica insulation\" loading=\"lazy\" \/>\n                    <span><em>Band and nozzle heaters with mica insulation<\/em><\/span>\n                <\/span>\n                <strong>Band and nozzle heaters with mica insulation<\/strong>\n            <\/a>\n                        <a href=\"https:\/\/www.etto.cz\/en\/products\/heating-strips-sleeves\/ceramic-heating-strips\/\" class=\"subitem\">\n                <span class=\"img\">\n                    <img decoding=\"async\" src=\"https:\/\/www.etto.cz\/wp-content\/uploads\/2016\/12\/keramicky_pas-153x121.jpg\" alt=\"Ceramic band heaters\" loading=\"lazy\" \/>\n                    <span><em>Ceramic band heaters<\/em><\/span>\n                <\/span>\n                <strong>Ceramic band heaters<\/strong>\n            <\/a>\n                        <a href=\"https:\/\/www.etto.cz\/en\/products\/heating-strips-sleeves\/heating-collar-for-the-rod-with-a-9-x-4-profile\/\" class=\"subitem\">\n                <span class=\"img\">\n                    <img decoding=\"async\" src=\"https:\/\/www.etto.cz\/wp-content\/uploads\/2015\/05\/topne-pasy-153x153.jpg\" alt=\"Heating nozzle made of rod with a 7.2\u00d72.7 profile\" loading=\"lazy\" \/>\n                    <span><em>Heating nozzle made of rod with a 7.2\u00d72.7 profile<\/em><\/span>\n                <\/span>\n                <strong>Heating nozzle made of rod with a 7.2\u00d72.7 profile<\/strong>\n            <\/a>\n            <\/div>\n<p>&nbsp;<\/p>\n","protected":false},"excerpt":{"rendered":"<p>Band heaters are divided according to their design into: &nbsp;Band heaters and nozzle heaters with mica insulation &nbsp;Ceramic band heaters and nozzle heaters &nbsp;Nozzle heaters &#8230;<\/p>\n","protected":false},"author":1,"featured_media":2610,"parent":2836,"menu_order":0,"comment_status":"open","ping_status":"closed","template":"_page-menu.php","meta":{"_acf_changed":false,"ngg_post_thumbnail":0,"footnotes":"","_links_to":"","_links_to_target":""},"class_list":["post-2811","page","type-page","status-publish","has-post-thumbnail","hentry"],"acf":[],"yoast_head":"<!-- This site is optimized with the Yoast SEO plugin v27.6 - https:\/\/yoast.com\/product\/yoast-seo-wordpress\/ -->\n<title>Band Heaters and Nozzle Heaters | ELEKTRON-ETTO<\/title>\n<meta name=\"description\" content=\"Custom band heaters and nozzle heaters for plastics processing and industrial applications. Made-to-order by ELEKTRON-ETTO, European heating elements manufacturer.\" \/>\n<meta name=\"robots\" content=\"index, follow, max-snippet:-1, max-image-preview:large, max-video-preview:-1\" \/>\n<link rel=\"canonical\" href=\"https:\/\/www.etto.cz\/en\/products\/heating-strips-sleeves\/heating-collar-for-the-rod-with-a-9-x-4-profile\/\" \/>\n<meta property=\"og:locale\" content=\"en_GB\" \/>\n<meta property=\"og:type\" content=\"article\" \/>\n<meta property=\"og:title\" content=\"Band Heaters and Nozzle Heaters | ELEKTRON-ETTO\" \/>\n<meta property=\"og:description\" content=\"Custom band heaters and nozzle heaters for plastics processing and industrial applications. Made-to-order by ELEKTRON-ETTO, European heating elements manufacturer.\" \/>\n<meta property=\"og:url\" content=\"https:\/\/www.etto.cz\/en\/products\/heating-strips-sleeves\/heating-collar-for-the-rod-with-a-9-x-4-profile\/\" \/>\n<meta property=\"og:site_name\" content=\"ETTO\" \/>\n<meta property=\"article:modified_time\" content=\"2023-11-13T13:24:50+00:00\" \/>\n<meta property=\"og:image\" content=\"https:\/\/www.etto.cz\/wp-content\/uploads\/2016\/12\/topne_pasy.jpg\" \/>\n\t<meta property=\"og:image:width\" content=\"540\" \/>\n\t<meta property=\"og:image:height\" content=\"447\" \/>\n\t<meta property=\"og:image:type\" content=\"image\/jpeg\" \/>\n<meta name=\"twitter:card\" content=\"summary_large_image\" \/>\n<meta name=\"twitter:label1\" content=\"Est. reading time\" \/>\n\t<meta name=\"twitter:data1\" content=\"1 minute\" \/>\n<script type=\"application\/ld+json\" class=\"yoast-schema-graph\">{\"@context\":\"https:\\\/\\\/schema.org\",\"@graph\":[{\"@type\":\"WebPage\",\"@id\":\"https:\\\/\\\/www.etto.cz\\\/elektricka-topna-telesa\\\/topne-pasy\\\/\",\"url\":\"https:\\\/\\\/www.etto.cz\\\/elektricka-topna-telesa\\\/topne-pasy\\\/\",\"name\":\"Band Heaters and Nozzle Heaters | ELEKTRON-ETTO\",\"isPartOf\":{\"@id\":\"https:\\\/\\\/www.etto.cz\\\/#website\"},\"primaryImageOfPage\":{\"@id\":\"https:\\\/\\\/www.etto.cz\\\/elektricka-topna-telesa\\\/topne-pasy\\\/#primaryimage\"},\"image\":{\"@id\":\"https:\\\/\\\/www.etto.cz\\\/elektricka-topna-telesa\\\/topne-pasy\\\/#primaryimage\"},\"thumbnailUrl\":\"https:\\\/\\\/www.etto.cz\\\/wp-content\\\/uploads\\\/2016\\\/12\\\/topne_pasy.jpg\",\"datePublished\":\"2018-03-14T13:47:21+00:00\",\"dateModified\":\"2023-11-13T13:24:50+00:00\",\"description\":\"Custom band heaters and nozzle heaters for plastics processing and industrial applications. Made-to-order by ELEKTRON-ETTO, European heating elements manufacturer.\",\"breadcrumb\":{\"@id\":\"https:\\\/\\\/www.etto.cz\\\/elektricka-topna-telesa\\\/topne-pasy\\\/#breadcrumb\"},\"inLanguage\":\"en-GB\",\"potentialAction\":[{\"@type\":\"ReadAction\",\"target\":[\"https:\\\/\\\/www.etto.cz\\\/elektricka-topna-telesa\\\/topne-pasy\\\/\"]}]},{\"@type\":\"ImageObject\",\"inLanguage\":\"en-GB\",\"@id\":\"https:\\\/\\\/www.etto.cz\\\/elektricka-topna-telesa\\\/topne-pasy\\\/#primaryimage\",\"url\":\"https:\\\/\\\/www.etto.cz\\\/wp-content\\\/uploads\\\/2016\\\/12\\\/topne_pasy.jpg\",\"contentUrl\":\"https:\\\/\\\/www.etto.cz\\\/wp-content\\\/uploads\\\/2016\\\/12\\\/topne_pasy.jpg\",\"width\":540,\"height\":447},{\"@type\":\"BreadcrumbList\",\"@id\":\"https:\\\/\\\/www.etto.cz\\\/elektricka-topna-telesa\\\/topne-pasy\\\/#breadcrumb\",\"itemListElement\":[{\"@type\":\"ListItem\",\"position\":1,\"name\":\"Dom\u016f\",\"item\":\"https:\\\/\\\/www.etto.cz\\\/\"},{\"@type\":\"ListItem\",\"position\":2,\"name\":\"Electric heating elements -Products\",\"item\":\"https:\\\/\\\/www.etto.cz\\\/elektricka-topna-telesa\\\/\"},{\"@type\":\"ListItem\",\"position\":3,\"name\":\"Band heaters and nozzle heaters\"}]},{\"@type\":\"WebSite\",\"@id\":\"https:\\\/\\\/www.etto.cz\\\/#website\",\"url\":\"https:\\\/\\\/www.etto.cz\\\/\",\"name\":\"ETTO\",\"description\":\"V\u00fdroba elektrick\u00fdch topn\u00fdch t\u011bles\",\"potentialAction\":[{\"@type\":\"SearchAction\",\"target\":{\"@type\":\"EntryPoint\",\"urlTemplate\":\"https:\\\/\\\/www.etto.cz\\\/?s={search_term_string}\"},\"query-input\":{\"@type\":\"PropertyValueSpecification\",\"valueRequired\":true,\"valueName\":\"search_term_string\"}}],\"inLanguage\":\"en-GB\"}]}<\/script>\n<!-- \/ Yoast SEO plugin. -->","yoast_head_json":{"title":"Band Heaters and Nozzle Heaters | ELEKTRON-ETTO","description":"Custom band heaters and nozzle heaters for plastics processing and industrial applications. Made-to-order by ELEKTRON-ETTO, European heating elements manufacturer.","robots":{"index":"index","follow":"follow","max-snippet":"max-snippet:-1","max-image-preview":"max-image-preview:large","max-video-preview":"max-video-preview:-1"},"canonical":"https:\/\/www.etto.cz\/en\/products\/heating-strips-sleeves\/heating-collar-for-the-rod-with-a-9-x-4-profile\/","og_locale":"en_GB","og_type":"article","og_title":"Band Heaters and Nozzle Heaters | ELEKTRON-ETTO","og_description":"Custom band heaters and nozzle heaters for plastics processing and industrial applications. Made-to-order by ELEKTRON-ETTO, European heating elements manufacturer.","og_url":"https:\/\/www.etto.cz\/en\/products\/heating-strips-sleeves\/heating-collar-for-the-rod-with-a-9-x-4-profile\/","og_site_name":"ETTO","article_modified_time":"2023-11-13T13:24:50+00:00","og_image":[{"width":540,"height":447,"url":"https:\/\/www.etto.cz\/wp-content\/uploads\/2016\/12\/topne_pasy.jpg","type":"image\/jpeg"}],"twitter_card":"summary_large_image","twitter_misc":{"Est. reading time":"1 minute"},"schema":{"@context":"https:\/\/schema.org","@graph":[{"@type":"WebPage","@id":"https:\/\/www.etto.cz\/elektricka-topna-telesa\/topne-pasy\/","url":"https:\/\/www.etto.cz\/elektricka-topna-telesa\/topne-pasy\/","name":"Band Heaters and Nozzle Heaters | ELEKTRON-ETTO","isPartOf":{"@id":"https:\/\/www.etto.cz\/#website"},"primaryImageOfPage":{"@id":"https:\/\/www.etto.cz\/elektricka-topna-telesa\/topne-pasy\/#primaryimage"},"image":{"@id":"https:\/\/www.etto.cz\/elektricka-topna-telesa\/topne-pasy\/#primaryimage"},"thumbnailUrl":"https:\/\/www.etto.cz\/wp-content\/uploads\/2016\/12\/topne_pasy.jpg","datePublished":"2018-03-14T13:47:21+00:00","dateModified":"2023-11-13T13:24:50+00:00","description":"Custom band heaters and nozzle heaters for plastics processing and industrial applications. Made-to-order by ELEKTRON-ETTO, European heating elements manufacturer.","breadcrumb":{"@id":"https:\/\/www.etto.cz\/elektricka-topna-telesa\/topne-pasy\/#breadcrumb"},"inLanguage":"en-GB","potentialAction":[{"@type":"ReadAction","target":["https:\/\/www.etto.cz\/elektricka-topna-telesa\/topne-pasy\/"]}]},{"@type":"ImageObject","inLanguage":"en-GB","@id":"https:\/\/www.etto.cz\/elektricka-topna-telesa\/topne-pasy\/#primaryimage","url":"https:\/\/www.etto.cz\/wp-content\/uploads\/2016\/12\/topne_pasy.jpg","contentUrl":"https:\/\/www.etto.cz\/wp-content\/uploads\/2016\/12\/topne_pasy.jpg","width":540,"height":447},{"@type":"BreadcrumbList","@id":"https:\/\/www.etto.cz\/elektricka-topna-telesa\/topne-pasy\/#breadcrumb","itemListElement":[{"@type":"ListItem","position":1,"name":"Dom\u016f","item":"https:\/\/www.etto.cz\/"},{"@type":"ListItem","position":2,"name":"Electric heating elements -Products","item":"https:\/\/www.etto.cz\/elektricka-topna-telesa\/"},{"@type":"ListItem","position":3,"name":"Band heaters and nozzle heaters"}]},{"@type":"WebSite","@id":"https:\/\/www.etto.cz\/#website","url":"https:\/\/www.etto.cz\/","name":"ETTO","description":"V\u00fdroba elektrick\u00fdch topn\u00fdch t\u011bles","potentialAction":[{"@type":"SearchAction","target":{"@type":"EntryPoint","urlTemplate":"https:\/\/www.etto.cz\/?s={search_term_string}"},"query-input":{"@type":"PropertyValueSpecification","valueRequired":true,"valueName":"search_term_string"}}],"inLanguage":"en-GB"}]}},"_links":{"self":[{"href":"https:\/\/www.etto.cz\/en\/wp-json\/wp\/v2\/pages\/2811","targetHints":{"allow":["GET"]}}],"collection":[{"href":"https:\/\/www.etto.cz\/en\/wp-json\/wp\/v2\/pages"}],"about":[{"href":"https:\/\/www.etto.cz\/en\/wp-json\/wp\/v2\/types\/page"}],"author":[{"embeddable":true,"href":"https:\/\/www.etto.cz\/en\/wp-json\/wp\/v2\/users\/1"}],"replies":[{"embeddable":true,"href":"https:\/\/www.etto.cz\/en\/wp-json\/wp\/v2\/comments?post=2811"}],"version-history":[{"count":1,"href":"https:\/\/www.etto.cz\/en\/wp-json\/wp\/v2\/pages\/2811\/revisions"}],"predecessor-version":[{"id":5198,"href":"https:\/\/www.etto.cz\/en\/wp-json\/wp\/v2\/pages\/2811\/revisions\/5198"}],"up":[{"embeddable":true,"href":"https:\/\/www.etto.cz\/en\/wp-json\/wp\/v2\/pages\/2836"}],"wp:featuredmedia":[{"embeddable":true,"href":"https:\/\/www.etto.cz\/en\/wp-json\/wp\/v2\/media\/2610"}],"wp:attachment":[{"href":"https:\/\/www.etto.cz\/en\/wp-json\/wp\/v2\/media?parent=2811"}],"curies":[{"name":"wp","href":"https:\/\/api.w.org\/{rel}","templated":true}]}}