{"id":2812,"date":"2018-03-14T14:51:11","date_gmt":"2018-03-14T13:51:11","guid":{"rendered":"http:\/\/www.etto.cz\/heating-bodies\/heating-strips-sleeves\/heating-strips-with-mica-insulation\/"},"modified":"2024-11-25T10:03:06","modified_gmt":"2024-11-25T09:03:06","slug":"heating-strips-with-mica-insulation","status":"publish","type":"page","link":"https:\/\/www.etto.cz\/en\/products\/heating-strips-sleeves\/heating-strips-with-mica-insulation\/","title":{"rendered":"Band and nozzle heaters with mica insulation"},"content":{"rendered":"<p style=\"text-align: justify;\">We produce mica band heaters and nozzle heaters&nbsp; for heating cylindrical surfaces or surfaces of non-round profiles according to the requirements of the client.&nbsp; Recommended for heating surfaces with smaller dimensions and\/or, on the contrary, large dimensions in cases of combining the wattage vs. voltage parameters when ceramic band heaters are not recommended due to technological reasons. They can be single-part or double-part according to the size of the heated area. Band heaters are produced according to the nature of the application with an inside heating area (shrinking) or with an outside heating area (expanding).<\/p>\n","protected":false},"excerpt":{"rendered":"<p>We produce mica band heaters and nozzle heaters&nbsp; for heating cylindrical surfaces or surfaces of non-round profiles according to the requirements of the client.&nbsp; Recommended &#8230;<\/p>\n","protected":false},"author":1,"featured_media":2604,"parent":2811,"menu_order":0,"comment_status":"open","ping_status":"open","template":"_page-menu.php","meta":{"_acf_changed":false,"ngg_post_thumbnail":0,"footnotes":"","_links_to":"","_links_to_target":""},"class_list":["post-2812","page","type-page","status-publish","has-post-thumbnail","hentry"],"acf":[],"yoast_head":"<!-- This site is optimized with the Yoast SEO plugin v27.5 - https:\/\/yoast.com\/product\/yoast-seo-wordpress\/ -->\n<title>Band and Nozzle Heaters with Mica Insulation | ELEKTRON-ETTO<\/title>\n<meta name=\"description\" content=\"Custom mica-insulated band and nozzle heaters for injection moulding and extrusion. European manufacturer of industrial heating elements.\" \/>\n<meta name=\"robots\" content=\"index, follow, max-snippet:-1, max-image-preview:large, max-video-preview:-1\" \/>\n<link rel=\"canonical\" href=\"https:\/\/www.etto.cz\/en\/products\/heating-strips-sleeves\/heating-strips-with-mica-insulation\/\" \/>\n<meta property=\"og:locale\" content=\"en_GB\" \/>\n<meta property=\"og:type\" content=\"article\" \/>\n<meta property=\"og:title\" content=\"Band and Nozzle Heaters with Mica Insulation | ELEKTRON-ETTO\" \/>\n<meta property=\"og:description\" content=\"Custom mica-insulated band and nozzle heaters for injection moulding and extrusion. European manufacturer of industrial heating elements.\" \/>\n<meta property=\"og:url\" content=\"https:\/\/www.etto.cz\/en\/products\/heating-strips-sleeves\/heating-strips-with-mica-insulation\/\" \/>\n<meta property=\"og:site_name\" content=\"ETTO\" \/>\n<meta property=\"article:modified_time\" content=\"2024-11-25T09:03:06+00:00\" \/>\n<meta property=\"og:image\" content=\"https:\/\/www.etto.cz\/wp-content\/uploads\/2016\/12\/topny_pas_2.jpg\" \/>\n\t<meta property=\"og:image:width\" content=\"806\" \/>\n\t<meta property=\"og:image:height\" content=\"806\" \/>\n\t<meta property=\"og:image:type\" content=\"image\/jpeg\" \/>\n<meta name=\"twitter:card\" content=\"summary_large_image\" \/>\n<script type=\"application\/ld+json\" class=\"yoast-schema-graph\">{\"@context\":\"https:\\\/\\\/schema.org\",\"@graph\":[{\"@type\":\"WebPage\",\"@id\":\"https:\\\/\\\/www.etto.cz\\\/elektricka-topna-telesa\\\/topne-pasy\\\/topne-pasy-se-slidovou-izolaci\\\/\",\"url\":\"https:\\\/\\\/www.etto.cz\\\/elektricka-topna-telesa\\\/topne-pasy\\\/topne-pasy-se-slidovou-izolaci\\\/\",\"name\":\"Band and Nozzle Heaters with Mica Insulation | ELEKTRON-ETTO\",\"isPartOf\":{\"@id\":\"https:\\\/\\\/www.etto.cz\\\/#website\"},\"primaryImageOfPage\":{\"@id\":\"https:\\\/\\\/www.etto.cz\\\/elektricka-topna-telesa\\\/topne-pasy\\\/topne-pasy-se-slidovou-izolaci\\\/#primaryimage\"},\"image\":{\"@id\":\"https:\\\/\\\/www.etto.cz\\\/elektricka-topna-telesa\\\/topne-pasy\\\/topne-pasy-se-slidovou-izolaci\\\/#primaryimage\"},\"thumbnailUrl\":\"https:\\\/\\\/www.etto.cz\\\/wp-content\\\/uploads\\\/2016\\\/12\\\/topny_pas_2.jpg\",\"datePublished\":\"2018-03-14T13:51:11+00:00\",\"dateModified\":\"2024-11-25T09:03:06+00:00\",\"description\":\"Custom mica-insulated band and nozzle heaters for injection moulding and extrusion. European manufacturer of industrial heating elements.\",\"breadcrumb\":{\"@id\":\"https:\\\/\\\/www.etto.cz\\\/elektricka-topna-telesa\\\/topne-pasy\\\/topne-pasy-se-slidovou-izolaci\\\/#breadcrumb\"},\"inLanguage\":\"en-GB\",\"potentialAction\":[{\"@type\":\"ReadAction\",\"target\":[\"https:\\\/\\\/www.etto.cz\\\/elektricka-topna-telesa\\\/topne-pasy\\\/topne-pasy-se-slidovou-izolaci\\\/\"]}]},{\"@type\":\"ImageObject\",\"inLanguage\":\"en-GB\",\"@id\":\"https:\\\/\\\/www.etto.cz\\\/elektricka-topna-telesa\\\/topne-pasy\\\/topne-pasy-se-slidovou-izolaci\\\/#primaryimage\",\"url\":\"https:\\\/\\\/www.etto.cz\\\/wp-content\\\/uploads\\\/2016\\\/12\\\/topny_pas_2.jpg\",\"contentUrl\":\"https:\\\/\\\/www.etto.cz\\\/wp-content\\\/uploads\\\/2016\\\/12\\\/topny_pas_2.jpg\",\"width\":806,\"height\":806},{\"@type\":\"BreadcrumbList\",\"@id\":\"https:\\\/\\\/www.etto.cz\\\/elektricka-topna-telesa\\\/topne-pasy\\\/topne-pasy-se-slidovou-izolaci\\\/#breadcrumb\",\"itemListElement\":[{\"@type\":\"ListItem\",\"position\":1,\"name\":\"Dom\u016f\",\"item\":\"https:\\\/\\\/www.etto.cz\\\/\"},{\"@type\":\"ListItem\",\"position\":2,\"name\":\"Electric heating elements -Products\",\"item\":\"https:\\\/\\\/www.etto.cz\\\/elektricka-topna-telesa\\\/\"},{\"@type\":\"ListItem\",\"position\":3,\"name\":\"Band heaters and nozzle heaters\",\"item\":\"https:\\\/\\\/www.etto.cz\\\/elektricka-topna-telesa\\\/topne-pasy\\\/\"},{\"@type\":\"ListItem\",\"position\":4,\"name\":\"Band and nozzle heaters with mica insulation\"}]},{\"@type\":\"WebSite\",\"@id\":\"https:\\\/\\\/www.etto.cz\\\/#website\",\"url\":\"https:\\\/\\\/www.etto.cz\\\/\",\"name\":\"ETTO\",\"description\":\"V\u00fdroba elektrick\u00fdch topn\u00fdch t\u011bles\",\"potentialAction\":[{\"@type\":\"SearchAction\",\"target\":{\"@type\":\"EntryPoint\",\"urlTemplate\":\"https:\\\/\\\/www.etto.cz\\\/?s={search_term_string}\"},\"query-input\":{\"@type\":\"PropertyValueSpecification\",\"valueRequired\":true,\"valueName\":\"search_term_string\"}}],\"inLanguage\":\"en-GB\"}]}<\/script>\n<!-- \/ Yoast SEO plugin. -->","yoast_head_json":{"title":"Band and Nozzle Heaters with Mica Insulation | ELEKTRON-ETTO","description":"Custom mica-insulated band and nozzle heaters for injection moulding and extrusion. European manufacturer of industrial heating elements.","robots":{"index":"index","follow":"follow","max-snippet":"max-snippet:-1","max-image-preview":"max-image-preview:large","max-video-preview":"max-video-preview:-1"},"canonical":"https:\/\/www.etto.cz\/en\/products\/heating-strips-sleeves\/heating-strips-with-mica-insulation\/","og_locale":"en_GB","og_type":"article","og_title":"Band and Nozzle Heaters with Mica Insulation | ELEKTRON-ETTO","og_description":"Custom mica-insulated band and nozzle heaters for injection moulding and extrusion. European manufacturer of industrial heating elements.","og_url":"https:\/\/www.etto.cz\/en\/products\/heating-strips-sleeves\/heating-strips-with-mica-insulation\/","og_site_name":"ETTO","article_modified_time":"2024-11-25T09:03:06+00:00","og_image":[{"width":806,"height":806,"url":"https:\/\/www.etto.cz\/wp-content\/uploads\/2016\/12\/topny_pas_2.jpg","type":"image\/jpeg"}],"twitter_card":"summary_large_image","schema":{"@context":"https:\/\/schema.org","@graph":[{"@type":"WebPage","@id":"https:\/\/www.etto.cz\/elektricka-topna-telesa\/topne-pasy\/topne-pasy-se-slidovou-izolaci\/","url":"https:\/\/www.etto.cz\/elektricka-topna-telesa\/topne-pasy\/topne-pasy-se-slidovou-izolaci\/","name":"Band and Nozzle Heaters with Mica Insulation | ELEKTRON-ETTO","isPartOf":{"@id":"https:\/\/www.etto.cz\/#website"},"primaryImageOfPage":{"@id":"https:\/\/www.etto.cz\/elektricka-topna-telesa\/topne-pasy\/topne-pasy-se-slidovou-izolaci\/#primaryimage"},"image":{"@id":"https:\/\/www.etto.cz\/elektricka-topna-telesa\/topne-pasy\/topne-pasy-se-slidovou-izolaci\/#primaryimage"},"thumbnailUrl":"https:\/\/www.etto.cz\/wp-content\/uploads\/2016\/12\/topny_pas_2.jpg","datePublished":"2018-03-14T13:51:11+00:00","dateModified":"2024-11-25T09:03:06+00:00","description":"Custom mica-insulated band and nozzle heaters for injection moulding and extrusion. European manufacturer of industrial heating elements.","breadcrumb":{"@id":"https:\/\/www.etto.cz\/elektricka-topna-telesa\/topne-pasy\/topne-pasy-se-slidovou-izolaci\/#breadcrumb"},"inLanguage":"en-GB","potentialAction":[{"@type":"ReadAction","target":["https:\/\/www.etto.cz\/elektricka-topna-telesa\/topne-pasy\/topne-pasy-se-slidovou-izolaci\/"]}]},{"@type":"ImageObject","inLanguage":"en-GB","@id":"https:\/\/www.etto.cz\/elektricka-topna-telesa\/topne-pasy\/topne-pasy-se-slidovou-izolaci\/#primaryimage","url":"https:\/\/www.etto.cz\/wp-content\/uploads\/2016\/12\/topny_pas_2.jpg","contentUrl":"https:\/\/www.etto.cz\/wp-content\/uploads\/2016\/12\/topny_pas_2.jpg","width":806,"height":806},{"@type":"BreadcrumbList","@id":"https:\/\/www.etto.cz\/elektricka-topna-telesa\/topne-pasy\/topne-pasy-se-slidovou-izolaci\/#breadcrumb","itemListElement":[{"@type":"ListItem","position":1,"name":"Dom\u016f","item":"https:\/\/www.etto.cz\/"},{"@type":"ListItem","position":2,"name":"Electric heating elements -Products","item":"https:\/\/www.etto.cz\/elektricka-topna-telesa\/"},{"@type":"ListItem","position":3,"name":"Band heaters and nozzle heaters","item":"https:\/\/www.etto.cz\/elektricka-topna-telesa\/topne-pasy\/"},{"@type":"ListItem","position":4,"name":"Band and nozzle heaters with mica insulation"}]},{"@type":"WebSite","@id":"https:\/\/www.etto.cz\/#website","url":"https:\/\/www.etto.cz\/","name":"ETTO","description":"V\u00fdroba elektrick\u00fdch topn\u00fdch t\u011bles","potentialAction":[{"@type":"SearchAction","target":{"@type":"EntryPoint","urlTemplate":"https:\/\/www.etto.cz\/?s={search_term_string}"},"query-input":{"@type":"PropertyValueSpecification","valueRequired":true,"valueName":"search_term_string"}}],"inLanguage":"en-GB"}]}},"_links":{"self":[{"href":"https:\/\/www.etto.cz\/en\/wp-json\/wp\/v2\/pages\/2812","targetHints":{"allow":["GET"]}}],"collection":[{"href":"https:\/\/www.etto.cz\/en\/wp-json\/wp\/v2\/pages"}],"about":[{"href":"https:\/\/www.etto.cz\/en\/wp-json\/wp\/v2\/types\/page"}],"author":[{"embeddable":true,"href":"https:\/\/www.etto.cz\/en\/wp-json\/wp\/v2\/users\/1"}],"replies":[{"embeddable":true,"href":"https:\/\/www.etto.cz\/en\/wp-json\/wp\/v2\/comments?post=2812"}],"version-history":[{"count":6,"href":"https:\/\/www.etto.cz\/en\/wp-json\/wp\/v2\/pages\/2812\/revisions"}],"predecessor-version":[{"id":5320,"href":"https:\/\/www.etto.cz\/en\/wp-json\/wp\/v2\/pages\/2812\/revisions\/5320"}],"up":[{"embeddable":true,"href":"https:\/\/www.etto.cz\/en\/wp-json\/wp\/v2\/pages\/2811"}],"wp:featuredmedia":[{"embeddable":true,"href":"https:\/\/www.etto.cz\/en\/wp-json\/wp\/v2\/media\/2604"}],"wp:attachment":[{"href":"https:\/\/www.etto.cz\/en\/wp-json\/wp\/v2\/media?parent=2812"}],"curies":[{"name":"wp","href":"https:\/\/api.w.org\/{rel}","templated":true}]}}