{"id":2820,"date":"2018-03-14T14:52:51","date_gmt":"2018-03-14T13:52:51","guid":{"rendered":"http:\/\/www.etto.cz\/heating-of-substances\/contact-heating-of-solid-substances\/"},"modified":"2020-04-27T12:27:25","modified_gmt":"2020-04-27T11:27:25","slug":"contact-heating-of-solid-substances","status":"publish","type":"page","link":"https:\/\/www.etto.cz\/en\/heating-of-substances\/contact-heating-of-solid-substances\/","title":{"rendered":"Heating solids &#8211; contact heating"},"content":{"rendered":"<p><strong>Information required to determine the wattage of the heating elements for heating of solid materials:<\/strong><\/p>\n<ul>\n<li style=\"text-align: justify;\">Specification of heated material including the surface (glossy, black, etc.).<\/li>\n<li style=\"text-align: justify;\">Weight, shape, and location of material.<\/li>\n<li style=\"text-align: justify;\">Starting and target temperature.<\/li>\n<li style=\"text-align: justify;\">Time required for heating.<\/li>\n<li style=\"text-align: justify;\">Information about the ambient temperature and the method of insulation.<\/li>\n<\/ul>\n<p style=\"text-align: justify;\"><strong>For the design of a specific solution, i.e. selection of the type of heating element, shape, and dimension, it is necessary to define:<\/strong><\/p>\n<ul>\n<li style=\"text-align: justify;\">The dimensions and the shape of the heated part, the place, and the space designated for electric termination (leads).<\/li>\n<li style=\"text-align: justify;\">Environment and limiting factors in the place of electric termination (e.g. vibrations, movement of parts, humidity, bending of leads in the place of the leads of the part, risk of mechanical damage or contamination by oil or other liquids, explosive character of the environment, etc.)<\/li>\n<li style=\"text-align: justify;\">Proposed method of temperature regulation.<\/li>\n<\/ul>\n<p>For more information or help to resolve specific heating issues, please contact us.<\/p>\n<p>&nbsp;<\/p>\n","protected":false},"excerpt":{"rendered":"<p>Information required to determine the wattage of the heating elements for heating of solid materials: Specification of heated material including the surface (glossy, black, etc.). &#8230;<\/p>\n","protected":false},"author":1,"featured_media":0,"parent":2817,"menu_order":0,"comment_status":"open","ping_status":"open","template":"_page-menu.php","meta":{"_acf_changed":false,"ngg_post_thumbnail":0,"footnotes":"","_links_to":"","_links_to_target":""},"class_list":["post-2820","page","type-page","status-publish","hentry"],"acf":[],"yoast_head":"<!-- This site is optimized with the Yoast SEO plugin v27.6 - https:\/\/yoast.com\/product\/yoast-seo-wordpress\/ -->\n<title>Contact Heating - Heating Solids | ELEKTRON-ETTO<\/title>\n<meta name=\"description\" content=\"Contact heating elements for solid materials. Cartridge heaters and flat heaters for moulds, dies and platens from ELEKTRON-ETTO, European manufacturer.\" \/>\n<meta name=\"robots\" content=\"index, follow, max-snippet:-1, max-image-preview:large, max-video-preview:-1\" \/>\n<link rel=\"canonical\" href=\"https:\/\/www.etto.cz\/en\/heating-of-substances\/contact-heating-of-solid-substances\/\" \/>\n<meta property=\"og:locale\" content=\"en_GB\" \/>\n<meta property=\"og:type\" content=\"article\" \/>\n<meta property=\"og:title\" content=\"Contact Heating - Heating Solids | ELEKTRON-ETTO\" \/>\n<meta property=\"og:description\" content=\"Contact heating elements for solid materials. Cartridge heaters and flat heaters for moulds, dies and platens from ELEKTRON-ETTO, European manufacturer.\" \/>\n<meta property=\"og:url\" content=\"https:\/\/www.etto.cz\/en\/heating-of-substances\/contact-heating-of-solid-substances\/\" \/>\n<meta property=\"og:site_name\" content=\"ETTO\" \/>\n<meta property=\"article:modified_time\" content=\"2020-04-27T11:27:25+00:00\" \/>\n<meta property=\"og:image\" content=\"https:\/\/www.etto.cz\/en\/wp-content\/gallery\/prumyslova-telesa\/teleso-kotel.jpg\" \/>\n<meta name=\"twitter:card\" content=\"summary_large_image\" \/>\n<meta name=\"twitter:label1\" content=\"Est. reading time\" \/>\n\t<meta name=\"twitter:data1\" content=\"1 minute\" \/>\n<script type=\"application\/ld+json\" class=\"yoast-schema-graph\">{\"@context\":\"https:\\\/\\\/schema.org\",\"@graph\":[{\"@type\":\"WebPage\",\"@id\":\"https:\\\/\\\/www.etto.cz\\\/ohrev-latek\\\/kontaktni-ohrev-pevnych-latek\\\/\",\"url\":\"https:\\\/\\\/www.etto.cz\\\/ohrev-latek\\\/kontaktni-ohrev-pevnych-latek\\\/\",\"name\":\"Contact Heating - Heating Solids | ELEKTRON-ETTO\",\"isPartOf\":{\"@id\":\"https:\\\/\\\/www.etto.cz\\\/#website\"},\"datePublished\":\"2018-03-14T13:52:51+00:00\",\"dateModified\":\"2020-04-27T11:27:25+00:00\",\"description\":\"Contact heating elements for solid materials. Cartridge heaters and flat heaters for moulds, dies and platens from ELEKTRON-ETTO, European manufacturer.\",\"breadcrumb\":{\"@id\":\"https:\\\/\\\/www.etto.cz\\\/ohrev-latek\\\/kontaktni-ohrev-pevnych-latek\\\/#breadcrumb\"},\"inLanguage\":\"en-GB\",\"potentialAction\":[{\"@type\":\"ReadAction\",\"target\":[\"https:\\\/\\\/www.etto.cz\\\/ohrev-latek\\\/kontaktni-ohrev-pevnych-latek\\\/\"]}]},{\"@type\":\"BreadcrumbList\",\"@id\":\"https:\\\/\\\/www.etto.cz\\\/ohrev-latek\\\/kontaktni-ohrev-pevnych-latek\\\/#breadcrumb\",\"itemListElement\":[{\"@type\":\"ListItem\",\"position\":1,\"name\":\"Dom\u016f\",\"item\":\"https:\\\/\\\/www.etto.cz\\\/\"},{\"@type\":\"ListItem\",\"position\":2,\"name\":\"Heating of substances\",\"item\":\"https:\\\/\\\/www.etto.cz\\\/ohrev-latek\\\/\"},{\"@type\":\"ListItem\",\"position\":3,\"name\":\"Heating solids &#8211; contact heating\"}]},{\"@type\":\"WebSite\",\"@id\":\"https:\\\/\\\/www.etto.cz\\\/#website\",\"url\":\"https:\\\/\\\/www.etto.cz\\\/\",\"name\":\"ETTO\",\"description\":\"V\u00fdroba elektrick\u00fdch topn\u00fdch t\u011bles\",\"potentialAction\":[{\"@type\":\"SearchAction\",\"target\":{\"@type\":\"EntryPoint\",\"urlTemplate\":\"https:\\\/\\\/www.etto.cz\\\/?s={search_term_string}\"},\"query-input\":{\"@type\":\"PropertyValueSpecification\",\"valueRequired\":true,\"valueName\":\"search_term_string\"}}],\"inLanguage\":\"en-GB\"}]}<\/script>\n<!-- \/ Yoast SEO plugin. -->","yoast_head_json":{"title":"Contact Heating - Heating Solids | ELEKTRON-ETTO","description":"Contact heating elements for solid materials. Cartridge heaters and flat heaters for moulds, dies and platens from ELEKTRON-ETTO, European manufacturer.","robots":{"index":"index","follow":"follow","max-snippet":"max-snippet:-1","max-image-preview":"max-image-preview:large","max-video-preview":"max-video-preview:-1"},"canonical":"https:\/\/www.etto.cz\/en\/heating-of-substances\/contact-heating-of-solid-substances\/","og_locale":"en_GB","og_type":"article","og_title":"Contact Heating - Heating Solids | ELEKTRON-ETTO","og_description":"Contact heating elements for solid materials. Cartridge heaters and flat heaters for moulds, dies and platens from ELEKTRON-ETTO, European manufacturer.","og_url":"https:\/\/www.etto.cz\/en\/heating-of-substances\/contact-heating-of-solid-substances\/","og_site_name":"ETTO","article_modified_time":"2020-04-27T11:27:25+00:00","og_image":[{"url":"https:\/\/www.etto.cz\/en\/wp-content\/gallery\/prumyslova-telesa\/teleso-kotel.jpg","type":"","width":"","height":""}],"twitter_card":"summary_large_image","twitter_misc":{"Est. reading time":"1 minute"},"schema":{"@context":"https:\/\/schema.org","@graph":[{"@type":"WebPage","@id":"https:\/\/www.etto.cz\/ohrev-latek\/kontaktni-ohrev-pevnych-latek\/","url":"https:\/\/www.etto.cz\/ohrev-latek\/kontaktni-ohrev-pevnych-latek\/","name":"Contact Heating - Heating Solids | ELEKTRON-ETTO","isPartOf":{"@id":"https:\/\/www.etto.cz\/#website"},"datePublished":"2018-03-14T13:52:51+00:00","dateModified":"2020-04-27T11:27:25+00:00","description":"Contact heating elements for solid materials. Cartridge heaters and flat heaters for moulds, dies and platens from ELEKTRON-ETTO, European manufacturer.","breadcrumb":{"@id":"https:\/\/www.etto.cz\/ohrev-latek\/kontaktni-ohrev-pevnych-latek\/#breadcrumb"},"inLanguage":"en-GB","potentialAction":[{"@type":"ReadAction","target":["https:\/\/www.etto.cz\/ohrev-latek\/kontaktni-ohrev-pevnych-latek\/"]}]},{"@type":"BreadcrumbList","@id":"https:\/\/www.etto.cz\/ohrev-latek\/kontaktni-ohrev-pevnych-latek\/#breadcrumb","itemListElement":[{"@type":"ListItem","position":1,"name":"Dom\u016f","item":"https:\/\/www.etto.cz\/"},{"@type":"ListItem","position":2,"name":"Heating of substances","item":"https:\/\/www.etto.cz\/ohrev-latek\/"},{"@type":"ListItem","position":3,"name":"Heating solids &#8211; contact heating"}]},{"@type":"WebSite","@id":"https:\/\/www.etto.cz\/#website","url":"https:\/\/www.etto.cz\/","name":"ETTO","description":"V\u00fdroba elektrick\u00fdch topn\u00fdch t\u011bles","potentialAction":[{"@type":"SearchAction","target":{"@type":"EntryPoint","urlTemplate":"https:\/\/www.etto.cz\/?s={search_term_string}"},"query-input":{"@type":"PropertyValueSpecification","valueRequired":true,"valueName":"search_term_string"}}],"inLanguage":"en-GB"}]}},"_links":{"self":[{"href":"https:\/\/www.etto.cz\/en\/wp-json\/wp\/v2\/pages\/2820","targetHints":{"allow":["GET"]}}],"collection":[{"href":"https:\/\/www.etto.cz\/en\/wp-json\/wp\/v2\/pages"}],"about":[{"href":"https:\/\/www.etto.cz\/en\/wp-json\/wp\/v2\/types\/page"}],"author":[{"embeddable":true,"href":"https:\/\/www.etto.cz\/en\/wp-json\/wp\/v2\/users\/1"}],"replies":[{"embeddable":true,"href":"https:\/\/www.etto.cz\/en\/wp-json\/wp\/v2\/comments?post=2820"}],"version-history":[{"count":7,"href":"https:\/\/www.etto.cz\/en\/wp-json\/wp\/v2\/pages\/2820\/revisions"}],"predecessor-version":[{"id":4865,"href":"https:\/\/www.etto.cz\/en\/wp-json\/wp\/v2\/pages\/2820\/revisions\/4865"}],"up":[{"embeddable":true,"href":"https:\/\/www.etto.cz\/en\/wp-json\/wp\/v2\/pages\/2817"}],"wp:attachment":[{"href":"https:\/\/www.etto.cz\/en\/wp-json\/wp\/v2\/media?parent=2820"}],"curies":[{"name":"wp","href":"https:\/\/api.w.org\/{rel}","templated":true}]}}