{"id":2824,"date":"2018-03-14T14:53:39","date_gmt":"2018-03-14T13:53:39","guid":{"rendered":"http:\/\/www.etto.cz\/bodies-according-to-the-purpose\/"},"modified":"2018-06-07T11:21:22","modified_gmt":"2018-06-07T10:21:22","slug":"bodies-according-to-the-purpose","status":"publish","type":"page","link":"https:\/\/www.etto.cz\/en\/bodies-according-to-the-purpose\/","title":{"rendered":"Elements according to the purpose"},"content":{"rendered":"<div class=\"sub-menu\">            <a href=\"https:\/\/www.etto.cz\/en\/bodies-according-to-the-purpose\/heating-bodies-for-industrial-applications\/\" class=\"subitem\">\n                <span class=\"img\">\n                    <img decoding=\"async\" src=\"https:\/\/www.etto.cz\/wp-content\/uploads\/2016\/12\/ohrev_vzduchu_potrubi-153x153.jpg\" alt=\"Industrial heaters\" loading=\"lazy\" \/>\n                    <span><em>Industrial heaters<\/em><\/span>\n                <\/span>\n                <strong>Industrial heaters<\/strong>\n            <\/a>\n                        <a href=\"https:\/\/www.etto.cz\/en\/bodies-according-to-the-purpose\/heating-bodies-for-bathroom-radiators\/\" class=\"subitem\">\n                <span class=\"img\">\n                    <img decoding=\"async\" src=\"https:\/\/www.etto.cz\/wp-content\/uploads\/2016\/12\/z1-153x153.png\" alt=\"Radiator heaters\" loading=\"lazy\" \/>\n                    <span><em>Radiator heaters<\/em><\/span>\n                <\/span>\n                <strong>Radiator heaters<\/strong>\n            <\/a>\n                        <a href=\"https:\/\/www.etto.cz\/en\/bodies-according-to-the-purpose\/heating-bodies-for-honey-dissolution\/\" class=\"subitem\">\n                <span class=\"img\">\n                    <img decoding=\"async\" src=\"https:\/\/www.etto.cz\/wp-content\/uploads\/2016\/12\/tm1-153x135.jpg\" alt=\"Heating of honey\" loading=\"lazy\" \/>\n                    <span><em>Heating of honey<\/em><\/span>\n                <\/span>\n                <strong>Heating of honey<\/strong>\n            <\/a>\n                        <a href=\"https:\/\/www.etto.cz\/en\/bodies-according-to-the-purpose\/heating-of-galvanic-baths\/\" class=\"subitem\">\n                <span class=\"img\">\n                    <img decoding=\"async\" src=\"https:\/\/www.etto.cz\/wp-content\/uploads\/2025\/04\/popular_3kw-153x96.jpg\" alt=\"Chemical resistent heaters\" loading=\"lazy\" \/>\n                    <span><em>Chemical resistent heaters<\/em><\/span>\n                <\/span>\n                <strong>Chemical resistent heaters<\/strong>\n            <\/a>\n                        <a href=\"https:\/\/www.etto.cz\/en\/bodies-according-to-the-purpose\/heating-bodies-with-the-vulcanized-cable-connection\/\" class=\"subitem\">\n                <span class=\"img\">\n                    <img decoding=\"async\" src=\"https:\/\/www.etto.cz\/wp-content\/uploads\/2020\/02\/topne-teleso-vulkanizovane-153x153.jpg\" alt=\"Heating elements with rubber overmoulds\" loading=\"lazy\" \/>\n                    <span><em>Heating elements with rubber overmoulds<\/em><\/span>\n                <\/span>\n                <strong>Heating elements with rubber overmoulds<\/strong>\n            <\/a>\n                        <a href=\"https:\/\/www.etto.cz\/en\/bodies-according-to-the-purpose\/heating-bodies-for-explosive-environment\/\" class=\"subitem\">\n                <span class=\"img\">\n                    <img decoding=\"async\" src=\"https:\/\/www.etto.cz\/wp-content\/uploads\/2017\/09\/aer-ex-111x153.jpg\" alt=\"Heaters for explosive environment\" loading=\"lazy\" \/>\n                    <span><em>Heaters for explosive environment<\/em><\/span>\n                <\/span>\n                <strong>Heaters for explosive environment<\/strong>\n            <\/a>\n                        <a href=\"https:\/\/www.etto.cz\/en\/bodies-according-to-the-purpose\/shoe-dryer\/\" class=\"subitem\">\n                <span class=\"img\">\n                    <img decoding=\"async\" src=\"https:\/\/www.etto.cz\/wp-content\/uploads\/2016\/12\/susic_2-153x134.jpg\" alt=\"Shoe dryer\" loading=\"lazy\" \/>\n                    <span><em>Shoe dryer<\/em><\/span>\n                <\/span>\n                <strong>Shoe dryer<\/strong>\n            <\/a>\n            <\/div>\n","protected":false},"excerpt":{"rendered":"","protected":false},"author":1,"featured_media":0,"parent":0,"menu_order":0,"comment_status":"open","ping_status":"open","template":"_page-menu.php","meta":{"_acf_changed":false,"ngg_post_thumbnail":0,"footnotes":"","_links_to":"","_links_to_target":""},"class_list":["post-2824","page","type-page","status-publish","hentry"],"acf":[],"yoast_head":"<!-- This site is optimized with the Yoast SEO plugin v27.5 - https:\/\/yoast.com\/product\/yoast-seo-wordpress\/ -->\n<title>Heating Elements by Application | ELEKTRON-ETTO<\/title>\n<meta name=\"description\" content=\"Industrial heating elements tailored to your application. Solutions for liquid heating, gas heating, contact heating and more from ELEKTRON-ETTO.\" \/>\n<meta name=\"robots\" content=\"index, follow, max-snippet:-1, max-image-preview:large, max-video-preview:-1\" \/>\n<link rel=\"canonical\" href=\"https:\/\/www.etto.cz\/en\/bodies-according-to-the-purpose\/shoe-dryer\/\" \/>\n<meta property=\"og:locale\" content=\"en_GB\" \/>\n<meta property=\"og:type\" content=\"article\" \/>\n<meta property=\"og:title\" content=\"Heating Elements by Application | ELEKTRON-ETTO\" \/>\n<meta property=\"og:description\" content=\"Industrial heating elements tailored to your application. Solutions for liquid heating, gas heating, contact heating and more from ELEKTRON-ETTO.\" \/>\n<meta property=\"og:url\" content=\"https:\/\/www.etto.cz\/en\/bodies-according-to-the-purpose\/shoe-dryer\/\" \/>\n<meta property=\"og:site_name\" content=\"ETTO\" \/>\n<meta property=\"article:modified_time\" content=\"2018-06-07T10:21:22+00:00\" \/>\n<meta property=\"og:image\" content=\"https:\/\/www.etto.cz\/en\/wp-content\/gallery\/prumyslova-telesa\/teleso-kotel.jpg\" \/>\n<meta name=\"twitter:card\" content=\"summary_large_image\" \/>\n<script type=\"application\/ld+json\" class=\"yoast-schema-graph\">{\"@context\":\"https:\\\/\\\/schema.org\",\"@graph\":[{\"@type\":\"WebPage\",\"@id\":\"https:\\\/\\\/www.etto.cz\\\/telesa-podle-ucelu\\\/\",\"url\":\"https:\\\/\\\/www.etto.cz\\\/telesa-podle-ucelu\\\/\",\"name\":\"Heating Elements by Application | ELEKTRON-ETTO\",\"isPartOf\":{\"@id\":\"https:\\\/\\\/www.etto.cz\\\/#website\"},\"datePublished\":\"2018-03-14T13:53:39+00:00\",\"dateModified\":\"2018-06-07T10:21:22+00:00\",\"description\":\"Industrial heating elements tailored to your application. Solutions for liquid heating, gas heating, contact heating and more from ELEKTRON-ETTO.\",\"breadcrumb\":{\"@id\":\"https:\\\/\\\/www.etto.cz\\\/telesa-podle-ucelu\\\/#breadcrumb\"},\"inLanguage\":\"en-GB\",\"potentialAction\":[{\"@type\":\"ReadAction\",\"target\":[\"https:\\\/\\\/www.etto.cz\\\/telesa-podle-ucelu\\\/\"]}]},{\"@type\":\"BreadcrumbList\",\"@id\":\"https:\\\/\\\/www.etto.cz\\\/telesa-podle-ucelu\\\/#breadcrumb\",\"itemListElement\":[{\"@type\":\"ListItem\",\"position\":1,\"name\":\"Dom\u016f\",\"item\":\"https:\\\/\\\/www.etto.cz\\\/\"},{\"@type\":\"ListItem\",\"position\":2,\"name\":\"Elements according to the purpose\"}]},{\"@type\":\"WebSite\",\"@id\":\"https:\\\/\\\/www.etto.cz\\\/#website\",\"url\":\"https:\\\/\\\/www.etto.cz\\\/\",\"name\":\"ETTO\",\"description\":\"V\u00fdroba elektrick\u00fdch topn\u00fdch t\u011bles\",\"potentialAction\":[{\"@type\":\"SearchAction\",\"target\":{\"@type\":\"EntryPoint\",\"urlTemplate\":\"https:\\\/\\\/www.etto.cz\\\/?s={search_term_string}\"},\"query-input\":{\"@type\":\"PropertyValueSpecification\",\"valueRequired\":true,\"valueName\":\"search_term_string\"}}],\"inLanguage\":\"en-GB\"}]}<\/script>\n<!-- \/ Yoast SEO plugin. -->","yoast_head_json":{"title":"Heating Elements by Application | ELEKTRON-ETTO","description":"Industrial heating elements tailored to your application. Solutions for liquid heating, gas heating, contact heating and more from ELEKTRON-ETTO.","robots":{"index":"index","follow":"follow","max-snippet":"max-snippet:-1","max-image-preview":"max-image-preview:large","max-video-preview":"max-video-preview:-1"},"canonical":"https:\/\/www.etto.cz\/en\/bodies-according-to-the-purpose\/shoe-dryer\/","og_locale":"en_GB","og_type":"article","og_title":"Heating Elements by Application | ELEKTRON-ETTO","og_description":"Industrial heating elements tailored to your application. Solutions for liquid heating, gas heating, contact heating and more from ELEKTRON-ETTO.","og_url":"https:\/\/www.etto.cz\/en\/bodies-according-to-the-purpose\/shoe-dryer\/","og_site_name":"ETTO","article_modified_time":"2018-06-07T10:21:22+00:00","og_image":[{"url":"https:\/\/www.etto.cz\/en\/wp-content\/gallery\/prumyslova-telesa\/teleso-kotel.jpg","type":"","width":"","height":""}],"twitter_card":"summary_large_image","schema":{"@context":"https:\/\/schema.org","@graph":[{"@type":"WebPage","@id":"https:\/\/www.etto.cz\/telesa-podle-ucelu\/","url":"https:\/\/www.etto.cz\/telesa-podle-ucelu\/","name":"Heating Elements by Application | ELEKTRON-ETTO","isPartOf":{"@id":"https:\/\/www.etto.cz\/#website"},"datePublished":"2018-03-14T13:53:39+00:00","dateModified":"2018-06-07T10:21:22+00:00","description":"Industrial heating elements tailored to your application. Solutions for liquid heating, gas heating, contact heating and more from ELEKTRON-ETTO.","breadcrumb":{"@id":"https:\/\/www.etto.cz\/telesa-podle-ucelu\/#breadcrumb"},"inLanguage":"en-GB","potentialAction":[{"@type":"ReadAction","target":["https:\/\/www.etto.cz\/telesa-podle-ucelu\/"]}]},{"@type":"BreadcrumbList","@id":"https:\/\/www.etto.cz\/telesa-podle-ucelu\/#breadcrumb","itemListElement":[{"@type":"ListItem","position":1,"name":"Dom\u016f","item":"https:\/\/www.etto.cz\/"},{"@type":"ListItem","position":2,"name":"Elements according to the purpose"}]},{"@type":"WebSite","@id":"https:\/\/www.etto.cz\/#website","url":"https:\/\/www.etto.cz\/","name":"ETTO","description":"V\u00fdroba elektrick\u00fdch topn\u00fdch t\u011bles","potentialAction":[{"@type":"SearchAction","target":{"@type":"EntryPoint","urlTemplate":"https:\/\/www.etto.cz\/?s={search_term_string}"},"query-input":{"@type":"PropertyValueSpecification","valueRequired":true,"valueName":"search_term_string"}}],"inLanguage":"en-GB"}]}},"_links":{"self":[{"href":"https:\/\/www.etto.cz\/en\/wp-json\/wp\/v2\/pages\/2824","targetHints":{"allow":["GET"]}}],"collection":[{"href":"https:\/\/www.etto.cz\/en\/wp-json\/wp\/v2\/pages"}],"about":[{"href":"https:\/\/www.etto.cz\/en\/wp-json\/wp\/v2\/types\/page"}],"author":[{"embeddable":true,"href":"https:\/\/www.etto.cz\/en\/wp-json\/wp\/v2\/users\/1"}],"replies":[{"embeddable":true,"href":"https:\/\/www.etto.cz\/en\/wp-json\/wp\/v2\/comments?post=2824"}],"version-history":[{"count":0,"href":"https:\/\/www.etto.cz\/en\/wp-json\/wp\/v2\/pages\/2824\/revisions"}],"wp:attachment":[{"href":"https:\/\/www.etto.cz\/en\/wp-json\/wp\/v2\/media?parent=2824"}],"curies":[{"name":"wp","href":"https:\/\/api.w.org\/{rel}","templated":true}]}}