{"id":2825,"date":"2018-03-14T14:53:53","date_gmt":"2018-03-14T13:53:53","guid":{"rendered":"http:\/\/www.etto.cz\/bodies-according-to-the-purpose\/heating-bodies-with-the-vulcanized-cable-connection\/"},"modified":"2020-02-13T08:53:42","modified_gmt":"2020-02-13T07:53:42","slug":"heating-bodies-with-the-vulcanized-cable-connection","status":"publish","type":"page","link":"https:\/\/www.etto.cz\/en\/bodies-according-to-the-purpose\/heating-bodies-with-the-vulcanized-cable-connection\/","title":{"rendered":"Heating elements with rubber overmoulds"},"content":{"rendered":"<p>These are used in applications that require complete sealing of the cable to the heating rod or require the resistance of the cable connection to the heating rod against damage caused by frequent bending. The cable and heating element joint is protected by a vulcanized rubber layer.&nbsp;<\/p>\n<p><strong>Use:&nbsp;<\/strong> heating elements for defrosting, heating elements for outdoor use, etc.<\/p>\n","protected":false},"excerpt":{"rendered":"<p>These are used in applications that require complete sealing of the cable to the heating rod or require the resistance of the cable connection to &#8230;<\/p>\n","protected":false},"author":1,"featured_media":4706,"parent":2824,"menu_order":0,"comment_status":"open","ping_status":"open","template":"_page-menu.php","meta":{"_acf_changed":false,"ngg_post_thumbnail":0,"footnotes":"","_links_to":"","_links_to_target":""},"class_list":["post-2825","page","type-page","status-publish","has-post-thumbnail","hentry"],"acf":[],"yoast_head":"<!-- This site is optimized with the Yoast SEO plugin v27.3 - https:\/\/yoast.com\/product\/yoast-seo-wordpress\/ -->\n<title>Heating Elements with Rubber Overmoulds | ELEKTRON-ETTO<\/title>\n<meta name=\"description\" content=\"Custom heating elements with vulcanised rubber cable connections. Waterproof and durable lead-out solutions from European manufacturer ELEKTRON-ETTO.\" \/>\n<meta name=\"robots\" content=\"index, follow, max-snippet:-1, max-image-preview:large, max-video-preview:-1\" \/>\n<link rel=\"canonical\" href=\"https:\/\/www.etto.cz\/en\/bodies-according-to-the-purpose\/heating-bodies-with-the-vulcanized-cable-connection\/\" \/>\n<meta property=\"og:locale\" content=\"en_GB\" \/>\n<meta property=\"og:type\" content=\"article\" \/>\n<meta property=\"og:title\" content=\"Heating Elements with Rubber Overmoulds | ELEKTRON-ETTO\" \/>\n<meta property=\"og:description\" content=\"Custom heating elements with vulcanised rubber cable connections. Waterproof and durable lead-out solutions from European manufacturer ELEKTRON-ETTO.\" \/>\n<meta property=\"og:url\" content=\"https:\/\/www.etto.cz\/en\/bodies-according-to-the-purpose\/heating-bodies-with-the-vulcanized-cable-connection\/\" \/>\n<meta property=\"og:site_name\" content=\"ETTO\" \/>\n<meta property=\"article:modified_time\" content=\"2020-02-13T07:53:42+00:00\" \/>\n<meta property=\"og:image\" content=\"https:\/\/www.etto.cz\/wp-content\/uploads\/2020\/02\/topne-teleso-vulkanizovane.jpg\" \/>\n\t<meta property=\"og:image:width\" content=\"630\" \/>\n\t<meta property=\"og:image:height\" content=\"630\" \/>\n\t<meta property=\"og:image:type\" content=\"image\/jpeg\" \/>\n<meta name=\"twitter:card\" content=\"summary_large_image\" \/>\n<script type=\"application\/ld+json\" class=\"yoast-schema-graph\">{\"@context\":\"https:\\\/\\\/schema.org\",\"@graph\":[{\"@type\":\"WebPage\",\"@id\":\"https:\\\/\\\/www.etto.cz\\\/telesa-podle-ucelu\\\/topna-telesa-s-napojenim-kabelu-vulkanizaci\\\/\",\"url\":\"https:\\\/\\\/www.etto.cz\\\/telesa-podle-ucelu\\\/topna-telesa-s-napojenim-kabelu-vulkanizaci\\\/\",\"name\":\"Heating Elements with Rubber Overmoulds | ELEKTRON-ETTO\",\"isPartOf\":{\"@id\":\"https:\\\/\\\/www.etto.cz\\\/#website\"},\"primaryImageOfPage\":{\"@id\":\"https:\\\/\\\/www.etto.cz\\\/telesa-podle-ucelu\\\/topna-telesa-s-napojenim-kabelu-vulkanizaci\\\/#primaryimage\"},\"image\":{\"@id\":\"https:\\\/\\\/www.etto.cz\\\/telesa-podle-ucelu\\\/topna-telesa-s-napojenim-kabelu-vulkanizaci\\\/#primaryimage\"},\"thumbnailUrl\":\"https:\\\/\\\/www.etto.cz\\\/wp-content\\\/uploads\\\/2020\\\/02\\\/topne-teleso-vulkanizovane.jpg\",\"datePublished\":\"2018-03-14T13:53:53+00:00\",\"dateModified\":\"2020-02-13T07:53:42+00:00\",\"description\":\"Custom heating elements with vulcanised rubber cable connections. Waterproof and durable lead-out solutions from European manufacturer ELEKTRON-ETTO.\",\"breadcrumb\":{\"@id\":\"https:\\\/\\\/www.etto.cz\\\/telesa-podle-ucelu\\\/topna-telesa-s-napojenim-kabelu-vulkanizaci\\\/#breadcrumb\"},\"inLanguage\":\"en-GB\",\"potentialAction\":[{\"@type\":\"ReadAction\",\"target\":[\"https:\\\/\\\/www.etto.cz\\\/telesa-podle-ucelu\\\/topna-telesa-s-napojenim-kabelu-vulkanizaci\\\/\"]}]},{\"@type\":\"ImageObject\",\"inLanguage\":\"en-GB\",\"@id\":\"https:\\\/\\\/www.etto.cz\\\/telesa-podle-ucelu\\\/topna-telesa-s-napojenim-kabelu-vulkanizaci\\\/#primaryimage\",\"url\":\"https:\\\/\\\/www.etto.cz\\\/wp-content\\\/uploads\\\/2020\\\/02\\\/topne-teleso-vulkanizovane.jpg\",\"contentUrl\":\"https:\\\/\\\/www.etto.cz\\\/wp-content\\\/uploads\\\/2020\\\/02\\\/topne-teleso-vulkanizovane.jpg\",\"width\":630,\"height\":630},{\"@type\":\"BreadcrumbList\",\"@id\":\"https:\\\/\\\/www.etto.cz\\\/telesa-podle-ucelu\\\/topna-telesa-s-napojenim-kabelu-vulkanizaci\\\/#breadcrumb\",\"itemListElement\":[{\"@type\":\"ListItem\",\"position\":1,\"name\":\"Dom\u016f\",\"item\":\"https:\\\/\\\/www.etto.cz\\\/\"},{\"@type\":\"ListItem\",\"position\":2,\"name\":\"Elements according to the purpose\",\"item\":\"https:\\\/\\\/www.etto.cz\\\/telesa-podle-ucelu\\\/\"},{\"@type\":\"ListItem\",\"position\":3,\"name\":\"Heating elements with rubber overmoulds\"}]},{\"@type\":\"WebSite\",\"@id\":\"https:\\\/\\\/www.etto.cz\\\/#website\",\"url\":\"https:\\\/\\\/www.etto.cz\\\/\",\"name\":\"ETTO\",\"description\":\"V\u00fdroba elektrick\u00fdch topn\u00fdch t\u011bles\",\"potentialAction\":[{\"@type\":\"SearchAction\",\"target\":{\"@type\":\"EntryPoint\",\"urlTemplate\":\"https:\\\/\\\/www.etto.cz\\\/?s={search_term_string}\"},\"query-input\":{\"@type\":\"PropertyValueSpecification\",\"valueRequired\":true,\"valueName\":\"search_term_string\"}}],\"inLanguage\":\"en-GB\"}]}<\/script>\n<!-- \/ Yoast SEO plugin. -->","yoast_head_json":{"title":"Heating Elements with Rubber Overmoulds | ELEKTRON-ETTO","description":"Custom heating elements with vulcanised rubber cable connections. Waterproof and durable lead-out solutions from European manufacturer ELEKTRON-ETTO.","robots":{"index":"index","follow":"follow","max-snippet":"max-snippet:-1","max-image-preview":"max-image-preview:large","max-video-preview":"max-video-preview:-1"},"canonical":"https:\/\/www.etto.cz\/en\/bodies-according-to-the-purpose\/heating-bodies-with-the-vulcanized-cable-connection\/","og_locale":"en_GB","og_type":"article","og_title":"Heating Elements with Rubber Overmoulds | ELEKTRON-ETTO","og_description":"Custom heating elements with vulcanised rubber cable connections. Waterproof and durable lead-out solutions from European manufacturer ELEKTRON-ETTO.","og_url":"https:\/\/www.etto.cz\/en\/bodies-according-to-the-purpose\/heating-bodies-with-the-vulcanized-cable-connection\/","og_site_name":"ETTO","article_modified_time":"2020-02-13T07:53:42+00:00","og_image":[{"width":630,"height":630,"url":"https:\/\/www.etto.cz\/wp-content\/uploads\/2020\/02\/topne-teleso-vulkanizovane.jpg","type":"image\/jpeg"}],"twitter_card":"summary_large_image","schema":{"@context":"https:\/\/schema.org","@graph":[{"@type":"WebPage","@id":"https:\/\/www.etto.cz\/telesa-podle-ucelu\/topna-telesa-s-napojenim-kabelu-vulkanizaci\/","url":"https:\/\/www.etto.cz\/telesa-podle-ucelu\/topna-telesa-s-napojenim-kabelu-vulkanizaci\/","name":"Heating Elements with Rubber Overmoulds | ELEKTRON-ETTO","isPartOf":{"@id":"https:\/\/www.etto.cz\/#website"},"primaryImageOfPage":{"@id":"https:\/\/www.etto.cz\/telesa-podle-ucelu\/topna-telesa-s-napojenim-kabelu-vulkanizaci\/#primaryimage"},"image":{"@id":"https:\/\/www.etto.cz\/telesa-podle-ucelu\/topna-telesa-s-napojenim-kabelu-vulkanizaci\/#primaryimage"},"thumbnailUrl":"https:\/\/www.etto.cz\/wp-content\/uploads\/2020\/02\/topne-teleso-vulkanizovane.jpg","datePublished":"2018-03-14T13:53:53+00:00","dateModified":"2020-02-13T07:53:42+00:00","description":"Custom heating elements with vulcanised rubber cable connections. Waterproof and durable lead-out solutions from European manufacturer ELEKTRON-ETTO.","breadcrumb":{"@id":"https:\/\/www.etto.cz\/telesa-podle-ucelu\/topna-telesa-s-napojenim-kabelu-vulkanizaci\/#breadcrumb"},"inLanguage":"en-GB","potentialAction":[{"@type":"ReadAction","target":["https:\/\/www.etto.cz\/telesa-podle-ucelu\/topna-telesa-s-napojenim-kabelu-vulkanizaci\/"]}]},{"@type":"ImageObject","inLanguage":"en-GB","@id":"https:\/\/www.etto.cz\/telesa-podle-ucelu\/topna-telesa-s-napojenim-kabelu-vulkanizaci\/#primaryimage","url":"https:\/\/www.etto.cz\/wp-content\/uploads\/2020\/02\/topne-teleso-vulkanizovane.jpg","contentUrl":"https:\/\/www.etto.cz\/wp-content\/uploads\/2020\/02\/topne-teleso-vulkanizovane.jpg","width":630,"height":630},{"@type":"BreadcrumbList","@id":"https:\/\/www.etto.cz\/telesa-podle-ucelu\/topna-telesa-s-napojenim-kabelu-vulkanizaci\/#breadcrumb","itemListElement":[{"@type":"ListItem","position":1,"name":"Dom\u016f","item":"https:\/\/www.etto.cz\/"},{"@type":"ListItem","position":2,"name":"Elements according to the purpose","item":"https:\/\/www.etto.cz\/telesa-podle-ucelu\/"},{"@type":"ListItem","position":3,"name":"Heating elements with rubber overmoulds"}]},{"@type":"WebSite","@id":"https:\/\/www.etto.cz\/#website","url":"https:\/\/www.etto.cz\/","name":"ETTO","description":"V\u00fdroba elektrick\u00fdch topn\u00fdch t\u011bles","potentialAction":[{"@type":"SearchAction","target":{"@type":"EntryPoint","urlTemplate":"https:\/\/www.etto.cz\/?s={search_term_string}"},"query-input":{"@type":"PropertyValueSpecification","valueRequired":true,"valueName":"search_term_string"}}],"inLanguage":"en-GB"}]}},"_links":{"self":[{"href":"https:\/\/www.etto.cz\/en\/wp-json\/wp\/v2\/pages\/2825","targetHints":{"allow":["GET"]}}],"collection":[{"href":"https:\/\/www.etto.cz\/en\/wp-json\/wp\/v2\/pages"}],"about":[{"href":"https:\/\/www.etto.cz\/en\/wp-json\/wp\/v2\/types\/page"}],"author":[{"embeddable":true,"href":"https:\/\/www.etto.cz\/en\/wp-json\/wp\/v2\/users\/1"}],"replies":[{"embeddable":true,"href":"https:\/\/www.etto.cz\/en\/wp-json\/wp\/v2\/comments?post=2825"}],"version-history":[{"count":1,"href":"https:\/\/www.etto.cz\/en\/wp-json\/wp\/v2\/pages\/2825\/revisions"}],"predecessor-version":[{"id":4710,"href":"https:\/\/www.etto.cz\/en\/wp-json\/wp\/v2\/pages\/2825\/revisions\/4710"}],"up":[{"embeddable":true,"href":"https:\/\/www.etto.cz\/en\/wp-json\/wp\/v2\/pages\/2824"}],"wp:featuredmedia":[{"embeddable":true,"href":"https:\/\/www.etto.cz\/en\/wp-json\/wp\/v2\/media\/4706"}],"wp:attachment":[{"href":"https:\/\/www.etto.cz\/en\/wp-json\/wp\/v2\/media?parent=2825"}],"curies":[{"name":"wp","href":"https:\/\/api.w.org\/{rel}","templated":true}]}}