{"id":2827,"date":"2018-03-14T15:12:59","date_gmt":"2018-03-14T14:12:59","guid":{"rendered":"http:\/\/www.etto.cz\/bodies-according-to-the-purpose\/heating-bodies-for-honey-dissolution\/"},"modified":"2026-05-11T14:05:02","modified_gmt":"2026-05-11T13:05:02","slug":"heating-bodies-for-honey-dissolution","status":"publish","type":"page","link":"https:\/\/www.etto.cz\/en\/bodies-according-to-the-purpose\/heating-bodies-for-honey-dissolution\/","title":{"rendered":"Heating of honey"},"content":{"rendered":"<p style=\"text-align: justify;\">Heating element for heating of honey, yeast, and similar substances that require a low working temperature on the surface of the heating rod.<br \/>\n<a class=\"fancybox\" href=\"http:\/\/localhost:8090\/wp-content\/uploads\/2015\/05\/16-rozpusteni-medu.png\"><img loading=\"lazy\" decoding=\"async\" width=\"80\" height=\"187\" class=\"wp-image-197 alignleft\" alt=\"16-heating-of-honey\" src=\"http:\/\/localhost:8090\/wp-content\/uploads\/2015\/05\/16-rozpusteni-medu.png\" srcset=\"https:\/\/www.etto.cz\/wp-content\/uploads\/2015\/05\/16-rozpusteni-medu.png 345w, https:\/\/www.etto.cz\/wp-content\/uploads\/2015\/05\/16-rozpusteni-medu-128x300.png 128w, https:\/\/www.etto.cz\/wp-content\/uploads\/2015\/05\/16-rozpusteni-medu-65x153.png 65w, https:\/\/www.etto.cz\/wp-content\/uploads\/2015\/05\/16-rozpusteni-medu-108x253.png 108w\" sizes=\"auto, (max-width: 80px) 100vw, 80px\" \/><\/a><\/p>\n<p><a href=\"http:\/\/www.etto.cz\/wp-content\/uploads\/2018\/09\/navod-k-obsluze-med-typ-01163.pdf\" target=\"_blank\" rel=\"noopener\"><img loading=\"lazy\" decoding=\"async\" class=\"alignnone wp-image-3254 size-full\" src=\"http:\/\/www.etto.cz\/wp-content\/uploads\/2018\/05\/pdf-e1527166728716.png\" alt=\"\" width=\"24\" height=\"24\"><\/a> &nbsp;<a href=\"http:\/\/localhost:8090\/wp-content\/uploads\/2025\/12\/01940_etto_en.pdf\" target=\"_blank\" rel=\"noopener\">Product data sheet&nbsp; 01940\/ . . . .<\/a><\/p>\n<p> &nbsp;<\/p>\n<div style=\"clear: both;\"><\/div>\n<div style=\"clear: both;\"><\/div>\n<div class=\"etto-catalog-product-tables\">\n<table class=\"etto-catalog-variants\">\n<caption>Type 01163\/. . . 0<\/caption>\n<thead>\n<tr>\n<th>Version<\/th>\n<th>U [V]<\/th>\n<th>P [W]<\/th>\n<th>L [mm]<\/th>\n<th>L1 [mm]<\/th>\n<th>\u00d8 D [mm]<\/th>\n<th>Load [W\/cm\u00b2]<\/th>\n<\/tr>\n<\/thead>\n<tbody>\n<tr>\n<td>001<\/td>\n<td>230<\/td>\n<td>50<\/td>\n<td>645<\/td>\n<td>15<\/td>\n<td>170<\/td>\n<td>0,08<\/td>\n<\/tr>\n<tr>\n<td>002<\/td>\n<td>230<\/td>\n<td>50<\/td>\n<td>645<\/td>\n<td>15<\/td>\n<td>215<\/td>\n<td>0,08<\/td>\n<\/tr>\n<tr>\n<td>004<\/td>\n<td>230<\/td>\n<td>75<\/td>\n<td>645<\/td>\n<td>15<\/td>\n<td>300<\/td>\n<td>0,11<\/td>\n<\/tr>\n<tr>\n<td>010<\/td>\n<td>230<\/td>\n<td>50<\/td>\n<td>1000<\/td>\n<td>30<\/td>\n<td>215<\/td>\n<td>0,08<\/td>\n<\/tr>\n<tr>\n<td>011<\/td>\n<td>230<\/td>\n<td>60<\/td>\n<td>1000<\/td>\n<td>30<\/td>\n<td>215<\/td>\n<td>0,10<\/td>\n<\/tr>\n<tr>\n<td>012<\/td>\n<td>230<\/td>\n<td>75<\/td>\n<td>645<\/td>\n<td>15<\/td>\n<td>170<\/td>\n<td>0,12<\/td>\n<\/tr>\n<tr>\n<td>015<\/td>\n<td>230<\/td>\n<td>50<\/td>\n<td>645<\/td>\n<td>15<\/td>\n<td>290<\/td>\n<td>0,07<\/td>\n<\/tr>\n<tr>\n<td>018<\/td>\n<td>230<\/td>\n<td>75<\/td>\n<td>645<\/td>\n<td>15<\/td>\n<td>260<\/td>\n<td>0,11<\/td>\n<\/tr>\n<\/tbody>\n<\/table>\n<\/div>\n<p style=\"text-align: justify;\">&nbsp;Versions \/0010\/0020\/0040\/0120\/0160\/0190 are available for immediate sale from the inventory.<\/p>\n","protected":false},"excerpt":{"rendered":"<p>Heating element for heating of honey, yeast, and similar substances that require a low working temperature on the surface of the heating rod. &nbsp;Product data &#8230;<\/p>\n","protected":false},"author":1,"featured_media":2580,"parent":2824,"menu_order":0,"comment_status":"open","ping_status":"closed","template":"_page-menu.php","meta":{"_acf_changed":false,"ngg_post_thumbnail":0,"footnotes":"","_links_to":"","_links_to_target":""},"class_list":["post-2827","page","type-page","status-publish","has-post-thumbnail","hentry"],"acf":[],"yoast_head":"<!-- This site is optimized with the Yoast SEO plugin v27.6 - https:\/\/yoast.com\/product\/yoast-seo-wordpress\/ -->\n<title>Honey Heating Elements | ELEKTRON-ETTO<\/title>\n<meta name=\"description\" content=\"Specialised heating elements for honey melting and processing. Gentle, controlled heating solutions for beekeeping industry from ELEKTRON-ETTO.\" \/>\n<meta name=\"robots\" content=\"index, follow, max-snippet:-1, max-image-preview:large, max-video-preview:-1\" \/>\n<link rel=\"canonical\" href=\"https:\/\/www.etto.cz\/en\/bodies-according-to-the-purpose\/heating-bodies-for-honey-dissolution\/\" \/>\n<meta property=\"og:locale\" content=\"en_GB\" \/>\n<meta property=\"og:type\" content=\"article\" \/>\n<meta property=\"og:title\" content=\"Honey Heating Elements | ELEKTRON-ETTO\" \/>\n<meta property=\"og:description\" content=\"Specialised heating elements for honey melting and processing. Gentle, controlled heating solutions for beekeeping industry from ELEKTRON-ETTO.\" \/>\n<meta property=\"og:url\" content=\"https:\/\/www.etto.cz\/en\/bodies-according-to-the-purpose\/heating-bodies-for-honey-dissolution\/\" \/>\n<meta property=\"og:site_name\" content=\"ETTO\" \/>\n<meta property=\"article:modified_time\" content=\"2026-05-11T13:05:02+00:00\" \/>\n<meta property=\"og:image\" content=\"https:\/\/www.etto.cz\/wp-content\/uploads\/2016\/12\/tm1.jpg\" \/>\n\t<meta property=\"og:image:width\" content=\"1370\" \/>\n\t<meta property=\"og:image:height\" content=\"1212\" \/>\n\t<meta property=\"og:image:type\" content=\"image\/jpeg\" \/>\n<meta name=\"twitter:card\" content=\"summary_large_image\" \/>\n<script type=\"application\/ld+json\" class=\"yoast-schema-graph\">{\"@context\":\"https:\\\/\\\/schema.org\",\"@graph\":[{\"@type\":\"WebPage\",\"@id\":\"https:\\\/\\\/www.etto.cz\\\/telesa-podle-ucelu\\\/rozpousteni-medu\\\/\",\"url\":\"https:\\\/\\\/www.etto.cz\\\/telesa-podle-ucelu\\\/rozpousteni-medu\\\/\",\"name\":\"Honey Heating Elements | ELEKTRON-ETTO\",\"isPartOf\":{\"@id\":\"https:\\\/\\\/www.etto.cz\\\/#website\"},\"primaryImageOfPage\":{\"@id\":\"https:\\\/\\\/www.etto.cz\\\/telesa-podle-ucelu\\\/rozpousteni-medu\\\/#primaryimage\"},\"image\":{\"@id\":\"https:\\\/\\\/www.etto.cz\\\/telesa-podle-ucelu\\\/rozpousteni-medu\\\/#primaryimage\"},\"thumbnailUrl\":\"https:\\\/\\\/www.etto.cz\\\/wp-content\\\/uploads\\\/2016\\\/12\\\/tm1.jpg\",\"datePublished\":\"2018-03-14T14:12:59+00:00\",\"dateModified\":\"2026-05-11T13:05:02+00:00\",\"description\":\"Specialised heating elements for honey melting and processing. Gentle, controlled heating solutions for beekeeping industry from ELEKTRON-ETTO.\",\"breadcrumb\":{\"@id\":\"https:\\\/\\\/www.etto.cz\\\/telesa-podle-ucelu\\\/rozpousteni-medu\\\/#breadcrumb\"},\"inLanguage\":\"en-GB\",\"potentialAction\":[{\"@type\":\"ReadAction\",\"target\":[\"https:\\\/\\\/www.etto.cz\\\/telesa-podle-ucelu\\\/rozpousteni-medu\\\/\"]}]},{\"@type\":\"ImageObject\",\"inLanguage\":\"en-GB\",\"@id\":\"https:\\\/\\\/www.etto.cz\\\/telesa-podle-ucelu\\\/rozpousteni-medu\\\/#primaryimage\",\"url\":\"https:\\\/\\\/www.etto.cz\\\/wp-content\\\/uploads\\\/2016\\\/12\\\/tm1.jpg\",\"contentUrl\":\"https:\\\/\\\/www.etto.cz\\\/wp-content\\\/uploads\\\/2016\\\/12\\\/tm1.jpg\",\"width\":1370,\"height\":1212},{\"@type\":\"BreadcrumbList\",\"@id\":\"https:\\\/\\\/www.etto.cz\\\/telesa-podle-ucelu\\\/rozpousteni-medu\\\/#breadcrumb\",\"itemListElement\":[{\"@type\":\"ListItem\",\"position\":1,\"name\":\"Dom\u016f\",\"item\":\"https:\\\/\\\/www.etto.cz\\\/\"},{\"@type\":\"ListItem\",\"position\":2,\"name\":\"Elements according to the purpose\",\"item\":\"https:\\\/\\\/www.etto.cz\\\/telesa-podle-ucelu\\\/\"},{\"@type\":\"ListItem\",\"position\":3,\"name\":\"Heating of honey\"}]},{\"@type\":\"WebSite\",\"@id\":\"https:\\\/\\\/www.etto.cz\\\/#website\",\"url\":\"https:\\\/\\\/www.etto.cz\\\/\",\"name\":\"ETTO\",\"description\":\"V\u00fdroba elektrick\u00fdch topn\u00fdch t\u011bles\",\"potentialAction\":[{\"@type\":\"SearchAction\",\"target\":{\"@type\":\"EntryPoint\",\"urlTemplate\":\"https:\\\/\\\/www.etto.cz\\\/?s={search_term_string}\"},\"query-input\":{\"@type\":\"PropertyValueSpecification\",\"valueRequired\":true,\"valueName\":\"search_term_string\"}}],\"inLanguage\":\"en-GB\"}]}<\/script>\n<!-- \/ Yoast SEO plugin. -->","yoast_head_json":{"title":"Honey Heating Elements | ELEKTRON-ETTO","description":"Specialised heating elements for honey melting and processing. Gentle, controlled heating solutions for beekeeping industry from ELEKTRON-ETTO.","robots":{"index":"index","follow":"follow","max-snippet":"max-snippet:-1","max-image-preview":"max-image-preview:large","max-video-preview":"max-video-preview:-1"},"canonical":"https:\/\/www.etto.cz\/en\/bodies-according-to-the-purpose\/heating-bodies-for-honey-dissolution\/","og_locale":"en_GB","og_type":"article","og_title":"Honey Heating Elements | ELEKTRON-ETTO","og_description":"Specialised heating elements for honey melting and processing. Gentle, controlled heating solutions for beekeeping industry from ELEKTRON-ETTO.","og_url":"https:\/\/www.etto.cz\/en\/bodies-according-to-the-purpose\/heating-bodies-for-honey-dissolution\/","og_site_name":"ETTO","article_modified_time":"2026-05-11T13:05:02+00:00","og_image":[{"width":1370,"height":1212,"url":"https:\/\/www.etto.cz\/wp-content\/uploads\/2016\/12\/tm1.jpg","type":"image\/jpeg"}],"twitter_card":"summary_large_image","schema":{"@context":"https:\/\/schema.org","@graph":[{"@type":"WebPage","@id":"https:\/\/www.etto.cz\/telesa-podle-ucelu\/rozpousteni-medu\/","url":"https:\/\/www.etto.cz\/telesa-podle-ucelu\/rozpousteni-medu\/","name":"Honey Heating Elements | ELEKTRON-ETTO","isPartOf":{"@id":"https:\/\/www.etto.cz\/#website"},"primaryImageOfPage":{"@id":"https:\/\/www.etto.cz\/telesa-podle-ucelu\/rozpousteni-medu\/#primaryimage"},"image":{"@id":"https:\/\/www.etto.cz\/telesa-podle-ucelu\/rozpousteni-medu\/#primaryimage"},"thumbnailUrl":"https:\/\/www.etto.cz\/wp-content\/uploads\/2016\/12\/tm1.jpg","datePublished":"2018-03-14T14:12:59+00:00","dateModified":"2026-05-11T13:05:02+00:00","description":"Specialised heating elements for honey melting and processing. Gentle, controlled heating solutions for beekeeping industry from ELEKTRON-ETTO.","breadcrumb":{"@id":"https:\/\/www.etto.cz\/telesa-podle-ucelu\/rozpousteni-medu\/#breadcrumb"},"inLanguage":"en-GB","potentialAction":[{"@type":"ReadAction","target":["https:\/\/www.etto.cz\/telesa-podle-ucelu\/rozpousteni-medu\/"]}]},{"@type":"ImageObject","inLanguage":"en-GB","@id":"https:\/\/www.etto.cz\/telesa-podle-ucelu\/rozpousteni-medu\/#primaryimage","url":"https:\/\/www.etto.cz\/wp-content\/uploads\/2016\/12\/tm1.jpg","contentUrl":"https:\/\/www.etto.cz\/wp-content\/uploads\/2016\/12\/tm1.jpg","width":1370,"height":1212},{"@type":"BreadcrumbList","@id":"https:\/\/www.etto.cz\/telesa-podle-ucelu\/rozpousteni-medu\/#breadcrumb","itemListElement":[{"@type":"ListItem","position":1,"name":"Dom\u016f","item":"https:\/\/www.etto.cz\/"},{"@type":"ListItem","position":2,"name":"Elements according to the purpose","item":"https:\/\/www.etto.cz\/telesa-podle-ucelu\/"},{"@type":"ListItem","position":3,"name":"Heating of honey"}]},{"@type":"WebSite","@id":"https:\/\/www.etto.cz\/#website","url":"https:\/\/www.etto.cz\/","name":"ETTO","description":"V\u00fdroba elektrick\u00fdch topn\u00fdch t\u011bles","potentialAction":[{"@type":"SearchAction","target":{"@type":"EntryPoint","urlTemplate":"https:\/\/www.etto.cz\/?s={search_term_string}"},"query-input":{"@type":"PropertyValueSpecification","valueRequired":true,"valueName":"search_term_string"}}],"inLanguage":"en-GB"}]}},"_links":{"self":[{"href":"https:\/\/www.etto.cz\/en\/wp-json\/wp\/v2\/pages\/2827","targetHints":{"allow":["GET"]}}],"collection":[{"href":"https:\/\/www.etto.cz\/en\/wp-json\/wp\/v2\/pages"}],"about":[{"href":"https:\/\/www.etto.cz\/en\/wp-json\/wp\/v2\/types\/page"}],"author":[{"embeddable":true,"href":"https:\/\/www.etto.cz\/en\/wp-json\/wp\/v2\/users\/1"}],"replies":[{"embeddable":true,"href":"https:\/\/www.etto.cz\/en\/wp-json\/wp\/v2\/comments?post=2827"}],"version-history":[{"count":4,"href":"https:\/\/www.etto.cz\/en\/wp-json\/wp\/v2\/pages\/2827\/revisions"}],"predecessor-version":[{"id":5717,"href":"https:\/\/www.etto.cz\/en\/wp-json\/wp\/v2\/pages\/2827\/revisions\/5717"}],"up":[{"embeddable":true,"href":"https:\/\/www.etto.cz\/en\/wp-json\/wp\/v2\/pages\/2824"}],"wp:featuredmedia":[{"embeddable":true,"href":"https:\/\/www.etto.cz\/en\/wp-json\/wp\/v2\/media\/2580"}],"wp:attachment":[{"href":"https:\/\/www.etto.cz\/en\/wp-json\/wp\/v2\/media?parent=2827"}],"curies":[{"name":"wp","href":"https:\/\/api.w.org\/{rel}","templated":true}]}}