{"id":2830,"date":"2018-03-14T15:13:38","date_gmt":"2018-03-14T14:13:38","guid":{"rendered":"http:\/\/www.etto.cz\/bodies-according-to-the-purpose\/heating-bodies-for-explosive-environment\/"},"modified":"2026-05-11T14:05:02","modified_gmt":"2026-05-11T13:05:02","slug":"heating-bodies-for-explosive-environment","status":"publish","type":"page","link":"https:\/\/www.etto.cz\/en\/bodies-according-to-the-purpose\/heating-bodies-for-explosive-environment\/","title":{"rendered":"Heaters for explosive environment"},"content":{"rendered":"<p style=\"text-align: justify;\">In the case of application in an environment with the risk of explosion, the heating element must be built-in into a terminal box with a solid closure (Ex d) according to \u010cSN EN 60079-1. ;Each new individual device, i.e. terminal box including built-in heating elements, must be approved by a certified testing laboratory (PHYSICAL-TECHNICAL TESTING INSTITUTE s.p.).<\/p>\n<div class=\"vyb-clear\" style=\"clear: both;\"><\/div>\n<h2>Air heaters ETTO-AER-EX<\/h2>\n<p><strong>Description:<\/strong> Electric air-blow heaters constructed in painted steel plate, screws galvanised and electrical battery under ATEX II 2G Exde IIB T3 according to the 2014\/34\/UE directive and manufactured under EN 60079-0\/1\/7\/31 and EN 61241-1 norms.<\/p>\n<p>Its installation must be done by care, it must be settle in a soid place and with a support previously calculated to allow the weight of air-blow heater, vertical side and be placed about 50mm (minimum) of the wall so that the operation of the motor is correct.<\/p>\n<p>Equipped with a thermal cut-out 40-220\u00b0C and manual reset 150\u00b0C.<\/p>\n<p><strong>Uses:<\/strong> To install in gas and dust explosion atmosphere areas, Class I Zone 1\/2\/21\/22 inside -40\u00b0\/+60\u00b0 range of temperature.<\/p>\n<p><strong>Note:<\/strong> The new standards for explosive atmosphere fulfillment are the Standards ATEX, that fulfill the requirements of the work parties destined to be used in places in which explosive atmospheres can appear, or requirement of the plants, between which the classification of the areas are included according to the risk which they present.<\/p>\n<p><img loading=\"lazy\" decoding=\"async\" class=\"alignnone wp-image-3183\" src=\"http:\/\/localhost:8090\/wp-content\/uploads\/2018\/04\/et-aer-ex-1024x290.jpg\" alt=\"\" width=\"850\" height=\"240\" srcset=\"https:\/\/www.etto.cz\/wp-content\/uploads\/2018\/04\/et-aer-ex-1024x290.jpg 1024w, https:\/\/www.etto.cz\/wp-content\/uploads\/2018\/04\/et-aer-ex-300x85.jpg 300w, https:\/\/www.etto.cz\/wp-content\/uploads\/2018\/04\/et-aer-ex-768x217.jpg 768w, https:\/\/www.etto.cz\/wp-content\/uploads\/2018\/04\/et-aer-ex-153x43.jpg 153w, https:\/\/www.etto.cz\/wp-content\/uploads\/2018\/04\/et-aer-ex-253x72.jpg 253w, https:\/\/www.etto.cz\/wp-content\/uploads\/2018\/04\/et-aer-ex.jpg 1506w\" sizes=\"auto, (max-width: 850px) 100vw, 850px\" \/><\/p>\n<p><a class=\"fancybox left\" href=\"http:\/\/localhost:8090\/wp-content\/uploads\/2015\/05\/aer-pe_4-172x300.jpg\"><img loading=\"lazy\" decoding=\"async\" class=\"alignnone wp-image-2052\" src=\"http:\/\/localhost:8090\/wp-content\/uploads\/2015\/05\/aer-pe_4-172x300.jpg\" alt=\"\" width=\"136\" height=\"237\" srcset=\"https:\/\/www.etto.cz\/wp-content\/uploads\/2015\/05\/aer-pe_4-172x300.jpg 172w, https:\/\/www.etto.cz\/wp-content\/uploads\/2015\/05\/aer-pe_4-88x153.jpg 88w, https:\/\/www.etto.cz\/wp-content\/uploads\/2015\/05\/aer-pe_4-145x253.jpg 145w, https:\/\/www.etto.cz\/wp-content\/uploads\/2015\/05\/aer-pe_4.jpg 294w\" sizes=\"auto, (max-width: 136px) 100vw, 136px\" \/><\/a><\/p>\n<p><a class=\"fancybox left\" href=\"http:\/\/localhost:8090\/wp-content\/uploads\/2017\/09\/aer-pe_6.jpg\"><img loading=\"lazy\" decoding=\"async\" class=\"alignnone wp-image-2051\" src=\"http:\/\/localhost:8090\/wp-content\/uploads\/2017\/09\/aer-pe_6.jpg\" alt=\"\" width=\"400\" height=\"95\" srcset=\"https:\/\/www.etto.cz\/wp-content\/uploads\/2017\/09\/aer-pe_6.jpg 808w, https:\/\/www.etto.cz\/wp-content\/uploads\/2017\/09\/aer-pe_6-300x71.jpg 300w, https:\/\/www.etto.cz\/wp-content\/uploads\/2017\/09\/aer-pe_6-768x182.jpg 768w, https:\/\/www.etto.cz\/wp-content\/uploads\/2017\/09\/aer-pe_6-153x36.jpg 153w, https:\/\/www.etto.cz\/wp-content\/uploads\/2017\/09\/aer-pe_6-253x60.jpg 253w, https:\/\/www.etto.cz\/wp-content\/uploads\/2017\/09\/aer-pe_6-600x142.jpg 600w\" sizes=\"auto, (max-width: 400px) 100vw, 400px\" \/><\/a><\/p>\n<div class=\"etto-catalog-product-tables\">\n<table class=\"etto-catalog-variants\">\n<thead>\n<tr>\n<th>Model No.<\/th>\n<th>kW<\/th>\n<th>A [mm]<\/th>\n<th>B [mm]<\/th>\n<th>C [mm]<\/th>\n<th>Flow [m\u00b3\/h]<\/th>\n<th>V [m\/s]<\/th>\n<th>N\u00b0 of heating<\/th>\n<\/tr>\n<\/thead>\n<tbody>\n<tr>\n<td>EX100160<\/td>\n<td>3<\/td>\n<td>400<\/td>\n<td>400<\/td>\n<td>380<\/td>\n<td>1 800<\/td>\n<td>4,1<\/td>\n<td>3<\/td>\n<\/tr>\n<tr>\n<td>EX100161<\/td>\n<td>6<\/td>\n<td>400<\/td>\n<td>400<\/td>\n<td>380<\/td>\n<td>2 400<\/td>\n<td>4,1<\/td>\n<td>3<\/td>\n<\/tr>\n<tr>\n<td>EX100162<\/td>\n<td>9<\/td>\n<td>550<\/td>\n<td>550<\/td>\n<td>400<\/td>\n<td>3 700<\/td>\n<td>4,3<\/td>\n<td>3<\/td>\n<\/tr>\n<tr>\n<td>EX100163<\/td>\n<td>12<\/td>\n<td>550<\/td>\n<td>550<\/td>\n<td>400<\/td>\n<td>3 700<\/td>\n<td>4,3<\/td>\n<td>3<\/td>\n<\/tr>\n<tr>\n<td>EX100164<\/td>\n<td>15<\/td>\n<td>550<\/td>\n<td>550<\/td>\n<td>400<\/td>\n<td>4 050<\/td>\n<td>4,3<\/td>\n<td>6<\/td>\n<\/tr>\n<tr>\n<td>EX100165<\/td>\n<td>20<\/td>\n<td>750<\/td>\n<td>750<\/td>\n<td>600<\/td>\n<td>8 300<\/td>\n<td>4,3<\/td>\n<td>6<\/td>\n<\/tr>\n<tr>\n<td>EX100166<\/td>\n<td>30<\/td>\n<td>750<\/td>\n<td>750<\/td>\n<td>600<\/td>\n<td>11 050<\/td>\n<td>5,9<\/td>\n<td>6<\/td>\n<\/tr>\n<tr>\n<td>EX100167<\/td>\n<td>40<\/td>\n<td>750<\/td>\n<td>750<\/td>\n<td>600<\/td>\n<td>13 000<\/td>\n<td>5,9<\/td>\n<td>6<\/td>\n<\/tr>\n<\/tbody>\n<\/table>\n<\/div>\n","protected":false},"excerpt":{"rendered":"<p>In the case of application in an environment with the risk of explosion, the heating element must be built-in into a terminal box with a &#8230;<\/p>\n","protected":false},"author":1,"featured_media":2760,"parent":2824,"menu_order":0,"comment_status":"open","ping_status":"open","template":"_page-menu.php","meta":{"_acf_changed":false,"ngg_post_thumbnail":0,"footnotes":"","_links_to":"","_links_to_target":""},"class_list":["post-2830","page","type-page","status-publish","has-post-thumbnail","hentry"],"acf":[],"yoast_head":"<!-- This site is optimized with the Yoast SEO plugin v27.6 - https:\/\/yoast.com\/product\/yoast-seo-wordpress\/ -->\n<title>Heaters for Explosive Environments | ELEKTRON-ETTO<\/title>\n<meta name=\"description\" content=\"ATEX-rated heating elements for explosive atmospheres. Custom designed and manufactured for hazardous environments by ELEKTRON-ETTO, European manufacturer.\" \/>\n<meta name=\"robots\" content=\"index, follow, max-snippet:-1, max-image-preview:large, max-video-preview:-1\" \/>\n<link rel=\"canonical\" href=\"https:\/\/www.etto.cz\/en\/bodies-according-to-the-purpose\/heating-bodies-for-explosive-environment\/\" \/>\n<meta property=\"og:locale\" content=\"en_GB\" \/>\n<meta property=\"og:type\" content=\"article\" \/>\n<meta property=\"og:title\" content=\"Heaters for Explosive Environments | ELEKTRON-ETTO\" \/>\n<meta property=\"og:description\" content=\"ATEX-rated heating elements for explosive atmospheres. Custom designed and manufactured for hazardous environments by ELEKTRON-ETTO, European manufacturer.\" \/>\n<meta property=\"og:url\" content=\"https:\/\/www.etto.cz\/en\/bodies-according-to-the-purpose\/heating-bodies-for-explosive-environment\/\" \/>\n<meta property=\"og:site_name\" content=\"ETTO\" \/>\n<meta property=\"article:modified_time\" content=\"2026-05-11T13:05:02+00:00\" \/>\n<meta property=\"og:image\" content=\"https:\/\/www.etto.cz\/wp-content\/uploads\/2017\/09\/aer-ex-743x1024.jpg\" \/>\n\t<meta property=\"og:image:width\" content=\"743\" \/>\n\t<meta property=\"og:image:height\" content=\"1024\" \/>\n\t<meta property=\"og:image:type\" content=\"image\/jpeg\" \/>\n<meta name=\"twitter:card\" content=\"summary_large_image\" \/>\n<meta name=\"twitter:label1\" content=\"Est. reading time\" \/>\n\t<meta name=\"twitter:data1\" content=\"1 minute\" \/>\n<script type=\"application\/ld+json\" class=\"yoast-schema-graph\">{\"@context\":\"https:\\\/\\\/schema.org\",\"@graph\":[{\"@type\":\"WebPage\",\"@id\":\"https:\\\/\\\/www.etto.cz\\\/telesa-podle-ucelu\\\/topna-telesa-do-vybusneho-prostredi\\\/\",\"url\":\"https:\\\/\\\/www.etto.cz\\\/telesa-podle-ucelu\\\/topna-telesa-do-vybusneho-prostredi\\\/\",\"name\":\"Heaters for Explosive Environments | ELEKTRON-ETTO\",\"isPartOf\":{\"@id\":\"https:\\\/\\\/www.etto.cz\\\/#website\"},\"primaryImageOfPage\":{\"@id\":\"https:\\\/\\\/www.etto.cz\\\/telesa-podle-ucelu\\\/topna-telesa-do-vybusneho-prostredi\\\/#primaryimage\"},\"image\":{\"@id\":\"https:\\\/\\\/www.etto.cz\\\/telesa-podle-ucelu\\\/topna-telesa-do-vybusneho-prostredi\\\/#primaryimage\"},\"thumbnailUrl\":\"https:\\\/\\\/www.etto.cz\\\/wp-content\\\/uploads\\\/2017\\\/09\\\/aer-ex.jpg\",\"datePublished\":\"2018-03-14T14:13:38+00:00\",\"dateModified\":\"2026-05-11T13:05:02+00:00\",\"description\":\"ATEX-rated heating elements for explosive atmospheres. Custom designed and manufactured for hazardous environments by ELEKTRON-ETTO, European manufacturer.\",\"breadcrumb\":{\"@id\":\"https:\\\/\\\/www.etto.cz\\\/telesa-podle-ucelu\\\/topna-telesa-do-vybusneho-prostredi\\\/#breadcrumb\"},\"inLanguage\":\"en-GB\",\"potentialAction\":[{\"@type\":\"ReadAction\",\"target\":[\"https:\\\/\\\/www.etto.cz\\\/telesa-podle-ucelu\\\/topna-telesa-do-vybusneho-prostredi\\\/\"]}]},{\"@type\":\"ImageObject\",\"inLanguage\":\"en-GB\",\"@id\":\"https:\\\/\\\/www.etto.cz\\\/telesa-podle-ucelu\\\/topna-telesa-do-vybusneho-prostredi\\\/#primaryimage\",\"url\":\"https:\\\/\\\/www.etto.cz\\\/wp-content\\\/uploads\\\/2017\\\/09\\\/aer-ex.jpg\",\"contentUrl\":\"https:\\\/\\\/www.etto.cz\\\/wp-content\\\/uploads\\\/2017\\\/09\\\/aer-ex.jpg\",\"width\":1799,\"height\":2478},{\"@type\":\"BreadcrumbList\",\"@id\":\"https:\\\/\\\/www.etto.cz\\\/telesa-podle-ucelu\\\/topna-telesa-do-vybusneho-prostredi\\\/#breadcrumb\",\"itemListElement\":[{\"@type\":\"ListItem\",\"position\":1,\"name\":\"Dom\u016f\",\"item\":\"https:\\\/\\\/www.etto.cz\\\/\"},{\"@type\":\"ListItem\",\"position\":2,\"name\":\"Elements according to the purpose\",\"item\":\"https:\\\/\\\/www.etto.cz\\\/telesa-podle-ucelu\\\/\"},{\"@type\":\"ListItem\",\"position\":3,\"name\":\"Heaters for explosive environment\"}]},{\"@type\":\"WebSite\",\"@id\":\"https:\\\/\\\/www.etto.cz\\\/#website\",\"url\":\"https:\\\/\\\/www.etto.cz\\\/\",\"name\":\"ETTO\",\"description\":\"V\u00fdroba elektrick\u00fdch topn\u00fdch t\u011bles\",\"potentialAction\":[{\"@type\":\"SearchAction\",\"target\":{\"@type\":\"EntryPoint\",\"urlTemplate\":\"https:\\\/\\\/www.etto.cz\\\/?s={search_term_string}\"},\"query-input\":{\"@type\":\"PropertyValueSpecification\",\"valueRequired\":true,\"valueName\":\"search_term_string\"}}],\"inLanguage\":\"en-GB\"}]}<\/script>\n<!-- \/ Yoast SEO plugin. -->","yoast_head_json":{"title":"Heaters for Explosive Environments | ELEKTRON-ETTO","description":"ATEX-rated heating elements for explosive atmospheres. Custom designed and manufactured for hazardous environments by ELEKTRON-ETTO, European manufacturer.","robots":{"index":"index","follow":"follow","max-snippet":"max-snippet:-1","max-image-preview":"max-image-preview:large","max-video-preview":"max-video-preview:-1"},"canonical":"https:\/\/www.etto.cz\/en\/bodies-according-to-the-purpose\/heating-bodies-for-explosive-environment\/","og_locale":"en_GB","og_type":"article","og_title":"Heaters for Explosive Environments | ELEKTRON-ETTO","og_description":"ATEX-rated heating elements for explosive atmospheres. Custom designed and manufactured for hazardous environments by ELEKTRON-ETTO, European manufacturer.","og_url":"https:\/\/www.etto.cz\/en\/bodies-according-to-the-purpose\/heating-bodies-for-explosive-environment\/","og_site_name":"ETTO","article_modified_time":"2026-05-11T13:05:02+00:00","og_image":[{"width":743,"height":1024,"url":"https:\/\/www.etto.cz\/wp-content\/uploads\/2017\/09\/aer-ex-743x1024.jpg","type":"image\/jpeg"}],"twitter_card":"summary_large_image","twitter_misc":{"Est. reading time":"1 minute"},"schema":{"@context":"https:\/\/schema.org","@graph":[{"@type":"WebPage","@id":"https:\/\/www.etto.cz\/telesa-podle-ucelu\/topna-telesa-do-vybusneho-prostredi\/","url":"https:\/\/www.etto.cz\/telesa-podle-ucelu\/topna-telesa-do-vybusneho-prostredi\/","name":"Heaters for Explosive Environments | ELEKTRON-ETTO","isPartOf":{"@id":"https:\/\/www.etto.cz\/#website"},"primaryImageOfPage":{"@id":"https:\/\/www.etto.cz\/telesa-podle-ucelu\/topna-telesa-do-vybusneho-prostredi\/#primaryimage"},"image":{"@id":"https:\/\/www.etto.cz\/telesa-podle-ucelu\/topna-telesa-do-vybusneho-prostredi\/#primaryimage"},"thumbnailUrl":"https:\/\/www.etto.cz\/wp-content\/uploads\/2017\/09\/aer-ex.jpg","datePublished":"2018-03-14T14:13:38+00:00","dateModified":"2026-05-11T13:05:02+00:00","description":"ATEX-rated heating elements for explosive atmospheres. Custom designed and manufactured for hazardous environments by ELEKTRON-ETTO, European manufacturer.","breadcrumb":{"@id":"https:\/\/www.etto.cz\/telesa-podle-ucelu\/topna-telesa-do-vybusneho-prostredi\/#breadcrumb"},"inLanguage":"en-GB","potentialAction":[{"@type":"ReadAction","target":["https:\/\/www.etto.cz\/telesa-podle-ucelu\/topna-telesa-do-vybusneho-prostredi\/"]}]},{"@type":"ImageObject","inLanguage":"en-GB","@id":"https:\/\/www.etto.cz\/telesa-podle-ucelu\/topna-telesa-do-vybusneho-prostredi\/#primaryimage","url":"https:\/\/www.etto.cz\/wp-content\/uploads\/2017\/09\/aer-ex.jpg","contentUrl":"https:\/\/www.etto.cz\/wp-content\/uploads\/2017\/09\/aer-ex.jpg","width":1799,"height":2478},{"@type":"BreadcrumbList","@id":"https:\/\/www.etto.cz\/telesa-podle-ucelu\/topna-telesa-do-vybusneho-prostredi\/#breadcrumb","itemListElement":[{"@type":"ListItem","position":1,"name":"Dom\u016f","item":"https:\/\/www.etto.cz\/"},{"@type":"ListItem","position":2,"name":"Elements according to the purpose","item":"https:\/\/www.etto.cz\/telesa-podle-ucelu\/"},{"@type":"ListItem","position":3,"name":"Heaters for explosive environment"}]},{"@type":"WebSite","@id":"https:\/\/www.etto.cz\/#website","url":"https:\/\/www.etto.cz\/","name":"ETTO","description":"V\u00fdroba elektrick\u00fdch topn\u00fdch t\u011bles","potentialAction":[{"@type":"SearchAction","target":{"@type":"EntryPoint","urlTemplate":"https:\/\/www.etto.cz\/?s={search_term_string}"},"query-input":{"@type":"PropertyValueSpecification","valueRequired":true,"valueName":"search_term_string"}}],"inLanguage":"en-GB"}]}},"_links":{"self":[{"href":"https:\/\/www.etto.cz\/en\/wp-json\/wp\/v2\/pages\/2830","targetHints":{"allow":["GET"]}}],"collection":[{"href":"https:\/\/www.etto.cz\/en\/wp-json\/wp\/v2\/pages"}],"about":[{"href":"https:\/\/www.etto.cz\/en\/wp-json\/wp\/v2\/types\/page"}],"author":[{"embeddable":true,"href":"https:\/\/www.etto.cz\/en\/wp-json\/wp\/v2\/users\/1"}],"replies":[{"embeddable":true,"href":"https:\/\/www.etto.cz\/en\/wp-json\/wp\/v2\/comments?post=2830"}],"version-history":[{"count":1,"href":"https:\/\/www.etto.cz\/en\/wp-json\/wp\/v2\/pages\/2830\/revisions"}],"predecessor-version":[{"id":5376,"href":"https:\/\/www.etto.cz\/en\/wp-json\/wp\/v2\/pages\/2830\/revisions\/5376"}],"up":[{"embeddable":true,"href":"https:\/\/www.etto.cz\/en\/wp-json\/wp\/v2\/pages\/2824"}],"wp:featuredmedia":[{"embeddable":true,"href":"https:\/\/www.etto.cz\/en\/wp-json\/wp\/v2\/media\/2760"}],"wp:attachment":[{"href":"https:\/\/www.etto.cz\/en\/wp-json\/wp\/v2\/media?parent=2830"}],"curies":[{"name":"wp","href":"https:\/\/api.w.org\/{rel}","templated":true}]}}