{"id":2833,"date":"2018-03-14T15:14:44","date_gmt":"2018-03-14T14:14:44","guid":{"rendered":"http:\/\/www.etto.cz\/about-us\/"},"modified":"2020-02-13T07:39:18","modified_gmt":"2020-02-13T06:39:18","slug":"about-us","status":"publish","type":"page","link":"https:\/\/www.etto.cz\/en\/about-us\/","title":{"rendered":"About us"},"content":{"rendered":"<h2>We design and produce Electric Heating Elements. First class materials, modern technology, craftsman skills . . . Simple, proven, useful . . . We like it!<\/h2>\n<p><img loading=\"lazy\" decoding=\"async\" width=\"840\" height=\"445\" class=\"alignnone wp-image-421 size-full\" alt=\"Untitled-2\" src=\"https:\/\/www.etto.cz\/wp-content\/uploads\/2015\/05\/untitled-2.jpg\" srcset=\"https:\/\/www.etto.cz\/wp-content\/uploads\/2015\/05\/untitled-2.jpg 840w, https:\/\/www.etto.cz\/wp-content\/uploads\/2015\/05\/untitled-2-300x159.jpg 300w, https:\/\/www.etto.cz\/wp-content\/uploads\/2015\/05\/untitled-2-153x81.jpg 153w, https:\/\/www.etto.cz\/wp-content\/uploads\/2015\/05\/untitled-2-253x134.jpg 253w\" sizes=\"auto, (max-width: 840px) 100vw, 840px\" \/><\/p>\n<p style=\"text-align: justify;\">ELEKTRON-ETTO was established in 1992 by Ladislav Drda. Since foundation, the company has produced resistance elements. Mr. Drda started his business in the garage of his family house first alone and then later with one employee. In 1996, he purchased from the municipality an old cinema and reconstructed it for the production of resistance elements. In 2003, the company was transformed into a limited liability company with the name ELEKTRON-ETTO, s.r.o.&nbsp; Due to the increase in production, a new manufacturing hall was constructed from 2005-2006. From 2009 \u2013 2014, the whole of the old manufacturing area was reconstructed and equipped with new manufacturing technology.<\/p>\n<p style=\"text-align: justify;\"><span style=\"text-decoration: underline;\">Our manufacturing programme includes:<\/span><\/p>\n<div class='content-column one_half'><ul>\n<li style=\"list-style-type: none;\">\n<ul>\n<li style=\"text-align: justify;\">Tubular heating elements for industrial and domestic use for heating liquid substances, air and gases, contact heating, indirect heating of liquids<\/li>\n<li>Ceramic heating elements for indirect heating and infra heating.<\/li>\n<li>High and low loaded heating cartridge heaters for the chemical and plastics industries<\/li>\n<li>Band heaters and nozzle heaters for the chemical and plastics industries<\/li>\n<li>Ceramic band heaters for the chemical and plastics industries<\/li>\n<\/ul>\n<\/li>\n<\/ul><\/div>\n<div class='content-column one_half last_column'><ul>\n<li style=\"list-style-type: none;\">\n<ul>\n<li style=\"text-align: justify;\">Thermal sensors &#8211; thermocouples for regulating temperatures<\/li>\n<li>Heating elements, circuit breakers, and railway components<\/li>\n<li>Driers for work and sports shoes<\/li>\n<li>Design and implementation of resistance industrial heatings<\/li>\n<li>Technical consultation in the area of heating liquids, gas, and solid substances<\/li>\n<\/ul>\n<\/li>\n<\/ul><\/div><div class='clear_column'><\/div>\n<p style=\"text-align: justify;\">Please do not hesitate to call or write to us and we will be pleased to advise and help find a solution regarding the heating of all types of substances.<\/p>\n<h2>Certificates<\/h2>\n<ul>\n<li><a href=\"\/wp-content\/uploads\/2015\/05\/certifikat-elektricke-topne-teleso.pdf\" target=\"_blank\" rel=\"noopener noreferrer\">St\u00e1tn\u00ed zku\u0161ebna zem\u011bd\u011blsk\u00fdch, potravin\u00e1\u0159sk\u00fdch a lesnick\u00fdch stroj\u016fm, a.s. &#8211; certificate for electric heating elements, type 1373\/xxx (100-1500w)<\/a><\/li>\n<li><a href=\"\/wp-content\/uploads\/2015\/05\/certifikat-elektricke-topne-teleso.pdf\" target=\"_blank\" rel=\"noopener noreferrer\">St\u00e1tn\u00ed zku\u0161ebna zem\u011bd\u011blsk\u00fdch, potravin\u00e1\u0159sk\u00fdch a lesnick\u00fdch stroj\u016fm, a.s. &#8211;&nbsp;Electric heating element with thermostat, type 2.4 &#8211; 12 kW<\/a><\/li>\n<li><a href=\"\/wp-content\/uploads\/2015\/05\/certifikat-elektricke-topne-teleso.pdf\" target=\"_blank\" rel=\"noopener noreferrer\">Test Report No. 39-10015\/A\/IP<\/a><\/li>\n<li><a href=\"https:\/\/www.etto.cz\/wp-content\/uploads\/2015\/05\/iso-etto-9001.pdf\" target=\"_blank\" rel=\"noopener noreferrer\">Certificate ISO 9001<\/a><\/li>\n<\/ul>\n","protected":false},"excerpt":{"rendered":"<p>We design and produce Electric Heating Elements. First class materials, modern technology, craftsman skills . . . Simple, proven, useful . . . We like &#8230;<\/p>\n","protected":false},"author":1,"featured_media":0,"parent":0,"menu_order":0,"comment_status":"closed","ping_status":"open","template":"_page-full.php","meta":{"_acf_changed":false,"ngg_post_thumbnail":0,"footnotes":"","_links_to":"","_links_to_target":""},"class_list":["post-2833","page","type-page","status-publish","hentry"],"acf":[],"yoast_head":"<!-- This site is optimized with the Yoast SEO plugin v27.5 - https:\/\/yoast.com\/product\/yoast-seo-wordpress\/ -->\n<title>About Us - Heating Elements Manufacturer | ELEKTRON-ETTO<\/title>\n<meta name=\"description\" content=\"Learn about ELEKTRON-ETTO, a Czech manufacturer of custom heating elements. Decades of experience in industrial heater design and production for Europe.\" \/>\n<meta name=\"robots\" content=\"index, follow, max-snippet:-1, max-image-preview:large, max-video-preview:-1\" \/>\n<link rel=\"canonical\" href=\"https:\/\/www.etto.cz\/en\/about-us\/\" \/>\n<meta property=\"og:locale\" content=\"en_GB\" \/>\n<meta property=\"og:type\" content=\"article\" \/>\n<meta property=\"og:title\" content=\"About Us - Heating Elements Manufacturer | ELEKTRON-ETTO\" \/>\n<meta property=\"og:description\" content=\"Learn about ELEKTRON-ETTO, a Czech manufacturer of custom heating elements. Decades of experience in industrial heater design and production for Europe.\" \/>\n<meta property=\"og:url\" content=\"https:\/\/www.etto.cz\/en\/about-us\/\" \/>\n<meta property=\"og:site_name\" content=\"ETTO\" \/>\n<meta property=\"article:modified_time\" content=\"2020-02-13T06:39:18+00:00\" \/>\n<meta property=\"og:image\" content=\"https:\/\/www.etto.cz\/wp-content\/uploads\/2015\/05\/untitled-2.jpg\" \/>\n\t<meta property=\"og:image:width\" content=\"840\" \/>\n\t<meta property=\"og:image:height\" content=\"445\" \/>\n\t<meta property=\"og:image:type\" content=\"image\/jpeg\" \/>\n<meta name=\"twitter:card\" content=\"summary_large_image\" \/>\n<meta name=\"twitter:label1\" content=\"Est. reading time\" \/>\n\t<meta name=\"twitter:data1\" content=\"2 minutes\" \/>\n<script type=\"application\/ld+json\" class=\"yoast-schema-graph\">{\"@context\":\"https:\\\/\\\/schema.org\",\"@graph\":[{\"@type\":\"WebPage\",\"@id\":\"https:\\\/\\\/www.etto.cz\\\/o-spolecnosti\\\/\",\"url\":\"https:\\\/\\\/www.etto.cz\\\/o-spolecnosti\\\/\",\"name\":\"About Us - Heating Elements Manufacturer | ELEKTRON-ETTO\",\"isPartOf\":{\"@id\":\"https:\\\/\\\/www.etto.cz\\\/#website\"},\"primaryImageOfPage\":{\"@id\":\"https:\\\/\\\/www.etto.cz\\\/o-spolecnosti\\\/#primaryimage\"},\"image\":{\"@id\":\"https:\\\/\\\/www.etto.cz\\\/o-spolecnosti\\\/#primaryimage\"},\"thumbnailUrl\":\"https:\\\/\\\/www.etto.cz\\\/wp-content\\\/uploads\\\/2015\\\/05\\\/untitled-2.jpg\",\"datePublished\":\"2018-03-14T14:14:44+00:00\",\"dateModified\":\"2020-02-13T06:39:18+00:00\",\"description\":\"Learn about ELEKTRON-ETTO, a Czech manufacturer of custom heating elements. Decades of experience in industrial heater design and production for Europe.\",\"breadcrumb\":{\"@id\":\"https:\\\/\\\/www.etto.cz\\\/o-spolecnosti\\\/#breadcrumb\"},\"inLanguage\":\"en-GB\",\"potentialAction\":[{\"@type\":\"ReadAction\",\"target\":[\"https:\\\/\\\/www.etto.cz\\\/o-spolecnosti\\\/\"]}]},{\"@type\":\"ImageObject\",\"inLanguage\":\"en-GB\",\"@id\":\"https:\\\/\\\/www.etto.cz\\\/o-spolecnosti\\\/#primaryimage\",\"url\":\"https:\\\/\\\/www.etto.cz\\\/wp-content\\\/uploads\\\/2015\\\/05\\\/untitled-2.jpg\",\"contentUrl\":\"https:\\\/\\\/www.etto.cz\\\/wp-content\\\/uploads\\\/2015\\\/05\\\/untitled-2.jpg\"},{\"@type\":\"BreadcrumbList\",\"@id\":\"https:\\\/\\\/www.etto.cz\\\/o-spolecnosti\\\/#breadcrumb\",\"itemListElement\":[{\"@type\":\"ListItem\",\"position\":1,\"name\":\"Dom\u016f\",\"item\":\"https:\\\/\\\/www.etto.cz\\\/\"},{\"@type\":\"ListItem\",\"position\":2,\"name\":\"About us\"}]},{\"@type\":\"WebSite\",\"@id\":\"https:\\\/\\\/www.etto.cz\\\/#website\",\"url\":\"https:\\\/\\\/www.etto.cz\\\/\",\"name\":\"ETTO\",\"description\":\"V\u00fdroba elektrick\u00fdch topn\u00fdch t\u011bles\",\"potentialAction\":[{\"@type\":\"SearchAction\",\"target\":{\"@type\":\"EntryPoint\",\"urlTemplate\":\"https:\\\/\\\/www.etto.cz\\\/?s={search_term_string}\"},\"query-input\":{\"@type\":\"PropertyValueSpecification\",\"valueRequired\":true,\"valueName\":\"search_term_string\"}}],\"inLanguage\":\"en-GB\"}]}<\/script>\n<!-- \/ Yoast SEO plugin. -->","yoast_head_json":{"title":"About Us - Heating Elements Manufacturer | ELEKTRON-ETTO","description":"Learn about ELEKTRON-ETTO, a Czech manufacturer of custom heating elements. Decades of experience in industrial heater design and production for Europe.","robots":{"index":"index","follow":"follow","max-snippet":"max-snippet:-1","max-image-preview":"max-image-preview:large","max-video-preview":"max-video-preview:-1"},"canonical":"https:\/\/www.etto.cz\/en\/about-us\/","og_locale":"en_GB","og_type":"article","og_title":"About Us - Heating Elements Manufacturer | ELEKTRON-ETTO","og_description":"Learn about ELEKTRON-ETTO, a Czech manufacturer of custom heating elements. Decades of experience in industrial heater design and production for Europe.","og_url":"https:\/\/www.etto.cz\/en\/about-us\/","og_site_name":"ETTO","article_modified_time":"2020-02-13T06:39:18+00:00","og_image":[{"width":840,"height":445,"url":"https:\/\/www.etto.cz\/wp-content\/uploads\/2015\/05\/untitled-2.jpg","type":"image\/jpeg"}],"twitter_card":"summary_large_image","twitter_misc":{"Est. reading time":"2 minutes"},"schema":{"@context":"https:\/\/schema.org","@graph":[{"@type":"WebPage","@id":"https:\/\/www.etto.cz\/o-spolecnosti\/","url":"https:\/\/www.etto.cz\/o-spolecnosti\/","name":"About Us - Heating Elements Manufacturer | ELEKTRON-ETTO","isPartOf":{"@id":"https:\/\/www.etto.cz\/#website"},"primaryImageOfPage":{"@id":"https:\/\/www.etto.cz\/o-spolecnosti\/#primaryimage"},"image":{"@id":"https:\/\/www.etto.cz\/o-spolecnosti\/#primaryimage"},"thumbnailUrl":"https:\/\/www.etto.cz\/wp-content\/uploads\/2015\/05\/untitled-2.jpg","datePublished":"2018-03-14T14:14:44+00:00","dateModified":"2020-02-13T06:39:18+00:00","description":"Learn about ELEKTRON-ETTO, a Czech manufacturer of custom heating elements. Decades of experience in industrial heater design and production for Europe.","breadcrumb":{"@id":"https:\/\/www.etto.cz\/o-spolecnosti\/#breadcrumb"},"inLanguage":"en-GB","potentialAction":[{"@type":"ReadAction","target":["https:\/\/www.etto.cz\/o-spolecnosti\/"]}]},{"@type":"ImageObject","inLanguage":"en-GB","@id":"https:\/\/www.etto.cz\/o-spolecnosti\/#primaryimage","url":"https:\/\/www.etto.cz\/wp-content\/uploads\/2015\/05\/untitled-2.jpg","contentUrl":"https:\/\/www.etto.cz\/wp-content\/uploads\/2015\/05\/untitled-2.jpg"},{"@type":"BreadcrumbList","@id":"https:\/\/www.etto.cz\/o-spolecnosti\/#breadcrumb","itemListElement":[{"@type":"ListItem","position":1,"name":"Dom\u016f","item":"https:\/\/www.etto.cz\/"},{"@type":"ListItem","position":2,"name":"About us"}]},{"@type":"WebSite","@id":"https:\/\/www.etto.cz\/#website","url":"https:\/\/www.etto.cz\/","name":"ETTO","description":"V\u00fdroba elektrick\u00fdch topn\u00fdch t\u011bles","potentialAction":[{"@type":"SearchAction","target":{"@type":"EntryPoint","urlTemplate":"https:\/\/www.etto.cz\/?s={search_term_string}"},"query-input":{"@type":"PropertyValueSpecification","valueRequired":true,"valueName":"search_term_string"}}],"inLanguage":"en-GB"}]}},"_links":{"self":[{"href":"https:\/\/www.etto.cz\/en\/wp-json\/wp\/v2\/pages\/2833","targetHints":{"allow":["GET"]}}],"collection":[{"href":"https:\/\/www.etto.cz\/en\/wp-json\/wp\/v2\/pages"}],"about":[{"href":"https:\/\/www.etto.cz\/en\/wp-json\/wp\/v2\/types\/page"}],"author":[{"embeddable":true,"href":"https:\/\/www.etto.cz\/en\/wp-json\/wp\/v2\/users\/1"}],"replies":[{"embeddable":true,"href":"https:\/\/www.etto.cz\/en\/wp-json\/wp\/v2\/comments?post=2833"}],"version-history":[{"count":1,"href":"https:\/\/www.etto.cz\/en\/wp-json\/wp\/v2\/pages\/2833\/revisions"}],"predecessor-version":[{"id":4696,"href":"https:\/\/www.etto.cz\/en\/wp-json\/wp\/v2\/pages\/2833\/revisions\/4696"}],"wp:attachment":[{"href":"https:\/\/www.etto.cz\/en\/wp-json\/wp\/v2\/media?parent=2833"}],"curies":[{"name":"wp","href":"https:\/\/api.w.org\/{rel}","templated":true}]}}