{"id":2834,"date":"2018-03-14T15:15:06","date_gmt":"2018-03-14T14:15:06","guid":{"rendered":"http:\/\/www.etto.cz\/download\/"},"modified":"2024-09-30T07:39:04","modified_gmt":"2024-09-30T06:39:04","slug":"download","status":"publish","type":"page","link":"https:\/\/www.etto.cz\/en\/download\/","title":{"rendered":"Download file"},"content":{"rendered":"<h2>Obchodn\u00ed podm\u00ednky<\/h2>\n<p><a href=\"http:\/\/www.etto.cz\/wp-content\/uploads\/2018\/06\/general-business-terms.pdf\" target=\"_blank\" rel=\"noopener noreferrer\"><img loading=\"lazy\" decoding=\"async\" class=\"alignnone wp-image-3254 size-full\" src=\"http:\/\/www.etto.cz\/wp-content\/uploads\/2018\/05\/pdf-e1527166728716.png\" alt=\"\" width=\"24\" height=\"24\"><\/a> <a href=\"http:\/\/www.etto.cz\/wp-content\/uploads\/2018\/06\/general-business-terms.pdf\" target=\"_blank\" rel=\"noopener noreferrer\">V\u0161eobecn\u00e9 obchodn\u00ed podm\u00ednky &#8211; 01.06.2018 <\/a><\/p>\n<h2>Certifik\u00e1ty<\/h2>\n<p><a href=\"https:\/\/www.etto.cz\/wp-content\/uploads\/2015\/10\/statni-zkusebna-zemedelskych-potravinarskych-a-lesnickych-strojum-a.s.-certifikat-na-elektricke-topne-teleso-typ-1373xxx-100-1500w.pdf\" target=\"_blank\" rel=\"noopener noreferrer\"><img loading=\"lazy\" decoding=\"async\" class=\"alignnone wp-image-3254 size-full\" src=\"http:\/\/www.etto.cz\/wp-content\/uploads\/2018\/05\/pdf-e1527166728716.png\" alt=\"\" width=\"24\" height=\"24\"><\/a> <span style=\"\"><a href=\"https:\/\/www.etto.cz\/wp-content\/uploads\/2015\/10\/statni-zkusebna-zemedelskych-potravinarskych-a-lesnickych-strojum-a.s.-certifikat-na-elektricke-topne-teleso-typ-1373xxx-100-1500w.pdf\" target=\"_blank\" rel=\"noopener noreferrer\">Certifik\u00e1t pro elektrick\u00e9 topn\u00e9 t\u011bleso, typ 1373\/XXX (100-1500W)<\/a><br \/>\n<a href=\"https:\/\/www.etto.cz\/wp-content\/uploads\/2015\/10\/statni-zkusebna-zemedelskych-potravinarskych-a-lesnickych-strojum-a.s.-elektricke-topne-teleso-s-termostatem-typ-24-12-kw.pdf\" target=\"_blank\" rel=\"noopener noreferrer\"><img loading=\"lazy\" decoding=\"async\" class=\"alignnone wp-image-3254 size-full\" src=\"http:\/\/www.etto.cz\/wp-content\/uploads\/2018\/05\/pdf-e1527166728716.png\" alt=\"\" width=\"24\" height=\"24\"><\/a> <a href=\"https:\/\/www.etto.cz\/wp-content\/uploads\/2015\/10\/statni-zkusebna-zemedelskych-potravinarskych-a-lesnickych-strojum-a.s.-elektricke-topne-teleso-s-termostatem-typ-24-12-kw.pdf\" target=\"_blank\" rel=\"noopener noreferrer\">Elektrick\u00e9 topn\u00e9 t\u011bleso s termostatem, typ 2.4 \u2013 12 kW<\/a><br \/>\n<a href=\"https:\/\/www.etto.cz\/wp-content\/uploads\/2015\/10\/protokol-o-zkousce.pdf\" target=\"_blank\" rel=\"noopener noreferrer\"><img loading=\"lazy\" decoding=\"async\" class=\"alignnone wp-image-3254 size-full\" src=\"http:\/\/www.etto.cz\/wp-content\/uploads\/2018\/05\/pdf-e1527166728716.png\" alt=\"\" width=\"24\" height=\"24\"><\/a> <a href=\"https:\/\/www.etto.cz\/wp-content\/uploads\/2015\/10\/protokol-o-zkousce.pdf\" target=\"_blank\" rel=\"noopener noreferrer\">Zku\u0161ebn\u00ed protokol \u010d. 39-10015\/A\/IP<\/a><br \/>\n<a href=\"http:\/\/www.etto.cz\/wp-content\/uploads\/2015\/05\/iso-etto-9001.pdf\" target=\"_blank\" rel=\"noopener noreferrer\"><img loading=\"lazy\" decoding=\"async\" class=\"alignnone wp-image-3254 size-full\" src=\"http:\/\/www.etto.cz\/wp-content\/uploads\/2018\/05\/pdf-e1527166728716.png\" alt=\"\" width=\"24\" height=\"24\"><\/a> <a href=\"https:\/\/www.etto.cz\/wp-content\/uploads\/2023\/11\/iso-9001_elektron-etto-s.r.o._2023_en.pdf\" target=\"_blank\" rel=\"noopener noreferrer\">Certifik\u00e1t ISO 9001<\/a><br \/>\n<a href=\"https:\/\/www.etto.cz\/wp-content\/uploads\/2017\/10\/kryt-ip-65-en.pdf\" target=\"_blank\" rel=\"noopener noreferrer\"><img loading=\"lazy\" decoding=\"async\" class=\"alignnone wp-image-3254 size-full\" src=\"http:\/\/www.etto.cz\/wp-content\/uploads\/2018\/05\/pdf-e1527166728716.png\" alt=\"\" width=\"24\" height=\"24\"><\/a> <a href=\"https:\/\/www.etto.cz\/wp-content\/uploads\/2017\/10\/kryt-ip-65-en.pdf\" target=\"_blank\" rel=\"noopener noreferrer\">Certifik\u00e1t krytu IP 65<\/a><\/span><\/p>\n<h2>Jin\u00fd<\/h2>\n<p><a href=\"https:\/\/www.etto.cz\/wp-content\/uploads\/2018\/05\/doporuceni-pro-uzivani-topnych-patron-1.pdf\" target=\"_blank\" rel=\"noopener noreferrer\"><img loading=\"lazy\" decoding=\"async\" class=\"alignnone wp-image-3254 size-full\" src=\"http:\/\/www.etto.cz\/wp-content\/uploads\/2018\/05\/pdf-e1527166728716.png\" alt=\"\" width=\"24\" height=\"24\"><\/a> <span style=\"\"><a href=\"https:\/\/www.etto.cz\/wp-content\/uploads\/2018\/05\/doporuceni-pro-uzivani-topnych-patron-1.pdf\" target=\"_blank\" rel=\"noopener noreferrer\">Doporu\u010den\u00ed pro pou\u017eit\u00ed topn\u00fdch<\/a><br \/>\n<a href=\"http:\/\/www.etto.cz\/wp-content\/uploads\/2015\/05\/elektricke-ukonceni-trubkovych-topnych-tyci.pdf\" target=\"_blank\" rel=\"noopener noreferrer\"><img loading=\"lazy\" decoding=\"async\" class=\"alignnone wp-image-3254 size-full\" src=\"http:\/\/www.etto.cz\/wp-content\/uploads\/2018\/05\/pdf-e1527166728716.png\" alt=\"\" width=\"24\" height=\"24\"><\/a> patron <a href=\"https:\/\/www.etto.cz\/wp-content\/uploads\/2020\/01\/el.ukonceni_19.12.2019.pdf\" target=\"_blank\" rel=\"noopener noreferrer\">Elektrick\u00e9 zakon\u010den\u00ed trubkov\u00fdch topn\u00fdch ty\u010d\u00ed<\/a><br \/>\n<a href=\"https:\/\/www.etto.cz\/wp-content\/uploads\/2017\/06\/katalog_ohrev_plynu.pdf\" target=\"_blank\" rel=\"noopener noreferrer\"><img loading=\"lazy\" decoding=\"async\" class=\"alignnone wp-image-3254 size-full\" src=\"http:\/\/www.etto.cz\/wp-content\/uploads\/2018\/05\/pdf-e1527166728716.png\" alt=\"\" width=\"24\" height=\"24\"><\/a> <a href=\"https:\/\/www.etto.cz\/wp-content\/uploads\/2017\/06\/katalog_ohrev_plynu.pdf\" target=\"_blank\" rel=\"noopener noreferrer\">Katalog element\u016f pro oh\u0159ev plyn\u016f<\/a><br \/>\n<a href=\"http:\/\/www.etto.cz\/wp-content\/uploads\/2017\/06\/katalog_ohrev_kapalin.pdf\" target=\"_blank\" rel=\"noopener noreferrer\"><img loading=\"lazy\" decoding=\"async\" class=\"alignnone wp-image-3254 size-full\" src=\"http:\/\/www.etto.cz\/wp-content\/uploads\/2018\/05\/pdf-e1527166728716.png\" alt=\"\" width=\"24\" height=\"24\"><\/a> <a href=\"https:\/\/www.etto.cz\/wp-content\/uploads\/2018\/10\/katalog_ohrev_kapalin_17.10.2018.pdf\" target=\"_blank\" rel=\"noopener noreferrer\">Katalog element\u016f pro oh\u0159ev kapalin<\/a><\/span><\/p>\n","protected":false},"excerpt":{"rendered":"<p>Obchodn\u00ed podm\u00ednky V\u0161eobecn\u00e9 obchodn\u00ed podm\u00ednky &#8211; 01.06.2018 Certifik\u00e1ty Certifik\u00e1t pro elektrick\u00e9 topn\u00e9 t\u011bleso, typ 1373\/XXX (100-1500W) Elektrick\u00e9 topn\u00e9 t\u011bleso s termostatem, typ 2.4 \u2013 12 &#8230;<\/p>\n","protected":false},"author":1,"featured_media":0,"parent":0,"menu_order":0,"comment_status":"open","ping_status":"open","template":"","meta":{"_acf_changed":false,"ngg_post_thumbnail":0,"footnotes":"","_links_to":"","_links_to_target":""},"class_list":["post-2834","page","type-page","status-publish","hentry"],"acf":[],"yoast_head":"<!-- This site is optimized with the Yoast SEO plugin v27.3 - https:\/\/yoast.com\/product\/yoast-seo-wordpress\/ -->\n<title>Downloads - Technical Documentation | ELEKTRON-ETTO<\/title>\n<meta name=\"description\" content=\"Download technical documentation, catalogues and datasheets for ELEKTRON-ETTO heating elements. Specifications for cartridge heaters, tubular heaters and more.\" \/>\n<meta name=\"robots\" content=\"index, follow, max-snippet:-1, max-image-preview:large, max-video-preview:-1\" \/>\n<link rel=\"canonical\" href=\"https:\/\/www.etto.cz\/en\/download\/\" \/>\n<meta property=\"og:locale\" content=\"en_GB\" \/>\n<meta property=\"og:type\" content=\"article\" \/>\n<meta property=\"og:title\" content=\"Downloads - Technical Documentation | ELEKTRON-ETTO\" \/>\n<meta property=\"og:description\" content=\"Download technical documentation, catalogues and datasheets for ELEKTRON-ETTO heating elements. Specifications for cartridge heaters, tubular heaters and more.\" \/>\n<meta property=\"og:url\" content=\"https:\/\/www.etto.cz\/en\/download\/\" \/>\n<meta property=\"og:site_name\" content=\"ETTO\" \/>\n<meta property=\"article:modified_time\" content=\"2024-09-30T06:39:04+00:00\" \/>\n<meta property=\"og:image\" content=\"https:\/\/www.etto.cz\/wp-content\/uploads\/2018\/05\/pdf-e1527166728716.png\" \/>\n\t<meta property=\"og:image:width\" content=\"24\" \/>\n\t<meta property=\"og:image:height\" content=\"24\" \/>\n\t<meta property=\"og:image:type\" content=\"image\/png\" \/>\n<meta name=\"twitter:card\" content=\"summary_large_image\" \/>\n<meta name=\"twitter:label1\" content=\"Est. reading time\" \/>\n\t<meta name=\"twitter:data1\" content=\"3 minutes\" \/>\n<script type=\"application\/ld+json\" class=\"yoast-schema-graph\">{\"@context\":\"https:\\\/\\\/schema.org\",\"@graph\":[{\"@type\":\"WebPage\",\"@id\":\"https:\\\/\\\/www.etto.cz\\\/ke-stazeni\\\/\",\"url\":\"https:\\\/\\\/www.etto.cz\\\/ke-stazeni\\\/\",\"name\":\"Downloads - Technical Documentation | ELEKTRON-ETTO\",\"isPartOf\":{\"@id\":\"https:\\\/\\\/www.etto.cz\\\/#website\"},\"primaryImageOfPage\":{\"@id\":\"https:\\\/\\\/www.etto.cz\\\/ke-stazeni\\\/#primaryimage\"},\"image\":{\"@id\":\"https:\\\/\\\/www.etto.cz\\\/ke-stazeni\\\/#primaryimage\"},\"thumbnailUrl\":\"http:\\\/\\\/www.etto.cz\\\/wp-content\\\/uploads\\\/2018\\\/05\\\/pdf-e1527166728716.png\",\"datePublished\":\"2018-03-14T14:15:06+00:00\",\"dateModified\":\"2024-09-30T06:39:04+00:00\",\"description\":\"Download technical documentation, catalogues and datasheets for ELEKTRON-ETTO heating elements. Specifications for cartridge heaters, tubular heaters and more.\",\"breadcrumb\":{\"@id\":\"https:\\\/\\\/www.etto.cz\\\/ke-stazeni\\\/#breadcrumb\"},\"inLanguage\":\"en-GB\",\"potentialAction\":[{\"@type\":\"ReadAction\",\"target\":[\"https:\\\/\\\/www.etto.cz\\\/ke-stazeni\\\/\"]}]},{\"@type\":\"ImageObject\",\"inLanguage\":\"en-GB\",\"@id\":\"https:\\\/\\\/www.etto.cz\\\/ke-stazeni\\\/#primaryimage\",\"url\":\"http:\\\/\\\/www.etto.cz\\\/wp-content\\\/uploads\\\/2018\\\/05\\\/pdf-e1527166728716.png\",\"contentUrl\":\"http:\\\/\\\/www.etto.cz\\\/wp-content\\\/uploads\\\/2018\\\/05\\\/pdf-e1527166728716.png\"},{\"@type\":\"BreadcrumbList\",\"@id\":\"https:\\\/\\\/www.etto.cz\\\/ke-stazeni\\\/#breadcrumb\",\"itemListElement\":[{\"@type\":\"ListItem\",\"position\":1,\"name\":\"Dom\u016f\",\"item\":\"https:\\\/\\\/www.etto.cz\\\/\"},{\"@type\":\"ListItem\",\"position\":2,\"name\":\"Download file\"}]},{\"@type\":\"WebSite\",\"@id\":\"https:\\\/\\\/www.etto.cz\\\/#website\",\"url\":\"https:\\\/\\\/www.etto.cz\\\/\",\"name\":\"ETTO\",\"description\":\"V\u00fdroba elektrick\u00fdch topn\u00fdch t\u011bles\",\"potentialAction\":[{\"@type\":\"SearchAction\",\"target\":{\"@type\":\"EntryPoint\",\"urlTemplate\":\"https:\\\/\\\/www.etto.cz\\\/?s={search_term_string}\"},\"query-input\":{\"@type\":\"PropertyValueSpecification\",\"valueRequired\":true,\"valueName\":\"search_term_string\"}}],\"inLanguage\":\"en-GB\"}]}<\/script>\n<!-- \/ Yoast SEO plugin. -->","yoast_head_json":{"title":"Downloads - Technical Documentation | ELEKTRON-ETTO","description":"Download technical documentation, catalogues and datasheets for ELEKTRON-ETTO heating elements. Specifications for cartridge heaters, tubular heaters and more.","robots":{"index":"index","follow":"follow","max-snippet":"max-snippet:-1","max-image-preview":"max-image-preview:large","max-video-preview":"max-video-preview:-1"},"canonical":"https:\/\/www.etto.cz\/en\/download\/","og_locale":"en_GB","og_type":"article","og_title":"Downloads - Technical Documentation | ELEKTRON-ETTO","og_description":"Download technical documentation, catalogues and datasheets for ELEKTRON-ETTO heating elements. Specifications for cartridge heaters, tubular heaters and more.","og_url":"https:\/\/www.etto.cz\/en\/download\/","og_site_name":"ETTO","article_modified_time":"2024-09-30T06:39:04+00:00","og_image":[{"width":24,"height":24,"url":"https:\/\/www.etto.cz\/wp-content\/uploads\/2018\/05\/pdf-e1527166728716.png","type":"image\/png"}],"twitter_card":"summary_large_image","twitter_misc":{"Est. reading time":"3 minutes"},"schema":{"@context":"https:\/\/schema.org","@graph":[{"@type":"WebPage","@id":"https:\/\/www.etto.cz\/ke-stazeni\/","url":"https:\/\/www.etto.cz\/ke-stazeni\/","name":"Downloads - Technical Documentation | ELEKTRON-ETTO","isPartOf":{"@id":"https:\/\/www.etto.cz\/#website"},"primaryImageOfPage":{"@id":"https:\/\/www.etto.cz\/ke-stazeni\/#primaryimage"},"image":{"@id":"https:\/\/www.etto.cz\/ke-stazeni\/#primaryimage"},"thumbnailUrl":"http:\/\/www.etto.cz\/wp-content\/uploads\/2018\/05\/pdf-e1527166728716.png","datePublished":"2018-03-14T14:15:06+00:00","dateModified":"2024-09-30T06:39:04+00:00","description":"Download technical documentation, catalogues and datasheets for ELEKTRON-ETTO heating elements. Specifications for cartridge heaters, tubular heaters and more.","breadcrumb":{"@id":"https:\/\/www.etto.cz\/ke-stazeni\/#breadcrumb"},"inLanguage":"en-GB","potentialAction":[{"@type":"ReadAction","target":["https:\/\/www.etto.cz\/ke-stazeni\/"]}]},{"@type":"ImageObject","inLanguage":"en-GB","@id":"https:\/\/www.etto.cz\/ke-stazeni\/#primaryimage","url":"http:\/\/www.etto.cz\/wp-content\/uploads\/2018\/05\/pdf-e1527166728716.png","contentUrl":"http:\/\/www.etto.cz\/wp-content\/uploads\/2018\/05\/pdf-e1527166728716.png"},{"@type":"BreadcrumbList","@id":"https:\/\/www.etto.cz\/ke-stazeni\/#breadcrumb","itemListElement":[{"@type":"ListItem","position":1,"name":"Dom\u016f","item":"https:\/\/www.etto.cz\/"},{"@type":"ListItem","position":2,"name":"Download file"}]},{"@type":"WebSite","@id":"https:\/\/www.etto.cz\/#website","url":"https:\/\/www.etto.cz\/","name":"ETTO","description":"V\u00fdroba elektrick\u00fdch topn\u00fdch t\u011bles","potentialAction":[{"@type":"SearchAction","target":{"@type":"EntryPoint","urlTemplate":"https:\/\/www.etto.cz\/?s={search_term_string}"},"query-input":{"@type":"PropertyValueSpecification","valueRequired":true,"valueName":"search_term_string"}}],"inLanguage":"en-GB"}]}},"_links":{"self":[{"href":"https:\/\/www.etto.cz\/en\/wp-json\/wp\/v2\/pages\/2834","targetHints":{"allow":["GET"]}}],"collection":[{"href":"https:\/\/www.etto.cz\/en\/wp-json\/wp\/v2\/pages"}],"about":[{"href":"https:\/\/www.etto.cz\/en\/wp-json\/wp\/v2\/types\/page"}],"author":[{"embeddable":true,"href":"https:\/\/www.etto.cz\/en\/wp-json\/wp\/v2\/users\/1"}],"replies":[{"embeddable":true,"href":"https:\/\/www.etto.cz\/en\/wp-json\/wp\/v2\/comments?post=2834"}],"version-history":[{"count":4,"href":"https:\/\/www.etto.cz\/en\/wp-json\/wp\/v2\/pages\/2834\/revisions"}],"predecessor-version":[{"id":5272,"href":"https:\/\/www.etto.cz\/en\/wp-json\/wp\/v2\/pages\/2834\/revisions\/5272"}],"wp:attachment":[{"href":"https:\/\/www.etto.cz\/en\/wp-json\/wp\/v2\/media?parent=2834"}],"curies":[{"name":"wp","href":"https:\/\/api.w.org\/{rel}","templated":true}]}}