{"id":2835,"date":"2018-03-14T15:15:32","date_gmt":"2018-03-14T14:15:32","guid":{"rendered":"http:\/\/www.etto.cz\/heating-cartridges\/high-loaded-heating-cartridges-with-thermocouple\/"},"modified":"2025-02-04T13:23:19","modified_gmt":"2025-02-04T12:23:19","slug":"high-loaded-heating-cartridges-with-thermocouple","status":"publish","type":"page","link":"https:\/\/www.etto.cz\/en\/products\/heating-cartridges\/high-loaded-heating-cartridges-with-thermocouple\/","title":{"rendered":"High-performance cartridge with internal thermocouple and PT100"},"content":{"rendered":"<p style=\"text-align: justify;\">If the thermocouple is insulated from the sheath of the cartridge heater, then the cartridge heater on the side of the regulation must be grounded.&nbsp;Standard methods of location of the thermocouple for high-performance cartridge heaters are shown on the picture.<\/p>\n<p>Heating cartridges with a diameter of <strong>10mm or more<\/strong> can be manufactured with a <strong>PT100 temperature sensor placed at the beginning or end of the cartridge<\/strong>.<\/p>\n<p style=\"text-align: justify;\"><div class='content-column four_fifth'><p style=\"text-align: justify;\"><strong>Standard types of thermocouples.<\/strong><\/p>\n<table>\n<tbody>\n<tr>\n<td>J &#8211;<\/td>\n<td>-20 \u00b0C \u2013 750 \u00b0C<\/td>\n<td>Iron &#8211; magnetic &#8211; positive pole.<br \/>\nCopper \/ nickel &#8211; non-magnetic &#8211; negative pole.<\/td>\n<\/tr>\n<tr>\n<td>K &#8211;<\/td>\n<td>-20 \u00b0C \u2013 1,250 \u00b0C<\/td>\n<td>Nickel \/ chromium &#8211; non-magnetic &#8211; positive pole.<br \/>\nNickel \/ aluminium &#8211; magnetic &#8211; negative pole.<\/td>\n<\/tr>\n<\/tbody>\n<\/table><\/div><\/p>\n","protected":false},"excerpt":{"rendered":"<p>If the thermocouple is insulated from the sheath of the cartridge heater, then the cartridge heater on the side of the regulation must be grounded.&nbsp;Standard &#8230;<\/p>\n","protected":false},"author":1,"featured_media":2406,"parent":2800,"menu_order":0,"comment_status":"open","ping_status":"closed","template":"_page-menu.php","meta":{"_acf_changed":false,"ngg_post_thumbnail":0,"footnotes":"","_links_to":"","_links_to_target":""},"class_list":["post-2835","page","type-page","status-publish","has-post-thumbnail","hentry"],"acf":[],"yoast_head":"<!-- This site is optimized with the Yoast SEO plugin v27.6 - https:\/\/yoast.com\/product\/yoast-seo-wordpress\/ -->\n<title>Cartridge Heaters with Thermocouple and PT100 | ELEKTRON-ETTO<\/title>\n<meta name=\"description\" content=\"High-performance cartridge heaters with integrated thermocouple or PT100 sensor. Precise temperature control from European manufacturer ELEKTRON-ETTO.\" \/>\n<meta name=\"robots\" content=\"index, follow, max-snippet:-1, max-image-preview:large, max-video-preview:-1\" \/>\n<link rel=\"canonical\" href=\"https:\/\/www.etto.cz\/en\/products\/heating-cartridges\/high-loaded-heating-cartridges-with-thermocouple\/\" \/>\n<meta property=\"og:locale\" content=\"en_GB\" \/>\n<meta property=\"og:type\" content=\"article\" \/>\n<meta property=\"og:title\" content=\"Cartridge Heaters with Thermocouple and PT100 | ELEKTRON-ETTO\" \/>\n<meta property=\"og:description\" content=\"High-performance cartridge heaters with integrated thermocouple or PT100 sensor. Precise temperature control from European manufacturer ELEKTRON-ETTO.\" \/>\n<meta property=\"og:url\" content=\"https:\/\/www.etto.cz\/en\/products\/heating-cartridges\/high-loaded-heating-cartridges-with-thermocouple\/\" \/>\n<meta property=\"og:site_name\" content=\"ETTO\" \/>\n<meta property=\"article:modified_time\" content=\"2025-02-04T12:23:19+00:00\" \/>\n<meta property=\"og:image\" content=\"https:\/\/www.etto.cz\/wp-content\/uploads\/2015\/05\/vysokozatizene-patrony-s-termoclankem.jpg\" \/>\n\t<meta property=\"og:image:width\" content=\"794\" \/>\n\t<meta property=\"og:image:height\" content=\"973\" \/>\n\t<meta property=\"og:image:type\" content=\"image\/jpeg\" \/>\n<meta name=\"twitter:card\" content=\"summary_large_image\" \/>\n<meta name=\"twitter:label1\" content=\"Est. reading time\" \/>\n\t<meta name=\"twitter:data1\" content=\"1 minute\" \/>\n<script type=\"application\/ld+json\" class=\"yoast-schema-graph\">{\"@context\":\"https:\\\/\\\/schema.org\",\"@graph\":[{\"@type\":\"WebPage\",\"@id\":\"https:\\\/\\\/www.etto.cz\\\/elektricka-topna-telesa\\\/topne-patrony\\\/vysocezatizene-topne-patrony-s-termoclankem\\\/\",\"url\":\"https:\\\/\\\/www.etto.cz\\\/elektricka-topna-telesa\\\/topne-patrony\\\/vysocezatizene-topne-patrony-s-termoclankem\\\/\",\"name\":\"Cartridge Heaters with Thermocouple and PT100 | ELEKTRON-ETTO\",\"isPartOf\":{\"@id\":\"https:\\\/\\\/www.etto.cz\\\/#website\"},\"primaryImageOfPage\":{\"@id\":\"https:\\\/\\\/www.etto.cz\\\/elektricka-topna-telesa\\\/topne-patrony\\\/vysocezatizene-topne-patrony-s-termoclankem\\\/#primaryimage\"},\"image\":{\"@id\":\"https:\\\/\\\/www.etto.cz\\\/elektricka-topna-telesa\\\/topne-patrony\\\/vysocezatizene-topne-patrony-s-termoclankem\\\/#primaryimage\"},\"thumbnailUrl\":\"https:\\\/\\\/www.etto.cz\\\/wp-content\\\/uploads\\\/2015\\\/05\\\/vysokozatizene-patrony-s-termoclankem.jpg\",\"datePublished\":\"2018-03-14T14:15:32+00:00\",\"dateModified\":\"2025-02-04T12:23:19+00:00\",\"description\":\"High-performance cartridge heaters with integrated thermocouple or PT100 sensor. Precise temperature control from European manufacturer ELEKTRON-ETTO.\",\"breadcrumb\":{\"@id\":\"https:\\\/\\\/www.etto.cz\\\/elektricka-topna-telesa\\\/topne-patrony\\\/vysocezatizene-topne-patrony-s-termoclankem\\\/#breadcrumb\"},\"inLanguage\":\"en-GB\",\"potentialAction\":[{\"@type\":\"ReadAction\",\"target\":[\"https:\\\/\\\/www.etto.cz\\\/elektricka-topna-telesa\\\/topne-patrony\\\/vysocezatizene-topne-patrony-s-termoclankem\\\/\"]}]},{\"@type\":\"ImageObject\",\"inLanguage\":\"en-GB\",\"@id\":\"https:\\\/\\\/www.etto.cz\\\/elektricka-topna-telesa\\\/topne-patrony\\\/vysocezatizene-topne-patrony-s-termoclankem\\\/#primaryimage\",\"url\":\"https:\\\/\\\/www.etto.cz\\\/wp-content\\\/uploads\\\/2015\\\/05\\\/vysokozatizene-patrony-s-termoclankem.jpg\",\"contentUrl\":\"https:\\\/\\\/www.etto.cz\\\/wp-content\\\/uploads\\\/2015\\\/05\\\/vysokozatizene-patrony-s-termoclankem.jpg\",\"width\":794,\"height\":973},{\"@type\":\"BreadcrumbList\",\"@id\":\"https:\\\/\\\/www.etto.cz\\\/elektricka-topna-telesa\\\/topne-patrony\\\/vysocezatizene-topne-patrony-s-termoclankem\\\/#breadcrumb\",\"itemListElement\":[{\"@type\":\"ListItem\",\"position\":1,\"name\":\"Dom\u016f\",\"item\":\"https:\\\/\\\/www.etto.cz\\\/\"},{\"@type\":\"ListItem\",\"position\":2,\"name\":\"Electric heating elements -Products\",\"item\":\"https:\\\/\\\/www.etto.cz\\\/elektricka-topna-telesa\\\/\"},{\"@type\":\"ListItem\",\"position\":3,\"name\":\"Cartridge heaters\",\"item\":\"https:\\\/\\\/www.etto.cz\\\/elektricka-topna-telesa\\\/topne-patrony\\\/\"},{\"@type\":\"ListItem\",\"position\":4,\"name\":\"High-performance cartridge with internal thermocouple and PT100\"}]},{\"@type\":\"WebSite\",\"@id\":\"https:\\\/\\\/www.etto.cz\\\/#website\",\"url\":\"https:\\\/\\\/www.etto.cz\\\/\",\"name\":\"ETTO\",\"description\":\"V\u00fdroba elektrick\u00fdch topn\u00fdch t\u011bles\",\"potentialAction\":[{\"@type\":\"SearchAction\",\"target\":{\"@type\":\"EntryPoint\",\"urlTemplate\":\"https:\\\/\\\/www.etto.cz\\\/?s={search_term_string}\"},\"query-input\":{\"@type\":\"PropertyValueSpecification\",\"valueRequired\":true,\"valueName\":\"search_term_string\"}}],\"inLanguage\":\"en-GB\"}]}<\/script>\n<!-- \/ Yoast SEO plugin. -->","yoast_head_json":{"title":"Cartridge Heaters with Thermocouple and PT100 | ELEKTRON-ETTO","description":"High-performance cartridge heaters with integrated thermocouple or PT100 sensor. Precise temperature control from European manufacturer ELEKTRON-ETTO.","robots":{"index":"index","follow":"follow","max-snippet":"max-snippet:-1","max-image-preview":"max-image-preview:large","max-video-preview":"max-video-preview:-1"},"canonical":"https:\/\/www.etto.cz\/en\/products\/heating-cartridges\/high-loaded-heating-cartridges-with-thermocouple\/","og_locale":"en_GB","og_type":"article","og_title":"Cartridge Heaters with Thermocouple and PT100 | ELEKTRON-ETTO","og_description":"High-performance cartridge heaters with integrated thermocouple or PT100 sensor. Precise temperature control from European manufacturer ELEKTRON-ETTO.","og_url":"https:\/\/www.etto.cz\/en\/products\/heating-cartridges\/high-loaded-heating-cartridges-with-thermocouple\/","og_site_name":"ETTO","article_modified_time":"2025-02-04T12:23:19+00:00","og_image":[{"width":794,"height":973,"url":"https:\/\/www.etto.cz\/wp-content\/uploads\/2015\/05\/vysokozatizene-patrony-s-termoclankem.jpg","type":"image\/jpeg"}],"twitter_card":"summary_large_image","twitter_misc":{"Est. reading time":"1 minute"},"schema":{"@context":"https:\/\/schema.org","@graph":[{"@type":"WebPage","@id":"https:\/\/www.etto.cz\/elektricka-topna-telesa\/topne-patrony\/vysocezatizene-topne-patrony-s-termoclankem\/","url":"https:\/\/www.etto.cz\/elektricka-topna-telesa\/topne-patrony\/vysocezatizene-topne-patrony-s-termoclankem\/","name":"Cartridge Heaters with Thermocouple and PT100 | ELEKTRON-ETTO","isPartOf":{"@id":"https:\/\/www.etto.cz\/#website"},"primaryImageOfPage":{"@id":"https:\/\/www.etto.cz\/elektricka-topna-telesa\/topne-patrony\/vysocezatizene-topne-patrony-s-termoclankem\/#primaryimage"},"image":{"@id":"https:\/\/www.etto.cz\/elektricka-topna-telesa\/topne-patrony\/vysocezatizene-topne-patrony-s-termoclankem\/#primaryimage"},"thumbnailUrl":"https:\/\/www.etto.cz\/wp-content\/uploads\/2015\/05\/vysokozatizene-patrony-s-termoclankem.jpg","datePublished":"2018-03-14T14:15:32+00:00","dateModified":"2025-02-04T12:23:19+00:00","description":"High-performance cartridge heaters with integrated thermocouple or PT100 sensor. Precise temperature control from European manufacturer ELEKTRON-ETTO.","breadcrumb":{"@id":"https:\/\/www.etto.cz\/elektricka-topna-telesa\/topne-patrony\/vysocezatizene-topne-patrony-s-termoclankem\/#breadcrumb"},"inLanguage":"en-GB","potentialAction":[{"@type":"ReadAction","target":["https:\/\/www.etto.cz\/elektricka-topna-telesa\/topne-patrony\/vysocezatizene-topne-patrony-s-termoclankem\/"]}]},{"@type":"ImageObject","inLanguage":"en-GB","@id":"https:\/\/www.etto.cz\/elektricka-topna-telesa\/topne-patrony\/vysocezatizene-topne-patrony-s-termoclankem\/#primaryimage","url":"https:\/\/www.etto.cz\/wp-content\/uploads\/2015\/05\/vysokozatizene-patrony-s-termoclankem.jpg","contentUrl":"https:\/\/www.etto.cz\/wp-content\/uploads\/2015\/05\/vysokozatizene-patrony-s-termoclankem.jpg","width":794,"height":973},{"@type":"BreadcrumbList","@id":"https:\/\/www.etto.cz\/elektricka-topna-telesa\/topne-patrony\/vysocezatizene-topne-patrony-s-termoclankem\/#breadcrumb","itemListElement":[{"@type":"ListItem","position":1,"name":"Dom\u016f","item":"https:\/\/www.etto.cz\/"},{"@type":"ListItem","position":2,"name":"Electric heating elements -Products","item":"https:\/\/www.etto.cz\/elektricka-topna-telesa\/"},{"@type":"ListItem","position":3,"name":"Cartridge heaters","item":"https:\/\/www.etto.cz\/elektricka-topna-telesa\/topne-patrony\/"},{"@type":"ListItem","position":4,"name":"High-performance cartridge with internal thermocouple and PT100"}]},{"@type":"WebSite","@id":"https:\/\/www.etto.cz\/#website","url":"https:\/\/www.etto.cz\/","name":"ETTO","description":"V\u00fdroba elektrick\u00fdch topn\u00fdch t\u011bles","potentialAction":[{"@type":"SearchAction","target":{"@type":"EntryPoint","urlTemplate":"https:\/\/www.etto.cz\/?s={search_term_string}"},"query-input":{"@type":"PropertyValueSpecification","valueRequired":true,"valueName":"search_term_string"}}],"inLanguage":"en-GB"}]}},"_links":{"self":[{"href":"https:\/\/www.etto.cz\/en\/wp-json\/wp\/v2\/pages\/2835","targetHints":{"allow":["GET"]}}],"collection":[{"href":"https:\/\/www.etto.cz\/en\/wp-json\/wp\/v2\/pages"}],"about":[{"href":"https:\/\/www.etto.cz\/en\/wp-json\/wp\/v2\/types\/page"}],"author":[{"embeddable":true,"href":"https:\/\/www.etto.cz\/en\/wp-json\/wp\/v2\/users\/1"}],"replies":[{"embeddable":true,"href":"https:\/\/www.etto.cz\/en\/wp-json\/wp\/v2\/comments?post=2835"}],"version-history":[{"count":3,"href":"https:\/\/www.etto.cz\/en\/wp-json\/wp\/v2\/pages\/2835\/revisions"}],"predecessor-version":[{"id":5238,"href":"https:\/\/www.etto.cz\/en\/wp-json\/wp\/v2\/pages\/2835\/revisions\/5238"}],"up":[{"embeddable":true,"href":"https:\/\/www.etto.cz\/en\/wp-json\/wp\/v2\/pages\/2800"}],"wp:featuredmedia":[{"embeddable":true,"href":"https:\/\/www.etto.cz\/en\/wp-json\/wp\/v2\/media\/2406"}],"wp:attachment":[{"href":"https:\/\/www.etto.cz\/en\/wp-json\/wp\/v2\/media?parent=2835"}],"curies":[{"name":"wp","href":"https:\/\/api.w.org\/{rel}","templated":true}]}}