{"id":2836,"date":"2018-03-14T15:15:45","date_gmt":"2018-03-14T14:15:45","guid":{"rendered":"http:\/\/www.etto.cz\/products\/"},"modified":"2025-04-10T08:09:33","modified_gmt":"2025-04-10T07:09:33","slug":"products","status":"publish","type":"page","link":"https:\/\/www.etto.cz\/en\/products\/","title":{"rendered":"Electric heating elements -Products"},"content":{"rendered":"<p style=\"font-size: 16px;\">ELEKTRON-ETTO,s.r.o. designs and produces Electric Heating Elements used in commercial, industrial or other special application.&nbsp;<\/p>\n<div class=\"sub-menu\">            <a href=\"https:\/\/www.etto.cz\/en\/products\/heating-cartridges\/\" class=\"subitem\">\n                <span class=\"img\">\n                    <img decoding=\"async\" src=\"https:\/\/www.etto.cz\/wp-content\/uploads\/2015\/05\/topne-patrony-153x153.jpg\" alt=\"Cartridge heaters\" loading=\"lazy\" \/>\n                    <span><em>Cartridge heaters<\/em><\/span>\n                <\/span>\n                <strong>Cartridge heaters<\/strong>\n            <\/a>\n                        <a href=\"https:\/\/www.etto.cz\/en\/products\/tube-heating-bodies\/\" class=\"subitem\">\n                <span class=\"img\">\n                    <img decoding=\"async\" src=\"https:\/\/www.etto.cz\/wp-content\/uploads\/2015\/05\/trubkova-topna-telesa-153x153.jpg\" alt=\"Tubular heating elements\" loading=\"lazy\" \/>\n                    <span><em>Tubular heating elements<\/em><\/span>\n                <\/span>\n                <strong>Tubular heating elements<\/strong>\n            <\/a>\n                        <a href=\"https:\/\/www.etto.cz\/en\/products\/tube-flat-heating-bodies\/\" class=\"subitem\">\n                <span class=\"img\">\n                    <img decoding=\"async\" src=\"https:\/\/www.etto.cz\/wp-content\/uploads\/2016\/12\/maximka_b2-153x153.jpg\" alt=\"Flat tubular heaters\" loading=\"lazy\" \/>\n                    <span><em>Flat tubular heaters<\/em><\/span>\n                <\/span>\n                <strong>Flat tubular heaters<\/strong>\n            <\/a>\n                        <a href=\"https:\/\/www.etto.cz\/en\/products\/heating-strips-sleeves\/\" class=\"subitem\">\n                <span class=\"img\">\n                    <img decoding=\"async\" src=\"https:\/\/www.etto.cz\/wp-content\/uploads\/2016\/12\/topne_pasy-153x127.jpg\" alt=\"Band heaters and nozzle heaters\" loading=\"lazy\" \/>\n                    <span><em>Band heaters and nozzle heaters<\/em><\/span>\n                <\/span>\n                <strong>Band heaters and nozzle heaters<\/strong>\n            <\/a>\n                        <a href=\"https:\/\/www.etto.cz\/en\/bodies-according-to-the-purpose\/heating-bodies-for-honey-dissolution\/\" class=\"subitem\">\n                <span class=\"img\">\n                    <img decoding=\"async\" src=\"https:\/\/www.etto.cz\/wp-content\/uploads\/2016\/12\/tm1-153x135.jpg\" alt=\"Heating of honey\" loading=\"lazy\" \/>\n                    <span><em>Heating of honey<\/em><\/span>\n                <\/span>\n                <strong>Heating of honey<\/strong>\n            <\/a>\n                        <a href=\"https:\/\/www.etto.cz\/en\/heating-of-substances\/infra-heating\/\" class=\"subitem\">\n                <span class=\"img\">\n                    <img decoding=\"async\" src=\"https:\/\/www.etto.cz\/wp-content\/uploads\/2020\/02\/infra_panel-153x153.png\" alt=\"Infrared heating\" loading=\"lazy\" \/>\n                    <span><em>Infrared heating<\/em><\/span>\n                <\/span>\n                <strong>Infrared heating<\/strong>\n            <\/a>\n                        <a href=\"https:\/\/www.etto.cz\/en\/products\/heating-bodies-with-open-wire-ceramic-mica\/\" class=\"subitem\">\n                <span class=\"img\">\n                    <img decoding=\"async\" src=\"https:\/\/www.etto.cz\/wp-content\/uploads\/2016\/12\/spirala-3-153x124.jpg\" alt=\"Open wire heating elements (ceramic, mica)\" loading=\"lazy\" \/>\n                    <span><em>Open wire heating elements (ceramic, mica)<\/em><\/span>\n                <\/span>\n                <strong>Open wire heating elements (ceramic, mica)<\/strong>\n            <\/a>\n                        <a href=\"https:\/\/www.etto.cz\/en\/bodies-according-to-the-purpose\/heating-bodies-for-industrial-applications\/\" class=\"subitem\">\n                <span class=\"img\">\n                    <img decoding=\"async\" src=\"https:\/\/www.etto.cz\/wp-content\/uploads\/2016\/12\/ohrev_vzduchu_potrubi-153x153.jpg\" alt=\"Industrial heaters\" loading=\"lazy\" \/>\n                    <span><em>Industrial heaters<\/em><\/span>\n                <\/span>\n                <strong>Industrial heaters<\/strong>\n            <\/a>\n                        <a href=\"https:\/\/www.etto.cz\/en\/bodies-according-to-the-purpose\/heating-bodies-for-bathroom-radiators\/\" class=\"subitem\">\n                <span class=\"img\">\n                    <img decoding=\"async\" src=\"https:\/\/www.etto.cz\/wp-content\/uploads\/2016\/12\/z1-153x153.png\" alt=\"Radiator heaters\" loading=\"lazy\" \/>\n                    <span><em>Radiator heaters<\/em><\/span>\n                <\/span>\n                <strong>Radiator heaters<\/strong>\n            <\/a>\n                        <a href=\"https:\/\/www.etto.cz\/en\/samples-from-production\/\" class=\"subitem\">\n                <span class=\"img\">\n                    <img decoding=\"async\" src=\"https:\/\/www.etto.cz\/wp-content\/uploads\/2020\/02\/vyroba-153x153.jpg\" alt=\"Samples from production\" loading=\"lazy\" \/>\n                    <span><em>Samples from production<\/em><\/span>\n                <\/span>\n                <strong>Samples from production<\/strong>\n            <\/a>\n                        <a href=\"https:\/\/www.etto.cz\/en\/bodies-according-to-the-purpose\/heating-of-galvanic-baths\/\" class=\"subitem\">\n                <span class=\"img\">\n                    <img decoding=\"async\" src=\"https:\/\/www.etto.cz\/wp-content\/uploads\/2025\/04\/popular_3kw-153x96.jpg\" alt=\"Chemical resistent heaters\" loading=\"lazy\" \/>\n                    <span><em>Chemical resistent heaters<\/em><\/span>\n                <\/span>\n                <strong>Chemical resistent heaters<\/strong>\n            <\/a>\n            <\/div>\n","protected":false},"excerpt":{"rendered":"<p>ELEKTRON-ETTO,s.r.o. designs and produces Electric Heating Elements used in commercial, industrial or other special application.&nbsp;<\/p>\n","protected":false},"author":1,"featured_media":0,"parent":0,"menu_order":0,"comment_status":"open","ping_status":"open","template":"_page-menu.php","meta":{"_acf_changed":false,"ngg_post_thumbnail":0,"footnotes":"","_links_to":"","_links_to_target":""},"class_list":["post-2836","page","type-page","status-publish","hentry"],"acf":[],"yoast_head":"<!-- This site is optimized with the Yoast SEO plugin v27.5 - https:\/\/yoast.com\/product\/yoast-seo-wordpress\/ -->\n<title>Electric Heating Elements - Products | ELEKTRON-ETTO<\/title>\n<meta name=\"description\" content=\"Full range of electric heating elements: cartridge heaters, tubular heaters, band heaters, infrared heaters. Custom manufactured in Europe by ELEKTRON-ETTO.\" \/>\n<meta name=\"robots\" content=\"index, follow, max-snippet:-1, max-image-preview:large, max-video-preview:-1\" \/>\n<link rel=\"canonical\" href=\"https:\/\/www.etto.cz\/en\/bodies-according-to-the-purpose\/heating-of-galvanic-baths\/\" \/>\n<meta property=\"og:locale\" content=\"en_GB\" \/>\n<meta property=\"og:type\" content=\"article\" \/>\n<meta property=\"og:title\" content=\"Electric Heating Elements - Products | ELEKTRON-ETTO\" \/>\n<meta property=\"og:description\" content=\"Full range of electric heating elements: cartridge heaters, tubular heaters, band heaters, infrared heaters. Custom manufactured in Europe by ELEKTRON-ETTO.\" \/>\n<meta property=\"og:url\" content=\"https:\/\/www.etto.cz\/en\/bodies-according-to-the-purpose\/heating-of-galvanic-baths\/\" \/>\n<meta property=\"og:site_name\" content=\"ETTO\" \/>\n<meta property=\"article:modified_time\" content=\"2025-04-10T07:09:33+00:00\" \/>\n<meta property=\"og:image\" content=\"https:\/\/www.etto.cz\/en\/wp-content\/gallery\/prumyslova-telesa\/teleso-kotel.jpg\" \/>\n<meta name=\"twitter:card\" content=\"summary_large_image\" \/>\n<script type=\"application\/ld+json\" class=\"yoast-schema-graph\">{\"@context\":\"https:\\\/\\\/schema.org\",\"@graph\":[{\"@type\":\"WebPage\",\"@id\":\"https:\\\/\\\/www.etto.cz\\\/elektricka-topna-telesa\\\/\",\"url\":\"https:\\\/\\\/www.etto.cz\\\/elektricka-topna-telesa\\\/\",\"name\":\"Electric Heating Elements - Products | ELEKTRON-ETTO\",\"isPartOf\":{\"@id\":\"https:\\\/\\\/www.etto.cz\\\/#website\"},\"datePublished\":\"2018-03-14T14:15:45+00:00\",\"dateModified\":\"2025-04-10T07:09:33+00:00\",\"description\":\"Full range of electric heating elements: cartridge heaters, tubular heaters, band heaters, infrared heaters. Custom manufactured in Europe by ELEKTRON-ETTO.\",\"breadcrumb\":{\"@id\":\"https:\\\/\\\/www.etto.cz\\\/elektricka-topna-telesa\\\/#breadcrumb\"},\"inLanguage\":\"en-GB\",\"potentialAction\":[{\"@type\":\"ReadAction\",\"target\":[\"https:\\\/\\\/www.etto.cz\\\/elektricka-topna-telesa\\\/\"]}]},{\"@type\":\"BreadcrumbList\",\"@id\":\"https:\\\/\\\/www.etto.cz\\\/elektricka-topna-telesa\\\/#breadcrumb\",\"itemListElement\":[{\"@type\":\"ListItem\",\"position\":1,\"name\":\"Dom\u016f\",\"item\":\"https:\\\/\\\/www.etto.cz\\\/\"},{\"@type\":\"ListItem\",\"position\":2,\"name\":\"Electric heating elements -Products\"}]},{\"@type\":\"WebSite\",\"@id\":\"https:\\\/\\\/www.etto.cz\\\/#website\",\"url\":\"https:\\\/\\\/www.etto.cz\\\/\",\"name\":\"ETTO\",\"description\":\"V\u00fdroba elektrick\u00fdch topn\u00fdch t\u011bles\",\"potentialAction\":[{\"@type\":\"SearchAction\",\"target\":{\"@type\":\"EntryPoint\",\"urlTemplate\":\"https:\\\/\\\/www.etto.cz\\\/?s={search_term_string}\"},\"query-input\":{\"@type\":\"PropertyValueSpecification\",\"valueRequired\":true,\"valueName\":\"search_term_string\"}}],\"inLanguage\":\"en-GB\"}]}<\/script>\n<!-- \/ Yoast SEO plugin. -->","yoast_head_json":{"title":"Electric Heating Elements - Products | ELEKTRON-ETTO","description":"Full range of electric heating elements: cartridge heaters, tubular heaters, band heaters, infrared heaters. Custom manufactured in Europe by ELEKTRON-ETTO.","robots":{"index":"index","follow":"follow","max-snippet":"max-snippet:-1","max-image-preview":"max-image-preview:large","max-video-preview":"max-video-preview:-1"},"canonical":"https:\/\/www.etto.cz\/en\/bodies-according-to-the-purpose\/heating-of-galvanic-baths\/","og_locale":"en_GB","og_type":"article","og_title":"Electric Heating Elements - Products | ELEKTRON-ETTO","og_description":"Full range of electric heating elements: cartridge heaters, tubular heaters, band heaters, infrared heaters. Custom manufactured in Europe by ELEKTRON-ETTO.","og_url":"https:\/\/www.etto.cz\/en\/bodies-according-to-the-purpose\/heating-of-galvanic-baths\/","og_site_name":"ETTO","article_modified_time":"2025-04-10T07:09:33+00:00","og_image":[{"url":"https:\/\/www.etto.cz\/en\/wp-content\/gallery\/prumyslova-telesa\/teleso-kotel.jpg","type":"","width":"","height":""}],"twitter_card":"summary_large_image","schema":{"@context":"https:\/\/schema.org","@graph":[{"@type":"WebPage","@id":"https:\/\/www.etto.cz\/elektricka-topna-telesa\/","url":"https:\/\/www.etto.cz\/elektricka-topna-telesa\/","name":"Electric Heating Elements - Products | ELEKTRON-ETTO","isPartOf":{"@id":"https:\/\/www.etto.cz\/#website"},"datePublished":"2018-03-14T14:15:45+00:00","dateModified":"2025-04-10T07:09:33+00:00","description":"Full range of electric heating elements: cartridge heaters, tubular heaters, band heaters, infrared heaters. Custom manufactured in Europe by ELEKTRON-ETTO.","breadcrumb":{"@id":"https:\/\/www.etto.cz\/elektricka-topna-telesa\/#breadcrumb"},"inLanguage":"en-GB","potentialAction":[{"@type":"ReadAction","target":["https:\/\/www.etto.cz\/elektricka-topna-telesa\/"]}]},{"@type":"BreadcrumbList","@id":"https:\/\/www.etto.cz\/elektricka-topna-telesa\/#breadcrumb","itemListElement":[{"@type":"ListItem","position":1,"name":"Dom\u016f","item":"https:\/\/www.etto.cz\/"},{"@type":"ListItem","position":2,"name":"Electric heating elements -Products"}]},{"@type":"WebSite","@id":"https:\/\/www.etto.cz\/#website","url":"https:\/\/www.etto.cz\/","name":"ETTO","description":"V\u00fdroba elektrick\u00fdch topn\u00fdch t\u011bles","potentialAction":[{"@type":"SearchAction","target":{"@type":"EntryPoint","urlTemplate":"https:\/\/www.etto.cz\/?s={search_term_string}"},"query-input":{"@type":"PropertyValueSpecification","valueRequired":true,"valueName":"search_term_string"}}],"inLanguage":"en-GB"}]}},"_links":{"self":[{"href":"https:\/\/www.etto.cz\/en\/wp-json\/wp\/v2\/pages\/2836","targetHints":{"allow":["GET"]}}],"collection":[{"href":"https:\/\/www.etto.cz\/en\/wp-json\/wp\/v2\/pages"}],"about":[{"href":"https:\/\/www.etto.cz\/en\/wp-json\/wp\/v2\/types\/page"}],"author":[{"embeddable":true,"href":"https:\/\/www.etto.cz\/en\/wp-json\/wp\/v2\/users\/1"}],"replies":[{"embeddable":true,"href":"https:\/\/www.etto.cz\/en\/wp-json\/wp\/v2\/comments?post=2836"}],"version-history":[{"count":8,"href":"https:\/\/www.etto.cz\/en\/wp-json\/wp\/v2\/pages\/2836\/revisions"}],"predecessor-version":[{"id":5522,"href":"https:\/\/www.etto.cz\/en\/wp-json\/wp\/v2\/pages\/2836\/revisions\/5522"}],"wp:attachment":[{"href":"https:\/\/www.etto.cz\/en\/wp-json\/wp\/v2\/media?parent=2836"}],"curies":[{"name":"wp","href":"https:\/\/api.w.org\/{rel}","templated":true}]}}