{"id":2840,"date":"2018-03-14T15:16:42","date_gmt":"2018-03-14T14:16:42","guid":{"rendered":"http:\/\/www.etto.cz\/heating-cartridges\/standard-methods-of-fixation-of-heating-cartridges-flanges\/"},"modified":"2018-06-14T13:31:10","modified_gmt":"2018-06-14T12:31:10","slug":"standard-methods-of-fixation-of-heating-cartridges-flanges","status":"publish","type":"page","link":"https:\/\/www.etto.cz\/en\/products\/heating-cartridges\/standard-methods-of-fixation-of-heating-cartridges-flanges\/","title":{"rendered":"Mounting options of cartridge heaters (flanges)."},"content":{"rendered":"<p><strong><u>1) Version:<\/u> Cartridge heater with threaded fittings.<br \/>\n<\/strong>The standard length of the no-heating zone on the side of the leads is 15-21 mm according to the diameter and the type of cartridge heater. Length tolerance +0\/-2%.<\/p>\n<p><img loading=\"lazy\" decoding=\"async\" width=\"670\" height=\"376\" class=\"aligncenter wp-image-891\" alt=\"standard-methods-of-fixation-of-cartridge-heater-flanges-04\" src=\"http:\/\/www.etto.cz\/wp-content\/uploads\/2015\/10\/standardni-zpusoby-uchyceni-patron-priruby-04.jpg\" srcset=\"https:\/\/www.etto.cz\/wp-content\/uploads\/2015\/10\/standardni-zpusoby-uchyceni-patron-priruby-04.jpg 800w, https:\/\/www.etto.cz\/wp-content\/uploads\/2015\/10\/standardni-zpusoby-uchyceni-patron-priruby-04-300x168.jpg 300w, https:\/\/www.etto.cz\/wp-content\/uploads\/2015\/10\/standardni-zpusoby-uchyceni-patron-priruby-04-153x86.jpg 153w, https:\/\/www.etto.cz\/wp-content\/uploads\/2015\/10\/standardni-zpusoby-uchyceni-patron-priruby-04-253x142.jpg 253w\" sizes=\"auto, (max-width: 670px) 100vw, 670px\" \/><\/p>\n<p><strong><u>2) Version:<\/u> Cartridge heater with the flange with conical thread <\/strong> (NPT thread is available instead of BSP thread).<br \/>\nThe standard length of the no-heating zone on the part of leads is 5 mm longer than the length of the flange.&nbsp;Length tolerance +0\/-2%.<\/p>\n<p><img loading=\"lazy\" decoding=\"async\" width=\"670\" height=\"386\" class=\"aligncenter wp-image-892\" alt=\"standard-methods-of-fixation-of-cartridge-heater-flanges-03\" src=\"http:\/\/www.etto.cz\/wp-content\/uploads\/2015\/10\/standardni-zpusoby-uchyceni-patron-priruby-03.jpg\" srcset=\"https:\/\/www.etto.cz\/wp-content\/uploads\/2015\/10\/standardni-zpusoby-uchyceni-patron-priruby-03.jpg 800w, https:\/\/www.etto.cz\/wp-content\/uploads\/2015\/10\/standardni-zpusoby-uchyceni-patron-priruby-03-300x173.jpg 300w, https:\/\/www.etto.cz\/wp-content\/uploads\/2015\/10\/standardni-zpusoby-uchyceni-patron-priruby-03-153x88.jpg 153w, https:\/\/www.etto.cz\/wp-content\/uploads\/2015\/10\/standardni-zpusoby-uchyceni-patron-priruby-03-253x146.jpg 253w\" sizes=\"auto, (max-width: 670px) 100vw, 670px\" \/><\/p>\n<p><strong><u>3) Version:<\/u> Cartridge heater with flange.<br \/>\n<\/strong>The flange can be located arbitrarily in the non-heating zone on the side of the leads. This must be specified when ordering.<\/p>\n<p><img loading=\"lazy\" decoding=\"async\" width=\"670\" height=\"284\" class=\"aligncenter wp-image-893\" alt=\"standard-methods-of-fixation-of-cartridge-heater-flanges-01\" src=\"http:\/\/www.etto.cz\/wp-content\/uploads\/2015\/10\/standardni-zpusoby-uchyceni-patron-priruby-01.jpg\" srcset=\"https:\/\/www.etto.cz\/wp-content\/uploads\/2015\/10\/standardni-zpusoby-uchyceni-patron-priruby-01.jpg 800w, https:\/\/www.etto.cz\/wp-content\/uploads\/2015\/10\/standardni-zpusoby-uchyceni-patron-priruby-01-300x127.jpg 300w, https:\/\/www.etto.cz\/wp-content\/uploads\/2015\/10\/standardni-zpusoby-uchyceni-patron-priruby-01-153x65.jpg 153w, https:\/\/www.etto.cz\/wp-content\/uploads\/2015\/10\/standardni-zpusoby-uchyceni-patron-priruby-01-253x107.jpg 253w\" sizes=\"auto, (max-width: 670px) 100vw, 670px\" \/><\/p>\n<p><strong><u>4) Version:<\/u> Cartridge heater with locating ring.<br \/>\n<\/strong>The locating ring can be located arbitrarily in the non-heating zone on the side of the leads. This must be specified when ordering.<\/p>\n<p><img loading=\"lazy\" decoding=\"async\" width=\"670\" height=\"225\" class=\"aligncenter wp-image-894\" alt=\"standard-methods-of-fixation-of-cartridge-heater-flanges-02\" src=\"http:\/\/www.etto.cz\/wp-content\/uploads\/2015\/10\/standardni-zpusoby-uchyceni-patron-priruby-02.jpg\" srcset=\"https:\/\/www.etto.cz\/wp-content\/uploads\/2015\/10\/standardni-zpusoby-uchyceni-patron-priruby-02.jpg 800w, https:\/\/www.etto.cz\/wp-content\/uploads\/2015\/10\/standardni-zpusoby-uchyceni-patron-priruby-02-300x101.jpg 300w, https:\/\/www.etto.cz\/wp-content\/uploads\/2015\/10\/standardni-zpusoby-uchyceni-patron-priruby-02-153x51.jpg 153w, https:\/\/www.etto.cz\/wp-content\/uploads\/2015\/10\/standardni-zpusoby-uchyceni-patron-priruby-02-253x85.jpg 253w\" sizes=\"auto, (max-width: 670px) 100vw, 670px\" \/><\/p>\n<p>&nbsp;<\/p>\n","protected":false},"excerpt":{"rendered":"<p>1) Version: Cartridge heater with threaded fittings. The standard length of the no-heating zone on the side of the leads is 15-21 mm according to &#8230;<\/p>\n","protected":false},"author":1,"featured_media":0,"parent":2800,"menu_order":0,"comment_status":"open","ping_status":"open","template":"_page-menu.php","meta":{"_acf_changed":false,"ngg_post_thumbnail":0,"footnotes":"","_links_to":"","_links_to_target":""},"class_list":["post-2840","page","type-page","status-publish","hentry"],"acf":[],"yoast_head":"<!-- This site is optimized with the Yoast SEO plugin v27.4 - https:\/\/yoast.com\/product\/yoast-seo-wordpress\/ -->\n<title>Cartridge Heater Mounting Options | ELEKTRON-ETTO<\/title>\n<meta name=\"description\" content=\"Standard mounting and flange options for cartridge heaters. Technical guide for heater installation from European manufacturer ELEKTRON-ETTO.\" \/>\n<meta name=\"robots\" content=\"index, follow, max-snippet:-1, max-image-preview:large, max-video-preview:-1\" \/>\n<link rel=\"canonical\" href=\"https:\/\/www.etto.cz\/en\/products\/heating-cartridges\/standard-methods-of-fixation-of-heating-cartridges-flanges\/\" \/>\n<meta property=\"og:locale\" content=\"en_GB\" \/>\n<meta property=\"og:type\" content=\"article\" \/>\n<meta property=\"og:title\" content=\"Cartridge Heater Mounting Options | ELEKTRON-ETTO\" \/>\n<meta property=\"og:description\" content=\"Standard mounting and flange options for cartridge heaters. Technical guide for heater installation from European manufacturer ELEKTRON-ETTO.\" \/>\n<meta property=\"og:url\" content=\"https:\/\/www.etto.cz\/en\/products\/heating-cartridges\/standard-methods-of-fixation-of-heating-cartridges-flanges\/\" \/>\n<meta property=\"og:site_name\" content=\"ETTO\" \/>\n<meta property=\"article:modified_time\" content=\"2018-06-14T12:31:10+00:00\" \/>\n<meta property=\"og:image\" content=\"https:\/\/www.etto.cz\/wp-content\/uploads\/2015\/10\/standardni-zpusoby-uchyceni-patron-priruby-04.jpg\" \/>\n\t<meta property=\"og:image:width\" content=\"800\" \/>\n\t<meta property=\"og:image:height\" content=\"449\" \/>\n\t<meta property=\"og:image:type\" content=\"image\/jpeg\" \/>\n<meta name=\"twitter:card\" content=\"summary_large_image\" \/>\n<meta name=\"twitter:label1\" content=\"Est. reading time\" \/>\n\t<meta name=\"twitter:data1\" content=\"1 minute\" \/>\n<script type=\"application\/ld+json\" class=\"yoast-schema-graph\">{\"@context\":\"https:\\\/\\\/schema.org\",\"@graph\":[{\"@type\":\"WebPage\",\"@id\":\"https:\\\/\\\/www.etto.cz\\\/elektricka-topna-telesa\\\/topne-patrony\\\/standardni-zpusoby-uchyceni-patron-priruby\\\/\",\"url\":\"https:\\\/\\\/www.etto.cz\\\/elektricka-topna-telesa\\\/topne-patrony\\\/standardni-zpusoby-uchyceni-patron-priruby\\\/\",\"name\":\"Cartridge Heater Mounting Options | ELEKTRON-ETTO\",\"isPartOf\":{\"@id\":\"https:\\\/\\\/www.etto.cz\\\/#website\"},\"primaryImageOfPage\":{\"@id\":\"https:\\\/\\\/www.etto.cz\\\/elektricka-topna-telesa\\\/topne-patrony\\\/standardni-zpusoby-uchyceni-patron-priruby\\\/#primaryimage\"},\"image\":{\"@id\":\"https:\\\/\\\/www.etto.cz\\\/elektricka-topna-telesa\\\/topne-patrony\\\/standardni-zpusoby-uchyceni-patron-priruby\\\/#primaryimage\"},\"thumbnailUrl\":\"http:\\\/\\\/www.etto.cz\\\/wp-content\\\/uploads\\\/2015\\\/10\\\/standardni-zpusoby-uchyceni-patron-priruby-04.jpg\",\"datePublished\":\"2018-03-14T14:16:42+00:00\",\"dateModified\":\"2018-06-14T12:31:10+00:00\",\"description\":\"Standard mounting and flange options for cartridge heaters. Technical guide for heater installation from European manufacturer ELEKTRON-ETTO.\",\"breadcrumb\":{\"@id\":\"https:\\\/\\\/www.etto.cz\\\/elektricka-topna-telesa\\\/topne-patrony\\\/standardni-zpusoby-uchyceni-patron-priruby\\\/#breadcrumb\"},\"inLanguage\":\"en-GB\",\"potentialAction\":[{\"@type\":\"ReadAction\",\"target\":[\"https:\\\/\\\/www.etto.cz\\\/elektricka-topna-telesa\\\/topne-patrony\\\/standardni-zpusoby-uchyceni-patron-priruby\\\/\"]}]},{\"@type\":\"ImageObject\",\"inLanguage\":\"en-GB\",\"@id\":\"https:\\\/\\\/www.etto.cz\\\/elektricka-topna-telesa\\\/topne-patrony\\\/standardni-zpusoby-uchyceni-patron-priruby\\\/#primaryimage\",\"url\":\"http:\\\/\\\/www.etto.cz\\\/wp-content\\\/uploads\\\/2015\\\/10\\\/standardni-zpusoby-uchyceni-patron-priruby-04.jpg\",\"contentUrl\":\"http:\\\/\\\/www.etto.cz\\\/wp-content\\\/uploads\\\/2015\\\/10\\\/standardni-zpusoby-uchyceni-patron-priruby-04.jpg\"},{\"@type\":\"BreadcrumbList\",\"@id\":\"https:\\\/\\\/www.etto.cz\\\/elektricka-topna-telesa\\\/topne-patrony\\\/standardni-zpusoby-uchyceni-patron-priruby\\\/#breadcrumb\",\"itemListElement\":[{\"@type\":\"ListItem\",\"position\":1,\"name\":\"Dom\u016f\",\"item\":\"https:\\\/\\\/www.etto.cz\\\/\"},{\"@type\":\"ListItem\",\"position\":2,\"name\":\"Electric heating elements -Products\",\"item\":\"https:\\\/\\\/www.etto.cz\\\/elektricka-topna-telesa\\\/\"},{\"@type\":\"ListItem\",\"position\":3,\"name\":\"Cartridge heaters\",\"item\":\"https:\\\/\\\/www.etto.cz\\\/elektricka-topna-telesa\\\/topne-patrony\\\/\"},{\"@type\":\"ListItem\",\"position\":4,\"name\":\"Mounting options of cartridge heaters (flanges).\"}]},{\"@type\":\"WebSite\",\"@id\":\"https:\\\/\\\/www.etto.cz\\\/#website\",\"url\":\"https:\\\/\\\/www.etto.cz\\\/\",\"name\":\"ETTO\",\"description\":\"V\u00fdroba elektrick\u00fdch topn\u00fdch t\u011bles\",\"potentialAction\":[{\"@type\":\"SearchAction\",\"target\":{\"@type\":\"EntryPoint\",\"urlTemplate\":\"https:\\\/\\\/www.etto.cz\\\/?s={search_term_string}\"},\"query-input\":{\"@type\":\"PropertyValueSpecification\",\"valueRequired\":true,\"valueName\":\"search_term_string\"}}],\"inLanguage\":\"en-GB\"}]}<\/script>\n<!-- \/ Yoast SEO plugin. -->","yoast_head_json":{"title":"Cartridge Heater Mounting Options | ELEKTRON-ETTO","description":"Standard mounting and flange options for cartridge heaters. Technical guide for heater installation from European manufacturer ELEKTRON-ETTO.","robots":{"index":"index","follow":"follow","max-snippet":"max-snippet:-1","max-image-preview":"max-image-preview:large","max-video-preview":"max-video-preview:-1"},"canonical":"https:\/\/www.etto.cz\/en\/products\/heating-cartridges\/standard-methods-of-fixation-of-heating-cartridges-flanges\/","og_locale":"en_GB","og_type":"article","og_title":"Cartridge Heater Mounting Options | ELEKTRON-ETTO","og_description":"Standard mounting and flange options for cartridge heaters. Technical guide for heater installation from European manufacturer ELEKTRON-ETTO.","og_url":"https:\/\/www.etto.cz\/en\/products\/heating-cartridges\/standard-methods-of-fixation-of-heating-cartridges-flanges\/","og_site_name":"ETTO","article_modified_time":"2018-06-14T12:31:10+00:00","og_image":[{"width":800,"height":449,"url":"https:\/\/www.etto.cz\/wp-content\/uploads\/2015\/10\/standardni-zpusoby-uchyceni-patron-priruby-04.jpg","type":"image\/jpeg"}],"twitter_card":"summary_large_image","twitter_misc":{"Est. reading time":"1 minute"},"schema":{"@context":"https:\/\/schema.org","@graph":[{"@type":"WebPage","@id":"https:\/\/www.etto.cz\/elektricka-topna-telesa\/topne-patrony\/standardni-zpusoby-uchyceni-patron-priruby\/","url":"https:\/\/www.etto.cz\/elektricka-topna-telesa\/topne-patrony\/standardni-zpusoby-uchyceni-patron-priruby\/","name":"Cartridge Heater Mounting Options | ELEKTRON-ETTO","isPartOf":{"@id":"https:\/\/www.etto.cz\/#website"},"primaryImageOfPage":{"@id":"https:\/\/www.etto.cz\/elektricka-topna-telesa\/topne-patrony\/standardni-zpusoby-uchyceni-patron-priruby\/#primaryimage"},"image":{"@id":"https:\/\/www.etto.cz\/elektricka-topna-telesa\/topne-patrony\/standardni-zpusoby-uchyceni-patron-priruby\/#primaryimage"},"thumbnailUrl":"http:\/\/www.etto.cz\/wp-content\/uploads\/2015\/10\/standardni-zpusoby-uchyceni-patron-priruby-04.jpg","datePublished":"2018-03-14T14:16:42+00:00","dateModified":"2018-06-14T12:31:10+00:00","description":"Standard mounting and flange options for cartridge heaters. Technical guide for heater installation from European manufacturer ELEKTRON-ETTO.","breadcrumb":{"@id":"https:\/\/www.etto.cz\/elektricka-topna-telesa\/topne-patrony\/standardni-zpusoby-uchyceni-patron-priruby\/#breadcrumb"},"inLanguage":"en-GB","potentialAction":[{"@type":"ReadAction","target":["https:\/\/www.etto.cz\/elektricka-topna-telesa\/topne-patrony\/standardni-zpusoby-uchyceni-patron-priruby\/"]}]},{"@type":"ImageObject","inLanguage":"en-GB","@id":"https:\/\/www.etto.cz\/elektricka-topna-telesa\/topne-patrony\/standardni-zpusoby-uchyceni-patron-priruby\/#primaryimage","url":"http:\/\/www.etto.cz\/wp-content\/uploads\/2015\/10\/standardni-zpusoby-uchyceni-patron-priruby-04.jpg","contentUrl":"http:\/\/www.etto.cz\/wp-content\/uploads\/2015\/10\/standardni-zpusoby-uchyceni-patron-priruby-04.jpg"},{"@type":"BreadcrumbList","@id":"https:\/\/www.etto.cz\/elektricka-topna-telesa\/topne-patrony\/standardni-zpusoby-uchyceni-patron-priruby\/#breadcrumb","itemListElement":[{"@type":"ListItem","position":1,"name":"Dom\u016f","item":"https:\/\/www.etto.cz\/"},{"@type":"ListItem","position":2,"name":"Electric heating elements -Products","item":"https:\/\/www.etto.cz\/elektricka-topna-telesa\/"},{"@type":"ListItem","position":3,"name":"Cartridge heaters","item":"https:\/\/www.etto.cz\/elektricka-topna-telesa\/topne-patrony\/"},{"@type":"ListItem","position":4,"name":"Mounting options of cartridge heaters (flanges)."}]},{"@type":"WebSite","@id":"https:\/\/www.etto.cz\/#website","url":"https:\/\/www.etto.cz\/","name":"ETTO","description":"V\u00fdroba elektrick\u00fdch topn\u00fdch t\u011bles","potentialAction":[{"@type":"SearchAction","target":{"@type":"EntryPoint","urlTemplate":"https:\/\/www.etto.cz\/?s={search_term_string}"},"query-input":{"@type":"PropertyValueSpecification","valueRequired":true,"valueName":"search_term_string"}}],"inLanguage":"en-GB"}]}},"_links":{"self":[{"href":"https:\/\/www.etto.cz\/en\/wp-json\/wp\/v2\/pages\/2840","targetHints":{"allow":["GET"]}}],"collection":[{"href":"https:\/\/www.etto.cz\/en\/wp-json\/wp\/v2\/pages"}],"about":[{"href":"https:\/\/www.etto.cz\/en\/wp-json\/wp\/v2\/types\/page"}],"author":[{"embeddable":true,"href":"https:\/\/www.etto.cz\/en\/wp-json\/wp\/v2\/users\/1"}],"replies":[{"embeddable":true,"href":"https:\/\/www.etto.cz\/en\/wp-json\/wp\/v2\/comments?post=2840"}],"version-history":[{"count":0,"href":"https:\/\/www.etto.cz\/en\/wp-json\/wp\/v2\/pages\/2840\/revisions"}],"up":[{"embeddable":true,"href":"https:\/\/www.etto.cz\/en\/wp-json\/wp\/v2\/pages\/2800"}],"wp:attachment":[{"href":"https:\/\/www.etto.cz\/en\/wp-json\/wp\/v2\/media?parent=2840"}],"curies":[{"name":"wp","href":"https:\/\/api.w.org\/{rel}","templated":true}]}}