{"id":2842,"date":"2018-03-14T15:17:05","date_gmt":"2018-03-14T14:17:05","guid":{"rendered":"http:\/\/www.etto.cz\/bodies-according-to-the-purpose\/heating-bodies-for-bathroom-radiators\/"},"modified":"2026-05-11T14:05:02","modified_gmt":"2026-05-11T13:05:02","slug":"heating-bodies-for-bathroom-radiators","status":"publish","type":"page","link":"https:\/\/www.etto.cz\/en\/bodies-according-to-the-purpose\/heating-bodies-for-bathroom-radiators\/","title":{"rendered":"Radiator heaters"},"content":{"rendered":"<p style=\"text-align: justify;\">We produce heating elements for heating the water in bathroom radiators. Inside the heating rod are a thermal limiter and an irreversible safety temperature circuit breaker. Heating rods for bath radiators must be located in the lower part of the radiator in the horizontal or the vertical position. The recommended wattage of the heater should be 70% of the thermal output of the radiator.&nbsp; The branch (T-piece) to the element and the spatial thermostat (for the version without spatial regulation of temperature) are available to order.<\/p>\n","protected":false},"excerpt":{"rendered":"<p>We produce heating elements for heating the water in bathroom radiators. Inside the heating rod are a thermal limiter and an irreversible safety temperature circuit &#8230;<\/p>\n","protected":false},"author":3,"featured_media":2577,"parent":2824,"menu_order":0,"comment_status":"closed","ping_status":"closed","template":"_page-menu.php","meta":{"_acf_changed":false,"ngg_post_thumbnail":0,"footnotes":"","_links_to":"","_links_to_target":""},"class_list":["post-2842","page","type-page","status-publish","has-post-thumbnail","hentry"],"acf":[],"yoast_head":"<!-- This site is optimized with the Yoast SEO plugin v27.6 - https:\/\/yoast.com\/product\/yoast-seo-wordpress\/ -->\n<title>Radiator Heaters | ELEKTRON-ETTO<\/title>\n<meta name=\"description\" content=\"Electric heating elements for radiators. Custom tubular heaters for central heating systems from European manufacturer ELEKTRON-ETTO.\" \/>\n<meta name=\"robots\" content=\"index, follow, max-snippet:-1, max-image-preview:large, max-video-preview:-1\" \/>\n<link rel=\"canonical\" href=\"https:\/\/www.etto.cz\/en\/bodies-according-to-the-purpose\/heating-bodies-for-bathroom-radiators\/\" \/>\n<meta property=\"og:locale\" content=\"en_GB\" \/>\n<meta property=\"og:type\" content=\"article\" \/>\n<meta property=\"og:title\" content=\"Radiator Heaters | ELEKTRON-ETTO\" \/>\n<meta property=\"og:description\" content=\"Electric heating elements for radiators. Custom tubular heaters for central heating systems from European manufacturer ELEKTRON-ETTO.\" \/>\n<meta property=\"og:url\" content=\"https:\/\/www.etto.cz\/en\/bodies-according-to-the-purpose\/heating-bodies-for-bathroom-radiators\/\" \/>\n<meta property=\"og:site_name\" content=\"ETTO\" \/>\n<meta property=\"article:modified_time\" content=\"2026-05-11T13:05:02+00:00\" \/>\n<meta property=\"og:image\" content=\"https:\/\/www.etto.cz\/wp-content\/uploads\/2016\/12\/z1.png\" \/>\n\t<meta property=\"og:image:width\" content=\"640\" \/>\n\t<meta property=\"og:image:height\" content=\"640\" \/>\n\t<meta property=\"og:image:type\" content=\"image\/png\" \/>\n<meta name=\"twitter:card\" content=\"summary_large_image\" \/>\n<script type=\"application\/ld+json\" class=\"yoast-schema-graph\">{\"@context\":\"https:\\\/\\\/schema.org\",\"@graph\":[{\"@type\":\"WebPage\",\"@id\":\"https:\\\/\\\/www.etto.cz\\\/telesa-podle-ucelu\\\/topna-telesa-do-koupelnovych-radiatoru\\\/\",\"url\":\"https:\\\/\\\/www.etto.cz\\\/telesa-podle-ucelu\\\/topna-telesa-do-koupelnovych-radiatoru\\\/\",\"name\":\"Radiator Heaters | ELEKTRON-ETTO\",\"isPartOf\":{\"@id\":\"https:\\\/\\\/www.etto.cz\\\/#website\"},\"primaryImageOfPage\":{\"@id\":\"https:\\\/\\\/www.etto.cz\\\/telesa-podle-ucelu\\\/topna-telesa-do-koupelnovych-radiatoru\\\/#primaryimage\"},\"image\":{\"@id\":\"https:\\\/\\\/www.etto.cz\\\/telesa-podle-ucelu\\\/topna-telesa-do-koupelnovych-radiatoru\\\/#primaryimage\"},\"thumbnailUrl\":\"https:\\\/\\\/www.etto.cz\\\/wp-content\\\/uploads\\\/2016\\\/12\\\/z1.png\",\"datePublished\":\"2018-03-14T14:17:05+00:00\",\"dateModified\":\"2026-05-11T13:05:02+00:00\",\"description\":\"Electric heating elements for radiators. Custom tubular heaters for central heating systems from European manufacturer ELEKTRON-ETTO.\",\"breadcrumb\":{\"@id\":\"https:\\\/\\\/www.etto.cz\\\/telesa-podle-ucelu\\\/topna-telesa-do-koupelnovych-radiatoru\\\/#breadcrumb\"},\"inLanguage\":\"en-GB\",\"potentialAction\":[{\"@type\":\"ReadAction\",\"target\":[\"https:\\\/\\\/www.etto.cz\\\/telesa-podle-ucelu\\\/topna-telesa-do-koupelnovych-radiatoru\\\/\"]}]},{\"@type\":\"ImageObject\",\"inLanguage\":\"en-GB\",\"@id\":\"https:\\\/\\\/www.etto.cz\\\/telesa-podle-ucelu\\\/topna-telesa-do-koupelnovych-radiatoru\\\/#primaryimage\",\"url\":\"https:\\\/\\\/www.etto.cz\\\/wp-content\\\/uploads\\\/2016\\\/12\\\/z1.png\",\"contentUrl\":\"https:\\\/\\\/www.etto.cz\\\/wp-content\\\/uploads\\\/2016\\\/12\\\/z1.png\",\"width\":640,\"height\":640},{\"@type\":\"BreadcrumbList\",\"@id\":\"https:\\\/\\\/www.etto.cz\\\/telesa-podle-ucelu\\\/topna-telesa-do-koupelnovych-radiatoru\\\/#breadcrumb\",\"itemListElement\":[{\"@type\":\"ListItem\",\"position\":1,\"name\":\"Dom\u016f\",\"item\":\"https:\\\/\\\/www.etto.cz\\\/\"},{\"@type\":\"ListItem\",\"position\":2,\"name\":\"Elements according to the purpose\",\"item\":\"https:\\\/\\\/www.etto.cz\\\/telesa-podle-ucelu\\\/\"},{\"@type\":\"ListItem\",\"position\":3,\"name\":\"Radiator heaters\"}]},{\"@type\":\"WebSite\",\"@id\":\"https:\\\/\\\/www.etto.cz\\\/#website\",\"url\":\"https:\\\/\\\/www.etto.cz\\\/\",\"name\":\"ETTO\",\"description\":\"V\u00fdroba elektrick\u00fdch topn\u00fdch t\u011bles\",\"potentialAction\":[{\"@type\":\"SearchAction\",\"target\":{\"@type\":\"EntryPoint\",\"urlTemplate\":\"https:\\\/\\\/www.etto.cz\\\/?s={search_term_string}\"},\"query-input\":{\"@type\":\"PropertyValueSpecification\",\"valueRequired\":true,\"valueName\":\"search_term_string\"}}],\"inLanguage\":\"en-GB\"}]}<\/script>\n<!-- \/ Yoast SEO plugin. -->","yoast_head_json":{"title":"Radiator Heaters | ELEKTRON-ETTO","description":"Electric heating elements for radiators. Custom tubular heaters for central heating systems from European manufacturer ELEKTRON-ETTO.","robots":{"index":"index","follow":"follow","max-snippet":"max-snippet:-1","max-image-preview":"max-image-preview:large","max-video-preview":"max-video-preview:-1"},"canonical":"https:\/\/www.etto.cz\/en\/bodies-according-to-the-purpose\/heating-bodies-for-bathroom-radiators\/","og_locale":"en_GB","og_type":"article","og_title":"Radiator Heaters | ELEKTRON-ETTO","og_description":"Electric heating elements for radiators. Custom tubular heaters for central heating systems from European manufacturer ELEKTRON-ETTO.","og_url":"https:\/\/www.etto.cz\/en\/bodies-according-to-the-purpose\/heating-bodies-for-bathroom-radiators\/","og_site_name":"ETTO","article_modified_time":"2026-05-11T13:05:02+00:00","og_image":[{"width":640,"height":640,"url":"https:\/\/www.etto.cz\/wp-content\/uploads\/2016\/12\/z1.png","type":"image\/png"}],"twitter_card":"summary_large_image","schema":{"@context":"https:\/\/schema.org","@graph":[{"@type":"WebPage","@id":"https:\/\/www.etto.cz\/telesa-podle-ucelu\/topna-telesa-do-koupelnovych-radiatoru\/","url":"https:\/\/www.etto.cz\/telesa-podle-ucelu\/topna-telesa-do-koupelnovych-radiatoru\/","name":"Radiator Heaters | ELEKTRON-ETTO","isPartOf":{"@id":"https:\/\/www.etto.cz\/#website"},"primaryImageOfPage":{"@id":"https:\/\/www.etto.cz\/telesa-podle-ucelu\/topna-telesa-do-koupelnovych-radiatoru\/#primaryimage"},"image":{"@id":"https:\/\/www.etto.cz\/telesa-podle-ucelu\/topna-telesa-do-koupelnovych-radiatoru\/#primaryimage"},"thumbnailUrl":"https:\/\/www.etto.cz\/wp-content\/uploads\/2016\/12\/z1.png","datePublished":"2018-03-14T14:17:05+00:00","dateModified":"2026-05-11T13:05:02+00:00","description":"Electric heating elements for radiators. Custom tubular heaters for central heating systems from European manufacturer ELEKTRON-ETTO.","breadcrumb":{"@id":"https:\/\/www.etto.cz\/telesa-podle-ucelu\/topna-telesa-do-koupelnovych-radiatoru\/#breadcrumb"},"inLanguage":"en-GB","potentialAction":[{"@type":"ReadAction","target":["https:\/\/www.etto.cz\/telesa-podle-ucelu\/topna-telesa-do-koupelnovych-radiatoru\/"]}]},{"@type":"ImageObject","inLanguage":"en-GB","@id":"https:\/\/www.etto.cz\/telesa-podle-ucelu\/topna-telesa-do-koupelnovych-radiatoru\/#primaryimage","url":"https:\/\/www.etto.cz\/wp-content\/uploads\/2016\/12\/z1.png","contentUrl":"https:\/\/www.etto.cz\/wp-content\/uploads\/2016\/12\/z1.png","width":640,"height":640},{"@type":"BreadcrumbList","@id":"https:\/\/www.etto.cz\/telesa-podle-ucelu\/topna-telesa-do-koupelnovych-radiatoru\/#breadcrumb","itemListElement":[{"@type":"ListItem","position":1,"name":"Dom\u016f","item":"https:\/\/www.etto.cz\/"},{"@type":"ListItem","position":2,"name":"Elements according to the purpose","item":"https:\/\/www.etto.cz\/telesa-podle-ucelu\/"},{"@type":"ListItem","position":3,"name":"Radiator heaters"}]},{"@type":"WebSite","@id":"https:\/\/www.etto.cz\/#website","url":"https:\/\/www.etto.cz\/","name":"ETTO","description":"V\u00fdroba elektrick\u00fdch topn\u00fdch t\u011bles","potentialAction":[{"@type":"SearchAction","target":{"@type":"EntryPoint","urlTemplate":"https:\/\/www.etto.cz\/?s={search_term_string}"},"query-input":{"@type":"PropertyValueSpecification","valueRequired":true,"valueName":"search_term_string"}}],"inLanguage":"en-GB"}]}},"_links":{"self":[{"href":"https:\/\/www.etto.cz\/en\/wp-json\/wp\/v2\/pages\/2842","targetHints":{"allow":["GET"]}}],"collection":[{"href":"https:\/\/www.etto.cz\/en\/wp-json\/wp\/v2\/pages"}],"about":[{"href":"https:\/\/www.etto.cz\/en\/wp-json\/wp\/v2\/types\/page"}],"author":[{"embeddable":true,"href":"https:\/\/www.etto.cz\/en\/wp-json\/wp\/v2\/users\/3"}],"replies":[{"embeddable":true,"href":"https:\/\/www.etto.cz\/en\/wp-json\/wp\/v2\/comments?post=2842"}],"version-history":[{"count":2,"href":"https:\/\/www.etto.cz\/en\/wp-json\/wp\/v2\/pages\/2842\/revisions"}],"predecessor-version":[{"id":4877,"href":"https:\/\/www.etto.cz\/en\/wp-json\/wp\/v2\/pages\/2842\/revisions\/4877"}],"up":[{"embeddable":true,"href":"https:\/\/www.etto.cz\/en\/wp-json\/wp\/v2\/pages\/2824"}],"wp:featuredmedia":[{"embeddable":true,"href":"https:\/\/www.etto.cz\/en\/wp-json\/wp\/v2\/media\/2577"}],"wp:attachment":[{"href":"https:\/\/www.etto.cz\/en\/wp-json\/wp\/v2\/media?parent=2842"}],"curies":[{"name":"wp","href":"https:\/\/api.w.org\/{rel}","templated":true}]}}