{"id":2845,"date":"2018-03-14T15:17:41","date_gmt":"2018-03-14T14:17:41","guid":{"rendered":"http:\/\/www.etto.cz\/heating-of-substances\/heating-liquids\/catalogue-of-bodies-for-heating-of-liquidscatalogue-of-bodies-for-heating-liquids\/"},"modified":"2025-06-10T08:37:32","modified_gmt":"2025-06-10T07:37:32","slug":"catalogue-of-bodies-for-heating-of-liquidscatalogue-of-bodies-for-heating-liquids","status":"publish","type":"page","link":"https:\/\/www.etto.cz\/en\/heating-of-substances\/heating-liquids\/catalogue-of-bodies-for-heating-of-liquidscatalogue-of-bodies-for-heating-liquids\/","title":{"rendered":"Catalogue of elements for heating of liquids"},"content":{"rendered":"<p><a href=\"http:\/\/www.etto.cz\/wp-content\/uploads\/2017\/06\/katalog_ohrev_kapalin.pdf\" target=\"_blank\" rel=\"noopener\"><img loading=\"lazy\" decoding=\"async\" class=\"alignnone wp-image-3254 size-full\" src=\"http:\/\/www.etto.cz\/wp-content\/uploads\/2018\/05\/pdf-e1527166728716.png\" alt=\"\" width=\"24\" height=\"24\"><\/a><a href=\"https:\/\/www.etto.cz\/wp-content\/uploads\/2025\/06\/katalog-ohrev-kapalin_10.06.25.pdf\" target=\"_blank\" rel=\"noopener noreferrer\">Catalogue of elements for heating of liquids.<\/a><\/p>\nngg_shortcode_0_placeholder\n","protected":false},"excerpt":{"rendered":"<p>Catalogue of elements for heating of liquids. &#8221; order_by=&#8221;sortorder&#8221; order_direction=&#8221;ASC&#8221; returns=&#8221;included&#8221; maximum_entity_count=&#8221;500&#8243;]&nbsp;<\/p>\n","protected":false},"author":3,"featured_media":0,"parent":2819,"menu_order":0,"comment_status":"closed","ping_status":"closed","template":"_page-menu.php","meta":{"_acf_changed":false,"ngg_post_thumbnail":0,"footnotes":"","_links_to":"","_links_to_target":""},"class_list":["post-2845","page","type-page","status-publish","hentry"],"acf":[],"yoast_head":"<!-- This site is optimized with the Yoast SEO plugin v27.3 - https:\/\/yoast.com\/product\/yoast-seo-wordpress\/ -->\n<title>Catalogue - Heating Elements for Liquids | ELEKTRON-ETTO<\/title>\n<meta name=\"description\" content=\"Browse our catalogue of heating elements for liquid heating. Immersion heaters and custom solutions from European manufacturer ELEKTRON-ETTO.\" \/>\n<meta name=\"robots\" content=\"index, follow, max-snippet:-1, max-image-preview:large, max-video-preview:-1\" \/>\n<link rel=\"canonical\" href=\"https:\/\/www.etto.cz\/en\/heating-of-substances\/heating-liquids\/catalogue-of-bodies-for-heating-of-liquidscatalogue-of-bodies-for-heating-liquids\/\" \/>\n<meta property=\"og:locale\" content=\"en_GB\" \/>\n<meta property=\"og:type\" content=\"article\" \/>\n<meta property=\"og:title\" content=\"Catalogue - Heating Elements for Liquids | ELEKTRON-ETTO\" \/>\n<meta property=\"og:description\" content=\"Browse our catalogue of heating elements for liquid heating. Immersion heaters and custom solutions from European manufacturer ELEKTRON-ETTO.\" \/>\n<meta property=\"og:url\" content=\"https:\/\/www.etto.cz\/en\/heating-of-substances\/heating-liquids\/catalogue-of-bodies-for-heating-of-liquidscatalogue-of-bodies-for-heating-liquids\/\" \/>\n<meta property=\"og:site_name\" content=\"ETTO\" \/>\n<meta property=\"article:modified_time\" content=\"2025-06-10T07:37:32+00:00\" \/>\n<meta property=\"og:image\" content=\"https:\/\/www.etto.cz\/wp-content\/uploads\/2018\/05\/pdf-e1527166728716.png\" \/>\n\t<meta property=\"og:image:width\" content=\"24\" \/>\n\t<meta property=\"og:image:height\" content=\"24\" \/>\n\t<meta property=\"og:image:type\" content=\"image\/png\" \/>\n<meta name=\"twitter:card\" content=\"summary_large_image\" \/>\n<script type=\"application\/ld+json\" class=\"yoast-schema-graph\">{\"@context\":\"https:\\\/\\\/schema.org\",\"@graph\":[{\"@type\":\"WebPage\",\"@id\":\"https:\\\/\\\/www.etto.cz\\\/ohrev-latek\\\/ohrev-kapalin\\\/katalog-teles-ohrev-kapalin\\\/\",\"url\":\"https:\\\/\\\/www.etto.cz\\\/ohrev-latek\\\/ohrev-kapalin\\\/katalog-teles-ohrev-kapalin\\\/\",\"name\":\"Catalogue - Heating Elements for Liquids | ELEKTRON-ETTO\",\"isPartOf\":{\"@id\":\"https:\\\/\\\/www.etto.cz\\\/#website\"},\"primaryImageOfPage\":{\"@id\":\"https:\\\/\\\/www.etto.cz\\\/ohrev-latek\\\/ohrev-kapalin\\\/katalog-teles-ohrev-kapalin\\\/#primaryimage\"},\"image\":{\"@id\":\"https:\\\/\\\/www.etto.cz\\\/ohrev-latek\\\/ohrev-kapalin\\\/katalog-teles-ohrev-kapalin\\\/#primaryimage\"},\"thumbnailUrl\":\"http:\\\/\\\/www.etto.cz\\\/wp-content\\\/uploads\\\/2018\\\/05\\\/pdf-e1527166728716.png\",\"datePublished\":\"2018-03-14T14:17:41+00:00\",\"dateModified\":\"2025-06-10T07:37:32+00:00\",\"description\":\"Browse our catalogue of heating elements for liquid heating. Immersion heaters and custom solutions from European manufacturer ELEKTRON-ETTO.\",\"breadcrumb\":{\"@id\":\"https:\\\/\\\/www.etto.cz\\\/ohrev-latek\\\/ohrev-kapalin\\\/katalog-teles-ohrev-kapalin\\\/#breadcrumb\"},\"inLanguage\":\"en-GB\",\"potentialAction\":[{\"@type\":\"ReadAction\",\"target\":[\"https:\\\/\\\/www.etto.cz\\\/ohrev-latek\\\/ohrev-kapalin\\\/katalog-teles-ohrev-kapalin\\\/\"]}]},{\"@type\":\"ImageObject\",\"inLanguage\":\"en-GB\",\"@id\":\"https:\\\/\\\/www.etto.cz\\\/ohrev-latek\\\/ohrev-kapalin\\\/katalog-teles-ohrev-kapalin\\\/#primaryimage\",\"url\":\"http:\\\/\\\/www.etto.cz\\\/wp-content\\\/uploads\\\/2018\\\/05\\\/pdf-e1527166728716.png\",\"contentUrl\":\"http:\\\/\\\/www.etto.cz\\\/wp-content\\\/uploads\\\/2018\\\/05\\\/pdf-e1527166728716.png\"},{\"@type\":\"BreadcrumbList\",\"@id\":\"https:\\\/\\\/www.etto.cz\\\/ohrev-latek\\\/ohrev-kapalin\\\/katalog-teles-ohrev-kapalin\\\/#breadcrumb\",\"itemListElement\":[{\"@type\":\"ListItem\",\"position\":1,\"name\":\"Dom\u016f\",\"item\":\"https:\\\/\\\/www.etto.cz\\\/\"},{\"@type\":\"ListItem\",\"position\":2,\"name\":\"Heating of substances\",\"item\":\"https:\\\/\\\/www.etto.cz\\\/ohrev-latek\\\/\"},{\"@type\":\"ListItem\",\"position\":3,\"name\":\"Heating liquids\",\"item\":\"https:\\\/\\\/www.etto.cz\\\/ohrev-latek\\\/ohrev-kapalin\\\/\"},{\"@type\":\"ListItem\",\"position\":4,\"name\":\"Catalogue of elements for heating of liquids\"}]},{\"@type\":\"WebSite\",\"@id\":\"https:\\\/\\\/www.etto.cz\\\/#website\",\"url\":\"https:\\\/\\\/www.etto.cz\\\/\",\"name\":\"ETTO\",\"description\":\"V\u00fdroba elektrick\u00fdch topn\u00fdch t\u011bles\",\"potentialAction\":[{\"@type\":\"SearchAction\",\"target\":{\"@type\":\"EntryPoint\",\"urlTemplate\":\"https:\\\/\\\/www.etto.cz\\\/?s={search_term_string}\"},\"query-input\":{\"@type\":\"PropertyValueSpecification\",\"valueRequired\":true,\"valueName\":\"search_term_string\"}}],\"inLanguage\":\"en-GB\"}]}<\/script>\n<!-- \/ Yoast SEO plugin. -->","yoast_head_json":{"title":"Catalogue - Heating Elements for Liquids | ELEKTRON-ETTO","description":"Browse our catalogue of heating elements for liquid heating. Immersion heaters and custom solutions from European manufacturer ELEKTRON-ETTO.","robots":{"index":"index","follow":"follow","max-snippet":"max-snippet:-1","max-image-preview":"max-image-preview:large","max-video-preview":"max-video-preview:-1"},"canonical":"https:\/\/www.etto.cz\/en\/heating-of-substances\/heating-liquids\/catalogue-of-bodies-for-heating-of-liquidscatalogue-of-bodies-for-heating-liquids\/","og_locale":"en_GB","og_type":"article","og_title":"Catalogue - Heating Elements for Liquids | ELEKTRON-ETTO","og_description":"Browse our catalogue of heating elements for liquid heating. Immersion heaters and custom solutions from European manufacturer ELEKTRON-ETTO.","og_url":"https:\/\/www.etto.cz\/en\/heating-of-substances\/heating-liquids\/catalogue-of-bodies-for-heating-of-liquidscatalogue-of-bodies-for-heating-liquids\/","og_site_name":"ETTO","article_modified_time":"2025-06-10T07:37:32+00:00","og_image":[{"width":24,"height":24,"url":"https:\/\/www.etto.cz\/wp-content\/uploads\/2018\/05\/pdf-e1527166728716.png","type":"image\/png"}],"twitter_card":"summary_large_image","schema":{"@context":"https:\/\/schema.org","@graph":[{"@type":"WebPage","@id":"https:\/\/www.etto.cz\/ohrev-latek\/ohrev-kapalin\/katalog-teles-ohrev-kapalin\/","url":"https:\/\/www.etto.cz\/ohrev-latek\/ohrev-kapalin\/katalog-teles-ohrev-kapalin\/","name":"Catalogue - Heating Elements for Liquids | ELEKTRON-ETTO","isPartOf":{"@id":"https:\/\/www.etto.cz\/#website"},"primaryImageOfPage":{"@id":"https:\/\/www.etto.cz\/ohrev-latek\/ohrev-kapalin\/katalog-teles-ohrev-kapalin\/#primaryimage"},"image":{"@id":"https:\/\/www.etto.cz\/ohrev-latek\/ohrev-kapalin\/katalog-teles-ohrev-kapalin\/#primaryimage"},"thumbnailUrl":"http:\/\/www.etto.cz\/wp-content\/uploads\/2018\/05\/pdf-e1527166728716.png","datePublished":"2018-03-14T14:17:41+00:00","dateModified":"2025-06-10T07:37:32+00:00","description":"Browse our catalogue of heating elements for liquid heating. Immersion heaters and custom solutions from European manufacturer ELEKTRON-ETTO.","breadcrumb":{"@id":"https:\/\/www.etto.cz\/ohrev-latek\/ohrev-kapalin\/katalog-teles-ohrev-kapalin\/#breadcrumb"},"inLanguage":"en-GB","potentialAction":[{"@type":"ReadAction","target":["https:\/\/www.etto.cz\/ohrev-latek\/ohrev-kapalin\/katalog-teles-ohrev-kapalin\/"]}]},{"@type":"ImageObject","inLanguage":"en-GB","@id":"https:\/\/www.etto.cz\/ohrev-latek\/ohrev-kapalin\/katalog-teles-ohrev-kapalin\/#primaryimage","url":"http:\/\/www.etto.cz\/wp-content\/uploads\/2018\/05\/pdf-e1527166728716.png","contentUrl":"http:\/\/www.etto.cz\/wp-content\/uploads\/2018\/05\/pdf-e1527166728716.png"},{"@type":"BreadcrumbList","@id":"https:\/\/www.etto.cz\/ohrev-latek\/ohrev-kapalin\/katalog-teles-ohrev-kapalin\/#breadcrumb","itemListElement":[{"@type":"ListItem","position":1,"name":"Dom\u016f","item":"https:\/\/www.etto.cz\/"},{"@type":"ListItem","position":2,"name":"Heating of substances","item":"https:\/\/www.etto.cz\/ohrev-latek\/"},{"@type":"ListItem","position":3,"name":"Heating liquids","item":"https:\/\/www.etto.cz\/ohrev-latek\/ohrev-kapalin\/"},{"@type":"ListItem","position":4,"name":"Catalogue of elements for heating of liquids"}]},{"@type":"WebSite","@id":"https:\/\/www.etto.cz\/#website","url":"https:\/\/www.etto.cz\/","name":"ETTO","description":"V\u00fdroba elektrick\u00fdch topn\u00fdch t\u011bles","potentialAction":[{"@type":"SearchAction","target":{"@type":"EntryPoint","urlTemplate":"https:\/\/www.etto.cz\/?s={search_term_string}"},"query-input":{"@type":"PropertyValueSpecification","valueRequired":true,"valueName":"search_term_string"}}],"inLanguage":"en-GB"}]}},"_links":{"self":[{"href":"https:\/\/www.etto.cz\/en\/wp-json\/wp\/v2\/pages\/2845","targetHints":{"allow":["GET"]}}],"collection":[{"href":"https:\/\/www.etto.cz\/en\/wp-json\/wp\/v2\/pages"}],"about":[{"href":"https:\/\/www.etto.cz\/en\/wp-json\/wp\/v2\/types\/page"}],"author":[{"embeddable":true,"href":"https:\/\/www.etto.cz\/en\/wp-json\/wp\/v2\/users\/3"}],"replies":[{"embeddable":true,"href":"https:\/\/www.etto.cz\/en\/wp-json\/wp\/v2\/comments?post=2845"}],"version-history":[{"count":2,"href":"https:\/\/www.etto.cz\/en\/wp-json\/wp\/v2\/pages\/2845\/revisions"}],"predecessor-version":[{"id":5656,"href":"https:\/\/www.etto.cz\/en\/wp-json\/wp\/v2\/pages\/2845\/revisions\/5656"}],"up":[{"embeddable":true,"href":"https:\/\/www.etto.cz\/en\/wp-json\/wp\/v2\/pages\/2819"}],"wp:attachment":[{"href":"https:\/\/www.etto.cz\/en\/wp-json\/wp\/v2\/media?parent=2845"}],"curies":[{"name":"wp","href":"https:\/\/api.w.org\/{rel}","templated":true}]}}