{"id":5726,"date":"2018-03-14T14:43:46","date_gmt":"2018-03-14T13:43:46","guid":{"rendered":"https:\/\/www.etto.cz\/?page_id=5726"},"modified":"2026-02-25T12:40:03","modified_gmt":"2026-02-25T11:40:03","slug":"introduction","status":"publish","type":"page","link":"https:\/\/www.etto.cz\/hu\/","title":{"rendered":"ETTO &#8211; F\u0171t\u0151elemek tervez\u00e9se \u00e9s gy\u00e1rt\u00e1sa"},"content":{"rendered":"<p>&nbsp;<\/p>\n<p>&nbsp;<\/p>\n","protected":false},"excerpt":{"rendered":"<p>&nbsp; &nbsp;<\/p>\n","protected":false},"author":1,"featured_media":0,"parent":0,"menu_order":0,"comment_status":"open","ping_status":"open","template":"_home.php","meta":{"_acf_changed":false,"ngg_post_thumbnail":0,"footnotes":"","_links_to":"","_links_to_target":""},"class_list":["post-5726","page","type-page","status-publish","hentry"],"acf":[],"yoast_head":"<!-- This site is optimized with the Yoast SEO plugin v27.3 - https:\/\/yoast.com\/product\/yoast-seo-wordpress\/ -->\n<title>Elektromos f\u0171t\u0151elemek gy\u00e1rt\u00e1sa | ELEKTRON-ETTO<\/title>\n<meta name=\"description\" content=\"ELEKTRON-ETTO \u2013 ipari ellen\u00e1ll\u00e1s-f\u0171t\u0151testek cseh gy\u00e1rt\u00f3ja. F\u0171t\u0151patronok, cs\u0151f\u0171t\u0151testek, f\u0171t\u0151szalagok \u00e9s ker\u00e1mia f\u0171t\u0151elemek egyedi gy\u00e1rt\u00e1sa.\" \/>\n<meta name=\"robots\" content=\"index, follow, max-snippet:-1, max-image-preview:large, max-video-preview:-1\" \/>\n<link rel=\"canonical\" href=\"https:\/\/www.etto.cz\/hu\/\" \/>\n<meta property=\"og:locale\" content=\"hu_HU\" \/>\n<meta property=\"og:type\" content=\"article\" \/>\n<meta property=\"og:title\" content=\"Elektromos f\u0171t\u0151elemek gy\u00e1rt\u00e1sa | ELEKTRON-ETTO\" \/>\n<meta property=\"og:description\" content=\"ELEKTRON-ETTO \u2013 ipari ellen\u00e1ll\u00e1s-f\u0171t\u0151testek cseh gy\u00e1rt\u00f3ja. F\u0171t\u0151patronok, cs\u0151f\u0171t\u0151testek, f\u0171t\u0151szalagok \u00e9s ker\u00e1mia f\u0171t\u0151elemek egyedi gy\u00e1rt\u00e1sa.\" \/>\n<meta property=\"og:url\" content=\"https:\/\/www.etto.cz\/hu\/\" \/>\n<meta property=\"og:site_name\" content=\"ETTO\" \/>\n<meta property=\"article:modified_time\" content=\"2026-02-25T11:40:03+00:00\" \/>\n<meta property=\"og:image\" content=\"https:\/\/www.etto.cz\/hu\/wp-content\/gallery\/prumyslova-telesa\/teleso-kotel.jpg\" \/>\n<meta name=\"twitter:card\" content=\"summary_large_image\" \/>\n<meta name=\"twitter:label1\" content=\"Becs\u00fclt olvas\u00e1si id\u0151\" \/>\n\t<meta name=\"twitter:data1\" content=\"1 perc\" \/>\n<script type=\"application\/ld+json\" class=\"yoast-schema-graph\">{\"@context\":\"https:\\\/\\\/schema.org\",\"@graph\":[{\"@type\":\"WebPage\",\"@id\":\"https:\\\/\\\/www.etto.cz\\\/\",\"url\":\"https:\\\/\\\/www.etto.cz\\\/\",\"name\":\"Elektromos f\u0171t\u0151elemek gy\u00e1rt\u00e1sa | ELEKTRON-ETTO\",\"isPartOf\":{\"@id\":\"https:\\\/\\\/www.etto.cz\\\/#website\"},\"datePublished\":\"2018-03-14T13:43:46+00:00\",\"dateModified\":\"2026-02-25T11:40:03+00:00\",\"description\":\"ELEKTRON-ETTO \u2013 ipari ellen\u00e1ll\u00e1s-f\u0171t\u0151testek cseh gy\u00e1rt\u00f3ja. F\u0171t\u0151patronok, cs\u0151f\u0171t\u0151testek, f\u0171t\u0151szalagok \u00e9s ker\u00e1mia f\u0171t\u0151elemek egyedi gy\u00e1rt\u00e1sa.\",\"breadcrumb\":{\"@id\":\"https:\\\/\\\/www.etto.cz\\\/#breadcrumb\"},\"inLanguage\":\"hu\",\"potentialAction\":[{\"@type\":\"ReadAction\",\"target\":[\"https:\\\/\\\/www.etto.cz\\\/\"]}]},{\"@type\":\"BreadcrumbList\",\"@id\":\"https:\\\/\\\/www.etto.cz\\\/#breadcrumb\",\"itemListElement\":[{\"@type\":\"ListItem\",\"position\":1,\"name\":\"Dom\u016f\",\"item\":\"https:\\\/\\\/www.etto.cz\\\/\"},{\"@type\":\"ListItem\",\"position\":2,\"name\":\"ETTO &#8211; F\u0171t\u0151elemek tervez\u00e9se \u00e9s gy\u00e1rt\u00e1sa\"}]},{\"@type\":\"WebSite\",\"@id\":\"https:\\\/\\\/www.etto.cz\\\/#website\",\"url\":\"https:\\\/\\\/www.etto.cz\\\/\",\"name\":\"ETTO\",\"description\":\"V\u00fdroba elektrick\u00fdch topn\u00fdch t\u011bles\",\"potentialAction\":[{\"@type\":\"SearchAction\",\"target\":{\"@type\":\"EntryPoint\",\"urlTemplate\":\"https:\\\/\\\/www.etto.cz\\\/?s={search_term_string}\"},\"query-input\":{\"@type\":\"PropertyValueSpecification\",\"valueRequired\":true,\"valueName\":\"search_term_string\"}}],\"inLanguage\":\"hu\"}]}<\/script>\n<!-- \/ Yoast SEO plugin. -->","yoast_head_json":{"title":"Elektromos f\u0171t\u0151elemek gy\u00e1rt\u00e1sa | ELEKTRON-ETTO","description":"ELEKTRON-ETTO \u2013 ipari ellen\u00e1ll\u00e1s-f\u0171t\u0151testek cseh gy\u00e1rt\u00f3ja. F\u0171t\u0151patronok, cs\u0151f\u0171t\u0151testek, f\u0171t\u0151szalagok \u00e9s ker\u00e1mia f\u0171t\u0151elemek egyedi gy\u00e1rt\u00e1sa.","robots":{"index":"index","follow":"follow","max-snippet":"max-snippet:-1","max-image-preview":"max-image-preview:large","max-video-preview":"max-video-preview:-1"},"canonical":"https:\/\/www.etto.cz\/hu\/","og_locale":"hu_HU","og_type":"article","og_title":"Elektromos f\u0171t\u0151elemek gy\u00e1rt\u00e1sa | ELEKTRON-ETTO","og_description":"ELEKTRON-ETTO \u2013 ipari ellen\u00e1ll\u00e1s-f\u0171t\u0151testek cseh gy\u00e1rt\u00f3ja. F\u0171t\u0151patronok, cs\u0151f\u0171t\u0151testek, f\u0171t\u0151szalagok \u00e9s ker\u00e1mia f\u0171t\u0151elemek egyedi gy\u00e1rt\u00e1sa.","og_url":"https:\/\/www.etto.cz\/hu\/","og_site_name":"ETTO","article_modified_time":"2026-02-25T11:40:03+00:00","og_image":[{"url":"https:\/\/www.etto.cz\/hu\/wp-content\/gallery\/prumyslova-telesa\/teleso-kotel.jpg","type":"","width":"","height":""}],"twitter_card":"summary_large_image","twitter_misc":{"Becs\u00fclt olvas\u00e1si id\u0151":"1 perc"},"schema":{"@context":"https:\/\/schema.org","@graph":[{"@type":"WebPage","@id":"https:\/\/www.etto.cz\/","url":"https:\/\/www.etto.cz\/","name":"Elektromos f\u0171t\u0151elemek gy\u00e1rt\u00e1sa | ELEKTRON-ETTO","isPartOf":{"@id":"https:\/\/www.etto.cz\/#website"},"datePublished":"2018-03-14T13:43:46+00:00","dateModified":"2026-02-25T11:40:03+00:00","description":"ELEKTRON-ETTO \u2013 ipari ellen\u00e1ll\u00e1s-f\u0171t\u0151testek cseh gy\u00e1rt\u00f3ja. F\u0171t\u0151patronok, cs\u0151f\u0171t\u0151testek, f\u0171t\u0151szalagok \u00e9s ker\u00e1mia f\u0171t\u0151elemek egyedi gy\u00e1rt\u00e1sa.","breadcrumb":{"@id":"https:\/\/www.etto.cz\/#breadcrumb"},"inLanguage":"hu","potentialAction":[{"@type":"ReadAction","target":["https:\/\/www.etto.cz\/"]}]},{"@type":"BreadcrumbList","@id":"https:\/\/www.etto.cz\/#breadcrumb","itemListElement":[{"@type":"ListItem","position":1,"name":"Dom\u016f","item":"https:\/\/www.etto.cz\/"},{"@type":"ListItem","position":2,"name":"ETTO &#8211; F\u0171t\u0151elemek tervez\u00e9se \u00e9s gy\u00e1rt\u00e1sa"}]},{"@type":"WebSite","@id":"https:\/\/www.etto.cz\/#website","url":"https:\/\/www.etto.cz\/","name":"ETTO","description":"V\u00fdroba elektrick\u00fdch topn\u00fdch t\u011bles","potentialAction":[{"@type":"SearchAction","target":{"@type":"EntryPoint","urlTemplate":"https:\/\/www.etto.cz\/?s={search_term_string}"},"query-input":{"@type":"PropertyValueSpecification","valueRequired":true,"valueName":"search_term_string"}}],"inLanguage":"hu"}]}},"_links":{"self":[{"href":"https:\/\/www.etto.cz\/hu\/wp-json\/wp\/v2\/pages\/5726","targetHints":{"allow":["GET"]}}],"collection":[{"href":"https:\/\/www.etto.cz\/hu\/wp-json\/wp\/v2\/pages"}],"about":[{"href":"https:\/\/www.etto.cz\/hu\/wp-json\/wp\/v2\/types\/page"}],"author":[{"embeddable":true,"href":"https:\/\/www.etto.cz\/hu\/wp-json\/wp\/v2\/users\/1"}],"replies":[{"embeddable":true,"href":"https:\/\/www.etto.cz\/hu\/wp-json\/wp\/v2\/comments?post=5726"}],"version-history":[{"count":5,"href":"https:\/\/www.etto.cz\/hu\/wp-json\/wp\/v2\/pages\/5726\/revisions"}],"predecessor-version":[{"id":6083,"href":"https:\/\/www.etto.cz\/hu\/wp-json\/wp\/v2\/pages\/5726\/revisions\/6083"}],"wp:attachment":[{"href":"https:\/\/www.etto.cz\/hu\/wp-json\/wp\/v2\/media?parent=5726"}],"curies":[{"name":"wp","href":"https:\/\/api.w.org\/{rel}","templated":true}]}}