{"id":5729,"date":"2020-02-18T12:19:45","date_gmt":"2020-02-18T11:19:45","guid":{"rendered":"https:\/\/www.etto.cz\/samples-from-production\/"},"modified":"2026-02-24T16:22:49","modified_gmt":"2026-02-24T15:22:49","slug":"mintak-a-gyartasbol","status":"publish","type":"page","link":"https:\/\/www.etto.cz\/hu\/mintak-a-gyartasbol\/","title":{"rendered":"Mint\u00e1k a gy\u00e1rt\u00e1sb\u00f3l"},"content":{"rendered":"\nngg_shortcode_0_placeholder\n","protected":false},"excerpt":{"rendered":"","protected":false},"author":3,"featured_media":5730,"parent":0,"menu_order":0,"comment_status":"closed","ping_status":"closed","template":"_page-menu.php","meta":{"_acf_changed":false,"ngg_post_thumbnail":0,"footnotes":"","_links_to":"","_links_to_target":""},"class_list":["post-5729","page","type-page","status-publish","has-post-thumbnail","hentry"],"acf":[],"yoast_head":"<!-- This site is optimized with the Yoast SEO plugin v27.3 - https:\/\/yoast.com\/product\/yoast-seo-wordpress\/ -->\n<title>Mint\u00e1k a gy\u00e1rt\u00e1sb\u00f3l | ELEKTRON-ETTO<\/title>\n<meta name=\"description\" content=\"P\u00e9ld\u00e1k az ELEKTRON-ETTO gy\u00e1rt\u00e1s\u00e1b\u00f3l \u2013 egyedi f\u0171t\u0151elemek, f\u0171t\u0151patronok \u00e9s cs\u0151f\u0171t\u0151testek k\u00e9pgal\u00e9ri\u00e1ja. Referenci\u00e1k \u00e9s megval\u00f3sult projektek.\" \/>\n<meta name=\"robots\" content=\"index, follow, max-snippet:-1, max-image-preview:large, max-video-preview:-1\" \/>\n<link rel=\"canonical\" href=\"https:\/\/www.etto.cz\/hu\/mintak-a-gyartasbol\/\" \/>\n<meta property=\"og:locale\" content=\"hu_HU\" \/>\n<meta property=\"og:type\" content=\"article\" \/>\n<meta property=\"og:title\" content=\"Mint\u00e1k a gy\u00e1rt\u00e1sb\u00f3l | ELEKTRON-ETTO\" \/>\n<meta property=\"og:description\" content=\"P\u00e9ld\u00e1k az ELEKTRON-ETTO gy\u00e1rt\u00e1s\u00e1b\u00f3l \u2013 egyedi f\u0171t\u0151elemek, f\u0171t\u0151patronok \u00e9s cs\u0151f\u0171t\u0151testek k\u00e9pgal\u00e9ri\u00e1ja. Referenci\u00e1k \u00e9s megval\u00f3sult projektek.\" \/>\n<meta property=\"og:url\" content=\"https:\/\/www.etto.cz\/hu\/mintak-a-gyartasbol\/\" \/>\n<meta property=\"og:site_name\" content=\"ETTO\" \/>\n<meta property=\"article:modified_time\" content=\"2026-02-24T15:22:49+00:00\" \/>\n<meta property=\"og:image\" content=\"https:\/\/www.etto.cz\/wp-content\/uploads\/2020\/02\/vyroba.jpg\" \/>\n\t<meta property=\"og:image:width\" content=\"766\" \/>\n\t<meta property=\"og:image:height\" content=\"766\" \/>\n\t<meta property=\"og:image:type\" content=\"image\/jpeg\" \/>\n<meta name=\"twitter:card\" content=\"summary_large_image\" \/>\n<script type=\"application\/ld+json\" class=\"yoast-schema-graph\">{\"@context\":\"https:\\\/\\\/schema.org\",\"@graph\":[{\"@type\":\"WebPage\",\"@id\":\"https:\\\/\\\/www.etto.cz\\\/ukazky-z-vyroby-galerie\\\/\",\"url\":\"https:\\\/\\\/www.etto.cz\\\/ukazky-z-vyroby-galerie\\\/\",\"name\":\"Mint\u00e1k a gy\u00e1rt\u00e1sb\u00f3l | ELEKTRON-ETTO\",\"isPartOf\":{\"@id\":\"https:\\\/\\\/www.etto.cz\\\/#website\"},\"primaryImageOfPage\":{\"@id\":\"https:\\\/\\\/www.etto.cz\\\/ukazky-z-vyroby-galerie\\\/#primaryimage\"},\"image\":{\"@id\":\"https:\\\/\\\/www.etto.cz\\\/ukazky-z-vyroby-galerie\\\/#primaryimage\"},\"thumbnailUrl\":\"https:\\\/\\\/www.etto.cz\\\/wp-content\\\/uploads\\\/2020\\\/02\\\/vyroba.jpg\",\"datePublished\":\"2020-02-18T11:19:45+00:00\",\"dateModified\":\"2026-02-24T15:22:49+00:00\",\"description\":\"P\u00e9ld\u00e1k az ELEKTRON-ETTO gy\u00e1rt\u00e1s\u00e1b\u00f3l \u2013 egyedi f\u0171t\u0151elemek, f\u0171t\u0151patronok \u00e9s cs\u0151f\u0171t\u0151testek k\u00e9pgal\u00e9ri\u00e1ja. Referenci\u00e1k \u00e9s megval\u00f3sult projektek.\",\"breadcrumb\":{\"@id\":\"https:\\\/\\\/www.etto.cz\\\/ukazky-z-vyroby-galerie\\\/#breadcrumb\"},\"inLanguage\":\"hu\",\"potentialAction\":[{\"@type\":\"ReadAction\",\"target\":[\"https:\\\/\\\/www.etto.cz\\\/ukazky-z-vyroby-galerie\\\/\"]}]},{\"@type\":\"ImageObject\",\"inLanguage\":\"hu\",\"@id\":\"https:\\\/\\\/www.etto.cz\\\/ukazky-z-vyroby-galerie\\\/#primaryimage\",\"url\":\"https:\\\/\\\/www.etto.cz\\\/wp-content\\\/uploads\\\/2020\\\/02\\\/vyroba.jpg\",\"contentUrl\":\"https:\\\/\\\/www.etto.cz\\\/wp-content\\\/uploads\\\/2020\\\/02\\\/vyroba.jpg\",\"width\":766,\"height\":766},{\"@type\":\"BreadcrumbList\",\"@id\":\"https:\\\/\\\/www.etto.cz\\\/ukazky-z-vyroby-galerie\\\/#breadcrumb\",\"itemListElement\":[{\"@type\":\"ListItem\",\"position\":1,\"name\":\"Dom\u016f\",\"item\":\"https:\\\/\\\/www.etto.cz\\\/\"},{\"@type\":\"ListItem\",\"position\":2,\"name\":\"Mint\u00e1k a gy\u00e1rt\u00e1sb\u00f3l\"}]},{\"@type\":\"WebSite\",\"@id\":\"https:\\\/\\\/www.etto.cz\\\/#website\",\"url\":\"https:\\\/\\\/www.etto.cz\\\/\",\"name\":\"ETTO\",\"description\":\"V\u00fdroba elektrick\u00fdch topn\u00fdch t\u011bles\",\"potentialAction\":[{\"@type\":\"SearchAction\",\"target\":{\"@type\":\"EntryPoint\",\"urlTemplate\":\"https:\\\/\\\/www.etto.cz\\\/?s={search_term_string}\"},\"query-input\":{\"@type\":\"PropertyValueSpecification\",\"valueRequired\":true,\"valueName\":\"search_term_string\"}}],\"inLanguage\":\"hu\"}]}<\/script>\n<!-- \/ Yoast SEO plugin. -->","yoast_head_json":{"title":"Mint\u00e1k a gy\u00e1rt\u00e1sb\u00f3l | ELEKTRON-ETTO","description":"P\u00e9ld\u00e1k az ELEKTRON-ETTO gy\u00e1rt\u00e1s\u00e1b\u00f3l \u2013 egyedi f\u0171t\u0151elemek, f\u0171t\u0151patronok \u00e9s cs\u0151f\u0171t\u0151testek k\u00e9pgal\u00e9ri\u00e1ja. Referenci\u00e1k \u00e9s megval\u00f3sult projektek.","robots":{"index":"index","follow":"follow","max-snippet":"max-snippet:-1","max-image-preview":"max-image-preview:large","max-video-preview":"max-video-preview:-1"},"canonical":"https:\/\/www.etto.cz\/hu\/mintak-a-gyartasbol\/","og_locale":"hu_HU","og_type":"article","og_title":"Mint\u00e1k a gy\u00e1rt\u00e1sb\u00f3l | ELEKTRON-ETTO","og_description":"P\u00e9ld\u00e1k az ELEKTRON-ETTO gy\u00e1rt\u00e1s\u00e1b\u00f3l \u2013 egyedi f\u0171t\u0151elemek, f\u0171t\u0151patronok \u00e9s cs\u0151f\u0171t\u0151testek k\u00e9pgal\u00e9ri\u00e1ja. Referenci\u00e1k \u00e9s megval\u00f3sult projektek.","og_url":"https:\/\/www.etto.cz\/hu\/mintak-a-gyartasbol\/","og_site_name":"ETTO","article_modified_time":"2026-02-24T15:22:49+00:00","og_image":[{"width":766,"height":766,"url":"https:\/\/www.etto.cz\/wp-content\/uploads\/2020\/02\/vyroba.jpg","type":"image\/jpeg"}],"twitter_card":"summary_large_image","schema":{"@context":"https:\/\/schema.org","@graph":[{"@type":"WebPage","@id":"https:\/\/www.etto.cz\/ukazky-z-vyroby-galerie\/","url":"https:\/\/www.etto.cz\/ukazky-z-vyroby-galerie\/","name":"Mint\u00e1k a gy\u00e1rt\u00e1sb\u00f3l | ELEKTRON-ETTO","isPartOf":{"@id":"https:\/\/www.etto.cz\/#website"},"primaryImageOfPage":{"@id":"https:\/\/www.etto.cz\/ukazky-z-vyroby-galerie\/#primaryimage"},"image":{"@id":"https:\/\/www.etto.cz\/ukazky-z-vyroby-galerie\/#primaryimage"},"thumbnailUrl":"https:\/\/www.etto.cz\/wp-content\/uploads\/2020\/02\/vyroba.jpg","datePublished":"2020-02-18T11:19:45+00:00","dateModified":"2026-02-24T15:22:49+00:00","description":"P\u00e9ld\u00e1k az ELEKTRON-ETTO gy\u00e1rt\u00e1s\u00e1b\u00f3l \u2013 egyedi f\u0171t\u0151elemek, f\u0171t\u0151patronok \u00e9s cs\u0151f\u0171t\u0151testek k\u00e9pgal\u00e9ri\u00e1ja. Referenci\u00e1k \u00e9s megval\u00f3sult projektek.","breadcrumb":{"@id":"https:\/\/www.etto.cz\/ukazky-z-vyroby-galerie\/#breadcrumb"},"inLanguage":"hu","potentialAction":[{"@type":"ReadAction","target":["https:\/\/www.etto.cz\/ukazky-z-vyroby-galerie\/"]}]},{"@type":"ImageObject","inLanguage":"hu","@id":"https:\/\/www.etto.cz\/ukazky-z-vyroby-galerie\/#primaryimage","url":"https:\/\/www.etto.cz\/wp-content\/uploads\/2020\/02\/vyroba.jpg","contentUrl":"https:\/\/www.etto.cz\/wp-content\/uploads\/2020\/02\/vyroba.jpg","width":766,"height":766},{"@type":"BreadcrumbList","@id":"https:\/\/www.etto.cz\/ukazky-z-vyroby-galerie\/#breadcrumb","itemListElement":[{"@type":"ListItem","position":1,"name":"Dom\u016f","item":"https:\/\/www.etto.cz\/"},{"@type":"ListItem","position":2,"name":"Mint\u00e1k a gy\u00e1rt\u00e1sb\u00f3l"}]},{"@type":"WebSite","@id":"https:\/\/www.etto.cz\/#website","url":"https:\/\/www.etto.cz\/","name":"ETTO","description":"V\u00fdroba elektrick\u00fdch topn\u00fdch t\u011bles","potentialAction":[{"@type":"SearchAction","target":{"@type":"EntryPoint","urlTemplate":"https:\/\/www.etto.cz\/?s={search_term_string}"},"query-input":{"@type":"PropertyValueSpecification","valueRequired":true,"valueName":"search_term_string"}}],"inLanguage":"hu"}]}},"_links":{"self":[{"href":"https:\/\/www.etto.cz\/hu\/wp-json\/wp\/v2\/pages\/5729","targetHints":{"allow":["GET"]}}],"collection":[{"href":"https:\/\/www.etto.cz\/hu\/wp-json\/wp\/v2\/pages"}],"about":[{"href":"https:\/\/www.etto.cz\/hu\/wp-json\/wp\/v2\/types\/page"}],"author":[{"embeddable":true,"href":"https:\/\/www.etto.cz\/hu\/wp-json\/wp\/v2\/users\/3"}],"replies":[{"embeddable":true,"href":"https:\/\/www.etto.cz\/hu\/wp-json\/wp\/v2\/comments?post=5729"}],"version-history":[{"count":1,"href":"https:\/\/www.etto.cz\/hu\/wp-json\/wp\/v2\/pages\/5729\/revisions"}],"predecessor-version":[{"id":5764,"href":"https:\/\/www.etto.cz\/hu\/wp-json\/wp\/v2\/pages\/5729\/revisions\/5764"}],"wp:featuredmedia":[{"embeddable":true,"href":"https:\/\/www.etto.cz\/hu\/wp-json\/wp\/v2\/media\/5730"}],"wp:attachment":[{"href":"https:\/\/www.etto.cz\/hu\/wp-json\/wp\/v2\/media?parent=5729"}],"curies":[{"name":"wp","href":"https:\/\/api.w.org\/{rel}","templated":true}]}}