{"id":5736,"date":"2018-03-14T15:17:14","date_gmt":"2018-03-14T14:17:14","guid":{"rendered":"https:\/\/www.etto.cz\/bodies-with-waterproof-connectionbodies-with-waterproof-connection\/"},"modified":"2026-02-24T16:22:45","modified_gmt":"2026-02-24T15:22:45","slug":"vizz-aro-csatlakozasu-futotestek","status":"publish","type":"page","link":"https:\/\/www.etto.cz\/hu\/vizz-aro-csatlakozasu-futotestek\/","title":{"rendered":"V\u00edzz\u00e1r\u00f3 csatlakoz\u00e1s\u00fa f\u0171t\u0151testek"},"content":{"rendered":"","protected":false},"excerpt":{"rendered":"","protected":false},"author":3,"featured_media":0,"parent":0,"menu_order":0,"comment_status":"closed","ping_status":"closed","template":"","meta":{"_acf_changed":false,"ngg_post_thumbnail":0,"footnotes":"","_links_to":"","_links_to_target":""},"class_list":["post-5736","page","type-page","status-publish","hentry"],"acf":[],"yoast_head":"<!-- This site is optimized with the Yoast SEO plugin v27.5 - https:\/\/yoast.com\/product\/yoast-seo-wordpress\/ -->\n<title>V\u00edzz\u00e1r\u00f3 csatlakoz\u00e1s\u00fa f\u0171t\u0151testek | ELEKTRON-ETTO<\/title>\n<meta name=\"description\" content=\"V\u00edzz\u00e1r\u00f3 csatlakoz\u00e1s\u00fa f\u0171t\u0151testek nedves \u00e9s vizes k\u00f6rnyezetbe. Hermetikusan z\u00e1rt ellen\u00e1ll\u00e1s-f\u0171t\u0151testek egyedi gy\u00e1rt\u00e1sa.\" \/>\n<meta name=\"robots\" content=\"index, follow, max-snippet:-1, max-image-preview:large, max-video-preview:-1\" \/>\n<link rel=\"canonical\" href=\"https:\/\/www.etto.cz\/hu\/vizz-aro-csatlakozasu-futotestek\/\" \/>\n<meta property=\"og:locale\" content=\"hu_HU\" \/>\n<meta property=\"og:type\" content=\"article\" \/>\n<meta property=\"og:title\" content=\"V\u00edzz\u00e1r\u00f3 csatlakoz\u00e1s\u00fa f\u0171t\u0151testek | ELEKTRON-ETTO\" \/>\n<meta property=\"og:description\" content=\"V\u00edzz\u00e1r\u00f3 csatlakoz\u00e1s\u00fa f\u0171t\u0151testek nedves \u00e9s vizes k\u00f6rnyezetbe. Hermetikusan z\u00e1rt ellen\u00e1ll\u00e1s-f\u0171t\u0151testek egyedi gy\u00e1rt\u00e1sa.\" \/>\n<meta property=\"og:url\" content=\"https:\/\/www.etto.cz\/hu\/vizz-aro-csatlakozasu-futotestek\/\" \/>\n<meta property=\"og:site_name\" content=\"ETTO\" \/>\n<meta property=\"article:modified_time\" content=\"2026-02-24T15:22:45+00:00\" \/>\n<meta property=\"og:image\" content=\"https:\/\/www.etto.cz\/hu\/wp-content\/gallery\/prumyslova-telesa\/teleso-kotel.jpg\" \/>\n<meta name=\"twitter:card\" content=\"summary_large_image\" \/>\n<script type=\"application\/ld+json\" class=\"yoast-schema-graph\">{\"@context\":\"https:\\\/\\\/schema.org\",\"@graph\":[{\"@type\":\"WebPage\",\"@id\":\"https:\\\/\\\/www.etto.cz\\\/telesa-s-vodotesnym-napojenim\\\/\",\"url\":\"https:\\\/\\\/www.etto.cz\\\/telesa-s-vodotesnym-napojenim\\\/\",\"name\":\"V\u00edzz\u00e1r\u00f3 csatlakoz\u00e1s\u00fa f\u0171t\u0151testek | ELEKTRON-ETTO\",\"isPartOf\":{\"@id\":\"https:\\\/\\\/www.etto.cz\\\/#website\"},\"datePublished\":\"2018-03-14T14:17:14+00:00\",\"dateModified\":\"2026-02-24T15:22:45+00:00\",\"description\":\"V\u00edzz\u00e1r\u00f3 csatlakoz\u00e1s\u00fa f\u0171t\u0151testek nedves \u00e9s vizes k\u00f6rnyezetbe. Hermetikusan z\u00e1rt ellen\u00e1ll\u00e1s-f\u0171t\u0151testek egyedi gy\u00e1rt\u00e1sa.\",\"breadcrumb\":{\"@id\":\"https:\\\/\\\/www.etto.cz\\\/telesa-s-vodotesnym-napojenim\\\/#breadcrumb\"},\"inLanguage\":\"hu\",\"potentialAction\":[{\"@type\":\"ReadAction\",\"target\":[\"https:\\\/\\\/www.etto.cz\\\/telesa-s-vodotesnym-napojenim\\\/\"]}]},{\"@type\":\"BreadcrumbList\",\"@id\":\"https:\\\/\\\/www.etto.cz\\\/telesa-s-vodotesnym-napojenim\\\/#breadcrumb\",\"itemListElement\":[{\"@type\":\"ListItem\",\"position\":1,\"name\":\"Dom\u016f\",\"item\":\"https:\\\/\\\/www.etto.cz\\\/\"},{\"@type\":\"ListItem\",\"position\":2,\"name\":\"V\u00edzz\u00e1r\u00f3 csatlakoz\u00e1s\u00fa f\u0171t\u0151testek\"}]},{\"@type\":\"WebSite\",\"@id\":\"https:\\\/\\\/www.etto.cz\\\/#website\",\"url\":\"https:\\\/\\\/www.etto.cz\\\/\",\"name\":\"ETTO\",\"description\":\"V\u00fdroba elektrick\u00fdch topn\u00fdch t\u011bles\",\"potentialAction\":[{\"@type\":\"SearchAction\",\"target\":{\"@type\":\"EntryPoint\",\"urlTemplate\":\"https:\\\/\\\/www.etto.cz\\\/?s={search_term_string}\"},\"query-input\":{\"@type\":\"PropertyValueSpecification\",\"valueRequired\":true,\"valueName\":\"search_term_string\"}}],\"inLanguage\":\"hu\"}]}<\/script>\n<!-- \/ Yoast SEO plugin. -->","yoast_head_json":{"title":"V\u00edzz\u00e1r\u00f3 csatlakoz\u00e1s\u00fa f\u0171t\u0151testek | ELEKTRON-ETTO","description":"V\u00edzz\u00e1r\u00f3 csatlakoz\u00e1s\u00fa f\u0171t\u0151testek nedves \u00e9s vizes k\u00f6rnyezetbe. Hermetikusan z\u00e1rt ellen\u00e1ll\u00e1s-f\u0171t\u0151testek egyedi gy\u00e1rt\u00e1sa.","robots":{"index":"index","follow":"follow","max-snippet":"max-snippet:-1","max-image-preview":"max-image-preview:large","max-video-preview":"max-video-preview:-1"},"canonical":"https:\/\/www.etto.cz\/hu\/vizz-aro-csatlakozasu-futotestek\/","og_locale":"hu_HU","og_type":"article","og_title":"V\u00edzz\u00e1r\u00f3 csatlakoz\u00e1s\u00fa f\u0171t\u0151testek | ELEKTRON-ETTO","og_description":"V\u00edzz\u00e1r\u00f3 csatlakoz\u00e1s\u00fa f\u0171t\u0151testek nedves \u00e9s vizes k\u00f6rnyezetbe. Hermetikusan z\u00e1rt ellen\u00e1ll\u00e1s-f\u0171t\u0151testek egyedi gy\u00e1rt\u00e1sa.","og_url":"https:\/\/www.etto.cz\/hu\/vizz-aro-csatlakozasu-futotestek\/","og_site_name":"ETTO","article_modified_time":"2026-02-24T15:22:45+00:00","og_image":[{"url":"https:\/\/www.etto.cz\/hu\/wp-content\/gallery\/prumyslova-telesa\/teleso-kotel.jpg","type":"","width":"","height":""}],"twitter_card":"summary_large_image","schema":{"@context":"https:\/\/schema.org","@graph":[{"@type":"WebPage","@id":"https:\/\/www.etto.cz\/telesa-s-vodotesnym-napojenim\/","url":"https:\/\/www.etto.cz\/telesa-s-vodotesnym-napojenim\/","name":"V\u00edzz\u00e1r\u00f3 csatlakoz\u00e1s\u00fa f\u0171t\u0151testek | ELEKTRON-ETTO","isPartOf":{"@id":"https:\/\/www.etto.cz\/#website"},"datePublished":"2018-03-14T14:17:14+00:00","dateModified":"2026-02-24T15:22:45+00:00","description":"V\u00edzz\u00e1r\u00f3 csatlakoz\u00e1s\u00fa f\u0171t\u0151testek nedves \u00e9s vizes k\u00f6rnyezetbe. Hermetikusan z\u00e1rt ellen\u00e1ll\u00e1s-f\u0171t\u0151testek egyedi gy\u00e1rt\u00e1sa.","breadcrumb":{"@id":"https:\/\/www.etto.cz\/telesa-s-vodotesnym-napojenim\/#breadcrumb"},"inLanguage":"hu","potentialAction":[{"@type":"ReadAction","target":["https:\/\/www.etto.cz\/telesa-s-vodotesnym-napojenim\/"]}]},{"@type":"BreadcrumbList","@id":"https:\/\/www.etto.cz\/telesa-s-vodotesnym-napojenim\/#breadcrumb","itemListElement":[{"@type":"ListItem","position":1,"name":"Dom\u016f","item":"https:\/\/www.etto.cz\/"},{"@type":"ListItem","position":2,"name":"V\u00edzz\u00e1r\u00f3 csatlakoz\u00e1s\u00fa f\u0171t\u0151testek"}]},{"@type":"WebSite","@id":"https:\/\/www.etto.cz\/#website","url":"https:\/\/www.etto.cz\/","name":"ETTO","description":"V\u00fdroba elektrick\u00fdch topn\u00fdch t\u011bles","potentialAction":[{"@type":"SearchAction","target":{"@type":"EntryPoint","urlTemplate":"https:\/\/www.etto.cz\/?s={search_term_string}"},"query-input":{"@type":"PropertyValueSpecification","valueRequired":true,"valueName":"search_term_string"}}],"inLanguage":"hu"}]}},"_links":{"self":[{"href":"https:\/\/www.etto.cz\/hu\/wp-json\/wp\/v2\/pages\/5736","targetHints":{"allow":["GET"]}}],"collection":[{"href":"https:\/\/www.etto.cz\/hu\/wp-json\/wp\/v2\/pages"}],"about":[{"href":"https:\/\/www.etto.cz\/hu\/wp-json\/wp\/v2\/types\/page"}],"author":[{"embeddable":true,"href":"https:\/\/www.etto.cz\/hu\/wp-json\/wp\/v2\/users\/3"}],"replies":[{"embeddable":true,"href":"https:\/\/www.etto.cz\/hu\/wp-json\/wp\/v2\/comments?post=5736"}],"version-history":[{"count":1,"href":"https:\/\/www.etto.cz\/hu\/wp-json\/wp\/v2\/pages\/5736\/revisions"}],"predecessor-version":[{"id":5867,"href":"https:\/\/www.etto.cz\/hu\/wp-json\/wp\/v2\/pages\/5736\/revisions\/5867"}],"wp:attachment":[{"href":"https:\/\/www.etto.cz\/hu\/wp-json\/wp\/v2\/media?parent=5736"}],"curies":[{"name":"wp","href":"https:\/\/api.w.org\/{rel}","templated":true}]}}