{"id":5737,"date":"2018-03-14T15:17:05","date_gmt":"2018-03-14T14:17:05","guid":{"rendered":"https:\/\/www.etto.cz\/heating-bodies-for-bathroom-radiators\/"},"modified":"2026-02-24T16:22:45","modified_gmt":"2026-02-24T15:22:45","slug":"furdoszobai-radiator-futotestek","status":"publish","type":"page","link":"https:\/\/www.etto.cz\/hu\/futoelemek-felhasznalasi-cel-szerint\/furdoszobai-radiator-futotestek\/","title":{"rendered":"F\u00fcrd\u0151szobai radi\u00e1tor f\u0171t\u0151testek"},"content":{"rendered":"<p style=\"text-align: justify;\">F\u00fcrd\u0151szobai radi\u00e1torok v\u00edzmeleg\u00edt\u00e9s\u00e9hez gy\u00e1rtunk f\u0171t\u0151elemeket. A f\u0171t\u0151r\u00fad belsej\u00e9ben h\u0151korl\u00e1toz\u00f3 \u00e9s visszaford\u00edthatatlan biztons\u00e1gi h\u0151m\u00e9rs\u00e9klet-megszak\u00edt\u00f3 tal\u00e1lhat\u00f3. A f\u00fcrd\u0151szobai radi\u00e1torokhoz val\u00f3 f\u0171t\u0151rudakat a radi\u00e1tor als\u00f3 r\u00e9sz\u00e9ben, v\u00edzszintes vagy f\u00fcgg\u0151leges helyzetben kell elhelyezni. A f\u0171t\u0151test aj\u00e1nlott teljes\u00edtm\u00e9nye a radi\u00e1tor h\u0151teljes\u00edtm\u00e9ny\u00e9nek 70%-a legyen.&nbsp; A f\u0171t\u0151elemhez tartoz\u00f3 el\u00e1gaz\u00e1s (T-idom) \u00e9s a helyis\u00e9g-termoszt\u00e1t (a helyis\u00e9gi h\u0151m\u00e9rs\u00e9klet-szab\u00e1lyoz\u00e1s n\u00e9lk\u00fcli v\u00e1ltozathoz) megrendel\u00e9sre el\u00e9rhet\u0151.<\/p>\n","protected":false},"excerpt":{"rendered":"<p>F\u00fcrd\u0151szobai radi\u00e1torok v\u00edzmeleg\u00edt\u00e9s\u00e9hez gy\u00e1rtunk f\u0171t\u0151elemeket. A f\u0171t\u0151r\u00fad belsej\u00e9ben h\u0151korl\u00e1toz\u00f3 \u00e9s visszaford\u00edthatatlan biztons\u00e1gi h\u0151m\u00e9rs\u00e9klet-megszak\u00edt\u00f3 tal\u00e1lhat\u00f3. A f\u00fcrd\u0151szobai radi\u00e1torokhoz val\u00f3 f\u0171t\u0151rudakat a radi\u00e1tor als\u00f3 r\u00e9sz\u00e9ben, v\u00edzszintes vagy &#8230;<\/p>\n","protected":false},"author":3,"featured_media":5738,"parent":5771,"menu_order":0,"comment_status":"closed","ping_status":"closed","template":"_page-menu.php","meta":{"_acf_changed":false,"ngg_post_thumbnail":0,"footnotes":"","_links_to":"","_links_to_target":""},"class_list":["post-5737","page","type-page","status-publish","has-post-thumbnail","hentry"],"acf":[],"yoast_head":"<!-- This site is optimized with the Yoast SEO plugin v27.3 - https:\/\/yoast.com\/product\/yoast-seo-wordpress\/ -->\n<title>F\u00fcrd\u0151szobai radi\u00e1tor f\u0171t\u0151testek | ELEKTRON-ETTO<\/title>\n<meta name=\"description\" content=\"F\u00fcrd\u0151szobai radi\u00e1torokhoz tervezett elektromos f\u0171t\u0151testek. Megb\u00edzhat\u00f3 ellen\u00e1ll\u00e1s-f\u0171t\u0151testek egyedi gy\u00e1rt\u00e1sa a gy\u00e1rt\u00f3t\u00f3l.\" \/>\n<meta name=\"robots\" content=\"index, follow, max-snippet:-1, max-image-preview:large, max-video-preview:-1\" \/>\n<link rel=\"canonical\" href=\"https:\/\/www.etto.cz\/hu\/futoelemek-felhasznalasi-cel-szerint\/furdoszobai-radiator-futotestek\/\" \/>\n<meta property=\"og:locale\" content=\"hu_HU\" \/>\n<meta property=\"og:type\" content=\"article\" \/>\n<meta property=\"og:title\" content=\"F\u00fcrd\u0151szobai radi\u00e1tor f\u0171t\u0151testek | ELEKTRON-ETTO\" \/>\n<meta property=\"og:description\" content=\"F\u00fcrd\u0151szobai radi\u00e1torokhoz tervezett elektromos f\u0171t\u0151testek. Megb\u00edzhat\u00f3 ellen\u00e1ll\u00e1s-f\u0171t\u0151testek egyedi gy\u00e1rt\u00e1sa a gy\u00e1rt\u00f3t\u00f3l.\" \/>\n<meta property=\"og:url\" content=\"https:\/\/www.etto.cz\/hu\/futoelemek-felhasznalasi-cel-szerint\/furdoszobai-radiator-futotestek\/\" \/>\n<meta property=\"og:site_name\" content=\"ETTO\" \/>\n<meta property=\"article:modified_time\" content=\"2026-02-24T15:22:45+00:00\" \/>\n<meta property=\"og:image\" content=\"https:\/\/www.etto.cz\/wp-content\/uploads\/2016\/12\/z1.png\" \/>\n\t<meta property=\"og:image:width\" content=\"640\" \/>\n\t<meta property=\"og:image:height\" content=\"640\" \/>\n\t<meta property=\"og:image:type\" content=\"image\/png\" \/>\n<meta name=\"twitter:card\" content=\"summary_large_image\" \/>\n<meta name=\"twitter:label1\" content=\"Becs\u00fclt olvas\u00e1si id\u0151\" \/>\n\t<meta name=\"twitter:data1\" content=\"1 perc\" \/>\n<script type=\"application\/ld+json\" class=\"yoast-schema-graph\">{\"@context\":\"https:\\\/\\\/schema.org\",\"@graph\":[{\"@type\":\"WebPage\",\"@id\":\"https:\\\/\\\/www.etto.cz\\\/telesa-podle-ucelu\\\/topna-telesa-do-koupelnovych-radiatoru\\\/\",\"url\":\"https:\\\/\\\/www.etto.cz\\\/telesa-podle-ucelu\\\/topna-telesa-do-koupelnovych-radiatoru\\\/\",\"name\":\"F\u00fcrd\u0151szobai radi\u00e1tor f\u0171t\u0151testek | ELEKTRON-ETTO\",\"isPartOf\":{\"@id\":\"https:\\\/\\\/www.etto.cz\\\/#website\"},\"primaryImageOfPage\":{\"@id\":\"https:\\\/\\\/www.etto.cz\\\/telesa-podle-ucelu\\\/topna-telesa-do-koupelnovych-radiatoru\\\/#primaryimage\"},\"image\":{\"@id\":\"https:\\\/\\\/www.etto.cz\\\/telesa-podle-ucelu\\\/topna-telesa-do-koupelnovych-radiatoru\\\/#primaryimage\"},\"thumbnailUrl\":\"https:\\\/\\\/www.etto.cz\\\/wp-content\\\/uploads\\\/2016\\\/12\\\/z1.png\",\"datePublished\":\"2018-03-14T14:17:05+00:00\",\"dateModified\":\"2026-02-24T15:22:45+00:00\",\"description\":\"F\u00fcrd\u0151szobai radi\u00e1torokhoz tervezett elektromos f\u0171t\u0151testek. Megb\u00edzhat\u00f3 ellen\u00e1ll\u00e1s-f\u0171t\u0151testek egyedi gy\u00e1rt\u00e1sa a gy\u00e1rt\u00f3t\u00f3l.\",\"breadcrumb\":{\"@id\":\"https:\\\/\\\/www.etto.cz\\\/telesa-podle-ucelu\\\/topna-telesa-do-koupelnovych-radiatoru\\\/#breadcrumb\"},\"inLanguage\":\"hu\",\"potentialAction\":[{\"@type\":\"ReadAction\",\"target\":[\"https:\\\/\\\/www.etto.cz\\\/telesa-podle-ucelu\\\/topna-telesa-do-koupelnovych-radiatoru\\\/\"]}]},{\"@type\":\"ImageObject\",\"inLanguage\":\"hu\",\"@id\":\"https:\\\/\\\/www.etto.cz\\\/telesa-podle-ucelu\\\/topna-telesa-do-koupelnovych-radiatoru\\\/#primaryimage\",\"url\":\"https:\\\/\\\/www.etto.cz\\\/wp-content\\\/uploads\\\/2016\\\/12\\\/z1.png\",\"contentUrl\":\"https:\\\/\\\/www.etto.cz\\\/wp-content\\\/uploads\\\/2016\\\/12\\\/z1.png\",\"width\":640,\"height\":640},{\"@type\":\"BreadcrumbList\",\"@id\":\"https:\\\/\\\/www.etto.cz\\\/telesa-podle-ucelu\\\/topna-telesa-do-koupelnovych-radiatoru\\\/#breadcrumb\",\"itemListElement\":[{\"@type\":\"ListItem\",\"position\":1,\"name\":\"Dom\u016f\",\"item\":\"https:\\\/\\\/www.etto.cz\\\/\"},{\"@type\":\"ListItem\",\"position\":2,\"name\":\"F\u0171t\u0151elemek felhaszn\u00e1l\u00e1s szerint\",\"item\":\"https:\\\/\\\/www.etto.cz\\\/telesa-podle-ucelu\\\/\"},{\"@type\":\"ListItem\",\"position\":3,\"name\":\"F\u00fcrd\u0151szobai radi\u00e1tor f\u0171t\u0151testek\"}]},{\"@type\":\"WebSite\",\"@id\":\"https:\\\/\\\/www.etto.cz\\\/#website\",\"url\":\"https:\\\/\\\/www.etto.cz\\\/\",\"name\":\"ETTO\",\"description\":\"V\u00fdroba elektrick\u00fdch topn\u00fdch t\u011bles\",\"potentialAction\":[{\"@type\":\"SearchAction\",\"target\":{\"@type\":\"EntryPoint\",\"urlTemplate\":\"https:\\\/\\\/www.etto.cz\\\/?s={search_term_string}\"},\"query-input\":{\"@type\":\"PropertyValueSpecification\",\"valueRequired\":true,\"valueName\":\"search_term_string\"}}],\"inLanguage\":\"hu\"}]}<\/script>\n<!-- \/ Yoast SEO plugin. -->","yoast_head_json":{"title":"F\u00fcrd\u0151szobai radi\u00e1tor f\u0171t\u0151testek | ELEKTRON-ETTO","description":"F\u00fcrd\u0151szobai radi\u00e1torokhoz tervezett elektromos f\u0171t\u0151testek. Megb\u00edzhat\u00f3 ellen\u00e1ll\u00e1s-f\u0171t\u0151testek egyedi gy\u00e1rt\u00e1sa a gy\u00e1rt\u00f3t\u00f3l.","robots":{"index":"index","follow":"follow","max-snippet":"max-snippet:-1","max-image-preview":"max-image-preview:large","max-video-preview":"max-video-preview:-1"},"canonical":"https:\/\/www.etto.cz\/hu\/futoelemek-felhasznalasi-cel-szerint\/furdoszobai-radiator-futotestek\/","og_locale":"hu_HU","og_type":"article","og_title":"F\u00fcrd\u0151szobai radi\u00e1tor f\u0171t\u0151testek | ELEKTRON-ETTO","og_description":"F\u00fcrd\u0151szobai radi\u00e1torokhoz tervezett elektromos f\u0171t\u0151testek. Megb\u00edzhat\u00f3 ellen\u00e1ll\u00e1s-f\u0171t\u0151testek egyedi gy\u00e1rt\u00e1sa a gy\u00e1rt\u00f3t\u00f3l.","og_url":"https:\/\/www.etto.cz\/hu\/futoelemek-felhasznalasi-cel-szerint\/furdoszobai-radiator-futotestek\/","og_site_name":"ETTO","article_modified_time":"2026-02-24T15:22:45+00:00","og_image":[{"width":640,"height":640,"url":"https:\/\/www.etto.cz\/wp-content\/uploads\/2016\/12\/z1.png","type":"image\/png"}],"twitter_card":"summary_large_image","twitter_misc":{"Becs\u00fclt olvas\u00e1si id\u0151":"1 perc"},"schema":{"@context":"https:\/\/schema.org","@graph":[{"@type":"WebPage","@id":"https:\/\/www.etto.cz\/telesa-podle-ucelu\/topna-telesa-do-koupelnovych-radiatoru\/","url":"https:\/\/www.etto.cz\/telesa-podle-ucelu\/topna-telesa-do-koupelnovych-radiatoru\/","name":"F\u00fcrd\u0151szobai radi\u00e1tor f\u0171t\u0151testek | ELEKTRON-ETTO","isPartOf":{"@id":"https:\/\/www.etto.cz\/#website"},"primaryImageOfPage":{"@id":"https:\/\/www.etto.cz\/telesa-podle-ucelu\/topna-telesa-do-koupelnovych-radiatoru\/#primaryimage"},"image":{"@id":"https:\/\/www.etto.cz\/telesa-podle-ucelu\/topna-telesa-do-koupelnovych-radiatoru\/#primaryimage"},"thumbnailUrl":"https:\/\/www.etto.cz\/wp-content\/uploads\/2016\/12\/z1.png","datePublished":"2018-03-14T14:17:05+00:00","dateModified":"2026-02-24T15:22:45+00:00","description":"F\u00fcrd\u0151szobai radi\u00e1torokhoz tervezett elektromos f\u0171t\u0151testek. Megb\u00edzhat\u00f3 ellen\u00e1ll\u00e1s-f\u0171t\u0151testek egyedi gy\u00e1rt\u00e1sa a gy\u00e1rt\u00f3t\u00f3l.","breadcrumb":{"@id":"https:\/\/www.etto.cz\/telesa-podle-ucelu\/topna-telesa-do-koupelnovych-radiatoru\/#breadcrumb"},"inLanguage":"hu","potentialAction":[{"@type":"ReadAction","target":["https:\/\/www.etto.cz\/telesa-podle-ucelu\/topna-telesa-do-koupelnovych-radiatoru\/"]}]},{"@type":"ImageObject","inLanguage":"hu","@id":"https:\/\/www.etto.cz\/telesa-podle-ucelu\/topna-telesa-do-koupelnovych-radiatoru\/#primaryimage","url":"https:\/\/www.etto.cz\/wp-content\/uploads\/2016\/12\/z1.png","contentUrl":"https:\/\/www.etto.cz\/wp-content\/uploads\/2016\/12\/z1.png","width":640,"height":640},{"@type":"BreadcrumbList","@id":"https:\/\/www.etto.cz\/telesa-podle-ucelu\/topna-telesa-do-koupelnovych-radiatoru\/#breadcrumb","itemListElement":[{"@type":"ListItem","position":1,"name":"Dom\u016f","item":"https:\/\/www.etto.cz\/"},{"@type":"ListItem","position":2,"name":"F\u0171t\u0151elemek felhaszn\u00e1l\u00e1s szerint","item":"https:\/\/www.etto.cz\/telesa-podle-ucelu\/"},{"@type":"ListItem","position":3,"name":"F\u00fcrd\u0151szobai radi\u00e1tor f\u0171t\u0151testek"}]},{"@type":"WebSite","@id":"https:\/\/www.etto.cz\/#website","url":"https:\/\/www.etto.cz\/","name":"ETTO","description":"V\u00fdroba elektrick\u00fdch topn\u00fdch t\u011bles","potentialAction":[{"@type":"SearchAction","target":{"@type":"EntryPoint","urlTemplate":"https:\/\/www.etto.cz\/?s={search_term_string}"},"query-input":{"@type":"PropertyValueSpecification","valueRequired":true,"valueName":"search_term_string"}}],"inLanguage":"hu"}]}},"_links":{"self":[{"href":"https:\/\/www.etto.cz\/hu\/wp-json\/wp\/v2\/pages\/5737","targetHints":{"allow":["GET"]}}],"collection":[{"href":"https:\/\/www.etto.cz\/hu\/wp-json\/wp\/v2\/pages"}],"about":[{"href":"https:\/\/www.etto.cz\/hu\/wp-json\/wp\/v2\/types\/page"}],"author":[{"embeddable":true,"href":"https:\/\/www.etto.cz\/hu\/wp-json\/wp\/v2\/users\/3"}],"replies":[{"embeddable":true,"href":"https:\/\/www.etto.cz\/hu\/wp-json\/wp\/v2\/comments?post=5737"}],"version-history":[{"count":1,"href":"https:\/\/www.etto.cz\/hu\/wp-json\/wp\/v2\/pages\/5737\/revisions"}],"predecessor-version":[{"id":5869,"href":"https:\/\/www.etto.cz\/hu\/wp-json\/wp\/v2\/pages\/5737\/revisions\/5869"}],"up":[{"embeddable":true,"href":"https:\/\/www.etto.cz\/hu\/wp-json\/wp\/v2\/pages\/5771"}],"wp:featuredmedia":[{"embeddable":true,"href":"https:\/\/www.etto.cz\/hu\/wp-json\/wp\/v2\/media\/5738"}],"wp:attachment":[{"href":"https:\/\/www.etto.cz\/hu\/wp-json\/wp\/v2\/media?parent=5737"}],"curies":[{"name":"wp","href":"https:\/\/api.w.org\/{rel}","templated":true}]}}