{"id":5739,"date":"2018-03-14T15:16:53","date_gmt":"2018-03-14T14:16:53","guid":{"rendered":"https:\/\/www.etto.cz\/shoe-dryer\/"},"modified":"2026-02-24T16:22:45","modified_gmt":"2026-02-24T15:22:45","slug":"ciposzarito","status":"publish","type":"page","link":"https:\/\/www.etto.cz\/hu\/futoelemek-felhasznalasi-cel-szerint\/ciposzarito\/","title":{"rendered":"Cip\u0151sz\u00e1r\u00edt\u00f3"},"content":{"rendered":"<p>Ezek a f\u0171t\u0151elemek l\u00e1bbelik sz\u00e1r\u00edt\u00e1s\u00e1ra szolg\u00e1lnak. A f\u0171t\u0151bord\u00e1s r\u00e9sz alum\u00ednium\u00f6tv\u00f6zet \u00f6ntv\u00e9nyb\u0151l k\u00e9sz\u00fcl.&nbsp; Fel\u00fcletkezel\u00e9s: sz\u00fcrke komaxitbevonat.<\/p>\n<p><a class=\"fancybox left\" href=\"https:\/\/www.etto.cz\/wp-content\/uploads\/2016\/12\/susic_2.jpg\"><img loading=\"lazy\" decoding=\"async\" width=\"172\" height=\"150\" class=\"alignleft wp-image-1146\" alt=\"drier_2\" src=\"https:\/\/www.etto.cz\/wp-content\/uploads\/2016\/12\/susic_2.jpg\" srcset=\"https:\/\/www.etto.cz\/wp-content\/uploads\/2016\/12\/susic_2.jpg 675w, https:\/\/www.etto.cz\/wp-content\/uploads\/2016\/12\/susic_2-300x262.jpg 300w, https:\/\/www.etto.cz\/wp-content\/uploads\/2016\/12\/susic_2-153x134.jpg 153w, https:\/\/www.etto.cz\/wp-content\/uploads\/2016\/12\/susic_2-253x221.jpg 253w, https:\/\/www.etto.cz\/wp-content\/uploads\/2016\/12\/susic_2-600x524.jpg 600w\" sizes=\"auto, (max-width: 172px) 100vw, 172px\" \/><\/a><\/p>\n","protected":false},"excerpt":{"rendered":"<p>Ezek a f\u0171t\u0151elemek l\u00e1bbelik sz\u00e1r\u00edt\u00e1s\u00e1ra szolg\u00e1lnak. A f\u0171t\u0151bord\u00e1s r\u00e9sz alum\u00ednium\u00f6tv\u00f6zet \u00f6ntv\u00e9nyb\u0151l k\u00e9sz\u00fcl.&nbsp; Fel\u00fcletkezel\u00e9s: sz\u00fcrke komaxitbevonat.<\/p>\n","protected":false},"author":1,"featured_media":5741,"parent":5771,"menu_order":0,"comment_status":"open","ping_status":"open","template":"_page-menu.php","meta":{"_acf_changed":false,"ngg_post_thumbnail":0,"footnotes":"","_links_to":"","_links_to_target":""},"class_list":["post-5739","page","type-page","status-publish","has-post-thumbnail","hentry"],"acf":[],"yoast_head":"<!-- This site is optimized with the Yoast SEO plugin v27.3 - https:\/\/yoast.com\/product\/yoast-seo-wordpress\/ -->\n<title>Cip\u0151sz\u00e1r\u00edt\u00f3 f\u0171t\u0151elemek | ELEKTRON-ETTO<\/title>\n<meta name=\"description\" content=\"Cip\u0151sz\u00e1r\u00edt\u00f3khoz tervezett ipari f\u0171t\u0151elemek egyedi gy\u00e1rt\u00e1sa. Megb\u00edzhat\u00f3, energiahat\u00e9kony ellen\u00e1ll\u00e1s-f\u0171t\u0151testek a gy\u00e1rt\u00f3t\u00f3l.\" \/>\n<meta name=\"robots\" content=\"index, follow, max-snippet:-1, max-image-preview:large, max-video-preview:-1\" \/>\n<link rel=\"canonical\" href=\"https:\/\/www.etto.cz\/hu\/futoelemek-felhasznalasi-cel-szerint\/ciposzarito\/\" \/>\n<meta property=\"og:locale\" content=\"hu_HU\" \/>\n<meta property=\"og:type\" content=\"article\" \/>\n<meta property=\"og:title\" content=\"Cip\u0151sz\u00e1r\u00edt\u00f3 f\u0171t\u0151elemek | ELEKTRON-ETTO\" \/>\n<meta property=\"og:description\" content=\"Cip\u0151sz\u00e1r\u00edt\u00f3khoz tervezett ipari f\u0171t\u0151elemek egyedi gy\u00e1rt\u00e1sa. Megb\u00edzhat\u00f3, energiahat\u00e9kony ellen\u00e1ll\u00e1s-f\u0171t\u0151testek a gy\u00e1rt\u00f3t\u00f3l.\" \/>\n<meta property=\"og:url\" content=\"https:\/\/www.etto.cz\/hu\/futoelemek-felhasznalasi-cel-szerint\/ciposzarito\/\" \/>\n<meta property=\"og:site_name\" content=\"ETTO\" \/>\n<meta property=\"article:modified_time\" content=\"2026-02-24T15:22:45+00:00\" \/>\n<meta property=\"og:image\" content=\"https:\/\/www.etto.cz\/wp-content\/uploads\/2016\/12\/susic_2.jpg\" \/>\n\t<meta property=\"og:image:width\" content=\"675\" \/>\n\t<meta property=\"og:image:height\" content=\"590\" \/>\n\t<meta property=\"og:image:type\" content=\"image\/jpeg\" \/>\n<meta name=\"twitter:card\" content=\"summary_large_image\" \/>\n<script type=\"application\/ld+json\" class=\"yoast-schema-graph\">{\"@context\":\"https:\\\/\\\/schema.org\",\"@graph\":[{\"@type\":\"WebPage\",\"@id\":\"https:\\\/\\\/www.etto.cz\\\/telesa-podle-ucelu\\\/vysousece-bot\\\/\",\"url\":\"https:\\\/\\\/www.etto.cz\\\/telesa-podle-ucelu\\\/vysousece-bot\\\/\",\"name\":\"Cip\u0151sz\u00e1r\u00edt\u00f3 f\u0171t\u0151elemek | ELEKTRON-ETTO\",\"isPartOf\":{\"@id\":\"https:\\\/\\\/www.etto.cz\\\/#website\"},\"primaryImageOfPage\":{\"@id\":\"https:\\\/\\\/www.etto.cz\\\/telesa-podle-ucelu\\\/vysousece-bot\\\/#primaryimage\"},\"image\":{\"@id\":\"https:\\\/\\\/www.etto.cz\\\/telesa-podle-ucelu\\\/vysousece-bot\\\/#primaryimage\"},\"thumbnailUrl\":\"https:\\\/\\\/www.etto.cz\\\/wp-content\\\/uploads\\\/2016\\\/12\\\/susic_2.jpg\",\"datePublished\":\"2018-03-14T14:16:53+00:00\",\"dateModified\":\"2026-02-24T15:22:45+00:00\",\"description\":\"Cip\u0151sz\u00e1r\u00edt\u00f3khoz tervezett ipari f\u0171t\u0151elemek egyedi gy\u00e1rt\u00e1sa. Megb\u00edzhat\u00f3, energiahat\u00e9kony ellen\u00e1ll\u00e1s-f\u0171t\u0151testek a gy\u00e1rt\u00f3t\u00f3l.\",\"breadcrumb\":{\"@id\":\"https:\\\/\\\/www.etto.cz\\\/telesa-podle-ucelu\\\/vysousece-bot\\\/#breadcrumb\"},\"inLanguage\":\"hu\",\"potentialAction\":[{\"@type\":\"ReadAction\",\"target\":[\"https:\\\/\\\/www.etto.cz\\\/telesa-podle-ucelu\\\/vysousece-bot\\\/\"]}]},{\"@type\":\"ImageObject\",\"inLanguage\":\"hu\",\"@id\":\"https:\\\/\\\/www.etto.cz\\\/telesa-podle-ucelu\\\/vysousece-bot\\\/#primaryimage\",\"url\":\"https:\\\/\\\/www.etto.cz\\\/wp-content\\\/uploads\\\/2016\\\/12\\\/susic_2.jpg\",\"contentUrl\":\"https:\\\/\\\/www.etto.cz\\\/wp-content\\\/uploads\\\/2016\\\/12\\\/susic_2.jpg\",\"width\":675,\"height\":590},{\"@type\":\"BreadcrumbList\",\"@id\":\"https:\\\/\\\/www.etto.cz\\\/telesa-podle-ucelu\\\/vysousece-bot\\\/#breadcrumb\",\"itemListElement\":[{\"@type\":\"ListItem\",\"position\":1,\"name\":\"Dom\u016f\",\"item\":\"https:\\\/\\\/www.etto.cz\\\/\"},{\"@type\":\"ListItem\",\"position\":2,\"name\":\"F\u0171t\u0151elemek felhaszn\u00e1l\u00e1s szerint\",\"item\":\"https:\\\/\\\/www.etto.cz\\\/telesa-podle-ucelu\\\/\"},{\"@type\":\"ListItem\",\"position\":3,\"name\":\"Cip\u0151sz\u00e1r\u00edt\u00f3\"}]},{\"@type\":\"WebSite\",\"@id\":\"https:\\\/\\\/www.etto.cz\\\/#website\",\"url\":\"https:\\\/\\\/www.etto.cz\\\/\",\"name\":\"ETTO\",\"description\":\"V\u00fdroba elektrick\u00fdch topn\u00fdch t\u011bles\",\"potentialAction\":[{\"@type\":\"SearchAction\",\"target\":{\"@type\":\"EntryPoint\",\"urlTemplate\":\"https:\\\/\\\/www.etto.cz\\\/?s={search_term_string}\"},\"query-input\":{\"@type\":\"PropertyValueSpecification\",\"valueRequired\":true,\"valueName\":\"search_term_string\"}}],\"inLanguage\":\"hu\"}]}<\/script>\n<!-- \/ Yoast SEO plugin. -->","yoast_head_json":{"title":"Cip\u0151sz\u00e1r\u00edt\u00f3 f\u0171t\u0151elemek | ELEKTRON-ETTO","description":"Cip\u0151sz\u00e1r\u00edt\u00f3khoz tervezett ipari f\u0171t\u0151elemek egyedi gy\u00e1rt\u00e1sa. Megb\u00edzhat\u00f3, energiahat\u00e9kony ellen\u00e1ll\u00e1s-f\u0171t\u0151testek a gy\u00e1rt\u00f3t\u00f3l.","robots":{"index":"index","follow":"follow","max-snippet":"max-snippet:-1","max-image-preview":"max-image-preview:large","max-video-preview":"max-video-preview:-1"},"canonical":"https:\/\/www.etto.cz\/hu\/futoelemek-felhasznalasi-cel-szerint\/ciposzarito\/","og_locale":"hu_HU","og_type":"article","og_title":"Cip\u0151sz\u00e1r\u00edt\u00f3 f\u0171t\u0151elemek | ELEKTRON-ETTO","og_description":"Cip\u0151sz\u00e1r\u00edt\u00f3khoz tervezett ipari f\u0171t\u0151elemek egyedi gy\u00e1rt\u00e1sa. Megb\u00edzhat\u00f3, energiahat\u00e9kony ellen\u00e1ll\u00e1s-f\u0171t\u0151testek a gy\u00e1rt\u00f3t\u00f3l.","og_url":"https:\/\/www.etto.cz\/hu\/futoelemek-felhasznalasi-cel-szerint\/ciposzarito\/","og_site_name":"ETTO","article_modified_time":"2026-02-24T15:22:45+00:00","og_image":[{"width":675,"height":590,"url":"https:\/\/www.etto.cz\/wp-content\/uploads\/2016\/12\/susic_2.jpg","type":"image\/jpeg"}],"twitter_card":"summary_large_image","schema":{"@context":"https:\/\/schema.org","@graph":[{"@type":"WebPage","@id":"https:\/\/www.etto.cz\/telesa-podle-ucelu\/vysousece-bot\/","url":"https:\/\/www.etto.cz\/telesa-podle-ucelu\/vysousece-bot\/","name":"Cip\u0151sz\u00e1r\u00edt\u00f3 f\u0171t\u0151elemek | ELEKTRON-ETTO","isPartOf":{"@id":"https:\/\/www.etto.cz\/#website"},"primaryImageOfPage":{"@id":"https:\/\/www.etto.cz\/telesa-podle-ucelu\/vysousece-bot\/#primaryimage"},"image":{"@id":"https:\/\/www.etto.cz\/telesa-podle-ucelu\/vysousece-bot\/#primaryimage"},"thumbnailUrl":"https:\/\/www.etto.cz\/wp-content\/uploads\/2016\/12\/susic_2.jpg","datePublished":"2018-03-14T14:16:53+00:00","dateModified":"2026-02-24T15:22:45+00:00","description":"Cip\u0151sz\u00e1r\u00edt\u00f3khoz tervezett ipari f\u0171t\u0151elemek egyedi gy\u00e1rt\u00e1sa. Megb\u00edzhat\u00f3, energiahat\u00e9kony ellen\u00e1ll\u00e1s-f\u0171t\u0151testek a gy\u00e1rt\u00f3t\u00f3l.","breadcrumb":{"@id":"https:\/\/www.etto.cz\/telesa-podle-ucelu\/vysousece-bot\/#breadcrumb"},"inLanguage":"hu","potentialAction":[{"@type":"ReadAction","target":["https:\/\/www.etto.cz\/telesa-podle-ucelu\/vysousece-bot\/"]}]},{"@type":"ImageObject","inLanguage":"hu","@id":"https:\/\/www.etto.cz\/telesa-podle-ucelu\/vysousece-bot\/#primaryimage","url":"https:\/\/www.etto.cz\/wp-content\/uploads\/2016\/12\/susic_2.jpg","contentUrl":"https:\/\/www.etto.cz\/wp-content\/uploads\/2016\/12\/susic_2.jpg","width":675,"height":590},{"@type":"BreadcrumbList","@id":"https:\/\/www.etto.cz\/telesa-podle-ucelu\/vysousece-bot\/#breadcrumb","itemListElement":[{"@type":"ListItem","position":1,"name":"Dom\u016f","item":"https:\/\/www.etto.cz\/"},{"@type":"ListItem","position":2,"name":"F\u0171t\u0151elemek felhaszn\u00e1l\u00e1s szerint","item":"https:\/\/www.etto.cz\/telesa-podle-ucelu\/"},{"@type":"ListItem","position":3,"name":"Cip\u0151sz\u00e1r\u00edt\u00f3"}]},{"@type":"WebSite","@id":"https:\/\/www.etto.cz\/#website","url":"https:\/\/www.etto.cz\/","name":"ETTO","description":"V\u00fdroba elektrick\u00fdch topn\u00fdch t\u011bles","potentialAction":[{"@type":"SearchAction","target":{"@type":"EntryPoint","urlTemplate":"https:\/\/www.etto.cz\/?s={search_term_string}"},"query-input":{"@type":"PropertyValueSpecification","valueRequired":true,"valueName":"search_term_string"}}],"inLanguage":"hu"}]}},"_links":{"self":[{"href":"https:\/\/www.etto.cz\/hu\/wp-json\/wp\/v2\/pages\/5739","targetHints":{"allow":["GET"]}}],"collection":[{"href":"https:\/\/www.etto.cz\/hu\/wp-json\/wp\/v2\/pages"}],"about":[{"href":"https:\/\/www.etto.cz\/hu\/wp-json\/wp\/v2\/types\/page"}],"author":[{"embeddable":true,"href":"https:\/\/www.etto.cz\/hu\/wp-json\/wp\/v2\/users\/1"}],"replies":[{"embeddable":true,"href":"https:\/\/www.etto.cz\/hu\/wp-json\/wp\/v2\/comments?post=5739"}],"version-history":[{"count":1,"href":"https:\/\/www.etto.cz\/hu\/wp-json\/wp\/v2\/pages\/5739\/revisions"}],"predecessor-version":[{"id":5870,"href":"https:\/\/www.etto.cz\/hu\/wp-json\/wp\/v2\/pages\/5739\/revisions\/5870"}],"up":[{"embeddable":true,"href":"https:\/\/www.etto.cz\/hu\/wp-json\/wp\/v2\/pages\/5771"}],"wp:featuredmedia":[{"embeddable":true,"href":"https:\/\/www.etto.cz\/hu\/wp-json\/wp\/v2\/media\/5741"}],"wp:attachment":[{"href":"https:\/\/www.etto.cz\/hu\/wp-json\/wp\/v2\/media?parent=5739"}],"curies":[{"name":"wp","href":"https:\/\/api.w.org\/{rel}","templated":true}]}}