{"id":5742,"date":"2018-03-14T15:16:42","date_gmt":"2018-03-14T14:16:42","guid":{"rendered":"https:\/\/www.etto.cz\/standard-methods-of-fixation-of-heating-cartridges-flanges\/"},"modified":"2026-02-24T16:22:46","modified_gmt":"2026-02-24T15:22:46","slug":"futopatronok-rogzitesi-modjai-karimak","status":"publish","type":"page","link":"https:\/\/www.etto.cz\/hu\/termekek\/futopatronok\/futopatronok-rogzitesi-modjai-karimak\/","title":{"rendered":"F\u0171t\u0151patronok r\u00f6gz\u00edt\u00e9si m\u00f3djai (karim\u00e1k)."},"content":{"rendered":"<p><strong><u>1) Kivitel:<\/u> F\u0171t\u0151patron menetes csatlakoz\u00f3val.<br \/>\n<\/strong>A f\u0171t\u0151z\u00f3na n\u00e9lk\u00fcli r\u00e9sz szabv\u00e1nyos hossza a kivezet\u00e9sek oldal\u00e1n 15-21 mm az \u00e1tm\u00e9r\u0151t\u0151l \u00e9s a f\u0171t\u0151patron t\u00edpus\u00e1t\u00f3l f\u00fcgg\u0151en. Hossz\u00fas\u00e1g t\u0171r\u00e9s +0\/-2%.<\/p>\n<p><img loading=\"lazy\" decoding=\"async\" width=\"670\" height=\"376\" class=\"aligncenter wp-image-891\" alt=\"standard-methods-of-fixation-of-cartridge-heater-flanges-04\" src=\"https:\/\/www.etto.cz\/wp-content\/uploads\/2015\/10\/standardni-zpusoby-uchyceni-patron-priruby-04.jpg\" srcset=\"https:\/\/www.etto.cz\/wp-content\/uploads\/2015\/10\/standardni-zpusoby-uchyceni-patron-priruby-04.jpg 800w, https:\/\/www.etto.cz\/wp-content\/uploads\/2015\/10\/standardni-zpusoby-uchyceni-patron-priruby-04-300x168.jpg 300w, https:\/\/www.etto.cz\/wp-content\/uploads\/2015\/10\/standardni-zpusoby-uchyceni-patron-priruby-04-153x86.jpg 153w, https:\/\/www.etto.cz\/wp-content\/uploads\/2015\/10\/standardni-zpusoby-uchyceni-patron-priruby-04-253x142.jpg 253w\" sizes=\"auto, (max-width: 670px) 100vw, 670px\" \/><\/p>\n<p><strong><u>2) Kivitel:<\/u> F\u0171t\u0151patron k\u00fapos menet\u0171 karim\u00e1val <\/strong> (BSP menet helyett NPT menet is el\u00e9rhet\u0151).<br \/>\nA f\u0171t\u0151z\u00f3na n\u00e9lk\u00fcli r\u00e9sz szabv\u00e1nyos hossza a kivezet\u00e9sek oldal\u00e1n 5 mm-rel hosszabb, mint a karima hossza.&nbsp;Hossz\u00fas\u00e1g t\u0171r\u00e9s +0\/-2%.<\/p>\n<p><img loading=\"lazy\" decoding=\"async\" width=\"670\" height=\"386\" class=\"aligncenter wp-image-892\" alt=\"standard-methods-of-fixation-of-cartridge-heater-flanges-03\" src=\"https:\/\/www.etto.cz\/wp-content\/uploads\/2015\/10\/standardni-zpusoby-uchyceni-patron-priruby-03.jpg\" srcset=\"https:\/\/www.etto.cz\/wp-content\/uploads\/2015\/10\/standardni-zpusoby-uchyceni-patron-priruby-03.jpg 800w, https:\/\/www.etto.cz\/wp-content\/uploads\/2015\/10\/standardni-zpusoby-uchyceni-patron-priruby-03-300x173.jpg 300w, https:\/\/www.etto.cz\/wp-content\/uploads\/2015\/10\/standardni-zpusoby-uchyceni-patron-priruby-03-153x88.jpg 153w, https:\/\/www.etto.cz\/wp-content\/uploads\/2015\/10\/standardni-zpusoby-uchyceni-patron-priruby-03-253x146.jpg 253w\" sizes=\"auto, (max-width: 670px) 100vw, 670px\" \/><\/p>\n<p><strong><u>3) Kivitel:<\/u> F\u0171t\u0151patron karim\u00e1val.<br \/>\n<\/strong>A karima a kivezet\u00e9sek oldal\u00e1n a f\u0171t\u0151z\u00f3na n\u00e9lk\u00fcli r\u00e9szen tetsz\u0151legesen elhelyezhet\u0151. Ezt rendel\u00e9skor meg kell adni.<\/p>\n<p><img loading=\"lazy\" decoding=\"async\" width=\"670\" height=\"284\" class=\"aligncenter wp-image-893\" alt=\"standard-methods-of-fixation-of-cartridge-heater-flanges-01\" src=\"https:\/\/www.etto.cz\/wp-content\/uploads\/2015\/10\/standardni-zpusoby-uchyceni-patron-priruby-01.jpg\" srcset=\"https:\/\/www.etto.cz\/wp-content\/uploads\/2015\/10\/standardni-zpusoby-uchyceni-patron-priruby-01.jpg 800w, https:\/\/www.etto.cz\/wp-content\/uploads\/2015\/10\/standardni-zpusoby-uchyceni-patron-priruby-01-300x127.jpg 300w, https:\/\/www.etto.cz\/wp-content\/uploads\/2015\/10\/standardni-zpusoby-uchyceni-patron-priruby-01-153x65.jpg 153w, https:\/\/www.etto.cz\/wp-content\/uploads\/2015\/10\/standardni-zpusoby-uchyceni-patron-priruby-01-253x107.jpg 253w\" sizes=\"auto, (max-width: 670px) 100vw, 670px\" \/><\/p>\n<p><strong><u>4) Kivitel:<\/u> F\u0171t\u0151patron poz\u00edcion\u00e1l\u00f3 gy\u0171r\u0171vel.<br \/>\n<\/strong>A poz\u00edcion\u00e1l\u00f3 gy\u0171r\u0171 a kivezet\u00e9sek oldal\u00e1n a f\u0171t\u0151z\u00f3na n\u00e9lk\u00fcli r\u00e9szen tetsz\u0151legesen elhelyezhet\u0151. Ezt rendel\u00e9skor meg kell adni.<\/p>\n<p><img loading=\"lazy\" decoding=\"async\" width=\"670\" height=\"225\" class=\"aligncenter wp-image-894\" alt=\"standard-methods-of-fixation-of-cartridge-heater-flanges-02\" src=\"https:\/\/www.etto.cz\/wp-content\/uploads\/2015\/10\/standardni-zpusoby-uchyceni-patron-priruby-02.jpg\" srcset=\"https:\/\/www.etto.cz\/wp-content\/uploads\/2015\/10\/standardni-zpusoby-uchyceni-patron-priruby-02.jpg 800w, https:\/\/www.etto.cz\/wp-content\/uploads\/2015\/10\/standardni-zpusoby-uchyceni-patron-priruby-02-300x101.jpg 300w, https:\/\/www.etto.cz\/wp-content\/uploads\/2015\/10\/standardni-zpusoby-uchyceni-patron-priruby-02-153x51.jpg 153w, https:\/\/www.etto.cz\/wp-content\/uploads\/2015\/10\/standardni-zpusoby-uchyceni-patron-priruby-02-253x85.jpg 253w\" sizes=\"auto, (max-width: 670px) 100vw, 670px\" \/><\/p>\n<p>&nbsp;<\/p>\n","protected":false},"excerpt":{"rendered":"<p>1) Kivitel: F\u0171t\u0151patron menetes csatlakoz\u00f3val. A f\u0171t\u0151z\u00f3na n\u00e9lk\u00fcli r\u00e9sz szabv\u00e1nyos hossza a kivezet\u00e9sek oldal\u00e1n 15-21 mm az \u00e1tm\u00e9r\u0151t\u0151l \u00e9s a f\u0171t\u0151patron t\u00edpus\u00e1t\u00f3l f\u00fcgg\u0151en. Hossz\u00fas\u00e1g t\u0171r\u00e9s &#8230;<\/p>\n","protected":false},"author":1,"featured_media":0,"parent":5823,"menu_order":0,"comment_status":"open","ping_status":"open","template":"_page-menu.php","meta":{"_acf_changed":false,"ngg_post_thumbnail":0,"footnotes":"","_links_to":"","_links_to_target":""},"class_list":["post-5742","page","type-page","status-publish","hentry"],"acf":[],"yoast_head":"<!-- This site is optimized with the Yoast SEO plugin v27.3 - https:\/\/yoast.com\/product\/yoast-seo-wordpress\/ -->\n<title>F\u0171t\u0151patronok r\u00f6gz\u00edt\u00e9si m\u00f3djai | ELEKTRON-ETTO<\/title>\n<meta name=\"description\" content=\"F\u0171t\u0151patronok r\u00f6gz\u00edt\u00e9si m\u00f3djai \u00e9s karim\u00e1k. \u00datmutat\u00f3 a f\u0171t\u0151patronok biztons\u00e1gos r\u00f6gz\u00edt\u00e9s\u00e9hez ipari alkalmaz\u00e1sokban.\" \/>\n<meta name=\"robots\" content=\"index, follow, max-snippet:-1, max-image-preview:large, max-video-preview:-1\" \/>\n<link rel=\"canonical\" href=\"https:\/\/www.etto.cz\/hu\/termekek\/futopatronok\/futopatronok-rogzitesi-modjai-karimak\/\" \/>\n<meta property=\"og:locale\" content=\"hu_HU\" \/>\n<meta property=\"og:type\" content=\"article\" \/>\n<meta property=\"og:title\" content=\"F\u0171t\u0151patronok r\u00f6gz\u00edt\u00e9si m\u00f3djai | ELEKTRON-ETTO\" \/>\n<meta property=\"og:description\" content=\"F\u0171t\u0151patronok r\u00f6gz\u00edt\u00e9si m\u00f3djai \u00e9s karim\u00e1k. \u00datmutat\u00f3 a f\u0171t\u0151patronok biztons\u00e1gos r\u00f6gz\u00edt\u00e9s\u00e9hez ipari alkalmaz\u00e1sokban.\" \/>\n<meta property=\"og:url\" content=\"https:\/\/www.etto.cz\/hu\/termekek\/futopatronok\/futopatronok-rogzitesi-modjai-karimak\/\" \/>\n<meta property=\"og:site_name\" content=\"ETTO\" \/>\n<meta property=\"article:modified_time\" content=\"2026-02-24T15:22:46+00:00\" \/>\n<meta property=\"og:image\" content=\"https:\/\/www.etto.cz\/wp-content\/uploads\/2015\/10\/standardni-zpusoby-uchyceni-patron-priruby-04.jpg\" \/>\n\t<meta property=\"og:image:width\" content=\"800\" \/>\n\t<meta property=\"og:image:height\" content=\"449\" \/>\n\t<meta property=\"og:image:type\" content=\"image\/jpeg\" \/>\n<meta name=\"twitter:card\" content=\"summary_large_image\" \/>\n<meta name=\"twitter:label1\" content=\"Becs\u00fclt olvas\u00e1si id\u0151\" \/>\n\t<meta name=\"twitter:data1\" content=\"1 perc\" \/>\n<script type=\"application\/ld+json\" class=\"yoast-schema-graph\">{\"@context\":\"https:\\\/\\\/schema.org\",\"@graph\":[{\"@type\":\"WebPage\",\"@id\":\"https:\\\/\\\/www.etto.cz\\\/elektricka-topna-telesa\\\/topne-patrony\\\/standardni-zpusoby-uchyceni-patron-priruby\\\/\",\"url\":\"https:\\\/\\\/www.etto.cz\\\/elektricka-topna-telesa\\\/topne-patrony\\\/standardni-zpusoby-uchyceni-patron-priruby\\\/\",\"name\":\"F\u0171t\u0151patronok r\u00f6gz\u00edt\u00e9si m\u00f3djai | ELEKTRON-ETTO\",\"isPartOf\":{\"@id\":\"https:\\\/\\\/www.etto.cz\\\/#website\"},\"primaryImageOfPage\":{\"@id\":\"https:\\\/\\\/www.etto.cz\\\/elektricka-topna-telesa\\\/topne-patrony\\\/standardni-zpusoby-uchyceni-patron-priruby\\\/#primaryimage\"},\"image\":{\"@id\":\"https:\\\/\\\/www.etto.cz\\\/elektricka-topna-telesa\\\/topne-patrony\\\/standardni-zpusoby-uchyceni-patron-priruby\\\/#primaryimage\"},\"thumbnailUrl\":\"https:\\\/\\\/www.etto.cz\\\/wp-content\\\/uploads\\\/2015\\\/10\\\/standardni-zpusoby-uchyceni-patron-priruby-04.jpg\",\"datePublished\":\"2018-03-14T14:16:42+00:00\",\"dateModified\":\"2026-02-24T15:22:46+00:00\",\"description\":\"F\u0171t\u0151patronok r\u00f6gz\u00edt\u00e9si m\u00f3djai \u00e9s karim\u00e1k. \u00datmutat\u00f3 a f\u0171t\u0151patronok biztons\u00e1gos r\u00f6gz\u00edt\u00e9s\u00e9hez ipari alkalmaz\u00e1sokban.\",\"breadcrumb\":{\"@id\":\"https:\\\/\\\/www.etto.cz\\\/elektricka-topna-telesa\\\/topne-patrony\\\/standardni-zpusoby-uchyceni-patron-priruby\\\/#breadcrumb\"},\"inLanguage\":\"hu\",\"potentialAction\":[{\"@type\":\"ReadAction\",\"target\":[\"https:\\\/\\\/www.etto.cz\\\/elektricka-topna-telesa\\\/topne-patrony\\\/standardni-zpusoby-uchyceni-patron-priruby\\\/\"]}]},{\"@type\":\"ImageObject\",\"inLanguage\":\"hu\",\"@id\":\"https:\\\/\\\/www.etto.cz\\\/elektricka-topna-telesa\\\/topne-patrony\\\/standardni-zpusoby-uchyceni-patron-priruby\\\/#primaryimage\",\"url\":\"https:\\\/\\\/www.etto.cz\\\/wp-content\\\/uploads\\\/2015\\\/10\\\/standardni-zpusoby-uchyceni-patron-priruby-04.jpg\",\"contentUrl\":\"https:\\\/\\\/www.etto.cz\\\/wp-content\\\/uploads\\\/2015\\\/10\\\/standardni-zpusoby-uchyceni-patron-priruby-04.jpg\"},{\"@type\":\"BreadcrumbList\",\"@id\":\"https:\\\/\\\/www.etto.cz\\\/elektricka-topna-telesa\\\/topne-patrony\\\/standardni-zpusoby-uchyceni-patron-priruby\\\/#breadcrumb\",\"itemListElement\":[{\"@type\":\"ListItem\",\"position\":1,\"name\":\"Dom\u016f\",\"item\":\"https:\\\/\\\/www.etto.cz\\\/\"},{\"@type\":\"ListItem\",\"position\":2,\"name\":\"Elektromos f\u0171t\u0151elemek &#8211; Term\u00e9kek\",\"item\":\"https:\\\/\\\/www.etto.cz\\\/elektricka-topna-telesa\\\/\"},{\"@type\":\"ListItem\",\"position\":3,\"name\":\"F\u0171t\u0151patronok\",\"item\":\"https:\\\/\\\/www.etto.cz\\\/elektricka-topna-telesa\\\/topne-patrony\\\/\"},{\"@type\":\"ListItem\",\"position\":4,\"name\":\"F\u0171t\u0151patronok r\u00f6gz\u00edt\u00e9si m\u00f3djai (karim\u00e1k).\"}]},{\"@type\":\"WebSite\",\"@id\":\"https:\\\/\\\/www.etto.cz\\\/#website\",\"url\":\"https:\\\/\\\/www.etto.cz\\\/\",\"name\":\"ETTO\",\"description\":\"V\u00fdroba elektrick\u00fdch topn\u00fdch t\u011bles\",\"potentialAction\":[{\"@type\":\"SearchAction\",\"target\":{\"@type\":\"EntryPoint\",\"urlTemplate\":\"https:\\\/\\\/www.etto.cz\\\/?s={search_term_string}\"},\"query-input\":{\"@type\":\"PropertyValueSpecification\",\"valueRequired\":true,\"valueName\":\"search_term_string\"}}],\"inLanguage\":\"hu\"}]}<\/script>\n<!-- \/ Yoast SEO plugin. -->","yoast_head_json":{"title":"F\u0171t\u0151patronok r\u00f6gz\u00edt\u00e9si m\u00f3djai | ELEKTRON-ETTO","description":"F\u0171t\u0151patronok r\u00f6gz\u00edt\u00e9si m\u00f3djai \u00e9s karim\u00e1k. \u00datmutat\u00f3 a f\u0171t\u0151patronok biztons\u00e1gos r\u00f6gz\u00edt\u00e9s\u00e9hez ipari alkalmaz\u00e1sokban.","robots":{"index":"index","follow":"follow","max-snippet":"max-snippet:-1","max-image-preview":"max-image-preview:large","max-video-preview":"max-video-preview:-1"},"canonical":"https:\/\/www.etto.cz\/hu\/termekek\/futopatronok\/futopatronok-rogzitesi-modjai-karimak\/","og_locale":"hu_HU","og_type":"article","og_title":"F\u0171t\u0151patronok r\u00f6gz\u00edt\u00e9si m\u00f3djai | ELEKTRON-ETTO","og_description":"F\u0171t\u0151patronok r\u00f6gz\u00edt\u00e9si m\u00f3djai \u00e9s karim\u00e1k. \u00datmutat\u00f3 a f\u0171t\u0151patronok biztons\u00e1gos r\u00f6gz\u00edt\u00e9s\u00e9hez ipari alkalmaz\u00e1sokban.","og_url":"https:\/\/www.etto.cz\/hu\/termekek\/futopatronok\/futopatronok-rogzitesi-modjai-karimak\/","og_site_name":"ETTO","article_modified_time":"2026-02-24T15:22:46+00:00","og_image":[{"width":800,"height":449,"url":"https:\/\/www.etto.cz\/wp-content\/uploads\/2015\/10\/standardni-zpusoby-uchyceni-patron-priruby-04.jpg","type":"image\/jpeg"}],"twitter_card":"summary_large_image","twitter_misc":{"Becs\u00fclt olvas\u00e1si id\u0151":"1 perc"},"schema":{"@context":"https:\/\/schema.org","@graph":[{"@type":"WebPage","@id":"https:\/\/www.etto.cz\/elektricka-topna-telesa\/topne-patrony\/standardni-zpusoby-uchyceni-patron-priruby\/","url":"https:\/\/www.etto.cz\/elektricka-topna-telesa\/topne-patrony\/standardni-zpusoby-uchyceni-patron-priruby\/","name":"F\u0171t\u0151patronok r\u00f6gz\u00edt\u00e9si m\u00f3djai | ELEKTRON-ETTO","isPartOf":{"@id":"https:\/\/www.etto.cz\/#website"},"primaryImageOfPage":{"@id":"https:\/\/www.etto.cz\/elektricka-topna-telesa\/topne-patrony\/standardni-zpusoby-uchyceni-patron-priruby\/#primaryimage"},"image":{"@id":"https:\/\/www.etto.cz\/elektricka-topna-telesa\/topne-patrony\/standardni-zpusoby-uchyceni-patron-priruby\/#primaryimage"},"thumbnailUrl":"https:\/\/www.etto.cz\/wp-content\/uploads\/2015\/10\/standardni-zpusoby-uchyceni-patron-priruby-04.jpg","datePublished":"2018-03-14T14:16:42+00:00","dateModified":"2026-02-24T15:22:46+00:00","description":"F\u0171t\u0151patronok r\u00f6gz\u00edt\u00e9si m\u00f3djai \u00e9s karim\u00e1k. \u00datmutat\u00f3 a f\u0171t\u0151patronok biztons\u00e1gos r\u00f6gz\u00edt\u00e9s\u00e9hez ipari alkalmaz\u00e1sokban.","breadcrumb":{"@id":"https:\/\/www.etto.cz\/elektricka-topna-telesa\/topne-patrony\/standardni-zpusoby-uchyceni-patron-priruby\/#breadcrumb"},"inLanguage":"hu","potentialAction":[{"@type":"ReadAction","target":["https:\/\/www.etto.cz\/elektricka-topna-telesa\/topne-patrony\/standardni-zpusoby-uchyceni-patron-priruby\/"]}]},{"@type":"ImageObject","inLanguage":"hu","@id":"https:\/\/www.etto.cz\/elektricka-topna-telesa\/topne-patrony\/standardni-zpusoby-uchyceni-patron-priruby\/#primaryimage","url":"https:\/\/www.etto.cz\/wp-content\/uploads\/2015\/10\/standardni-zpusoby-uchyceni-patron-priruby-04.jpg","contentUrl":"https:\/\/www.etto.cz\/wp-content\/uploads\/2015\/10\/standardni-zpusoby-uchyceni-patron-priruby-04.jpg"},{"@type":"BreadcrumbList","@id":"https:\/\/www.etto.cz\/elektricka-topna-telesa\/topne-patrony\/standardni-zpusoby-uchyceni-patron-priruby\/#breadcrumb","itemListElement":[{"@type":"ListItem","position":1,"name":"Dom\u016f","item":"https:\/\/www.etto.cz\/"},{"@type":"ListItem","position":2,"name":"Elektromos f\u0171t\u0151elemek &#8211; Term\u00e9kek","item":"https:\/\/www.etto.cz\/elektricka-topna-telesa\/"},{"@type":"ListItem","position":3,"name":"F\u0171t\u0151patronok","item":"https:\/\/www.etto.cz\/elektricka-topna-telesa\/topne-patrony\/"},{"@type":"ListItem","position":4,"name":"F\u0171t\u0151patronok r\u00f6gz\u00edt\u00e9si m\u00f3djai (karim\u00e1k)."}]},{"@type":"WebSite","@id":"https:\/\/www.etto.cz\/#website","url":"https:\/\/www.etto.cz\/","name":"ETTO","description":"V\u00fdroba elektrick\u00fdch topn\u00fdch t\u011bles","potentialAction":[{"@type":"SearchAction","target":{"@type":"EntryPoint","urlTemplate":"https:\/\/www.etto.cz\/?s={search_term_string}"},"query-input":{"@type":"PropertyValueSpecification","valueRequired":true,"valueName":"search_term_string"}}],"inLanguage":"hu"}]}},"_links":{"self":[{"href":"https:\/\/www.etto.cz\/hu\/wp-json\/wp\/v2\/pages\/5742","targetHints":{"allow":["GET"]}}],"collection":[{"href":"https:\/\/www.etto.cz\/hu\/wp-json\/wp\/v2\/pages"}],"about":[{"href":"https:\/\/www.etto.cz\/hu\/wp-json\/wp\/v2\/types\/page"}],"author":[{"embeddable":true,"href":"https:\/\/www.etto.cz\/hu\/wp-json\/wp\/v2\/users\/1"}],"replies":[{"embeddable":true,"href":"https:\/\/www.etto.cz\/hu\/wp-json\/wp\/v2\/comments?post=5742"}],"version-history":[{"count":1,"href":"https:\/\/www.etto.cz\/hu\/wp-json\/wp\/v2\/pages\/5742\/revisions"}],"predecessor-version":[{"id":5874,"href":"https:\/\/www.etto.cz\/hu\/wp-json\/wp\/v2\/pages\/5742\/revisions\/5874"}],"up":[{"embeddable":true,"href":"https:\/\/www.etto.cz\/hu\/wp-json\/wp\/v2\/pages\/5823"}],"wp:attachment":[{"href":"https:\/\/www.etto.cz\/hu\/wp-json\/wp\/v2\/media?parent=5742"}],"curies":[{"name":"wp","href":"https:\/\/api.w.org\/{rel}","templated":true}]}}