{"id":5746,"date":"2018-03-14T15:16:20","date_gmt":"2018-03-14T14:16:20","guid":{"rendered":"https:\/\/www.etto.cz\/recommendations-for-the-use-of-heating-cartridges\/"},"modified":"2026-02-24T16:22:46","modified_gmt":"2026-02-24T15:22:46","slug":"alkalmazasi-tanacsok-futopatronokhoz","status":"publish","type":"page","link":"https:\/\/www.etto.cz\/hu\/termekek\/futopatronok\/alkalmazasi-tanacsok-futopatronokhoz\/","title":{"rendered":"Alkalmaz\u00e1si tan\u00e1csok f\u0171t\u0151patronokhoz"},"content":{"rendered":"<p style=\"text-align: justify;\">A f\u0171t\u0151patronok ide\u00e1lis be\u00e9p\u00edt\u00e9si m\u00f3dja a k\u00fcl\u00f6n zsebbe t\u00f6rt\u00e9n\u0151 elhelyez\u00e9s.<\/p>\n<p style=\"text-align: justify;\">A f\u0171t\u0151patron legfeljebb 20 W\/cm2 teljes\u00edtm\u00e9nys\u0171r\u0171s\u00e9ge eset\u00e9n H7 pontoss\u00e1g\u00fa hengeres furat haszn\u00e1lhat\u00f3, amelynek fel\u00fcleti \u00e9rdess\u00e9ge max. Ra0,8. Ha lehets\u00e9ges, a furatnak \u00e1tj\u00e1rhat\u00f3nak kell lennie a f\u0171t\u0151patronok k\u00f6nny\u0171 cser\u00e9j\u00e9hez.<\/p>\n<p style=\"text-align: justify;\">A H7 pontoss\u00e1g\u00fa furat d\u00f6rzs\u00e1raz\u00e1ssal k\u00e9sz\u00fcl. A d\u00f6rzs\u00e1raz\u00e1s el\u0151tti f\u00fart furat \u00e1tm\u00e9r\u0151j\u00e9t ac\u00e9l alkatr\u00e9szek eset\u00e9n -0,2 mm\/-0,3 mm, s\u00e1rgar\u00e9z, bronz vagy alum\u00ednium alkatr\u00e9szek eset\u00e9n -0,3 mm\/-0,4 mm t\u0171r\u00e9ssel kell elk\u00e9sz\u00edteni. Ha t\u00f6bb f\u0171t\u0151patron van sorba helyezve, akkor az ide\u00e1lis t\u00e1vols\u00e1g k\u00f6z\u00f6tt\u00fck \u2013 az \u00e9lettartam \u00e9s az ar\u00e1nyos h\u0151eloszl\u00e1s szempontj\u00e1b\u00f3l \u2013 a f\u0171t\u0151patron \u00e1tm\u00e9r\u0151j\u00e9vel megegyez\u0151 m\u00e9ret\u0171 legyen.<\/p>\n<p style=\"text-align: justify;\">A vezet\u00e9keket \u00e9s a f\u0171t\u0151patronba val\u00f3 bel\u00e9p\u00e9si pontot nem \u00e9rhetik rezg\u00e9sek, mozg\u00e1s, mechanikai ig\u00e9nybev\u00e9tel, b\u00e1rmilyen folyad\u00e9kkal, zs\u00edrral, nem inert g\u00e1zzal stb. val\u00f3 szennyez\u0151d\u00e9s. Ha ez nem akad\u00e1lyozhat\u00f3 meg, a f\u0171t\u0151patronok megfelel\u0151 kivezet\u00e9si m\u00f3dj\u00e1t kell v\u00e1lasztani, l\u00e1sd \u201eF\u0171t\u0151patronok kivezet\u00e9si m\u00f3djai&#8221;.<\/p>\n<p style=\"text-align: justify;\">Ha a f\u0171t\u0151patron kivezet\u00e9se nem v\u00edzz\u00e1r\u00f3 (ez csak alacsony \u00fczemi h\u0151m\u00e9rs\u00e9kleteken \u00e9rhet\u0151 el, l\u00e1sd \u201e<a href=\"https:\/\/www.etto.cz\/en\/products\/heating-cartridges\/standard-electrical-connection-for-heating-cartridges-outlets\/\">F\u0171t\u0151patronok kivezet\u00e9si m\u00f3djai (vezet\u00e9kek)<\/a>&#8222;), vagy ha a f\u0171t\u0151patron nem legfeljebb 70%-os p\u00e1ratartalm\u00fa helyis\u00e9gben tal\u00e1lhat\u00f3, az els\u0151 haszn\u00e1latkor \u00e9s minden le\u00e1ll\u00edt\u00e1s ut\u00e1n meg kell m\u00e9rni a szigetel\u00e9si ellen\u00e1ll\u00e1st. Ha az \u00e9rt\u00e9k hideg \u00e1llapotban 500 V DC-n\u00e9l alacsonyabb, mint 200 M\u03a9, a f\u0171t\u0151patront 105\u00b0C \u2013 200\u00b0C h\u0151m\u00e9rs\u00e9kleten (a f\u0171t\u0151patron vezet\u00e9keit\u0151l f\u00fcgg\u0151en) 2-3 \u00f3r\u00e1n \u00e1t sz\u00e1r\u00edtani kell. Ez kemenc\u00e9ben t\u00f6rt\u00e9nhet a f\u0171t\u0151patron n\u00e9vleges bemen\u0151 teljes\u00edtm\u00e9ny\u00e9nek 1\/3-\u00e1val t\u00f6rt\u00e9n\u0151 \u00fczemeltet\u00e9ssel.<\/p>\n<p style=\"text-align: justify;\">A f\u0171t\u0151patronok vezet\u00e9keit \u00e9s kivezet\u00e9seit nem szabad a f\u0171t\u00f6tt lapba behelyezni.&nbsp;Ha a f\u0171t\u0151patronok \u00e9lettartam\u00e1val a vezet\u00e9kek r\u00e9sz\u00e9n probl\u00e9ma mer\u00fcl fel, ellen\u0151rizni kell minden olyan hat\u00e1st, amely okk\u00e9nt sz\u00f3ba j\u00f6het (rezg\u00e9sek, vegyi anyagok, mozg\u00e1s, h\u0151m\u00e9rs\u00e9klet), \u00e9s megfelel\u0151 elektromos csatlakoz\u00e1si form\u00e1t kell v\u00e1lasztani.<\/p>\n<p style=\"text-align: justify;\">Ha a f\u0171t\u0151patronok nincsenek f\u00f6ldel\u0151 vezet\u00e9kkel ell\u00e1tva, a f\u0171t\u00f6tt f\u00e9m alkatr\u00e9szt f\u00f6ldelni kell.<\/p>\n<p style=\"text-align: justify;\">A f\u00e9m alkatr\u00e9szek f\u0171t\u0151patronokkal t\u00f6rt\u00e9n\u0151 kontakt f\u0171t\u00e9s\u00e9nek d\u00f6nt\u0151 \u00e9s egym\u00e1st k\u00f6lcs\u00f6n\u00f6sen befoly\u00e1sol\u00f3 t\u00e9nyez\u0151i a k\u00f6vetkez\u0151k: \u00fczemi h\u0151m\u00e9rs\u00e9klet, a patronok teljes\u00edtm\u00e9nys\u0171r\u0171s\u00e9ge (W\/cm2 f\u00e9m) \u00e9s a f\u0171t\u0151patron \u00e9s a furat k\u00f6z\u00f6tti maxim\u00e1lis t\u00e9nyleges r\u00e9s. A t\u00f6bbi param\u00e9ter megfelel\u0151 megv\u00e1laszt\u00e1sa eset\u00e9n az \u00fczemi h\u0151m\u00e9rs\u00e9klet el\u00e9rheti a 750\u00b0C-ot.<\/p>\n<p style=\"text-align: justify;\">Tov\u00e1bbi inform\u00e1ci\u00f3k\u00e9rt, illetve b\u00e1rmely \u00faj vagy m\u00e9g nem tesztelt f\u0171t\u0151patronra vonatkoz\u00f3 speci\u00e1lis f\u0171t\u00e9si k\u00e9rd\u00e9sek megold\u00e1s\u00e1hoz k\u00e9rj\u00fck, vegye fel vel\u00fcnk a kapcsolatot.<\/p>\n","protected":false},"excerpt":{"rendered":"<p>A f\u0171t\u0151patronok ide\u00e1lis be\u00e9p\u00edt\u00e9si m\u00f3dja a k\u00fcl\u00f6n zsebbe t\u00f6rt\u00e9n\u0151 elhelyez\u00e9s. A f\u0171t\u0151patron legfeljebb 20 W\/cm2 teljes\u00edtm\u00e9nys\u0171r\u0171s\u00e9ge eset\u00e9n H7 pontoss\u00e1g\u00fa hengeres furat haszn\u00e1lhat\u00f3, amelynek fel\u00fcleti \u00e9rdess\u00e9ge &#8230;<\/p>\n","protected":false},"author":1,"featured_media":0,"parent":5823,"menu_order":0,"comment_status":"open","ping_status":"open","template":"_page-menu.php","meta":{"_acf_changed":false,"ngg_post_thumbnail":0,"footnotes":"","_links_to":"","_links_to_target":""},"class_list":["post-5746","page","type-page","status-publish","hentry"],"acf":[],"yoast_head":"<!-- This site is optimized with the Yoast SEO plugin v27.3 - https:\/\/yoast.com\/product\/yoast-seo-wordpress\/ -->\n<title>Alkalmaz\u00e1si tan\u00e1csok f\u0171t\u0151patronokhoz | ELEKTRON-ETTO<\/title>\n<meta name=\"description\" content=\"Gyakorlati tan\u00e1csok f\u0171t\u0151patronok helyes be\u00e9p\u00edt\u00e9s\u00e9hez \u00e9s \u00fczemeltet\u00e9s\u00e9hez. N\u00f6velje f\u0171t\u0151elemei \u00e9lettartam\u00e1t szak\u00e9rt\u0151 \u00fatmutat\u00f3nkkal.\" \/>\n<meta name=\"robots\" content=\"index, follow, max-snippet:-1, max-image-preview:large, max-video-preview:-1\" \/>\n<link rel=\"canonical\" href=\"https:\/\/www.etto.cz\/hu\/termekek\/futopatronok\/alkalmazasi-tanacsok-futopatronokhoz\/\" \/>\n<meta property=\"og:locale\" content=\"hu_HU\" \/>\n<meta property=\"og:type\" content=\"article\" \/>\n<meta property=\"og:title\" content=\"Alkalmaz\u00e1si tan\u00e1csok f\u0171t\u0151patronokhoz | ELEKTRON-ETTO\" \/>\n<meta property=\"og:description\" content=\"Gyakorlati tan\u00e1csok f\u0171t\u0151patronok helyes be\u00e9p\u00edt\u00e9s\u00e9hez \u00e9s \u00fczemeltet\u00e9s\u00e9hez. N\u00f6velje f\u0171t\u0151elemei \u00e9lettartam\u00e1t szak\u00e9rt\u0151 \u00fatmutat\u00f3nkkal.\" \/>\n<meta property=\"og:url\" content=\"https:\/\/www.etto.cz\/hu\/termekek\/futopatronok\/alkalmazasi-tanacsok-futopatronokhoz\/\" \/>\n<meta property=\"og:site_name\" content=\"ETTO\" \/>\n<meta property=\"article:modified_time\" content=\"2026-02-24T15:22:46+00:00\" \/>\n<meta property=\"og:image\" content=\"https:\/\/www.etto.cz\/hu\/wp-content\/gallery\/prumyslova-telesa\/teleso-kotel.jpg\" \/>\n<meta name=\"twitter:card\" content=\"summary_large_image\" \/>\n<meta name=\"twitter:label1\" content=\"Becs\u00fclt olvas\u00e1si id\u0151\" \/>\n\t<meta name=\"twitter:data1\" content=\"3 perc\" \/>\n<script type=\"application\/ld+json\" class=\"yoast-schema-graph\">{\"@context\":\"https:\\\/\\\/schema.org\",\"@graph\":[{\"@type\":\"WebPage\",\"@id\":\"https:\\\/\\\/www.etto.cz\\\/elektricka-topna-telesa\\\/topne-patrony\\\/doporuceni-pro-uzivani-topnych-patron\\\/\",\"url\":\"https:\\\/\\\/www.etto.cz\\\/elektricka-topna-telesa\\\/topne-patrony\\\/doporuceni-pro-uzivani-topnych-patron\\\/\",\"name\":\"Alkalmaz\u00e1si tan\u00e1csok f\u0171t\u0151patronokhoz | ELEKTRON-ETTO\",\"isPartOf\":{\"@id\":\"https:\\\/\\\/www.etto.cz\\\/#website\"},\"datePublished\":\"2018-03-14T14:16:20+00:00\",\"dateModified\":\"2026-02-24T15:22:46+00:00\",\"description\":\"Gyakorlati tan\u00e1csok f\u0171t\u0151patronok helyes be\u00e9p\u00edt\u00e9s\u00e9hez \u00e9s \u00fczemeltet\u00e9s\u00e9hez. N\u00f6velje f\u0171t\u0151elemei \u00e9lettartam\u00e1t szak\u00e9rt\u0151 \u00fatmutat\u00f3nkkal.\",\"breadcrumb\":{\"@id\":\"https:\\\/\\\/www.etto.cz\\\/elektricka-topna-telesa\\\/topne-patrony\\\/doporuceni-pro-uzivani-topnych-patron\\\/#breadcrumb\"},\"inLanguage\":\"hu\",\"potentialAction\":[{\"@type\":\"ReadAction\",\"target\":[\"https:\\\/\\\/www.etto.cz\\\/elektricka-topna-telesa\\\/topne-patrony\\\/doporuceni-pro-uzivani-topnych-patron\\\/\"]}]},{\"@type\":\"BreadcrumbList\",\"@id\":\"https:\\\/\\\/www.etto.cz\\\/elektricka-topna-telesa\\\/topne-patrony\\\/doporuceni-pro-uzivani-topnych-patron\\\/#breadcrumb\",\"itemListElement\":[{\"@type\":\"ListItem\",\"position\":1,\"name\":\"Dom\u016f\",\"item\":\"https:\\\/\\\/www.etto.cz\\\/\"},{\"@type\":\"ListItem\",\"position\":2,\"name\":\"Elektromos f\u0171t\u0151elemek &#8211; Term\u00e9kek\",\"item\":\"https:\\\/\\\/www.etto.cz\\\/elektricka-topna-telesa\\\/\"},{\"@type\":\"ListItem\",\"position\":3,\"name\":\"F\u0171t\u0151patronok\",\"item\":\"https:\\\/\\\/www.etto.cz\\\/elektricka-topna-telesa\\\/topne-patrony\\\/\"},{\"@type\":\"ListItem\",\"position\":4,\"name\":\"Alkalmaz\u00e1si tan\u00e1csok f\u0171t\u0151patronokhoz\"}]},{\"@type\":\"WebSite\",\"@id\":\"https:\\\/\\\/www.etto.cz\\\/#website\",\"url\":\"https:\\\/\\\/www.etto.cz\\\/\",\"name\":\"ETTO\",\"description\":\"V\u00fdroba elektrick\u00fdch topn\u00fdch t\u011bles\",\"potentialAction\":[{\"@type\":\"SearchAction\",\"target\":{\"@type\":\"EntryPoint\",\"urlTemplate\":\"https:\\\/\\\/www.etto.cz\\\/?s={search_term_string}\"},\"query-input\":{\"@type\":\"PropertyValueSpecification\",\"valueRequired\":true,\"valueName\":\"search_term_string\"}}],\"inLanguage\":\"hu\"}]}<\/script>\n<!-- \/ Yoast SEO plugin. -->","yoast_head_json":{"title":"Alkalmaz\u00e1si tan\u00e1csok f\u0171t\u0151patronokhoz | ELEKTRON-ETTO","description":"Gyakorlati tan\u00e1csok f\u0171t\u0151patronok helyes be\u00e9p\u00edt\u00e9s\u00e9hez \u00e9s \u00fczemeltet\u00e9s\u00e9hez. N\u00f6velje f\u0171t\u0151elemei \u00e9lettartam\u00e1t szak\u00e9rt\u0151 \u00fatmutat\u00f3nkkal.","robots":{"index":"index","follow":"follow","max-snippet":"max-snippet:-1","max-image-preview":"max-image-preview:large","max-video-preview":"max-video-preview:-1"},"canonical":"https:\/\/www.etto.cz\/hu\/termekek\/futopatronok\/alkalmazasi-tanacsok-futopatronokhoz\/","og_locale":"hu_HU","og_type":"article","og_title":"Alkalmaz\u00e1si tan\u00e1csok f\u0171t\u0151patronokhoz | ELEKTRON-ETTO","og_description":"Gyakorlati tan\u00e1csok f\u0171t\u0151patronok helyes be\u00e9p\u00edt\u00e9s\u00e9hez \u00e9s \u00fczemeltet\u00e9s\u00e9hez. N\u00f6velje f\u0171t\u0151elemei \u00e9lettartam\u00e1t szak\u00e9rt\u0151 \u00fatmutat\u00f3nkkal.","og_url":"https:\/\/www.etto.cz\/hu\/termekek\/futopatronok\/alkalmazasi-tanacsok-futopatronokhoz\/","og_site_name":"ETTO","article_modified_time":"2026-02-24T15:22:46+00:00","og_image":[{"url":"https:\/\/www.etto.cz\/hu\/wp-content\/gallery\/prumyslova-telesa\/teleso-kotel.jpg","type":"","width":"","height":""}],"twitter_card":"summary_large_image","twitter_misc":{"Becs\u00fclt olvas\u00e1si id\u0151":"3 perc"},"schema":{"@context":"https:\/\/schema.org","@graph":[{"@type":"WebPage","@id":"https:\/\/www.etto.cz\/elektricka-topna-telesa\/topne-patrony\/doporuceni-pro-uzivani-topnych-patron\/","url":"https:\/\/www.etto.cz\/elektricka-topna-telesa\/topne-patrony\/doporuceni-pro-uzivani-topnych-patron\/","name":"Alkalmaz\u00e1si tan\u00e1csok f\u0171t\u0151patronokhoz | ELEKTRON-ETTO","isPartOf":{"@id":"https:\/\/www.etto.cz\/#website"},"datePublished":"2018-03-14T14:16:20+00:00","dateModified":"2026-02-24T15:22:46+00:00","description":"Gyakorlati tan\u00e1csok f\u0171t\u0151patronok helyes be\u00e9p\u00edt\u00e9s\u00e9hez \u00e9s \u00fczemeltet\u00e9s\u00e9hez. N\u00f6velje f\u0171t\u0151elemei \u00e9lettartam\u00e1t szak\u00e9rt\u0151 \u00fatmutat\u00f3nkkal.","breadcrumb":{"@id":"https:\/\/www.etto.cz\/elektricka-topna-telesa\/topne-patrony\/doporuceni-pro-uzivani-topnych-patron\/#breadcrumb"},"inLanguage":"hu","potentialAction":[{"@type":"ReadAction","target":["https:\/\/www.etto.cz\/elektricka-topna-telesa\/topne-patrony\/doporuceni-pro-uzivani-topnych-patron\/"]}]},{"@type":"BreadcrumbList","@id":"https:\/\/www.etto.cz\/elektricka-topna-telesa\/topne-patrony\/doporuceni-pro-uzivani-topnych-patron\/#breadcrumb","itemListElement":[{"@type":"ListItem","position":1,"name":"Dom\u016f","item":"https:\/\/www.etto.cz\/"},{"@type":"ListItem","position":2,"name":"Elektromos f\u0171t\u0151elemek &#8211; Term\u00e9kek","item":"https:\/\/www.etto.cz\/elektricka-topna-telesa\/"},{"@type":"ListItem","position":3,"name":"F\u0171t\u0151patronok","item":"https:\/\/www.etto.cz\/elektricka-topna-telesa\/topne-patrony\/"},{"@type":"ListItem","position":4,"name":"Alkalmaz\u00e1si tan\u00e1csok f\u0171t\u0151patronokhoz"}]},{"@type":"WebSite","@id":"https:\/\/www.etto.cz\/#website","url":"https:\/\/www.etto.cz\/","name":"ETTO","description":"V\u00fdroba elektrick\u00fdch topn\u00fdch t\u011bles","potentialAction":[{"@type":"SearchAction","target":{"@type":"EntryPoint","urlTemplate":"https:\/\/www.etto.cz\/?s={search_term_string}"},"query-input":{"@type":"PropertyValueSpecification","valueRequired":true,"valueName":"search_term_string"}}],"inLanguage":"hu"}]}},"_links":{"self":[{"href":"https:\/\/www.etto.cz\/hu\/wp-json\/wp\/v2\/pages\/5746","targetHints":{"allow":["GET"]}}],"collection":[{"href":"https:\/\/www.etto.cz\/hu\/wp-json\/wp\/v2\/pages"}],"about":[{"href":"https:\/\/www.etto.cz\/hu\/wp-json\/wp\/v2\/types\/page"}],"author":[{"embeddable":true,"href":"https:\/\/www.etto.cz\/hu\/wp-json\/wp\/v2\/users\/1"}],"replies":[{"embeddable":true,"href":"https:\/\/www.etto.cz\/hu\/wp-json\/wp\/v2\/comments?post=5746"}],"version-history":[{"count":1,"href":"https:\/\/www.etto.cz\/hu\/wp-json\/wp\/v2\/pages\/5746\/revisions"}],"predecessor-version":[{"id":5894,"href":"https:\/\/www.etto.cz\/hu\/wp-json\/wp\/v2\/pages\/5746\/revisions\/5894"}],"up":[{"embeddable":true,"href":"https:\/\/www.etto.cz\/hu\/wp-json\/wp\/v2\/pages\/5823"}],"wp:attachment":[{"href":"https:\/\/www.etto.cz\/hu\/wp-json\/wp\/v2\/media?parent=5746"}],"curies":[{"name":"wp","href":"https:\/\/api.w.org\/{rel}","templated":true}]}}