{"id":5747,"date":"2018-03-14T15:16:05","date_gmt":"2018-03-14T14:16:05","guid":{"rendered":"https:\/\/www.etto.cz\/table-of-recommended-parameters\/"},"modified":"2026-02-24T16:23:37","modified_gmt":"2026-02-24T15:23:37","slug":"ajanlott-parameterek-tablazata","status":"publish","type":"page","link":"https:\/\/www.etto.cz\/hu\/termekek\/futopatronok\/ajanlott-parameterek-tablazata\/","title":{"rendered":"Aj\u00e1nlott param\u00e9terek t\u00e1bl\u00e1zata"},"content":{"rendered":"<ul>\n<li><a href=\"\/wp-content\/uploads\/2015\/05\/doporuceni-pro-uzivani-topnych-patron.pdf\" target=\"_blank\" rel=\"noopener noreferrer\">Aj\u00e1nl\u00e1sok f\u0171t\u0151patronok haszn\u00e1lat\u00e1hoz<\/a><\/li>\n<li><a href=\"\/wp-content\/uploads\/2015\/05\/standardni-elektricke-pripojen-patron.pdf\" target=\"_blank\" rel=\"noopener noreferrer\">F\u0171t\u0151patronok szabv\u00e1nyos elektromos csatlakoztat\u00e1sa<\/a><\/li>\n<li><a href=\"\/wp-content\/uploads\/2015\/05\/standardni-zpusoby-uchynceni-patron-priruby.pdf\" target=\"_blank\" rel=\"noopener noreferrer\">F\u0171t\u0151patronok szabv\u00e1nyos r\u00f6gz\u00edt\u00e9si m\u00f3djai (karim\u00e1k).<\/a><\/li>\n<\/ul>\n","protected":false},"excerpt":{"rendered":"<p>Aj\u00e1nl\u00e1sok f\u0171t\u0151patronok haszn\u00e1lat\u00e1hoz F\u0171t\u0151patronok szabv\u00e1nyos elektromos csatlakoztat\u00e1sa F\u0171t\u0151patronok szabv\u00e1nyos r\u00f6gz\u00edt\u00e9si m\u00f3djai (karim\u00e1k).<\/p>\n","protected":false},"author":1,"featured_media":0,"parent":5823,"menu_order":0,"comment_status":"open","ping_status":"open","template":"_page-menu.php","meta":{"_acf_changed":false,"ngg_post_thumbnail":0,"footnotes":"","_links_to":"","_links_to_target":""},"class_list":["post-5747","page","type-page","status-publish","hentry"],"acf":[],"yoast_head":"<!-- This site is optimized with the Yoast SEO plugin v27.3 - https:\/\/yoast.com\/product\/yoast-seo-wordpress\/ -->\n<title>Aj\u00e1nlott param\u00e9terek t\u00e1bl\u00e1zata f\u0171t\u0151patronokhoz | ELEKTRON-ETTO<\/title>\n<meta name=\"description\" content=\"F\u0171t\u0151patronok aj\u00e1nlott param\u00e9terei \u2013 teljes\u00edtm\u00e9nys\u0171r\u0171s\u00e9g, h\u0151m\u00e9rs\u00e9klet \u00e9s be\u00e9p\u00edt\u00e9si \u00fatmutat\u00f3. Seg\u00edts\u00e9g az optim\u00e1lis f\u0171t\u0151patron kiv\u00e1laszt\u00e1s\u00e1hoz.\" \/>\n<meta name=\"robots\" content=\"index, follow, max-snippet:-1, max-image-preview:large, max-video-preview:-1\" \/>\n<link rel=\"canonical\" href=\"https:\/\/www.etto.cz\/hu\/termekek\/futopatronok\/ajanlott-parameterek-tablazata\/\" \/>\n<meta property=\"og:locale\" content=\"hu_HU\" \/>\n<meta property=\"og:type\" content=\"article\" \/>\n<meta property=\"og:title\" content=\"Aj\u00e1nlott param\u00e9terek t\u00e1bl\u00e1zata f\u0171t\u0151patronokhoz | ELEKTRON-ETTO\" \/>\n<meta property=\"og:description\" content=\"F\u0171t\u0151patronok aj\u00e1nlott param\u00e9terei \u2013 teljes\u00edtm\u00e9nys\u0171r\u0171s\u00e9g, h\u0151m\u00e9rs\u00e9klet \u00e9s be\u00e9p\u00edt\u00e9si \u00fatmutat\u00f3. Seg\u00edts\u00e9g az optim\u00e1lis f\u0171t\u0151patron kiv\u00e1laszt\u00e1s\u00e1hoz.\" \/>\n<meta property=\"og:url\" content=\"https:\/\/www.etto.cz\/hu\/termekek\/futopatronok\/ajanlott-parameterek-tablazata\/\" \/>\n<meta property=\"og:site_name\" content=\"ETTO\" \/>\n<meta property=\"article:modified_time\" content=\"2026-02-24T15:23:37+00:00\" \/>\n<meta property=\"og:image\" content=\"https:\/\/www.etto.cz\/hu\/wp-content\/gallery\/prumyslova-telesa\/teleso-kotel.jpg\" \/>\n<meta name=\"twitter:card\" content=\"summary_large_image\" \/>\n<script type=\"application\/ld+json\" class=\"yoast-schema-graph\">{\"@context\":\"https:\\\/\\\/schema.org\",\"@graph\":[{\"@type\":\"WebPage\",\"@id\":\"https:\\\/\\\/www.etto.cz\\\/elektricka-topna-telesa\\\/topne-patrony\\\/tabulka-doporucenych-parametru\\\/\",\"url\":\"https:\\\/\\\/www.etto.cz\\\/elektricka-topna-telesa\\\/topne-patrony\\\/tabulka-doporucenych-parametru\\\/\",\"name\":\"Aj\u00e1nlott param\u00e9terek t\u00e1bl\u00e1zata f\u0171t\u0151patronokhoz | ELEKTRON-ETTO\",\"isPartOf\":{\"@id\":\"https:\\\/\\\/www.etto.cz\\\/#website\"},\"datePublished\":\"2018-03-14T14:16:05+00:00\",\"dateModified\":\"2026-02-24T15:23:37+00:00\",\"description\":\"F\u0171t\u0151patronok aj\u00e1nlott param\u00e9terei \u2013 teljes\u00edtm\u00e9nys\u0171r\u0171s\u00e9g, h\u0151m\u00e9rs\u00e9klet \u00e9s be\u00e9p\u00edt\u00e9si \u00fatmutat\u00f3. Seg\u00edts\u00e9g az optim\u00e1lis f\u0171t\u0151patron kiv\u00e1laszt\u00e1s\u00e1hoz.\",\"breadcrumb\":{\"@id\":\"https:\\\/\\\/www.etto.cz\\\/elektricka-topna-telesa\\\/topne-patrony\\\/tabulka-doporucenych-parametru\\\/#breadcrumb\"},\"inLanguage\":\"hu\",\"potentialAction\":[{\"@type\":\"ReadAction\",\"target\":[\"https:\\\/\\\/www.etto.cz\\\/elektricka-topna-telesa\\\/topne-patrony\\\/tabulka-doporucenych-parametru\\\/\"]}]},{\"@type\":\"BreadcrumbList\",\"@id\":\"https:\\\/\\\/www.etto.cz\\\/elektricka-topna-telesa\\\/topne-patrony\\\/tabulka-doporucenych-parametru\\\/#breadcrumb\",\"itemListElement\":[{\"@type\":\"ListItem\",\"position\":1,\"name\":\"Dom\u016f\",\"item\":\"https:\\\/\\\/www.etto.cz\\\/\"},{\"@type\":\"ListItem\",\"position\":2,\"name\":\"Elektromos f\u0171t\u0151elemek &#8211; Term\u00e9kek\",\"item\":\"https:\\\/\\\/www.etto.cz\\\/elektricka-topna-telesa\\\/\"},{\"@type\":\"ListItem\",\"position\":3,\"name\":\"F\u0171t\u0151patronok\",\"item\":\"https:\\\/\\\/www.etto.cz\\\/elektricka-topna-telesa\\\/topne-patrony\\\/\"},{\"@type\":\"ListItem\",\"position\":4,\"name\":\"Aj\u00e1nlott param\u00e9terek t\u00e1bl\u00e1zata\"}]},{\"@type\":\"WebSite\",\"@id\":\"https:\\\/\\\/www.etto.cz\\\/#website\",\"url\":\"https:\\\/\\\/www.etto.cz\\\/\",\"name\":\"ETTO\",\"description\":\"V\u00fdroba elektrick\u00fdch topn\u00fdch t\u011bles\",\"potentialAction\":[{\"@type\":\"SearchAction\",\"target\":{\"@type\":\"EntryPoint\",\"urlTemplate\":\"https:\\\/\\\/www.etto.cz\\\/?s={search_term_string}\"},\"query-input\":{\"@type\":\"PropertyValueSpecification\",\"valueRequired\":true,\"valueName\":\"search_term_string\"}}],\"inLanguage\":\"hu\"}]}<\/script>\n<!-- \/ Yoast SEO plugin. -->","yoast_head_json":{"title":"Aj\u00e1nlott param\u00e9terek t\u00e1bl\u00e1zata f\u0171t\u0151patronokhoz | ELEKTRON-ETTO","description":"F\u0171t\u0151patronok aj\u00e1nlott param\u00e9terei \u2013 teljes\u00edtm\u00e9nys\u0171r\u0171s\u00e9g, h\u0151m\u00e9rs\u00e9klet \u00e9s be\u00e9p\u00edt\u00e9si \u00fatmutat\u00f3. Seg\u00edts\u00e9g az optim\u00e1lis f\u0171t\u0151patron kiv\u00e1laszt\u00e1s\u00e1hoz.","robots":{"index":"index","follow":"follow","max-snippet":"max-snippet:-1","max-image-preview":"max-image-preview:large","max-video-preview":"max-video-preview:-1"},"canonical":"https:\/\/www.etto.cz\/hu\/termekek\/futopatronok\/ajanlott-parameterek-tablazata\/","og_locale":"hu_HU","og_type":"article","og_title":"Aj\u00e1nlott param\u00e9terek t\u00e1bl\u00e1zata f\u0171t\u0151patronokhoz | ELEKTRON-ETTO","og_description":"F\u0171t\u0151patronok aj\u00e1nlott param\u00e9terei \u2013 teljes\u00edtm\u00e9nys\u0171r\u0171s\u00e9g, h\u0151m\u00e9rs\u00e9klet \u00e9s be\u00e9p\u00edt\u00e9si \u00fatmutat\u00f3. Seg\u00edts\u00e9g az optim\u00e1lis f\u0171t\u0151patron kiv\u00e1laszt\u00e1s\u00e1hoz.","og_url":"https:\/\/www.etto.cz\/hu\/termekek\/futopatronok\/ajanlott-parameterek-tablazata\/","og_site_name":"ETTO","article_modified_time":"2026-02-24T15:23:37+00:00","og_image":[{"url":"https:\/\/www.etto.cz\/hu\/wp-content\/gallery\/prumyslova-telesa\/teleso-kotel.jpg","type":"","width":"","height":""}],"twitter_card":"summary_large_image","schema":{"@context":"https:\/\/schema.org","@graph":[{"@type":"WebPage","@id":"https:\/\/www.etto.cz\/elektricka-topna-telesa\/topne-patrony\/tabulka-doporucenych-parametru\/","url":"https:\/\/www.etto.cz\/elektricka-topna-telesa\/topne-patrony\/tabulka-doporucenych-parametru\/","name":"Aj\u00e1nlott param\u00e9terek t\u00e1bl\u00e1zata f\u0171t\u0151patronokhoz | ELEKTRON-ETTO","isPartOf":{"@id":"https:\/\/www.etto.cz\/#website"},"datePublished":"2018-03-14T14:16:05+00:00","dateModified":"2026-02-24T15:23:37+00:00","description":"F\u0171t\u0151patronok aj\u00e1nlott param\u00e9terei \u2013 teljes\u00edtm\u00e9nys\u0171r\u0171s\u00e9g, h\u0151m\u00e9rs\u00e9klet \u00e9s be\u00e9p\u00edt\u00e9si \u00fatmutat\u00f3. Seg\u00edts\u00e9g az optim\u00e1lis f\u0171t\u0151patron kiv\u00e1laszt\u00e1s\u00e1hoz.","breadcrumb":{"@id":"https:\/\/www.etto.cz\/elektricka-topna-telesa\/topne-patrony\/tabulka-doporucenych-parametru\/#breadcrumb"},"inLanguage":"hu","potentialAction":[{"@type":"ReadAction","target":["https:\/\/www.etto.cz\/elektricka-topna-telesa\/topne-patrony\/tabulka-doporucenych-parametru\/"]}]},{"@type":"BreadcrumbList","@id":"https:\/\/www.etto.cz\/elektricka-topna-telesa\/topne-patrony\/tabulka-doporucenych-parametru\/#breadcrumb","itemListElement":[{"@type":"ListItem","position":1,"name":"Dom\u016f","item":"https:\/\/www.etto.cz\/"},{"@type":"ListItem","position":2,"name":"Elektromos f\u0171t\u0151elemek &#8211; Term\u00e9kek","item":"https:\/\/www.etto.cz\/elektricka-topna-telesa\/"},{"@type":"ListItem","position":3,"name":"F\u0171t\u0151patronok","item":"https:\/\/www.etto.cz\/elektricka-topna-telesa\/topne-patrony\/"},{"@type":"ListItem","position":4,"name":"Aj\u00e1nlott param\u00e9terek t\u00e1bl\u00e1zata"}]},{"@type":"WebSite","@id":"https:\/\/www.etto.cz\/#website","url":"https:\/\/www.etto.cz\/","name":"ETTO","description":"V\u00fdroba elektrick\u00fdch topn\u00fdch t\u011bles","potentialAction":[{"@type":"SearchAction","target":{"@type":"EntryPoint","urlTemplate":"https:\/\/www.etto.cz\/?s={search_term_string}"},"query-input":{"@type":"PropertyValueSpecification","valueRequired":true,"valueName":"search_term_string"}}],"inLanguage":"hu"}]}},"_links":{"self":[{"href":"https:\/\/www.etto.cz\/hu\/wp-json\/wp\/v2\/pages\/5747","targetHints":{"allow":["GET"]}}],"collection":[{"href":"https:\/\/www.etto.cz\/hu\/wp-json\/wp\/v2\/pages"}],"about":[{"href":"https:\/\/www.etto.cz\/hu\/wp-json\/wp\/v2\/types\/page"}],"author":[{"embeddable":true,"href":"https:\/\/www.etto.cz\/hu\/wp-json\/wp\/v2\/users\/1"}],"replies":[{"embeddable":true,"href":"https:\/\/www.etto.cz\/hu\/wp-json\/wp\/v2\/comments?post=5747"}],"version-history":[{"count":1,"href":"https:\/\/www.etto.cz\/hu\/wp-json\/wp\/v2\/pages\/5747\/revisions"}],"predecessor-version":[{"id":5895,"href":"https:\/\/www.etto.cz\/hu\/wp-json\/wp\/v2\/pages\/5747\/revisions\/5895"}],"up":[{"embeddable":true,"href":"https:\/\/www.etto.cz\/hu\/wp-json\/wp\/v2\/pages\/5823"}],"wp:attachment":[{"href":"https:\/\/www.etto.cz\/hu\/wp-json\/wp\/v2\/media?parent=5747"}],"curies":[{"name":"wp","href":"https:\/\/api.w.org\/{rel}","templated":true}]}}