{"id":5748,"date":"2018-03-14T15:15:45","date_gmt":"2018-03-14T14:15:45","guid":{"rendered":"https:\/\/www.etto.cz\/products\/"},"modified":"2026-02-25T10:52:50","modified_gmt":"2026-02-25T09:52:50","slug":"termekek","status":"publish","type":"page","link":"https:\/\/www.etto.cz\/hu\/termekek\/","title":{"rendered":"Elektromos f\u0171t\u0151elemek &#8211; Term\u00e9kek"},"content":{"rendered":"<p style=\"font-size: 16px;\">ELEKTRON-ETTO,s.r.o. kereskedelmi, ipari vagy egy\u00e9b speci\u00e1lis alkalmaz\u00e1sokhoz haszn\u00e1lt elektromos f\u0171t\u0151elemeket tervez \u00e9s gy\u00e1rt.<\/p>\n<div class=\"sub-menu\">            <a href=\"https:\/\/www.etto.cz\/hu\/termekek\/futopatronok\/\" class=\"subitem\">\n                <span class=\"img\">\n                    <img decoding=\"async\" src=\"https:\/\/www.etto.cz\/wp-content\/uploads\/2015\/05\/topne-patrony-153x153.jpg\" alt=\"F\u0171t\u0151patronok\" loading=\"lazy\" \/>\n                    <span><em>F\u0171t\u0151patronok<\/em><\/span>\n                <\/span>\n                <strong>F\u0171t\u0151patronok<\/strong>\n            <\/a>\n                        <a href=\"https:\/\/www.etto.cz\/hu\/termekek\/csofutotestek\/\" class=\"subitem\">\n                <span class=\"img\">\n                    <img decoding=\"async\" src=\"https:\/\/www.etto.cz\/wp-content\/uploads\/2015\/05\/trubkova-topna-telesa-153x153.jpg\" alt=\"Cs\u0151f\u0171t\u0151testek\" loading=\"lazy\" \/>\n                    <span><em>Cs\u0151f\u0171t\u0151testek<\/em><\/span>\n                <\/span>\n                <strong>Cs\u0151f\u0171t\u0151testek<\/strong>\n            <\/a>\n                        <a href=\"https:\/\/www.etto.cz\/hu\/termekek\/lapos-csofutotestek\/\" class=\"subitem\">\n                <span class=\"img\">\n                    <img decoding=\"async\" src=\"https:\/\/www.etto.cz\/wp-content\/uploads\/2016\/12\/maximka_b2-153x153.jpg\" alt=\"Lapos cs\u0151f\u0171t\u0151testek\" loading=\"lazy\" \/>\n                    <span><em>Lapos cs\u0151f\u0171t\u0151testek<\/em><\/span>\n                <\/span>\n                <strong>Lapos cs\u0151f\u0171t\u0151testek<\/strong>\n            <\/a>\n                        <a href=\"https:\/\/www.etto.cz\/hu\/termekek\/futoszalagok-es-futomandzsettek\/\" class=\"subitem\">\n                <span class=\"img\">\n                    <img decoding=\"async\" src=\"https:\/\/www.etto.cz\/wp-content\/uploads\/2016\/12\/topne_pasy-153x127.jpg\" alt=\"F\u0171t\u0151szalagok \u00e9s f\u0171t\u0151mandzsettek\" loading=\"lazy\" \/>\n                    <span><em>F\u0171t\u0151szalagok \u00e9s f\u0171t\u0151mandzsettek<\/em><\/span>\n                <\/span>\n                <strong>F\u0171t\u0151szalagok \u00e9s f\u0171t\u0151mandzsettek<\/strong>\n            <\/a>\n                        <a href=\"https:\/\/www.etto.cz\/hu\/futoelemek-felhasznalasi-cel-szerint\/mez-felmelegitese\/\" class=\"subitem\">\n                <span class=\"img\">\n                    <img decoding=\"async\" src=\"https:\/\/www.etto.cz\/wp-content\/uploads\/2016\/12\/tm1-153x135.jpg\" alt=\"M\u00e9z felmeleg\u00edt\u00e9se\" loading=\"lazy\" \/>\n                    <span><em>M\u00e9z felmeleg\u00edt\u00e9se<\/em><\/span>\n                <\/span>\n                <strong>M\u00e9z felmeleg\u00edt\u00e9se<\/strong>\n            <\/a>\n                        <a href=\"https:\/\/www.etto.cz\/hu\/anyagok-futese\/infrafutes\/\" class=\"subitem\">\n                <span class=\"img\">\n                    <img decoding=\"async\" src=\"https:\/\/www.etto.cz\/wp-content\/uploads\/2020\/02\/infra_panel-153x153.png\" alt=\"Infraf\u0171t\u00e9s\" loading=\"lazy\" \/>\n                    <span><em>Infraf\u0171t\u00e9s<\/em><\/span>\n                <\/span>\n                <strong>Infraf\u0171t\u00e9s<\/strong>\n            <\/a>\n                        <a href=\"https:\/\/www.etto.cz\/hu\/termekek\/nyilt-huzalos-futoelemek-keramia-csillaim\/\" class=\"subitem\">\n                <span class=\"img\">\n                    <img decoding=\"async\" src=\"https:\/\/www.etto.cz\/wp-content\/uploads\/2016\/12\/spirala-3-153x124.jpg\" alt=\"Ny\u00edlt huzalos f\u0171t\u0151elemek (ker\u00e1mia, csill\u00e1m)\" loading=\"lazy\" \/>\n                    <span><em>Ny\u00edlt huzalos f\u0171t\u0151elemek (ker\u00e1mia, csill\u00e1m)<\/em><\/span>\n                <\/span>\n                <strong>Ny\u00edlt huzalos f\u0171t\u0151elemek (ker\u00e1mia, csill\u00e1m)<\/strong>\n            <\/a>\n                        <a href=\"https:\/\/www.etto.cz\/hu\/futoelemek-felhasznalasi-cel-szerint\/ipari-futotestek\/\" class=\"subitem\">\n                <span class=\"img\">\n                    <img decoding=\"async\" src=\"https:\/\/www.etto.cz\/wp-content\/uploads\/2016\/12\/ohrev_vzduchu_potrubi-153x153.jpg\" alt=\"Ipari f\u0171t\u0151testek\" loading=\"lazy\" \/>\n                    <span><em>Ipari f\u0171t\u0151testek<\/em><\/span>\n                <\/span>\n                <strong>Ipari f\u0171t\u0151testek<\/strong>\n            <\/a>\n                        <a href=\"https:\/\/www.etto.cz\/hu\/futoelemek-felhasznalasi-cel-szerint\/furdoszobai-radiator-futotestek\/\" class=\"subitem\">\n                <span class=\"img\">\n                    <img decoding=\"async\" src=\"https:\/\/www.etto.cz\/wp-content\/uploads\/2016\/12\/z1-153x153.png\" alt=\"F\u00fcrd\u0151szobai radi\u00e1tor f\u0171t\u0151testek\" loading=\"lazy\" \/>\n                    <span><em>F\u00fcrd\u0151szobai radi\u00e1tor f\u0171t\u0151testek<\/em><\/span>\n                <\/span>\n                <strong>F\u00fcrd\u0151szobai radi\u00e1tor f\u0171t\u0151testek<\/strong>\n            <\/a>\n                        <a href=\"https:\/\/www.etto.cz\/hu\/mintak-a-gyartasbol\/\" class=\"subitem\">\n                <span class=\"img\">\n                    <img decoding=\"async\" src=\"https:\/\/www.etto.cz\/wp-content\/uploads\/2020\/02\/vyroba-153x153.jpg\" alt=\"Mint\u00e1k a gy\u00e1rt\u00e1sb\u00f3l\" loading=\"lazy\" \/>\n                    <span><em>Mint\u00e1k a gy\u00e1rt\u00e1sb\u00f3l<\/em><\/span>\n                <\/span>\n                <strong>Mint\u00e1k a gy\u00e1rt\u00e1sb\u00f3l<\/strong>\n            <\/a>\n                        <a href=\"https:\/\/www.etto.cz\/hu\/futoelemek-felhasznalasi-cel-szerint\/vegyszeres-kozegben-hasznalhato-futotestek\/\" class=\"subitem\">\n                <span class=\"img\">\n                    <img decoding=\"async\" src=\"https:\/\/www.etto.cz\/wp-content\/uploads\/2025\/04\/popular_3kw-153x96.jpg\" alt=\"Vegyszeres k\u00f6zegben haszn\u00e1lhat\u00f3 f\u0171t\u0151testek\" loading=\"lazy\" \/>\n                    <span><em>Vegyszeres k\u00f6zegben haszn\u00e1lhat\u00f3 f\u0171t\u0151testek<\/em><\/span>\n                <\/span>\n                <strong>Vegyszeres k\u00f6zegben haszn\u00e1lhat\u00f3 f\u0171t\u0151testek<\/strong>\n            <\/a>\n            <\/div>\n\n\n<p><\/p>\n","protected":false},"excerpt":{"rendered":"<p>ELEKTRON-ETTO,s.r.o. kereskedelmi, ipari vagy egy\u00e9b speci\u00e1lis alkalmaz\u00e1sokhoz haszn\u00e1lt elektromos f\u0171t\u0151elemeket tervez \u00e9s gy\u00e1rt.<\/p>\n","protected":false},"author":1,"featured_media":0,"parent":0,"menu_order":0,"comment_status":"open","ping_status":"open","template":"_page-menu.php","meta":{"_acf_changed":false,"ngg_post_thumbnail":0,"footnotes":"","_links_to":"","_links_to_target":""},"class_list":["post-5748","page","type-page","status-publish","hentry"],"acf":[],"yoast_head":"<!-- This site is optimized with the Yoast SEO plugin v27.3 - https:\/\/yoast.com\/product\/yoast-seo-wordpress\/ -->\n<title>Elektromos f\u0171t\u0151elemek \u2013 term\u00e9kek | ELEKTRON-ETTO<\/title>\n<meta name=\"description\" content=\"Elektromos ellen\u00e1ll\u00e1s-f\u0171t\u0151testek teljes k\u00edn\u00e1lata: f\u0171t\u0151patronok, cs\u0151f\u0171t\u0151testek, f\u0171t\u0151szalagok, f\u0171t\u0151mandzsettek \u00e9s ker\u00e1mia f\u0171t\u0151elemek.\" \/>\n<meta name=\"robots\" content=\"index, follow, max-snippet:-1, max-image-preview:large, max-video-preview:-1\" \/>\n<link rel=\"canonical\" href=\"https:\/\/www.etto.cz\/hu\/futoelemek-felhasznalasi-cel-szerint\/vegyszeres-kozegben-hasznalhato-futotestek\/\" \/>\n<meta property=\"og:locale\" content=\"hu_HU\" \/>\n<meta property=\"og:type\" content=\"article\" \/>\n<meta property=\"og:title\" content=\"Elektromos f\u0171t\u0151elemek \u2013 term\u00e9kek | ELEKTRON-ETTO\" \/>\n<meta property=\"og:description\" content=\"Elektromos ellen\u00e1ll\u00e1s-f\u0171t\u0151testek teljes k\u00edn\u00e1lata: f\u0171t\u0151patronok, cs\u0151f\u0171t\u0151testek, f\u0171t\u0151szalagok, f\u0171t\u0151mandzsettek \u00e9s ker\u00e1mia f\u0171t\u0151elemek.\" \/>\n<meta property=\"og:url\" content=\"https:\/\/www.etto.cz\/hu\/futoelemek-felhasznalasi-cel-szerint\/vegyszeres-kozegben-hasznalhato-futotestek\/\" \/>\n<meta property=\"og:site_name\" content=\"ETTO\" \/>\n<meta property=\"article:modified_time\" content=\"2026-02-25T09:52:50+00:00\" \/>\n<meta property=\"og:image\" content=\"https:\/\/www.etto.cz\/hu\/wp-content\/gallery\/prumyslova-telesa\/teleso-kotel.jpg\" \/>\n<meta name=\"twitter:card\" content=\"summary_large_image\" \/>\n<script type=\"application\/ld+json\" class=\"yoast-schema-graph\">{\"@context\":\"https:\\\/\\\/schema.org\",\"@graph\":[{\"@type\":\"WebPage\",\"@id\":\"https:\\\/\\\/www.etto.cz\\\/elektricka-topna-telesa\\\/\",\"url\":\"https:\\\/\\\/www.etto.cz\\\/elektricka-topna-telesa\\\/\",\"name\":\"Elektromos f\u0171t\u0151elemek \u2013 term\u00e9kek | ELEKTRON-ETTO\",\"isPartOf\":{\"@id\":\"https:\\\/\\\/www.etto.cz\\\/#website\"},\"datePublished\":\"2018-03-14T14:15:45+00:00\",\"dateModified\":\"2026-02-25T09:52:50+00:00\",\"description\":\"Elektromos ellen\u00e1ll\u00e1s-f\u0171t\u0151testek teljes k\u00edn\u00e1lata: f\u0171t\u0151patronok, cs\u0151f\u0171t\u0151testek, f\u0171t\u0151szalagok, f\u0171t\u0151mandzsettek \u00e9s ker\u00e1mia f\u0171t\u0151elemek.\",\"breadcrumb\":{\"@id\":\"https:\\\/\\\/www.etto.cz\\\/elektricka-topna-telesa\\\/#breadcrumb\"},\"inLanguage\":\"hu\",\"potentialAction\":[{\"@type\":\"ReadAction\",\"target\":[\"https:\\\/\\\/www.etto.cz\\\/elektricka-topna-telesa\\\/\"]}]},{\"@type\":\"BreadcrumbList\",\"@id\":\"https:\\\/\\\/www.etto.cz\\\/elektricka-topna-telesa\\\/#breadcrumb\",\"itemListElement\":[{\"@type\":\"ListItem\",\"position\":1,\"name\":\"Dom\u016f\",\"item\":\"https:\\\/\\\/www.etto.cz\\\/\"},{\"@type\":\"ListItem\",\"position\":2,\"name\":\"Elektromos f\u0171t\u0151elemek &#8211; Term\u00e9kek\"}]},{\"@type\":\"WebSite\",\"@id\":\"https:\\\/\\\/www.etto.cz\\\/#website\",\"url\":\"https:\\\/\\\/www.etto.cz\\\/\",\"name\":\"ETTO\",\"description\":\"V\u00fdroba elektrick\u00fdch topn\u00fdch t\u011bles\",\"potentialAction\":[{\"@type\":\"SearchAction\",\"target\":{\"@type\":\"EntryPoint\",\"urlTemplate\":\"https:\\\/\\\/www.etto.cz\\\/?s={search_term_string}\"},\"query-input\":{\"@type\":\"PropertyValueSpecification\",\"valueRequired\":true,\"valueName\":\"search_term_string\"}}],\"inLanguage\":\"hu\"}]}<\/script>\n<!-- \/ Yoast SEO plugin. -->","yoast_head_json":{"title":"Elektromos f\u0171t\u0151elemek \u2013 term\u00e9kek | ELEKTRON-ETTO","description":"Elektromos ellen\u00e1ll\u00e1s-f\u0171t\u0151testek teljes k\u00edn\u00e1lata: f\u0171t\u0151patronok, cs\u0151f\u0171t\u0151testek, f\u0171t\u0151szalagok, f\u0171t\u0151mandzsettek \u00e9s ker\u00e1mia f\u0171t\u0151elemek.","robots":{"index":"index","follow":"follow","max-snippet":"max-snippet:-1","max-image-preview":"max-image-preview:large","max-video-preview":"max-video-preview:-1"},"canonical":"https:\/\/www.etto.cz\/hu\/futoelemek-felhasznalasi-cel-szerint\/vegyszeres-kozegben-hasznalhato-futotestek\/","og_locale":"hu_HU","og_type":"article","og_title":"Elektromos f\u0171t\u0151elemek \u2013 term\u00e9kek | ELEKTRON-ETTO","og_description":"Elektromos ellen\u00e1ll\u00e1s-f\u0171t\u0151testek teljes k\u00edn\u00e1lata: f\u0171t\u0151patronok, cs\u0151f\u0171t\u0151testek, f\u0171t\u0151szalagok, f\u0171t\u0151mandzsettek \u00e9s ker\u00e1mia f\u0171t\u0151elemek.","og_url":"https:\/\/www.etto.cz\/hu\/futoelemek-felhasznalasi-cel-szerint\/vegyszeres-kozegben-hasznalhato-futotestek\/","og_site_name":"ETTO","article_modified_time":"2026-02-25T09:52:50+00:00","og_image":[{"url":"https:\/\/www.etto.cz\/hu\/wp-content\/gallery\/prumyslova-telesa\/teleso-kotel.jpg","type":"","width":"","height":""}],"twitter_card":"summary_large_image","schema":{"@context":"https:\/\/schema.org","@graph":[{"@type":"WebPage","@id":"https:\/\/www.etto.cz\/elektricka-topna-telesa\/","url":"https:\/\/www.etto.cz\/elektricka-topna-telesa\/","name":"Elektromos f\u0171t\u0151elemek \u2013 term\u00e9kek | ELEKTRON-ETTO","isPartOf":{"@id":"https:\/\/www.etto.cz\/#website"},"datePublished":"2018-03-14T14:15:45+00:00","dateModified":"2026-02-25T09:52:50+00:00","description":"Elektromos ellen\u00e1ll\u00e1s-f\u0171t\u0151testek teljes k\u00edn\u00e1lata: f\u0171t\u0151patronok, cs\u0151f\u0171t\u0151testek, f\u0171t\u0151szalagok, f\u0171t\u0151mandzsettek \u00e9s ker\u00e1mia f\u0171t\u0151elemek.","breadcrumb":{"@id":"https:\/\/www.etto.cz\/elektricka-topna-telesa\/#breadcrumb"},"inLanguage":"hu","potentialAction":[{"@type":"ReadAction","target":["https:\/\/www.etto.cz\/elektricka-topna-telesa\/"]}]},{"@type":"BreadcrumbList","@id":"https:\/\/www.etto.cz\/elektricka-topna-telesa\/#breadcrumb","itemListElement":[{"@type":"ListItem","position":1,"name":"Dom\u016f","item":"https:\/\/www.etto.cz\/"},{"@type":"ListItem","position":2,"name":"Elektromos f\u0171t\u0151elemek &#8211; Term\u00e9kek"}]},{"@type":"WebSite","@id":"https:\/\/www.etto.cz\/#website","url":"https:\/\/www.etto.cz\/","name":"ETTO","description":"V\u00fdroba elektrick\u00fdch topn\u00fdch t\u011bles","potentialAction":[{"@type":"SearchAction","target":{"@type":"EntryPoint","urlTemplate":"https:\/\/www.etto.cz\/?s={search_term_string}"},"query-input":{"@type":"PropertyValueSpecification","valueRequired":true,"valueName":"search_term_string"}}],"inLanguage":"hu"}]}},"_links":{"self":[{"href":"https:\/\/www.etto.cz\/hu\/wp-json\/wp\/v2\/pages\/5748","targetHints":{"allow":["GET"]}}],"collection":[{"href":"https:\/\/www.etto.cz\/hu\/wp-json\/wp\/v2\/pages"}],"about":[{"href":"https:\/\/www.etto.cz\/hu\/wp-json\/wp\/v2\/types\/page"}],"author":[{"embeddable":true,"href":"https:\/\/www.etto.cz\/hu\/wp-json\/wp\/v2\/users\/1"}],"replies":[{"embeddable":true,"href":"https:\/\/www.etto.cz\/hu\/wp-json\/wp\/v2\/comments?post=5748"}],"version-history":[{"count":4,"href":"https:\/\/www.etto.cz\/hu\/wp-json\/wp\/v2\/pages\/5748\/revisions"}],"predecessor-version":[{"id":6068,"href":"https:\/\/www.etto.cz\/hu\/wp-json\/wp\/v2\/pages\/5748\/revisions\/6068"}],"wp:attachment":[{"href":"https:\/\/www.etto.cz\/hu\/wp-json\/wp\/v2\/media?parent=5748"}],"curies":[{"name":"wp","href":"https:\/\/api.w.org\/{rel}","templated":true}]}}